{"id":560,"date":"2024-10-11T13:47:59","date_gmt":"2024-10-11T13:47:59","guid":{"rendered":"https:\/\/alfakher24h.de\/?page_id=560"},"modified":"2024-10-12T08:05:51","modified_gmt":"2024-10-12T08:05:51","slug":"eletkori-iranyelvek","status":"publish","type":"page","link":"https:\/\/alfakher24h.de\/hu\/eletkori-iranyelvek\/","title":{"rendered":"Korhat\u00e1r szab\u00e1lyok"},"content":{"rendered":"<p>Az Al Fakher 24h-n\u00e1l nagy hangs\u00falyt fektet\u00fcnk pr\u00e9mium eldobhat\u00f3 e-cigarett\u00e1ink felel\u0151s \u00e9s t\u00f6rv\u00e9nyes \u00e9rt\u00e9kes\u00edt\u00e9s\u00e9re. Az eur\u00f3pai el\u0151\u00edr\u00e1sokkal \u00f6sszhangban \u00e9letkori ir\u00e1nyelv\u00fcnk biztos\u00edtja, hogy minden \u00fcgyf\u00e9l, aki weboldalunkon v\u00e1s\u00e1rol, megfeleljen az adott orsz\u00e1gban a doh\u00e1nyterm\u00e9kek fogyaszt\u00e1s\u00e1nak t\u00f6rv\u00e9nyes minimum \u00e9letkor\u00e1nak.<\/p>\n<p><strong>T\u00f6rv\u00e9nyes v\u00e1s\u00e1rl\u00e1si korhat\u00e1r:<\/strong><\/p>\n<p>Hogy v\u00e1s\u00e1roljon Al Fakher 24 \u00f3r\u00e1s eldobhat\u00f3 e-cigarett\u00e1kat, legal\u00e1bb 18 \u00e9vesnek kell lennie. Ez megfelel a legt\u00f6bb eur\u00f3pai uni\u00f3s orsz\u00e1gban, \u00edgy N\u00e9metorsz\u00e1gban, Hollandi\u00e1ban, Belgiumban, Spanyolorsz\u00e1gban, Franciaorsz\u00e1gban, Portug\u00e1li\u00e1ban, Lengyelorsz\u00e1gban \u00e9s Olaszorsz\u00e1gban \u00e9rv\u00e9nyes t\u00f6rv\u00e9nyi korhat\u00e1rnak. Ha bizonyos orsz\u00e1gokban magasabb a t\u00f6rv\u00e9nyileg el\u0151\u00edrt minimum \u00e9letkor, akkor ir\u00e1nyelveinket ennek megfelel\u0151en m\u00f3dos\u00edtjuk, hogy a korhat\u00e1rt betartsuk.<\/p>\n<p><strong>Kiskor\u00faak v\u00e1s\u00e1rl\u00e1s\u00e1nak tilalma:<\/strong><\/p>\n<p>Szigor\u00faan tilos term\u00e9keinket kiskor\u00fa szem\u00e9lyek sz\u00e1m\u00e1ra megv\u00e1s\u00e1rolni. Az ilyen illeg\u00e1lis gyakorlatban val\u00f3 r\u00e9szv\u00e9tel s\u00falyos jogi k\u00f6vetkezm\u00e9nyeket vonhat maga ut\u00e1n, \u00e9s s\u00e9rti azon k\u00f6telezetts\u00e9g\u00fcnket, hogy term\u00e9keink csak feln\u0151ttek sz\u00e1m\u00e1ra legyenek hozz\u00e1f\u00e9rhet\u0151ek. Fenntartjuk magunknak a jogot, hogy rendel\u00e9seket t\u00f6r\u00f6lj\u00fcnk, ha felmer\u00fcl a gyan\u00fa, hogy a term\u00e9kek kiskor\u00fa szem\u00e9lyek sz\u00e1m\u00e1ra k\u00e9sz\u00fcltek.<\/p>\n<p><strong>\u00c9letkor-ellen\u0151rz\u00e9si folyamat:<\/strong><\/p>\n<p>Hogy eleget tegy\u00fcnk jogszab\u00e1lyi k\u00f6telezetts\u00e9geinknek, szigor\u00fa \u00e9letkor-ellen\u0151rz\u00e9si elj\u00e1r\u00e1st vezett\u00fcnk be. A rendel\u00e9si folyamat sor\u00e1n szem\u00e9lyes adatait, p\u00e9ld\u00e1ul nev\u00e9t, c\u00edm\u00e9t \u00e9s sz\u00fclet\u00e9si d\u00e1tum\u00e1t, valamint hivatalos szem\u00e9lyazonos\u00edt\u00f3 okm\u00e1ny\u00e1t kell megadnia. Ezeket az inform\u00e1ci\u00f3kat arra haszn\u00e1ljuk, hogy biztons\u00e1gos ellen\u0151rz\u00e9si rendszereken kereszt\u00fcl ellen\u0151rizz\u00fck \u00e9letkor\u00e1t.<\/p>\n<p>Ha az automatikus ellen\u0151rz\u00e9s nem lehets\u00e9ges, akkor el\u0151fordulhat, hogy felk\u00e9rik \u00d6nt, hogy t\u00f6ltse fel szem\u00e9lyi igazolv\u00e1ny\u00e1nak egy tiszta m\u00e1solat\u00e1t a k\u00e9zi \u00e9letkor-ellen\u0151rz\u00e9s elv\u00e9gz\u00e9se \u00e9rdek\u00e9ben. Ha \u00d6n nem tudja \u00e9rv\u00e9nyes \u00e9letkor-igazol\u00e1st szolg\u00e1ltatni, akkor a rendel\u00e9s\u00e9t t\u00f6r\u00f6lj\u00fck.<\/p>\n<p><strong>Jog a rendel\u00e9sek elutas\u00edt\u00e1s\u00e1ra vagy t\u00f6rl\u00e9s\u00e9re:<\/strong><\/p>\n<p>Fenntartjuk magunknak a jogot, hogy visszautas\u00edtsunk vagy t\u00f6r\u00f6lj\u00fcnk b\u00e1rmely megrendel\u00e9st, ha nem t\u00f6rt\u00e9nik meg a megfelel\u0151 \u00e9letkor-ellen\u0151rz\u00e9s.  Ez a szab\u00e1lyzat az\u00e9rt ker\u00fclt bevezet\u00e9sre, hogy teljes m\u00e9rt\u00e9kben megfelelj\u00fcnk a helyi \u00e9s nemzetk\u00f6zi t\u00f6rv\u00e9nyeknek. Az Al Fakher 24h els\u0151dleges c\u00e9lja \u00fcgyfelei integrit\u00e1s\u00e1nak \u00e9s biztons\u00e1g\u00e1nak v\u00e9delme, \u00e9s minden sz\u00fcks\u00e9ges int\u00e9zked\u00e9st megtesz\u00fcnk az illeg\u00e1lis v\u00e1s\u00e1rl\u00e1sok megel\u0151z\u00e9se \u00e9rdek\u00e9ben.<\/p>\n<p><strong>K\u00f6telezetts\u00e9gv\u00e1llal\u00e1s a kiskor\u00faak hozz\u00e1f\u00e9r\u00e9s\u00e9nek megakad\u00e1lyoz\u00e1s\u00e1ra:<\/strong><\/p>\n<p>Az Al Fakher 24h-n\u00e1l arra t\u00f6reksz\u00fcnk, hogy megakad\u00e1lyozzuk a kiskor\u00faak hozz\u00e1f\u00e9r\u00e9s\u00e9t az egyszer haszn\u00e1latos e-cigarett\u00e1khoz. Ipar\u00e1gi vezet\u0151 biztons\u00e1gi int\u00e9zked\u00e9seket alkalmazunk annak biztos\u00edt\u00e1s\u00e1ra, hogy term\u00e9keink csak feln\u0151ttek sz\u00e1m\u00e1ra legyenek el\u00e9rhet\u0151ek. A szigor\u00fa \u00e9letkor-ellen\u0151rz\u00e9sek \u00e9s a felel\u0151s \u00fczleti gyakorlatok r\u00e9v\u00e9n hozz\u00e1j\u00e1rulunk egy biztons\u00e1gos k\u00f6rnyezet kialak\u00edt\u00e1s\u00e1hoz, ahol a fiatalok nem f\u00e9rhetnek hozz\u00e1 a nikotinterm\u00e9kekhez.<\/p>\n<p><strong>Jogi k\u00f6zlem\u00e9nyek \u00e9s szab\u00e1lyok betart\u00e1sa:<\/strong><\/p>\n<p>A weboldalunk egy\u00e9rtelm\u0171en t\u00e1j\u00e9koztatja a v\u00e1s\u00e1rl\u00f3kat az eldobhat\u00f3 e-cigarett\u00e1k v\u00e1s\u00e1rl\u00e1s\u00e1nak t\u00f6rv\u00e9nyes \u00e9letkori k\u00f6vetelm\u00e9nyeir\u0151l. Ezek a figyelmeztet\u00e9sek j\u00f3l l\u00e1that\u00f3 helyen szerepelnek az eg\u00e9sz weboldalon, \u00e9s eml\u00e9keztetnek arra, hogy az e-cigarett\u00e1kat csak a t\u00f6rv\u00e9nyileg enged\u00e9lyezett \u00e9letkor\u00fa szem\u00e9lyek v\u00e1s\u00e1rolhatj\u00e1k \u00e9s haszn\u00e1lhatj\u00e1k.<\/p>\n<p>Az Al Fakher 24h elk\u00f6telezett amellett, hogy felel\u0151s g\u0151z\u00f6l\u00e9si gyakorlatokat t\u00e1mogasson, \u00e9s teljes m\u00e9rt\u00e9kben betartsa az e-cigarett\u00e1k eur\u00f3pai \u00e9rt\u00e9kes\u00edt\u00e9s\u00e9nek szab\u00e1lyoz\u00e1s\u00e1ra vonatkoz\u00f3 t\u00f6rv\u00e9nyeket. Ezen \u00e9letkori ir\u00e1nyelv betart\u00e1s\u00e1val biztos\u00edtjuk, hogy eldobhat\u00f3 e-cigarett\u00e1inkat leg\u00e1lisan \u00e9s etikusan \u00e9rt\u00e9kes\u00edts\u00fck, \u00e9s meger\u0151s\u00edts\u00fck megb\u00edzhat\u00f3 besz\u00e1ll\u00edt\u00f3i szerep\u00fcnket a g\u0151z\u00f6l\u00e9si iparban.<\/p>\n<p>Tov\u00e1bbi inform\u00e1ci\u00f3\u00e9rt vagy k\u00e9rd\u00e9sek\u00e9rt \u00e9letkori ir\u00e1nyelv\u00fcnkr\u0151l vegye fel vel\u00fcnk a kapcsolatot <a rel=\"noopener\">info@alfakher24h.de<\/a> L\u00e9pjen kapcsolatba vel\u00fcnk.<\/p>","protected":false},"excerpt":{"rendered":"<p>Az Al Fakher 24h-n\u00e1l nagy hangs\u00falyt fektet\u00fcnk pr\u00e9mium eldobhat\u00f3 e-cigarett\u00e1ink felel\u0151s \u00e9s t\u00f6rv\u00e9nyes \u00e9rt\u00e9kes\u00edt\u00e9s\u00e9re. Az eur\u00f3pai el\u0151\u00edr\u00e1sokkal \u00f6sszhangban \u00e9letkori ir\u00e1nyelv\u00fcnk biztos\u00edtja, hogy minden \u00fcgyf\u00e9l, aki weboldalunkon v\u00e1s\u00e1rol, megfeleljen az adott orsz\u00e1gban \u00e9rv\u00e9nyes doh\u00e1nyterm\u00e9kek fogyaszt\u00e1s\u00e1nak minim\u00e1lis \u00e9letkor\u00e1nak. V\u00e1s\u00e1rl\u00e1si korhat\u00e1r: Az Al [\u2026] eldobhat\u00f3 e-cigarett\u00e1k v\u00e1s\u00e1rl\u00e1s\u00e1hoz","protected":false},"author":1,"featured_media":0,"parent":0,"menu_order":0,"comment_status":"closed","ping_status":"closed","template":"page-blank-title-center.php","meta":{"om_disable_all_campaigns":false,"footnotes":""},"class_list":["post-560","page","type-page","status-publish","hentry"],"_links":{"self":[{"href":"https:\/\/alfakher24h.de\/hu\/wp-json\/wp\/v2\/pages\/560","targetHints":{"allow":["GET"]}}],"collection":[{"href":"https:\/\/alfakher24h.de\/hu\/wp-json\/wp\/v2\/pages"}],"about":[{"href":"https:\/\/alfakher24h.de\/hu\/wp-json\/wp\/v2\/types\/page"}],"author":[{"embeddable":true,"href":"https:\/\/alfakher24h.de\/hu\/wp-json\/wp\/v2\/users\/1"}],"replies":[{"embeddable":true,"href":"https:\/\/alfakher24h.de\/hu\/wp-json\/wp\/v2\/comments?post=560"}],"version-history":[{"count":2,"href":"https:\/\/alfakher24h.de\/hu\/wp-json\/wp\/v2\/pages\/560\/revisions"}],"predecessor-version":[{"id":611,"href":"https:\/\/alfakher24h.de\/hu\/wp-json\/wp\/v2\/pages\/560\/revisions\/611"}],"wp:attachment":[{"href":"https:\/\/alfakher24h.de\/hu\/wp-json\/wp\/v2\/media?parent=560"}],"curies":[{"name":"wp","href":"https:\/\/api.w.org\/{rel}","templated":true}]}}