{"id":537,"date":"2024-10-11T13:31:45","date_gmt":"2024-10-11T13:31:45","guid":{"rendered":"https:\/\/alfakher24h.de\/?page_id=537"},"modified":"2024-10-12T12:11:33","modified_gmt":"2024-10-12T12:11:33","slug":"gyakori-kerdesek","status":"publish","type":"page","link":"https:\/\/alfakher24h.de\/hu\/gyakori-kerdesek\/","title":{"rendered":"GYIK"},"content":{"rendered":"<h4>1. <strong>Al Fakher 24 \u00f3r\u00e1s term\u00e9keket k\u00edn\u00e1l.<\/strong><\/h4>\n<p>Kiz\u00e1r\u00f3lagos v\u00e1laszt\u00e9kot k\u00edn\u00e1lunk <strong>Egyhaszn\u00e1latos e-cigarett\u00e1k az Al Fakher m\u00e1rk\u00e1t\u00f3l<\/strong>k\u00f6zt\u00fck:<\/p>\n<ul>\n<li><strong>Al Fakher Crown Bar 12000<\/strong><\/li>\n<li><strong>Al Fakher Crown Bar 8000<\/strong><\/li>\n<li><strong>Al Fakher Crown Bar Big Cloud 8000 PRO<\/strong><\/li>\n<li><strong>Al Fakher Crown Bar Pro 8000<\/strong><\/li>\n<\/ul>\n<p>Term\u00e9keink magas sz\u00ednvonalukr\u00f3l, tart\u00f3ss\u00e1gukr\u00f3l \u00e9s az \u00edzek sz\u00e9les sk\u00e1l\u00e1j\u00e1r\u00f3l ismertek. Az e-cigarett\u00e1k ide\u00e1lisak azoknak a fogyaszt\u00f3knak, akik st\u00edlusos \u00e9s komplik\u00e1ci\u00f3mentes p\u00e1rologtat\u00e1si \u00e9lm\u00e9nyt keresnek.<\/p>\n<h4>2. <strong>Mennyi ideig tart a sz\u00e1ll\u00edt\u00e1s?<\/strong><\/h4>\n<p>Miut\u00e1n a legt\u00f6bb eur\u00f3pai uni\u00f3s orsz\u00e1gba sz\u00e1ll\u00edtunk k\u00f6zvetlen\u00fcl eur\u00f3pai rakt\u00e1runkb\u00f3l. A sz\u00e1ll\u00edt\u00e1si id\u0151 \u00e1ltal\u00e1ban <strong>3-7 munkanap<\/strong>Ez a k\u00f6vetkez\u0151 orsz\u00e1gokra vonatkozik:<\/p>\n<ul>\n<li><strong>N\u00e9metorsz\u00e1g<\/strong>: UPS\/DPD\/DHL (3-5 nap)<\/li>\n<li><strong>Belgium, Hollandia, Luxemburg<\/strong>: UPS\/DPD\/DHL (3-7 nap)<\/li>\n<li><strong>Ausztria, Franciaorsz\u00e1g, Spanyolorsz\u00e1g, Olaszorsz\u00e1g, Lengyelorsz\u00e1g<\/strong>: UPS\/DPD\/DHL (3-7 nap)<\/li>\n<li><strong>M\u00e1s EU-orsz\u00e1gok<\/strong>: UPS\/DPD\/DHL (3-7 nap)<\/li>\n<\/ul>\n<h4>3. <strong>K\u00edn\u00e1lnak ingyenes sz\u00e1ll\u00edt\u00e1st?<\/strong><\/h4>\n<p>Igen!  Megrendel\u00e9sek eset\u00e9n <strong>49,99 \u20ac<\/strong> K\u00edn\u00e1lunk ingyenes sz\u00e1ll\u00edt\u00e1st N\u00e9metorsz\u00e1gon bel\u00fcl \u00e9s m\u00e1s EU-orsz\u00e1gokba.  Ezen \u00f6sszeg alatti megrendel\u00e9sek eset\u00e9n sz\u00e1ll\u00edt\u00e1si k\u00f6lts\u00e9gek keletkeznek, amelyeket a p\u00e9nzt\u00e1rn\u00e1l jelen\u00edt\u00fcnk meg.<\/p>\n<h4>4. <strong>Milyen fizet\u00e9si m\u00f3dokat fogadnak el?<\/strong><\/h4>\n<p>T\u00f6bb biztons\u00e1gos fizet\u00e9si m\u00f3dot elfogadunk, bele\u00e9rtve:<\/p>\n<ul>\n<li><strong>PayPal<\/strong><\/li>\n<li><strong>Hitelk\u00e1rty\u00e1k (Visa, MasterCard)<\/strong><\/li>\n<li><strong>iDEAL<\/strong> (f\u00fcr unsere Kunden in den Niederlanden) \n(nem sz\u00fcks\u00e9ges ford\u00edt\u00e1s) \neredeti sz\u00f6veg visszaad\u00e1sa: \n(f\u00fcr unsere Kunden in den Niederlanden)<\/li>\n<li><strong>Bancontact<\/strong> (\u00fcgyfeleink sz\u00e1m\u00e1ra Belgiumban)<\/li>\n<li><strong>SEPA banksz\u00e1mla-\u00e1tutal\u00e1s<\/strong> az Eur\u00f3pai Uni\u00f3 eg\u00e9sz\u00e9nek \u00fcgyfelei sz\u00e1m\u00e1ra.<\/li>\n<\/ul>\n<h4>5. <strong>Lehets\u00e9ges a visszak\u00fcld\u00e9s vagy a cser\u00e9je?<\/strong><\/h4>\n<p>Igen, visszat\u00e9r\u00edt\u00e9si garanci\u00e1t ny\u00fajtunk. Ha nem el\u00e9gedett a v\u00e1s\u00e1rl\u00e1s\u00e1val, akkor bel\u00fcl <strong>7 nap<\/strong> A term\u00e9k k\u00e9zhezv\u00e9tele ut\u00e1n k\u00e9rheti a visszat\u00e9r\u00edt\u00e9st vagy a cser\u00e9t, felt\u00e9ve, hogy a term\u00e9kek bontatlanok \u00e9s haszn\u00e1latlanok. Tov\u00e1bbi inform\u00e1ci\u00f3kat a visszat\u00e9r\u00edt\u00e9si felt\u00e9teleinkben tal\u00e1l.<\/p>\n<h4>6. <strong>Hogyan \u00e9rhetem el az \u00fcgyf\u00e9lszolg\u00e1latot?<\/strong><\/h4>\n<p>\u00dcgyf\u00e9lszolg\u00e1latunk mindenkor rendelkez\u00e9s\u00e9re \u00e1ll. K\u00e9rd\u00e9sek vagy probl\u00e9m\u00e1k eset\u00e9n k\u00e9rj\u00fck, k\u00fcldj\u00f6n e-mailt a k\u00f6vetkez\u0151 c\u00edmre: <strong><a rel=\"noopener\">info@alfakher24h.de<\/a><\/strong>Arra t\u00f6reksz\u00fcnk, hogy 24 \u00f3r\u00e1n bel\u00fcl v\u00e1laszoljunk.<\/p>\n<h4>7. <strong>Sz\u00fcks\u00e9gem van egy fi\u00f3kra a rendel\u00e9s lead\u00e1s\u00e1hoz?<\/strong><\/h4>\n<p>Nem, vend\u00e9gk\u00e9nt is leadhatja a rendel\u00e9s\u00e9t. Ugyanakkor azt javasoljuk, hogy hozzon l\u00e9tre egy fi\u00f3kot, hogy k\u00f6nnyebben nyomon tudja k\u00f6vetni rendel\u00e9si t\u00f6rt\u00e9net\u00e9t, \u00e9s profit\u00e1lhasson a j\u00f6v\u0151beli kedvezm\u00e9nyekb\u0151l \u00e9s aj\u00e1nlatokb\u00f3l.<\/p>\n<h4>8. <strong>Milyen \u00edzek \u00e9rhet\u0151k el?<\/strong><\/h4>\n<p>Sz\u00e1mos lehet\u0151s\u00e9get k\u00edn\u00e1lunk <strong>n\u00e9pszer\u0171 \u00edzek<\/strong>k\u00f6zt\u00fck:<\/p>\n<ul>\n<li><strong>Mentol<\/strong><\/li>\n<li><strong>V\u00edzimelone<\/strong><\/li>\n<li><strong>\u00c1fonya<\/strong><\/li>\n<li><strong>Mango<\/strong><\/li>\n<li><strong>J\u00e9gf\u00fcrt<\/strong><\/li>\n<\/ul>\n<p>Term\u00e9keink palett\u00e1j\u00e1t rendszeresen b\u0151v\u00edtj\u00fck, hogy \u00faj \u00e9s izgalmas \u00edzeket k\u00edn\u00e1lhassunk, amelyek m\u00e9g kellemesebb\u00e9 teszik a vaporiz\u00e1l\u00e1s \u00e9lm\u00e9ny\u00e9t.<\/p>\n<h4>9. <strong>Term\u00e9keink minden korcsoport sz\u00e1m\u00e1ra el\u00e9rhet\u0151ek?<\/strong><\/h4>\n<p>18 Jahren. <strong>18 \u00e9vesnek<\/strong> Megengedett. Nagyon komolyan vessz\u00fck a fiatalok v\u00e9delm\u00e9t, \u00e9s minden v\u00e1s\u00e1rl\u00e1sn\u00e1l \u00e9letkor-ellen\u0151rz\u00e9st k\u00f6vetel\u00fcnk.<\/p>\n<h4>10. <strong>Mi t\u00f6rt\u00e9nik, ha a csomagomat a v\u00e1m lefoglalja?<\/strong><\/h4>\n<p>Minden csomagunkat eur\u00f3pai rakt\u00e1runkb\u00f3l sz\u00e1ll\u00edtjuk ki, hogy elker\u00fclj\u00fck a v\u00e1mprobl\u00e9m\u00e1kat a legt\u00f6bb uni\u00f3s orsz\u00e1gban. Ha ennek ellen\u00e9re m\u00e9gis v\u00e1mprobl\u00e9m\u00e1k mer\u00fcln\u00e9nek fel, sz\u00edvesen seg\u00edt\u00fcnk \u00d6nnek az \u00fcgyint\u00e9z\u00e9sben \u00e9s tan\u00e1csokkal szolg\u00e1lunk.<\/p>","protected":false},"excerpt":{"rendered":"<p>Milyen term\u00e9keket k\u00edn\u00e1l az Al Fakher 24h?  Az Al Fakher m\u00e1rk\u00e1j\u00fa, eldobhat\u00f3 e-cigarett\u00e1k exkluz\u00edv v\u00e1laszt\u00e9k\u00e1t k\u00edn\u00e1ljuk, bele\u00e9rtve: Al Fakher Crown Bar 12000 Al Fakher Crown Bar 8000 Al Fakher Crown Bar Big Cloud 8000 PRO Al Fakher Crown Bar Pro 8000 Term\u00e9keink ismert\u00e9k a magas min\u0151s\u00e9gr\u0151l, a tart\u00f3ss\u00e1gr\u00f3l \u00e9s a [\u2026]","protected":false},"author":1,"featured_media":0,"parent":0,"menu_order":0,"comment_status":"closed","ping_status":"closed","template":"page-blank-title-center.php","meta":{"om_disable_all_campaigns":false,"footnotes":""},"class_list":["post-537","page","type-page","status-publish","hentry"],"_links":{"self":[{"href":"https:\/\/alfakher24h.de\/hu\/wp-json\/wp\/v2\/pages\/537","targetHints":{"allow":["GET"]}}],"collection":[{"href":"https:\/\/alfakher24h.de\/hu\/wp-json\/wp\/v2\/pages"}],"about":[{"href":"https:\/\/alfakher24h.de\/hu\/wp-json\/wp\/v2\/types\/page"}],"author":[{"embeddable":true,"href":"https:\/\/alfakher24h.de\/hu\/wp-json\/wp\/v2\/users\/1"}],"replies":[{"embeddable":true,"href":"https:\/\/alfakher24h.de\/hu\/wp-json\/wp\/v2\/comments?post=537"}],"version-history":[{"count":4,"href":"https:\/\/alfakher24h.de\/hu\/wp-json\/wp\/v2\/pages\/537\/revisions"}],"predecessor-version":[{"id":616,"href":"https:\/\/alfakher24h.de\/hu\/wp-json\/wp\/v2\/pages\/537\/revisions\/616"}],"wp:attachment":[{"href":"https:\/\/alfakher24h.de\/hu\/wp-json\/wp\/v2\/media?parent=537"}],"curies":[{"name":"wp","href":"https:\/\/api.w.org\/{rel}","templated":true}]}}