{"id":3,"date":"2024-09-01T15:37:18","date_gmt":"2024-09-01T15:37:18","guid":{"rendered":"http:\/\/alfakher24h.de\/?page_id=3"},"modified":"2024-10-12T07:55:55","modified_gmt":"2024-10-12T07:55:55","slug":"adatvedelmi-szabalyzat","status":"publish","type":"page","link":"https:\/\/alfakher24h.de\/hu\/adatvedelmi-szabalyzat\/","title":{"rendered":"Adatv\u00e9delmi ir\u00e1nyelvek"},"content":{"rendered":"<div>\r\n<p>Az Al Fakher 24h-n\u00e1l nagyra \u00e9rt\u00e9kelj\u00fck az \u00d6n mag\u00e1n\u00e9let\u00e9nek v\u00e9delm\u00e9t \u00e9s a szem\u00e9lyes adataival val\u00f3 felel\u0151s b\u00e1n\u00e1sm\u00f3dot. Ez a adatv\u00e9delmi ir\u00e1nyelv le\u00edrja, hogyan gy\u0171jtj\u00fck, haszn\u00e1ljuk fel \u00e9s v\u00e9dj\u00fck az \u00d6n adatait, amikor megl\u00e1togatja weboldalunkat (alfakher24h.de) \u00e9s megv\u00e1s\u00e1rolja pr\u00e9mium eldobhat\u00f3 e-cigarett\u00e1inkat.<\/p>\r\n<h3 class=\"wp-block-heading\">Inform\u00e1ci\u00f3gy\u0171jt\u00e9s<\/h3>\r\n<p>Amikor megl\u00e1togatja weboldalunkat \u00e9s ig\u00e9nybe veszi szolg\u00e1ltat\u00e1sainkat, k\u00fcl\u00f6nb\u00f6z\u0151 t\u00edpus\u00fa inform\u00e1ci\u00f3kat gy\u0171jt\u00fcnk \u00f6ssze, hogy biztons\u00e1gos \u00e9s k\u00e9nyelmes v\u00e1s\u00e1rl\u00e1si \u00e9lm\u00e9nyt biztos\u00edtsunk \u00d6nnek:<\/p>\r\n<p><strong>Szem\u00e9lyes adatok:<\/strong> Ez mag\u00e1ban foglalja a nev\u00e9t, e-mail c\u00edm\u00e9t, sz\u00e1ll\u00edt\u00e1si \u00e9s sz\u00e1ml\u00e1z\u00e1si adatait, valamint minden tov\u00e1bbi el\u00e9rhet\u0151s\u00e9get, amelyet a rendel\u00e9s lead\u00e1sakor vagy \u00fcgyf\u00e9lszolg\u00e1latunkkal val\u00f3 kapcsolatba l\u00e9p\u00e9skor k\u00f6z\u00f6l vel\u00fcnk.<\/p>\r\n<p><strong>Tranzakci\u00f3s adatok:<\/strong> Inform\u00e1ci\u00f3kat gy\u0171jt\u00fcnk a v\u00e1s\u00e1rl\u00e1sair\u00f3l, bele\u00e9rtve a fizet\u00e9si m\u00f3dokat, a rendel\u00e9si el\u0151zm\u00e9nyeket \u00e9s a sz\u00e1ll\u00edt\u00e1si preferenci\u00e1kat.<\/p>\r\n<p><strong>Felhaszn\u00e1l\u00e1si adatok:<\/strong> S\u00fctik \u00e9s hasonl\u00f3 technol\u00f3gi\u00e1k seg\u00edts\u00e9g\u00e9vel nyomon k\u00f6vetj\u00fck, hogyan l\u00e9p k\u00f6lcs\u00f6nhat\u00e1sba oldalunkkal, hogy inform\u00e1ci\u00f3kat gy\u0171jts\u00fcnk az \u00d6n eszk\u00f6z\u00e9r\u0151l, b\u00f6ng\u00e9sz\u00e9si szok\u00e1sair\u00f3l \u00e9s \u00e1ltal\u00e1nos weboldal-tev\u00e9kenys\u00e9g\u00e9r\u0151l.<\/p>\r\n<p><strong>Kommunik\u00e1ci\u00f3s adatok:<\/strong> Az \u00d6n \u00e1ltal nek\u00fcnk megadott inform\u00e1ci\u00f3k, ak\u00e1r k\u00e9r\u00e9seken, visszajelz\u00e9seken vagy az \u00fcgyf\u00e9lszolg\u00e1laton kereszt\u00fcl, szint\u00e9n t\u00e1rol\u00e1sra ker\u00fclnek szolg\u00e1ltat\u00e1saink fejleszt\u00e9se \u00e9rdek\u00e9ben.<\/p>\r\n<h3>2. Az inform\u00e1ci\u00f3k haszn\u00e1lata<\/h3>\r\n<p>A \u00e1ltalunk gy\u0171jt\u00f6tt inform\u00e1ci\u00f3k elengedhetetlenek ahhoz, hogy z\u00f6kken\u0151mentes \u00e9s szem\u00e9lyre szabott \u00e9lm\u00e9nyt ny\u00fajthassunk \u00d6nnek weboldalunkon. Adatait k\u00fcl\u00f6n\u00f6sen a k\u00f6vetkez\u0151 c\u00e9lokra haszn\u00e1ljuk:<\/p>\r\n<p><strong>Megrendel\u00e9s feldolgoz\u00e1sa:<\/strong> A rendel\u00e9seinek feldolgoz\u00e1s\u00e1hoz, a fizet\u00e9sek lebonyol\u00edt\u00e1s\u00e1hoz \u00e9s a sz\u00e1ll\u00edt\u00e1s biztos\u00edt\u00e1s\u00e1hoz.<\/p>\r\n<p><strong>\u00dcgyf\u00e9lkommunik\u00e1ci\u00f3:<\/strong> Megk\u00fcldj\u00fck \u00d6nnek a rendel\u00e9seire vonatkoz\u00f3 friss\u00edt\u00e9seket, \u00e9s megv\u00e1laszoljuk a k\u00e9rd\u00e9seit. Ezenk\u00edv\u00fcl t\u00e1j\u00e9koztatjuk akci\u00f3kr\u00f3l, \u00faj term\u00e9kekr\u0151l \u00e9s relev\u00e1ns inform\u00e1ci\u00f3kr\u00f3l, kiv\u00e9ve, ha leiratkozott.<\/p>\r\n<p><strong>Weboldal fejleszt\u00e9se:<\/strong> A b\u00f6ng\u00e9sz\u00e9si szok\u00e1sai seg\u00edtenek nek\u00fcnk azonos\u00edtani a weboldal gyenge pontjait \u00e9s optimaliz\u00e1lni platformunkat.<\/p>\r\n<p><strong>Biztons\u00e1g \u00e9s csal\u00e1s megel\u0151z\u00e9se:<\/strong> Inform\u00e1ci\u00f3it felhaszn\u00e1ljuk a csal\u00e1sok megel\u0151z\u00e9s\u00e9re, a tranzakci\u00f3k integrit\u00e1s\u00e1nak biztos\u00edt\u00e1s\u00e1ra \u00e9s weboldalunk biztons\u00e1g\u00e1nak v\u00e9delm\u00e9re.<\/p>\r\n<h3>Inform\u00e1ci\u00f3k tov\u00e1bb\u00edt\u00e1sa<\/h3>\r\n<p>Tiszteletben tartjuk az \u00d6n szem\u00e9lyes adatainak v\u00e9delm\u00e9t, \u00e9s nem adjuk el vagy b\u00e9rbe harmadik f\u00e9lnek. Azonban bizonyos esetekben megoszthatjuk az \u00d6n adatait az al\u00e1bbiak szerint:<\/p>\r\n<p><strong>Szolg\u00e1ltat\u00f3:<\/strong> Harmadik f\u00e9lekkel dolgozunk egy\u00fctt (pl. fizet\u00e9sfeldolgoz\u00f3k, sz\u00e1ll\u00edt\u00e1si v\u00e1llalatok), amelyek a rendel\u00e9sek feldolgoz\u00e1s\u00e1hoz \u00e9s a kisz\u00e1ll\u00edt\u00e1s\u00e1hoz sz\u00fcks\u00e9gesek.<\/p>\r\n<p><strong>Jogi k\u00f6vetelm\u00e9nyek:<\/strong> Abban az esetben, ha t\u00f6rv\u00e9nyi k\u00f6telezetts\u00e9g \u00e1ll fenn, adatait tov\u00e1bb\u00edthatjuk a felel\u0151s hat\u00f3s\u00e1goknak.<\/p>\r\n<h3>4. Adatbiztons\u00e1g<\/h3>\r\n<p>Az \u00d6n adatainak v\u00e9delme az Al Fakher 24h-n\u00e1l els\u0151bbs\u00e9get \u00e9lvez. K\u00fcl\u00f6nb\u00f6z\u0151 biztons\u00e1gi int\u00e9zked\u00e9seket alkalmazunk annak biztos\u00edt\u00e1s\u00e1ra, hogy adatai bizalmasak maradjanak:<\/p>\r\n<p><strong>Titkos\u00edt\u00e1s:<\/strong> Az \u00e9rz\u00e9keny adatokat az SSL (Secure Socket Layer) technol\u00f3gia seg\u00edts\u00e9g\u00e9vel titkos\u00edtjuk \u00e1tvitel k\u00f6zben.<\/p>\r\n<p><strong>Hozz\u00e1f\u00e9r\u00e9s-vez\u00e9rl\u00e9s:<\/strong> Csak a jogosult alkalmazottak f\u00e9rhetnek hozz\u00e1 a szem\u00e9lyes adataihoz.<\/p>\r\n<p><strong>Biztons\u00e1gi fel\u00fcgyelet:<\/strong> Rendszeres biztons\u00e1gi \u00e9rt\u00e9kel\u00e9seket \u00e9s friss\u00edt\u00e9seket hajtunk v\u00e9gre, hogy platformunkat v\u00e9dj\u00fck az \u00faj fenyeget\u00e9sekkel szemben.<\/p>\r\n<h3>5. \u00d6n jogai<\/h3>\r\n<p>Hiszen a transparenci\u00e1ban \u00e9s a szem\u00e9lyes adatai feletti ellen\u0151rz\u00e9sben. Az Al Fakher 24h \u00fcgyfelek\u00e9nt \u00d6n a k\u00f6vetkez\u0151 jogokkal rendelkezik:<\/p>\r\n<p><strong>Hozz\u00e1f\u00e9r\u00e9s \u00e9s m\u00f3dos\u00edt\u00e1s:<\/strong> B\u00e1rmikor megtekintheti, friss\u00edtheti vagy helyesb\u00edtheti szem\u00e9lyes adatait, ha kapcsolatba l\u00e9p vel\u00fcnk.<\/p>\r\n<p><strong>T\u00f6rl\u00e9si k\u00e9relmek:<\/strong> K\u00e9r\u00e9s\u00e9re t\u00f6r\u00f6lhetj\u00fck adatait, kiv\u00e9ve, ha azok folyamatban l\u00e9v\u0151 tranzakci\u00f3khoz vagy jogszab\u00e1lyi k\u00f6telezetts\u00e9gekhez sz\u00fcks\u00e9gesek.<\/p>\r\n<p><strong>Marketing leiratkoz\u00e1s:<\/strong> B\u00e1rmikor leiratkozhat a rekl\u00e1mlevelekr\u0151l, ha k\u00f6veti a leiratkoz\u00e1si utas\u00edt\u00e1sokat az e-mailben, vagy k\u00f6zvetlen\u00fcl kapcsolatba l\u00e9p vel\u00fcnk.<\/p>\r\n<h3>6. S\u00fctik \u00e9s nyomk\u00f6vet\u00e9si technol\u00f3gi\u00e1k<\/h3>\r\n<p>Weboldalunk s\u00fctiket haszn\u00e1l, hogy szem\u00e9lyre szabja b\u00f6ng\u00e9sz\u00e9si \u00e9lm\u00e9ny\u00e9t, elemezze a weboldal forgalm\u00e1t \u00e9s c\u00e9lzott hirdet\u00e9seket k\u00edn\u00e1ljon. A s\u00fctik be\u00e1ll\u00edt\u00e1sait b\u00e1rmikor kezelheti a b\u00f6ng\u00e9sz\u0151 be\u00e1ll\u00edt\u00e1sain kereszt\u00fcl.<\/p>\r\n<h3>7. A adatv\u00e9delmi ir\u00e1nyelvek friss\u00edt\u00e9sei<\/h3>\r\n<p>Az Al Fakher 24h friss\u00edtheti ezt a adatv\u00e9delmi ir\u00e1nyelvet gyakorlatainak v\u00e1ltoz\u00e1sai vagy szab\u00e1lyoz\u00e1si k\u00f6vetelm\u00e9nyek miatt. Javasoljuk, hogy rendszeresen ellen\u0151rizze ezt az oldalt, hogy t\u00e1j\u00e9koz\u00f3djon a esetleges m\u00f3dos\u00edt\u00e1sokr\u00f3l.<\/p>\r\n<h3>8. Kapcsolat<\/h3>\r\n<p>Az alfakher24h.de haszn\u00e1lat\u00e1val \u00d6n elfogadja az ebben az adatv\u00e9delmi ir\u00e1nyelvben le\u00edrt felt\u00e9teleket. Ha k\u00e9rd\u00e9sei, agg\u00e1lyai vagy k\u00e9r\u00e9sei vannak az \u00d6n mag\u00e1n\u00e9let\u00e9vel kapcsolatban, a k\u00f6vetkez\u0151 e-mail c\u00edmen vehet fel vel\u00fcnk kapcsolatot:<\/p>\r\n<p><strong>E-Mail<\/strong> <a rel=\"noopener\">info@alfakher24h.de<\/a><\/p>\r\n<\/div>","protected":false},"excerpt":{"rendered":"<p>Az Al Fakher 24h-n\u00e1l nagyra \u00e9rt\u00e9kelj\u00fck az \u00d6n mag\u00e1n\u00e9let\u00e9nek v\u00e9delm\u00e9t \u00e9s a szem\u00e9lyes adataival val\u00f3 felel\u0151s b\u00e1n\u00e1sm\u00f3dot. Ez az adatv\u00e9delmi ir\u00e1nyelv le\u00edrja, hogyan gy\u0171jtj\u00fck, haszn\u00e1ljuk fel \u00e9s v\u00e9dj\u00fck az \u00d6n adatait, amikor megl\u00e1togatja weboldalunkat (alfakher24h.de) \u00e9s megv\u00e1s\u00e1rolja pr\u00e9mium egyszer haszn\u00e1latos e-cigarett\u00e1inkat. 1. Inform\u00e1ci\u00f3gy\u0171jt\u00e9s Weboldalunk l\u00e1togat\u00e1sakor \u00e9s szolg\u00e1ltat\u00e1saink ig\u00e9nybev\u00e9telekor [\u2026]","protected":false},"author":1,"featured_media":0,"parent":0,"menu_order":0,"comment_status":"closed","ping_status":"open","template":"page-blank-title-center.php","meta":{"om_disable_all_campaigns":false,"footnotes":""},"class_list":["post-3","page","type-page","status-publish","hentry"],"_links":{"self":[{"href":"https:\/\/alfakher24h.de\/hu\/wp-json\/wp\/v2\/pages\/3","targetHints":{"allow":["GET"]}}],"collection":[{"href":"https:\/\/alfakher24h.de\/hu\/wp-json\/wp\/v2\/pages"}],"about":[{"href":"https:\/\/alfakher24h.de\/hu\/wp-json\/wp\/v2\/types\/page"}],"author":[{"embeddable":true,"href":"https:\/\/alfakher24h.de\/hu\/wp-json\/wp\/v2\/users\/1"}],"replies":[{"embeddable":true,"href":"https:\/\/alfakher24h.de\/hu\/wp-json\/wp\/v2\/comments?post=3"}],"version-history":[{"count":4,"href":"https:\/\/alfakher24h.de\/hu\/wp-json\/wp\/v2\/pages\/3\/revisions"}],"predecessor-version":[{"id":610,"href":"https:\/\/alfakher24h.de\/hu\/wp-json\/wp\/v2\/pages\/3\/revisions\/610"}],"wp:attachment":[{"href":"https:\/\/alfakher24h.de\/hu\/wp-json\/wp\/v2\/media?parent=3"}],"curies":[{"name":"wp","href":"https:\/\/api.w.org\/{rel}","templated":true}]}}