{"id":76,"date":"2024-09-06T03:50:57","date_gmt":"2024-09-06T03:50:57","guid":{"rendered":"https:\/\/alfakher24h.de\/?post_type=product&#038;p=76"},"modified":"2025-07-23T04:17:29","modified_gmt":"2025-07-23T04:17:29","slug":"al-fakher-crown-bar-8000-bouffees-cigarette-electronique-jetable-avec-gomme-de-myrtille-a-la-nicotine","status":"publish","type":"product","link":"https:\/\/alfakher24h.de\/fr\/produit\/al-fakher-crown-bar-8000-bouffees-cigarette-electronique-jetable-avec-gomme-de-myrtille-a-la-nicotine\/","title":{"rendered":"AL Fakher Crown Bar 8000 tirages cigarette \u00e9lectronique jetable avec nicotine \u2013 Gomme \u00e0 la myrtille"},"content":{"rendered":"<h2><a href=\"https:\/\/alfakher24h.de\/fr\/categorie-de-produit\/barre-de-couronne-al-fakher-8000\/\">AL Fakher Crown Bar 8000 Z\u00fcge \n\nbecomes \n\nAL Fakher Crown Bar 8000 tir\u00e9es<\/a> <a href=\"\/\/alfakher24h.de\">Cigarette \u00e9lectronique jetable avec nicotine<\/a> \u2013 Gomme aux bleuets<\/h2>\n<div style=\"width: 360px;\" class=\"wp-video\"><video class=\"wp-video-shortcode\" id=\"video-76-1\" width=\"360\" height=\"640\" preload=\"metadata\" controls=\"controls\"><source type=\"video\/mp4\" src=\"https:\/\/alfakher24h.de\/wp-content\/uploads\/2024\/09\/AL-Fakher-Crown-Bar-8000-Zuege-Einweg-E-Zigarette-Mit-Nikotin.mp4?_=1\" \/><a href=\"https:\/\/alfakher24h.de\/wp-content\/uploads\/2024\/09\/AL-Fakher-Crown-Bar-8000-Zuege-Einweg-E-Zigarette-Mit-Nikotin.mp4\">https:\/\/alfakher24h.de\/wp-content\/uploads\/2024\/09\/AL-Fakher-Crown-Bar-8000-Zuege-Einweg-E-Zigarette-Mit-Nikotin.mp4<\/a><\/video><\/div>\n<h3>Introduction : Les cigarettes \u00e9lectroniques jetables pour une jouissance moderne<\/h3>\n<p>La <strong>AL Fakher Crown Bar 8000 tirages cigarette \u00e9lectronique jetable<\/strong> est le choix parfait pour les vapoteurs qui recherchent une saveur intense et durable ainsi qu'une utilisation facile. Avec la r\u00e9putation bien \u00e9tablie de la marque AL Fakher, connue depuis des d\u00e9cennies pour ses tabacs de narguil\u00e9 de haute qualit\u00e9, elle fait maintenant son entr\u00e9e sur le march\u00e9 des vapes jetables. Ce mod\u00e8le combine qualit\u00e9, durabilit\u00e9 et facilit\u00e9 d'utilisation pour vous offrir une exp\u00e9rience de vapotage incomparable. La AL Fakher Crown Bar vous offre jusqu'\u00e0 <strong>8000 trains<\/strong> et une multitude d'ar\u00f4mes fruit\u00e9s qui portent votre exp\u00e9rience de vapotage au niveau sup\u00e9rieur.<\/p>\n<h3><a href=\"https:\/\/alfakher24h.de\/fr\/categorie-de-produit\/barre-de-couronne-al-fakher-8000\/\">AL Fakher Crown Bar 8000 Z\u00fcge \n\nbecomes \n\nAL Fakher Crown Bar 8000 tir\u00e9es<\/a> Caract\u00e9ristiques du produit<\/h3>\n<p>La <strong>AL Fakher Crown Bar 8000 tirages cigarette \u00e9lectronique jetable<\/strong> offre non seulement un nombre impressionnant de trains, mais se distingue \u00e9galement par de nombreuses autres fonctionnalit\u00e9s qui la d\u00e9marquent de la concurrence :<\/p>\n<ul>\n<li><strong>18 ml de e-liquide pr\u00e9rempli<\/strong>Profitez d'une longue session de vape avec une quantit\u00e9 g\u00e9n\u00e9reuse de liquide pr\u00e9-rempli.<\/li>\n<li><strong>0,6\u03a9 Technologie de bobine Mesh<\/strong>: La technologie avanc\u00e9e de bobine en maille permet d'obtenir des nuages de vapeur plus grands et plus denses ainsi qu'une exp\u00e9rience gustative plus intense.<\/li>\n<li><strong>Batterie rechargeable 600mAh<\/strong>: La batterie int\u00e9gr\u00e9e peut \u00eatre recharg\u00e9e gr\u00e2ce \u00e0 <strong>Connecteur de type C<\/strong> Recharger rapidement pour pouvoir continuer \u00e0 vapoter sans longues pauses.<\/li>\n<li><strong>DTL (Vapotage Direct-To-Lung)<\/strong>Parfait pour les vapoteurs DTL qui recherchent une exp\u00e9rience de vape authentique ressemblant \u00e0 celle du narguil\u00e9.<\/li>\n<li><strong>5% Nicotine<\/strong>Le liquide pr\u00e9rempli contient 50 mg de sel de nicotine, id\u00e9al pour une exp\u00e9rience de nicotine forte et satisfaisante.<\/li>\n<li><strong>Aucune maintenance requise<\/strong>: Facile \u00e0 utiliser, sans recharge ni r\u00e9glages compliqu\u00e9s.<\/li>\n<li><strong>Jusqu'\u00e0 8 000 trains<\/strong>Profitez d'une longue exp\u00e9rience de vapotage sans \u00e9change fr\u00e9quent de l'appareil.<\/li>\n<li><strong>L\u00e9ger et portable<\/strong>Le design \u00e9l\u00e9gant et mince s'adapte confortablement dans chaque poche et est id\u00e9al pour \u00eatre emport\u00e9 partout.<\/li>\n<\/ul>\n<h3>Blueberry Gum : Un plaisir fruit\u00e9 et frais<\/h3>\n<p>Le go\u00fbt <strong>Blueberry Gum \n\nbecomes \n\nGomme \u00e0 la myrtille<\/strong> est un point fort parmi les ar\u00f4mes disponibles de l'AL Fakher Crown Bar. Le m\u00e9lange harmonieux de myrtilles sucr\u00e9es et de la saveur rafra\u00eechissante de chewing-gum procure une exp\u00e9rience de vape unique, \u00e0 la fois fruit\u00e9e et revigorante.<\/p>\n<h4>Ar\u00f4me intense<\/h4>\n<p>Le <strong>Ar\u00f4me de gomme \u00e0 la myrtille<\/strong> captures le go\u00fbt plein et sucr\u00e9 de myrtilles m\u00fbres, qui est adouci par une subtile note de gomme \u00e0 m\u00e2cher. Chaque bouff\u00e9e apporte un \u00e9quilibre parfait de fra\u00eecheur et de douceur, qui s\u00e9duit les papilles et fait oublier le quotidien. L'ar\u00f4me reste pleinement pr\u00e9sent jusqu'\u00e0 la derni\u00e8re bouff\u00e9e, sans perdre en intensit\u00e9.<\/p>\n<h4>Saveur longue dur\u00e9e<\/h4>\n<p>Gr\u00e2ce au remplissage de e-liquide de haute qualit\u00e9 de 18 ml, vous pouvez vous r\u00e9jouir d'une exp\u00e9rience gustative durable. Que vous soyez un vapoteur exp\u00e9riment\u00e9 ou que vous commenciez juste, le go\u00fbt de <strong>Blueberry Gum \n\nbecomes \n\nGomme \u00e0 la myrtille<\/strong> vous enthousiasmera \u00e0 nouveau. La combinaison de notes sucr\u00e9es et rafra\u00eechissantes rend cette saveur particuli\u00e8rement populaire aupr\u00e8s de ceux qui recherchent un ar\u00f4me intense et pourtant pas \u00e9crasant.<\/p>\n<h4>Exp\u00e9rience de vapotage DTL<\/h4>\n<p>Avec la <strong>0,6\u03a9 Technologie de bobine Mesh<\/strong> s'assure que <strong>Blueberry Gum \n\nbecomes \n\nGomme \u00e0 la myrtille<\/strong> Go\u00fbt pour les nuages de vapeur denses et importants qui peuvent \u00eatre inhal\u00e9s directement dans les poumons. Cela offre une exp\u00e9rience de vape intense, similaire \u00e0 celle du narguil\u00e9, qui rappelle les pipes \u00e0 eau traditionnelles, mais dans une forme moderne et portable.<\/p>\n<p><img loading=\"lazy\" decoding=\"async\" class=\"alignnone wp-image-79 size-full\" src=\"https:\/\/alfakher24h.de\/wp-content\/uploads\/2024\/09\/AL-Fakher-Crown-Bar-8000-Zuege-Einweg-E-Zigarette-Mit-Nikotin-Blueberry-Gum-2.webp\" alt=\"AL Fakher Crown Bar 8000 tirages cigarette \u00e9lectronique jetable avec nicotine - Gomme \u00e0 la myrtille\" width=\"600\" height=\"600\" title=\"\" srcset=\"https:\/\/alfakher24h.de\/wp-content\/uploads\/2024\/09\/AL-Fakher-Crown-Bar-8000-Zuege-Einweg-E-Zigarette-Mit-Nikotin-Blueberry-Gum-2.webp 600w, https:\/\/alfakher24h.de\/wp-content\/uploads\/2024\/09\/AL-Fakher-Crown-Bar-8000-Zuege-Einweg-E-Zigarette-Mit-Nikotin-Blueberry-Gum-2-300x300.webp 300w, https:\/\/alfakher24h.de\/wp-content\/uploads\/2024\/09\/AL-Fakher-Crown-Bar-8000-Zuege-Einweg-E-Zigarette-Mit-Nikotin-Blueberry-Gum-2-150x150.webp 150w, https:\/\/alfakher24h.de\/wp-content\/uploads\/2024\/09\/AL-Fakher-Crown-Bar-8000-Zuege-Einweg-E-Zigarette-Mit-Nikotin-Blueberry-Gum-2-100x100.webp 100w\" sizes=\"auto, (max-width: 600px) 100vw, 600px\" \/><\/p>\n<h3>Pourquoi la AL Fakher Crown Bar 8000 tirs <a href=\"\/\/alfakher24h.de\">Cigarette \u00e9lectronique jetable<\/a> le meilleur choix est<\/h3>\n<p>La <strong>AL Fakher Crown Bar<\/strong> se distingue non seulement par ses sp\u00e9cifications techniques et son offre aromatique unique, mais \u00e9galement par sa facilit\u00e9 d'utilisation et sa durabilit\u00e9. Voici quelques raisons pour lesquelles vous devriez absolument essayer cette cigarette \u00e9lectronique jetable :<\/p>\n<ul>\n<li><strong>Mat\u00e9riaux de haute qualit\u00e9<\/strong>La conception robuste garantit que l'appareil r\u00e9siste sans probl\u00e8me aux chutes et \u00e0 l'usure quotidienne.<\/li>\n<li><strong>Longue exp\u00e9rience de vapotage<\/strong>: Avec jusqu'\u00e0 8000 tirages, la AL Fakher Crown Bar est particuli\u00e8rement durable et dure nettement plus longtemps que les vapes jetables conventionnelles.<\/li>\n<li><strong>Facile \u00e0 utiliser<\/strong>: Pas de remplissage ou de r\u00e9glage compliqu\u00e9 - simplement d\u00e9baller, charger et profiter.<\/li>\n<li><strong>Option nicotine pour des hits intenses<\/strong>Avec 5% de nicotine, l'appareil offre une exp\u00e9rience de vape intense qui satisfait m\u00eame les vapoteurs exp\u00e9riment\u00e9s.<\/li>\n<li><strong>Design discret et \u00e9l\u00e9gant<\/strong>Le design simple et \u00e9l\u00e9gant fait de l'AL Fakher Crown Bar un v\u00e9ritable objet de curiosit\u00e9.<\/li>\n<\/ul>\n<h3><a href=\"https:\/\/alfakher24h.de\/fr\/\">AL Fakher<\/a> Crown Bar 8000 Z\u00fcge Kaufanleitung \nBarre Crown 8000 tirages Guide d'achat<\/h3>\n<p>La <strong>AL Fakher Crown Bar 8000 tirages cigarette \u00e9lectronique jetable<\/strong> est disponible chez nous - sur <strong>alfakher24h.de<\/strong>, la plus grande plateforme en ligne pour les cigarettes \u00e9lectroniques jetables en Allemagne. Commandez d\u00e8s aujourd'hui et d\u00e9couvrez la gamme compl\u00e8te d'ar\u00f4mes fruit\u00e9s et de plaisir de vape inoubliable. En quelques clics seulement, vous pouvez les <strong>AL Fakher Crown Bar 8000 Z\u00fcge \n\nbecomes \n\nAL Fakher Crown Bar 8000 tir\u00e9es<\/strong> Achetez-les et faites-les livrer commod\u00e9ment chez vous.<\/p>\n<p>Profitez de cette opportunit\u00e9 pour vous offrir une exp\u00e9rience de vape de haute qualit\u00e9, adapt\u00e9e aussi bien aux d\u00e9butants qu'aux vapoteurs exp\u00e9riment\u00e9s.<\/p>\n<h3>AL Fakher Crown Bar 8000 Z\u00fcge \n Crown Bar 8000 \nLa barre Crown 8000 de AL Fakher<\/h3>\n<p>La <strong>AL Fakher Crown Bar 8000 tirages cigarette \u00e9lectronique jetable<\/strong> est le choix parfait pour ceux qui recherchent une exp\u00e9rience de vapotage intense, longue dur\u00e9e et sans complication. Avec son nombre \u00e9lev\u00e9 de bouff\u00e9es, sa saveur d\u00e9licieuse <strong>Blueberry Gum \n\nbecomes \n\nGomme \u00e0 la myrtille<\/strong> Le go\u00fbt et la technologie DTL fixent de nouvelles normes dans le domaine des vapes jetables. Commandez le v\u00f4tre aujourd'hui sur <a href=\"https:\/\/alfakher24h.de\/fr\/\"><strong>alfakher24h.de<\/strong><\/a> et profitez du vapotage \u00e0 un niveau sup\u00e9rieur.<\/p>","protected":false},"excerpt":{"rendered":"<p>La <strong>AL Fakher Crown Bar 8000 tirages cigarette \u00e9lectronique jetable<\/strong> Offre une exp\u00e9rience de vape intense et longue dur\u00e9e avec un liquide pr\u00e9rempli de 18 ml, 5,1% de nicotine et le go\u00fbt d\u00e9licieux de chewing-gum aux bleuets, id\u00e9al pour les inhalations directes en poumons (DTL).<\/p>","protected":false},"featured_media":78,"comment_status":"open","ping_status":"closed","template":"","meta":{"om_disable_all_campaigns":false},"product_brand":[],"product_cat":[19],"product_tag":[],"class_list":{"0":"post-76","1":"product","2":"type-product","3":"status-publish","4":"has-post-thumbnail","6":"product_cat-al-fakher-crown-bar-8000","8":"first","9":"instock","10":"shipping-taxable","11":"purchasable","12":"product-type-simple"},"_links":{"self":[{"href":"https:\/\/alfakher24h.de\/fr\/wp-json\/wp\/v2\/product\/76","targetHints":{"allow":["GET"]}}],"collection":[{"href":"https:\/\/alfakher24h.de\/fr\/wp-json\/wp\/v2\/product"}],"about":[{"href":"https:\/\/alfakher24h.de\/fr\/wp-json\/wp\/v2\/types\/product"}],"replies":[{"embeddable":true,"href":"https:\/\/alfakher24h.de\/fr\/wp-json\/wp\/v2\/comments?post=76"}],"wp:featuredmedia":[{"embeddable":true,"href":"https:\/\/alfakher24h.de\/fr\/wp-json\/wp\/v2\/media\/78"}],"wp:attachment":[{"href":"https:\/\/alfakher24h.de\/fr\/wp-json\/wp\/v2\/media?parent=76"}],"wp:term":[{"taxonomy":"product_brand","embeddable":true,"href":"https:\/\/alfakher24h.de\/fr\/wp-json\/wp\/v2\/product_brand?post=76"},{"taxonomy":"product_cat","embeddable":true,"href":"https:\/\/alfakher24h.de\/fr\/wp-json\/wp\/v2\/product_cat?post=76"},{"taxonomy":"product_tag","embeddable":true,"href":"https:\/\/alfakher24h.de\/fr\/wp-json\/wp\/v2\/product_tag?post=76"}],"curies":[{"name":"wp","href":"https:\/\/api.w.org\/{rel}","templated":true}]}}