{"id":391,"date":"2024-09-18T12:40:36","date_gmt":"2024-09-18T12:40:36","guid":{"rendered":"https:\/\/alfakher24h.de\/?post_type=product&#038;p=391"},"modified":"2025-07-23T04:17:50","modified_gmt":"2025-07-23T04:17:50","slug":"al-fakher-crown-bar-12000-bouffees-cigarette-electronique-jetable-avec-punch-a-la-nicotine-et-a-la-fraise","status":"publish","type":"product","link":"https:\/\/alfakher24h.de\/fr\/produit\/al-fakher-crown-bar-12000-bouffees-cigarette-electronique-jetable-avec-punch-a-la-nicotine-et-a-la-fraise\/","title":{"rendered":"AL Fakher Crown Bar 12000 tirages cigarette \u00e9lectronique jetable avec nicotine - Strawberry Punch"},"content":{"rendered":"<h2><strong><a href=\"https:\/\/alfakher24h.de\/fr\/categorie-de-produit\/barre-de-couronne-ai-fakher-12000\/\">AL Fakher Crown Bar 12000 tirages<\/a> Cigarette \u00e9lectronique jetable avec nicotine - Strawberry Punch<\/strong><\/h2>\n<p>La <strong>AL Fakher Crown Bar 12000 tirages cigarette \u00e9lectronique jetable<\/strong> allie la technologie moderne de vaporisateur avec l'esth\u00e9tique traditionnelle du narguil\u00e9. Cet appareil innovant \u00e9tablit de nouvelles normes pour <a href=\"https:\/\/alfakher24h.de\/fr\/\">Cigarettes \u00e9lectroniques jetables<\/a>en combinant convivialit\u00e9, puissance et exp\u00e9rience de saveur exceptionnelle. Avec une capacit\u00e9 de tirage pouvant atteindre jusqu'\u00e0 12 000 tirages, cet appareil est con\u00e7u pour permettre une utilisation longue et intensive, id\u00e9al pour les vapoteurs recherchant un compagnon de longue dur\u00e9e.<\/p>\n<h2><strong>AL Fakher Crown Bar 12000 tirages <\/strong>Technologie de pointe pour une exp\u00e9rience de vape ultime<\/h2>\n<p>La <a href=\"https:\/\/alfakher24h.de\/fr\/\">AL Fakher<\/a> Crown Bar 12000 tirages cigarette \u00e9lectronique jetable \u00e9l\u00e8ve la vape \u00e0 un tout nouveau niveau. Voici les principales caract\u00e9ristiques techniques qui rendent ce produit si sp\u00e9cial :<\/p>\n<h4>Sp\u00e9cifications techniques :<\/h4>\n<ul>\n<li><strong>Capacit\u00e9 du train<\/strong>: Jusqu'\u00e0 12 000 trains \u2013 pour un plaisir de vapeur durable<\/li>\n<li><strong>Style \u00e0 vapeur<\/strong>: DTL (Direct-to-Lung) \u2013 id\u00e9al pour les utilisateurs qui pr\u00e9f\u00e8rent des quantit\u00e9s de vapeur plus importantes<\/li>\n<li><strong>Mesh Coil<\/strong>: Avec une r\u00e9sistance de 0,6 Ohm \u2013 assure une production de vapeur dense et savoureuse<\/li>\n<li><strong>Batterie rechargeable<\/strong>: Permet une vape continue sans interruption<\/li>\n<li><strong>Port de charge C<\/strong>Chargement rapide et facile, parfait pour \u00eatre en d\u00e9placement<\/li>\n<li><strong>Shisha Sound Waves<\/strong>: \u00c9l\u00e9ments de shisha int\u00e9gr\u00e9s pour une exp\u00e9rience authentique<\/li>\n<li><strong>Affichage num\u00e9rique<\/strong>: Surveille l'\u00e9tat de la batterie et le niveau d'huile - pas de mauvaises surprises lors de la vape<\/li>\n<li><strong>Sans entretien<\/strong>: Aucun remplissage ni remplacement de pi\u00e8ces requis<\/li>\n<\/ul>\n<p>Ce mod\u00e8le est parfait pour tous ceux qui recherchent une cigarette \u00e9lectronique jetable sans effort et puissante. Il combine une production de vapeur de pointe avec un design compact et portable qui peut \u00eatre facilement emport\u00e9 partout.<\/p>\n<h2><strong>AL Fakher Crown Bar 12000 tirages <\/strong>Une exp\u00e9rience gustative incomparable : Strawberry Punch<\/h2>\n<p>La saveur <strong>Punch aux fraises<\/strong> offre une exp\u00e9rience de vape exceptionnelle et fruit\u00e9e, qui rend chaque tirage agr\u00e9able. \u00c0 chaque inhalation, un ar\u00f4me intense de fraises m\u00fbres se d\u00e9ploie, accompagn\u00e9 d'une douceur subtile qui compl\u00e8te le go\u00fbt.<\/p>\n<h4>Saveur intense de fraise<\/h4>\n<p>Le <strong>Punch aux fraises<\/strong> offre un ar\u00f4me de fraise riche et envo\u00fbtant qui captive imm\u00e9diatement tout vapoteur. La fraise elle-m\u00eame a un caract\u00e8re frais et juteux qui rappelle la premi\u00e8re bouch\u00e9e d'un fruit d'\u00e9t\u00e9 parfaitement m\u00fbr. Cette explosion de saveur fait du vapotage un pur plaisir.<\/p>\n<h4>Douceur et fra\u00eecheur en parfaite \u00e9quilibre<\/h4>\n<p>Le sucr\u00e9 dans cette saveur est \u00e9quilibr\u00e9 et ne domine pas de mani\u00e8re excessive, de sorte que m\u00eame ceux qui ne pr\u00e9f\u00e8rent g\u00e9n\u00e9ralement pas les ar\u00f4mes sucr\u00e9s peuvent appr\u00e9cier l'exp\u00e9rience. Le <strong>Punch aux fraises<\/strong> offre un \u00e9quilibre parfait entre des notes fruit\u00e9es et sucr\u00e9es qui se d\u00e9ploient \u00e0 chaque inhalation et offrent au vapoteur une exp\u00e9rience gustative constante.<\/p>\n<h4>Saveur longue dur\u00e9e<\/h4>\n<p>Un des plus grands avantages du <strong><a href=\"https:\/\/alfakher24h.de\/fr\/\">AL Fakher<\/a> Crown Bar 12000 Z\u00fcge \n\n becomes \n\nCrown Bar 12000 tir\u00e9es<\/strong> est que le go\u00fbt reste inchang\u00e9 de d\u00e9but \u00e0 fin. La technologie Mesh Coil garantit que l'ar\u00f4me reste constant sur toute la dur\u00e9e de vie de l'appareil. Vous pouvez ainsi profiter pleinement des 12 000 bouff\u00e9es, sans craindre une perte d'intensit\u00e9 ou de fra\u00eecheur du go\u00fbt.<\/p>\n<h2><strong>AL Fakher Crown Bar 12000 tirages <\/strong>Pourquoi choisir AL Fakher Crown Bar 12000 tirages ?<\/h2>\n<p>La barre AL Fakher Crown 12000 tirs<a href=\"https:\/\/alfakher24h.de\/fr\/\"> Cigarette \u00e9lectronique jetable<\/a> offre de nombreux avantages qui en font l'un des meilleurs vapes jetables sur le march\u00e9. Voici quelques-uns des principaux avantages que vous ne devriez pas manquer :<\/p>\n<h4>1. <strong>Haute capacit\u00e9 de traction<\/strong><\/h4>\n<p>Avec jusqu'\u00e0 12 000 tirages, cet appareil offre l'une des dur\u00e9es de vie les plus longues du march\u00e9. Parfait pour tous ceux qui sont souvent en d\u00e9placement et ne veulent pas se soucier du remplacement constant.<\/p>\n<h4>2. <strong>Production de vapeur de haute qualit\u00e9<\/strong><\/h4>\n<p>La technologie Mesh Coil avec une r\u00e9sistance de 0,6 Ohm offre une exp\u00e9rience gustative intense et de gros nuages de vapeur. Id\u00e9al pour les vapoteurs Direct-to-Lung qui souhaitent exploiter tout le potentiel de leur appareil.<\/p>\n<h4>3. <strong>Batterie rechargeable<\/strong><\/h4>\n<p>Contrairement \u00e0 beaucoup d'autres <a href=\"https:\/\/alfakher24h.de\/fr\/\">Cigarettes \u00e9lectroniques jetables<\/a> peut-elle <a href=\"https:\/\/alfakher24h.de\/fr\/\">AL Fakher<\/a> Crown Bar peut \u00eatre recharg\u00e9e 12 000 fois via un port C pratique, ce qui la rend particuli\u00e8rement \u00e9cologique et durable.<\/p>\n<h4>4. <strong>Conception compacte et portable<\/strong><\/h4>\n<p>Cet appareil est l\u00e9ger et facile \u00e0 transporter, id\u00e9al pour les vapoteurs qui sont souvent en d\u00e9placement et qui veulent n\u00e9anmoins avoir un appareil \u00e0 vapeur de haute qualit\u00e9 avec eux.<\/p>\n<h4>5. <strong>\u00c9l\u00e9ments de shisha int\u00e9gr\u00e9s<\/strong><\/h4>\n<p>Les ondes sonores de la Shisha rendent l'exp\u00e9rience de vape unique et procurent une sensation qui rappelle les pipes \u00e0 eau traditionnelles, sans pour autant renoncer \u00e0 la mobilit\u00e9 des vapes jetables modernes.<\/p>\n<h4>6. <strong>Aucune maintenance<\/strong><\/h4>\n<p>\u00c9tant donn\u00e9 qu'il s'agit d'un produit \u00e0 usage unique, il n'est pas n\u00e9cessaire de l'entretenir ni de le nettoyer. Il suffit de le charger, de vapoter et de profiter.<\/p>\n<h2><strong>AL Fakher Crown Bar 12000 tirages <\/strong>Achetez la AL Fakher Crown Bar 12000 tirages sur alfakher24h.de<\/h2>\n<p>La AL Fakher Crown Bar 12000 tirages cigarette \u00e9lectronique jetable est exclusive sur <a href=\"https:\/\/alfakher24h.de\/fr\/\"><strong>alfakher24h.de<\/strong> <\/a>disponible, la plus grande plateforme pour l'achat de <strong>E-cigarettes jetables<\/strong> dans <strong>Allemagne<\/strong>Avec notre livraison rapide et notre service client fiable, nous vous offrons les meilleurs produits \u00e0 des prix comp\u00e9titifs.<\/p>\n<p>Sauvegardez vos informations d\u00e8s aujourd'hui <strong>AL Fakher Crown Bar 12000 tirages <a href=\"https:\/\/alfakher24h.de\/fr\/\">Cigarette \u00e9lectronique jetable avec nicotine<\/a><\/strong> et d\u00e9couvrez le go\u00fbt intense de <strong>Punch aux fraises<\/strong> \u00e0 pleins poumons. Que ce soit pour une utilisation quotidienne ou comme point fort particulier pour des occasions sp\u00e9ciales - cet appareil d\u00e9passera toutes vos attentes.<\/p>\n<p>Visitez <a href=\"https:\/\/alfakher24h.de\/fr\/\"><strong>alfakher24h.de<\/strong><\/a> et d\u00e9couvrez notre large gamme de cigarettes \u00e9lectroniques jetables de haute qualit\u00e9. Nous sommes votre partenaire de confiance pour tous les produits de vapotage en Allemagne.<\/p>","protected":false},"excerpt":{"rendered":"<p>La <strong>AL Fakher Crown Bar 12000 tirages cigarette \u00e9lectronique jetable<\/strong> offre jusqu'\u00e0 12 000 bouff\u00e9es avec des ar\u00f4mes intenses, une batterie rechargeable, une technologie de mesh coil pour une vapeur dense et un design convivial et sans entretien pour garantir une exp\u00e9rience de vape in\u00e9gal\u00e9e.<\/p>","protected":false},"featured_media":392,"comment_status":"open","ping_status":"closed","template":"","meta":{"om_disable_all_campaigns":false},"product_brand":[],"product_cat":[20],"product_tag":[],"class_list":{"0":"post-391","1":"product","2":"type-product","3":"status-publish","4":"has-post-thumbnail","6":"product_cat-ai-fakher-crown-bar-12000","8":"first","9":"instock","10":"shipping-taxable","11":"purchasable","12":"product-type-simple"},"_links":{"self":[{"href":"https:\/\/alfakher24h.de\/fr\/wp-json\/wp\/v2\/product\/391","targetHints":{"allow":["GET"]}}],"collection":[{"href":"https:\/\/alfakher24h.de\/fr\/wp-json\/wp\/v2\/product"}],"about":[{"href":"https:\/\/alfakher24h.de\/fr\/wp-json\/wp\/v2\/types\/product"}],"replies":[{"embeddable":true,"href":"https:\/\/alfakher24h.de\/fr\/wp-json\/wp\/v2\/comments?post=391"}],"wp:featuredmedia":[{"embeddable":true,"href":"https:\/\/alfakher24h.de\/fr\/wp-json\/wp\/v2\/media\/392"}],"wp:attachment":[{"href":"https:\/\/alfakher24h.de\/fr\/wp-json\/wp\/v2\/media?parent=391"}],"wp:term":[{"taxonomy":"product_brand","embeddable":true,"href":"https:\/\/alfakher24h.de\/fr\/wp-json\/wp\/v2\/product_brand?post=391"},{"taxonomy":"product_cat","embeddable":true,"href":"https:\/\/alfakher24h.de\/fr\/wp-json\/wp\/v2\/product_cat?post=391"},{"taxonomy":"product_tag","embeddable":true,"href":"https:\/\/alfakher24h.de\/fr\/wp-json\/wp\/v2\/product_tag?post=391"}],"curies":[{"name":"wp","href":"https:\/\/api.w.org\/{rel}","templated":true}]}}