{"id":379,"date":"2024-09-18T11:30:33","date_gmt":"2024-09-18T11:30:33","guid":{"rendered":"https:\/\/alfakher24h.de\/?post_type=product&#038;p=379"},"modified":"2025-07-23T04:17:50","modified_gmt":"2025-07-23T04:17:50","slug":"al-fakher-crown-bar-12000-bouffees-cigarette-electronique-jetable-avec-glace-a-la-mangue-et-a-la-nicotine","status":"publish","type":"product","link":"https:\/\/alfakher24h.de\/fr\/produit\/al-fakher-crown-bar-12000-bouffees-cigarette-electronique-jetable-avec-glace-a-la-mangue-et-a-la-nicotine\/","title":{"rendered":"AI Fakher Crown Bar 12000 tirages Hookah Sound E-cigarette jetable - Cool Mango"},"content":{"rendered":"<div class=\"flex-shrink-0 flex flex-col relative items-end\">\n<div class=\"pt-0\">\n<div class=\"gizmo-bot-avatar flex h-8 w-8 items-center justify-center overflow-hidden rounded-full\">\n<div><\/div>\n<div class=\"relative p-1 rounded-sm flex items-center justify-center bg-token-main-surface-primary text-token-text-primary h-8 w-8\">\n<h1 class=\"product-title product_title entry-title\"><a href=\"https:\/\/alfakher24h.de\/fr\/produit\/al-fakher-crown-bar-12000-bouffees-cigarette-electronique-jetable-avec-glace-a-la-mangue-et-a-la-nicotine\/\">AI Fakher Crown Bar 12000 tir\u00e9es<\/a> Hookah Sound Jetable E Cigarette \u2013 Cool Mango<\/h1>\n<\/div>\n<\/div>\n<\/div>\n<\/div>\n<div class=\"group\/conversation-turn relative flex w-full min-w-0 flex-col agent-turn\">\n<div class=\"flex-col gap-1 md:gap-3\">\n<div class=\"flex max-w-full flex-col flex-grow\">\n<div class=\"min-h-[20px] text-message flex w-full flex-col items-end gap-2 whitespace-normal break-words [.text-message+&amp;]:mt-5\" dir=\"auto\" data-message-author-role=\"assistant\" data-message-id=\"acd6a259-eb42-4cad-a986-6327cef5dc56\">\n<div class=\"flex w-full flex-col gap-1 empty:hidden first:pt-[3px]\">\n<div class=\"markdown prose w-full break-words dark:prose-invert light\">\n<p>La <strong>AL Fakher Crown Bar 12000 tirages <a href=\"https:\/\/alfakher24h.de\/fr\/\">Cigarette \u00e9lectronique jetable<\/a><\/strong> allie des performances exceptionnelles et un go\u00fbt de haute qualit\u00e9 dans un seul appareil facile \u00e0 utiliser. Avec la saveur Mango Ice, ce vape se distingue non seulement par sa grande capacit\u00e9, mais offre \u00e9galement une exp\u00e9rience gustative incomparable qui ravira tous les amateurs de vape. D\u00e9couvrez pourquoi cet appareil est le choix id\u00e9al pour les vapoteurs exigeants.<\/p>\n<h2><strong>AL Fakher Crown Bar 12000 tirages <\/strong>Description du produit<\/h2>\n<p>Le <strong>AL Fakher Crown Bar 12000 PRO<\/strong> n'est pas simplement un autre vaporisateur jetable ; <a href=\"https:\/\/alfakher24h.de\/fr\/\">Cigarette \u00e9lectronique jetable avec nicotine<\/a> C'est une r\u00e9volution dans le monde de la vapeur. Avec un impressionnant 12 000 tirages, cet appareil offre une dur\u00e9e de vie exceptionnelle qui d\u00e9passe largement la moyenne. Son design ergonomique et \u00e9lanc\u00e9 assure une prise en main confortable et une manipulation conviviale. Le design \u00e9l\u00e9gant est non seulement esth\u00e9tiquement agr\u00e9able, mais \u00e9galement fonctionnel et peut \u00eatre facilement rang\u00e9 dans une poche ou un sac \u00e0 main.<\/p>\n<p>L'innovante <strong>Bobine \u00e0 mailles<\/strong> avec une r\u00e9sistance de 0,6 Ohm, assure que chaque inhalation produit des nuages de vapeur denses et savoureux. Cette technologie optimise la vaporisation et offre une exp\u00e9rience gustative intense et sans probl\u00e8me. Le <strong>Technologie de vapotage DTL<\/strong> (Direct-to-Lung) \u00e9l\u00e8ve le go\u00fbt \u00e0 un nouveau niveau et permet une exp\u00e9rience de vape intense. Que vous soyez un vapoteur r\u00e9gulier ou occasionnel, ce vape jetable est con\u00e7u pour une longue dur\u00e9e de vie et un go\u00fbt exceptionnel.<\/p>\n<h2><strong>AL Fakher Crown Bar 12000 tirages <\/strong>Principales caract\u00e9ristiques du AL Fakher Crown Bar 12000 PRO<\/h2>\n<ul>\n<li><strong>Jusqu'\u00e0 12 000 trains par dispositif<\/strong>: L'une des capacit\u00e9s les plus \u00e9lev\u00e9es du march\u00e9, id\u00e9ale pour un vapotage prolong\u00e9 sans achats fr\u00e9quents.<\/li>\n<li><strong>Bobine Mesh (0,6 Ohm)<\/strong>Pour des nuages de vapeur intenses et denses et une exp\u00e9rience gustative incomparable.<\/li>\n<li><strong>Accumulateur rechargeable<\/strong>: Avec une prise de charge USB-C pour une charge rapide et une disponibilit\u00e9 continue.<\/li>\n<li><strong>Affichage num\u00e9rique<\/strong>: Affichage clair du niveau de la batterie et du niveau de e-liquide.<\/li>\n<li><strong>Design \u00e9l\u00e9gant et l\u00e9ger<\/strong>Moderne et \u00e9l\u00e9gant, mais aussi fonctionnel et pratique.<\/li>\n<li><strong>Hookah-Sound-Waves \n devient \n\n Hookah Sound Waves<\/strong>: Les ondes sonores int\u00e9gr\u00e9es de la pipe \u00e0 eau am\u00e9liorent l'exp\u00e9rience authentique de la shisha.<\/li>\n<\/ul>\n<h2><strong>AL Fakher Crown Bar 12000 tirages <\/strong>Pourquoi vous devriez acheter le AL Fakher Crown Bar 12000 PRO<\/h2>\n<p>Si vous cherchez un vape durable et puissant qui offre \u00e0 la fois du go\u00fbt et une facilit\u00e9 d'utilisation, alors le <strong><a href=\"https:\/\/alfakher24h.de\/fr\/\">AL Fakher<\/a> Crown Bar 12000 PRO<\/strong> exactement ce qu'il vous faut. Avec sa grande capacit\u00e9 de 12 000 bouff\u00e9es, cet appareil est id\u00e9al pour tous ceux qui vapent beaucoup et r\u00e9guli\u00e8rement. La batterie rechargeable et la prise USB-C garantissent que votre vape est toujours pr\u00eat lorsque vous en avez besoin.<\/p>\n<p>Cet appareil se distingue par ses caract\u00e9ristiques uniques <strong>Hookah-Sound-Waves \n devient \n\n Hookah Sound Waves<\/strong> qui offrent une exp\u00e9rience authentique de Shisha. Pour les vapers qui aiment l'atmosph\u00e8re et le plaisir de la Shisha, le<a href=\"https:\/\/alfakher24h.de\/fr\/\"> AL Fakher<\/a> Crown Bar 12000 PRO repr\u00e9sente le choix parfait.<\/p>\n<h2><strong>AL Fakher Crown Bar 12000 tirages <\/strong>Donn\u00e9es techniques<\/h2>\n<ul>\n<li><strong>Trains<\/strong>: Jusqu'\u00e0 12 000 trains<\/li>\n<li><strong>Teneur en nicotine<\/strong>: 0,51 % (5 mg)<\/li>\n<li><strong>Bobine<\/strong>: 0,6 Ohm Mesh Bobine<\/li>\n<li><strong>Charger<\/strong>: USB-Anschluss Typ C \n\u2192 : Connecteur USB de type C<\/li>\n<li><strong>Rechargeable<\/strong>: Oui<\/li>\n<li><strong>\u00c9cran num\u00e9rique<\/strong>: Oui<\/li>\n<li><strong>Sans entretien<\/strong>: Oui<\/li>\n<li><strong>Conception<\/strong>: L\u00e9ger et compact<\/li>\n<\/ul>\n<h2><strong>AL Fakher Crown Bar 12000 tirages <\/strong>Description d\u00e9taill\u00e9e du go\u00fbt - Mango Glace<\/h2>\n<p>La caract\u00e9ristique exceptionnelle du <strong><a href=\"https:\/\/alfakher24h.de\/fr\/\">AL Fakher<\/a> Crown Bar 12000 PRO<\/strong> est sans aucun doute le go\u00fbt de <strong>Mango Ice<\/strong>Cette saveur combine la fra\u00eecheur sucr\u00e9e et juteuse de mangues m\u00fbres avec une touche rafra\u00eechissante et froide de glace. La saveur de Mango Ice est parfaitement \u00e9quilibr\u00e9e et offre \u00e0 la fois l'intensit\u00e9 fruit\u00e9es de la mangue et une fra\u00eecheur revigorante qui rend chaque bouff\u00e9e un v\u00e9ritable plaisir.<\/p>\n<p>La saveur de Mango Ice offre non seulement un m\u00e9lange harmonieux de douceur fruit\u00e9e et de fra\u00eecheur rafra\u00eechissante, mais procure \u00e9galement une exp\u00e9rience gustative durable qui dure toute la journ\u00e9e. Chaque bouff\u00e9e est une exp\u00e9rience en soi, qui ravit les sens avec une explosion de mangue tropicale et une note de glace rafra\u00eechissante. Cette exp\u00e9rience gustative est renforc\u00e9e par la bobine Mesh avanc\u00e9e, qui fait ressortir intens\u00e9ment chaque nuance des ar\u00f4mes.<\/p>\n<p><img loading=\"lazy\" decoding=\"async\" class=\"alignnone size-full wp-image-381\" src=\"https:\/\/alfakher24h.de\/wp-content\/uploads\/2024\/09\/AL-Fakher-Crown-Bar-12000-Zuege-Einweg-E-Zigarette-Mit-Nikotin-Mango-Ice-2.webp\" alt=\"AL Fakher Crown Bar 12000 tirages cigarette \u00e9lectronique jetable avec nicotine - Mango Ice\" width=\"1837\" height=\"2522\" title=\"\" srcset=\"https:\/\/alfakher24h.de\/wp-content\/uploads\/2024\/09\/AL-Fakher-Crown-Bar-12000-Zuege-Einweg-E-Zigarette-Mit-Nikotin-Mango-Ice-2.webp 1837w, https:\/\/alfakher24h.de\/wp-content\/uploads\/2024\/09\/AL-Fakher-Crown-Bar-12000-Zuege-Einweg-E-Zigarette-Mit-Nikotin-Mango-Ice-2-219x300.webp 219w, https:\/\/alfakher24h.de\/wp-content\/uploads\/2024\/09\/AL-Fakher-Crown-Bar-12000-Zuege-Einweg-E-Zigarette-Mit-Nikotin-Mango-Ice-2-746x1024.webp 746w, https:\/\/alfakher24h.de\/wp-content\/uploads\/2024\/09\/AL-Fakher-Crown-Bar-12000-Zuege-Einweg-E-Zigarette-Mit-Nikotin-Mango-Ice-2-768x1054.webp 768w, https:\/\/alfakher24h.de\/wp-content\/uploads\/2024\/09\/AL-Fakher-Crown-Bar-12000-Zuege-Einweg-E-Zigarette-Mit-Nikotin-Mango-Ice-2-1119x1536.webp 1119w, https:\/\/alfakher24h.de\/wp-content\/uploads\/2024\/09\/AL-Fakher-Crown-Bar-12000-Zuege-Einweg-E-Zigarette-Mit-Nikotin-Mango-Ice-2-1492x2048.webp 1492w, https:\/\/alfakher24h.de\/wp-content\/uploads\/2024\/09\/AL-Fakher-Crown-Bar-12000-Zuege-Einweg-E-Zigarette-Mit-Nikotin-Mango-Ice-2-600x824.webp 600w\" sizes=\"auto, (max-width: 1837px) 100vw, 1837px\" \/><\/p>\n<h2><strong>AL Fakher Crown Bar 12000 tirages <\/strong>Achetez maintenant sur alfakher24h.de<\/h2>\n<p>Pour une exp\u00e9rience de vapotage incomparable et la possibilit\u00e9 de <strong>AL Fakher Crown Bar 12000 tirages cigarette \u00e9lectronique jetable<\/strong> dans la d\u00e9licieuse saveur de glace \u00e0 la mangue, visitez <strong><a href=\"https:\/\/alfakher24h.de\/fr\/\" target=\"_new\" rel=\"noopener\">alfakher24h.de<\/a><\/strong>En tant que plus grande plate-forme de vente en ligne de vapes jetables en Allemagne, nous vous offrons les meilleurs produits et le meilleur service. Ne manquez pas l'occasion de vous procurer ce vape exceptionnel et d'\u00e9lever votre exp\u00e9rience de vapotage \u00e0 un nouveau niveau.<\/p>\n<\/div>\n<\/div>\n<\/div>\n<\/div>\n<\/div>\n<\/div>","protected":false},"excerpt":{"rendered":"<p>La <strong>AL Fakher Crown Bar 12000 bouff\u00e9es cigarette \u00e9lectronique jetable avec nicotine \u00e0 la mangue glac\u00e9e<\/strong> offre avec sa haute capacit\u00e9 de 12 000 bouff\u00e9es et son go\u00fbt d\u00e9licieux de mangue juteuse et de glace rafra\u00eechissante une exp\u00e9rience de vapotage incomparable.<\/p>","protected":false},"featured_media":380,"comment_status":"open","ping_status":"closed","template":"","meta":{"om_disable_all_campaigns":false},"product_brand":[],"product_cat":[20],"product_tag":[],"class_list":{"0":"post-379","1":"product","2":"type-product","3":"status-publish","4":"has-post-thumbnail","6":"product_cat-ai-fakher-crown-bar-12000","8":"first","9":"instock","10":"shipping-taxable","11":"purchasable","12":"product-type-simple"},"_links":{"self":[{"href":"https:\/\/alfakher24h.de\/fr\/wp-json\/wp\/v2\/product\/379","targetHints":{"allow":["GET"]}}],"collection":[{"href":"https:\/\/alfakher24h.de\/fr\/wp-json\/wp\/v2\/product"}],"about":[{"href":"https:\/\/alfakher24h.de\/fr\/wp-json\/wp\/v2\/types\/product"}],"replies":[{"embeddable":true,"href":"https:\/\/alfakher24h.de\/fr\/wp-json\/wp\/v2\/comments?post=379"}],"wp:featuredmedia":[{"embeddable":true,"href":"https:\/\/alfakher24h.de\/fr\/wp-json\/wp\/v2\/media\/380"}],"wp:attachment":[{"href":"https:\/\/alfakher24h.de\/fr\/wp-json\/wp\/v2\/media?parent=379"}],"wp:term":[{"taxonomy":"product_brand","embeddable":true,"href":"https:\/\/alfakher24h.de\/fr\/wp-json\/wp\/v2\/product_brand?post=379"},{"taxonomy":"product_cat","embeddable":true,"href":"https:\/\/alfakher24h.de\/fr\/wp-json\/wp\/v2\/product_cat?post=379"},{"taxonomy":"product_tag","embeddable":true,"href":"https:\/\/alfakher24h.de\/fr\/wp-json\/wp\/v2\/product_tag?post=379"}],"curies":[{"name":"wp","href":"https:\/\/api.w.org\/{rel}","templated":true}]}}