{"id":376,"date":"2024-09-18T11:16:14","date_gmt":"2024-09-18T11:16:14","guid":{"rendered":"https:\/\/alfakher24h.de\/?post_type=product&#038;p=376"},"modified":"2025-07-23T04:17:50","modified_gmt":"2025-07-23T04:17:50","slug":"al-fakher-crown-bar-12000-bouffees-cigarette-electronique-jetable-avec-amour-magique-a-la-nicotine","status":"publish","type":"product","link":"https:\/\/alfakher24h.de\/fr\/produit\/al-fakher-crown-bar-12000-bouffees-cigarette-electronique-jetable-avec-amour-magique-a-la-nicotine\/","title":{"rendered":"AL Fakher Crown Bar 12000 tirages cigarette \u00e9lectronique jetable avec nicotine - Magic Love"},"content":{"rendered":"<div class=\"flex max-w-full flex-col flex-grow\">\n<div class=\"min-h-[20px] text-message flex w-full flex-col items-end gap-2 whitespace-normal break-words [.text-message+&amp;]:mt-5\" dir=\"auto\" data-message-author-role=\"assistant\" data-message-id=\"e2ed899c-d432-44c6-b547-2c8f92079545\">\n<div class=\"flex w-full flex-col gap-1 empty:hidden first:pt-[3px]\">\n<div class=\"markdown prose w-full break-words dark:prose-invert light\">\n<h2><strong><a href=\"https:\/\/alfakher24h.de\/fr\/categorie-de-produit\/barre-de-couronne-ai-fakher-12000\/\">AL Fakher Crown Bar 12000 tirages<\/a> Cigarette \u00e9lectronique jetable avec nicotine - Magic Love<\/strong><\/h2>\n<p>La <strong>AL Fakher Crown Bar 12000 tirages cigarette \u00e9lectronique jetable<\/strong> est un produit exceptionnel sur le march\u00e9 des vapes jetables, sp\u00e9cialement con\u00e7u pour les vapoteurs qui recherchent \u00e0 la fois la qualit\u00e9 et un design attrayant. Cet appareil innovant combine les derni\u00e8res technologies du monde de la cigarette \u00e9lectronique et offre une combinaison unique de performances et de facilit\u00e9 d'utilisation.<\/p>\n<h2><strong>AL Fakher Crown Bar 12000 tirages\u00a0<\/strong>Description du produit<\/h2>\n<p>La <strong>AL Fakher Crown Bar 12000<\/strong> est une hautement d\u00e9velopp\u00e9e <a href=\"https:\/\/alfakher24h.de\/fr\/\">Cigarette \u00e9lectronique jetable<\/a>qui vous offre jusqu'\u00e0 <strong>12 000 trains<\/strong> ce qui en fait l'un des produits les plus durables de cette cat\u00e9gorie. Avec l'avanc\u00e9 <strong>Bobine Mesh 0,6 Ohm<\/strong> offre un ar\u00f4me intense et des nuages de vapeur denses, qui procurent une exp\u00e9rience de vapotage impressionnante. Chaque inhalation est un plaisir, car la bobine garantit une production de vapeur uniforme et riche.<\/p>\n<p>Un autre point fort de ce mod\u00e8le est le <strong>\u00e9cran num\u00e9rique int\u00e9gr\u00e9<\/strong>qui te montre toujours le niveau actuel de la batterie et de l'huile. Cette fonction permet de s'assurer que tu as toujours une vue d'ensemble et que tu peux utiliser ton appareil de mani\u00e8re optimale. Les <strong>Fonction de charge rapide de type C<\/strong> permet une recharge rapide, afin que votre vape soit toujours pr\u00eat lorsque vous en avez besoin - id\u00e9al pour la vie quotidienne et en d\u00e9placement.<\/p>\n<p>La <strong>ondes sonores int\u00e9gr\u00e9es pour narguil\u00e9<\/strong> ajoutent une dimension suppl\u00e9mentaire \u00e0 l'exp\u00e9rience de vapotage en simulant l'exp\u00e9rience sonore famili\u00e8re de la fum\u00e9e de shisha. Cela rend l'Al Fakher Crown Bar 12000 PRO non seulement puissant, mais \u00e9galement un accessoire \u00e9l\u00e9gant. Le design mince et \u00e9l\u00e9gant souligne la qualit\u00e9 de fabrication et garantit que l'appareil est \u00e0 la fois fonctionnel et esth\u00e9tiquement agr\u00e9able.<\/p>\n<h2><strong>AL Fakher Crown Bar 12000 tirages <\/strong>Propri\u00e9t\u00e9s particuli\u00e8res<\/h2>\n<ul>\n<li><strong>Durabilit\u00e9<\/strong>: Jusqu'\u00e0 <strong>12 000 trains<\/strong> par appareil<\/li>\n<li><strong>Intensit\u00e9 aromatique<\/strong>: <strong>0,6 Ohm grille bobine<\/strong> pour des nuages de vapeur denses<\/li>\n<li><strong>Charge rapide<\/strong>: <strong>USB Type-C<\/strong> Fonction de charge rapide<\/li>\n<li><strong>Contr\u00f4le confortable<\/strong>: Ecran num\u00e9rique pour afficher le niveau de batterie et d'huile<\/li>\n<li><strong>Design \u00e9l\u00e9gant<\/strong>L\u00e9ger et \u00e9l\u00e9gant, tient dans n'importe quelle poche<\/li>\n<li><strong>Authentique ambiance Shisha<\/strong>: Ondes sonores int\u00e9gr\u00e9es de narguil\u00e9<\/li>\n<li><strong>Go\u00fbt fort<\/strong>: Direct-to-Lung (DTL) Vaping pour une exp\u00e9rience intense<\/li>\n<\/ul>\n<h2><strong>AL Fakher Crown Bar 12000 tirages <\/strong>Pourquoi vous devriez acheter Al Fakher Crown Bar 12000 PRO<\/h2>\n<p>La <strong><a href=\"https:\/\/alfakher24h.de\/fr\/\">AL Fakher<\/a> Crown Bar 12000 PRO<\/strong> est le choix id\u00e9al pour tous ceux qui souhaitent combiner le confort d'un vapoteur jetable avec l'intensit\u00e9 et l'authenticit\u00e9 d'un produit haut de gamme. Son nombre \u00e9lev\u00e9 de bouff\u00e9es et sa technologie rechargeable garantissent une longue dur\u00e9e d'utilisation et une performance fiable. Avec son design \u00e9l\u00e9gant et ses fonctionnalit\u00e9s avanc\u00e9es, cette e-cigarette n'est pas seulement un compagnon pratique, mais aussi un v\u00e9ritable point fort pour les vapoteurs styl\u00e9s.<\/p>\n<h2>Un voyage \u00e0 travers les ar\u00f4mes de l'AL Fakher Crown Bar 12000 PRO \u2013 Magic Love<\/h2>\n<h3>Magic Love - La Fusion S\u00e9ductrice<\/h3>\n<p>L'ar\u00f4me <strong>Magic Love<\/strong> est un m\u00e9lange fascinant qui emm\u00e8ne vos papilles gustatives dans un voyage extraordinaire. Cette saveur unit des notes sucr\u00e9es et fruit\u00e9es dans une composition ma\u00eetris\u00e9e qui impressionne imm\u00e9diatement. D\u00e8s la premi\u00e8re bouff\u00e9e de <strong>Magic Love<\/strong> vous \u00eates accueilli par une salade de fruits vibrante qui offre un m\u00e9lange harmonieux de fruits tropicaux et de baies. Les ar\u00f4mes de fraises juteuses, d'ananas m\u00fbrs et une touche subtile d'exotisme se fondent en une exp\u00e9rience gustative inoubliable.<\/p>\n<p>Ces notes sucr\u00e9es et fruit\u00e9es sont compl\u00e9t\u00e9es par une douceur subtile et cr\u00e9meuse qui ajoute de la profondeur au m\u00e9lange et assure une exp\u00e9rience de vapotage longue et satisfaisante. La saveur se d\u00e9ploie doucement dans la bouche et procure une exp\u00e9rience riche en bouche qui rappelle une salade de fruits fra\u00eechement m\u00e9lang\u00e9e - parfaite pour une pause rafra\u00eechissante et sucr\u00e9e.<\/p>\n<p>l'\u00e9quilibre des ar\u00f4mes dans <strong>Magic Love<\/strong> est presque parfait. Chaque note est harmonieusement accord\u00e9e et vous permet de profiter des nuances en toute profondeur. Cette jouissance gustative fait <strong>Magic Love<\/strong> \u00e0 un choix populaire pour tous ceux qui aiment \u00e0 la fois la fra\u00eecheur et la douceur dans leur exp\u00e9rience de vapotage.<\/p>\n<p><img loading=\"lazy\" decoding=\"async\" class=\"alignnone size-full wp-image-378\" src=\"https:\/\/alfakher24h.de\/wp-content\/uploads\/2024\/09\/AL-Fakher-Crown-Bar-12000-Zuege-Einweg-E-Zigarette-Mit-Nikotin-Magic-Love-2.webp\" alt=\"AL-Fakher-Crown-Bar-12000-Zuege-Einweg-E-Zigarette-Mit-Nikotin-Magic-Love\" width=\"1000\" height=\"1000\" title=\"\" srcset=\"https:\/\/alfakher24h.de\/wp-content\/uploads\/2024\/09\/AL-Fakher-Crown-Bar-12000-Zuege-Einweg-E-Zigarette-Mit-Nikotin-Magic-Love-2.webp 1000w, https:\/\/alfakher24h.de\/wp-content\/uploads\/2024\/09\/AL-Fakher-Crown-Bar-12000-Zuege-Einweg-E-Zigarette-Mit-Nikotin-Magic-Love-2-300x300.webp 300w, https:\/\/alfakher24h.de\/wp-content\/uploads\/2024\/09\/AL-Fakher-Crown-Bar-12000-Zuege-Einweg-E-Zigarette-Mit-Nikotin-Magic-Love-2-150x150.webp 150w, https:\/\/alfakher24h.de\/wp-content\/uploads\/2024\/09\/AL-Fakher-Crown-Bar-12000-Zuege-Einweg-E-Zigarette-Mit-Nikotin-Magic-Love-2-768x768.webp 768w, https:\/\/alfakher24h.de\/wp-content\/uploads\/2024\/09\/AL-Fakher-Crown-Bar-12000-Zuege-Einweg-E-Zigarette-Mit-Nikotin-Magic-Love-2-600x600.webp 600w, https:\/\/alfakher24h.de\/wp-content\/uploads\/2024\/09\/AL-Fakher-Crown-Bar-12000-Zuege-Einweg-E-Zigarette-Mit-Nikotin-Magic-Love-2-100x100.webp 100w\" sizes=\"auto, (max-width: 1000px) 100vw, 1000px\" \/><\/p>\n<h2><strong>AL Fakher Crown Bar 12000 tirages <\/strong>D\u00e9tails techniques<\/h2>\n<ul>\n<li><strong>Teneur en nicotine<\/strong>: 0,5 % (5 mg)<\/li>\n<li><strong>Bobine<\/strong>: 0,6 Ohm mesh coil pour des nuages de vapeur denses<\/li>\n<li><strong>Charger<\/strong>: <strong>USB Type-C<\/strong> Anschluss<\/li>\n<li><strong>Trains<\/strong>: Jusqu'\u00e0 <strong>12 000 par appareil<\/strong><\/li>\n<li><strong>\u00c9cran<\/strong>: \u00c9cran num\u00e9rique pour contr\u00f4ler le niveau de la batterie et d'huile<\/li>\n<li><strong>Conception<\/strong>: Dispositif jetable rechargeable au design l\u00e9ger et \u00e9l\u00e9gant<\/li>\n<\/ul>\n<p><strong>AL Fakher Crown Bar 12000 Z\u00fcge <a href=\"https:\/\/alfakher24h.de\/fr\/\">Cigarette \u00e9lectronique jetable avec nicotine<\/a> et vis l'exp\u00e9rience de vapotage ultime. Visitez notre site Web <a href=\"https:\/\/alfakher24h.de\/fr\/\" target=\"_new\" rel=\"noopener\">alfakher24h.de<\/a>, la plus grande plateforme de vente en ligne de vapes jetables en Allemagne, et d\u00e9couvrez les meilleures offres pour votre nouvelle exp\u00e9rience de vapotage !<\/strong><\/p>\n<\/div>\n<\/div>\n<\/div>\n<\/div>\n<div class=\"mt-1 flex gap-3 empty:hidden -ml-2\">\n<div class=\"items-center justify-start rounded-xl p-1 flex\">\n<div class=\"flex items-center\"><\/div>\n<\/div>\n<\/div>","protected":false},"excerpt":{"rendered":"<p>La <strong>AL Fakher Crown Bar 12000 tirages cigarette \u00e9lectronique jetable<\/strong> offre jusqu'\u00e0 12 000 tirages, des nuages de vapeur intenses gr\u00e2ce \u00e0 une bobine en maille de 0,6 ohm, une charge rapide USB Type-C et un design \u00e9l\u00e9gant avec un \u00e9cran num\u00e9rique pour contr\u00f4ler le niveau de la batterie et d'huile.<\/p>","protected":false},"featured_media":377,"comment_status":"open","ping_status":"closed","template":"","meta":{"om_disable_all_campaigns":false},"product_brand":[],"product_cat":[20],"product_tag":[],"class_list":{"0":"post-376","1":"product","2":"type-product","3":"status-publish","4":"has-post-thumbnail","6":"product_cat-ai-fakher-crown-bar-12000","8":"first","9":"instock","10":"shipping-taxable","11":"purchasable","12":"product-type-simple"},"_links":{"self":[{"href":"https:\/\/alfakher24h.de\/fr\/wp-json\/wp\/v2\/product\/376","targetHints":{"allow":["GET"]}}],"collection":[{"href":"https:\/\/alfakher24h.de\/fr\/wp-json\/wp\/v2\/product"}],"about":[{"href":"https:\/\/alfakher24h.de\/fr\/wp-json\/wp\/v2\/types\/product"}],"replies":[{"embeddable":true,"href":"https:\/\/alfakher24h.de\/fr\/wp-json\/wp\/v2\/comments?post=376"}],"wp:featuredmedia":[{"embeddable":true,"href":"https:\/\/alfakher24h.de\/fr\/wp-json\/wp\/v2\/media\/377"}],"wp:attachment":[{"href":"https:\/\/alfakher24h.de\/fr\/wp-json\/wp\/v2\/media?parent=376"}],"wp:term":[{"taxonomy":"product_brand","embeddable":true,"href":"https:\/\/alfakher24h.de\/fr\/wp-json\/wp\/v2\/product_brand?post=376"},{"taxonomy":"product_cat","embeddable":true,"href":"https:\/\/alfakher24h.de\/fr\/wp-json\/wp\/v2\/product_cat?post=376"},{"taxonomy":"product_tag","embeddable":true,"href":"https:\/\/alfakher24h.de\/fr\/wp-json\/wp\/v2\/product_tag?post=376"}],"curies":[{"name":"wp","href":"https:\/\/api.w.org\/{rel}","templated":true}]}}