{"id":335,"date":"2024-09-17T12:48:49","date_gmt":"2024-09-17T12:48:49","guid":{"rendered":"https:\/\/alfakher24h.de\/?post_type=product&#038;p=335"},"modified":"2025-07-23T04:17:52","modified_gmt":"2025-07-23T04:17:52","slug":"al-fakher-crown-bar-12000-bouffees-cigarette-electronique-jetable-avec-glace-aux-baies-de-nicotine","status":"publish","type":"product","link":"https:\/\/alfakher24h.de\/fr\/produit\/al-fakher-crown-bar-12000-bouffees-cigarette-electronique-jetable-avec-glace-aux-baies-de-nicotine\/","title":{"rendered":"AL Fakher Crown Bar 12000 tirages cigarette \u00e9lectronique jetable avec nicotine - Berry Ice"},"content":{"rendered":"<h2><strong><a href=\"https:\/\/alfakher24h.de\/fr\/categorie-de-produit\/barre-de-couronne-ai-fakher-12000\/\">AL Fakher Crown Bar 12000 tirages<\/a> Cigarette \u00e9lectronique jetable avec nicotine - Berry Ice<\/strong><\/h2>\n<p>La barre AL Fakher Crown 12000 tirs <a href=\"https:\/\/alfakher24h.de\/fr\/\">Cigarette \u00e9lectronique jetable<\/a> lance une nouvelle dimension de la vapeur sur le march\u00e9. Avec une capacit\u00e9 \u00e9tonnante de 12 000 bouff\u00e9es, cet appareil est con\u00e7u pour les vrais amateurs qui appr\u00e9cient la performance et la saveur. Il allie la technologie moderne \u00e0 l'exp\u00e9rience traditionnelle du narguil\u00e9 et offre une exp\u00e9rience de vapeur incomparable dans un format compact et convivial. Que vous soyez un vapoteur exp\u00e9riment\u00e9 ou que vous veniez de d\u00e9couvrir le monde des e-cigarettes, l'AL Fakher Crown Bar offre tout ce dont vous avez besoin pour une exp\u00e9rience enti\u00e8rement satisfaisante.<\/p>\n<h3><strong>AL Fakher Crown Bar 12000 Z\u00fcge Perfekte Kombination aus Technik und Genuss\n\n devient \n\nAL Fakher Crown Bar 12000 tirages Parfaite combinaison de technologie et de plaisir<\/strong><\/h3>\n<p>La barre AL Fakher Crown 12000 tirs <a href=\"https:\/\/alfakher24h.de\/fr\/\">Cigarette \u00e9lectronique jetable<\/a> offre bien plus qu'une simple grande capacit\u00e9 de tirage. Ce mod\u00e8le a \u00e9t\u00e9 con\u00e7u pour offrir aux utilisateurs d\u00e9butants et exp\u00e9riment\u00e9s un volume de vapeur impressionnant, un go\u00fbt excellent et une grande facilit\u00e9 d'utilisation. Avec une batterie rechargeable et un syst\u00e8me de mesh coil de pointe, il assure des nuages de vapeur denses et savoureux \u00e0 chaque tirage.<\/p>\n<p><strong>Fonctionnalit\u00e9s techniques :<\/strong><\/p>\n<ul>\n<li><strong>Capacit\u00e9 du train<\/strong>: Jusqu'\u00e0 12 000 trains - id\u00e9al pour une utilisation prolong\u00e9e sans recharge ou ravitaillement fr\u00e9quent.<\/li>\n<li><strong>Style \u00e0 vapeur<\/strong>: DTL (Direct-to-Lung) \u2013 parfait pour tous ceux qui pr\u00e9f\u00e8rent de grands nuages de vapeur denses.<\/li>\n<li><strong>Technologie de bobine maill\u00e9e<\/strong>: Avec une r\u00e9sistance de bobine de 0,6 ohm, la technologie Mesh Coil fournit un go\u00fbt constant et une vapeur dense.<\/li>\n<li><strong>Accumulateur rechargeable<\/strong>: Pratique et durable - rechargez simplement via C-Port et continuez \u00e0 vapoter.<\/li>\n<li><strong>Protection contre les fuites<\/strong>Conception anti-fuite pour une exp\u00e9rience de vape en toute s\u00e9r\u00e9nit\u00e9 en d\u00e9placement.<\/li>\n<li><strong>Ondes sonores int\u00e9gr\u00e9es Shisha<\/strong>Pour une atmosph\u00e8re de shisha authentique \u00e0 chaque bouff\u00e9e.<\/li>\n<li><strong>5 mg de teneur en nicotine<\/strong>Pour ceux qui recherchent le kick de nicotine parfait.<\/li>\n<li><strong>Compact et portable<\/strong>: Tient confortablement dans chaque poche \u2013 le compagnon id\u00e9al pour \u00eatre en d\u00e9placement.<\/li>\n<li><strong>Affichage num\u00e9rique<\/strong>: Affiche le niveau de batterie et d'huile pour que vous ne soyez jamais pris au d\u00e9pourvu.<\/li>\n<\/ul>\n<p>Ces d\u00e9tails techniques font de l'AL Fakher Crown Bar l'une des meilleures cigarettes \u00e9lectroniques jetables sur le march\u00e9. La combinaison d'une batterie puissante, d'une technologie innovante et d'une manipulation simple garantit que cet appareil d\u00e9passe vos attentes.<\/p>\n<p><img loading=\"lazy\" decoding=\"async\" class=\"alignnone size-full wp-image-356\" src=\"https:\/\/alfakher24h.de\/wp-content\/uploads\/2024\/09\/AL-Fakher-Crown-Bar-12000-Zuege-Einweg-E-Zigarette-Mit-Nikotin-Berry-Ice-2-1.webp\" alt=\"AL Fakher Crown Bar 12000 tirages cigarette \u00e9lectronique jetable avec nicotine - Berry Ice\" width=\"1837\" height=\"2522\" title=\"\" srcset=\"https:\/\/alfakher24h.de\/wp-content\/uploads\/2024\/09\/AL-Fakher-Crown-Bar-12000-Zuege-Einweg-E-Zigarette-Mit-Nikotin-Berry-Ice-2-1.webp 1837w, https:\/\/alfakher24h.de\/wp-content\/uploads\/2024\/09\/AL-Fakher-Crown-Bar-12000-Zuege-Einweg-E-Zigarette-Mit-Nikotin-Berry-Ice-2-1-219x300.webp 219w, https:\/\/alfakher24h.de\/wp-content\/uploads\/2024\/09\/AL-Fakher-Crown-Bar-12000-Zuege-Einweg-E-Zigarette-Mit-Nikotin-Berry-Ice-2-1-746x1024.webp 746w, https:\/\/alfakher24h.de\/wp-content\/uploads\/2024\/09\/AL-Fakher-Crown-Bar-12000-Zuege-Einweg-E-Zigarette-Mit-Nikotin-Berry-Ice-2-1-768x1054.webp 768w, https:\/\/alfakher24h.de\/wp-content\/uploads\/2024\/09\/AL-Fakher-Crown-Bar-12000-Zuege-Einweg-E-Zigarette-Mit-Nikotin-Berry-Ice-2-1-1119x1536.webp 1119w, https:\/\/alfakher24h.de\/wp-content\/uploads\/2024\/09\/AL-Fakher-Crown-Bar-12000-Zuege-Einweg-E-Zigarette-Mit-Nikotin-Berry-Ice-2-1-1492x2048.webp 1492w, https:\/\/alfakher24h.de\/wp-content\/uploads\/2024\/09\/AL-Fakher-Crown-Bar-12000-Zuege-Einweg-E-Zigarette-Mit-Nikotin-Berry-Ice-2-1-600x824.webp 600w\" sizes=\"auto, (max-width: 1837px) 100vw, 1837px\" \/><\/p>\n<h3><strong>AL Fakher Crown Bar 12000 tirages Un plaisir pour les sens : Saveur Berry Ice<\/strong><\/h3>\n<p>Une exp\u00e9rience gustative unique vous attend avec la variante Berry Ice. Cette saveur combine des baies fruit\u00e9es avec une touche de glace rafra\u00eechissante, qui ravive vos sens et offre en m\u00eame temps une exp\u00e9rience gustative profonde et riche.<\/p>\n<p>Les baies juteuses donnent \u00e0 chaque bouff\u00e9e une fra\u00eecheur intense qui rappelle les journ\u00e9es chaudes d'\u00e9t\u00e9. Pendant ce temps, la finale rafra\u00eechissante \u00e0 la menthe procure une fra\u00eecheur agr\u00e9able qui rend l'exp\u00e9rience de vapotage un v\u00e9ritable plaisir. La saveur se d\u00e9veloppe uniform\u00e9ment \u00e0 chaque bouff\u00e9e et reste constante m\u00eame apr\u00e8s une longue p\u00e9riode de vapotage. La complexit\u00e9 des ar\u00f4mes de baies s'harmonise parfaitement avec la note l\u00e9g\u00e8re et glac\u00e9e, de sorte que vous appr\u00e9ciez une touche de fra\u00eecheur et de douceur \u00e0 chaque bouff\u00e9e.<\/p>\n<p>Si vous aimez les ar\u00f4mes fruit\u00e9es et frais, Berry Ice est exactement ce qu'il vous faut. L'interaction de baies juteuses et sucr\u00e9es avec une agr\u00e9able touche de menthol rend cet ar\u00f4me particuli\u00e8rement attrayant pour les amateurs de e-liquides rafra\u00eechissants. De plus, le go\u00fbt reste intense et vivant, ce qui rend la vape m\u00eame apr\u00e8s de nombreuses bouff\u00e9es encore passionnante et agr\u00e9able.<\/p>\n<h3><strong>AL Fakher Crown Bar 12000 tirages Pourquoi AL Fakher Crown Bar 12000 tirages cigarette \u00e9lectronique jetable ?<\/strong><\/h3>\n<p>Le choix de la bonne e-cigarette est crucial pour une exp\u00e9rience de vapotage agr\u00e9able. <a href=\"https:\/\/alfakher24h.de\/fr\/\">AL Fakher<\/a> Crown Bar 12000 Z\u00fcge \n\n becomes \n\nCrown Bar 12000 tir\u00e9es <a href=\"https:\/\/alfakher24h.de\/fr\/\">Cigarette \u00e9lectronique jetable avec nicotine<\/a> convainquent non seulement par leur capacit\u00e9 exceptionnelle et leur design convivial, mais \u00e9galement par la diversit\u00e9 des ar\u00f4mes et la sophistication technique. Elle est id\u00e9ale pour tous ceux qui accordent de l'importance \u00e0 la qualit\u00e9, \u00e0 la durabilit\u00e9 et \u00e0 une saveur authentique.<\/p>\n<h4>Avantages en un coup d'\u0153il :<\/h4>\n<ul>\n<li><strong>Capacit\u00e9 de traction maximale<\/strong>: Avec jusqu'\u00e0 12 000 tirages, cet appareil dure nettement plus longtemps que de nombreux autres mod\u00e8les jetables sur le march\u00e9.<\/li>\n<li><strong>Aucun remplissage n\u00e9cessaire<\/strong>: Gr\u00e2ce \u00e0 la grande capacit\u00e9, vous n'avez pas \u00e0 vous soucier des fr\u00e9quentes r\u00e9approvisionnements.<\/li>\n<li><strong>Facile \u00e0 utiliser<\/strong>: Pas de configuration compliqu\u00e9e - simplement charger et partir.<\/li>\n<li><strong>Multiples options de saveur<\/strong>Des fruit\u00e9 au frais, il y a quelque chose pour tous les go\u00fbts.<\/li>\n<li><strong>Avec la nicotine<\/strong>: Parfait pour tous ceux qui ne veulent pas renoncer \u00e0 la consommation de nicotine.<\/li>\n<li><strong>Id\u00e9al pour \u00eatre emport\u00e9 partout<\/strong>: Gr\u00e2ce \u00e0 sa taille compacte, elle est le compagnon id\u00e9al pour la vie quotidienne.<\/li>\n<\/ul>\n<h3><strong>AL Fakher Crown Bar 12000 tirages Commande simple sur <a href=\"https:\/\/alfakher24h.de\/fr\/\">alfakher24h.de<\/a><\/strong><\/h3>\n<p>La<a href=\"https:\/\/alfakher24h.de\/fr\/\"> AL Fakher<\/a> Crown Bar 12000 tirages cigarette \u00e9lectronique jetable vous pouvez commod\u00e9ment et en toute s\u00e9curit\u00e9 sur notre site Web <a href=\"https:\/\/alfakher24h.de\/fr\/\">alfakher24h.de<\/a> acheter. Nous sommes le plus grand d\u00e9taillant en ligne de cigarettes \u00e9lectroniques jetables en Allemagne et proposons une large s\u00e9lection de produits de haute qualit\u00e9. D\u00e9couvrez la diversit\u00e9 des ar\u00f4mes et profitez d'une exp\u00e9rience de vapotage exceptionnelle avec nos offres exclusives.<\/p>\n<p>Visitez maintenant alfakher24h.de et trouvez votre nouvelle cigarette \u00e9lectronique pr\u00e9f\u00e9r\u00e9e !<\/p>","protected":false},"excerpt":{"rendered":"<p>La AL Fakher Crown Bar 12000 Z\u00fcge, cigarette \u00e9lectronique jetable, combine une technologie innovante, jusqu'\u00e0 12 000 bouff\u00e9es et une saveur intense dans un design compact et facile \u00e0 utiliser, offrant une exp\u00e9rience de vape de premi\u00e8re qualit\u00e9.<\/p>","protected":false},"featured_media":338,"comment_status":"open","ping_status":"closed","template":"","meta":{"om_disable_all_campaigns":false},"product_brand":[],"product_cat":[20],"product_tag":[],"class_list":{"0":"post-335","1":"product","2":"type-product","3":"status-publish","4":"has-post-thumbnail","6":"product_cat-ai-fakher-crown-bar-12000","8":"first","9":"instock","10":"shipping-taxable","11":"purchasable","12":"product-type-simple"},"_links":{"self":[{"href":"https:\/\/alfakher24h.de\/fr\/wp-json\/wp\/v2\/product\/335","targetHints":{"allow":["GET"]}}],"collection":[{"href":"https:\/\/alfakher24h.de\/fr\/wp-json\/wp\/v2\/product"}],"about":[{"href":"https:\/\/alfakher24h.de\/fr\/wp-json\/wp\/v2\/types\/product"}],"replies":[{"embeddable":true,"href":"https:\/\/alfakher24h.de\/fr\/wp-json\/wp\/v2\/comments?post=335"}],"wp:featuredmedia":[{"embeddable":true,"href":"https:\/\/alfakher24h.de\/fr\/wp-json\/wp\/v2\/media\/338"}],"wp:attachment":[{"href":"https:\/\/alfakher24h.de\/fr\/wp-json\/wp\/v2\/media?parent=335"}],"wp:term":[{"taxonomy":"product_brand","embeddable":true,"href":"https:\/\/alfakher24h.de\/fr\/wp-json\/wp\/v2\/product_brand?post=335"},{"taxonomy":"product_cat","embeddable":true,"href":"https:\/\/alfakher24h.de\/fr\/wp-json\/wp\/v2\/product_cat?post=335"},{"taxonomy":"product_tag","embeddable":true,"href":"https:\/\/alfakher24h.de\/fr\/wp-json\/wp\/v2\/product_tag?post=335"}],"curies":[{"name":"wp","href":"https:\/\/api.w.org\/{rel}","templated":true}]}}