{"id":231,"date":"2024-09-14T07:44:58","date_gmt":"2024-09-14T07:44:58","guid":{"rendered":"https:\/\/alfakher24h.de\/?post_type=product&#038;p=231"},"modified":"2024-11-24T03:26:07","modified_gmt":"2024-11-24T03:26:07","slug":"barre-de-couronne-al-fakher-par-8000-bouffees-de-cigarette-electronique-jetable-avec-punch-a-la-nicotine-et-a-la-fraise","status":"publish","type":"product","link":"https:\/\/alfakher24h.de\/fr\/produit\/barre-de-couronne-al-fakher-par-8000-bouffees-de-cigarette-electronique-jetable-avec-punch-a-la-nicotine-et-a-la-fraise\/","title":{"rendered":"AL Fakher Crown Bar Pro 8000 tirages  E-cigarette jetable avec nicotine - Strawberry Punch"},"content":{"rendered":"<h2><strong><a href=\"https:\/\/alfakher24h.de\/fr\/categorie-de-produit\/al-fakher-couronne-cash-par-8000\/\">AL Fakher Crown Bar Pro 8000 tir\u00e9es<\/a> Cigarette \u00e9lectronique jetable avec nicotine - Strawberry Punch<\/strong><\/h2>\n<p>La <strong>AL Fakher Crown Bar Pro 8000 tir\u00e9es<\/strong> est une innovation puissante et performante <a href=\"https:\/\/alfakher24h.de\/fr\/\">Cigarette \u00e9lectronique jetable<\/a>qui alimentent le vapeur avec jusqu'\u00e0 <strong>8 000 trains \nor \n8000 trains<\/strong> et une exp\u00e9rience gustative intense. Cet appareil combine une technologie avanc\u00e9e avec un design convivial et offre une solution simple et pratique pour tous ceux qui recherchent une exp\u00e9rience de vapotage de premi\u00e8re qualit\u00e9. Avec le rafra\u00eechissant <strong>Punch aux fraises<\/strong>Cette e-cigarette offre le m\u00e9lange parfait de douceur fruit\u00e9e et de puissance de vape intense.<\/p>\n<div style=\"width: 362px;\" class=\"wp-video\"><video class=\"wp-video-shortcode\" id=\"video-231-1\" width=\"362\" height=\"640\" preload=\"metadata\" controls=\"controls\"><source type=\"video\/mp4\" src=\"https:\/\/alfakher24h.de\/wp-content\/uploads\/2024\/09\/AL-Fakher-Crown-Bar-Pro-8000-Zuege-Einweg-E-Zigarette-Mit-Nikotin-Strawberry-Punch.mp4?_=1\" \/><a href=\"https:\/\/alfakher24h.de\/wp-content\/uploads\/2024\/09\/AL-Fakher-Crown-Bar-Pro-8000-Zuege-Einweg-E-Zigarette-Mit-Nikotin-Strawberry-Punch.mp4\">https:\/\/alfakher24h.de\/wp-content\/uploads\/2024\/09\/AL-Fakher-Crown-Bar-Pro-8000-Zuege-Einweg-E-Zigarette-Mit-Nikotin-Strawberry-Punch.mp4<\/a><\/video><\/div>\n<h3><strong>AL Fakher Crown Bar Pro 8000 Z\u00fcge Detaillierte Produktbeschreibung \n\n devient \n\nAL Fakher Crown Bar Pro 8000 tirages Description d\u00e9taill\u00e9e du produit<\/strong><\/h3>\n<p>Le <strong>AL Fakher Crown Bar Pro 8000<\/strong> est le choix id\u00e9al pour les vapoteurs qui recherchent une <strong>longue dur\u00e9e de vie<\/strong> et une performance exceptionnelle attendons. Gr\u00e2ce \u00e0 <strong>bobine de maillage avanc\u00e9e<\/strong>qui chauffe uniform\u00e9ment le e-liquide, offre \u00e0 chaque inhalation un go\u00fbt riche et constant. Le <strong>Teneur en nicotine de 5 mg (0,5 %)<\/strong> offre une exp\u00e9rience de vape intense et satisfaisante qui r\u00e9v\u00e8le les saveurs de <strong>Punch aux fraises<\/strong> souligne parfaitement.<\/p>\n<p>Avec une <strong>Capacit\u00e9 de 18 ml de liquide \u00e9lectronique<\/strong> est-ce que celle-ci <a href=\"https:\/\/alfakher24h.de\/fr\/\">Cigarette \u00e9lectronique jetable<\/a> con\u00e7u pour une utilisation quotidienne et r\u00e9siste sans probl\u00e8me \u00e0 plusieurs jours de vape intensive. La taille compacte de <strong>19 x 109 mm<\/strong> Faites-le <strong>Crown Bar Pro<\/strong> De plus, id\u00e9al pour \u00eatre emport\u00e9 partout. Que ce soit au bureau, \u00e0 la maison ou en voyage, cet appareil pratique est toujours pr\u00eat \u00e0 l'emploi et offre une grande facilit\u00e9 d'utilisation.<\/p>\n<p>Un autre point fort est le <strong>prise de charge USB-C<\/strong>qui permet de remettre rapidement l'appareil en \u00e9tat de fonctionnement en cas de besoin. Avec un <strong>Capacit\u00e9 de la batterie de 600 mAh<\/strong> pouvez vapoter toute la journ\u00e9e sans vous soucier de recharger fr\u00e9quemment. De plus, il garantit que le <strong>Plage de temp\u00e9rature de -10 \u00b0C \u00e0 +40 \u00b0C<\/strong>qu'il fonctionne de mani\u00e8re fiable dans pratiquement toutes les conditions m\u00e9t\u00e9orologiques.<\/p>\n<h3><strong>AL Fakher Crown Bar Pro 8000 tirs Caract\u00e9ristiques techniques de l'AL Fakher Crown Bar Pro 8000<\/strong><\/h3>\n<ul>\n<li><strong>Taille:<\/strong> 19 x 109 mm<\/li>\n<li><strong>Capacit\u00e9 de e-liquide :<\/strong> 18 ml<\/li>\n<li><strong>La nicotine<\/strong> 5 mg (0,5 %)<\/li>\n<li><strong>Trains:<\/strong> Jusqu'\u00e0 8 000 trains<\/li>\n<li><strong>Capacit\u00e9 de la batterie :<\/strong> 600 mAh<\/li>\n<li><strong>Connecteur de charge<\/strong> USB-C<\/li>\n<li><strong>R\u00e9sistance de bobine :<\/strong> 1,2 Ohm<\/li>\n<li><strong>Plage de temp\u00e9rature :<\/strong> -10 \u00b0C \u00e0 +40 \u00b0C<\/li>\n<\/ul>\n<p>Le <strong>AL Fakher Crown Bar Pro 8000<\/strong> offre une combinaison exceptionnelle de design, de performances et de saveur, id\u00e9ale pour les vapoteurs qui recherchent une exp\u00e9rience de vapotage de haute qualit\u00e9 et durable.<\/p>\n<p><img loading=\"lazy\" decoding=\"async\" class=\"alignnone size-full wp-image-234\" src=\"https:\/\/alfakher24h.de\/wp-content\/uploads\/2024\/09\/AL-Fakher-Crown-Bar-Pro-8000-Zuege-Einweg-E-Zigarette-Mit-Nikotin-Strawberry-Punch-2.webp\" alt=\"AL-Fakher-Crown-Bar-Pro-8000-Zuege-Einweg-E-Zigarette-Mit-Nikotin-Strawberry-Punch becomes AL-Fakher-Crown-Bar-Pro-8000-tir\u00e9es-Jetable-E-Cigarette-Avec-Nicotine-Strawberry-Punch\" width=\"1080\" height=\"1080\" title=\"\" srcset=\"https:\/\/alfakher24h.de\/wp-content\/uploads\/2024\/09\/AL-Fakher-Crown-Bar-Pro-8000-Zuege-Einweg-E-Zigarette-Mit-Nikotin-Strawberry-Punch-2.webp 1080w, https:\/\/alfakher24h.de\/wp-content\/uploads\/2024\/09\/AL-Fakher-Crown-Bar-Pro-8000-Zuege-Einweg-E-Zigarette-Mit-Nikotin-Strawberry-Punch-2-300x300.webp 300w, https:\/\/alfakher24h.de\/wp-content\/uploads\/2024\/09\/AL-Fakher-Crown-Bar-Pro-8000-Zuege-Einweg-E-Zigarette-Mit-Nikotin-Strawberry-Punch-2-1024x1024.webp 1024w, https:\/\/alfakher24h.de\/wp-content\/uploads\/2024\/09\/AL-Fakher-Crown-Bar-Pro-8000-Zuege-Einweg-E-Zigarette-Mit-Nikotin-Strawberry-Punch-2-150x150.webp 150w, https:\/\/alfakher24h.de\/wp-content\/uploads\/2024\/09\/AL-Fakher-Crown-Bar-Pro-8000-Zuege-Einweg-E-Zigarette-Mit-Nikotin-Strawberry-Punch-2-768x768.webp 768w, https:\/\/alfakher24h.de\/wp-content\/uploads\/2024\/09\/AL-Fakher-Crown-Bar-Pro-8000-Zuege-Einweg-E-Zigarette-Mit-Nikotin-Strawberry-Punch-2-600x600.webp 600w, https:\/\/alfakher24h.de\/wp-content\/uploads\/2024\/09\/AL-Fakher-Crown-Bar-Pro-8000-Zuege-Einweg-E-Zigarette-Mit-Nikotin-Strawberry-Punch-2-100x100.webp 100w\" sizes=\"auto, (max-width: 1080px) 100vw, 1080px\" \/><\/p>\n<h3><strong>AL Fakher Crown Bar Pro 8000 caract\u00e9ristiques de l'AL Fakher Crown Bar Pro 8000<\/strong><\/h3>\n<ul>\n<li><strong>Jusqu'\u00e0 8 000 trains<\/strong>: Exp\u00e9rience de vapeur prolong\u00e9e sans recharge ou remplacement fr\u00e9quents.<\/li>\n<li><strong>5 mg de nicotine<\/strong>: Parfait pour les vapoteurs qui recherchent une dose de nicotine satisfaisante.<\/li>\n<li><strong>Bobine \u00e0 mailles<\/strong>: Garantit une vaporisation uniforme et une saveur intense \u00e0 chaque inhalation.<\/li>\n<li><strong>Fonction de charge USB-C<\/strong>: Chargement rapide et facile pour le vapoteur moderne.<\/li>\n<li><strong>18 ml de capacit\u00e9 de liquide \u00e9lectronique<\/strong>: Offre de nombreuses journ\u00e9es de vapeur intense.<\/li>\n<li><strong>Conception compacte et portable<\/strong>Id\u00e9al pour \u00eatre emport\u00e9, il tient sans probl\u00e8me dans n'importe quelle poche.<\/li>\n<li><strong>Ergonomique et facile \u00e0 utiliser<\/strong>Pour un confort et une convivialit\u00e9 maximaux.<\/li>\n<li><strong>R\u00e9sistant \u00e0 la temp\u00e9rature<\/strong>Fonctionne de mani\u00e8re fiable dans des conditions m\u00e9t\u00e9orologiques extr\u00eames de -10 \u00b0C \u00e0 +40 \u00b0C.<\/li>\n<\/ul>\n<h3><strong>AL Fakher Crown Bar Pro 8000 tirages Pourquoi devriez-vous acheter l'AL Fakher Crown Bar Pro 8000 ?<\/strong><\/h3>\n<p>Le <strong><a href=\"https:\/\/alfakher24h.de\/fr\/\">AL Fakher<\/a> Crown Bar Pro 8000<\/strong> offre l'exp\u00e9rience de vape id\u00e9ale pour tous ceux qui appr\u00e9cient la qualit\u00e9, la saveur et une longue dur\u00e9e d'utilisation. Gr\u00e2ce \u00e0 sa construction robuste et \u00e0 sa technologie avanc\u00e9e, ce vape convient aussi bien aux d\u00e9butants qu'aux vapoteurs exp\u00e9riment\u00e9s. La combinaison d'une puissance \u00e9lev\u00e9e <strong>Bobine \u00e0 mailles<\/strong>\u00e0 un <strong>grand r\u00e9servoir de e-liquide<\/strong> Et la facilit\u00e9 d'utilisation fait de cet appareil un incontournable pour chaque passionn\u00e9 de vapotage.<\/p>\n<p>Avec jusqu'\u00e0 <strong>8 000 trains \nor \n8000 trains<\/strong> Par appareil, vous pouvez \u00eatre s\u00fbr que ce Vape offre une performance durable. La saveur fruit\u00e9e de <strong>Punch aux fraises<\/strong> et la simplicit\u00e9 d'utilisation font <strong>Crown Bar Pro 8000<\/strong> devenu un compagnon indispensable pour une utilisation quotidienne. Que vous vous d\u00e9tendiez chez vous ou que vous soyez en d\u00e9placement, cet appareil s'int\u00e8gre parfaitement dans votre vie quotidienne et procure une exp\u00e9rience de vape intense et satisfaisante.<\/p>\n<h3><strong>Description gustative : Punch \u00e0 la fraise<\/strong><\/h3>\n<p>Le <strong>Punch aux fraises<\/strong>go\u00fbt du <strong><a href=\"https:\/\/alfakher24h.de\/fr\/\">AL Fakher<\/a> Crown Bar Pro 8000<\/strong> offre une exp\u00e9rience de vape rafra\u00eechissante et fruit\u00e9e qui vous ravira \u00e0 chaque bouff\u00e9e. Les notes sucr\u00e9es et juteuses de fraise sont associ\u00e9es \u00e0 une l\u00e9g\u00e8re acidit\u00e9 qui rend l'ar\u00f4me particuli\u00e8rement vivant et cors\u00e9. Cette saveur est id\u00e9ale pour les vapoteurs qui pr\u00e9f\u00e8rent les ar\u00f4mes fruit\u00e9s et qui recherchent un ar\u00f4me de fraise authentique et intense.<\/p>\n<p>L'\u00e9quilibre entre la douceur naturelle des fraises et une fra\u00eecheur subtile fait en sorte que le <strong>Punch aux fraises<\/strong>Le go\u00fbt n'est pas trop \u00e9crasant, mais agr\u00e9able, l\u00e9ger et rafra\u00eechissant. Surtout les jours d'\u00e9t\u00e9 chauds, cette vape offre une combinaison parfaite de plaisir et de fra\u00eecheur que vous voulez appr\u00e9cier encore et encore.<\/p>\n<p>L'ar\u00f4me se d\u00e9veloppe uniform\u00e9ment \u00e0 chaque tirage et persiste longtemps sur la langue, sans para\u00eetre artificiel ni trop sucr\u00e9. C'est le choix id\u00e9al pour les vapoteurs \u00e0 la recherche d'une saveur \u00e9quilibr\u00e9e, fruit\u00e9e et rafra\u00eechissante qui peut \u00eatre appr\u00e9ci\u00e9e toute la journ\u00e9e.<\/p>\n<h3><strong>Achetez votre cigarette \u00e9lectronique jetable sur alfakher24h.de<\/strong><\/h3>\n<p>Vivez l'exp\u00e9rience de vape ultime avec le <strong>AL Fakher Crown Bar Pro 8000 tir\u00e9es<\/strong> et achetez d\u00e8s aujourd'hui <a href=\"https:\/\/alfakher24h.de\/fr\/\"><strong>alfakher24h.de<\/strong><\/a> un des plus grands d\u00e9taillants en ligne pour<a href=\"https:\/\/alfakher24h.de\/fr\/\"> Cigarette \u00e9lectronique jetable avec nicotine<\/a> En Allemagne, nous proposons une large s\u00e9lection de saveurs et de mod\u00e8les qui r\u00e9pondent \u00e0 vos exigences. Commandez maintenant et profitez du go\u00fbt intense et de la qualit\u00e9 puissante de ce vape de premi\u00e8re classe !<\/p>","protected":false},"excerpt":{"rendered":"<p>La <strong>AL Fakher Crown Bar Pro 8000 bouff\u00e9es cigarette \u00e9lectronique jetable<\/strong> offre jusqu'\u00e0 8000 mouvements avec un intensif <strong>Punch aux fraises<\/strong>-Go\u00fbt, 5 mg de nicotine et est id\u00e9al pour une exp\u00e9rience de vape longue et fruit\u00e9e.<\/p>","protected":false},"featured_media":232,"comment_status":"open","ping_status":"closed","template":"","meta":{"om_disable_all_campaigns":false},"product_brand":[],"product_cat":[15],"product_tag":[],"class_list":{"0":"post-231","1":"product","2":"type-product","3":"status-publish","4":"has-post-thumbnail","6":"product_cat-al-fakher-crown-bar-pro-8000","8":"first","9":"instock","10":"shipping-taxable","11":"purchasable","12":"product-type-simple"},"_links":{"self":[{"href":"https:\/\/alfakher24h.de\/fr\/wp-json\/wp\/v2\/product\/231","targetHints":{"allow":["GET"]}}],"collection":[{"href":"https:\/\/alfakher24h.de\/fr\/wp-json\/wp\/v2\/product"}],"about":[{"href":"https:\/\/alfakher24h.de\/fr\/wp-json\/wp\/v2\/types\/product"}],"replies":[{"embeddable":true,"href":"https:\/\/alfakher24h.de\/fr\/wp-json\/wp\/v2\/comments?post=231"}],"wp:featuredmedia":[{"embeddable":true,"href":"https:\/\/alfakher24h.de\/fr\/wp-json\/wp\/v2\/media\/232"}],"wp:attachment":[{"href":"https:\/\/alfakher24h.de\/fr\/wp-json\/wp\/v2\/media?parent=231"}],"wp:term":[{"taxonomy":"product_brand","embeddable":true,"href":"https:\/\/alfakher24h.de\/fr\/wp-json\/wp\/v2\/product_brand?post=231"},{"taxonomy":"product_cat","embeddable":true,"href":"https:\/\/alfakher24h.de\/fr\/wp-json\/wp\/v2\/product_cat?post=231"},{"taxonomy":"product_tag","embeddable":true,"href":"https:\/\/alfakher24h.de\/fr\/wp-json\/wp\/v2\/product_tag?post=231"}],"curies":[{"name":"wp","href":"https:\/\/api.w.org\/{rel}","templated":true}]}}