{"id":220,"date":"2024-09-14T07:27:23","date_gmt":"2024-09-14T07:27:23","guid":{"rendered":"https:\/\/alfakher24h.de\/?post_type=product&#038;p=220"},"modified":"2024-11-24T03:26:03","modified_gmt":"2024-11-24T03:26:03","slug":"barre-de-couronne-al-fakher-par-8000-bouffees-de-cigarette-electronique-jetable-avec-menthe-nicotine","status":"publish","type":"product","link":"https:\/\/alfakher24h.de\/fr\/produit\/barre-de-couronne-al-fakher-par-8000-bouffees-de-cigarette-electronique-jetable-avec-menthe-nicotine\/","title":{"rendered":"AL Fakher Crown Bar Pro 8000 tirages  E-cigarette jetable avec nicotine - Menthe"},"content":{"rendered":"<h2><strong>A<a href=\"https:\/\/alfakher24h.de\/fr\/categorie-de-produit\/al-fakher-couronne-cash-par-8000\/\">L Fakher Crown Bar Pro 8000 Z\u00fcge \n\nbecomes \n\nL Fakher Crown Bar Pro 8000 tir\u00e9es<\/a> Cigarette \u00e9lectronique jetable avec nicotine - Menthe<\/strong><\/h2>\n<p>La <strong>AL Fakher Crown Bar Pro 8000<\/strong> plus qu'une simple <a href=\"https:\/\/alfakher24h.de\/fr\/\">Cigarette \u00e9lectronique jetable<\/a>Ce dispositif a \u00e9t\u00e9 sp\u00e9cialement con\u00e7u pour les vapoteurs qui recherchent non seulement un go\u00fbt excellent, mais \u00e9galement une longue dur\u00e9e d'utilisation et une manipulation confortable. Avec sa technique innovante et son design minimaliste, il est le compagnon id\u00e9al pour tous ceux qui recherchent une exp\u00e9rience de vapotage intense et sans complication.<\/p>\n<div style=\"width: 362px;\" class=\"wp-video\"><video class=\"wp-video-shortcode\" id=\"video-220-1\" width=\"362\" height=\"640\" preload=\"metadata\" controls=\"controls\"><source type=\"video\/mp4\" src=\"https:\/\/alfakher24h.de\/wp-content\/uploads\/2024\/09\/AL-Fakher-Crown-Bar-Pro-8000-Zuege-Einweg-E-Zigarette-Mit-Nikotin-Mint.mp4?_=1\" \/><a href=\"https:\/\/alfakher24h.de\/wp-content\/uploads\/2024\/09\/AL-Fakher-Crown-Bar-Pro-8000-Zuege-Einweg-E-Zigarette-Mit-Nikotin-Mint.mp4\">https:\/\/alfakher24h.de\/wp-content\/uploads\/2024\/09\/AL-Fakher-Crown-Bar-Pro-8000-Zuege-Einweg-E-Zigarette-Mit-Nikotin-Mint.mp4<\/a><\/video><\/div>\n<h2><strong>AL Fakher Crown Bar Pro 8000 tir\u00e9es <\/strong><strong>Description du produit AL Fakher Crown Bar Pro 8000<\/strong><\/h2>\n<p>Le <strong>AL Fakher Crown Bar Pro 8000<\/strong> offre un plaisir de vapeur exceptionnel intensifi\u00e9 par la bobine Mesh int\u00e9gr\u00e9e. Avec jusqu'\u00e0 8000 bouff\u00e9es et une force de nicotine de 5 mg (0,5 %), chaque inhalation offre un profil de saveur uniforme et puissant, id\u00e9al pour les vapoteurs exp\u00e9riment\u00e9s comme pour les d\u00e9butants. L'inhalation directe en poumons (DL) assure une vapeur dense et compl\u00e8te, rendant l'exp\u00e9rience de vape particuli\u00e8rement satisfaisante.<a href=\"https:\/\/alfakher24h.de\/fr\/\">Cigarette \u00e9lectronique jetable avec nicotine<\/a><\/p>\n<p>Le design compact de l'appareil permet une manipulation facile et rentre sans probl\u00e8me dans n'importe quelle poche. Que ce soit en d\u00e9placement ou \u00e0 la maison \u2013 le <strong>Crown Bar Pro 8000<\/strong> est \u00e0 votre disposition \u00e0 tout moment. Gr\u00e2ce \u00e0 sa conception ergonomique, la cigarette \u00e9lectronique repose confortablement dans la main et permet une <strong>Prise de charge de type C<\/strong> est pr\u00eat \u00e0 l'emploi de mani\u00e8re \u00e9clair \u00e0 chaque fois que n\u00e9cessaire.<\/p>\n<h2><strong>AL Fakher Crown Bar Pro 8000 tir\u00e9es <\/strong><strong>Donn\u00e9es techniques de l'AL Fakher Crown Bar Pro 8000<\/strong><\/h2>\n<ul>\n<li><strong>Taille:<\/strong> 19 x 109 mm<\/li>\n<li><strong>Capacit\u00e9 de l'e-liquide :<\/strong> 18 ml<\/li>\n<li><strong>Capacit\u00e9 de la batterie :<\/strong> 600 mAh<\/li>\n<li><strong>Connecteur de charge<\/strong> Type-C<\/li>\n<li><strong>Taux de nicotine :<\/strong> 5 mg (0,5 %)<\/li>\n<li><strong>R\u00e9sistance de bobine :<\/strong> 1,2 Ohm<\/li>\n<li><strong>Trains:<\/strong> Jusqu'\u00e0 8 000 trains<\/li>\n<\/ul>\n<p>Ces d\u00e9tails techniques impressionnants font le <strong><a href=\"https:\/\/alfakher24h.de\/fr\/\">AL Fakher<\/a> Crown Bar Pro 8000<\/strong> L'une des cigarettes \u00e9lectroniques jetables les plus puissantes du march\u00e9. Gr\u00e2ce au nombre \u00e9lev\u00e9 de bouff\u00e9es et \u00e0 la forte capacit\u00e9 de la batterie, vous pouvez profiter de toute la journ\u00e9e sans avoir \u00e0 vous soucier d'une batterie vide ou d'un e-liquide \u00e9puis\u00e9.<\/p>\n<h2><strong>AL Fakher Crown Bar Pro 8000 tir\u00e9es <\/strong><strong>Caract\u00e9ristiques de l'AL Fakher Crown Bar Pro 8000<\/strong><\/h2>\n<ul>\n<li><strong>Bobine \u00e0 maillage de haute qualit\u00e9<\/strong>: Assure un chauffage uniforme du liquide et intensifie la saveur intense \u00e0 chaque tirage.<\/li>\n<li><strong>Durable et puissant<\/strong>: Jusqu'\u00e0 8000 tirages permettent une exp\u00e9rience de vapeur durable sans que l'appareil doive \u00eatre souvent remplac\u00e9.<\/li>\n<li><strong>Conception compacte et \u00e9l\u00e9gante<\/strong>: Facile \u00e0 transporter, robuste et ergonomique - id\u00e9al pour une utilisation en d\u00e9placement.<\/li>\n<li><strong>Charge rapide<\/strong>: Gr\u00e2ce \u00e0 la prise de charge de type C, l'appareil est rapidement et efficacement op\u00e9rationnel \u00e0 nouveau.<\/li>\n<li><strong>Teneur en nicotine de 5 mg<\/strong>: Offre l'\u00e9quilibre parfait entre satisfaction du besoin de nicotine et saveur compl\u00e8te.<\/li>\n<li><strong>Inhalation pulmonaire directe<\/strong>D\u00e9velopp\u00e9 pour les vapoteurs qui pr\u00e9f\u00e8rent des tirages intenses et puissants.<\/li>\n<\/ul>\n<h2><strong>AL Fakher Crown Bar Pro 8000 tir\u00e9es <\/strong><strong>Pourquoi devriez-vous choisir le AL Fakher Crown Bar Pro 8000 ?<\/strong><\/h2>\n<p>Le <strong>AL Fakher Crown Bar Pro 8000<\/strong> offre une combinaison parfaite de saveur, de performances et de convivialit\u00e9. Gr\u00e2ce \u00e0 la bobine Mesh avanc\u00e9e, vous b\u00e9n\u00e9ficiez \u00e0 chaque tirage d'une saveur intense et uniforme qui se maintient sur toute la dur\u00e9e de vie de l'appareil. Que vous soyez en d\u00e9placement ou que vous vous d\u00e9tendiez chez vous, cet appareil compact s'adapte \u00e0 chaque poche et est toujours pr\u00eat \u00e0 l'emploi.<\/p>\n<p>Pour tous ceux qui recherchent une cigarette \u00e9lectronique jetable puissante qui convainc \u00e0 la fois en termes de go\u00fbt et de maniabilit\u00e9, le <strong>Crown Bar Pro 8000<\/strong> Le premier choix. Avec une capacit\u00e9 allant jusqu'\u00e0 8000 bouff\u00e9es et la possibilit\u00e9 de recharge rapide, vous \u00eates toujours en s\u00e9curit\u00e9. Cette e-cigarette est \u00e9galement id\u00e9ale pour les vapoteurs qui recherchent une exp\u00e9rience de vapotage forte et satisfaisante avec de la nicotine, sans pour autant renoncer \u00e0 la mobilit\u00e9 et au confort.<\/p>\n<h2><strong>AL Fakher Crown Bar Pro 8000 tir\u00e9es <\/strong><strong>Description gustative individuelle : Menthe<\/strong><\/h2>\n<p>La <strong>Variante menthe<\/strong> des <strong><a href=\"https:\/\/alfakher24h.de\/fr\/\">AL Fakher<\/a> Crown Bar Pro 8000<\/strong> offre une exp\u00e9rience de vape rafra\u00eechissante et revitalisante, parfaite pour les journ\u00e9es chaudes d'\u00e9t\u00e9 ou les moments o\u00f9 vous souhaitez simplement une brise fra\u00eeche. La saveur de menthe intens\u00e9ment fra\u00eeche procure \u00e0 chaque inhalation une sensation de fra\u00eecheur longue dur\u00e9e, sans \u00eatre trop piquante ou \u00e9crasante.<\/p>\n<p>Avec une note de menthe douce mais n\u00e9anmoins distincte au premier plan, ce go\u00fbt plaira aux vapoteurs qui pr\u00e9f\u00e8rent une fra\u00eecheur claire et pure. La combinaison de menthol agr\u00e9able et de l\u00e9g\u00e8re douceur rend les <strong>Variante menthe<\/strong> un excellent choix pour une utilisation quotidienne. Le profil de nicotine doux s'harmonise parfaitement avec la saveur rafra\u00eechissante, vous permettant de profiter pleinement de l'effet stimulant de la nicotine et de la saveur de menthe.<\/p>\n<p>Le plaisir de la vapeur avec le <strong>Variante menthe<\/strong> n'est pas seulement rafra\u00eechissant, mais aussi \u00e9tonnamment doux. La force de nicotine bien \u00e9quilibr\u00e9e en combinaison avec la fra\u00eecheur l\u00e9g\u00e8rement sucr\u00e9e rend cette saveur particuli\u00e8rement \u00e9quilibr\u00e9e et agr\u00e9able.<\/p>\n<p><img loading=\"lazy\" decoding=\"async\" class=\"alignnone size-full wp-image-224\" src=\"https:\/\/alfakher24h.de\/wp-content\/uploads\/2024\/09\/AL-Fakher-Crown-Bar-Pro-8000-Zuege-Einweg-E-Zigarette-Mit-Nikotin-Mint.webp\" alt=\"AL Fakher Crown Bar Pro 8000 bouff\u00e9es cigarette \u00e9lectronique jetable avec nicotine - Menthe\" width=\"2000\" height=\"2000\" title=\"\" srcset=\"https:\/\/alfakher24h.de\/wp-content\/uploads\/2024\/09\/AL-Fakher-Crown-Bar-Pro-8000-Zuege-Einweg-E-Zigarette-Mit-Nikotin-Mint.webp 2000w, https:\/\/alfakher24h.de\/wp-content\/uploads\/2024\/09\/AL-Fakher-Crown-Bar-Pro-8000-Zuege-Einweg-E-Zigarette-Mit-Nikotin-Mint-300x300.webp 300w, https:\/\/alfakher24h.de\/wp-content\/uploads\/2024\/09\/AL-Fakher-Crown-Bar-Pro-8000-Zuege-Einweg-E-Zigarette-Mit-Nikotin-Mint-1024x1024.webp 1024w, https:\/\/alfakher24h.de\/wp-content\/uploads\/2024\/09\/AL-Fakher-Crown-Bar-Pro-8000-Zuege-Einweg-E-Zigarette-Mit-Nikotin-Mint-150x150.webp 150w, https:\/\/alfakher24h.de\/wp-content\/uploads\/2024\/09\/AL-Fakher-Crown-Bar-Pro-8000-Zuege-Einweg-E-Zigarette-Mit-Nikotin-Mint-768x768.webp 768w, https:\/\/alfakher24h.de\/wp-content\/uploads\/2024\/09\/AL-Fakher-Crown-Bar-Pro-8000-Zuege-Einweg-E-Zigarette-Mit-Nikotin-Mint-1536x1536.webp 1536w, https:\/\/alfakher24h.de\/wp-content\/uploads\/2024\/09\/AL-Fakher-Crown-Bar-Pro-8000-Zuege-Einweg-E-Zigarette-Mit-Nikotin-Mint-600x600.webp 600w, https:\/\/alfakher24h.de\/wp-content\/uploads\/2024\/09\/AL-Fakher-Crown-Bar-Pro-8000-Zuege-Einweg-E-Zigarette-Mit-Nikotin-Mint-100x100.webp 100w\" sizes=\"auto, (max-width: 2000px) 100vw, 2000px\" \/><\/p>\n<h2><strong>AL Fakher Crown Bar Pro 8000 tir\u00e9es <\/strong><strong>Achetez votre cigarette \u00e9lectronique jetable sur alfakher24h.de<\/strong><\/h2>\n<p>Si vous cherchez une cigarette \u00e9lectronique jetable puissante et convaincante en termes de go\u00fbt, alors vous \u00eates chez <a href=\"https:\/\/alfakher24h.de\/fr\/\"><strong>alfakher24h.de<\/strong><\/a> exactement. Nous offrons le plus grand choix de<a href=\"https:\/\/alfakher24h.de\/fr\/\"> Cigarettes \u00e9lectroniques jetables<\/a> en Allemagne, y compris les derni\u00e8res <strong>AL Fakher Crown Bar Pro 8000<\/strong>Commandez maintenant et profitez d'une exp\u00e9rience de vape in\u00e9gal\u00e9e !<\/p>","protected":false},"excerpt":{"rendered":"<p>La <strong>AL Fakher Crown Bar Pro 8000<\/strong> est une cigarette \u00e9lectronique jetable puissante avec jusqu'\u00e0 8000 bouff\u00e9es, une teneur en nicotine de 5 mg et une saveur intense et rafra\u00eechissante de menthe, id\u00e9ale pour les vapoteurs qui recherchent une exp\u00e9rience de vape forte et savoureuse.<\/p>","protected":false},"featured_media":221,"comment_status":"open","ping_status":"closed","template":"","meta":{"om_disable_all_campaigns":false},"product_brand":[],"product_cat":[15],"product_tag":[],"class_list":{"0":"post-220","1":"product","2":"type-product","3":"status-publish","4":"has-post-thumbnail","6":"product_cat-al-fakher-crown-bar-pro-8000","8":"first","9":"outofstock","10":"shipping-taxable","11":"purchasable","12":"product-type-simple"},"_links":{"self":[{"href":"https:\/\/alfakher24h.de\/fr\/wp-json\/wp\/v2\/product\/220","targetHints":{"allow":["GET"]}}],"collection":[{"href":"https:\/\/alfakher24h.de\/fr\/wp-json\/wp\/v2\/product"}],"about":[{"href":"https:\/\/alfakher24h.de\/fr\/wp-json\/wp\/v2\/types\/product"}],"replies":[{"embeddable":true,"href":"https:\/\/alfakher24h.de\/fr\/wp-json\/wp\/v2\/comments?post=220"}],"wp:featuredmedia":[{"embeddable":true,"href":"https:\/\/alfakher24h.de\/fr\/wp-json\/wp\/v2\/media\/221"}],"wp:attachment":[{"href":"https:\/\/alfakher24h.de\/fr\/wp-json\/wp\/v2\/media?parent=220"}],"wp:term":[{"taxonomy":"product_brand","embeddable":true,"href":"https:\/\/alfakher24h.de\/fr\/wp-json\/wp\/v2\/product_brand?post=220"},{"taxonomy":"product_cat","embeddable":true,"href":"https:\/\/alfakher24h.de\/fr\/wp-json\/wp\/v2\/product_cat?post=220"},{"taxonomy":"product_tag","embeddable":true,"href":"https:\/\/alfakher24h.de\/fr\/wp-json\/wp\/v2\/product_tag?post=220"}],"curies":[{"name":"wp","href":"https:\/\/api.w.org\/{rel}","templated":true}]}}