{"id":2063,"date":"2025-07-21T05:40:02","date_gmt":"2025-07-21T05:40:02","guid":{"rendered":"https:\/\/alfakher24h.de\/?post_type=product&#038;p=2063"},"modified":"2025-07-21T05:48:25","modified_gmt":"2025-07-21T05:48:25","slug":"vozol-star-20000-bouffees-double-puissance-vape-jetable-rechargeable-fraise-kiwi","status":"publish","type":"product","link":"https:\/\/alfakher24h.de\/fr\/produit\/vozol-star-20000-bouffees-double-puissance-vape-jetable-rechargeable-fraise-kiwi\/","title":{"rendered":"Vozol Star 20000 Puffs Double Puissance Vape Jetable Rechargeable Fraise Kiwi"},"content":{"rendered":"<p><strong>D\u00e9tails :<\/strong><br \/>\n<a href=\"https:\/\/alfakher24h.de\/fr\/produit\/vozol-star-20000-bouffees-double-puissance-vape-jetable-rechargeable-fraise-kiwi\/\"><strong>Vozol Star 20000 Puffs<\/strong><\/a>\u00a0est un vapoteur jetable intelligent avec un design Full-View construit avec la technologie S.i.L.C, offrant jusqu'\u00e0 20 000 bouff\u00e9es. Il contient 24 ml de 2% Niko E-liquide. La S.i.L.C la plus r\u00e9cente et unique garantit que chaque tirage est lisse, identique, longue dur\u00e9e et propre. Le Vozol Star 20000 Puffs est disponible en deux modes diff\u00e9rents : le mode \"ECO\" peut atteindre jusqu'\u00e0 20 000 bouff\u00e9es, aliment\u00e9 par une seule bobine en maille, chaque tirage offrant des ar\u00f4mes nuanc\u00e9s et des nuages doux. Le mod\u00e8le \"Power\" atteint jusqu'\u00e0 15 000 bouff\u00e9es et les augmente avec la puissance de la double bobine en maille. Il intensifie chaque tirage avec des ar\u00f4mes robustes et des nuages \u00e9pais. Pour chaque mode, il y a le Star 20000. Il ne faut qu'un interrupteur pour adapter votre humeur. Avec une batterie rechargeable de 650 mAh et une capacit\u00e9 \u00e9tonnante de 24 ml. Ses fonctions de charge rapide assurent des temps d'arr\u00eat faibles, permettant aux utilisateurs de profiter de sessions plus longues avec moins d'interruptions.<\/p>\n<p><img loading=\"lazy\" decoding=\"async\" class=\"alignnone size-full wp-image-2060\" src=\"https:\/\/alfakher24h.de\/wp-content\/uploads\/2025\/07\/vozol-star-20000.webp\" alt=\"\" width=\"1131\" height=\"1600\" title=\"\" srcset=\"https:\/\/alfakher24h.de\/wp-content\/uploads\/2025\/07\/vozol-star-20000.webp 1131w, https:\/\/alfakher24h.de\/wp-content\/uploads\/2025\/07\/vozol-star-20000-212x300.webp 212w, https:\/\/alfakher24h.de\/wp-content\/uploads\/2025\/07\/vozol-star-20000-724x1024.webp 724w, https:\/\/alfakher24h.de\/wp-content\/uploads\/2025\/07\/vozol-star-20000-768x1086.webp 768w, https:\/\/alfakher24h.de\/wp-content\/uploads\/2025\/07\/vozol-star-20000-1086x1536.webp 1086w, https:\/\/alfakher24h.de\/wp-content\/uploads\/2025\/07\/vozol-star-20000-8x12.webp 8w, https:\/\/alfakher24h.de\/wp-content\/uploads\/2025\/07\/vozol-star-20000-600x849.webp 600w\" sizes=\"auto, (max-width: 1131px) 100vw, 1131px\" \/><\/p>\n<p><strong>Donn\u00e9es techniques :<\/strong><br \/>\n650mAh batterie rechargeable<br \/>\n24ml de liquide \u00e9lectronique pr\u00e9rempli<br \/>\n5% Typ<br \/>\nAtteindre jusqu'\u00e0 20 000 bouff\u00e9es<br \/>\nProtection de l'embout<br \/>\nBobines \u00e0 double grille<br \/>\nAffichage plein \u00e9cran<br \/>\nPrise de charge de type C<br \/>\nType de bobine : Double bobine mesh avec double mode (mode puissance et mode \u00e9co)<br \/>\nS.i.L.C.-Technik : Lisse, identique, longue dur\u00e9e, propre<\/p>\n<p><strong>Le paquet comprend :<\/strong><br \/>\n1 pi\u00e8ce* Vozol Star 20000 Puffs Dual Power Vape jetable rechargeable<\/p>\n<p>&nbsp;<\/p>","protected":false},"excerpt":{"rendered":"<p><strong>Donn\u00e9es techniques :<\/strong><br \/>\n650mAh batterie rechargeable<br \/>\n24ml de liquide \u00e9lectronique pr\u00e9rempli<br \/>\n5% Typ<br \/>\nAtteindre jusqu'\u00e0 20 000 bouff\u00e9es<\/p>","protected":false},"featured_media":2064,"comment_status":"open","ping_status":"closed","template":"","meta":{"om_disable_all_campaigns":false},"product_brand":[],"product_cat":[50],"product_tag":[],"class_list":{"0":"post-2063","1":"product","2":"type-product","3":"status-publish","4":"has-post-thumbnail","6":"product_cat-vozol-star-20000-puffs","8":"first","9":"instock","10":"shipping-taxable","11":"purchasable","12":"product-type-simple"},"_links":{"self":[{"href":"https:\/\/alfakher24h.de\/fr\/wp-json\/wp\/v2\/product\/2063","targetHints":{"allow":["GET"]}}],"collection":[{"href":"https:\/\/alfakher24h.de\/fr\/wp-json\/wp\/v2\/product"}],"about":[{"href":"https:\/\/alfakher24h.de\/fr\/wp-json\/wp\/v2\/types\/product"}],"replies":[{"embeddable":true,"href":"https:\/\/alfakher24h.de\/fr\/wp-json\/wp\/v2\/comments?post=2063"}],"wp:featuredmedia":[{"embeddable":true,"href":"https:\/\/alfakher24h.de\/fr\/wp-json\/wp\/v2\/media\/2064"}],"wp:attachment":[{"href":"https:\/\/alfakher24h.de\/fr\/wp-json\/wp\/v2\/media?parent=2063"}],"wp:term":[{"taxonomy":"product_brand","embeddable":true,"href":"https:\/\/alfakher24h.de\/fr\/wp-json\/wp\/v2\/product_brand?post=2063"},{"taxonomy":"product_cat","embeddable":true,"href":"https:\/\/alfakher24h.de\/fr\/wp-json\/wp\/v2\/product_cat?post=2063"},{"taxonomy":"product_tag","embeddable":true,"href":"https:\/\/alfakher24h.de\/fr\/wp-json\/wp\/v2\/product_tag?post=2063"}],"curies":[{"name":"wp","href":"https:\/\/api.w.org\/{rel}","templated":true}]}}