{"id":2025,"date":"2025-07-21T04:38:02","date_gmt":"2025-07-21T04:38:02","guid":{"rendered":"https:\/\/alfakher24h.de\/?post_type=product&#038;p=2025"},"modified":"2025-07-21T04:39:04","modified_gmt":"2025-07-21T04:39:04","slug":"jnr-falcon-16000-puffs-jetable-hubba-bubba-fraise","status":"publish","type":"product","link":"https:\/\/alfakher24h.de\/fr\/produit\/jnr-falcon-16000-puffs-jetable-hubba-bubba-fraise\/","title":{"rendered":"JNR Falcon 16000 Puffs Jetable Hubba Bubba Fraise"},"content":{"rendered":"<h4><strong>JNR Falcon 16000 Puffs jetable, Jusqu'\u00e0 16 000 bouff\u00e9es<\/strong><\/h4>\n<p><img loading=\"lazy\" decoding=\"async\" class=\"alignnone size-full wp-image-2021\" src=\"https:\/\/alfakher24h.de\/wp-content\/uploads\/2025\/07\/JF16K20250214_1.webp\" alt=\"\" width=\"493\" height=\"493\" title=\"\" srcset=\"https:\/\/alfakher24h.de\/wp-content\/uploads\/2025\/07\/JF16K20250214_1.webp 493w, https:\/\/alfakher24h.de\/wp-content\/uploads\/2025\/07\/JF16K20250214_1-300x300.webp 300w, https:\/\/alfakher24h.de\/wp-content\/uploads\/2025\/07\/JF16K20250214_1-150x150.webp 150w, https:\/\/alfakher24h.de\/wp-content\/uploads\/2025\/07\/JF16K20250214_1-12x12.webp 12w, https:\/\/alfakher24h.de\/wp-content\/uploads\/2025\/07\/JF16K20250214_1-100x100.webp 100w\" sizes=\"auto, (max-width: 493px) 100vw, 493px\" \/><\/p>\n<p>L\u00e0\u00a0<strong>JNR Falcon 16K<\/strong>\u00a0est un\u00a0<strong>cigarette \u00e9lectronique jetable<\/strong>\u00a0r\u00e9volutionnaire, con\u00e7u pour offrir une exp\u00e9rience de vapotage sans pr\u00e9c\u00e9dent. Avec une capacit\u00e9 impressionnante de\u00a0<strong>16 000 bouff\u00e9es<\/strong>un r\u00e9servoir de\u00a0<strong>22 ml de capacit\u00e9 e<\/strong>et une batterie rechargeable de\u00a0<strong>850 mAh<\/strong>Il combine durabilit\u00e9, performance et commodit\u00e9. Que vous soyez novice ou vapoteur exp\u00e9riment\u00e9, ce puff s'adapte \u00e0 vos besoins en combinant technologie avanc\u00e9e et options exceptionnelles.<\/p>\n<h4><strong>Vape Longer avec jusqu'\u00e0 16 000 bouff\u00e9es<\/strong><\/h4>\n<p>Avec une autonomie impressionnante de\u00a0<strong>16 000 bouff\u00e9es<\/strong>l\u00e0-bas\u00a0<strong>JNR Falcon 16K<\/strong>\u00a0est con\u00e7u pour durer. Profitez d'une exp\u00e9rience plus longue sans avoir \u00e0 remplacer votre appareil fr\u00e9quemment. Parfait pour les vapoteurs r\u00e9guliers ou ceux qui cherchent une solution durable.<\/p>\n<h4><strong>Pile rechargeable 850 mAh : Fiable et durable<\/strong><\/h4>\n<p>L\u00e0\u00a0<strong>JNR Falcon 16K<\/strong>\u00a0est \u00e9quip\u00e9 d'une batterie de\u00a0<strong>850 mAh<\/strong>en offrant des performances constantes tout au long de sa dur\u00e9e de vie.<\/p>\n<ul>\n<li><strong>Rechargement facile<\/strong>\u00a0via les ports\u00a0<strong>Type-C<\/strong>\u00a0Ou\u00a0<strong>\u00c9clair<\/strong>.<\/li>\n<li><strong>Charge rapide<\/strong>\u00a0pour reprendre la vape en aucun temps.<\/li>\n<\/ul>\n<p>Pas besoin de s'inqui\u00e9ter de manquer de capacit\u00e9 - cette bouff\u00e9e est toujours pr\u00eate \u00e0 partir.<\/p>\n<h4><strong>R\u00e9servoir g\u00e9n\u00e9reux d'une capacit\u00e9 de 22ml<\/strong><\/h4>\n<p>Avec un\u00a0<strong>22 ml r\u00e9servoir<\/strong>l\u00e0-bas\u00a0<strong>JNR Falcon 16K<\/strong>\u00a0Garantit une exp\u00e9rience de vapotage plus longue. Moins de recharges, plus de plaisir : savourez vos options pr\u00e9f\u00e9r\u00e9es jusqu'\u00e0 la derni\u00e8re goutte.<\/p>\n<h4><strong>Double technologie de grille pour des options intenses<\/strong><\/h4>\n<p>L\u00e0\u00a0<strong>double bobine mesh<\/strong>\u00a0assure avanc\u00e9 :<\/p>\n<ul>\n<li>A\u00a0<strong>production de vapeur dense et homog\u00e8ne<\/strong>.<\/li>\n<li>A\u00a0<strong>restitution optimale des options<\/strong>m\u00eame apr\u00e8s de longues sessions.<\/li>\n<li>A\u00a0<strong>puissant coup de gorge<\/strong>\u00a0pour une exp\u00e9rience satisfaisante \u00e0 chaque bouff\u00e9e.<\/li>\n<\/ul>\n<p>Que vous aimiez les gros nuages ou des hits plus subtils, cette technologie garantit des performances exceptionnelles.<\/p>\n<h4><strong>Une Palette d'Options D\u00e9licieuses pour Tous les Go\u00fbts<\/strong><\/h4>\n<p>D\u00e9couvrez une gamme vari\u00e9e d'options, parfaites pour satisfaire toutes vos envies. Voici les\u00a0<strong>20 options disponibles<\/strong>\u00a0:<\/p>\n<ul>\n<li><strong>Glace fraise past\u00e8que<\/strong>\u00a0\ud83c\udf53\ud83c\udf49\u2744\ufe0f: Fraise et past\u00e8que avec une touche glac\u00e9e.<\/li>\n<li><strong>Hubba Bubba Fraise<\/strong>\u00a0\ud83c\udf53\ud83c\udf6c: Bubble-gomme aux fraises, doux et nostalgique.<\/li>\n<li><strong>Berry Burst<\/strong>\u00a0Explosion de baies rouges et bleues.<\/li>\n<li><strong>Cola Ice<\/strong>\u00a0Saveur de cola glac\u00e9 p\u00e9tillant.<\/li>\n<li><strong>Blue Razz Ice<\/strong>\u00a0\ud83d\udd35\u2744\ufe0f: Doux et rafra\u00eechissant framboise bleue \u00e0 la menthe.<\/li>\n<li><strong>Fraise Kiwi<\/strong>\u00a0\ud83c\udf53\ud83e\udd5d: Fraises sucr\u00e9es et kiwi acidul\u00e9.<\/li>\n<li><strong>Pineapple Mango Orange \nAnanas Mangue Orange<\/strong>\u00a0Tropical pineapple, mango et orange.<\/li>\n<li><strong>Citron Rose<\/strong>\u00a0Citron rose piquant et rafra\u00eechissant.<\/li>\n<li><strong>M\u00e9lange de baies<\/strong>\u00a0Rich blend of assorted berries.<\/li>\n<li><strong>Passion Fruit Kiwi \n\nbecomes \n\nFruit de la Passion Kiwi<\/strong>\u00a0Passion fruit and exotic kiwi.<\/li>\n<li><strong>Glace \u00e0 la fraise<\/strong>\u00a0\ud83c\udf53\u2744\ufe0f: Fraise congel\u00e9e, douce et rafra\u00eechissante.<\/li>\n<li><strong>Grapefruit Lemonade Ice<\/strong>\u00a0Pamplemousse et citron glac\u00e9s.<\/li>\n<li><strong>White Peach Razz<\/strong>\u00a0\ud83c\udf51\ud83d\udd35: P\u00eache blanche et framboise bleue.<\/li>\n<li><strong>Myrtilles Framboises Cerises<\/strong>\u00a0Myrtilles, framboises et cerises.<\/li>\n<li><strong>Myrtillier Framboise rouge<\/strong>\u00a0Myrtilles et framboises rouges.<\/li>\n<li><strong>Glace aux bleuets et \u00e0 la grenade<\/strong>\u00a0Myrtilles et grenades congel\u00e9es.<\/li>\n<li><strong>Watermelon Bubblegum<\/strong>\u00a0\ud83c\udf49\ud83c\udf6c: Past\u00e8que et chewing-gum sucr\u00e9.<\/li>\n<li><strong>Sakura Grape<\/strong>\u00a0\ud83c\udf47\ud83c\udf38 : Raison sakura sucr\u00e9e et florale.<\/li>\n<li><strong>Strawberry Pina Colada \nne n\u00e9cessite pas de traduction, mais la traduction des composants pourrait \u00eatre : \n Fraise Pina Colada \nCependant comme il s'agit d'un nom propre de boisson, la r\u00e9ponse est : \nStrawberry Pina Colada<\/strong>\u00a0\ud83c\udf53\ud83c\udf4d\ud83e\udd65: Fraise et Pina Colada tropicale.<\/li>\n<li><strong>Past\u00e8que Mangue P\u00eache<\/strong>\u00a0\ud83c\udf49\ud83e\udd6d\ud83c\udf51: Past\u00e8que juteuse, mangue et p\u00eache.<\/li>\n<\/ul>\n<h4><strong>Pourquoi choisir le JNR Falcon 16K ?<\/strong><\/h4>\n<p>Voici pourquoi les\u00a0<strong>JNR Falcon 16K<\/strong>\u00a0est un choix essentiel :<\/p>\n<ul>\n<li><strong>Durabilit\u00e9<\/strong>\u00a0: Jusqu'\u00e0 16 000 bouff\u00e9es et une batterie rechargeable.<\/li>\n<li><strong>Technologie avanc\u00e9e<\/strong>\u00a0: Double bobine de maillage, ports Type-C et Lightning.<\/li>\n<li><strong>Options vari\u00e9es<\/strong>\u00a020 options pour satisfaire tous les d\u00e9sirs.<\/li>\n<li><strong>Facilit\u00e9 d'utilisation<\/strong>\u00a0Conception compacte et intuitive.<\/li>\n<\/ul>\n<h4><strong>Livraison rapide et fiable en France<\/strong><\/h4>\n<p>\u00c0 la maison de\u00a0<strong>JNR VAPE<\/strong>Nous savons que le temps compte. Profitez de notre\u00a0<strong>livraison rapide<\/strong>\u00a0:<\/p>\n<ul>\n<li><strong>3 \u00e0 5 jours ouvrables<\/strong>\u00a0partout en France.<\/li>\n<li><strong>Livraison gratuite<\/strong>\u00a0\u00e0 partir d'un achat de 50 \u20ac.<\/li>\n<li>Suivi en temps r\u00e9el pour savoir o\u00f9 se trouve votre commande.<\/li>\n<\/ul>\n<p>Commandez maintenant et recevez votre\u00a0<strong>JNR Falcon 16K<\/strong>\u00a0directement chez vous !<\/p>\n<h4><strong>Taux d\u00e9croissants pour plus d'\u00e9conomies<\/strong><\/h4>\n<p>Commandez plus, \u00e9conomisez plus :<\/p>\n<ul>\n<li><strong>1 pi\u00e8ce<\/strong>\u00a0: Prix standard.<\/li>\n<li><strong>3 chambres<\/strong>\u00a0: Remises avantageuses.<\/li>\n<li><strong>5 chambres ou plus<\/strong>\u00a0: Remises suppl\u00e9mentaires, parfait pour tester plusieurs options ou partager avec vos proches.<\/li>\n<\/ul>\n<h4><strong>R\u00e9sum\u00e9 : Votre vape id\u00e9al quotidien<\/strong><\/h4>\n<p>L\u00e0\u00a0<strong>JNR Falcon 16K Disposable Puff<\/strong>\u00a0se distingue par ses performances exceptionnelles, sa grande capacit\u00e9 et ses options vari\u00e9es. Que vous soyez d\u00e9butant ou vapoteur exp\u00e9riment\u00e9, il offre une exp\u00e9rience riche, pratique et satisfaisante. Commandez aujourd'hui et d\u00e9couvrez pourquoi c'est le choix pr\u00e9f\u00e9r\u00e9 des vapoteurs en France !<\/p>","protected":false},"excerpt":{"rendered":"<p>St\u00e4rke: 2 1\/3 (20 mg)<br \/>\nJusqu'\u00e0 16 000 trains<br \/>\nCapacit\u00e9 de la batterie 850 mAh<br \/>\nDouble Maille<br \/>\n22 ml de capacit\u00e9<br \/>\nPlus gros nuages &amp; fort hit gorge<br \/>\nLongue dur\u00e9e d'ar\u00f4me jusqu'\u00e0 la derni\u00e8re bouff\u00e9e<br \/>\nDeux prises de charge<br \/>\nType C &amp; Lightning inclus<\/p>","protected":false},"featured_media":2026,"comment_status":"open","ping_status":"closed","template":"","meta":{"om_disable_all_campaigns":false},"product_brand":[],"product_cat":[48],"product_tag":[],"class_list":{"0":"post-2025","1":"product","2":"type-product","3":"status-publish","4":"has-post-thumbnail","6":"product_cat-jnr-falcon-16000-puffs","8":"first","9":"instock","10":"shipping-taxable","11":"purchasable","12":"product-type-simple"},"_links":{"self":[{"href":"https:\/\/alfakher24h.de\/fr\/wp-json\/wp\/v2\/product\/2025","targetHints":{"allow":["GET"]}}],"collection":[{"href":"https:\/\/alfakher24h.de\/fr\/wp-json\/wp\/v2\/product"}],"about":[{"href":"https:\/\/alfakher24h.de\/fr\/wp-json\/wp\/v2\/types\/product"}],"replies":[{"embeddable":true,"href":"https:\/\/alfakher24h.de\/fr\/wp-json\/wp\/v2\/comments?post=2025"}],"wp:featuredmedia":[{"embeddable":true,"href":"https:\/\/alfakher24h.de\/fr\/wp-json\/wp\/v2\/media\/2026"}],"wp:attachment":[{"href":"https:\/\/alfakher24h.de\/fr\/wp-json\/wp\/v2\/media?parent=2025"}],"wp:term":[{"taxonomy":"product_brand","embeddable":true,"href":"https:\/\/alfakher24h.de\/fr\/wp-json\/wp\/v2\/product_brand?post=2025"},{"taxonomy":"product_cat","embeddable":true,"href":"https:\/\/alfakher24h.de\/fr\/wp-json\/wp\/v2\/product_cat?post=2025"},{"taxonomy":"product_tag","embeddable":true,"href":"https:\/\/alfakher24h.de\/fr\/wp-json\/wp\/v2\/product_tag?post=2025"}],"curies":[{"name":"wp","href":"https:\/\/api.w.org\/{rel}","templated":true}]}}