{"id":193,"date":"2024-09-13T12:54:37","date_gmt":"2024-09-13T12:54:37","guid":{"rendered":"https:\/\/alfakher24h.de\/?post_type=product&#038;p=193"},"modified":"2025-02-15T01:20:46","modified_gmt":"2025-02-15T01:20:46","slug":"al-fakher-crown-bar-par-8000-bouffees-cigarette-electronique-jetable-raisin-menthe","status":"publish","type":"product","link":"https:\/\/alfakher24h.de\/fr\/produit\/al-fakher-crown-bar-par-8000-bouffees-cigarette-electronique-jetable-raisin-menthe\/","title":{"rendered":"AL Fakher Crown Bar Pro 8000 bouff\u00e9es cigarette \u00e9lectronique jetable avec nicotine - Grape Mint"},"content":{"rendered":"<h2><strong><a href=\"https:\/\/alfakher24h.de\/fr\/categorie-de-produit\/al-fakher-couronne-cash-par-8000\/\">AL Fakher Crown Bar Pro 8000 tir\u00e9es<\/a> Cigarette \u00e9lectronique jetable avec nicotine - Menthe raisin<\/strong><\/h2>\n<p>La <strong>AL Fakher Crown Bar Pro 8000 tir\u00e9es <a href=\"https:\/\/alfakher24h.de\/fr\/\">Cigarette \u00e9lectronique jetable avec nicotine<\/a><\/strong> offre une solution r\u00e9volutionnaire pour tous ceux qui recherchent une exp\u00e9rience de vapotage de haute qualit\u00e9, confortable et durable. Con\u00e7u pour les vapoteurs exigeants, cet appareil combine les derni\u00e8res technologies, une grande puissance et un go\u00fbt exceptionnel dans un format compact et facile \u00e0 utiliser. Avec jusqu'\u00e0 <strong>8 000 trains \nor \n8000 trains<\/strong>une capacit\u00e9 de e-liquide de <strong>18 ml<\/strong> et d'une concentration en nicotine de <strong>0,5 %<\/strong>La AL Fakher Crown Bar Pro \u00e9tablit une nouvelle norme dans le domaine des cigarettes \u00e9lectroniques jetables.<\/p>\n<p>Sur alfakher24h.de, la plus grande plateforme en ligne d'Allemagne pour <a href=\"https:\/\/alfakher24h.de\/fr\/\"><strong>E-cigarettes jetables<\/strong><\/a>Vous pouvez acheter l'AL Fakher Crown Bar Pro et de nombreux autres produits \u2013 \u00e0 des prix comp\u00e9titifs et avec une livraison rapide. Faites confiance \u00e0 notre expertise et effectuez votre achat d\u00e8s aujourd'hui !<\/p>\n<h2><strong>AL Fakher Crown Bar Pro 8000 tir\u00e9es <\/strong>D\u00e9tails techniques de l'AL Fakher Crown Bar Pro 8000 tirages<\/h2>\n<p>Avec sa bobine Mesh puissante et sa construction moderne, la AL Fakher Crown Bar Pro est non seulement un plaisir pour les amateurs de vape, mais \u00e9galement techniquement mature :<\/p>\n<ul>\n<li><strong>Dimensions<\/strong>: 19 x 109 mm \u2013 Compact et portable, parfait pour \u00eatre emport\u00e9 partout.<\/li>\n<li><strong>Capacit\u00e9 de liquide \u00e9lectronique<\/strong>18 ml - Abondant liquide pour un vapotage long et ininterrompu.<\/li>\n<li><strong>Capacit\u00e9 de la batterie<\/strong>: 600 mAh - Puissant enough pour jusqu'\u00e0 <strong>8000 trains<\/strong> sans rechargement.<\/li>\n<li><strong>prise de charge<\/strong>: Type-C - Chargement rapide et pratique, id\u00e9al pour les vapoteurs mobiles.<\/li>\n<li><strong>R\u00e9sistance de bobine<\/strong>: 1,2 Ohm - Optimis\u00e9 pour un d\u00e9veloppement de vapeur dense et un go\u00fbt intense.<\/li>\n<li><strong>Teneur en nicotine<\/strong>: 5 mg (0,5 %) \u2013 Pour une exp\u00e9rience de nicotine \u00e9quilibr\u00e9e et satisfaisante.<\/li>\n<li><strong>Plage de temp\u00e9rature<\/strong>: -10 \u00b0C \u00e0 +40 \u00b0C \u2013 Parfait pour une utilisation dans chaque environnement, que ce soit \u00e0 l'int\u00e9rieur ou \u00e0 l'ext\u00e9rieur.<\/li>\n<\/ul>\n<h2><strong>AL Fakher Crown Bar Pro 8000 tir\u00e9es <\/strong>Pourquoi la AL Fakher Crown Bar Pro ?<\/h2>\n<p>La AL Fakher Crown Bar Pro offre une vari\u00e9t\u00e9 d'avantages qui en font le choix id\u00e9al pour les amateurs de vape :<\/p>\n<h4>1. <strong>Exp\u00e9rience gustative exceptionnelle<\/strong><\/h4>\n<p>La bobine Mesh de cette cigarette \u00e9lectronique jetable assure une saveur intense et pure. Que vous pr\u00e9f\u00e9riez des ar\u00f4mes forts ou subtils, la Crown Bar Pro offre des saveurs constamment riches et pleines, qui maximisent le plaisir de chaque bouff\u00e9e.<\/p>\n<h4>2. <strong>Long\u00e9vit\u00e9 et durabilit\u00e9<\/strong><\/h4>\n<p>d'une capacit\u00e9 de <strong>8 000 trains \nor \n8000 trains<\/strong> L'AL Fakher Crown Bar Pro offre une dur\u00e9e de vie exceptionnellement longue. Cela signifie moins de d\u00e9chets et une utilisation plus efficace par rapport \u00e0 de nombreuses autres cigarettes \u00e9lectroniques jetables sur le march\u00e9.<\/p>\n<h4>3. <strong>Chargement pratique et rapide<\/strong><\/h4>\n<p>Le int\u00e9gr\u00e9 <strong>Prise de charge de type C<\/strong> permet une recharge rapide et pratique, afin que vous ne soyez jamais longtemps sans votre cigarette \u00e9lectronique. Id\u00e9al pour les grands voyageurs et tous ceux qui ne veulent pas renoncer \u00e0 leur exp\u00e9rience de vapotage en d\u00e9placement.<\/p>\n<h4>4. <strong>Conception compacte pour unterwegs<\/strong><\/h4>\n<p>Con un design \u00e9l\u00e9gant et l\u00e9ger, la AL Fakher Crown Bar Pro est parfaitement adapt\u00e9e pour une utilisation quotidienne. Vous pouvez facilement la ranger dans votre poche et l'utiliser partout et \u00e0 tout moment selon vos besoins.<\/p>\n<h4>5. <strong>La nicotine et la puissance de la vapeur<\/strong><\/h4>\n<p>Avec <strong>5 mg de nicotine<\/strong> L'AL Fakher Crown Bar Pro offre une intensit\u00e9 de nicotine agr\u00e9able qui procure une exp\u00e9rience de vapotage satisfaisante sans \u00eatre \u00e9crasante. La combinaison de la bonne intensit\u00e9 de nicotine et de la performance de vapeur uniforme assure une exp\u00e9rience globalement agr\u00e9able.<\/p>\n<p><img loading=\"lazy\" decoding=\"async\" class=\"alignleft size-full wp-image-197\" src=\"https:\/\/alfakher24h.de\/wp-content\/uploads\/2024\/09\/AL-Fakher-Crown-Bar-Pro-8000-Zuege-Einweg-E-Zigarette-\u2013-Grape-Mint.webp\" alt=\"AL Fakher Crown Bar Pro 8000 bouff\u00e9es cigarette \u00e9lectronique jetable - Grape Mint\" width=\"1000\" height=\"1000\" title=\"\" srcset=\"https:\/\/alfakher24h.de\/wp-content\/uploads\/2024\/09\/AL-Fakher-Crown-Bar-Pro-8000-Zuege-Einweg-E-Zigarette-\u2013-Grape-Mint.webp 1000w, https:\/\/alfakher24h.de\/wp-content\/uploads\/2024\/09\/AL-Fakher-Crown-Bar-Pro-8000-Zuege-Einweg-E-Zigarette-\u2013-Grape-Mint-300x300.webp 300w, https:\/\/alfakher24h.de\/wp-content\/uploads\/2024\/09\/AL-Fakher-Crown-Bar-Pro-8000-Zuege-Einweg-E-Zigarette-\u2013-Grape-Mint-150x150.webp 150w, https:\/\/alfakher24h.de\/wp-content\/uploads\/2024\/09\/AL-Fakher-Crown-Bar-Pro-8000-Zuege-Einweg-E-Zigarette-\u2013-Grape-Mint-768x768.webp 768w, https:\/\/alfakher24h.de\/wp-content\/uploads\/2024\/09\/AL-Fakher-Crown-Bar-Pro-8000-Zuege-Einweg-E-Zigarette-\u2013-Grape-Mint-600x600.webp 600w, https:\/\/alfakher24h.de\/wp-content\/uploads\/2024\/09\/AL-Fakher-Crown-Bar-Pro-8000-Zuege-Einweg-E-Zigarette-\u2013-Grape-Mint-100x100.webp 100w\" sizes=\"auto, (max-width: 1000px) 100vw, 1000px\" \/><\/p>\n<h2><strong>AL Fakher Crown Bar Pro 8000 tir\u00e9es <\/strong>Le go\u00fbt Grape Mint - Une combinaison rafra\u00eechissante<\/h2>\n<p>La saveur <strong>Menthe \u00e0 raisin<\/strong> le<a href=\"https:\/\/alfakher24h.de\/fr\/\"> AL Fakher<\/a> Crown Bar Pro est un exemple exceptionnel de la combinaison harmonieuse de fruits et de fra\u00eecheur. Cette saveur associe le go\u00fbt sucr\u00e9 et juteux de raisins m\u00fbrs avec une touche de menthe rafra\u00eechissante. Chaque bouff\u00e9e est une explosion rafra\u00eechissante d'ar\u00f4mes qui chouchoutent vos papilles gustatives et procurent en m\u00eame temps une exp\u00e9rience de vapotage revitalisante.<\/p>\n<p>La note de raisin dans ce liquide est intense et sucr\u00e9e, sans toutefois \u00eatre excessive. Elle rappelle des raisins frais et m\u00fbris au soleil, parfaitement adapt\u00e9s aux d\u00e9buts d'automne. La douceur naturelle des raisins est compl\u00e9t\u00e9e par la fra\u00eecheur rafra\u00eechissante de la menthe, ce qui donne une combinaison \u00e9quilibr\u00e9e et rafra\u00eechissante, \u00e0 la fois agr\u00e9able et surprenante.<\/p>\n<p>L'ar\u00f4me doux du Minza rafra\u00eechit chaque bouff\u00e9e et fait en sorte que le go\u00fbt du raisin ne soit pas trop sucr\u00e9 ou \u00e9crasant. C'est cet \u00e9quilibre qui <strong>Menthe \u00e0 raisin<\/strong> qui en fait l'une des saveurs les plus populaires pour de nombreux vapoteurs, en particulier pour ceux qui pr\u00e9f\u00e8rent les ar\u00f4mes de fruits avec une touche de fra\u00eecheur. Pour les journ\u00e9es chaudes d'\u00e9t\u00e9 ou simplement pour une utilisation quotidienne, c'est <strong>Menthe \u00e0 raisin<\/strong> le compagnon id\u00e9al.<\/p>\n<h2><strong>AL Fakher Crown Bar Pro 8000 tir\u00e9es <\/strong>Pourquoi acheter sur alfakher24h.de ?<\/h2>\n<p>Nous sommes<a href=\"https:\/\/alfakher24h.de\/fr\/\">i alfakher24h.de<\/a> sont fiers d'\u00eatre les <strong>la plus grande plate-forme de vente en ligne de cigarettes \u00e9lectroniques jetables en Allemagne<\/strong> \u00eatre. Chez nous, vous trouverez les produits les plus r\u00e9cents et les meilleurs, notamment l'AL Fakher Crown Bar Pro 8000 tirs, et ce \u00e0 des prix extr\u00eamement comp\u00e9titifs. Nos clients profitent de d\u00e9lais de livraison rapides, d'un service client fiable et d'un processus de commande simple.<\/p>\n<p>De plus, nous offrons un large choix de saveurs et de marques pour garantir que chaque vapoteur trouve le produit parfait pour ses besoins. Faites confiance \u00e0 notre longue exp\u00e9rience et profitez d'une exp\u00e9rience de vapotage inoubliable.<\/p>\n<h2><strong>AL Fakher Crown Bar Pro 8000 tir\u00e9es <\/strong>Conclusion<\/h2>\n<p>La <strong>AL Fakher Crown Bar Pro 8000 bouff\u00e9es cigarette \u00e9lectronique jetable<\/strong> est le choix parfait pour tous ceux qui recherchent une exp\u00e9rience de vapotage de premi\u00e8re qualit\u00e9 et durable. Avec sa bobine en maille de haute qualit\u00e9, un nombre impressionnant de tirages et une saveur riche et satisfaisante, c'est l'une des meilleures options sur le march\u00e9. Surtout la saveur <strong>Menthe \u00e0 raisin<\/strong> offre une exp\u00e9rience de vape inoubliable, caract\u00e9ris\u00e9e par son \u00e9quilibre parfait entre des ar\u00f4mes sucr\u00e9s et frais.<\/p>\n<p>B<\/p>","protected":false},"excerpt":{"rendered":"<p>La <strong>AL Fakher Crown Bar Pro 8000 bouff\u00e9es cigarette \u00e9lectronique jetable<\/strong> con\u00e7u pour allier un design \u00e9l\u00e9gant \u00e0 18 ml de e-liquide, jusqu'\u00e0 8000 bouff\u00e9es et une saveur rafra\u00eechissante <strong>Menthe \u00e0 raisin<\/strong> pour une exp\u00e9rience de vape intense et sans complication.<\/p>","protected":false},"featured_media":194,"comment_status":"open","ping_status":"closed","template":"","meta":{"om_disable_all_campaigns":false},"product_brand":[],"product_cat":[15],"product_tag":[],"class_list":{"0":"post-193","1":"product","2":"type-product","3":"status-publish","4":"has-post-thumbnail","6":"product_cat-al-fakher-crown-bar-pro-8000","8":"first","9":"outofstock","10":"shipping-taxable","11":"purchasable","12":"product-type-simple"},"_links":{"self":[{"href":"https:\/\/alfakher24h.de\/fr\/wp-json\/wp\/v2\/product\/193","targetHints":{"allow":["GET"]}}],"collection":[{"href":"https:\/\/alfakher24h.de\/fr\/wp-json\/wp\/v2\/product"}],"about":[{"href":"https:\/\/alfakher24h.de\/fr\/wp-json\/wp\/v2\/types\/product"}],"replies":[{"embeddable":true,"href":"https:\/\/alfakher24h.de\/fr\/wp-json\/wp\/v2\/comments?post=193"}],"wp:featuredmedia":[{"embeddable":true,"href":"https:\/\/alfakher24h.de\/fr\/wp-json\/wp\/v2\/media\/194"}],"wp:attachment":[{"href":"https:\/\/alfakher24h.de\/fr\/wp-json\/wp\/v2\/media?parent=193"}],"wp:term":[{"taxonomy":"product_brand","embeddable":true,"href":"https:\/\/alfakher24h.de\/fr\/wp-json\/wp\/v2\/product_brand?post=193"},{"taxonomy":"product_cat","embeddable":true,"href":"https:\/\/alfakher24h.de\/fr\/wp-json\/wp\/v2\/product_cat?post=193"},{"taxonomy":"product_tag","embeddable":true,"href":"https:\/\/alfakher24h.de\/fr\/wp-json\/wp\/v2\/product_tag?post=193"}],"curies":[{"name":"wp","href":"https:\/\/api.w.org\/{rel}","templated":true}]}}