{"id":1775,"date":"2025-03-11T11:59:10","date_gmt":"2025-03-11T11:59:10","guid":{"rendered":"https:\/\/alfakher24h.de\/?post_type=product&#038;p=1775"},"modified":"2025-07-12T13:27:54","modified_gmt":"2025-07-12T13:27:54","slug":"httperror-response-code-429-too-many-requests-26","status":"publish","type":"product","link":"https:\/\/alfakher24h.de\/fr\/produit\/httperror-response-code-429-too-many-requests-26\/","title":{"rendered":"Arymi IFun 28000 Z\u00fcge Einweg E Zigarette \u2013 Juice Peach lce \u2013 Strawberry Watermelon Bubble \n\n devient \n\nArymi IFun 28000 tirages cigarette \u00e9lectronique jetable - Juice Peach Ice - Fraise Past\u00e8que Bubble"},"content":{"rendered":"<h1 data-start=\"0\" data-end=\"68\">Arymi IFun 28000 Z\u00fcge Einweg E-Zigarette: La r\u00e9volution dans le vapotage<\/h1>\n<p data-start=\"70\" data-end=\"617\">La\u00a0<strong data-start=\"74\" data-end=\"118\">Arymi IFun 28000 Z\u00fcge Einweg E-Zigarette \n\n becomes \n\nArymi IFun 28000 tirages cigarette \u00e9lectronique jetable<\/strong>\u00a0offre une exp\u00e9rience de vapotage incomparable pour les vapoteurs exigeants en Allemagne. Avec un nombre impressionnant de\u00a0<strong data-start=\"245\" data-end=\"261\">28 000 trains<\/strong>un\u00a0<strong data-start=\"269\" data-end=\"301\">grande capacit\u00e9 liquide<\/strong>\u00a0de\u00a0<strong data-start=\"306\" data-end=\"315\">28 ml<\/strong>\u00a0et un\u00a0<strong data-start=\"326\" data-end=\"360\">technologie de bobine de maillage moderne<\/strong>\u00a0est-ce que cette cigarette \u00e9lectronique jetable est le choix parfait pour tous ceux qui appr\u00e9cient le go\u00fbt, la performance et le confort. Si vous \u00eates un\u00a0<strong data-start=\"484\" data-end=\"506\">Cigarette \u00e9lectronique jetable<\/strong>\u00a0avec du nicotin acheter voudraient, est le\u00a0<strong data-start=\"543\" data-end=\"563\">Arymi IFun 28000<\/strong>\u00a0la solution id\u00e9ale qui vous offre tout cela et plus encore.<\/p>\n<p data-start=\"619\" data-end=\"1009\">Disponible sur\u00a0<a href=\"https:\/\/alfakher24h.de\/fr\/\"><strong data-start=\"634\" data-end=\"653\">alfakherwelt.de<\/strong><\/a>le plus grand magasin en ligne pour\u00a0<strong data-start=\"683\" data-end=\"706\">Cigarettes \u00e9lectroniques jetables<\/strong>\u00a0En Allemagne, vous pouvez commander facilement ce vaporisateur avanc\u00e9 depuis chez vous. Dans cet article, vous en apprendrez davantage sur les propri\u00e9t\u00e9s uniques de la\u00a0<strong data-start=\"873\" data-end=\"893\">Arymi IFun 28000<\/strong>les diff\u00e9rentes saveurs et pourquoi celles-ci\u00a0<strong data-start=\"950\" data-end=\"972\">Cigarette \u00e9lectronique jetable<\/strong>\u00a0Leur meilleur choix pour la vape est.<\/p>\n<h3 data-start=\"1011\" data-end=\"1086\">Propri\u00e9t\u00e9s exceptionnelles des cigarettes \u00e9lectroniques jetables Arymi IFun 28000<\/h3>\n<h4 data-start=\"1088\" data-end=\"1139\">1.\u00a0<strong data-start=\"1095\" data-end=\"1139\">Un nombre incomparable de trains (28 000 trains)<\/strong><\/h4>\n<p data-start=\"1140\" data-end=\"1420\">Avec jusqu'\u00e0\u00a0<strong data-start=\"1151\" data-end=\"1167\">28 000 trains<\/strong>\u00a0propose l'Arymi IFun\u00a0<strong data-start=\"1190\" data-end=\"1209\">utilisation prolong\u00e9e<\/strong>\u00a0comme beaucoup de traditionnels\u00a0<strong data-start=\"1233\" data-end=\"1256\">Cigarettes \u00e9lectroniques jetables<\/strong>\u00a0sur le march\u00e9. Gr\u00e2ce \u00e0 cette impressionnante\u00a0<strong data-start=\"1300\" data-end=\"1315\">Nombre de bouff\u00e9es<\/strong>\u00a0Profitez d'une exp\u00e9rience de vapotage durable sans recharges fr\u00e9quentes ni remplacement de l'appareil.<\/p>\n<h4 data-start=\"1422\" data-end=\"1467\">2.\u00a0<strong data-start=\"1429\" data-end=\"1467\">Grande capacit\u00e9 de e-liquide de 28 ml<\/strong><\/h4>\n<p data-start=\"1468\" data-end=\"1689\">La\u00a0<strong data-start=\"1472\" data-end=\"1490\">28 ml E-Liquid<\/strong>- La capacit\u00e9 permet de vapoter plus longtemps sans avoir \u00e0 se soucier de la recharge. Id\u00e9al pour les vapoteurs intensifs qui pr\u00e9f\u00e8rent une utilisation plus longue et sans souci.<\/p>\n<h4 data-start=\"1691\" data-end=\"1763\">3.\u00a0<strong data-start=\"1698\" data-end=\"1763\">Technologie de bobine de maillage avanc\u00e9e (Bobine \u00e0 double maillage 1,0 \u03a9)<\/strong><\/h4>\n<p data-start=\"1764\" data-end=\"2042\">La\u00a0<strong data-start=\"1768\" data-end=\"1781\">Bobine \u00e0 mailles<\/strong>\u00a0assure une vaporisation uniforme de l'e-liquide et une exp\u00e9rience gustative plus intense. Le\u00a0<strong data-start=\"1882\" data-end=\"1900\">Double Bobine Maille<\/strong>\u00a0avec\u00a0<strong data-start=\"1905\" data-end=\"1914\">1,0 \u03a9<\/strong>\u00a0r\u00e9sistance vous offre non seulement une production de vapeur dense, mais aussi un\u00a0<strong data-start=\"1991\" data-end=\"2018\">parfait du point de vue du go\u00fbt<\/strong>\u00a0Une exp\u00e9rience \u00e0 chaque trajet.<\/p>\n<h4 data-start=\"2044\" data-end=\"2099\">4.\u00a0<strong data-start=\"2051\" data-end=\"2099\">Airflow adjustable pour un vapotage personnalis\u00e9<\/strong><\/h4>\n<p data-start=\"2100\" data-end=\"2349\">Le\u00a0<strong data-start=\"2104\" data-end=\"2128\">d\u00e9bit d'air r\u00e9glable<\/strong>\u00a0La cigarette \u00e9lectronique jetable Arymi IFun vous permet d'ajuster l'alimentation en air selon vos pr\u00e9f\u00e9rences. Vous pouvez ainsi\u00a0<strong data-start=\"2250\" data-end=\"2266\">Comportement de traction<\/strong>\u00a0personnaliser, que vous pr\u00e9f\u00e9riez un tirage plus l\u00e9ger ou plus fort.<\/p>\n<h4 data-start=\"2351\" data-end=\"2392\">5.\u00a0<strong data-start=\"2358\" data-end=\"2392\">Batterie avec une capacit\u00e9 de 600 mAh<\/strong><\/h4>\n<p data-start=\"2393\" data-end=\"2634\">La\u00a0<strong data-start=\"2397\" data-end=\"2417\">Batterie 600 mAh<\/strong>\u00a0assure une performance fiable sur toute la dur\u00e9e de vie de l'appareil. Avec\u00a0<strong data-start=\"2500\" data-end=\"2524\">Connecteur de charge Type-C<\/strong>\u00a0Pouvez-vous les\u00a0<strong data-start=\"2540\" data-end=\"2583\">Recharger la batterie rapidement et efficacement<\/strong>afin de prolonger encore davantage l'exp\u00e9rience de vapotage.<\/p>\n<h4 data-start=\"2636\" data-end=\"2667\">6.\u00a0<strong data-start=\"2643\" data-end=\"2667\">21 mg \n(keine direkte \u00dcbersetzung, aber Anpassung an franz\u00f6sische Notation) \n21 milligrammes<\/strong><\/h4>\n<p data-start=\"2668\" data-end=\"2904\">La\u00a0<strong data-start=\"2672\" data-end=\"2693\">2 x % Nicotine strength<\/strong>\u00a0offre un kick agr\u00e9able pour tous ceux qui recherchent une absorption mod\u00e9r\u00e9e de nicotine, sans se sentir d\u00e9pass\u00e9s. Parfait pour ceux qui passent des cigarettes classiques \u00e0\u00a0<strong data-start=\"2869\" data-end=\"2885\">E-cigarettes<\/strong>\u00a0souhaitez changer.<\/p>\n<h4 data-start=\"2906\" data-end=\"2956\">7.\u00a0<strong data-start=\"2913\" data-end=\"2956\">Pack individuel pratique et grande quantit\u00e9<\/strong><\/h4>\n<p data-start=\"2957\" data-end=\"3217\">Chaque\u00a0<strong data-start=\"2962\" data-end=\"3001\">Arymi IFun 28000 jetable e-cigarette<\/strong>\u00a0ne p\u00e8se que\u00a0<strong data-start=\"3012\" data-end=\"3021\">120 g<\/strong>\u00a0et est dans un paquet avec\u00a0<strong data-start=\"3051\" data-end=\"3063\">10 pi\u00e8ces<\/strong>\u00a0disponible. Pour les commandes plus importantes, il y a aussi\u00a0<strong data-start=\"3114\" data-end=\"3139\">Cartons de 200 pi\u00e8ces<\/strong>qui sont adapt\u00e9es \u00e0 la vente commerciale ou \u00e0 l'usage personnel.<\/p>\n<hr data-start=\"3219\" data-end=\"3222\" \/>\n<h3 data-start=\"3224\" data-end=\"3290\">D\u00e9tails des ar\u00f4mes de la cigarette \u00e9lectronique jetable Arymi IFun 28000 tirages<\/h3>\n<p data-start=\"3292\" data-end=\"3686\">L'Arymi IFun 28000 offre une\u00a0<strong data-start=\"3325\" data-end=\"3370\">une s\u00e9lection riche en saveurs d\u00e9licieuses<\/strong>qui raviront vos papilles \u00e0 chaque utilisation. Chaque\u00a0<strong data-start=\"3440\" data-end=\"3462\">Cigarette \u00e9lectronique jetable<\/strong>\u00a0est con\u00e7u pour vous offrir une exp\u00e9rience intensive et\u00a0<strong data-start=\"3510\" data-end=\"3544\">exp\u00e9rience gustative r\u00e9aliste<\/strong>\u00a0\u00e0 offrir. Vous trouverez ci-dessous des descriptions d\u00e9taill\u00e9es des saveurs les plus populaires que vous pourrez appr\u00e9cier dans votre appareil :<\/p>\n<h4 data-start=\"3688\" data-end=\"3714\"><strong data-start=\"3692\" data-end=\"3714\">1. Jus de p\u00eache glac\u00e9<\/strong><\/h4>\n<p data-start=\"3715\" data-end=\"4139\">La\u00a0<strong data-start=\"3719\" data-end=\"3738\">Jus de p\u00eache glac\u00e9<\/strong>combinaison de saveurs allie le go\u00fbt sucr\u00e9 et juteux de p\u00eaches m\u00fbres \u00e0 une fra\u00eecheur et une touche de menthol rafra\u00eechissante. La\u00a0<strong data-start=\"3867\" data-end=\"3884\">Note de p\u00eache<\/strong>\u00a0est parfaitement \u00e9quilibr\u00e9 et offre une saveur pleine et fruit\u00e9e, qui est travers\u00e9e par les\u00a0<strong data-start=\"3972\" data-end=\"3987\">Refroidissement \u00e0 glace<\/strong>\u00a0une fra\u00eecheur rafra\u00eechissante obtient. Cette saveur est id\u00e9ale pour les chaudes journ\u00e9es d'\u00e9t\u00e9 et offre une agr\u00e9able et rafra\u00eechissante fra\u00eecheur apr\u00e8s chaque bouff\u00e9e.<\/p>\n<h4 data-start=\"4141\" data-end=\"4180\"><strong data-start=\"4145\" data-end=\"4180\">2. Bubble de Past\u00e8que et de Fraise<\/strong><\/h4>\n<p data-start=\"4181\" data-end=\"4633\">La\u00a0<strong data-start=\"4185\" data-end=\"4217\">Strawberry Watermelon Bubble \nBulles de fraise et de past\u00e8que<\/strong>L'ar\u00f4me combin\u00e9 associe le go\u00fbt sucr\u00e9 de fruits m\u00fbrs\u00a0<strong data-start=\"4278\" data-end=\"4291\">Fraises<\/strong>\u00a0et\u00a0<strong data-start=\"4296\" data-end=\"4313\">Past\u00e8ques<\/strong>\u00a0avec une touche de\u00a0<strong data-start=\"4334\" data-end=\"4346\">Chewing-gum<\/strong>Ce m\u00e9lange rappelle l'exp\u00e9rience d\u00e9licieuse de la gomme \u00e0 m\u00e2cher de l'enfance, avec une touche fruit\u00e9e, \u00e0 la fois sucr\u00e9e et rafra\u00eechissante. La saveur est\u00a0<strong data-start=\"4506\" data-end=\"4531\">fruit\u00e9 et intense<\/strong>avec une note sucr\u00e9e de fraise et de past\u00e8que, parfaitement \u00e9quilibr\u00e9e par la saveur de chewing-gum.<\/p>\n<p data-start=\"4181\" data-end=\"4633\"><img loading=\"lazy\" decoding=\"async\" class=\"alignnone wp-image-2302 size-full\" title=\"Arymi IFun 28000 Z\u00fcge Einweg E Zigarette - Juice Peach lce - Strawberry Watermelon Bubble 2  devient Arymi IFun 28000 tirages cigarette \u00e9lectronique jetable - Juice Peach lce - Strawberry Watermelon Bubble 2\" src=\"https:\/\/alfakher24h.de\/wp-content\/uploads\/2025\/03\/all1.webp\" sizes=\"auto, (max-width: 904px) 100vw, 904px\" srcset=\"https:\/\/alfakher24h.de\/wp-content\/uploads\/2025\/03\/all1.webp 904w, https:\/\/alfakher24h.de\/wp-content\/uploads\/2025\/03\/all1-212x300.webp 212w, https:\/\/alfakher24h.de\/wp-content\/uploads\/2025\/03\/all1-723x1024.webp 723w, https:\/\/alfakher24h.de\/wp-content\/uploads\/2025\/03\/all1-768x1087.webp 768w, https:\/\/alfakher24h.de\/wp-content\/uploads\/2025\/03\/all1-8x12.webp 8w, https:\/\/alfakher24h.de\/wp-content\/uploads\/2025\/03\/all1-600x850.webp 600w\" alt=\"Arymi IFun 28000 Z\u00fcge Einweg E Zigarette - Juice Peach lce - Strawberry Watermelon Bubble  devient Arymi IFun 28000 tirages cigarette \u00e9lectronique jetable - Juice Peach Ice - Fraise Past\u00e8que Bubble\" width=\"904\" height=\"1280\" \/><\/p>\n<hr data-start=\"4635\" data-end=\"4638\" \/>\n<h3 data-start=\"4640\" data-end=\"4712\">Pourquoi vous devriez acheter la cigarette \u00e9lectronique jetable Arymi IFun 28000 tirages<\/h3>\n<h4 data-start=\"4714\" data-end=\"4769\"><strong data-start=\"4718\" data-end=\"4769\">Longue dur\u00e9e de conservation pour un plaisir prolong\u00e9<\/strong><\/h4>\n<p data-start=\"4770\" data-end=\"5114\">Gr\u00e2ce \u00e0\u00a0<strong data-start=\"4779\" data-end=\"4793\">28 000 trains<\/strong>\u00a0et la g\u00e9n\u00e9reuse\u00a0<strong data-start=\"4814\" data-end=\"4842\">28 ml de capacit\u00e9 de liquide \u00e9lectronique<\/strong>\u00a0est-ce que celle-ci\u00a0<strong data-start=\"4853\" data-end=\"4875\">Cigarette \u00e9lectronique jetable<\/strong>\u00a0le choix parfait pour les vapoteurs qui recherchent une\u00a0<strong data-start=\"4916\" data-end=\"4937\">longue dur\u00e9e de conservation<\/strong>\u00a0sans avoir \u00e0 recharger fr\u00e9quemment ou \u00e0 changer d'appareil. Vous pouvez vous fier \u00e0 chaque train, sans vous soucier du chargement ou du remplacement de l'appareil.<\/p>\n<h4 data-start=\"5116\" data-end=\"5172\"><strong data-start=\"5120\" data-end=\"5172\">Qualit\u00e9 premium pour le vapoteur exigeant<\/strong><\/h4>\n<p data-start=\"5173\" data-end=\"5473\">L'Arymi IFun offre non seulement\u00a0<strong data-start=\"5205\" data-end=\"5236\">haute capacit\u00e9 et puissance<\/strong>mais aussi\u00a0<strong data-start=\"5251\" data-end=\"5278\">composants de haute qualit\u00e9<\/strong>\u00a0comme les\u00a0<strong data-start=\"5287\" data-end=\"5312\">Technologie de bobine maill\u00e9e<\/strong>\u00a0et les\u00a0<strong data-start=\"5321\" data-end=\"5343\">Airflow adaptable<\/strong>-Option. Ces fonctionnalit\u00e9s garantissent une exp\u00e9rience de vape exceptionnelle et offrent une saveur intense et uniforme.<\/p>\n<h4 data-start=\"5475\" data-end=\"5527\"><strong data-start=\"5479\" data-end=\"5527\">Parfait pour les d\u00e9butants et les vapoteurs exp\u00e9riment\u00e9s<\/strong><\/h4>\n<p data-start=\"5528\" data-end=\"5810\">Gr\u00e2ce \u00e0\u00a0<strong data-start=\"5537\" data-end=\"5561\">manipulation facile<\/strong>des\u00a0<strong data-start=\"5567\" data-end=\"5588\">conceptions compactes<\/strong>\u00a0et le\u00a0<strong data-start=\"5597\" data-end=\"5625\">portabilit\u00e9 pratique<\/strong>\u00a0convient aux Arymi IFun aussi bien pour\u00a0<strong data-start=\"5664\" data-end=\"5686\">D\u00e9butant en vape<\/strong>\u00a0ainsi que pour les utilisateurs exp\u00e9riment\u00e9s qui recherchent un\u00a0<strong data-start=\"5747\" data-end=\"5781\">de haute qualit\u00e9 et fiable<\/strong>\u00a0<strong data-start=\"5782\" data-end=\"5804\">Cigarette \u00e9lectronique jetable<\/strong>\u00a0sont.<\/p>\n<hr data-start=\"5812\" data-end=\"5815\" \/>\n<h3 data-start=\"5817\" data-end=\"5849\">Foire aux questions (FAQ)<\/h3>\n<p data-start=\"5851\" data-end=\"6044\"><strong data-start=\"5851\" data-end=\"5933\">1. Combien de bouff\u00e9es puis-je attendre avec la cigarette \u00e9lectronique Arymi IFun 28000 bouff\u00e9es ?<\/strong>\u00a0Les Arymi IFun offrent jusqu'\u00e0\u00a0<strong data-start=\"5969\" data-end=\"5984\">28 000 trains<\/strong>qui repr\u00e9sente l'une des capacit\u00e9s les plus \u00e9lev\u00e9es du march\u00e9.<\/p>\n<p data-start=\"6046\" data-end=\"6241\"><strong data-start=\"6046\" data-end=\"6118\">2. L'Arymi IFun 28000 Z\u00fcge Einweg-E-Zigarette est-elle rechargeable ?<\/strong>\u00a0Oui, l'Arymi IFun est \u00e9quip\u00e9 d'un\u00a0<strong data-start=\"6157\" data-end=\"6181\">Connecteur de charge Type-C<\/strong>afin que vous puissiez recharger la batterie en cas de besoin.<\/p>\n<p data-start=\"6243\" data-end=\"6408\"><strong data-start=\"6243\" data-end=\"6296\">3. Quelle est la concentration en nicotine de l'Arymi IFun 28000 ?<\/strong>\u00a0L'Arymi IFun est \u00e9quip\u00e9 d'une\u00a0<strong data-start=\"6326\" data-end=\"6352\">Nikotine\u0e40\u0e02\u0e49\u0e21it\u00e9 de 2 %<\/strong>\u00a0\u00e9quip\u00e9, ce qui offre une absorption mod\u00e9r\u00e9e de nicotine.<\/p>\n<p data-start=\"6410\" data-end=\"6597\"><strong data-start=\"6410\" data-end=\"6460\">Quelles saveurs sont disponibles ?<\/strong>\u00a0Actuellement, nous offrons les\u00a0<strong data-start=\"6484\" data-end=\"6503\">Jus de p\u00eache glac\u00e9<\/strong>\u00a0et\u00a0<strong data-start=\"6508\" data-end=\"6540\">Strawberry Watermelon Bubble \nBulles de fraise et de past\u00e8que<\/strong>\u00a0Les ar\u00f4mes sont propos\u00e9s. D'autres saveurs sont pr\u00e9vues.<\/p>\n<p data-start=\"6599\" data-end=\"6811\"><strong data-start=\"6599\" data-end=\"6662\">5. Comment nettoyer la cigarette \u00e9lectronique jetable Arymi IFun 28000 ?<\/strong>\u00a0Il s'agit d'une\u00a0<strong data-start=\"6682\" data-end=\"6704\">Cigarette \u00e9lectronique jetable<\/strong>\u00a0doivent \u00eatre jet\u00e9s apr\u00e8s utilisation. Vous n'avez pas besoin de les nettoyer. Apr\u00e8s utilisation compl\u00e8te, vous pouvez simplement les jeter.<\/p>\n<hr data-start=\"6813\" data-end=\"6816\" \/>\n<p data-start=\"6818\" data-end=\"7153\">La\u00a0<strong data-start=\"6822\" data-end=\"6866\">Arymi IFun 28000 Z\u00fcge Einweg E-Zigarette \n\n becomes \n\nArymi IFun 28000 tirages cigarette \u00e9lectronique jetable<\/strong>\u00a0est le choix id\u00e9al pour tous ceux qui ont une\u00a0<strong data-start=\"6906\" data-end=\"6970\">exp\u00e9rience de vapotage longue, savoureuse et personnalisable<\/strong>\u00a0chercher. Si vous\u00a0<strong data-start=\"6988\" data-end=\"7011\">E-cigarettes jetables<\/strong>\u00a0souhaitez acheter, visitez\u00a0<a href=\"https:\/\/alfakher24h.de\/fr\/\"><strong data-start=\"7041\" data-end=\"7060\">alfakherwelt.de<\/strong><\/a>la plus grande plate-forme de vente en ligne en Allemagne pour\u00a0<strong data-start=\"7117\" data-end=\"7152\">Cigarettes \u00e9lectroniques jetables avec nicotine<\/strong>.<\/p>","protected":false},"excerpt":{"rendered":"<p>Arymi IFun 28000 Z\u00fcge Einweg E-Zigarette : La r\u00e9volution dans le vapotage \nL'Arymi IFun 28000 Z\u00fcge Einweg E-Zigarette offre une exp\u00e9rience de vapotage incomparable pour les vapoteurs exigeants en Allemagne. Avec un nombre impressionnant de 28 000 bouff\u00e9es, une grande capacit\u00e9 de liquide de 28 ml et une technologie moderne de mesh-coil, cette cigarette \u00e9lectronique jetable est le choix parfait pour tous ceux qui appr\u00e9cient le go\u00fbt, la performance et le confort. Si vous souhaitez acheter une cigarette \u00e9lectronique jetable avec nicotine, [\u2026]","protected":false},"featured_media":1776,"comment_status":"open","ping_status":"closed","template":"","meta":{"om_disable_all_campaigns":false},"product_brand":[],"product_cat":[45],"product_tag":[],"class_list":{"0":"post-1775","1":"product","2":"type-product","3":"status-publish","4":"has-post-thumbnail","6":"product_cat-arymi-ifun-28000","8":"first","9":"outofstock","10":"shipping-taxable","11":"purchasable","12":"product-type-simple"},"_links":{"self":[{"href":"https:\/\/alfakher24h.de\/fr\/wp-json\/wp\/v2\/product\/1775","targetHints":{"allow":["GET"]}}],"collection":[{"href":"https:\/\/alfakher24h.de\/fr\/wp-json\/wp\/v2\/product"}],"about":[{"href":"https:\/\/alfakher24h.de\/fr\/wp-json\/wp\/v2\/types\/product"}],"replies":[{"embeddable":true,"href":"https:\/\/alfakher24h.de\/fr\/wp-json\/wp\/v2\/comments?post=1775"}],"wp:featuredmedia":[{"embeddable":true,"href":"https:\/\/alfakher24h.de\/fr\/wp-json\/wp\/v2\/media\/1776"}],"wp:attachment":[{"href":"https:\/\/alfakher24h.de\/fr\/wp-json\/wp\/v2\/media?parent=1775"}],"wp:term":[{"taxonomy":"product_brand","embeddable":true,"href":"https:\/\/alfakher24h.de\/fr\/wp-json\/wp\/v2\/product_brand?post=1775"},{"taxonomy":"product_cat","embeddable":true,"href":"https:\/\/alfakher24h.de\/fr\/wp-json\/wp\/v2\/product_cat?post=1775"},{"taxonomy":"product_tag","embeddable":true,"href":"https:\/\/alfakher24h.de\/fr\/wp-json\/wp\/v2\/product_tag?post=1775"}],"curies":[{"name":"wp","href":"https:\/\/api.w.org\/{rel}","templated":true}]}}