{"id":1773,"date":"2025-03-11T11:52:34","date_gmt":"2025-03-11T11:52:34","guid":{"rendered":"https:\/\/alfakher24h.de\/?post_type=product&#038;p=1773"},"modified":"2025-07-12T13:27:54","modified_gmt":"2025-07-12T13:27:54","slug":"httperror-response-code-429-too-many-requests-30","status":"publish","type":"product","link":"https:\/\/alfakher24h.de\/fr\/produit\/httperror-response-code-429-too-many-requests-30\/","title":{"rendered":"Arymi IFun 28000 Z\u00fcge Einweg E Zigarette \u2013 Mixed Berries \u2013 Pina Colada Rum \n\n devient \n\nArymi IFun 28000 tirages cigarette \u00e9lectronique jetable \u2013 Fruits Rouges \u2013 Rhum Pina Colada"},"content":{"rendered":"<hr data-start=\"813\" data-end=\"816\" \/>\n<h3 data-start=\"818\" data-end=\"844\"><strong data-start=\"821\" data-end=\"844\">Description du produit<\/strong><\/h3>\n<p data-start=\"846\" data-end=\"1366\">La\u00a0<strong data-start=\"850\" data-end=\"894\">Arymi IFun 28000 Z\u00fcge \n\nbecomes \n\nArymi IFun 28000 trains\u00a0<a href=\"https:\/\/alfakher24h.de\/fr\/\">Cigarette \u00e9lectronique jetable<\/a><\/strong>\u00a0offre une exp\u00e9rience de vapeur exceptionnellement longue et durable avec ses 28 000 tirages impressionnants. \u00c9quip\u00e9 d'un\u00a0<strong data-start=\"1032\" data-end=\"1067\">grande capacit\u00e9 de 28 ml de e-liquide<\/strong>\u00a0et un\u00a0<strong data-start=\"1078\" data-end=\"1100\">2 % Nicotine\u0e40\u0e02\u0e49\u0e21it\u00e9<\/strong>est id\u00e9al pour les vapoteurs qui souhaitent un apport en nicotine fort, mais n\u00e9anmoins agr\u00e9able.\u00a0<strong data-start=\"1211\" data-end=\"1233\">Cigarette \u00e9lectronique jetable<\/strong>\u00a0n'est pas seulement puissant, mais \u00e9galement con\u00e7u de mani\u00e8re r\u00e9fl\u00e9chie pour maximiser \u00e0 la fois le go\u00fbt et la convivialit\u00e9.<\/p>\n<p data-start=\"1368\" data-end=\"1953\">Avec un\u00a0<strong data-start=\"1378\" data-end=\"1411\">600 mAh batterie au cobalt pur<\/strong>qui sont achemin\u00e9s par\u00a0<strong data-start=\"1421\" data-end=\"1431\">Type-C<\/strong>\u00a0peut \u00eatre recharg\u00e9e, vous pouvez \u00eatre certain que votre\u00a0<strong data-start=\"1490\" data-end=\"1505\">E-cigarette<\/strong>\u00a0fonctionn\u00e9 de mani\u00e8re fiable sur toute la p\u00e9riode de leur utilisation.\u00a0<strong data-start=\"1584\" data-end=\"1608\">1,0 \u03a9 Dual Mesh Coil<\/strong>\u00a0assure une saveur particuli\u00e8rement riche et intense. Gr\u00e2ce \u00e0\u00a0<strong data-start=\"1678\" data-end=\"1704\">d\u00e9bits d'air r\u00e9glables<\/strong>\u00a0vous pouvez adapter l'exp\u00e9rience de vapeur \u00e0 vos pr\u00e9f\u00e9rences et trouver ainsi le tirage parfait pour vous. Que vous pr\u00e9f\u00e9riez un tirage doux ou plus intense, les\u00a0<strong data-start=\"1876\" data-end=\"1901\">Arymi IFun 28000 Z\u00fcge \n\nbecomes \n\nArymi IFun 28000 trains<\/strong>\u00a0offre une adaptabilit\u00e9 de premier ordre.<\/p>\n<p data-start=\"1955\" data-end=\"2349\">Une autre fonctionnalit\u00e9 pratique est le\u00a0<strong data-start=\"1996\" data-end=\"2038\">Indicateur de statut de liquide \u00e9lectronique et de batterie<\/strong>, avec lequel vous pouvez \u00e0 tout moment garder un \u0153il sur l'\u00e9tat actuel de la batterie et du niveau de liquide. La conception de ce\u00a0<strong data-start=\"2167\" data-end=\"2189\">cigarette \u00e9lectronique jetable<\/strong>\u00a0a \u00e9t\u00e9 con\u00e7u non seulement pour la fonctionnalit\u00e9, mais \u00e9galement pour l'esth\u00e9tique, afin que vous puissiez briller avec ce produit, tant en termes de performances que d'apparence.<\/p>\n<p data-start=\"2351\" data-end=\"2379\"><strong data-start=\"2351\" data-end=\"2379\">D\u00e9tails en un coup d'\u0153il :<\/strong><\/p>\n<ul data-start=\"2380\" data-end=\"2759\">\n<li data-start=\"2380\" data-end=\"2411\"><strong data-start=\"2382\" data-end=\"2392\">Puffs:<\/strong>\u00a0Jusqu'\u00e0 28 000 trains<\/li>\n<li data-start=\"2412\" data-end=\"2443\"><strong data-start=\"2414\" data-end=\"2437\">Capacit\u00e9 de E-Liquid :<\/strong>\u00a028 ml<\/li>\n<li data-start=\"2444\" data-end=\"2476\"><strong data-start=\"2446\" data-end=\"2464\">Taux de nicotine :<\/strong>\u00a02 % Nicotine<\/li>\n<li data-start=\"2477\" data-end=\"2514\"><strong data-start=\"2479\" data-end=\"2492\">Batterie<\/strong>\u00a0600 mAh cobalt pur<\/li>\n<li data-start=\"2515\" data-end=\"2577\"><strong data-start=\"2517\" data-end=\"2531\">Mesh Coil<\/strong>\u00a01,0 \u03a9 Double Bobine Maille pour un go\u00fbt intense<\/li>\n<li data-start=\"2578\" data-end=\"2641\"><strong data-start=\"2580\" data-end=\"2605\">D\u00e9bit d'air adjustable<\/strong>\u00a0pour des exp\u00e9riences de vape personnalis\u00e9es<\/li>\n<li data-start=\"2642\" data-end=\"2681\"><strong data-start=\"2644\" data-end=\"2681\">Indicateur de batterie et de liquide<\/strong><\/li>\n<li data-start=\"2682\" data-end=\"2728\"><strong data-start=\"2684\" data-end=\"2707\">Unit\u00e9 d'emballage :<\/strong>\u00a010 pi\u00e8ces par paquet<\/li>\n<li data-start=\"2729\" data-end=\"2759\"><strong data-start=\"2731\" data-end=\"2753\">Poids par pi\u00e8ce :<\/strong>\u00a0120 g<\/li>\n<\/ul>\n<hr data-start=\"2761\" data-end=\"2764\" \/>\n<h3 data-start=\"2766\" data-end=\"2842\"><strong data-start=\"2769\" data-end=\"2842\">Pourquoi vous devriez acheter la cigarette \u00e9lectronique jetable Arymi IFun 28000 Z\u00fcge<\/strong><\/h3>\n<p data-start=\"2844\" data-end=\"3163\">La\u00a0<strong data-start=\"2848\" data-end=\"2892\">Arymi IFun 28000 Z\u00fcge Einweg E Zigarette \n\n becomes \n\nArymi IFun 28000 tirages cigarette \u00e9lectronique jetable<\/strong>\u00a0offre non seulement une durabilit\u00e9 et une performance exceptionnelles, mais \u00e9galement une multitude d'avantages qui en font le choix id\u00e9al pour les vapoteurs qui recherchent la qualit\u00e9 et le plaisir. Voici quelques raisons pour lesquelles vous devriez choisir ce produit :<\/p>\n<ol data-start=\"3165\" data-end=\"4242\">\n<li data-start=\"3165\" data-end=\"3342\"><strong data-start=\"3168\" data-end=\"3200\">Capacit\u00e9 de puff imbattable :<\/strong>\u00a0Avec jusqu'\u00e0\u00a0<strong data-start=\"3212\" data-end=\"3228\">28 000 trains<\/strong>\u00a0offre une satisfaction particuli\u00e8rement longue, de sorte que vous n'avez pas \u00e0 vous soucier d'achats fr\u00e9quents.<\/li>\n<li data-start=\"3343\" data-end=\"3558\"><strong data-start=\"3346\" data-end=\"3401\">Longue dur\u00e9e d'utilisation gr\u00e2ce \u00e0 une batterie puissante :<\/strong>\u00a0La\u00a0<strong data-start=\"3406\" data-end=\"3433\">Batterie au cobalt de 600 mAh<\/strong>\u00a0assure une performance constante sur toute la p\u00e9riode d'utilisation et peut \u00eatre facilement contr\u00f4l\u00e9 via\u00a0<strong data-start=\"3529\" data-end=\"3539\">Type-C<\/strong>\u00a0\u00eatre charg\u00e9s.<\/li>\n<li data-start=\"3559\" data-end=\"3747\"><strong data-start=\"3562\" data-end=\"3593\">Vapotage personnalisable :<\/strong>\u00a0Avec le\u00a0<strong data-start=\"3602\" data-end=\"3627\">d\u00e9bit d'air r\u00e9glable<\/strong>\u00a0Vous pouvez adapter l'exp\u00e9rience de vapeur selon vos pr\u00e9f\u00e9rences - d'une bouff\u00e9e douce \u00e0 une exp\u00e9rience intense.<\/li>\n<li data-start=\"3748\" data-end=\"3905\"><strong data-start=\"3751\" data-end=\"3789\">Saveur premium gr\u00e2ce \u00e0 la Mesh Coil :<\/strong>\u00a0Le\u00a0<strong data-start=\"3794\" data-end=\"3818\">1,0 \u03a9 Dual Mesh Coil<\/strong>\u00a0assure une vaporisation uniforme et une saveur riche et intense.<\/li>\n<li data-start=\"3906\" data-end=\"4101\"><strong data-start=\"3909\" data-end=\"3936\">Indicateurs pratiques :<\/strong>\u00a0La\u00a0<strong data-start=\"3941\" data-end=\"3975\">Affichage de la batterie et de l'e-liquide<\/strong>\u00a0veillent \u00e0 ce que vous ayez toujours le contr\u00f4le et ne soyez jamais pris au d\u00e9pourvu avec une batterie vide ou un liquide vide.<\/li>\n<li data-start=\"4102\" data-end=\"4242\"><strong data-start=\"4105\" data-end=\"4142\">Vari\u00e9t\u00e9s de saveurs :<\/strong>\u00a0D\u00e9couvrez une large gamme de saveurs d\u00e9licieuses qui font de la vape un v\u00e9ritable plaisir.<\/li>\n<\/ol>\n<p><img loading=\"lazy\" decoding=\"async\" class=\"alignnone wp-image-2299 size-full\" title=\"Arymi IFun 28000 Z\u00fcge Einweg E Zigarette - Mixed Berries - Pina Colada Rhum 2\" src=\"https:\/\/alfakher24h.de\/wp-content\/uploads\/2025\/03\/arymi-hookalit-2.webp\" sizes=\"auto, (max-width: 1077px) 100vw, 1077px\" srcset=\"https:\/\/alfakher24h.de\/wp-content\/uploads\/2025\/03\/arymi-hookalit-2.webp 1077w, https:\/\/alfakher24h.de\/wp-content\/uploads\/2025\/03\/arymi-hookalit-2-300x284.webp 300w, https:\/\/alfakher24h.de\/wp-content\/uploads\/2025\/03\/arymi-hookalit-2-1024x970.webp 1024w, https:\/\/alfakher24h.de\/wp-content\/uploads\/2025\/03\/arymi-hookalit-2-768x727.webp 768w, https:\/\/alfakher24h.de\/wp-content\/uploads\/2025\/03\/arymi-hookalit-2-13x12.webp 13w, https:\/\/alfakher24h.de\/wp-content\/uploads\/2025\/03\/arymi-hookalit-2-600x568.webp 600w\" alt=\"Arymi IFun 28000 Z\u00fcge Einweg E Zigarette - Mixed Berries - Pina Colada Rum becomes Arymi IFun 28000 tirages cigarette \u00e9lectronique jetable - Fruits Rouges - Pina Colada Rhum\" width=\"1077\" height=\"1020\" \/><\/p>\n<h3 data-start=\"4249\" data-end=\"4308\"><strong data-start=\"4252\" data-end=\"4308\">Saveurs de\u00a0<a href=\"https:\/\/alfakher24h.de\/fr\/\">Arymi<\/a> IFun 28000 Z\u00fcge Einweg E-Zigarette \n devient \n\nIFun 28000 tirages cigarette \u00e9lectronique jetable<\/strong><\/h3>\n<p data-start=\"4310\" data-end=\"4622\">La\u00a0<strong data-start=\"4314\" data-end=\"4358\">Arymi IFun 28000 Z\u00fcge Einweg E Zigarette \n\n becomes \n\nArymi IFun 28000 tirages cigarette \u00e9lectronique jetable<\/strong>\u00a0offre non seulement des performances exceptionnelles, mais \u00e9galement une s\u00e9lection incroyable de\u00a0<strong data-start=\"4442\" data-end=\"4466\">Saveurs<\/strong>qui satisferont m\u00eame les vapoteurs les plus exigeants. Voici quelques-unes des saveurs les plus populaires que vous pouvez trouver sur alfakher24h.de :<\/p>\n<h4 data-start=\"4624\" data-end=\"4645\"><strong data-start=\"4628\" data-end=\"4645\">M\u00e9lange de baies<\/strong><\/h4>\n<p data-start=\"4646\" data-end=\"5111\">Cet ar\u00f4me combine les ar\u00f4mes sucr\u00e9s et frais de diff\u00e9rentes esp\u00e8ces de baies pour offrir une exp\u00e9rience gustative unique. Les\u00a0<strong data-start=\"4777\" data-end=\"4794\">M\u00e9lange de baies<\/strong>\u00a0offrent un m\u00e9lange \u00e9quilibr\u00e9 de framboises, de fraises, de bleuets et de cassis, qui ravitent le palais avec une fra\u00eecheur fruit\u00e9e et une touche de douceur. La\u00a0<strong data-start=\"4979\" data-end=\"4997\">M\u00e9lange de baies<\/strong>\u00a0offre une exp\u00e9rience gustative intense et longue, qui rend chaque session de vapeur quelque chose de sp\u00e9cial.<\/p>\n<h4 data-start=\"5113\" data-end=\"5136\"><strong data-start=\"5117\" data-end=\"5136\">Pina Colada Rhum<\/strong><\/h4>\n<p data-start=\"5137\" data-end=\"5601\">Plongez dans la d\u00e9lectation tropicale avec la\u00a0<strong data-start=\"5186\" data-end=\"5205\">Pina Colada Rhum<\/strong>-Go\u00fbt. Cette e-cigarette apporte l'ambiance exotique des Cara\u00efbes directement chez vous. Le\u00a0<strong data-start=\"5295\" data-end=\"5329\">go\u00fbt fruit\u00e9 d'ananas<\/strong>\u00a0se m\u00e9lange parfaitement avec la\u00a0<strong data-start=\"5361\" data-end=\"5383\">noix de coco cr\u00e9meuse<\/strong>\u00a0et une touche de\u00a0<strong data-start=\"5404\" data-end=\"5411\">Rum<\/strong>pour offrir une exp\u00e9rience d\u00e9licieuse et sucr\u00e9e qui \u00e9voque imm\u00e9diatement l'ambiance des vacances. Chaque bouch\u00e9e a le go\u00fbt d'une douceur tropicale - id\u00e9al pour tous ceux qui aiment les saveurs fruit\u00e9es et rafra\u00eechissantes.<\/p>\n<hr data-start=\"5603\" data-end=\"5606\" \/>\n<h3 data-start=\"5608\" data-end=\"5645\"><strong data-start=\"5611\" data-end=\"5645\">Foire aux questions (FAQ)<\/strong><\/h3>\n<h4 data-start=\"5647\" data-end=\"5717\"><strong data-start=\"5651\" data-end=\"5717\">Combien de tirages propose la cigarette \u00e9lectronique jetable Arymi IFun 28000 ?<\/strong><\/h4>\n<p data-start=\"5718\" data-end=\"5875\">La\u00a0<strong data-start=\"5722\" data-end=\"5747\">Arymi IFun 28000 Z\u00fcge \n\nbecomes \n\nArymi IFun 28000 trains<\/strong>\u00a0Une cigarette \u00e9lectronique jetable offre jusqu'\u00e0 28 000 bouff\u00e9es, ce qui en fait l'un des vapes jetables les plus durables disponibles sur le march\u00e9.<\/p>\n<h4 data-start=\"5877\" data-end=\"5934\"><strong data-start=\"5881\" data-end=\"5934\">Quelle est la dur\u00e9e de vie de la batterie de l'Arymi IFun 28000 ?<\/strong><\/h4>\n<p data-start=\"5935\" data-end=\"6168\">Avec la\u00a0<strong data-start=\"5943\" data-end=\"5970\">Batterie au cobalt de 600 mAh<\/strong>\u00a0Pouvez-vous les\u00a0<strong data-start=\"5986\" data-end=\"6006\">Arymi IFun 28000<\/strong>\u00a0pendant une tr\u00e8s longue p\u00e9riode sans perte de performances. De plus, la batterie peut \u00eatre recharg\u00e9e rapidement et facilement via le\u00a0<strong data-start=\"6138\" data-end=\"6158\">Connecteur de type C<\/strong>\u00a0recharger.<\/p>\n<h4 data-start=\"6170\" data-end=\"6219\"><strong data-start=\"6174\" data-end=\"6219\">Puis-je ajuster le contr\u00f4le du flux d'air ?<\/strong><\/h4>\n<p data-start=\"6220\" data-end=\"6383\">Oui, les\u00a0<strong data-start=\"6228\" data-end=\"6272\">Arymi IFun 28000 Z\u00fcge Einweg E Zigarette \n\n becomes \n\nArymi IFun 28000 tirages cigarette \u00e9lectronique jetable<\/strong>\u00a0dispose d'une\u00a0<strong data-start=\"6291\" data-end=\"6315\">d\u00e9bit d'air r\u00e9glable<\/strong>ainsi que vous puissiez adapter l'exp\u00e9rience de vapeur \u00e0 vos pr\u00e9f\u00e9rences.<\/p>\n<h4 data-start=\"6385\" data-end=\"6440\"><strong data-start=\"6389\" data-end=\"6440\">Quelle quantit\u00e9 de e-liquide contient l'Arymi IFun 28000 ?<\/strong><\/h4>\n<p data-start=\"6441\" data-end=\"6592\">La\u00a0<strong data-start=\"6445\" data-end=\"6465\">Arymi IFun 28000<\/strong>\u00a0contient une\u00a0<strong data-start=\"6479\" data-end=\"6507\">28 ml de capacit\u00e9 de e-liquide<\/strong>qui suffit pour une utilisation prolong\u00e9e et vous offre une exp\u00e9rience de vape intense.<\/p>\n<hr data-start=\"6594\" data-end=\"6597\" \/>\n<p data-start=\"6599\" data-end=\"6609\"><strong data-start=\"6599\" data-end=\"6609\">Conclusion :<\/strong><\/p>\n<p data-start=\"6611\" data-end=\"7155\">La\u00a0<strong data-start=\"6615\" data-end=\"6659\">Arymi IFun 28000 Z\u00fcge \n\nbecomes \n\nArymi IFun 28000 trains <a href=\"https:\/\/alfakher24h.de\/fr\/\">Cigarette \u00e9lectronique jetable<\/a><\/strong>\u00a0est le choix id\u00e9al pour tous ceux qui recherchent une exp\u00e9rience de vapotage puissante, durable et exceptionnelle en termes de saveur. Avec un grand nombre de bouff\u00e9es, une conception pratique\u00a0<strong data-start=\"6854\" data-end=\"6876\">Capacit\u00e9 de liquide \u00e9lectronique<\/strong>\u00a0et vari\u00e9s\u00a0<strong data-start=\"6894\" data-end=\"6918\">Saveurs<\/strong> offre ce mod\u00e8le tout ce que le c\u0153ur d'un vapoteur d\u00e9sire. Visitez alfakher24h.de, le plus grand magasin en ligne pour\u00a0<strong data-start=\"7038\" data-end=\"7073\">Vapes jetables en Allemagne<\/strong>et r\u00e9cup\u00e9rez vos\u00a0<strong data-start=\"7099\" data-end=\"7143\">Arymi IFun 28000 Z\u00fcge Einweg E Zigarette \n\n becomes \n\nArymi IFun 28000 tirages cigarette \u00e9lectronique jetable<\/strong>\u00a0encore aujourd'hui !<\/p>","protected":false},"excerpt":{"rendered":"<p><strong data-start=\"6615\" data-end=\"6659\">Arymi IFun 28000 Z\u00fcge \n\nbecomes \n\nArymi IFun 28000 trains <a href=\"https:\/\/alfakher24h.de\/fr\/\">Cigarette \u00e9lectronique jetable<\/a><\/strong>\u00a0est le choix id\u00e9al pour tous ceux qui recherchent une exp\u00e9rience de vapotage puissante, durable et exceptionnelle en termes de saveur.<\/p>","protected":false},"featured_media":1774,"comment_status":"open","ping_status":"closed","template":"","meta":{"om_disable_all_campaigns":false},"product_brand":[],"product_cat":[45],"product_tag":[],"class_list":{"0":"post-1773","1":"product","2":"type-product","3":"status-publish","4":"has-post-thumbnail","6":"product_cat-arymi-ifun-28000","8":"first","9":"outofstock","10":"shipping-taxable","11":"purchasable","12":"product-type-simple"},"_links":{"self":[{"href":"https:\/\/alfakher24h.de\/fr\/wp-json\/wp\/v2\/product\/1773","targetHints":{"allow":["GET"]}}],"collection":[{"href":"https:\/\/alfakher24h.de\/fr\/wp-json\/wp\/v2\/product"}],"about":[{"href":"https:\/\/alfakher24h.de\/fr\/wp-json\/wp\/v2\/types\/product"}],"replies":[{"embeddable":true,"href":"https:\/\/alfakher24h.de\/fr\/wp-json\/wp\/v2\/comments?post=1773"}],"wp:featuredmedia":[{"embeddable":true,"href":"https:\/\/alfakher24h.de\/fr\/wp-json\/wp\/v2\/media\/1774"}],"wp:attachment":[{"href":"https:\/\/alfakher24h.de\/fr\/wp-json\/wp\/v2\/media?parent=1773"}],"wp:term":[{"taxonomy":"product_brand","embeddable":true,"href":"https:\/\/alfakher24h.de\/fr\/wp-json\/wp\/v2\/product_brand?post=1773"},{"taxonomy":"product_cat","embeddable":true,"href":"https:\/\/alfakher24h.de\/fr\/wp-json\/wp\/v2\/product_cat?post=1773"},{"taxonomy":"product_tag","embeddable":true,"href":"https:\/\/alfakher24h.de\/fr\/wp-json\/wp\/v2\/product_tag?post=1773"}],"curies":[{"name":"wp","href":"https:\/\/api.w.org\/{rel}","templated":true}]}}