{"id":1771,"date":"2025-03-11T11:28:09","date_gmt":"2025-03-11T11:28:09","guid":{"rendered":"https:\/\/alfakher24h.de\/?post_type=product&#038;p=1771"},"modified":"2025-07-12T13:27:55","modified_gmt":"2025-07-12T13:27:55","slug":"httperror-response-code-429-too-many-requests-27","status":"publish","type":"product","link":"https:\/\/alfakher24h.de\/fr\/produit\/httperror-response-code-429-too-many-requests-27\/","title":{"rendered":"Arymi IFun 28000 Z\u00fcge Einweg E Zigarette \u2013 Lemon Lime \u2013 Bluerazz Gummy Bear \n\n devient \n\nArymi IFun 28000 tirages cigarette \u00e9lectronique jetable \u2013 Citron Lime \u2013 Bluerazz Gummy Bear"},"content":{"rendered":"<div class=\"wp-video\"><\/div>\n<h2 data-start=\"0\" data-end=\"71\"><a href=\"https:\/\/alfakher24h.de\/fr\/\">Arymi IFun 28000 Z\u00fcge Einweg E-Zigarette \n\n becomes \n\nArymi IFun 28000 tirages cigarette \u00e9lectronique jetable<\/a> Votre exp\u00e9rience de vape premium<\/h2>\n<div style=\"width: 848px;\" class=\"wp-video\"><video class=\"wp-video-shortcode\" id=\"video-1771-1\" width=\"848\" height=\"478\" preload=\"metadata\" controls=\"controls\"><source type=\"video\/mp4\" src=\"https:\/\/alfakher24h.de\/wp-content\/uploads\/2025\/03\/VID-20241031-WA0010.mp4?_=1\" \/><a href=\"https:\/\/alfakher24h.de\/wp-content\/uploads\/2025\/03\/VID-20241031-WA0010.mp4\">https:\/\/alfakher24h.de\/wp-content\/uploads\/2025\/03\/VID-20241031-WA0010.mp4<\/a><\/video><\/div>\n<p data-start=\"73\" data-end=\"589\">La\u00a0<strong data-start=\"77\" data-end=\"121\">Arymi IFun 28000 Z\u00fcge Einweg E-Zigarette \n\n becomes \n\nArymi IFun 28000 tirages cigarette \u00e9lectronique jetable<\/strong>\u00a0offre non seulement un go\u00fbt exceptionnel, mais \u00e9galement une durabilit\u00e9 remarquable. Con\u00e7u pour \u00e9lever la vape \u00e0 un niveau sup\u00e9rieur, cet appareil combine un nombre exceptionnel de puffs, une batterie robuste et un large choix de saveurs. Vous recherchez une cigarette \u00e9lectronique jetable de haute qualit\u00e9 en\u00a0<strong data-start=\"475\" data-end=\"490\">Allemagne<\/strong>que vous pouvez appr\u00e9cier \u00e0 fond ? Alors l'Arymi IFun 28000 est le choix parfait pour vous.<\/p>\n<p data-start=\"591\" data-end=\"972\">Avec un design innovant et une capacit\u00e9 impressionnante pouvant aller jusqu'\u00e0\u00a0<strong data-start=\"667\" data-end=\"683\">28 000 trains<\/strong>\u00a0Vous pourrez profiter de nombreux jours de vape intense avec cet appareil, sans avoir \u00e0 vous soucier de recharger ou de remplir le r\u00e9servoir.\u00a0<strong data-start=\"831\" data-end=\"846\">Avec la nicotine<\/strong>\u00a0\u00e9quip\u00e9e, elle offre une exp\u00e9rience intense que les d\u00e9butants comme les vapoteurs exp\u00e9riment\u00e9s sauront appr\u00e9cier.<\/p>\n<h3 data-start=\"974\" data-end=\"1001\"><strong data-start=\"978\" data-end=\"1001\">Description du produit<\/strong><\/h3>\n<p data-start=\"1003\" data-end=\"1474\">La\u00a0<strong data-start=\"1007\" data-end=\"1051\">Arymi IFun 28000 Z\u00fcge \n\nbecomes \n\nArymi IFun 28000 trains <a href=\"https:\/\/alfakher24h.de\/fr\/\">Cigarette \u00e9lectronique jetable<\/a><\/strong>\u00a0est un v\u00e9ritable point fort sur le march\u00e9 des vapes jetables. Avec une\u00a0<strong data-start=\"1119\" data-end=\"1147\">28 ml de capacit\u00e9 de e-liquide<\/strong>\u00a0offre une exp\u00e9rience incomparable\u00a0<strong data-start=\"1181\" data-end=\"1200\">Durabilit\u00e9<\/strong>\u00a0et convient aussi bien pour une utilisation quotidienne que pour des s\u00e9ances de vape prolong\u00e9es. Gr\u00e2ce \u00e0 sa conception pratique\u00a0<strong data-start=\"1308\" data-end=\"1331\">R\u00e9glage du d\u00e9bit d'air<\/strong>\u00a0Vous pouvez adapter la r\u00e9sistance de tirage \u00e0 vos pr\u00e9f\u00e9rences personnelles - qu'il s'agisse d'une traction douce et l\u00e2che ou d'une vapeur plus intense et plus \u00e9paisse.<\/p>\n<p data-start=\"1476\" data-end=\"1802\">Une autre caract\u00e9ristique remarquable de ce produit est la\u00a0<strong data-start=\"1536\" data-end=\"1549\">Bobine \u00e0 mailles<\/strong>\u00a0avec une r\u00e9sistance de\u00a0<strong data-start=\"1575\" data-end=\"1584\">1,0 \u03a9<\/strong>Ces coils assurent une vaporisation am\u00e9lior\u00e9e, ce qui conduit \u00e0 une saveur particuli\u00e8rement intense et aromatique. Vous obtenez ainsi l'exp\u00e9rience de vape ultime avec une saveur claire et uniforme.<\/p>\n<p data-start=\"1804\" data-end=\"2189\">Le\u00a0<strong data-start=\"1808\" data-end=\"1824\">600 mAh batterie<\/strong>\u00a0assure une longue dur\u00e9e de fonctionnement, et les\u00a0<strong data-start=\"1869\" data-end=\"1892\">Fonction de charge Type-C<\/strong>\u00a0permet une charge rapide pour prolonger la dur\u00e9e de vie de la cigarette \u00e9lectronique en cas de besoin. De plus, l'appareil dispose d'un pratique\u00a0<strong data-start=\"2043\" data-end=\"2077\">Affichage de la batterie et de l'e-liquide<\/strong>qui vous indique \u00e0 tout moment le statut actuel de votre Vape, afin que vous ne soyez jamais sans \u00e9nergie ou sans liquide.<\/p>\n<p data-start=\"2191\" data-end=\"2357\">Dans la bo\u00eete, vous trouverez\u00a0<strong data-start=\"2213\" data-end=\"2225\">10 pi\u00e8ces<\/strong>\u00a0le\u00a0<strong data-start=\"2230\" data-end=\"2274\">Arymi IFun 28000 Z\u00fcge Einweg E-Zigarette \n\n becomes \n\nArymi IFun 28000 tirages cigarette \u00e9lectronique jetable<\/strong>qui vous offre une possibilit\u00e9 de stockage fiable pour une longue p\u00e9riode.<\/p>\n<h3 data-start=\"2359\" data-end=\"2425\"><strong data-start=\"2363\" data-end=\"2425\">Principales caract\u00e9ristiques des trains Arymi IFun 28000\u00a0<a href=\"https:\/\/alfakher24h.de\/fr\/\">Cigarette \u00e9lectronique jetable<\/a><\/strong><\/h3>\n<ul data-start=\"2427\" data-end=\"3144\">\n<li data-start=\"2427\" data-end=\"2530\"><strong data-start=\"2429\" data-end=\"2468\">Impressionnant nombre de bouff\u00e9es (28 000 bouff\u00e9es)<\/strong>: Id\u00e9al pour un vapotage prolong\u00e9 sans recharge constante.<\/li>\n<li data-start=\"2531\" data-end=\"2621\"><strong data-start=\"2533\" data-end=\"2587\">Batterie rechargeable avec prise de charge de type C<\/strong>: Chargement rapide et efficace.<\/li>\n<li data-start=\"2622\" data-end=\"2695\"><strong data-start=\"2624\" data-end=\"2652\">30 ml de capacit\u00e9 de liquide \u00e9lectronique<\/strong>: Utilisation prolong\u00e9e sans recharge fr\u00e9quente.<\/li>\n<li data-start=\"2696\" data-end=\"2787\"><strong data-start=\"2698\" data-end=\"2742\">Bobine Mesh Premium (1,0 \u03a9 Bobine Double Mesh)<\/strong>Pour un go\u00fbt intense et une vapeur dense.<\/li>\n<li data-start=\"2788\" data-end=\"2911\"><strong data-start=\"2790\" data-end=\"2838\">D\u00e9bit d'air ajustable<\/strong>: Adaptable \u00e0 vos pr\u00e9f\u00e9rences personnelles pour une r\u00e9sistance id\u00e9ale \u00e0 la traction.<\/li>\n<li data-start=\"2912\" data-end=\"2995\"><strong data-start=\"2914\" data-end=\"2951\">Diff\u00e9rentes saveurs<\/strong>: L'exp\u00e9rience adapt\u00e9e \u00e0 chaque go\u00fbt.<\/li>\n<li data-start=\"2996\" data-end=\"3082\"><strong data-start=\"2998\" data-end=\"3032\">Affichage de la batterie et de l'e-liquide<\/strong>: Surveillance simple de l'\u00e9tat de charge et de liquide.<\/li>\n<li data-start=\"3083\" data-end=\"3144\"><strong data-start=\"3085\" data-end=\"3109\">Conception ergonomique<\/strong>: Compact et pratique pour \u00eatre emport\u00e9 partout.<\/li>\n<\/ul>\n<h3 data-start=\"3146\" data-end=\"3224\"><strong data-start=\"3150\" data-end=\"3224\">Pourquoi devriez-vous acheter la cigarette \u00e9lectronique jetable Arymi IFun 28000 ?<\/strong><\/h3>\n<ol data-start=\"3226\" data-end=\"4355\">\n<li data-start=\"3226\" data-end=\"3409\"><strong data-start=\"3229\" data-end=\"3261\">Durabilit\u00e9 in\u00e9gal\u00e9e<\/strong>: Avec une capacit\u00e9 allant jusqu'\u00e0\u00a0<strong data-start=\"3294\" data-end=\"3310\">28 000 trains<\/strong>\u00a0Vous n'avez pas \u00e0 vous soucier des renouvellements fr\u00e9quents. Id\u00e9al pour les utilisateurs qui vapent beaucoup.<\/li>\n<li data-start=\"3410\" data-end=\"3640\"><strong data-start=\"3413\" data-end=\"3442\">Concentration \u00e9lev\u00e9e de nicotine<\/strong>: Avec\u00a0<strong data-start=\"3448\" data-end=\"3463\">2 % Nicotine<\/strong>\u00a0Cette cigarette \u00e9lectronique jetable offre une exp\u00e9rience de nicotine satisfaisante, parfaitement adapt\u00e9e \u00e0 la transition des cigarettes traditionnelles ou \u00e0 une utilisation r\u00e9guli\u00e8re.<\/li>\n<li data-start=\"3641\" data-end=\"3838\"><strong data-start=\"3644\" data-end=\"3671\">Go\u00fbt de premi\u00e8re classe<\/strong>: Profitez \u00e0 chaque fois d'une saveur pleine et intense, gr\u00e2ce \u00e0 la\u00a0<strong data-start=\"3741\" data-end=\"3766\">Technologie de bobine maill\u00e9e<\/strong>qui optimise l'\u00e9vaporation de l'e-liquide et intensifie l'ar\u00f4me.<\/li>\n<li data-start=\"3839\" data-end=\"4024\"><strong data-start=\"3842\" data-end=\"3869\">D\u00e9bit d'air r\u00e9glable<\/strong>Vous pouvez ajuster individuellement la circulation de l'air pour personnaliser l'exp\u00e9rience de vape et profiter d'une r\u00e9sistance plus ou moins grande selon vos besoins.<\/li>\n<li data-start=\"4025\" data-end=\"4177\"><strong data-start=\"4028\" data-end=\"4050\">Charge rapide<\/strong>: Avec le\u00a0<strong data-start=\"4060\" data-end=\"4084\">Connecteur de charge Type-C<\/strong>\u00a0Vous pouvez recharger rapidement et facilement votre e-cigarette sans perdre beaucoup de temps.<\/li>\n<li data-start=\"4178\" data-end=\"4355\"><strong data-start=\"4181\" data-end=\"4213\">La taille parfaite pour \u00eatre emport\u00e9 partout<\/strong>: Compact et l\u00e9ger, se laisse\u00a0<strong data-start=\"4250\" data-end=\"4294\">Arymi IFun 28000 Z\u00fcge Einweg E-Zigarette \n\n becomes \n\nArymi IFun 28000 tirages cigarette \u00e9lectronique jetable<\/strong>\u00a0Glisser sans difficult\u00e9 dans chaque poche et emporter partout.<\/li>\n<\/ol>\n<p data-start=\"4181\" data-end=\"4633\"><img loading=\"lazy\" decoding=\"async\" class=\"alignnone wp-image-2302 size-full\" title=\"Arymi IFun 28000 Z\u00fcge Einweg E Zigarette - Lemon Lime - Bluerazz Gummy Bear 2 becomes Arymi IFun 28000 disposable e-cigarette - Lemon Lime - Bluerazz Gummy Bear 2\" src=\"https:\/\/alfakher24h.de\/wp-content\/uploads\/2025\/03\/all1.webp\" sizes=\"auto, (max-width: 904px) 100vw, 904px\" srcset=\"https:\/\/alfakher24h.de\/wp-content\/uploads\/2025\/03\/all1.webp 904w, https:\/\/alfakher24h.de\/wp-content\/uploads\/2025\/03\/all1-212x300.webp 212w, https:\/\/alfakher24h.de\/wp-content\/uploads\/2025\/03\/all1-723x1024.webp 723w, https:\/\/alfakher24h.de\/wp-content\/uploads\/2025\/03\/all1-768x1087.webp 768w, https:\/\/alfakher24h.de\/wp-content\/uploads\/2025\/03\/all1-8x12.webp 8w, https:\/\/alfakher24h.de\/wp-content\/uploads\/2025\/03\/all1-600x850.webp 600w\" alt=\"Arymi IFun 28000 Z\u00fcge Einweg E Zigarette - Citron Lime - Bluerazz Ourson Gommeux\" width=\"904\" height=\"1280\" \/><\/p>\n<hr data-start=\"4635\" data-end=\"4638\" \/>\n<h3 data-start=\"4357\" data-end=\"4417\"><strong data-start=\"4361\" data-end=\"4417\">Saveurs de l'Arymi IFun 28000 tirages cigarette \u00e9lectronique jetable<\/strong><\/h3>\n<p data-start=\"4419\" data-end=\"4570\">La\u00a0<strong data-start=\"4423\" data-end=\"4443\">Arymi IFun 28000<\/strong>\u00a0est dans diverses saveurs d\u00e9licieuses\u00a0<strong data-start=\"4476\" data-end=\"4500\">Saveurs<\/strong>\u00a0disponibles, qui rendent chaque vapotage unique :<\/p>\n<h4 data-start=\"4572\" data-end=\"4591\"><strong data-start=\"4577\" data-end=\"4591\">Citron Lime<\/strong><\/h4>\n<p data-start=\"4592\" data-end=\"4997\">Le\u00a0<strong data-start=\"4596\" data-end=\"4610\">Citron Lime<\/strong>Le go\u00fbt est une exp\u00e9rience rafra\u00eechissante et p\u00e9tillante qui offre un \u00e9quilibre parfait entre la fra\u00eecheur citronn\u00e9e\u00a0<strong data-start=\"4721\" data-end=\"4732\">Citron<\/strong>\u00a0et le doux de la\u00a0<strong data-start=\"4750\" data-end=\"4761\">Citron vert<\/strong>\u00a0offre. Cette saveur est id\u00e9ale pour les vapoteurs qui pr\u00e9f\u00e8rent un ar\u00f4me rafra\u00eechissant, l\u00e9g\u00e8rement acide, qui reste agr\u00e9able toute la journ\u00e9e. Parfait pour l'\u00e9t\u00e9 ou tous les jours o\u00f9 vous avez besoin de quelque chose de frais et de rafra\u00eechissant.<\/p>\n<h4 data-start=\"4999\" data-end=\"5027\"><strong data-start=\"5004\" data-end=\"5027\">Bluerazz Gummy Bear<\/strong><\/h4>\n<p data-start=\"5028\" data-end=\"5415\">Le\u00a0<strong data-start=\"5032\" data-end=\"5055\">Bluerazz Gummy Bear<\/strong>Le go\u00fbt offre une explosion sucr\u00e9e et fruit\u00e9e qui rappelle les oursons en gomme populaires, avec une intensit\u00e9\u00a0<strong data-start=\"5172\" data-end=\"5184\">Myrtille<\/strong>Une saveur qui se pare d'une touche de\u00a0<strong data-start=\"5220\" data-end=\"5232\">Framboise<\/strong>\u00a0harmonise. Cette saveur est id\u00e9ale pour les amateurs d'ar\u00f4mes sucr\u00e9s et fruit\u00e9es et convient parfaitement aux vapoteurs qui recherchent un jeu de notes sucr\u00e9es et fra\u00eeches.<\/p>\n<h3 data-start=\"5417\" data-end=\"5454\"><strong data-start=\"5421\" data-end=\"5454\">Foire aux questions (FAQ)<\/strong><\/h3>\n<p data-start=\"5456\" data-end=\"5628\"><strong data-start=\"5456\" data-end=\"5521\">L'Arymi IFun 28000 Z\u00fcge est-elle une cigarette \u00e9lectronique jetable avec nicotine ?<\/strong>\u00a0Oui, cette e-cigarette contient\u00a0<strong data-start=\"5552\" data-end=\"5567\">2 % Nicotine<\/strong>id\u00e9al pour les vapoteurs qui recherchent le kick de nicotine d\u00e9sir\u00e9.<\/p>\n<p data-start=\"5630\" data-end=\"5810\"><strong data-start=\"5630\" data-end=\"5694\">Combien de temps dure la cigarette \u00e9lectronique jetable Arymi IFun 28000 tirages ?<\/strong>\u00a0Die E-Zigarette bietet bis zu\u00a0<strong data-start=\"5725\" data-end=\"5740\">28 000 trains<\/strong>, ce qui en fait l'un des vapes jetables les plus durables du march\u00e9.<\/p>\n<p data-start=\"5812\" data-end=\"6024\"><strong data-start=\"5812\" data-end=\"5879\">Puis-je recharger la cigarette \u00e9lectronique jetable Arymi IFun 28000 tirages ?<\/strong>\u00a0Oui, cette cigarette \u00e9lectronique est \u00e9quip\u00e9e d'un\u00a0<strong data-start=\"5916\" data-end=\"5942\">accumulateur rechargeable<\/strong>\u00a0\u00e9quip\u00e9, qui sur un\u00a0<strong data-start=\"5972\" data-end=\"5992\">Connecteur de type C<\/strong>\u00a0peut \u00eatre rapidement recharg\u00e9.<\/p>\n<p data-start=\"6026\" data-end=\"6248\"><strong data-start=\"6026\" data-end=\"6091\">Comment nettoyer la cigarette \u00e9lectronique jetable Arymi IFun 28000 tirages ?<\/strong>\u00a0Il s'agit d'une\u00a0<strong data-start=\"6111\" data-end=\"6133\">Cigarette \u00e9lectronique jetable<\/strong>\u00a0n'est pas n\u00e9cessaire de nettoyer l'appareil. Une fois compl\u00e8tement utilis\u00e9, vous pouvez \u00e9liminer l'appareil en toute s\u00e9curit\u00e9.<\/p>\n<p data-start=\"6250\" data-end=\"6549\"><strong data-start=\"6250\" data-end=\"6318\">O\u00f9 puis-je acheter la cigarette \u00e9lectronique jetable Arymi IFun 28000 tirages ?<\/strong>\u00a0Vous pouvez les\u00a0<strong data-start=\"6334\" data-end=\"6378\">Arymi IFun 28000 Z\u00fcge Einweg E-Zigarette \n\n becomes \n\nArymi IFun 28000 tirages cigarette \u00e9lectronique jetable<\/strong> et de nombreuses autres cigarettes \u00e9lectroniques jetables de haute qualit\u00e9 sur notre site Web alfakher24h.de, le plus grand\u00a0<strong data-start=\"6488\" data-end=\"6548\">Plateforme de vente en ligne de vapes jetables en Allemagne<\/strong>.<\/p>\n<h3 data-start=\"6551\" data-end=\"6564\"><strong data-start=\"6555\" data-end=\"6564\">Conclusion<\/strong><\/h3>\n<p data-start=\"6566\" data-end=\"7095\" data-is-last-node=\"\">La\u00a0<strong data-start=\"6570\" data-end=\"6614\">Arymi IFun 28000 Z\u00fcge Einweg E-Zigarette \n\n becomes \n\nArymi IFun 28000 tirages cigarette \u00e9lectronique jetable<\/strong>\u00a0est le choix parfait pour tous ceux qui recherchent une exp\u00e9rience de vapotage durable, savoureuse et conviviale. Avec jusqu'\u00e0\u00a0<strong data-start=\"6742\" data-end=\"6758\">28 000 trains<\/strong>\u00e0 un\u00a0<strong data-start=\"6766\" data-end=\"6793\">go\u00fbt rafra\u00eechissant<\/strong>\u00a0et un\u00a0<strong data-start=\"6804\" data-end=\"6826\">design pratique<\/strong>\u00a0offre ce produit tout ce que vous attendez d'une cigarette \u00e9lectronique jetable de haute qualit\u00e9.\u00a0<strong data-start=\"6916\" data-end=\"7007\">Achetez votre cigarette \u00e9lectronique jetable Arymi IFun 28000 bouff\u00e9es d\u00e8s aujourd'hui <a href=\"https:\/\/alfakher24h.de\/fr\/\">alfakher24h.de<\/a><\/strong>la meilleure plateforme pour\u00a0<strong data-start=\"7034\" data-end=\"7058\">Vapes en Allemagne<\/strong>et profitez du train parfait !<\/p>","protected":false},"excerpt":{"rendered":"<p><strong data-start=\"6570\" data-end=\"6614\">Arymi IFun 28000 Z\u00fcge Einweg E-Zigarette \n\n becomes \n\nArymi IFun 28000 tirages cigarette \u00e9lectronique jetable<\/strong>\u00a0est le choix parfait pour tous ceux qui recherchent une exp\u00e9rience de vapotage durable, savoureuse et conviviale. Avec jusqu'\u00e0\u00a0<strong data-start=\"6742\" data-end=\"6758\">28 000 trains<\/strong>,<\/p>","protected":false},"featured_media":1772,"comment_status":"open","ping_status":"closed","template":"","meta":{"om_disable_all_campaigns":false},"product_brand":[],"product_cat":[45],"product_tag":[],"class_list":{"0":"post-1771","1":"product","2":"type-product","3":"status-publish","4":"has-post-thumbnail","6":"product_cat-arymi-ifun-28000","8":"first","9":"outofstock","10":"shipping-taxable","11":"purchasable","12":"product-type-simple"},"_links":{"self":[{"href":"https:\/\/alfakher24h.de\/fr\/wp-json\/wp\/v2\/product\/1771","targetHints":{"allow":["GET"]}}],"collection":[{"href":"https:\/\/alfakher24h.de\/fr\/wp-json\/wp\/v2\/product"}],"about":[{"href":"https:\/\/alfakher24h.de\/fr\/wp-json\/wp\/v2\/types\/product"}],"replies":[{"embeddable":true,"href":"https:\/\/alfakher24h.de\/fr\/wp-json\/wp\/v2\/comments?post=1771"}],"wp:featuredmedia":[{"embeddable":true,"href":"https:\/\/alfakher24h.de\/fr\/wp-json\/wp\/v2\/media\/1772"}],"wp:attachment":[{"href":"https:\/\/alfakher24h.de\/fr\/wp-json\/wp\/v2\/media?parent=1771"}],"wp:term":[{"taxonomy":"product_brand","embeddable":true,"href":"https:\/\/alfakher24h.de\/fr\/wp-json\/wp\/v2\/product_brand?post=1771"},{"taxonomy":"product_cat","embeddable":true,"href":"https:\/\/alfakher24h.de\/fr\/wp-json\/wp\/v2\/product_cat?post=1771"},{"taxonomy":"product_tag","embeddable":true,"href":"https:\/\/alfakher24h.de\/fr\/wp-json\/wp\/v2\/product_tag?post=1771"}],"curies":[{"name":"wp","href":"https:\/\/api.w.org\/{rel}","templated":true}]}}