{"id":1769,"date":"2025-03-11T11:15:30","date_gmt":"2025-03-11T11:15:30","guid":{"rendered":"https:\/\/alfakher24h.de\/?post_type=product&#038;p=1769"},"modified":"2025-07-12T13:27:55","modified_gmt":"2025-07-12T13:27:55","slug":"httperror-response-code-429-too-many-requests-32","status":"publish","type":"product","link":"https:\/\/alfakher24h.de\/fr\/produit\/httperror-response-code-429-too-many-requests-32\/","title":{"rendered":"Arymi IFun 28000 Z\u00fcge Einweg E Zigarette \u2013 Framboise Raisin \u2013 Fraise Fruit Dragon"},"content":{"rendered":"<h2 data-start=\"0\" data-end=\"91\">Arymi IFun 28000 Z\u00fcge\u00a0Einweg E-Zigarette : Le plaisir ultime pour les vapoteurs en Allemagne<\/h2>\n<p data-start=\"93\" data-end=\"698\">La\u00a0<strong data-start=\"97\" data-end=\"141\">Arymi IFun 28000 Z\u00fcge Einweg E-Zigarette \n\n becomes \n\nArymi IFun 28000 tirages cigarette \u00e9lectronique jetable<\/strong>\u00a0est le choix parfait pour tous ceux qui recherchent une exp\u00e9rience de vapotage puissante, longue dur\u00e9e et d'excellente qualit\u00e9 gustative. En Allemagne, la demande de cigarettes \u00e9lectroniques jetables de haute qualit\u00e9, en particulier celles avec\u00a0<strong data-start=\"367\" data-end=\"378\">La nicotine<\/strong>a fortement augment\u00e9 ces derni\u00e8res ann\u00e9es. Avec la\u00a0<strong data-start=\"428\" data-end=\"448\">Arymi IFun 28000<\/strong>\u00a0Nous vous offrons un produit qui non seulement par son remarquable\u00a0<strong data-start=\"517\" data-end=\"532\">Nombre de bouff\u00e9es<\/strong>\u00a0jusqu'\u00e0\u00a0<strong data-start=\"544\" data-end=\"560\">28 000 trains<\/strong>mais aussi par son caract\u00e8re progressif\u00a0<strong data-start=\"604\" data-end=\"619\">Technologie<\/strong>,\u00a0<strong data-start=\"621\" data-end=\"646\">batterie puissante<\/strong>\u00a0et vari\u00e9s\u00a0<strong data-start=\"664\" data-end=\"688\">Saveurs<\/strong>\u00a0corrompt.<\/p>\n<p data-start=\"700\" data-end=\"954\">Si vous \u00eates une\u00a0<strong data-start=\"714\" data-end=\"736\">Cigarette \u00e9lectronique jetable<\/strong>\u00a0recherchez quelque chose qui offre plus que les mod\u00e8les conventionnels, vous \u00eates exactement au bon endroit. Vous pouvez le\u00a0<strong data-start=\"831\" data-end=\"851\">Arymi IFun 28000<\/strong>\u00a0confortable\u00a0<strong data-start=\"859\" data-end=\"882\">sur alfakher24h.de<\/strong>\u00a0acheter - la plus grande plateforme pour\u00a0<strong data-start=\"918\" data-end=\"938\">Vapes jetables<\/strong>\u00a0en Allemagne.<\/p>\n<h3 data-start=\"956\" data-end=\"1013\">Description du produit : Puissant et longue dur\u00e9e<\/h3>\n<p data-start=\"1015\" data-end=\"1464\">La\u00a0<strong data-start=\"1019\" data-end=\"1063\">Arymi IFun 28000 Z\u00fcge Einweg E-Zigarette \n\n becomes \n\nArymi IFun 28000 tirages cigarette \u00e9lectronique jetable<\/strong>\u00a0est un produit exceptionnel qui d\u00e9passe toutes les attentes en mati\u00e8re de cigarette \u00e9lectronique jetable. Avec une\u00a0<strong data-start=\"1166\" data-end=\"1198\">Capacit\u00e9 de 28 ml de liquide \u00e9lectronique<\/strong>\u00a0et un\u00a0<strong data-start=\"1209\" data-end=\"1234\">Teneur en nicotine de 2 1\/3<\/strong>\u00a0offre ce mod\u00e8le une\u00a0<strong data-start=\"1261\" data-end=\"1285\">utilisation \u00e0 long terme<\/strong>\u00a0Pour les vapoteurs exigeants. Avec\u00a0<strong data-start=\"1316\" data-end=\"1339\">jusqu'\u00e0 28 000 trains<\/strong>\u00a0est-ce l'un des\u00a0<strong data-start=\"1357\" data-end=\"1382\">les plus durables<\/strong>\u00a0Produits sur le march\u00e9, ce qui en fait le choix id\u00e9al pour une utilisation quotidienne.<\/p>\n<p data-start=\"1466\" data-end=\"1868\">La\u00a0<strong data-start=\"1470\" data-end=\"1490\">Arymi IFun 28000<\/strong>\u00a0offre non seulement une durabilit\u00e9 impressionnante, mais aussi une\u00a0<strong data-start=\"1559\" data-end=\"1584\">facile \u00e0 utiliser<\/strong>\u00a0Application. Avec un\u00a0<strong data-start=\"1606\" data-end=\"1641\">design simple et ergonomique<\/strong>\u00a0est particuli\u00e8rement conviviale et confortable \u00e0 utiliser. Gr\u00e2ce \u00e0 la\u00a0<strong data-start=\"1723\" data-end=\"1757\">fonction de d\u00e9bit d'air r\u00e9glable<\/strong>\u00a0Vous pouvez adapter le comportement de la cigarette \u00e9lectronique selon vos pr\u00e9f\u00e9rences et profiter d'une exp\u00e9rience de vapotage personnalis\u00e9e.<\/p>\n<h3 data-start=\"1870\" data-end=\"1932\">Propri\u00e9t\u00e9s des trains Arymi IFun 28000 jetables E-Zigarette<\/h3>\n<ul data-start=\"1934\" data-end=\"2943\">\n<li data-start=\"1934\" data-end=\"2089\"><strong data-start=\"1936\" data-end=\"1978\">Longue dur\u00e9e de vie (jusqu'\u00e0 28 000 bouff\u00e9es)<\/strong>Profitez d'une exp\u00e9rience de vapotage prolong\u00e9e sans avoir \u00e0 vous soucier de recharges fr\u00e9quentes.<\/li>\n<li data-start=\"2090\" data-end=\"2201\"><strong data-start=\"2092\" data-end=\"2120\">28 ml de capacit\u00e9 de liquide \u00e9lectronique<\/strong>: Offre une quantit\u00e9 g\u00e9n\u00e9reuse de liquide pour plusieurs semaines d'utilisation intensive.<\/li>\n<li data-start=\"2202\" data-end=\"2311\"><strong data-start=\"2204\" data-end=\"2229\">Taux de nicotine de 2 %<\/strong>: Id\u00e9al pour les fumeurs qui ont besoin d'un apport nicotinique agr\u00e9ablement dos\u00e9.<\/li>\n<li data-start=\"2312\" data-end=\"2454\"><strong data-start=\"2314\" data-end=\"2356\">Batterie 600 mAh (rechargeable via Type-C)<\/strong>: Assure une performance uniforme et permet une recharge facile de l'appareil en cas de besoin.<\/li>\n<li data-start=\"2455\" data-end=\"2584\"><strong data-start=\"2457\" data-end=\"2501\">Bobine Mesh Premium (Bobine Double Mesh 1,0 \u03a9)<\/strong>: Produit des nuages de vapeur denses et parfum\u00e9s pour une exp\u00e9rience gustative intense.<\/li>\n<li data-start=\"2585\" data-end=\"2700\"><strong data-start=\"2587\" data-end=\"2611\">D\u00e9bit d'air r\u00e9glable<\/strong>: Permet un ajustement pr\u00e9cis du flux d'air pour une production de vapeur sur mesure.<\/li>\n<li data-start=\"2701\" data-end=\"2835\"><strong data-start=\"2703\" data-end=\"2734\">Indicateur de batterie et de liquide<\/strong>: Avec les affichages pratiques, vous savez \u00e0 tout moment combien d'\u00e9nergie et de liquide sont encore disponibles.<\/li>\n<li data-start=\"2836\" data-end=\"2943\"><strong data-start=\"2838\" data-end=\"2860\">L\u00e9ger et compact<\/strong>Le dispositif ne p\u00e8se que 120 g par unit\u00e9 et est donc particuli\u00e8rement maniable et portable.<\/li>\n<\/ul>\n<p data-start=\"2945\" data-end=\"3095\"><strong data-start=\"2945\" data-end=\"2964\">Unit\u00e9 d'emballage<\/strong>10 pi\u00e8ces par bo\u00eete<br data-start=\"2982\" data-end=\"2985\" \/><strong data-start=\"2985\" data-end=\"3008\">Poids par paquet<\/strong>: 120 g \/ pi\u00e8ce<br data-start=\"3023\" data-end=\"3026\" \/><strong data-start=\"3026\" data-end=\"3046\">Quantit\u00e9 par carton<\/strong>: 200 pi\u00e8ces<br data-start=\"3057\" data-end=\"3060\" \/><strong data-start=\"3060\" data-end=\"3088\">Poids total par carton<\/strong>: 25 kg<\/p>\n<h2 data-start=\"0\" data-end=\"71\"><img loading=\"lazy\" decoding=\"async\" class=\"alignnone wp-image-2302 size-full\" title=\"Arymi IFun 28000 Z\u00fcge Einweg E Zigarette - Framboise Raisin - Fraise Fruit Dragon 2\" src=\"https:\/\/alfakher24h.de\/wp-content\/uploads\/2025\/03\/all1.webp\" sizes=\"auto, (max-width: 904px) 100vw, 904px\" srcset=\"https:\/\/alfakher24h.de\/wp-content\/uploads\/2025\/03\/all1.webp 904w, https:\/\/alfakher24h.de\/wp-content\/uploads\/2025\/03\/all1-212x300.webp 212w, https:\/\/alfakher24h.de\/wp-content\/uploads\/2025\/03\/all1-723x1024.webp 723w, https:\/\/alfakher24h.de\/wp-content\/uploads\/2025\/03\/all1-768x1087.webp 768w, https:\/\/alfakher24h.de\/wp-content\/uploads\/2025\/03\/all1-8x12.webp 8w, https:\/\/alfakher24h.de\/wp-content\/uploads\/2025\/03\/all1-600x850.webp 600w\" alt=\"Arymi IFun 28000 Z\u00fcge Einweg E Zigarette - Framboise Raisin - Fraise Fruit du Dragon\" width=\"904\" height=\"1280\" \/><\/h2>\n<hr data-start=\"4635\" data-end=\"4638\" \/>\n<h3 data-start=\"3097\" data-end=\"3143\">Saveurs : Explosion de saveur avec chaque tirage<\/h3>\n<p data-start=\"3145\" data-end=\"3568\">La\u00a0<strong data-start=\"3149\" data-end=\"3193\"><a href=\"https:\/\/alfakherwelt.de\/product-category\/arymi-ifun-28000\/\" target=\"_blank\" rel=\"noopener\">Arymi IFun 28000 Z\u00fcge \n\nbecomes \n\nArymi IFun 28000 trains<\/a>\u00a0Cigarette \u00e9lectronique jetable<\/strong>\u00a0offre un choix impressionnant de\u00a0<strong data-start=\"3232\" data-end=\"3256\">Saveurs<\/strong>, qui ont quelque chose \u00e0 offrir \u00e0 chaque vapoteur. Chaque tirage apporte une explosion de saveur que vous n'oublierez pas de si t\u00f4t. Les deux variantes les plus populaires sont\u00a0<strong data-start=\"3426\" data-end=\"3444\">Framboise-Raisin<\/strong>\u00a0et\u00a0<strong data-start=\"3449\" data-end=\"3473\">Dragon fruit aux fraises<\/strong>, mais la s\u00e9lection augmente r\u00e9guli\u00e8rement. Voici une description d\u00e9taill\u00e9e de ces deux saveurs :<\/p>\n<h4 data-start=\"3570\" data-end=\"3595\"><strong data-start=\"3575\" data-end=\"3593\">Framboise-Raisin<\/strong><\/h4>\n<p data-start=\"3596\" data-end=\"4205\">Un m\u00e9lange fruit\u00e9 de framboises juteuses et de raisins sucr\u00e9s, qui r\u00e9unit le meilleur des deux mondes. La saveur est \u00e0 la fois sucr\u00e9e et l\u00e9g\u00e8rement acide, procurant une exp\u00e9rience rafra\u00eechissante qui s\u00e9duit le palais. \u00c0 chaque bouff\u00e9e, vous appr\u00e9cierez la fra\u00eecheur naturelle et la saveur intense de ces deux fruits, qui s'harmonisent \u00e0 la perfection. La saveur fruit\u00e9 et sucr\u00e9e persiste longtemps et reste inoubliable \u00e0 chaque inhalation. Id\u00e9al pour tous ceux qui aiment un\u00a0<strong data-start=\"4069\" data-end=\"4103\">go\u00fbt fruit\u00e9 et sucr\u00e9<\/strong>\u00a0pr\u00e9f\u00e8rent et la note fra\u00eeche de\u00a0<strong data-start=\"4140\" data-end=\"4153\">Framboises<\/strong>\u00a0en combinaison avec la\u00a0<strong data-start=\"4177\" data-end=\"4197\">Sucre de raisin<\/strong>\u00a0aimez.<\/p>\n<h4 data-start=\"4207\" data-end=\"4238\"><strong data-start=\"4212\" data-end=\"4236\">Dragon fruit aux fraises<\/strong><\/h4>\n<p data-start=\"4239\" data-end=\"4852\">Cette combinaison r\u00e9unit la fraise fra\u00eeche et sucr\u00e9e avec la saveur exotique de la\u00a0<strong data-start=\"4336\" data-end=\"4352\">Fruit du dragon<\/strong>. La\u00a0<strong data-start=\"4358\" data-end=\"4374\">Fruit du dragon<\/strong>\u00e9galement connu sous le nom de Pitaya, a une note douce et l\u00e9g\u00e8rement sucr\u00e9e qui s'accorde parfaitement avec la fra\u00eecheur et l'intensit\u00e9 de la fraise. La saveur est non seulement fruit\u00e9e, mais \u00e9galement l\u00e9g\u00e8rement florale, ce qui rend le Zug particuli\u00e8rement\u00a0<strong data-start=\"4599\" data-end=\"4611\">exotique<\/strong>\u00a0et\u00a0<strong data-start=\"4616\" data-end=\"4628\">vivant<\/strong>\u00a0rend. Si vous cherchez une saveur de fruit intense mais pas trop lourde, cette combinaison vous plaira certainement. C'est un choix id\u00e9al pour les vapoteurs qui\u00a0<strong data-start=\"4816\" data-end=\"4845\">des ar\u00f4mes sucr\u00e9s et tropicaux<\/strong>\u00a0aiment.<\/p>\n<p data-start=\"4854\" data-end=\"4918\"><strong data-start=\"4854\" data-end=\"4915\">Autres saveurs possibles (disponibles \u00e0 l'avenir)<\/strong>:<\/p>\n<ul data-start=\"4919\" data-end=\"5007\">\n<li data-start=\"4919\" data-end=\"4939\"><strong data-start=\"4921\" data-end=\"4937\">Mango-Papaya<\/strong><\/li>\n<li data-start=\"4940\" data-end=\"4961\"><strong data-start=\"4942\" data-end=\"4959\">Menthe-lime<\/strong><\/li>\n<li data-start=\"4962\" data-end=\"4987\"><strong data-start=\"4964\" data-end=\"4985\">Fruits tropicaux<\/strong><\/li>\n<li data-start=\"4988\" data-end=\"5007\"><strong data-start=\"4990\" data-end=\"5007\">Cr\u00e8me \u00e0 la vanille<\/strong><\/li>\n<\/ul>\n<h3 data-start=\"5009\" data-end=\"5082\">Pourquoi vous devriez acheter la cigarette \u00e9lectronique jetable Arymi IFun 28000 tirages<\/h3>\n<ol data-start=\"5084\" data-end=\"5767\">\n<li data-start=\"5084\" data-end=\"5231\"><strong data-start=\"5087\" data-end=\"5104\">Durabilit\u00e9<\/strong>: Avec\u00a0<strong data-start=\"5110\" data-end=\"5126\">28 000 trains<\/strong>\u00a0Vous avez la garantie que votre Vape dure longtemps. Vous n'avez pas besoin de vous soucier constamment de l'achat de remplacement.<\/li>\n<li data-start=\"5232\" data-end=\"5340\"><strong data-start=\"5235\" data-end=\"5256\">Saveur premium<\/strong>: Le\u00a0<strong data-start=\"5262\" data-end=\"5275\">Mesh Coil<\/strong>\u00a0assure une vapeur intense et savoureuse \u00e0 chaque tirage.<\/li>\n<li data-start=\"5341\" data-end=\"5449\"><strong data-start=\"5344\" data-end=\"5367\">Manipulation facile<\/strong>: Pas de recharge, pas de remplissage (sauf si la batterie est vide), simplement profiter.<\/li>\n<li data-start=\"5450\" data-end=\"5620\"><strong data-start=\"5453\" data-end=\"5489\">Vari\u00e9t\u00e9s de saveurs<\/strong>: Que vous pr\u00e9f\u00e9riez les ar\u00f4mes fruit\u00e9es, sucr\u00e9s ou exotiques - les\u00a0<strong data-start=\"5559\" data-end=\"5579\">Arymi IFun 28000<\/strong>\u00a0a quelque chose pour tous les go\u00fbts.<\/li>\n<li data-start=\"5621\" data-end=\"5767\"><strong data-start=\"5624\" data-end=\"5650\">Force nicotinique parfaite<\/strong>Avec 2 % de nicotine, vous obtenez une dose agr\u00e9able de nicotine, id\u00e9ale pour les fumeurs et les anciens fumeurs.<\/li>\n<\/ol>\n<h3 data-start=\"5769\" data-end=\"5821\">Foire aux questions sur les cigarettes \u00e9lectroniques jetables Arymi IFun 28000 tirs<\/h3>\n<p data-start=\"5823\" data-end=\"6066\"><strong data-start=\"5823\" data-end=\"5890\">1. Quelle est la dur\u00e9e de vie de la cigarette \u00e9lectronique jetable Arymi IFun 28000 tirages ?<\/strong><br data-start=\"5890\" data-end=\"5893\" \/>La\u00a0<strong data-start=\"5897\" data-end=\"5922\">Arymi IFun 28000 Z\u00fcge \n\nbecomes \n\nArymi IFun 28000 trains<\/strong>\u00a0offre\u00a0<strong data-start=\"5930\" data-end=\"5952\">jusqu'\u00e0 28 000 trains<\/strong>qui suffit pour une utilisation quotidienne pendant plusieurs semaines ou mois, en fonction de la fr\u00e9quence d'utilisation.<\/p>\n<p data-start=\"6068\" data-end=\"6242\"><strong data-start=\"6068\" data-end=\"6121\">2. Quelle quantit\u00e9 de nicotine l'Arymi IFun 28000 contient-elle ?<\/strong><br data-start=\"6121\" data-end=\"6124\" \/>Le taux de nicotine est de\u00a0<strong data-start=\"6150\" data-end=\"6157\">2 %<\/strong>qui offre un apport nicotinique mod\u00e9r\u00e9, adapt\u00e9 \u00e0 la plupart des vapoteurs.<\/p>\n<p data-start=\"6244\" data-end=\"6483\"><strong data-start=\"6244\" data-end=\"6309\">3. Dois-je recharger l'e-cigarette jetable Arymi IFun 28000 ?<\/strong><br data-start=\"6309\" data-end=\"6312\" \/>Oui, l'accu est\u00a0<strong data-start=\"6329\" data-end=\"6348\">rechargeable<\/strong>\u00a0sur\u00a0<strong data-start=\"6354\" data-end=\"6364\">Type-C<\/strong>La batterie dure toute la dur\u00e9e de vie du liquide, mais une fois d\u00e9charg\u00e9e, vous pouvez la recharger sans probl\u00e8me.<\/p>\n<p data-start=\"6485\" data-end=\"6702\"><strong data-start=\"6485\" data-end=\"6527\">4. Puis-je r\u00e9gler l'alimentation en air ?<\/strong><br data-start=\"6527\" data-end=\"6530\" \/>Oui, les\u00a0<strong data-start=\"6538\" data-end=\"6563\">Arymi IFun 28000 Z\u00fcge \n\nbecomes \n\nArymi IFun 28000 trains<\/strong>\u00a0dispose d'une\u00a0<strong data-start=\"6582\" data-end=\"6606\">d\u00e9bit d'air r\u00e9glable<\/strong>avec laquelle vous pouvez ajuster le flux d'air \u00e0 votre convenance pour optimiser l'exp\u00e9rience de vapotage.<\/p>\n<p data-start=\"6704\" data-end=\"6922\"><strong data-start=\"6704\" data-end=\"6751\">O\u00f9 puis-je acheter l'Arymi IFun 28000 ?<\/strong><br data-start=\"6751\" data-end=\"6754\" \/>Vous pouvez les\u00a0<strong data-start=\"6769\" data-end=\"6808\">Arymi IFun 28000 jetable e-cigarette<\/strong> confortablement et en toute s\u00e9curit\u00e9 sur alfakher24h.de - la plus grande plateforme pour\u00a0<strong data-start=\"6886\" data-end=\"6906\">Vapes jetables<\/strong>\u00a0en Allemagne.<\/p>\n<h3 data-start=\"6924\" data-end=\"6933\">Conclusion<\/h3>\n<p data-start=\"6935\" data-end=\"7461\" data-is-last-node=\"\">La\u00a0<strong data-start=\"6939\" data-end=\"6983\">Arymi IFun 28000 Z\u00fcge Einweg E-Zigarette \n\n becomes \n\nArymi IFun 28000 tirages cigarette \u00e9lectronique jetable<\/strong>\u00a0est plus qu'une simple vape ordinaire - c'est le choix parfait pour tous ceux qui recherchent une cigarette \u00e9lectronique jetable durable, de haute qualit\u00e9 et au go\u00fbt exceptionnel. Avec sa\u00a0<strong data-start=\"7174\" data-end=\"7202\">un nombre consid\u00e9rable de bouff\u00e9es<\/strong>le jour\u00a0<strong data-start=\"7208\" data-end=\"7245\">vari\u00e9es saveurs<\/strong>\u00a0et le\u00a0<strong data-start=\"7254\" data-end=\"7278\">manipulation facile<\/strong>\u00a0est-elle le choix id\u00e9al pour tous les vapoteurs en\u00a0<strong data-start=\"7321\" data-end=\"7336\">Allemagne<\/strong>Achetez les v\u00f4tres encore aujourd'hui\u00a0<strong data-start=\"7365\" data-end=\"7385\">Arymi IFun 28000<\/strong> sur alfakher24h.de et vivez le Vaping \u00e0 un tout nouveau niveau !<\/p>","protected":false},"excerpt":{"rendered":"<p><strong data-start=\"6939\" data-end=\"6983\">Arymi IFun 28000 Z\u00fcge Einweg E-Zigarette \n\n becomes \n\nArymi IFun 28000 tirages cigarette \u00e9lectronique jetable<\/strong>\u00a0est plus qu'une simple vape ordinaire - c'est le choix parfait pour tous ceux qui recherchent une cigarette \u00e9lectronique jetable durable, de haute qualit\u00e9 et au go\u00fbt exceptionnel. Avec sa\u00a0<strong data-start=\"7174\" data-end=\"7202\">un nombre consid\u00e9rable de bouff\u00e9es<\/strong>,<\/p>","protected":false},"featured_media":1770,"comment_status":"open","ping_status":"closed","template":"","meta":{"om_disable_all_campaigns":false},"product_brand":[],"product_cat":[45],"product_tag":[],"class_list":{"0":"post-1769","1":"product","2":"type-product","3":"status-publish","4":"has-post-thumbnail","6":"product_cat-arymi-ifun-28000","8":"first","9":"outofstock","10":"shipping-taxable","11":"purchasable","12":"product-type-simple"},"_links":{"self":[{"href":"https:\/\/alfakher24h.de\/fr\/wp-json\/wp\/v2\/product\/1769","targetHints":{"allow":["GET"]}}],"collection":[{"href":"https:\/\/alfakher24h.de\/fr\/wp-json\/wp\/v2\/product"}],"about":[{"href":"https:\/\/alfakher24h.de\/fr\/wp-json\/wp\/v2\/types\/product"}],"replies":[{"embeddable":true,"href":"https:\/\/alfakher24h.de\/fr\/wp-json\/wp\/v2\/comments?post=1769"}],"wp:featuredmedia":[{"embeddable":true,"href":"https:\/\/alfakher24h.de\/fr\/wp-json\/wp\/v2\/media\/1770"}],"wp:attachment":[{"href":"https:\/\/alfakher24h.de\/fr\/wp-json\/wp\/v2\/media?parent=1769"}],"wp:term":[{"taxonomy":"product_brand","embeddable":true,"href":"https:\/\/alfakher24h.de\/fr\/wp-json\/wp\/v2\/product_brand?post=1769"},{"taxonomy":"product_cat","embeddable":true,"href":"https:\/\/alfakher24h.de\/fr\/wp-json\/wp\/v2\/product_cat?post=1769"},{"taxonomy":"product_tag","embeddable":true,"href":"https:\/\/alfakher24h.de\/fr\/wp-json\/wp\/v2\/product_tag?post=1769"}],"curies":[{"name":"wp","href":"https:\/\/api.w.org\/{rel}","templated":true}]}}