{"id":1766,"date":"2025-03-11T06:02:06","date_gmt":"2025-03-11T06:02:06","guid":{"rendered":"https:\/\/alfakher24h.de\/?post_type=product&#038;p=1766"},"modified":"2025-07-12T13:27:55","modified_gmt":"2025-07-12T13:27:55","slug":"httperror-response-code-429-too-many-requests-29","status":"publish","type":"product","link":"https:\/\/alfakher24h.de\/fr\/produit\/httperror-response-code-429-too-many-requests-29\/","title":{"rendered":"Arymi IFun 28000 Z\u00fcge Einweg E Zigarette \u2013 Mint Ice \u2013 Banana Milkshake \n\n devient \n\nArymi IFun 28000 tirages cigarette \u00e9lectronique jetable \u2013 Mint Ice \u2013 Banana Milkshake"},"content":{"rendered":"<h2><a href=\"https:\/\/alfakher24h.de\/fr\/\">Arymi IFun 28000 Z\u00fcge Einweg E-Zigarette \n\n becomes \n\nArymi IFun 28000 tirages jetable E-cigarette<\/a>: Le choix ultime pour les vapoteurs exigeants<\/h2>\n<div style=\"width: 848px;\" class=\"wp-video\"><video class=\"wp-video-shortcode\" id=\"video-1766-1\" width=\"848\" height=\"478\" preload=\"metadata\" controls=\"controls\"><source type=\"video\/mp4\" src=\"https:\/\/alfakher24h.de\/wp-content\/uploads\/2025\/03\/VID-20241031-WA0010.mp4?_=1\" \/><a href=\"https:\/\/alfakher24h.de\/wp-content\/uploads\/2025\/03\/VID-20241031-WA0010.mp4\">https:\/\/alfakher24h.de\/wp-content\/uploads\/2025\/03\/VID-20241031-WA0010.mp4<\/a><\/video><\/div>\n<p data-start=\"92\" data-end=\"802\">La\u00a0<strong data-start=\"96\" data-end=\"140\">Arymi IFun 28000 Z\u00fcge Einweg E Zigarette \n\n becomes \n\nArymi IFun 28000 tirages cigarette \u00e9lectronique jetable<\/strong>\u00a0est la solution parfaite pour tous ceux qui recherchent une exp\u00e9rience de vapotage durable, conviviale et agr\u00e9able. Avec un nombre impressionnant de 28 000 bouff\u00e9es, une capacit\u00e9 g\u00e9n\u00e9reuse de liquide \u00e9lectronique et des fonctionnalit\u00e9s innovantes, ce produit offre des performances exceptionnelles qui vous convaincront. Dans cet article, vous apprendrez tout ce que vous devez savoir sur la\u00a0<strong data-start=\"509\" data-end=\"542\">Arymi IFun cigarette \u00e9lectronique jetable<\/strong>\u00a0doivent savoir, des caract\u00e9ristiques remarquables aux descriptions d\u00e9taill\u00e9es des saveurs. Achetez votre\u00a0<strong data-start=\"678\" data-end=\"700\">Cigarette \u00e9lectronique jetable<\/strong> directement sur \/alfakher24h.de, la plus grande plateforme de vente en ligne de vapes jetables en Allemagne.<\/p>\n<hr data-start=\"804\" data-end=\"807\" \/>\n<h3 data-start=\"809\" data-end=\"886\"><strong data-start=\"812\" data-end=\"886\">Pourquoi les Arymi IFun 28000 tirent <a href=\"https:\/\/alfakher24h.de\/fr\/\">Cigarette \u00e9lectronique jetable<\/a> Votre premier choix est<\/strong><\/h3>\n<p data-start=\"888\" data-end=\"1358\">La\u00a0<strong data-start=\"892\" data-end=\"936\">Arymi IFun 28000 Z\u00fcge Einweg E Zigarette \n\n becomes \n\nArymi IFun 28000 tirages cigarette \u00e9lectronique jetable<\/strong>\u00a0a \u00e9t\u00e9 d\u00e9velopp\u00e9 avec un objectif clair : offrir une exp\u00e9rience de vapotage de haute qualit\u00e9, durable et polyvalente. Que vous soyez un d\u00e9butant ou un vapoteur exp\u00e9riment\u00e9, cet appareil d\u00e9passera vos attentes. La combinaison d'un grand nombre de bouff\u00e9es et d'une technologie de coil en maille de premi\u00e8re classe assure un vapotage intense et constant, vous permettant de profiter de chaque seconde.<\/p>\n<h3><strong data-start=\"1364\" data-end=\"1426\">Principales caract\u00e9ristiques des cigarettes \u00e9lectroniques jetables Arymi IFun 28000<\/strong><\/h3>\n<ul data-start=\"1428\" data-end=\"2738\">\n<li data-start=\"1428\" data-end=\"1602\"><strong data-start=\"1430\" data-end=\"1465\">Nombre maximal de trains : 28 000 trains<\/strong>: Avec un nombre exceptionnellement \u00e9lev\u00e9 de bouff\u00e9es, cette cigarette \u00e9lectronique jetable offre l'une des possibilit\u00e9s d'utilisation les plus longues du march\u00e9.<\/li>\n<li data-start=\"1603\" data-end=\"1742\"><strong data-start=\"1605\" data-end=\"1640\">Grande capacit\u00e9 de e-liquide : 28 ml<\/strong>Le r\u00e9servoir de liquide de 28 ml permet de vapoter plus longtemps sans avoir \u00e0 le remplir.<\/li>\n<li data-start=\"1743\" data-end=\"1906\"><strong data-start=\"1745\" data-end=\"1770\">Teneur en nicotine de 2 1\/3<\/strong>Id\u00e9al pour ceux qui souhaitent la m\u00eame teneur en nicotine qu'une cigarette traditionnelle, mais avec les avantages de la vape.<\/li>\n<li data-start=\"1907\" data-end=\"2050\"><strong data-start=\"1909\" data-end=\"1938\">Akku: 600 mAh Pure Cobalt<\/strong>: La batterie puissante assure une performance constante qui ne faiblit pas m\u00eame lors de longues s\u00e9ances de vapeur.<\/li>\n<li data-start=\"2051\" data-end=\"2252\"><strong data-start=\"2053\" data-end=\"2099\">Bobine Mesh Premium avec 1,0 \u03a9 Double Bobine Mesh<\/strong>La technologie innovante de la bobine en maille assure une vaporisation uniforme du liquide et donc un go\u00fbt intense et une production de vapeur dense.<\/li>\n<li data-start=\"2253\" data-end=\"2412\"><strong data-start=\"2255\" data-end=\"2282\">D\u00e9bit d'air r\u00e9glable<\/strong>: Ajustez le d\u00e9bit d'air selon vos pr\u00e9f\u00e9rences pour personnaliser votre exp\u00e9rience de vapotage et profiter de la bouff\u00e9e parfaite.<\/li>\n<li data-start=\"2413\" data-end=\"2587\"><strong data-start=\"2415\" data-end=\"2451\">Indicateur de batterie et de liquide \u00e9lectronique<\/strong>: Gardez un \u0153il sur le niveau de la batterie et la quantit\u00e9 de liquide pour vous assurer d'avoir toujours suffisamment de puissance et de liquide.<\/li>\n<li data-start=\"2588\" data-end=\"2738\"><strong data-start=\"2590\" data-end=\"2616\">Manipulation confortable<\/strong>Le dispositif est l\u00e9ger, maniable et imm\u00e9diatement pr\u00eat \u00e0 l'emploi, sans que vous ayez \u00e0 vous soucier de r\u00e9glages suppl\u00e9mentaires.<\/li>\n<\/ul>\n<hr data-start=\"2740\" data-end=\"2743\" \/>\n<h3 data-start=\"2745\" data-end=\"2804\"><strong data-start=\"2748\" data-end=\"2804\">Saveurs de l'Arymi IFun 28000 tirages  E-cigarette jetable<\/strong><\/h3>\n<h4 data-start=\"2806\" data-end=\"2822\"><strong data-start=\"2810\" data-end=\"2822\">Menthe Glac\u00e9e<\/strong><\/h4>\n<p data-start=\"2824\" data-end=\"3278\">Le\u00a0<strong data-start=\"2828\" data-end=\"2840\">Menthe Glac\u00e9e<\/strong>Le go\u00fbt est parfait pour tous les amateurs d'exp\u00e9riences de vapeur fra\u00eeches et rafra\u00eechissantes. Cette combinaison de saveurs de menthe fra\u00eeche et d'une touche glac\u00e9e apporte une fra\u00eecheur imm\u00e9diate. La fra\u00eecheur naturelle de la menthe, associ\u00e9e \u00e0 une note de cristal de glace frais, procure une exp\u00e9rience agr\u00e9able et intense qui n'est jamais trop envahissante. Parfait pour commencer la journ\u00e9e ou pour profiter d'un moment de vapeur rafra\u00eechissant entre deux.<\/p>\n<h4 data-start=\"3280\" data-end=\"3304\"><strong data-start=\"3284\" data-end=\"3304\">Banana Milkshake \n Milkshake \u00e0 la banane<\/strong><\/h4>\n<p data-start=\"3306\" data-end=\"3763\">Le\u00a0<strong data-start=\"3310\" data-end=\"3330\">Banana Milkshake \n Milkshake \u00e0 la banane<\/strong>Le go\u00fbt est une combinaison tentante de bananes sucr\u00e9es et d'une note de lait frapp\u00e9 cr\u00e9meuse. Ce go\u00fbt rappelle un lait frapp\u00e9 \u00e0 la banane classique et frais, servi directement depuis le bar. La texture cr\u00e9meuse procure une exp\u00e9rience de vapotage douce et agr\u00e9able, \u00e0 la fois sucr\u00e9e et satisfaisante. Pour ceux qui recherchent une option sucr\u00e9e mais pas trop lourde, ce go\u00fbt est un excellent choix.<\/p>\n<h2 data-start=\"0\" data-end=\"107\"><img loading=\"lazy\" decoding=\"async\" class=\"alignnone wp-image-2299 size-full\" title=\"Arymi IFun 28000 Z\u00fcge Einweg E Zigarette - Menthe Glac\u00e9e - Banana Milkshake 2\" src=\"https:\/\/alfakher24h.de\/wp-content\/uploads\/2025\/03\/arymi-hookalit-2.webp\" sizes=\"auto, (max-width: 1077px) 100vw, 1077px\" srcset=\"https:\/\/alfakher24h.de\/wp-content\/uploads\/2025\/03\/arymi-hookalit-2.webp 1077w, https:\/\/alfakher24h.de\/wp-content\/uploads\/2025\/03\/arymi-hookalit-2-300x284.webp 300w, https:\/\/alfakher24h.de\/wp-content\/uploads\/2025\/03\/arymi-hookalit-2-1024x970.webp 1024w, https:\/\/alfakher24h.de\/wp-content\/uploads\/2025\/03\/arymi-hookalit-2-768x727.webp 768w, https:\/\/alfakher24h.de\/wp-content\/uploads\/2025\/03\/arymi-hookalit-2-13x12.webp 13w, https:\/\/alfakher24h.de\/wp-content\/uploads\/2025\/03\/arymi-hookalit-2-600x568.webp 600w\" alt=\"Arymi IFun 28000 Z\u00fcge Einweg E Zigarette - Mint Ice - Banana Milkshake  devient Arymi IFun 28000 tirages cigarette \u00e9lectronique jetable - Mint Ice - Banana Milkshake\" width=\"1077\" height=\"1020\" \/><\/h2>\n<h3 data-start=\"3770\" data-end=\"3840\"><strong data-start=\"3773\" data-end=\"3840\">Avantages de l'achat de la cigarette \u00e9lectronique jetable Arymi IFun 28000 bouff\u00e9es<\/strong><\/h3>\n<ul data-start=\"3842\" data-end=\"4862\">\n<li data-start=\"3842\" data-end=\"4043\"><strong data-start=\"3844\" data-end=\"3871\">Utilisation prolong\u00e9e<\/strong>Avec 28 000 cycles, ce produit offre une dur\u00e9e de vie exceptionnellement longue et est id\u00e9al pour une utilisation quotidienne sans avoir besoin d'\u00eatre remplac\u00e9 apr\u00e8s une courte p\u00e9riode.<\/li>\n<li data-start=\"4044\" data-end=\"4298\"><strong data-start=\"4046\" data-end=\"4078\">Aucun remplissage n\u00e9cessaire<\/strong>Comme il s'agit d'une cigarette \u00e9lectronique jetable, vous n'avez pas \u00e0 vous soucier de recharger le liquide. Une fois que la batterie ou le liquide est \u00e9puis\u00e9, vous pouvez simplement jeter l'appareil et en utiliser un nouveau.<\/li>\n<li data-start=\"4299\" data-end=\"4470\"><strong data-start=\"4301\" data-end=\"4324\">Manipulation facile<\/strong>: Aucun montage compliqu\u00e9 requis. Ouvrez l'emballage et commencez imm\u00e9diatement \u00e0 vapoter - parfait pour les d\u00e9butants et les personnes occup\u00e9es.<\/li>\n<li data-start=\"4471\" data-end=\"4653\"><strong data-start=\"4473\" data-end=\"4498\">Parfaite portabilit\u00e9<\/strong>: Compact et l\u00e9ger, l'Arymi IFun se glisse facilement dans votre poche ou votre sac \u00e0 dos, vous permettant de profiter de votre musique o\u00f9 que vous soyez et \u00e0 tout moment.<\/li>\n<li data-start=\"4654\" data-end=\"4862\"><strong data-start=\"4656\" data-end=\"4692\">Vari\u00e9t\u00e9s de saveurs<\/strong>Avec une s\u00e9lection de saveurs d\u00e9licieuses allant des notes fra\u00eeches de menthe aux cr\u00e9ations sucr\u00e9es et cr\u00e9meuses de fruits, il y en a pour tous les go\u00fbts.<\/li>\n<\/ul>\n<hr data-start=\"4864\" data-end=\"4867\" \/>\n<h3 data-start=\"4869\" data-end=\"4965\"><strong data-start=\"4872\" data-end=\"4965\">Pourquoi vous devriez acheter la cigarette \u00e9lectronique jetable Arymi IFun 28000 \u00e0 l'adresse \/alfakher24h.de<\/strong><\/h3>\n<p data-start=\"4967\" data-end=\"5318\"><strong data-start=\"4967\" data-end=\"4986\">\/alfakher24h.de Alfakherwelt.de<\/strong>\u00a0est la plus grande plateforme en ligne pour l'achat de\u00a0<strong data-start=\"5036\" data-end=\"5059\">Cigarettes \u00e9lectroniques jetables<\/strong>\u00a0En Allemagne, nous vous proposons une vaste s\u00e9lection de produits de vapotage. Notre site Web est con\u00e7u pour vous garantir non seulement une livraison rapide et s\u00e9curis\u00e9e, mais \u00e9galement une exp\u00e9rience d'achat conviviale et facile.<\/p>\n<h3><strong data-start=\"5324\" data-end=\"5350\">Pourquoi alfakher24h.de ?<\/strong><\/h3>\n<ul data-start=\"5351\" data-end=\"5879\">\n<li data-start=\"5351\" data-end=\"5527\"><strong data-start=\"5353\" data-end=\"5370\">Grand choix<\/strong>Nous offrons une vaste s\u00e9lection de\u00a0<strong data-start=\"5412\" data-end=\"5435\">Cigarettes \u00e9lectroniques jetables<\/strong>y compris les\u00a0<strong data-start=\"5456\" data-end=\"5481\">Arymi IFun 28000 Z\u00fcge \n\nbecomes \n\nArymi IFun 28000 trains<\/strong>afin que vous puissiez trouver les meilleurs produits.<\/li>\n<li data-start=\"5528\" data-end=\"5649\"><strong data-start=\"5530\" data-end=\"5552\">Livraison rapide<\/strong>: Profitez d'une livraison rapide pour pouvoir profiter de vos vapes sans retard.<\/li>\n<li data-start=\"5650\" data-end=\"5755\"><strong data-start=\"5652\" data-end=\"5672\">Achat s\u00e9curis\u00e9<\/strong>Vos donn\u00e9es sont en s\u00e9curit\u00e9 chez nous et nous garantissons un paiement sans probl\u00e8me.<\/li>\n<li data-start=\"5756\" data-end=\"5879\"><strong data-start=\"5758\" data-end=\"5780\">Offres exclusives<\/strong>En tant que plateforme leader, nous proposons r\u00e9guli\u00e8rement des offres et des remises exclusives \u00e0 nos clients.<\/li>\n<\/ul>\n<hr data-start=\"5881\" data-end=\"5884\" \/>\n<h3 data-start=\"5886\" data-end=\"5952\"><strong data-start=\"5889\" data-end=\"5952\">Foire aux questions sur <a href=\"https:\/\/alfakher24h.de\/fr\/\">Arymi<\/a> IFun 28000 Z\u00fcge Einweg E Zigarette \n devient \n\nIFun 28000 tirages jetable E cigarette<\/strong><\/h3>\n<h3 data-start=\"5954\" data-end=\"6031\"><strong data-start=\"5958\" data-end=\"6031\">Combien de temps dure la batterie de la cigarette \u00e9lectronique jetable Arymi IFun 28000 bouff\u00e9es ?<\/strong><\/h3>\n<p data-start=\"6033\" data-end=\"6232\">La batterie de\u00a0<strong data-start=\"6046\" data-end=\"6060\">Arymi IFun<\/strong>\u00a0a une capacit\u00e9 de 600 mAh et offre une puissance suffisante pour supporter les 28 000 tirages complets. Il est con\u00e7u pour durer longtemps m\u00eame en cas d'utilisation intensive.<\/p>\n<h3 data-start=\"6234\" data-end=\"6289\"><strong data-start=\"6238\" data-end=\"6289\">Combien de fois dois-je remplir le r\u00e9servoir de liquide ?<\/strong><\/h3>\n<p data-start=\"6291\" data-end=\"6494\">La\u00a0<strong data-start=\"6295\" data-end=\"6339\">Arymi IFun 28000 Z\u00fcge Einweg E Zigarette \n\n becomes \n\nArymi IFun 28000 tirages cigarette \u00e9lectronique jetable<\/strong>\u00a0est un produit \u00e0 usage unique et ne n\u00e9cessite pas de recharge. Une fois que le liquide est \u00e9puis\u00e9, vous pouvez jeter la cigarette \u00e9lectronique et en utiliser une nouvelle.<\/p>\n<h3 data-start=\"6496\" data-end=\"6539\"><strong data-start=\"6500\" data-end=\"6539\">Puis-je r\u00e9gler l'alimentation en air ?<\/strong><\/h3>\n<p data-start=\"6541\" data-end=\"6751\">Oui, les\u00a0<strong data-start=\"6549\" data-end=\"6593\">Arymi IFun 28000 Z\u00fcge Einweg E Zigarette \n\n becomes \n\nArymi IFun 28000 tirages cigarette \u00e9lectronique jetable<\/strong>\u00a0dispose d'un apport d'air adjustable, vous permettant d'adapter le flux d'air \u00e0 vos pr\u00e9f\u00e9rences pour profiter d'une exp\u00e9rience de vape personnalis\u00e9e.<\/p>\n<h3 data-start=\"6753\" data-end=\"6803\"><strong data-start=\"6757\" data-end=\"6803\">Le produit est-il disponible en Allemagne ?<\/strong><\/h3>\n<p data-start=\"6805\" data-end=\"6961\">Oui, les\u00a0<strong data-start=\"6813\" data-end=\"6857\">Arymi IFun 28000 Z\u00fcge Einweg E Zigarette \n\n becomes \n\nArymi IFun 28000 tirages cigarette \u00e9lectronique jetable<\/strong> est disponible en Allemagne et peut \u00eatre facilement command\u00e9 sur notre site Web\/ <a href=\"https:\/\/alfakher24h.de\/fr\/\">alfakher24h.de<\/a>\u00a0\u00eatre command\u00e9.<\/p>\n<hr data-start=\"6963\" data-end=\"6966\" \/>\n<p data-start=\"6968\" data-end=\"7202\" data-is-last-node=\"\">Avec la\u00a0<strong data-start=\"6976\" data-end=\"7020\">Arymi IFun 28000 Z\u00fcge \n\nbecomes \n\nArymi IFun 28000 trains <a href=\"https:\/\/alfakher24h.de\/fr\/\">Cigarette \u00e9lectronique jetable<\/a><\/strong> Choisissez une exp\u00e9rience de vape de haute qualit\u00e9, durable et savoureuse. Commandez d\u00e8s aujourd'hui sur \/alfakher24h.de et profitez de l'avenir de la vape !<\/p>","protected":false},"excerpt":{"rendered":"<p>Avec la\u00a0<strong data-start=\"6976\" data-end=\"7020\">Arymi IFun 28000 Z\u00fcge \n\nbecomes \n\nArymi IFun 28000 trains <a href=\"https:\/\/alfakher24h.de\/fr\/\">Cigarette \u00e9lectronique jetable<\/a><\/strong> Choisissez une exp\u00e9rience de vape de haute qualit\u00e9, durable et savoureuse. Commandez d\u00e8s aujourd'hui sur \/alfakher24h.de et profitez de l'avenir de la vape !<\/p>","protected":false},"featured_media":1767,"comment_status":"open","ping_status":"closed","template":"","meta":{"om_disable_all_campaigns":false},"product_brand":[],"product_cat":[45],"product_tag":[],"class_list":{"0":"post-1766","1":"product","2":"type-product","3":"status-publish","4":"has-post-thumbnail","6":"product_cat-arymi-ifun-28000","8":"first","9":"outofstock","10":"shipping-taxable","11":"purchasable","12":"product-type-simple"},"_links":{"self":[{"href":"https:\/\/alfakher24h.de\/fr\/wp-json\/wp\/v2\/product\/1766","targetHints":{"allow":["GET"]}}],"collection":[{"href":"https:\/\/alfakher24h.de\/fr\/wp-json\/wp\/v2\/product"}],"about":[{"href":"https:\/\/alfakher24h.de\/fr\/wp-json\/wp\/v2\/types\/product"}],"replies":[{"embeddable":true,"href":"https:\/\/alfakher24h.de\/fr\/wp-json\/wp\/v2\/comments?post=1766"}],"wp:featuredmedia":[{"embeddable":true,"href":"https:\/\/alfakher24h.de\/fr\/wp-json\/wp\/v2\/media\/1767"}],"wp:attachment":[{"href":"https:\/\/alfakher24h.de\/fr\/wp-json\/wp\/v2\/media?parent=1766"}],"wp:term":[{"taxonomy":"product_brand","embeddable":true,"href":"https:\/\/alfakher24h.de\/fr\/wp-json\/wp\/v2\/product_brand?post=1766"},{"taxonomy":"product_cat","embeddable":true,"href":"https:\/\/alfakher24h.de\/fr\/wp-json\/wp\/v2\/product_cat?post=1766"},{"taxonomy":"product_tag","embeddable":true,"href":"https:\/\/alfakher24h.de\/fr\/wp-json\/wp\/v2\/product_tag?post=1766"}],"curies":[{"name":"wp","href":"https:\/\/api.w.org\/{rel}","templated":true}]}}