{"id":1764,"date":"2025-03-11T05:50:34","date_gmt":"2025-03-11T05:50:34","guid":{"rendered":"https:\/\/alfakher24h.de\/?post_type=product&#038;p=1764"},"modified":"2025-07-12T13:27:55","modified_gmt":"2025-07-12T13:27:55","slug":"httperror-response-code-429-too-many-requests-28","status":"publish","type":"product","link":"https:\/\/alfakher24h.de\/fr\/produit\/httperror-response-code-429-too-many-requests-28\/","title":{"rendered":"Arymi IFun 28000 Z\u00fcge Einweg E Zigarette \u2013 Lush Ice \u2013 Kiwi Passion Fruit Guava \n\n devient \n\nArymi IFun 28000 tirages cigarette \u00e9lectronique jetable \u2013 Lush Ice \u2013 Kiwi Fruit de la Passion Goyave"},"content":{"rendered":"<h2 data-start=\"0\" data-end=\"121\"><strong data-start=\"0\" data-end=\"121\"><a href=\"https:\/\/alfakher24h.de\/fr\/\">Arymi IFun 28000 Z\u00fcge Einweg E-Zigarette \n\n becomes \n\nArymi IFun 28000 tirages cigarette \u00e9lectronique jetable<\/a>Votre choix ultime pour une exp\u00e9rience de vape incomparable en Allemagne<\/strong><\/h2>\n<div style=\"width: 848px;\" class=\"wp-video\"><video class=\"wp-video-shortcode\" id=\"video-1764-1\" width=\"848\" height=\"478\" preload=\"metadata\" controls=\"controls\"><source type=\"video\/mp4\" src=\"https:\/\/alfakher24h.de\/wp-content\/uploads\/2025\/03\/VID-20241031-WA0010.mp4?_=1\" \/><a href=\"https:\/\/alfakher24h.de\/wp-content\/uploads\/2025\/03\/VID-20241031-WA0010.mp4\">https:\/\/alfakher24h.de\/wp-content\/uploads\/2025\/03\/VID-20241031-WA0010.mp4<\/a><\/video><\/div>\n<h3 data-start=\"123\" data-end=\"137\"><strong data-start=\"123\" data-end=\"137\">Introduction<\/strong><\/h3>\n<p data-start=\"139\" data-end=\"767\">Dans le monde des cigarettes \u00e9lectroniques jetables, offre la\u00a0<strong data-start=\"186\" data-end=\"211\">Arymi IFun 28000 Z\u00fcge \n\nbecomes \n\nArymi IFun 28000 trains<\/strong>\u00a0Une cigarette \u00e9lectronique jetable offrant une exp\u00e9rience de vapotage exceptionnelle qui d\u00e9passe toutes les attentes. Avec un nombre impressionnant de jusqu'\u00e0\u00a0<strong data-start=\"345\" data-end=\"361\">28 000 trains<\/strong>\u00a0et d'une capacit\u00e9 de liquidit\u00e9 de premi\u00e8re classe de\u00a0<strong data-start=\"406\" data-end=\"415\">28 ml<\/strong>est l'e-cigarette jetable id\u00e9ale pour les vapoteurs qui recherchent une exp\u00e9rience longue, savoureuse et satisfaisante. Que vous soyez un vapoteur exp\u00e9riment\u00e9 ou un novice, les\u00a0<strong data-start=\"607\" data-end=\"627\">Arymi IFun 28000<\/strong>\u00a0vous offrira une vape in\u00e9gal\u00e9e qui non seulement \u00e9tanchera votre soif de nicotine, mais \u00e9galement dorlotera vos papilles gustatives.<\/p>\n<p data-start=\"769\" data-end=\"831\"><strong data-start=\"769\" data-end=\"831\">Pourquoi choisir la cigarette \u00e9lectronique jetable Arymi IFun 28000 ?<\/strong><\/p>\n<p data-start=\"833\" data-end=\"1299\">La\u00a0<strong data-start=\"837\" data-end=\"881\">Arymi IFun 28000 Z\u00fcge Einweg E-Zigarette \n\n becomes \n\nArymi IFun 28000 tirages cigarette \u00e9lectronique jetable<\/strong>\u00a0offre non seulement un nombre \u00e9lev\u00e9 de puffs, mais \u00e9galement une s\u00e9rie de fonctionnalit\u00e9s qui optimisent l'ensemble du processus de vapotage. Elle est le choix parfait pour tous ceux qui recherchent un\u00a0<strong data-start=\"1072\" data-end=\"1087\">pratiques<\/strong>,\u00a0<strong data-start=\"1089\" data-end=\"1104\">de longue dur\u00e9e<\/strong>\u00a0et\u00a0<strong data-start=\"1109\" data-end=\"1137\">intensivement aromatis\u00e9<\/strong> Les options sont. D\u00e9couvrez ici pourquoi vous devriez acheter ce produit sur alfakher24h.de, le plus grand magasin en ligne pour les e-cigarettes jetables en Allemagne :<\/p>\n<h3 data-start=\"1301\" data-end=\"1367\"><strong data-start=\"1305\" data-end=\"1367\">Principales caract\u00e9ristiques de la\u00a0<a href=\"https:\/\/alfakher24h.de\/fr\/\">Arymi<\/a> IFun 28000 Z\u00fcge \n\n(Translation not required for this input as it seems to be a product code or identifier) \nIFun 28000 Z\u00fcge\u00a0<a href=\"https:\/\/alfakher24h.de\/fr\/\">Cigarette \u00e9lectronique jetable<\/a><\/strong><\/h3>\n<ul data-start=\"1369\" data-end=\"3175\">\n<li data-start=\"1369\" data-end=\"1690\">\n<p data-start=\"1371\" data-end=\"1690\"><strong data-start=\"1371\" data-end=\"1414\">Un nombre \u00e9tonnant de 28 000 bouff\u00e9es<\/strong>Avec un nombre de bouff\u00e9es aussi \u00e9lev\u00e9, l'Arymi IFun fait partie des cigarettes \u00e9lectroniques jetables les plus durables et les plus performantes du march\u00e9. Ces bouff\u00e9es durent longtemps et vous offrent une exp\u00e9rience de vape continue et satisfaisante, id\u00e9ale pour une utilisation quotidienne.<\/p>\n<\/li>\n<li data-start=\"1694\" data-end=\"1889\">\n<p data-start=\"1696\" data-end=\"1889\"><strong data-start=\"1696\" data-end=\"1731\">Grande capacit\u00e9 liquide de 28 ml<\/strong>: La\u00a0<strong data-start=\"1737\" data-end=\"1765\">28 ml de capacit\u00e9 de e-liquide<\/strong>\u00a0permet de ne pas avoir \u00e0 recharger constamment. Id\u00e9al pour les vapoteurs qui pr\u00e9f\u00e8rent de longues sessions sans interruption.<\/p>\n<\/li>\n<li data-start=\"1891\" data-end=\"2169\">\n<p data-start=\"1893\" data-end=\"2169\"><strong data-start=\"1893\" data-end=\"1914\">2 % teneur en nicotine<\/strong>: Le\u00a0<strong data-start=\"1920\" data-end=\"1945\">Taux de nicotine de 2 %<\/strong>\u00a0assure l'\u00e9quilibre parfait pour r\u00e9pondre aux besoins en nicotine sans alt\u00e9rer le go\u00fbt. Les\u00a0<strong data-start=\"2057\" data-end=\"2068\">La nicotine<\/strong>L'apport est intense, mais agr\u00e9able, vous permettant de profiter pleinement de chaque inhalation.<\/p>\n<\/li>\n<li data-start=\"2171\" data-end=\"2420\">\n<p data-start=\"2173\" data-end=\"2420\"><strong data-start=\"2173\" data-end=\"2208\">Puissante batterie de 600 mAh<\/strong>: La\u00a0<strong data-start=\"2214\" data-end=\"2246\">600 mAh Batterie au cobalt pur<\/strong>\u00a0assure une performance stable et durable. Avec la possibilit\u00e9 de\u00a0<strong data-start=\"2323\" data-end=\"2346\">Type-C-Ladevorgang<\/strong>\u00a0Pouvez-vous vous assurer que votre e-cigarette est toujours pr\u00eate \u00e0 l'emploi.<\/p>\n<\/li>\n<li data-start=\"2422\" data-end=\"2608\">\n<p data-start=\"2424\" data-end=\"2608\"><strong data-start=\"2424\" data-end=\"2445\">Bobine Mesh Premium<\/strong>: Le\u00a0<strong data-start=\"2451\" data-end=\"2475\">1,0 \u03a9 Dual Mesh Coil<\/strong>\u00a0offre une production de vapeur exceptionnelle et intensifie le go\u00fbt de l'e-liquide pour vous offrir une exp\u00e9rience de vapotage luxueuse.<\/p>\n<\/li>\n<li data-start=\"2610\" data-end=\"2789\">\n<p data-start=\"2612\" data-end=\"2789\"><strong data-start=\"2612\" data-end=\"2636\">D\u00e9bit d'air r\u00e9glable<\/strong>: La adjustable\u00a0<strong data-start=\"2655\" data-end=\"2666\">Airflow<\/strong>La fonction permet de personnaliser la r\u00e9sistance de tirage selon vos pr\u00e9f\u00e9rences pour personnaliser votre exp\u00e9rience de vape.<\/p>\n<\/li>\n<li data-start=\"2791\" data-end=\"3029\">\n<p data-start=\"2793\" data-end=\"3029\"><strong data-start=\"2793\" data-end=\"2845\">Indicateurs pratiques pour la batterie et l'e-liquide<\/strong>: Avec les pratiques\u00a0<strong data-start=\"2867\" data-end=\"2905\">Indicateurs de batterie et d'e-liquide<\/strong>\u00a0Gardez toujours un \u0153il sur l'\u00e9tat de votre cigarette \u00e9lectronique jetable et sachez exactement quand il est temps de la recharger.<\/p>\n<\/li>\n<li data-start=\"3031\" data-end=\"3175\">\n<p data-start=\"3033\" data-end=\"3175\"><strong data-start=\"3033\" data-end=\"3057\">10 pi\u00e8ces par paquet<\/strong>: La\u00a0<strong data-start=\"3063\" data-end=\"3083\">Arymi IFun 28000<\/strong>\u00a0est livr\u00e9 dans un emballage pratique de 10 pi\u00e8ces, vous permettant d'\u00eatre toujours pr\u00eat.<\/p>\n<\/li>\n<\/ul>\n<h3 data-start=\"3177\" data-end=\"3221\"><strong data-start=\"3177\" data-end=\"3220\">Sp\u00e9cifications techniques en aper\u00e7u<\/strong>:<\/h3>\n<ul data-start=\"3223\" data-end=\"3577\">\n<li data-start=\"3223\" data-end=\"3254\"><strong data-start=\"3225\" data-end=\"3234\">Puffs<\/strong>: Jusqu'\u00e0 28 000 trains<\/li>\n<li data-start=\"3255\" data-end=\"3286\"><strong data-start=\"3257\" data-end=\"3279\">Capacit\u00e9 de liquide \u00e9lectronique<\/strong>: 28 ml<\/li>\n<li data-start=\"3287\" data-end=\"3305\"><strong data-start=\"3289\" data-end=\"3300\">La nicotine<\/strong>: 2 %<\/li>\n<li data-start=\"3306\" data-end=\"3341\"><strong data-start=\"3308\" data-end=\"3320\">Batterie<\/strong>: 600 mAh Pure Cobalt<\/li>\n<li data-start=\"3342\" data-end=\"3379\"><strong data-start=\"3344\" data-end=\"3357\">Mesh Coil<\/strong>: Bobine double maille 1,0 \u03a9<\/li>\n<li data-start=\"3380\" data-end=\"3406\"><strong data-start=\"3382\" data-end=\"3406\">D\u00e9bit d'air r\u00e9glable<\/strong><\/li>\n<li data-start=\"3407\" data-end=\"3447\"><strong data-start=\"3409\" data-end=\"3447\">Indicateurs de batterie et d'e-liquide<\/strong><\/li>\n<li data-start=\"3448\" data-end=\"3491\"><strong data-start=\"3450\" data-end=\"3469\">Unit\u00e9 d'emballage<\/strong>10 pi\u00e8ces par paquet<\/li>\n<li data-start=\"3492\" data-end=\"3530\"><strong data-start=\"3494\" data-end=\"3513\">Poids de l'emballage<\/strong>: 120 g par pi\u00e8ce<\/li>\n<li data-start=\"3531\" data-end=\"3577\"><strong data-start=\"3533\" data-end=\"3555\">Unit\u00e9 d'emballage<\/strong>200 pi\u00e8ces par carton<\/li>\n<\/ul>\n<h3 data-start=\"3579\" data-end=\"3625\"><strong data-start=\"3579\" data-end=\"3625\">Les meilleurs ar\u00f4mes pour votre exp\u00e9rience de vapotage :<\/strong><\/h3>\n<p data-start=\"3627\" data-end=\"4042\">La\u00a0<strong data-start=\"3631\" data-end=\"3675\">Arymi IFun 28000 Z\u00fcge Einweg E-Zigarette \n\n becomes \n\nArymi IFun 28000 tirages cigarette \u00e9lectronique jetable<\/strong>\u00a0offre un choix impressionnant de\u00a0<strong data-start=\"3714\" data-end=\"3724\">Aromas<\/strong>afin d'\u00e9lever votre exp\u00e9rience de vape \u00e0 un niveau sup\u00e9rieur. L'un des ar\u00f4mes les plus remarquables est le\u00a0<strong data-start=\"3823\" data-end=\"3835\">Lush Ice<\/strong>Un m\u00e9lange rafra\u00eechissant de kiwi, de fruit de la passion et de goyave. Laissez-vous envo\u00fbter par cette combinaison de saveurs unique qui offre un \u00e9quilibre parfait entre fra\u00eecheur et fruit\u00e9.<\/p>\n<h2 data-start=\"0\" data-end=\"107\"><img loading=\"lazy\" decoding=\"async\" class=\"alignnone wp-image-2299 size-full\" title=\"Arymi IFun 28000 Z\u00fcge Einweg E Zigarette - Lush Ice - Kiwi Passion Fruit Guava 2 becomes Arymi IFun 28000 Z\u00fcge Einweg E Zigarette remains as  Arymi IFun 28000 Z\u00fcge Einweg E Zigarette Lush Ice remains as Lush Ice Kiwi Passion Fruit Guava 2 remains as Kiwi Passion Fruit Guava 2 so  Arymi IFun 28000 Z\u00fcge Einweg E Zigarette - Lush Ice - Kiwi Passion Fruit Guava 2\" src=\"https:\/\/alfakher24h.de\/wp-content\/uploads\/2025\/03\/arymi-hookalit-2.webp\" sizes=\"auto, (max-width: 1077px) 100vw, 1077px\" srcset=\"https:\/\/alfakher24h.de\/wp-content\/uploads\/2025\/03\/arymi-hookalit-2.webp 1077w, https:\/\/alfakher24h.de\/wp-content\/uploads\/2025\/03\/arymi-hookalit-2-300x284.webp 300w, https:\/\/alfakher24h.de\/wp-content\/uploads\/2025\/03\/arymi-hookalit-2-1024x970.webp 1024w, https:\/\/alfakher24h.de\/wp-content\/uploads\/2025\/03\/arymi-hookalit-2-768x727.webp 768w, https:\/\/alfakher24h.de\/wp-content\/uploads\/2025\/03\/arymi-hookalit-2-13x12.webp 13w, https:\/\/alfakher24h.de\/wp-content\/uploads\/2025\/03\/arymi-hookalit-2-600x568.webp 600w\" alt=\"Arymi IFun 28000 Z\u00fcge Einweg E Zigarette - Lush Ice - Kiwi Passion Fruit Guava  devient Arymi IFun 28000 tirages cigarette \u00e9lectronique jetable - Lush Ice - Kiwi Fruit de la Passion Goyave\" width=\"1077\" height=\"1020\" \/><\/h2>\n<h3><strong data-start=\"4048\" data-end=\"4093\">Lush Ice - Kiwi, Fruit de la Passion et Goyave<\/strong><\/h3>\n<ul data-start=\"4095\" data-end=\"4793\">\n<li data-start=\"4095\" data-end=\"4313\">\n<p data-start=\"4097\" data-end=\"4313\"><strong data-start=\"4097\" data-end=\"4105\">Kiwi<\/strong>La kiwi apporte une douceur l\u00e9g\u00e8re mais rafra\u00eechissante, qui procure une exp\u00e9rience gustative p\u00e9tillante et fruit\u00e9e. Elle est le compl\u00e9ment parfait des autres ar\u00f4mes du m\u00e9lange.<\/p>\n<\/li>\n<li data-start=\"4317\" data-end=\"4516\">\n<p data-start=\"4319\" data-end=\"4516\"><strong data-start=\"4319\" data-end=\"4337\">Fruit de la passion<\/strong>La passion ajoute \u00e0 ce m\u00e9lange un c\u00f4t\u00e9 tropical, sucr\u00e9 mais aussi l\u00e9g\u00e8rement acide. Sa note exotique et aromatique fait de ce m\u00e9lange un v\u00e9ritable plaisir.<\/p>\n<\/li>\n<li data-start=\"4518\" data-end=\"4793\">\n<p data-start=\"4520\" data-end=\"4793\"><strong data-start=\"4520\" data-end=\"4529\">Guave<\/strong>: La goyave arrondit l'ar\u00f4me en le compl\u00e9tant d'une douceur intense mais douce et d'une touche de fra\u00eecheur tropicale. Cette combinaison fait le\u00a0<strong data-start=\"4692\" data-end=\"4704\">Lush Ice<\/strong>-Aroma est l'un des parfums les plus populaires et les plus vendus pour\u00a0<strong data-start=\"4772\" data-end=\"4792\">Arymi IFun 28000<\/strong>.<\/p>\n<\/li>\n<\/ul>\n<p data-start=\"4795\" data-end=\"5030\">Pour tous les vapoteurs qui recherchent une exp\u00e9rience rafra\u00eechissante et tropicale, c'est\u00a0<strong data-start=\"4879\" data-end=\"4891\">Lush Ice<\/strong>L'ar\u00f4me, le choix id\u00e9al. Profitez du m\u00e9lange parfait d'ar\u00f4mes sucr\u00e9s, frais et fruit\u00e9s qui rendent chaque bouff\u00e9e un plaisir.<\/p>\n<h3 data-start=\"5032\" data-end=\"5106\"><strong data-start=\"5032\" data-end=\"5106\">Pourquoi devriez-vous acheter la cigarette \u00e9lectronique jetable Arymi IFun 28000 ?<\/strong><\/h3>\n<ul data-start=\"5108\" data-end=\"6076\">\n<li data-start=\"5108\" data-end=\"5259\">\n<p data-start=\"5110\" data-end=\"5259\"><strong data-start=\"5110\" data-end=\"5127\">Durabilit\u00e9<\/strong>: Avec jusqu'\u00e0 28 000 trains\u00a0<strong data-start=\"5161\" data-end=\"5181\">Arymi IFun 28000<\/strong>\u00a0L'une des cigarettes \u00e9lectroniques jetables les plus durables et les plus fiables du march\u00e9.<\/p>\n<\/li>\n<li data-start=\"5263\" data-end=\"5483\">\n<p data-start=\"5265\" data-end=\"5483\"><strong data-start=\"5265\" data-end=\"5283\">Polyvalence<\/strong>: La\u00a0<strong data-start=\"5289\" data-end=\"5313\">d\u00e9bit d'air r\u00e9glable<\/strong>-Fonction et le large choix d'ar\u00f4mes font les\u00a0<strong data-start=\"5366\" data-end=\"5386\">Arymi IFun 28000<\/strong>\u00a0le choix id\u00e9al pour chaque vapoteur qui accorde de l'importance \u00e0 une exp\u00e9rience de vapotage personnalisable.<\/p>\n<\/li>\n<li data-start=\"5485\" data-end=\"5687\">\n<p data-start=\"5487\" data-end=\"5687\"><strong data-start=\"5487\" data-end=\"5505\">Confort<\/strong>: Gr\u00e2ce \u00e0 la\u00a0<strong data-start=\"5516\" data-end=\"5535\">taille compacte<\/strong>\u00a0et le\u00a0<strong data-start=\"5544\" data-end=\"5579\">manipulation conviviale<\/strong>\u00a0Pouvez-vous les\u00a0<strong data-start=\"5595\" data-end=\"5615\">Arymi IFun 28000<\/strong>\u00a0Partout emporter et \u00e0 tout moment profiter d'une exp\u00e9rience de vapeur confortable.<\/p>\n<\/li>\n<li data-start=\"5689\" data-end=\"5920\">\n<p data-start=\"5691\" data-end=\"5920\"><strong data-start=\"5691\" data-end=\"5719\">Technologie de premier ordre<\/strong>: Avec la\u00a0<strong data-start=\"5729\" data-end=\"5750\">Bobine Mesh Premium<\/strong>le\u00a0<strong data-start=\"5756\" data-end=\"5785\">batterie performante<\/strong>\u00a0et le\u00a0<strong data-start=\"5794\" data-end=\"5823\">traitement de haute qualit\u00e9<\/strong>\u00a0vous pouvez \u00eatre certain de profiter d'un produit durable et fiable.<\/p>\n<\/li>\n<li data-start=\"5922\" data-end=\"6076\">\n<p data-start=\"5924\" data-end=\"6076\"><strong data-start=\"5924\" data-end=\"5947\">Ar\u00f4mes rafra\u00eechissants<\/strong>: Le\u00a0<strong data-start=\"5953\" data-end=\"5965\">Lush Ice<\/strong>-Un ar\u00f4me et de nombreux autres parfums vous offrent un choix vari\u00e9 qui enrichira votre exp\u00e9rience de vape.<\/p>\n<\/li>\n<\/ul>\n<h3 data-start=\"6078\" data-end=\"6131\"><strong data-start=\"6078\" data-end=\"6131\">Foire aux questions sur la cigarette \u00e9lectronique jetable Arymi IFun 28000 tirages<\/strong><\/h3>\n<ul data-start=\"6133\" data-end=\"7093\">\n<li data-start=\"6133\" data-end=\"6326\">\n<p data-start=\"6135\" data-end=\"6326\"><strong data-start=\"6135\" data-end=\"6192\">Combien de temps dure la cigarette \u00e9lectronique Arymi IFun 28000 tirages ?<\/strong>\u00a0La\u00a0<strong data-start=\"6199\" data-end=\"6219\">Arymi IFun 28000<\/strong>\u00a0offre jusqu'\u00e0\u00a0<strong data-start=\"6234\" data-end=\"6249\">28 000 trains<\/strong>, ce qui en fait l'une des cigarettes \u00e9lectroniques jetables les plus durables du march\u00e9.<\/p>\n<\/li>\n<li data-start=\"6328\" data-end=\"6500\">\n<p data-start=\"6330\" data-end=\"6500\"><strong data-start=\"6330\" data-end=\"6373\">Puis-je charger l'Arymi IFun 28000 ?<\/strong>\u00a0Oui, les\u00a0<strong data-start=\"6384\" data-end=\"6404\">Arymi IFun 28000<\/strong>\u00a0est avec un\u00a0<strong data-start=\"6419\" data-end=\"6442\">600 mAh batterie au cobalt<\/strong>\u00a0\u00e9quip\u00e9, qui sur\u00a0<strong data-start=\"6466\" data-end=\"6476\">Type-C<\/strong>\u00a0\u00eatre recharg\u00e9.<\/p>\n<\/li>\n<li data-start=\"6502\" data-end=\"6687\">\n<p data-start=\"6504\" data-end=\"6687\"><strong data-start=\"6504\" data-end=\"6568\">Quel est le pourcentage de nicotine contenu dans l'Arymi IFun 28000 ?<\/strong>\u00a0La\u00a0<strong data-start=\"6575\" data-end=\"6595\">Arymi IFun 28000<\/strong>\u00a0contient\u00a0<strong data-start=\"6604\" data-end=\"6619\">2 % Nicotine<\/strong>qui offre une exp\u00e9rience agr\u00e9able et satisfaisante pour les vapoteurs.<\/p>\n<\/li>\n<li data-start=\"6689\" data-end=\"6879\">\n<p data-start=\"6691\" data-end=\"6879\"><strong data-start=\"6691\" data-end=\"6724\">Quelles saveurs sont disponibles ?<\/strong>\u00a0La\u00a0<strong data-start=\"6731\" data-end=\"6751\">Arymi IFun 28000<\/strong>\u00a0offre diff\u00e9rentes saveurs, dont la populaire\u00a0<strong data-start=\"6802\" data-end=\"6814\">Lush Ice<\/strong>qui offre une combinaison de kiwi, de fruit de la passion et de goyave.<\/p>\n<\/li>\n<li data-start=\"6881\" data-end=\"7093\">\n<p data-start=\"6883\" data-end=\"7093\"><strong data-start=\"6883\" data-end=\"6924\">Comment nettoyer l'Arymi IFun 28000 ?<\/strong>\u00a0Il s'agit d'une\u00a0<strong data-start=\"6946\" data-end=\"6968\">Cigarette \u00e9lectronique jetable<\/strong>\u00a0n'est pas n\u00e9cessaire de nettoyer l'appareil. Une fois le liquide compl\u00e8tement utilis\u00e9, vous pouvez simplement jeter l'appareil.<\/p>\n<\/li>\n<\/ul>\n<p data-start=\"7095\" data-end=\"7105\"><strong data-start=\"7095\" data-end=\"7105\">Conclusion :<\/strong><\/p>\n<p data-start=\"7107\" data-end=\"7617\">La\u00a0<strong data-start=\"7111\" data-end=\"7155\">Arymi IFun 28000 Z\u00fcge Einweg E-Zigarette \n\n becomes \n\nArymi IFun 28000 tirages cigarette \u00e9lectronique jetable<\/strong>\u00a0offre des performances exceptionnelles, une capacit\u00e9 \u00e9lev\u00e9e et une vari\u00e9t\u00e9 d'ar\u00f4mes qui s\u00e9duiront les amateurs de vape en Allemagne. Si vous \u00eates \u00e0 la recherche d'un\u00a0<strong data-start=\"7339\" data-end=\"7356\">\u00e0 long terme<\/strong>\u00a0et\u00a0<strong data-start=\"7361\" data-end=\"7381\">puissants \nou  : performants<\/strong>\u00a0sont des options, cette cigarette \u00e9lectronique jetable est le choix parfait. Achetez votre\u00a0<strong data-start=\"7459\" data-end=\"7503\">Arymi IFun 28000 Z\u00fcge Einweg E-Zigarette \n\n becomes \n\nArymi IFun 28000 tirages cigarette \u00e9lectronique jetable<\/strong>\u00a0Aujourd'hui exclusivement sur <a href=\"https:\/\/alfakher24h.de\/fr\/\">alfakher24h.de<\/a>des plus grands\u00a0<strong data-start=\"7556\" data-end=\"7576\">Plateforme en ligne<\/strong>\u00a0pour\u00a0<strong data-start=\"7581\" data-end=\"7616\">Vapes jetables en Allemagne<\/strong>.<\/p>","protected":false},"excerpt":{"rendered":"<p><strong data-start=\"7111\" data-end=\"7155\">Arymi IFun 28000 Z\u00fcge Einweg E-Zigarette \n\n becomes \n\nArymi IFun 28000 tirages cigarette \u00e9lectronique jetable<\/strong>\u00a0offre des performances exceptionnelles, une capacit\u00e9 \u00e9lev\u00e9e et une vari\u00e9t\u00e9 d'ar\u00f4mes qui raviront les amateurs de vape en Allemagne<\/p>","protected":false},"featured_media":1765,"comment_status":"open","ping_status":"closed","template":"","meta":{"om_disable_all_campaigns":false},"product_brand":[],"product_cat":[45],"product_tag":[],"class_list":{"0":"post-1764","1":"product","2":"type-product","3":"status-publish","4":"has-post-thumbnail","6":"product_cat-arymi-ifun-28000","8":"first","9":"outofstock","10":"shipping-taxable","11":"purchasable","12":"product-type-simple"},"_links":{"self":[{"href":"https:\/\/alfakher24h.de\/fr\/wp-json\/wp\/v2\/product\/1764","targetHints":{"allow":["GET"]}}],"collection":[{"href":"https:\/\/alfakher24h.de\/fr\/wp-json\/wp\/v2\/product"}],"about":[{"href":"https:\/\/alfakher24h.de\/fr\/wp-json\/wp\/v2\/types\/product"}],"replies":[{"embeddable":true,"href":"https:\/\/alfakher24h.de\/fr\/wp-json\/wp\/v2\/comments?post=1764"}],"wp:featuredmedia":[{"embeddable":true,"href":"https:\/\/alfakher24h.de\/fr\/wp-json\/wp\/v2\/media\/1765"}],"wp:attachment":[{"href":"https:\/\/alfakher24h.de\/fr\/wp-json\/wp\/v2\/media?parent=1764"}],"wp:term":[{"taxonomy":"product_brand","embeddable":true,"href":"https:\/\/alfakher24h.de\/fr\/wp-json\/wp\/v2\/product_brand?post=1764"},{"taxonomy":"product_cat","embeddable":true,"href":"https:\/\/alfakher24h.de\/fr\/wp-json\/wp\/v2\/product_cat?post=1764"},{"taxonomy":"product_tag","embeddable":true,"href":"https:\/\/alfakher24h.de\/fr\/wp-json\/wp\/v2\/product_tag?post=1764"}],"curies":[{"name":"wp","href":"https:\/\/api.w.org\/{rel}","templated":true}]}}