{"id":1762,"date":"2025-03-11T05:43:45","date_gmt":"2025-03-11T05:43:45","guid":{"rendered":"https:\/\/alfakher24h.de\/?post_type=product&#038;p=1762"},"modified":"2025-07-12T13:27:56","modified_gmt":"2025-07-12T13:27:56","slug":"httperror-response-code-429-too-many-requests-22","status":"publish","type":"product","link":"https:\/\/alfakher24h.de\/fr\/produit\/httperror-response-code-429-too-many-requests-22\/","title":{"rendered":"Arymi IFun 28000 Z\u00fcge Einweg E Zigarette \u2013 Blueberry Raspberry \u2013 Mojito \n\n devient \n\nArymi IFun 28000 tirages cigarette \u00e9lectronique jetable \u2013 Blueberry Raspberry \u2013 Mojito"},"content":{"rendered":"<h2 data-start=\"0\" data-end=\"92\"><strong data-start=\"0\" data-end=\"92\"><a href=\"https:\/\/alfakher24h.de\/fr\/\">Arymi IFun 28000 Z\u00fcge Einweg E-Zigarette \n\n becomes \n\nArymi IFun 28000 tirages cigarette \u00e9lectronique jetable<\/a> \u2013 L'exp\u00e9rience de vapotage ultime en Allemagne<\/strong><\/h2>\n<div style=\"width: 848px;\" class=\"wp-video\"><video class=\"wp-video-shortcode\" id=\"video-1762-1\" width=\"848\" height=\"478\" preload=\"metadata\" controls=\"controls\"><source type=\"video\/mp4\" src=\"https:\/\/alfakher24h.de\/wp-content\/uploads\/2025\/03\/VID-20241031-WA0010.mp4?_=1\" \/><a href=\"https:\/\/alfakher24h.de\/wp-content\/uploads\/2025\/03\/VID-20241031-WA0010.mp4\">https:\/\/alfakher24h.de\/wp-content\/uploads\/2025\/03\/VID-20241031-WA0010.mp4<\/a><\/video><\/div>\n<p data-start=\"94\" data-end=\"675\">La\u00a0<strong data-start=\"98\" data-end=\"142\">Arymi IFun 28000 Z\u00fcge \n\nbecomes \n\nArymi IFun 28000 trains <a href=\"https:\/\/alfakher24h.de\/fr\/\">Cigarette \u00e9lectronique jetable<\/a><\/strong>\u00a0est l'une des derni\u00e8res innovations sur le march\u00e9 et offre une exp\u00e9rience de vapotage exceptionnelle qui d\u00e9passe toutes les attentes. Avec un nombre impressionnant de\u00a0<strong data-start=\"315\" data-end=\"331\">28 000 trains<\/strong> et une multitude de fonctions de haute qualit\u00e9, cet appareil offre une performance sans pr\u00e9c\u00e9dent qui vous laissera bouche b\u00e9e. Dans cet article, vous d\u00e9couvrirez tout ce que vous devez savoir sur ce produit exceptionnel et pourquoi il vaut la peine de l'acheter sur alfakher24h.de, votre plus grand magasin en ligne de cigarettes \u00e9lectroniques jetables en Allemagne.<\/p>\n<hr data-start=\"677\" data-end=\"680\" \/>\n<h3 data-start=\"682\" data-end=\"763\">Description d\u00e9taill\u00e9e du produit de la cigarette \u00e9lectronique jetable Arymi IFun 28000 tirages<\/h3>\n<p data-start=\"765\" data-end=\"1293\">La\u00a0<strong data-start=\"769\" data-end=\"813\">Arymi IFun 28000 Z\u00fcge Einweg E-Zigarette \n\n becomes \n\nArymi IFun 28000 tirages cigarette \u00e9lectronique jetable<\/strong>\u00a0a \u00e9t\u00e9 sp\u00e9cialement con\u00e7u pour les vapoteurs exigeants qui recherchent une exp\u00e9rience durable, puissante et savoureuse. Avec une\u00a0<strong data-start=\"951\" data-end=\"983\">Capacit\u00e9 de e-liquide de 28 ml<\/strong>\u00a0et un\u00a0<strong data-start=\"994\" data-end=\"1019\">Teneur en nicotine de 2 1\/3<\/strong>\u00a0offre non seulement une longue dur\u00e9e d'utilisation, mais \u00e9galement une exp\u00e9rience de vapotage agr\u00e9able et riche en nicotine. C'est le compagnon id\u00e9al pour tous ceux qui souhaitent un appareil de haute qualit\u00e9, facile \u00e0 utiliser, parfaitement adapt\u00e9 \u00e0 une utilisation quotidienne.<\/p>\n<p data-start=\"1295\" data-end=\"1773\">Gr\u00e2ce au\u00a0<strong data-start=\"1304\" data-end=\"1329\">1,0 \u03a9 Bobines Dual Mesh<\/strong>\u00a0et le\u00a0<strong data-start=\"1338\" data-end=\"1373\">fonction de d\u00e9bit d'air r\u00e9glable<\/strong>\u00a0Vous pouvez ajuster vos trains \u00e0 votre convenance et obtenir l'exp\u00e9rience de vapotage souhait\u00e9e. Les\u00a0<strong data-start=\"1467\" data-end=\"1492\">Technologie de bobine maill\u00e9e<\/strong>\u00a0assure une vapeur intense et r\u00e9guli\u00e8re, qui d\u00e9voile les ar\u00f4mes dans toute leur splendeur. Que vous soyez un vapoteur exp\u00e9riment\u00e9 ou que vous commenciez juste,\u00a0<strong data-start=\"1658\" data-end=\"1702\">Arymi IFun 28000 Z\u00fcge Einweg E-Zigarette \n\n becomes \n\nArymi IFun 28000 tirages cigarette \u00e9lectronique jetable<\/strong>\u00a0offre tout ce dont vous avez besoin pour une exp\u00e9rience exceptionnelle.<\/p>\n<hr data-start=\"1775\" data-end=\"1778\" \/>\n<h3 data-start=\"1780\" data-end=\"1841\">Fonctionnalit\u00e9s cl\u00e9s de l'Arymi IFun 28000 Zug\u00a0<a href=\"https:\/\/alfakher24h.de\/fr\/\">Cigarette \u00e9lectronique jetable<\/a><\/h3>\n<ul data-start=\"1843\" data-end=\"3054\">\n<li data-start=\"1843\" data-end=\"1979\"><strong data-start=\"1845\" data-end=\"1884\">Impressionnant nombre de bouff\u00e9es (28 000 bouff\u00e9es)<\/strong>: Avec jusqu'\u00e0 28 000 tirages, vous avez suffisamment de r\u00e9serve pour des semaines ou m\u00eame des mois, selon votre utilisation.<\/li>\n<li data-start=\"1980\" data-end=\"2207\"><strong data-start=\"1982\" data-end=\"2036\">Batterie rechargeable avec prise de charge de type C<\/strong>: Profitez d'une puissance constante gr\u00e2ce \u00e0 la rechargeable\u00a0<strong data-start=\"2102\" data-end=\"2129\">Batterie au cobalt de 600 mAh<\/strong>. Le\u00a0<strong data-start=\"2135\" data-end=\"2159\">Connecteur de charge Type-C<\/strong>\u00a0Assure une charge rapide et facile.<\/li>\n<li data-start=\"2208\" data-end=\"2333\"><strong data-start=\"2210\" data-end=\"2238\">30 ml de capacit\u00e9 de liquide \u00e9lectronique<\/strong>: Avec une capacit\u00e9 de 28 ml de e-liquide, vous obtenez une quantit\u00e9 g\u00e9n\u00e9reuse pour un vapotage ininterrompu.<\/li>\n<li data-start=\"2334\" data-end=\"2494\"><strong data-start=\"2336\" data-end=\"2382\">Bobine Mesh Premium pour un go\u00fbt intense<\/strong>: Le\u00a0<strong data-start=\"2388\" data-end=\"2406\">Double Bobine Maille<\/strong>\u00a0assure une vapeur uniforme et abondante et intensifie le go\u00fbt de chaque bouff\u00e9e.<\/li>\n<li data-start=\"2495\" data-end=\"2670\"><strong data-start=\"2497\" data-end=\"2524\">D\u00e9bit d'air r\u00e9glable<\/strong>: Avec la\u00a0<strong data-start=\"2534\" data-end=\"2570\">contr\u00f4le de d\u00e9bit d'air r\u00e9glable<\/strong>\u00a0Vous pouvez ajuster l'alimentation en air selon vos pr\u00e9f\u00e9rences pour obtenir l'exp\u00e9rience de vape parfaite.<\/li>\n<li data-start=\"2671\" data-end=\"2852\"><strong data-start=\"2673\" data-end=\"2709\">Indicateur de batterie et de liquide \u00e9lectronique<\/strong>Un pratique\u00a0<strong data-start=\"2727\" data-end=\"2763\">Indicateur de batterie et de liquide \u00e9lectronique<\/strong>\u00a0vous tient toujours inform\u00e9, afin que vous ne soyez jamais pris avec une batterie vide ou un liquide \u00e9lectronique \u00e9puis\u00e9.<\/li>\n<li data-start=\"2853\" data-end=\"3054\"><strong data-start=\"2855\" data-end=\"2873\">Taille compacte<\/strong>Malgr\u00e9 sa grande capacit\u00e9 et ses nombreuses fonctionnalit\u00e9s, l'IFun 28000 est \u00e9tonnamment compact et l\u00e9ger. Vous pouvez facilement transporter l'appareil dans votre poche et l'utiliser \u00e0 tout moment.<\/li>\n<\/ul>\n<hr data-start=\"3056\" data-end=\"3059\" \/>\n<h3 data-start=\"3061\" data-end=\"3128\">Exp\u00e9rience gustative de la cigarette \u00e9lectronique jetable Arymi IFun 28000 tirs<\/h3>\n<p data-start=\"3130\" data-end=\"3476\">La\u00a0<strong data-start=\"3134\" data-end=\"3178\">Arymi IFun 28000 Z\u00fcge Einweg E-Zigarette \n\n becomes \n\nArymi IFun 28000 tirages cigarette \u00e9lectronique jetable<\/strong>\u00a0offre une vari\u00e9t\u00e9 de saveurs d\u00e9licieuses qui ravissent les sens et font de chaque exp\u00e9rience de vapotage quelque chose de sp\u00e9cial. Les saveurs uniques et populaires suivantes sont particuli\u00e8rement remarquables\u00a0<strong data-start=\"3359\" data-end=\"3382\">Myrtilles Framboises<\/strong>- et\u00a0<strong data-start=\"3388\" data-end=\"3398\">Mojito<\/strong>Les saveurs. D\u00e9couvrez ici ce qui rend ces ar\u00f4mes si sp\u00e9ciaux :<\/p>\n<h4 data-start=\"3478\" data-end=\"3507\"><strong data-start=\"3483\" data-end=\"3506\">Myrtilles Framboises<\/strong>:<\/h4>\n<p data-start=\"3508\" data-end=\"4027\">Ce go\u00fbt est une v\u00e9ritable explosion de saveurs. Le\u00a0<strong data-start=\"3565\" data-end=\"3607\">saveur fra\u00eeche de bleuets sucr\u00e9s<\/strong>\u00a0rencontre la note rafra\u00eechissante de la\u00a0<strong data-start=\"3645\" data-end=\"3658\">Framboises<\/strong>qui conduit \u00e0 une exp\u00e9rience de vapotage fruit\u00e9e, mais pas trop sucr\u00e9e.\u00a0<strong data-start=\"3732\" data-end=\"3746\">Myrtilles<\/strong>\u00a0apportent une douceur l\u00e9g\u00e8re mais profonde, tandis que les\u00a0<strong data-start=\"3808\" data-end=\"3821\">Framboises<\/strong>\u00a0Les papilles gustatives avec une touche de fra\u00eecheur et des notes l\u00e9g\u00e8rement acides. Ensemble, cela donne un m\u00e9lange harmonieux de saveurs fruit\u00e9es qui ravira \u00e0 nouveau les amateurs de vape.<\/p>\n<h4 data-start=\"4029\" data-end=\"4045\"><strong data-start=\"4034\" data-end=\"4044\">Mojito<\/strong>:<\/h4>\n<p data-start=\"4046\" data-end=\"4482\">Pour les amateurs d'ar\u00f4mes rafra\u00eechissants et p\u00e9tillants, le\u00a0<strong data-start=\"4103\" data-end=\"4113\">Mojito<\/strong>le choix parfait. Ce m\u00e9lange combine les\u00a0<strong data-start=\"4173\" data-end=\"4190\">menthe fra\u00eeche<\/strong>le jour\u00a0<strong data-start=\"4196\" data-end=\"4226\">go\u00fbt citronn\u00e9 acide<\/strong>\u00a0et une touche de\u00a0<strong data-start=\"4247\" data-end=\"4261\">Canne \u00e0 sucre<\/strong>\u00a0\u00e0 une exp\u00e9rience rafra\u00eechissante, stimulante et tr\u00e8s revigorante. C'est comme si l'on appr\u00e9ciait une v\u00e9ritable boisson Mojito - seulement sans alcool, mais avec la saveur intense qui apporte l'\u00e9t\u00e9 en hiver.<\/p>\n<h2 data-start=\"0\" data-end=\"91\"><img loading=\"lazy\" decoding=\"async\" class=\"alignnone wp-image-2302 size-full\" title=\"Arymi IFun 28000 Z\u00fcge Einweg E Zigarette - Blueberry Raspberry - Mojito 2 remains  Arymi IFun 28000 Z\u00fcge Einweg E Zigarette - Blueberry Raspberry - Mojito 2\" src=\"https:\/\/alfakher24h.de\/wp-content\/uploads\/2025\/03\/all1.webp\" sizes=\"auto, (max-width: 904px) 100vw, 904px\" srcset=\"https:\/\/alfakher24h.de\/wp-content\/uploads\/2025\/03\/all1.webp 904w, https:\/\/alfakher24h.de\/wp-content\/uploads\/2025\/03\/all1-212x300.webp 212w, https:\/\/alfakher24h.de\/wp-content\/uploads\/2025\/03\/all1-723x1024.webp 723w, https:\/\/alfakher24h.de\/wp-content\/uploads\/2025\/03\/all1-768x1087.webp 768w, https:\/\/alfakher24h.de\/wp-content\/uploads\/2025\/03\/all1-8x12.webp 8w, https:\/\/alfakher24h.de\/wp-content\/uploads\/2025\/03\/all1-600x850.webp 600w\" alt=\"Arymi IFun 28000 Z\u00fcge Einweg E Zigarette - Blueberry Raspberry - Mojito  devient Arymi IFun 28000 tirages cigarette \u00e9lectronique jetable - Blueberry Raspberry - Mojito\" width=\"904\" height=\"1280\" \/><\/h2>\n<hr data-start=\"4635\" data-end=\"4638\" \/>\n<h3 data-start=\"4489\" data-end=\"4563\">Pourquoi devriez-vous acheter la cigarette \u00e9lectronique jetable Arymi IFun 28000 ?<\/h3>\n<p data-start=\"4565\" data-end=\"4866\">La\u00a0<strong data-start=\"4569\" data-end=\"4613\">Arymi IFun 28000 Z\u00fcge Einweg E-Zigarette \n\n becomes \n\nArymi IFun 28000 tirages cigarette \u00e9lectronique jetable<\/strong>\u00a0offre non seulement\u00a0<strong data-start=\"4631\" data-end=\"4646\">28 000 trains<\/strong>\u00a0et\u00a0<strong data-start=\"4651\" data-end=\"4669\">30 ml E-Liquid<\/strong>mais \u00e9galement une multitude d'autres avantages qui en font le choix id\u00e9al pour les amateurs de vapotage. Voici quelques raisons pour lesquelles vous devriez acheter ce produit sur alfakher24h.de :<\/p>\n<ol data-start=\"4868\" data-end=\"5841\">\n<li data-start=\"4868\" data-end=\"5060\"><strong data-start=\"4871\" data-end=\"4894\">Longue dur\u00e9e d'utilisation<\/strong>: Jusqu'\u00e0\u00a0<strong data-start=\"4907\" data-end=\"4923\">28 000 trains<\/strong>\u00a0Vous n'avez pas \u00e0 vous soucier de votre appareil qui se vide trop vite. C'est ce qui rend l'IFun 28000 particuli\u00e8rement attrayant pour les gros vapoteurs.<\/li>\n<li data-start=\"5061\" data-end=\"5258\"><strong data-start=\"5064\" data-end=\"5087\">Manipulation facile<\/strong>Le dispositif est\u00a0<strong data-start=\"5103\" data-end=\"5131\">non seulement puissant<\/strong>mais \u00e9galement convivial. Il est id\u00e9al pour tous ceux qui recherchent une exp\u00e9rience de vapotage simple, pratique et sans tracas.<\/li>\n<li data-start=\"5259\" data-end=\"5479\"><strong data-start=\"5262\" data-end=\"5284\">Ar\u00f4mes de haute qualit\u00e9<\/strong>: Avec des ar\u00f4mes exquis tels que\u00a0<strong data-start=\"5316\" data-end=\"5339\">Myrtilles Framboises<\/strong>\u00a0et\u00a0<strong data-start=\"5344\" data-end=\"5354\">Mojito<\/strong>\u00a0Vivez une exp\u00e9rience gustative intense et d\u00e9licieuse qui rafra\u00eechit vos sens et procure un plaisir durable.<\/li>\n<li data-start=\"5480\" data-end=\"5677\"><strong data-start=\"5483\" data-end=\"5508\">Technologie la plus moderne<\/strong>: Avec la\u00a0<strong data-start=\"5518\" data-end=\"5531\">Mesh Coil<\/strong>\u00a0et le\u00a0<strong data-start=\"5540\" data-end=\"5576\">contr\u00f4le de d\u00e9bit d'air r\u00e9glable<\/strong>\u00a0offre cet appareil une performance de premier ordre que vous ne trouverez dans aucun autre vape jetable.<\/li>\n<li data-start=\"5678\" data-end=\"5841\"><strong data-start=\"5681\" data-end=\"5706\">Parfait pour \u00eatre emport\u00e9 partout<\/strong>: La taille compacte et la possibilit\u00e9 de charger confortablement l'appareil en font le compagnon id\u00e9al pour la vie quotidienne, les voyages et plus encore.<\/li>\n<\/ol>\n<hr data-start=\"5843\" data-end=\"5846\" \/>\n<h3 data-start=\"5848\" data-end=\"5882\">Foire aux questions (FAQ)<\/h3>\n<p data-start=\"5884\" data-end=\"6066\"><strong data-start=\"5884\" data-end=\"5952\">1. L'Arymi IFun 28000 est-elle une cigarette \u00e9lectronique jetable avec nicotine ?<\/strong>\u00a0Oui, les\u00a0<strong data-start=\"5961\" data-end=\"5981\">Arymi IFun 28000<\/strong>\u00a0contient\u00a0<strong data-start=\"5990\" data-end=\"6005\">2 % Nicotine<\/strong>id\u00e9al pour les vapoteurs qui recherchent un apport en nicotine l\u00e9ger.<\/p>\n<p data-start=\"6068\" data-end=\"6327\"><strong data-start=\"6068\" data-end=\"6120\">2. Quelle est la dur\u00e9e de vie de la batterie de l'Arymi IFun 28000 ?<\/strong>\u00a0La batterie de\u00a0<strong data-start=\"6134\" data-end=\"6154\">Arymi IFun 28000<\/strong>\u00a0est avec une\u00a0<strong data-start=\"6169\" data-end=\"6196\">Batterie au cobalt de 600 mAh<\/strong>\u00a0\u00e9quip\u00e9s, qui peuvent accueillir jusqu'\u00e0\u00a0<strong data-start=\"6226\" data-end=\"6241\">28 000 trains<\/strong>\u00a0ausreicht. Das Ger\u00e4t kann bei Bedarf \u00fcber den\u00a0<strong data-start=\"6288\" data-end=\"6308\">Connecteur de type C<\/strong>\u00a0\u00eatre charg\u00e9s.<\/p>\n<p data-start=\"6329\" data-end=\"6503\"><strong data-start=\"6329\" data-end=\"6372\">Quelle est la capacit\u00e9 de l'e-liquide ?<\/strong>\u00a0La\u00a0<strong data-start=\"6377\" data-end=\"6399\">Capacit\u00e9 de liquide \u00e9lectronique<\/strong>\u00a0des Ger\u00e4ts betr\u00e4gt -&gt; du dispositif est de\u00a0<strong data-start=\"6419\" data-end=\"6428\">28 ml<\/strong>qui permet une utilisation prolong\u00e9e sans avoir besoin de le recharger fr\u00e9quemment.<\/p>\n<p data-start=\"6505\" data-end=\"6660\"><strong data-start=\"6505\" data-end=\"6544\">4. Comment puis-je charger l'appareil ?<\/strong>\u00a0Le dispositif est \u00e9quip\u00e9 d'un\u00a0<strong data-start=\"6569\" data-end=\"6593\">Connecteur de charge Type-C<\/strong>\u00a0\u00e9quip\u00e9, ce qui permet une charge rapide et facile.<\/p>\n<p data-start=\"6662\" data-end=\"6865\"><strong data-start=\"6662\" data-end=\"6699\">Quelles saveurs sont disponibles ?<\/strong>\u00a0Actuellement, propose la\u00a0<strong data-start=\"6719\" data-end=\"6739\">Arymi IFun 28000<\/strong>\u00a0deux saveurs populaires :\u00a0<strong data-start=\"6762\" data-end=\"6785\">Myrtilles Framboises<\/strong>\u00a0et\u00a0<strong data-start=\"6790\" data-end=\"6800\">Mojito<\/strong>D'autres saveurs pourraient \u00eatre disponibles \u00e0 l'avenir.<\/p>\n<hr data-start=\"6867\" data-end=\"6870\" \/>\n<h3 data-start=\"6872\" data-end=\"6881\">Conclusion<\/h3>\n<p data-start=\"6883\" data-end=\"7489\">La\u00a0<strong data-start=\"6887\" data-end=\"6931\"><a href=\"https:\/\/alfakher24h.de\/fr\/\">Arymi<\/a> IFun 28000 Z\u00fcge Einweg E-Zigarette \n devient \n\nIFun 28000 tirages cigarette \u00e9lectronique jetable<\/strong>\u00a0est un appareil puissant, polyvalent et facile \u00e0 utiliser qui ravira autant les nouveaux que les vapoteurs exp\u00e9riment\u00e9s. Avec une\u00a0<strong data-start=\"7068\" data-end=\"7100\">Capacit\u00e9 de e-liquide de 28 ml<\/strong>,\u00a0<strong data-start=\"7102\" data-end=\"7118\">28 000 trains<\/strong>,\u00a0<strong data-start=\"7120\" data-end=\"7146\">bobine de maillage de haute qualit\u00e9<\/strong>\u00a0et\u00a0<strong data-start=\"7151\" data-end=\"7178\">d\u00e9bit d'air r\u00e9glable<\/strong>\u00a0offre cet appareil tout ce dont vous avez besoin pour une exp\u00e9rience de vapotage intense et agr\u00e9able. D\u00e9couvrez l'exp\u00e9rience de vapotage ultime et achetez le\u00a0<strong data-start=\"7339\" data-end=\"7383\">Arymi IFun 28000 Z\u00fcge Einweg E-Zigarette \n\n becomes \n\nArymi IFun 28000 tirages cigarette \u00e9lectronique jetable<\/strong>\u00a0encore aujourd'hui sur alfakher24h.de, votre plus grand magasin en ligne pour\u00a0<strong data-start=\"7450\" data-end=\"7488\">E-Zigarettes jetables en Allemagne<\/strong>.<\/p>","protected":false},"excerpt":{"rendered":"<p><strong data-start=\"6887\" data-end=\"6931\">Arymi IFun 28000 Z\u00fcge Einweg E-Zigarette \n\n becomes \n\nArymi IFun 28000 tirages cigarette \u00e9lectronique jetable<\/strong>\u00a0est un appareil puissant, polyvalent et facile \u00e0 utiliser qui ravira autant les nouveaux que les vapoteurs exp\u00e9riment\u00e9s. Avec une\u00a0<strong data-start=\"7068\" data-end=\"7100\">Capacit\u00e9 de e-liquide de 28 ml<\/strong>,\u00a0<strong data-start=\"7102\" data-end=\"7118\">28 000 trains<\/strong>,\u00a0<strong data-start=\"7120\" data-end=\"7146\">bobine de maillage de haute qualit\u00e9<\/strong>\u00a0et\u00a0<strong data-start=\"7151\" data-end=\"7178\">d\u00e9bit d'air r\u00e9glable<\/strong>\u00a0offre cet appareil tout ce dont vous avez besoin pour une exp\u00e9rience de vapotage intense et agr\u00e9able. D\u00e9couvrez l'exp\u00e9rience de vapotage ultime et achetez le\u00a0<strong data-start=\"7339\" data-end=\"7383\">Arymi IFun 28000 Z\u00fcge Einweg E-Zigarette \n\n becomes \n\nArymi IFun 28000 tirages cigarette \u00e9lectronique jetable<\/strong><\/p>","protected":false},"featured_media":1763,"comment_status":"open","ping_status":"closed","template":"","meta":{"om_disable_all_campaigns":false},"product_brand":[],"product_cat":[45],"product_tag":[],"class_list":{"0":"post-1762","1":"product","2":"type-product","3":"status-publish","4":"has-post-thumbnail","6":"product_cat-arymi-ifun-28000","8":"first","9":"outofstock","10":"shipping-taxable","11":"purchasable","12":"product-type-simple"},"_links":{"self":[{"href":"https:\/\/alfakher24h.de\/fr\/wp-json\/wp\/v2\/product\/1762","targetHints":{"allow":["GET"]}}],"collection":[{"href":"https:\/\/alfakher24h.de\/fr\/wp-json\/wp\/v2\/product"}],"about":[{"href":"https:\/\/alfakher24h.de\/fr\/wp-json\/wp\/v2\/types\/product"}],"replies":[{"embeddable":true,"href":"https:\/\/alfakher24h.de\/fr\/wp-json\/wp\/v2\/comments?post=1762"}],"wp:featuredmedia":[{"embeddable":true,"href":"https:\/\/alfakher24h.de\/fr\/wp-json\/wp\/v2\/media\/1763"}],"wp:attachment":[{"href":"https:\/\/alfakher24h.de\/fr\/wp-json\/wp\/v2\/media?parent=1762"}],"wp:term":[{"taxonomy":"product_brand","embeddable":true,"href":"https:\/\/alfakher24h.de\/fr\/wp-json\/wp\/v2\/product_brand?post=1762"},{"taxonomy":"product_cat","embeddable":true,"href":"https:\/\/alfakher24h.de\/fr\/wp-json\/wp\/v2\/product_cat?post=1762"},{"taxonomy":"product_tag","embeddable":true,"href":"https:\/\/alfakher24h.de\/fr\/wp-json\/wp\/v2\/product_tag?post=1762"}],"curies":[{"name":"wp","href":"https:\/\/api.w.org\/{rel}","templated":true}]}}