{"id":1760,"date":"2025-03-11T05:34:06","date_gmt":"2025-03-11T05:34:06","guid":{"rendered":"https:\/\/alfakher24h.de\/?post_type=product&#038;p=1760"},"modified":"2025-07-12T13:27:56","modified_gmt":"2025-07-12T13:27:56","slug":"httperror-response-code-429-too-many-requests-24","status":"publish","type":"product","link":"https:\/\/alfakher24h.de\/fr\/produit\/httperror-response-code-429-too-many-requests-24\/","title":{"rendered":"Arymi IFun 28000 Z\u00fcge Einweg E Zigarette \u2013 Double apple \u2013 blueberry cherry cranbarry \n\n devient \n\nArymi IFun 28000 tirages cigarette \u00e9lectronique jetable - Double pomme - myrtille cerise canneberge"},"content":{"rendered":"<h2 data-start=\"493\" data-end=\"598\"><strong data-start=\"497\" data-end=\"598\">Arymi IFun 28000 Z\u00fcge Einweg E-Zigarette : Le choix ultime pour les amateurs de vapotage en Allemagne<\/strong><\/h2>\n<div style=\"width: 848px;\" class=\"wp-video\"><video class=\"wp-video-shortcode\" id=\"video-1760-1\" width=\"848\" height=\"478\" preload=\"metadata\" controls=\"controls\"><source type=\"video\/mp4\" src=\"https:\/\/alfakher24h.de\/wp-content\/uploads\/2025\/03\/VID-20241031-WA0010.mp4?_=1\" \/><a href=\"https:\/\/alfakher24h.de\/wp-content\/uploads\/2025\/03\/VID-20241031-WA0010.mp4\">https:\/\/alfakher24h.de\/wp-content\/uploads\/2025\/03\/VID-20241031-WA0010.mp4<\/a><\/video><\/div>\n<p data-start=\"600\" data-end=\"1130\">La\u00a0<strong data-start=\"604\" data-end=\"648\">Arymi IFun 28000 Z\u00fcge Einweg E-Zigarette \n\n becomes \n\nArymi IFun 28000 tirages cigarette \u00e9lectronique jetable<\/strong>\u00a0constitue une v\u00e9ritable r\u00e9volution dans le domaine des vapes jetables et \u00e9tablit de nouvelles normes pour la qualit\u00e9, le go\u00fbt et l'exp\u00e9rience utilisateur. Avec un nombre impressionnant de 28 000 bouff\u00e9es et un design convivial, cette cigarette \u00e9lectronique est le choix id\u00e9al pour les vapoteurs \u00e0 la recherche d'une longue dur\u00e9e de vie et d'un go\u00fbt exceptionnel. Vous trouverez ici non seulement des performances \u00e9lev\u00e9es, mais \u00e9galement une vari\u00e9t\u00e9 de saveurs qui rendent chaque moment de vapotage unique.<\/p>\n<h4 data-start=\"1132\" data-end=\"1160\"><strong data-start=\"1137\" data-end=\"1160\">Description du produit<\/strong><\/h4>\n<p data-start=\"1162\" data-end=\"1744\">La\u00a0<strong data-start=\"1166\" data-end=\"1210\">Arymi IFun 28000 Z\u00fcge Einweg E-Zigarette \n\n becomes \n\nArymi IFun 28000 tirages cigarette \u00e9lectronique jetable<\/strong>\u00a0a \u00e9t\u00e9 d\u00e9velopp\u00e9 dans le but d'offrir une exp\u00e9rience de vape in\u00e9gal\u00e9e. Avec un g\u00e9n\u00e9reux\u00a0<strong data-start=\"1311\" data-end=\"1334\">Capacit\u00e9 de 28 ml<\/strong>\u00a0E-liquide et un\u00a0<strong data-start=\"1354\" data-end=\"1378\">Nikotingehalt von 21 TP 3T \n Contenu en nicotine de 21 TP 3T<\/strong>\u00a0est parfaitement adapt\u00e9e \u00e0 ceux qui veulent profiter \u00e0 la fois du go\u00fbt et de la nicotine. La\u00a0<strong data-start=\"1480\" data-end=\"1512\">600 mAh batterie pure cobalt<\/strong>\u00a0permet de savourer chaque bouff\u00e9e jusqu'\u00e0 la derni\u00e8re. Gr\u00e2ce \u00e0 la\u00a0<strong data-start=\"1592\" data-end=\"1640\">Technologie de bobine en maille (1,0 \u03a9 Double bobine en maille)<\/strong>\u00a0Le go\u00fbt devient intense et cors\u00e9, ce qui conduit \u00e0 une exp\u00e9rience de vapotage particuli\u00e8rement savoureuse.<\/p>\n<p data-start=\"1746\" data-end=\"2170\">Un trait remarquable de cette e-cigarette est le\u00a0<strong data-start=\"1800\" data-end=\"1826\">d\u00e9bit d'air r\u00e9glable<\/strong>, qui permet \u00e0 l'utilisateur d'adapter l'exp\u00e9rience de vapeur selon ses pr\u00e9f\u00e9rences personnelles. Que vous pr\u00e9f\u00e9riez une bouff\u00e9e douce ou une saveur intense et puissante, l'IFun 28000 peut offrir les deux. De plus, le\u00a0<strong data-start=\"2057\" data-end=\"2093\">Indicateur de batterie et de liquide \u00e9lectronique<\/strong>\u00a0pour que vous sachiez toujours quand il est temps d'acheter le prochain Vape.<\/p>\n<p data-start=\"2172\" data-end=\"2428\">Gr\u00e2ce au design pratique et compact de la\u00a0<strong data-start=\"2219\" data-end=\"2239\">Arymi IFun 28000<\/strong>\u00a0Vous pouvez emporter cette cigarette \u00e9lectronique partout. Elle est non seulement facile \u00e0 utiliser, mais \u00e9galement extr\u00eamement fiable - id\u00e9ale pour \u00eatre emport\u00e9e en d\u00e9placement, en voyage ou pour se d\u00e9tendre \u00e0 la maison.<\/p>\n<h3 data-start=\"2430\" data-end=\"2500\"><strong data-start=\"2434\" data-end=\"2500\">Caract\u00e9ristiques importantes des cigarettes \u00e9lectroniques jetables Arymi IFun 28000<\/strong><\/h3>\n<ul data-start=\"2502\" data-end=\"3487\">\n<li data-start=\"2502\" data-end=\"2679\"><strong data-start=\"2504\" data-end=\"2550\">Un nombre \u00e9tonnant de trains (28 000 trains)<\/strong>: Avec l'un des plus grands nombres de puffs sur le march\u00e9, vous obtenez plus que suffisamment de tirs avant qu'une nouvelle e-cigarette ne soit n\u00e9cessaire.<\/li>\n<li data-start=\"2680\" data-end=\"2835\"><strong data-start=\"2682\" data-end=\"2714\">Capacit\u00e9 de e-liquide de 28 ml<\/strong>Une capacit\u00e9 de liquide g\u00e9n\u00e9reuse qui assure une longue dur\u00e9e de plaisir sans avoir besoin de recharger constamment.<\/li>\n<li data-start=\"2836\" data-end=\"2953\"><strong data-start=\"2838\" data-end=\"2862\">21 %<\/strong>: Id\u00e9al pour ceux qui souhaitent un niveau mod\u00e9r\u00e9 de nicotine sans surdoser.<\/li>\n<li data-start=\"2954\" data-end=\"3091\"><strong data-start=\"2956\" data-end=\"2993\">Technologie de bobine de maillage de haute qualit\u00e9<\/strong>: La bobine Dual Mesh de 1,0 \u03a9 assure une vaporisation uniforme et une saveur intense.<\/li>\n<li data-start=\"3092\" data-end=\"3204\"><strong data-start=\"3094\" data-end=\"3121\">D\u00e9bit d'air r\u00e9glable<\/strong>: Adaptez votre exp\u00e9rience de vapeur, de douce \u00e0 forte, selon vos envies.<\/li>\n<li data-start=\"3205\" data-end=\"3326\"><strong data-start=\"3207\" data-end=\"3248\">Indicateurs pour E-Liquid et batterie<\/strong>: Gardez toujours une vue d'ensemble du niveau de remplissage et de l'\u00e9tat de charge.<\/li>\n<li data-start=\"3327\" data-end=\"3487\"><strong data-start=\"3329\" data-end=\"3352\">Mobile et pratique<\/strong>Avec un poids de seulement 120 g par pi\u00e8ce et un design pratique, l'IFun 28000 est le choix id\u00e9al pour une utilisation quotidienne.<\/li>\n<\/ul>\n<h3 data-start=\"3489\" data-end=\"3548\"><strong data-start=\"3493\" data-end=\"3548\">Les saveurs de cigarette \u00e9lectronique jetable Arymi IFun 28000 trains<\/strong><\/h3>\n<p data-start=\"3550\" data-end=\"3815\">Les cigarettes \u00e9lectroniques jetables Arymi IFun 28000 sont disponibles dans une large gamme de saveurs exquises, sp\u00e9cialement con\u00e7ues pour ravir vos papilles. Nous vous pr\u00e9sentons ici les saveurs les plus populaires qui sont dans le\u00a0<strong data-start=\"3766\" data-end=\"3786\">Arymi IFun 28000<\/strong>\u00a0Les e-cigarettes sont disponibles :<\/p>\n<h4 data-start=\"3817\" data-end=\"3841\"><strong data-start=\"3822\" data-end=\"3841\">Double Pomme<\/strong><\/h4>\n<p data-start=\"3842\" data-end=\"4394\">Le go\u00fbt de\u00a0<strong data-start=\"3860\" data-end=\"3876\">Double Pomme<\/strong>\u00a0est une v\u00e9ritable explosion de saveur pour tous les amateurs de pomme. Avec un m\u00e9lange de notes de pomme sucr\u00e9es et l\u00e9g\u00e8rement acidul\u00e9es, parfaitement \u00e9quilibr\u00e9es, cette saveur offre une exp\u00e9rience fra\u00eeche et croquante qui reste rafra\u00eechissante toute la journ\u00e9e. Le rapport \u00e9quilibr\u00e9 entre la douceur et la fra\u00eecheur fait de cette fragrance un compagnon id\u00e9al pour votre voyage de vapotage. La saveur l\u00e9g\u00e8rement fruit\u00e9e vous fait r\u00eaver de r\u00e9coltes de pommes juteuses et apporte une fra\u00eecheur naturelle \u00e0 chaque bouff\u00e9e.<\/p>\n<h4 data-start=\"4396\" data-end=\"4417\"><strong data-start=\"4401\" data-end=\"4417\">2. Myrtille<\/strong><\/h4>\n<p data-start=\"4418\" data-end=\"4974\">Le\u00a0<strong data-start=\"4422\" data-end=\"4435\">Myrtilles<\/strong>-Aroma offre une saveur d\u00e9licieuse et intense de bleuets m\u00fbrs et frais. Chaque bouff\u00e9e d\u00e9voile une note sucr\u00e9e et l\u00e9g\u00e8rement acidul\u00e9e qui rafra\u00eechit les sens tout en offrant une douceur agr\u00e9able. Les bleuets se transforment en une exp\u00e9rience aromatique qui \u00e9voque un conte de l'\u00e9t\u00e9 - parfait pour tous ceux qui veulent savourer pleinement le go\u00fbt fruit\u00e9. \u00c0 chaque inhalation, vous sentez le go\u00fbt frais des baies se d\u00e9ployer dans votre bouche et procure une exp\u00e9rience de vapotage satisfaisante.<\/p>\n<h4 data-start=\"4976\" data-end=\"4994\"><strong data-start=\"4981\" data-end=\"4994\">3. Cherry -&gt; 3. Cherry \n No, wait \n3. Cerise<\/strong><\/h4>\n<p data-start=\"4995\" data-end=\"5406\"><strong data-start=\"4995\" data-end=\"5005\">Cherry<\/strong>\u00a0ou la cerise est une autre saveur populaire qui capture parfaitement le go\u00fbt sucr\u00e9 et l\u00e9g\u00e8rement amer de la cerise. C'est l'incarnation de la fruit\u00e9it\u00e9 et procure une saveur harmonieuse et agr\u00e9able qui ravit le palais. Que ce soit en combinaison avec d'autres fruits ou comme saveur solo, la\u00a0<strong data-start=\"5328\" data-end=\"5338\">Cherry<\/strong>-Option assure toujours une exp\u00e9rience de vapotage rafra\u00eechissante et sucr\u00e9e.<\/p>\n<h4 data-start=\"5408\" data-end=\"5429\"><strong data-start=\"5413\" data-end=\"5429\">Cranberry<\/strong><\/h4>\n<p data-start=\"5430\" data-end=\"5940\">La\u00a0<strong data-start=\"5434\" data-end=\"5447\">Cranberry -&gt; Canneberge<\/strong>Cette saveur apporte une acidit\u00e9 rafra\u00eechissante qui se d\u00e9marque agr\u00e9ablement des ar\u00f4mes de fruits plus sucr\u00e9s. Le go\u00fbt amer de la canneberge est \u00e9quilibr\u00e9 par une l\u00e9g\u00e8re douceur, ce qui conduit \u00e0 une exp\u00e9rience de vapotage \u00e9quilibr\u00e9e et fra\u00eeche. Cette saveur est parfaite pour ceux qui recherchent un go\u00fbt fruit\u00e9 \u00e0 la fois rafra\u00eechissant et un peu plus original. La saveur fra\u00eeche et l\u00e9g\u00e8rement am\u00e8re procure une agr\u00e9able variation et est id\u00e9ale pour une consommation quotidienne.<\/p>\n<h2 data-start=\"0\" data-end=\"91\"><img loading=\"lazy\" decoding=\"async\" class=\"alignnone wp-image-2302 size-full\" title=\"Arymi IFun 28000 Z\u00fcge Einweg E Zigarette - Double pomme - myrtille cerise canneberge 2\" src=\"https:\/\/alfakher24h.de\/wp-content\/uploads\/2025\/03\/all1.webp\" sizes=\"auto, (max-width: 904px) 100vw, 904px\" srcset=\"https:\/\/alfakher24h.de\/wp-content\/uploads\/2025\/03\/all1.webp 904w, https:\/\/alfakher24h.de\/wp-content\/uploads\/2025\/03\/all1-212x300.webp 212w, https:\/\/alfakher24h.de\/wp-content\/uploads\/2025\/03\/all1-723x1024.webp 723w, https:\/\/alfakher24h.de\/wp-content\/uploads\/2025\/03\/all1-768x1087.webp 768w, https:\/\/alfakher24h.de\/wp-content\/uploads\/2025\/03\/all1-8x12.webp 8w, https:\/\/alfakher24h.de\/wp-content\/uploads\/2025\/03\/all1-600x850.webp 600w\" alt=\"Arymi IFun 28000 Z\u00fcge Einweg E Zigarette - Double pomme - myrtille cerise canneberge\" width=\"904\" height=\"1280\" \/><\/h2>\n<hr data-start=\"4635\" data-end=\"4638\" \/>\n<h3 data-start=\"5942\" data-end=\"6019\"><strong data-start=\"5946\" data-end=\"6019\">Pourquoi vous devriez acheter la cigarette \u00e9lectronique jetable Arymi IFun 28000 tirages<\/strong><\/h3>\n<p data-start=\"6021\" data-end=\"6541\">La\u00a0<strong data-start=\"6025\" data-end=\"6069\">Arymi IFun 28000 Z\u00fcge Einweg E-Zigarette \n\n becomes \n\nArymi IFun 28000 tirages cigarette \u00e9lectronique jetable<\/strong>\u00a0est le choix parfait pour tous ceux qui recherchent une exp\u00e9rience de vapotage longue dur\u00e9e et savoureuse. Avec un grand nombre de bouff\u00e9es, une grande capacit\u00e9 de e-liquide et une batterie puissante, cette e-cigarette permet une utilisation prolong\u00e9e sans rechargement fr\u00e9quent ou remplissage. Le d\u00e9bit d'air r\u00e9glable vous permet d'adapter l'exp\u00e9rience de vapotage \u00e0 vos pr\u00e9f\u00e9rences individuelles, tandis que les diff\u00e9rentes saveurs r\u00e9pondent \u00e0 tous les go\u00fbts.<\/p>\n<p data-start=\"6543\" data-end=\"7035\">Si vous cherchez en Allemagne une cigarette \u00e9lectronique jetable de haute qualit\u00e9 et durable qui vous offre une exp\u00e9rience gustative incomparable, c'est la\u00a0<strong data-start=\"6698\" data-end=\"6742\">Arymi IFun 28000 Z\u00fcge Einweg E-Zigarette \n\n becomes \n\nArymi IFun 28000 tirages cigarette \u00e9lectronique jetable<\/strong>\u00a0Le choix id\u00e9al.\u00a0<strong data-start=\"6760\" data-end=\"6833\">Achetez votre cigarette \u00e9lectronique jetable directement chez nous sur alfakher24h.de<\/strong>, la plus grande plate-forme de vente de vapes jetables en Allemagne. Nous vous offrons non seulement les meilleurs prix, mais \u00e9galement une vari\u00e9t\u00e9 de saveurs et des produits de premi\u00e8re qualit\u00e9 pour r\u00e9pondre \u00e0 vos besoins.<\/p>\n<h3 data-start=\"7037\" data-end=\"7094\"><strong data-start=\"7041\" data-end=\"7094\">Foire aux questions sur la cigarette \u00e9lectronique jetable Arymi IFun 28000 tirages<\/strong><\/h3>\n<p data-start=\"7096\" data-end=\"7282\"><strong data-start=\"7096\" data-end=\"7158\">1. Combien de trains la cigarette \u00e9lectronique Arymi IFun 28000 propose-t-elle ?<\/strong><br data-start=\"7158\" data-end=\"7161\" \/>Les Arymi IFun offrent jusqu'\u00e0\u00a0<strong data-start=\"7190\" data-end=\"7205\">28 000 trains<\/strong>, ce qui en fait l'une des cigarettes \u00e9lectroniques jetables les plus durables du march\u00e9.<\/p>\n<p data-start=\"7284\" data-end=\"7461\"><strong data-start=\"7284\" data-end=\"7345\">Quel est le taux de nicotine contenu dans l'IFun 28000 ?<\/strong><br data-start=\"7345\" data-end=\"7348\" \/>La\u00a0<strong data-start=\"7352\" data-end=\"7372\">Arymi IFun 28000<\/strong>\u00a0contient\u00a0<strong data-start=\"7381\" data-end=\"7395\">2% Nicotine<\/strong>id\u00e9al pour ceux qui pr\u00e9f\u00e8rent une dose de nicotine mod\u00e9r\u00e9e.<\/p>\n<p data-start=\"7463\" data-end=\"7706\"><strong data-start=\"7463\" data-end=\"7536\">Quelles saveurs sont disponibles dans la cigarette \u00e9lectronique Arymi IFun 28000 ?<\/strong><br data-start=\"7536\" data-end=\"7539\" \/>Parmi les ar\u00f4mes les plus populaires figurent\u00a0<strong data-start=\"7574\" data-end=\"7590\">Double Pomme<\/strong>,\u00a0<strong data-start=\"7592\" data-end=\"7605\">Myrtilles<\/strong>,\u00a0<strong data-start=\"7607\" data-end=\"7617\">Cherry<\/strong>\u00a0et\u00a0<strong data-start=\"7622\" data-end=\"7635\">Cranberry -&gt; Canneberge<\/strong>Chaque ar\u00f4me procure une exp\u00e9rience de vape unique et intense.<\/p>\n<p data-start=\"7708\" data-end=\"7915\"><strong data-start=\"7708\" data-end=\"7760\">Quelle est la dur\u00e9e de vie de la batterie de l'Arymi IFun 28000 ?<\/strong><br data-start=\"7760\" data-end=\"7763\" \/>La\u00a0<strong data-start=\"7767\" data-end=\"7787\">Arymi IFun 28000<\/strong>\u00a0dispose d'une longue dur\u00e9e de vie\u00a0<strong data-start=\"7817\" data-end=\"7837\">Batterie 600 mAh<\/strong>qui assure une multitude de tirages avant qu'une recharge ne soit n\u00e9cessaire.<\/p>\n<p data-start=\"7917\" data-end=\"8097\"><strong data-start=\"7917\" data-end=\"7965\">5. L'Arymi IFun 28000 est-il rechargeable ?<\/strong><br data-start=\"7965\" data-end=\"7968\" \/>Oui, les\u00a0<strong data-start=\"7976\" data-end=\"7996\">Arymi IFun 28000<\/strong>\u00a0est avec un\u00a0<strong data-start=\"8011\" data-end=\"8035\">Connecteur de charge Type-C<\/strong>\u00a0\u00e9quip\u00e9, afin que vous puissiez recharger la batterie en cas de besoin.<\/p>\n<hr data-start=\"8099\" data-end=\"8102\" \/>\n<p data-start=\"8104\" data-end=\"8277\" data-is-last-node=\"\">Pour plus d'informations et pour\u00a0<strong data-start=\"8135\" data-end=\"8150\">Acheter un vaporisateur<\/strong>, visitez notre site web<a href=\"https:\/\/alfakher24h.de\/fr\/\"> alfakher24h.de<\/a>Votre premier choix pour les vapes jetables en Allemagne !<\/p>","protected":false},"excerpt":{"rendered":"<p><strong data-start=\"6025\" data-end=\"6069\">Arymi IFun 28000 Z\u00fcge Einweg E-Zigarette \n\n becomes \n\nArymi IFun 28000 tirages cigarette \u00e9lectronique jetable<\/strong>\u00a0est le choix parfait pour tous ceux qui recherchent une exp\u00e9rience de vapotage longue dur\u00e9e et savoureuse. Avec un grand nombre de bouff\u00e9es, une grande capacit\u00e9 de e-liquide et une batterie puissante, cette e-cigarette permet une utilisation prolong\u00e9e sans rechargement fr\u00e9quent ou remplissage. Le d\u00e9bit d'air r\u00e9glable vous permet d'adapter l'exp\u00e9rience de vapotage \u00e0 vos pr\u00e9f\u00e9rences individuelles, tandis que les diff\u00e9rentes saveurs r\u00e9pondent \u00e0 tous les go\u00fbts.<\/p>","protected":false},"featured_media":1761,"comment_status":"open","ping_status":"closed","template":"","meta":{"om_disable_all_campaigns":false},"product_brand":[],"product_cat":[45],"product_tag":[],"class_list":{"0":"post-1760","1":"product","2":"type-product","3":"status-publish","4":"has-post-thumbnail","6":"product_cat-arymi-ifun-28000","8":"first","9":"outofstock","10":"shipping-taxable","11":"purchasable","12":"product-type-simple"},"_links":{"self":[{"href":"https:\/\/alfakher24h.de\/fr\/wp-json\/wp\/v2\/product\/1760","targetHints":{"allow":["GET"]}}],"collection":[{"href":"https:\/\/alfakher24h.de\/fr\/wp-json\/wp\/v2\/product"}],"about":[{"href":"https:\/\/alfakher24h.de\/fr\/wp-json\/wp\/v2\/types\/product"}],"replies":[{"embeddable":true,"href":"https:\/\/alfakher24h.de\/fr\/wp-json\/wp\/v2\/comments?post=1760"}],"wp:featuredmedia":[{"embeddable":true,"href":"https:\/\/alfakher24h.de\/fr\/wp-json\/wp\/v2\/media\/1761"}],"wp:attachment":[{"href":"https:\/\/alfakher24h.de\/fr\/wp-json\/wp\/v2\/media?parent=1760"}],"wp:term":[{"taxonomy":"product_brand","embeddable":true,"href":"https:\/\/alfakher24h.de\/fr\/wp-json\/wp\/v2\/product_brand?post=1760"},{"taxonomy":"product_cat","embeddable":true,"href":"https:\/\/alfakher24h.de\/fr\/wp-json\/wp\/v2\/product_cat?post=1760"},{"taxonomy":"product_tag","embeddable":true,"href":"https:\/\/alfakher24h.de\/fr\/wp-json\/wp\/v2\/product_tag?post=1760"}],"curies":[{"name":"wp","href":"https:\/\/api.w.org\/{rel}","templated":true}]}}