{"id":1758,"date":"2025-03-11T05:16:32","date_gmt":"2025-03-11T05:16:32","guid":{"rendered":"https:\/\/alfakher24h.de\/?post_type=product&#038;p=1758"},"modified":"2025-07-12T13:27:56","modified_gmt":"2025-07-12T13:27:56","slug":"httperror-response-code-429-too-many-requests-33","status":"publish","type":"product","link":"https:\/\/alfakher24h.de\/fr\/produit\/httperror-response-code-429-too-many-requests-33\/","title":{"rendered":"Arymi IFun 28000 Z\u00fcge Einweg E Zigarette \u2013 Red apple \u2013 vimto Crush \n\nbecomes \n\nArymi IFun 28000 tirages cigarette \u00e9lectronique jetable - Pomme rouge - vimto Crush"},"content":{"rendered":"<h2 data-start=\"0\" data-end=\"95\"><strong data-start=\"0\" data-end=\"95\"><a href=\"https:\/\/alfakher24h.de\/fr\/?post_type=product&amp;p=1758&amp;preview=true\">Arymi IFun 28000 Z\u00fcge Einweg E-Zigarette \n\n becomes \n\nArymi IFun 28000 tirages jetable E-cigarette<\/a> Le plaisir ultime pour les vapoteurs exigeants<\/strong><\/h2>\n<div style=\"width: 848px;\" class=\"wp-video\"><video class=\"wp-video-shortcode\" id=\"video-1758-1\" width=\"848\" height=\"478\" preload=\"metadata\" controls=\"controls\"><source type=\"video\/mp4\" src=\"https:\/\/alfakher24h.de\/wp-content\/uploads\/2025\/03\/VID-20241031-WA0010.mp4?_=1\" \/><a href=\"https:\/\/alfakher24h.de\/wp-content\/uploads\/2025\/03\/VID-20241031-WA0010.mp4\">https:\/\/alfakher24h.de\/wp-content\/uploads\/2025\/03\/VID-20241031-WA0010.mp4<\/a><\/video><\/div>\n<p data-start=\"97\" data-end=\"762\">La\u00a0<strong data-start=\"101\" data-end=\"145\">Arymi IFun 28000 Z\u00fcge Einweg E Zigarette \n\n becomes \n\nArymi IFun 28000 tirages cigarette \u00e9lectronique jetable<\/strong>\u00a0repr\u00e9sente un pas de g\u00e9ant dans le domaine des\u00a0<strong data-start=\"197\" data-end=\"220\">E-cigarettes jetables<\/strong>\u00a0et offre aux vapoteurs en\u00a0<strong data-start=\"248\" data-end=\"263\">Allemagne<\/strong>\u00a0une exp\u00e9rience de vapotage incomparable. Avec une capacit\u00e9 de liquide g\u00e9n\u00e9reuse, un nombre impressionnant de tirages et une vari\u00e9t\u00e9 de saveurs uniques, cette cigarette \u00e9lectronique est un incontournable absolu pour tous ceux qui recherchent une exp\u00e9rience de vapotage de haute qualit\u00e9 et durable. Si vous recherchez la meilleure\u00a0<strong data-start=\"611\" data-end=\"633\">Cigarette \u00e9lectronique jetable<\/strong> sont, alors vous pouvez les trouver exclusivement sur alfakher24h.de, le plus grand magasin en ligne d'Allemagne pour\u00a0<strong data-start=\"733\" data-end=\"753\">Vapes jetables<\/strong>acheter.<\/p>\n<h3 data-start=\"764\" data-end=\"787\">Description du produit<\/h3>\n<p data-start=\"789\" data-end=\"1214\">La\u00a0<strong data-start=\"793\" data-end=\"837\">Arymi IFun 28000 Z\u00fcge Einweg E Zigarette \n\n becomes \n\nArymi IFun 28000 tirages cigarette \u00e9lectronique jetable<\/strong>\u00a0a \u00e9t\u00e9 d\u00e9velopp\u00e9 pour les vapoteurs qui recherchent la qualit\u00e9, le confort et le plaisir \u00e0 un niveau \u00e9lev\u00e9. Avec un\u00a0<strong data-start=\"939\" data-end=\"971\">Capacit\u00e9 de 28 ml de liquide \u00e9lectronique<\/strong>\u00a0et un\u00a0<strong data-start=\"982\" data-end=\"1006\">Quantit\u00e9 de nicotine de 2 mg<\/strong>\u00a0offre tout ce qu'un vapoteur exigeant peut souhaiter. Le nombre \u00e9lev\u00e9 de\u00a0<strong data-start=\"1107\" data-end=\"1122\">28 000 trains \nor \n28 000 rames \nis not necessary \n28 000 Z\u00fcgen =  28000 Z\u00fcgen \n\n becomes \n\n28000 Z\u00fcgen<\/strong>\u00a0offre une exp\u00e9rience durable, id\u00e9ale pour une utilisation quotidienne.<\/p>\n<p data-start=\"1216\" data-end=\"1509\">La conception innovante du vapeur garantit que l'utilisation est intuitive et confortable.\u00a0<strong data-start=\"1314\" data-end=\"1341\">d\u00e9bit d'air r\u00e9glable<\/strong>\u00a0permet aux utilisateurs d'adapter l'exp\u00e9rience de vapotage \u00e0 leurs pr\u00e9f\u00e9rences - que vous pr\u00e9f\u00e9riez une bouff\u00e9e plus intense ou plus douce, cette fonctionnalit\u00e9 le permet.<\/p>\n<p data-start=\"1511\" data-end=\"1859\">La\u00a0<strong data-start=\"1515\" data-end=\"1562\">Batterie rechargeable avec prise de charge de type C<\/strong>\u00a0n'est pas seulement puissant, mais \u00e9galement respectueux de l'environnement et permet de recharger rapidement la cigarette \u00e9lectronique \u00e0 tout moment, afin que vous ne deviez jamais renoncer \u00e0 votre exp\u00e9rience de vapotage. La\u00a0<strong data-start=\"1748\" data-end=\"1772\">1,0 \u03a9 Double Bobine Maille<\/strong>\u00a0s'assure ainsi d'une vaporisation uniforme et renforce le\u00a0<strong data-start=\"1833\" data-end=\"1846\">Go\u00fbt<\/strong>\u00a0Chaque train.<\/p>\n<h3 data-start=\"1861\" data-end=\"1938\">Les principales caract\u00e9ristiques de la\u00a0<strong data-start=\"1894\" data-end=\"1938\">Arymi IFun 28000 Z\u00fcge \n\nbecomes \n\nArymi IFun 28000 trains\u00a0<a href=\"https:\/\/alfakher24h.de\/fr\/\">Cigarette \u00e9lectronique jetable<\/a><\/strong><\/h3>\n<ul data-start=\"1940\" data-end=\"3243\">\n<li data-start=\"1940\" data-end=\"2178\"><strong data-start=\"1942\" data-end=\"1982\">Impressionnant nombre de bouff\u00e9es (28 000 bouff\u00e9es) :<\/strong>\u00a0Avec un nombre impressionnant de\u00a0<strong data-start=\"2018\" data-end=\"2034\">28 000 trains<\/strong>\u00a0pouvez-vous pleinement profiter de cette\u00a0<strong data-start=\"2071\" data-end=\"2093\">Cigarette \u00e9lectronique jetable<\/strong>\u00a0exp\u00e9rimenter sur une longue p\u00e9riode, sans avoir \u00e0 remplacer constamment la cigarette \u00e9lectronique.<\/li>\n<li data-start=\"2179\" data-end=\"2369\"><strong data-start=\"2181\" data-end=\"2204\">Capacit\u00e9 de E-Liquid :<\/strong>\u00a0Avec une\u00a0<strong data-start=\"2215\" data-end=\"2243\">28 ml de capacit\u00e9 de liquide \u00e9lectronique<\/strong>\u00a0Vous n'avez pas \u00e0 vous soucier de voir le liquide s'\u00e9puiser rapidement. Il offre une capacit\u00e9 suffisante pour une utilisation intensive.<\/li>\n<li data-start=\"2370\" data-end=\"2548\"><strong data-start=\"2372\" data-end=\"2388\">2 % Nicotine:<\/strong>\u00a0Id\u00e9al pour les vapoteurs qui recherchent une faible teneur en nicotine. Celle-ci\u00a0<strong data-start=\"2455\" data-end=\"2478\">E-cigarette \u00e0 la nicotine<\/strong>\u00a0offre un go\u00fbt \u00e9quilibr\u00e9 et l'apport de nicotine souhait\u00e9.<\/li>\n<li data-start=\"2549\" data-end=\"2754\"><strong data-start=\"2551\" data-end=\"2584\">Batterie de 600 mAh au cobalt pur :<\/strong>\u00a0La batterie assure une longue dur\u00e9e de vie et peut \u00eatre facilement recharg\u00e9e par\u00a0<strong data-start=\"2652\" data-end=\"2672\">C\u00e2ble de charge Type-C<\/strong>\u00a0\u00eatre charg\u00e9s. Cela garantit une charge rapide et efficace.<\/li>\n<li data-start=\"2755\" data-end=\"2903\"><strong data-start=\"2757\" data-end=\"2779\">Bobine Mesh Premium<\/strong>\u00a0La\u00a0<strong data-start=\"2784\" data-end=\"2808\">1,0 \u03a9 Double Bobine Maille<\/strong>\u00a0assure une vapeur uniforme et une saveur intense qui ravit vos papilles.<\/li>\n<li data-start=\"2904\" data-end=\"3078\"><strong data-start=\"2906\" data-end=\"2934\">D\u00e9bit d'air r\u00e9glable :<\/strong>\u00a0Ajustez librement l'alimentation en air pour personnaliser le vapotage et trouver le flux d'air optimal pour votre exp\u00e9rience gustative.<\/li>\n<li data-start=\"3079\" data-end=\"3243\"><strong data-start=\"3081\" data-end=\"3119\">Diff\u00e9rentes saveurs :<\/strong>\u00a0Choisissez parmi une vari\u00e9t\u00e9 de saveurs qui r\u00e9pondent \u00e0 tous les go\u00fbts - des saveurs fruit\u00e9e aux saveurs sucr\u00e9es et rafra\u00eechissantes.<\/li>\n<\/ul>\n<h3 data-start=\"3245\" data-end=\"3293\">Flavours \u2013 L'exp\u00e9rience gustative ultime<\/h3>\n<p data-start=\"3295\" data-end=\"3464\">La\u00a0<strong data-start=\"3299\" data-end=\"3343\">Arymi IFun 28000 Z\u00fcge Einweg E Zigarette \n\n becomes \n\nArymi IFun 28000 tirages cigarette \u00e9lectronique jetable<\/strong>\u00a0offre une gamme de saveurs qui rendent chaque voyage de vapotage unique. En d\u00e9tail :<\/p>\n<ol data-start=\"3466\" data-end=\"4757\">\n<li data-start=\"3466\" data-end=\"4102\">\n<p data-start=\"3469\" data-end=\"4102\"><strong data-start=\"3469\" data-end=\"3483\">Pomme rouge :<\/strong>\u00a0Le\u00a0<strong data-start=\"3488\" data-end=\"3501\">Pomme rouge<\/strong>\u00a0Le go\u00fbt est un classique favori parmi les vapoteurs, qui procure le go\u00fbt plein et frais d'une pomme rouge juteuse. Le go\u00fbt est sucr\u00e9 et en m\u00eame temps rafra\u00eechissant, avec une note de fruit naturelle qui peut \u00eatre parfaitement appr\u00e9ci\u00e9e toute la journ\u00e9e. Chaque bouff\u00e9e a la sensation de mordre dans une pomme fra\u00eechement cueillie - croquante, fra\u00eeche et fruit\u00e9es. Le go\u00fbt sucr\u00e9, mais pas excessif, est id\u00e9al pour les vapoteurs qui recherchent une exp\u00e9rience douce et n\u00e9anmoins satisfaisante.\u00a0<strong data-start=\"4005\" data-end=\"4018\">Pomme rouge<\/strong>\u00a0assure un m\u00e9lange harmonieux de douceur et de fra\u00eecheur qui persiste sur la langue.<\/p>\n<\/li>\n<li data-start=\"4104\" data-end=\"4757\">\n<p data-start=\"4107\" data-end=\"4757\"><strong data-start=\"4107\" data-end=\"4123\">Vimto Crush<\/strong>\u00a0Pour tous les amateurs de saveurs de fruits exotiques et uniques, le\u00a0<strong data-start=\"4210\" data-end=\"4225\">Vimto Crush<\/strong>\u00a0Go\u00fbt une exp\u00e9rience intense et exaltante. Inspir\u00e9 du m\u00e9lange fruit\u00e9 et populaire de la boisson classique Vimto, cette e-cigarette offre une combinaison d\u00e9licieuse de cassis, de framboises et une touche de citron. Le go\u00fbt est vivant, fruit\u00e9 et pourtant \u00e9quilibr\u00e9. Le\u00a0<strong data-start=\"4545\" data-end=\"4560\">Vimto Crush<\/strong>\u00a0Convaincant par sa complexit\u00e9 et sa fra\u00eecheur, qui procure une exp\u00e9rience de vape enrichissante. C'est un excellent choix pour les vapoteurs \u00e0 la recherche de quelque chose d'unique et d'excitant.<\/p>\n<\/li>\n<\/ol>\n<h2 data-start=\"0\" data-end=\"107\"><img loading=\"lazy\" decoding=\"async\" class=\"alignnone wp-image-2299 size-full\" title=\"Arymi IFun 28000 Z\u00fcge Einweg E Zigarette - Red apple - vimto Crush 2  devient Arymi IFun 28000 tirages cigarette \u00e9lectronique jetable - Pomme rouge - vimto Crush 2\" src=\"https:\/\/alfakher24h.de\/wp-content\/uploads\/2025\/03\/arymi-hookalit-2.webp\" sizes=\"auto, (max-width: 1077px) 100vw, 1077px\" srcset=\"https:\/\/alfakher24h.de\/wp-content\/uploads\/2025\/03\/arymi-hookalit-2.webp 1077w, https:\/\/alfakher24h.de\/wp-content\/uploads\/2025\/03\/arymi-hookalit-2-300x284.webp 300w, https:\/\/alfakher24h.de\/wp-content\/uploads\/2025\/03\/arymi-hookalit-2-1024x970.webp 1024w, https:\/\/alfakher24h.de\/wp-content\/uploads\/2025\/03\/arymi-hookalit-2-768x727.webp 768w, https:\/\/alfakher24h.de\/wp-content\/uploads\/2025\/03\/arymi-hookalit-2-13x12.webp 13w, https:\/\/alfakher24h.de\/wp-content\/uploads\/2025\/03\/arymi-hookalit-2-600x568.webp 600w\" alt=\"Arymi IFun 28000 Z\u00fcge Einweg E Zigarette - Pomme rouge - vimto Crush\" width=\"1077\" height=\"1020\" \/><\/h2>\n<h3 data-start=\"4759\" data-end=\"4836\">Pourquoi vous les\u00a0<strong data-start=\"4777\" data-end=\"4821\">Arymi IFun 28000 Z\u00fcge \n\nbecomes \n\nArymi IFun 28000 trains\u00a0<a href=\"https:\/\/alfakher24h.de\/fr\/\">Cigarette \u00e9lectronique jetable<\/a><\/strong>\u00a0devraient acheter<\/h3>\n<ul data-start=\"4838\" data-end=\"5735\">\n<li data-start=\"4838\" data-end=\"5011\"><strong data-start=\"4840\" data-end=\"4858\">Durabilit\u00e9<\/strong>\u00a0Avec une\u00a0<strong data-start=\"4869\" data-end=\"4898\">Capacit\u00e9 de 28 000 trains<\/strong>\u00a0obtenez une exp\u00e9rience de vapeur exceptionnellement longue - id\u00e9ale pour une utilisation quotidienne et en d\u00e9placement.<\/li>\n<li data-start=\"5012\" data-end=\"5196\"><strong data-start=\"5014\" data-end=\"5052\">Pratique et facile \u00e0 utiliser :<\/strong>\u00a0Le\u00a0<strong data-start=\"5057\" data-end=\"5087\">conception conviviale<\/strong>\u00a0le\u00a0<strong data-start=\"5092\" data-end=\"5114\">Cigarette \u00e9lectronique jetable<\/strong>\u00a0ne n\u00e9cessite pas de manipulation compliqu\u00e9e. Il suffit de retirer, de vapoter et de savourer.<\/li>\n<li data-start=\"5197\" data-end=\"5358\"><strong data-start=\"5199\" data-end=\"5236\">Saveurs vari\u00e9es :<\/strong>\u00a0La\u00a0<strong data-start=\"5241\" data-end=\"5264\">des saveurs vari\u00e9es<\/strong>\u00a0comment\u00a0<strong data-start=\"5269\" data-end=\"5282\">Pomme rouge<\/strong>\u00a0et\u00a0<strong data-start=\"5287\" data-end=\"5302\">Vimto Crush<\/strong>\u00a0offrent pour chaque go\u00fbt l'exp\u00e9rience de vape parfaite.<\/li>\n<li data-start=\"5359\" data-end=\"5562\"><strong data-start=\"5361\" data-end=\"5393\">Pratique et \u00e9cologique :<\/strong>\u00a0Gr\u00e2ce \u00e0\u00a0<strong data-start=\"5403\" data-end=\"5449\">Batterie rechargeable avec charge USB-C<\/strong>\u00a0Ce produit n'est pas seulement pratique \u00e0 utiliser, mais \u00e9galement plus \u00e9cologique que les produits jetables classiques.<\/li>\n<li data-start=\"5563\" data-end=\"5735\"><strong data-start=\"5565\" data-end=\"5592\">Force optimale de nicotine :<\/strong>\u00a0Avec une\u00a0<strong data-start=\"5603\" data-end=\"5627\">Quantit\u00e9 de nicotine de 2 mg<\/strong>\u00a0offre cette e-cigarette le compromis parfait pour les vapoteurs qui souhaitent une exp\u00e9rience de vapotage \u00e9quilibr\u00e9e.<\/li>\n<\/ul>\n<h3 data-start=\"5737\" data-end=\"5745\">Foire aux questions<\/h3>\n<p data-start=\"5747\" data-end=\"5823\"><strong data-start=\"5747\" data-end=\"5823\">1. L'Arymi IFun 28000 Z\u00fcge Einweg E Zigarette est-elle rechargeable ?<\/strong><\/p>\n<p data-start=\"5825\" data-end=\"5986\">Oui, les\u00a0<strong data-start=\"5833\" data-end=\"5877\">Arymi IFun 28000 Z\u00fcge Einweg E Zigarette \n\n becomes \n\nArymi IFun 28000 tirages cigarette \u00e9lectronique jetable<\/strong>\u00a0est avec une\u00a0<strong data-start=\"5892\" data-end=\"5919\">600 mAh batterie au cobalt<\/strong>\u00a0\u00e9quip\u00e9, qui par\u00a0<strong data-start=\"5942\" data-end=\"5962\">C\u00e2ble de charge Type-C<\/strong>\u00a0\u00eatre recharg\u00e9.<\/p>\n<p data-start=\"5988\" data-end=\"6051\"><strong data-start=\"5988\" data-end=\"6051\">2. Combien de bouff\u00e9es puis-je prendre avec cette cigarette \u00e9lectronique ?<\/strong><\/p>\n<p data-start=\"6053\" data-end=\"6189\">Avec la\u00a0<strong data-start=\"6061\" data-end=\"6105\">Arymi IFun 28000 Z\u00fcge Einweg E Zigarette \n\n becomes \n\nArymi IFun 28000 tirages cigarette \u00e9lectronique jetable<\/strong>\u00a0peuvent-ils jusqu'\u00e0\u00a0<strong data-start=\"6124\" data-end=\"6138\">28 000 trains<\/strong>\u00a0appr\u00e9ciez, ce qui garantit une longue dur\u00e9e d'utilisation.<\/p>\n<p data-start=\"6191\" data-end=\"6256\"><strong data-start=\"6191\" data-end=\"6256\">3. Puis-je personnaliser l'exp\u00e9rience de vapeur selon mes pr\u00e9f\u00e9rences ?<\/strong><\/p>\n<p data-start=\"6258\" data-end=\"6403\">Oui, les\u00a0<strong data-start=\"6266\" data-end=\"6288\">Cigarette \u00e9lectronique jetable<\/strong>\u00a0dispose d'une\u00a0<strong data-start=\"6307\" data-end=\"6334\">d\u00e9bit d'air r\u00e9glable<\/strong>avec laquelle vous pouvez personnaliser le vapotage selon vos souhaits.<\/p>\n<p data-start=\"6405\" data-end=\"6455\"><strong data-start=\"6405\" data-end=\"6455\">4. Quelle quantit\u00e9 de nicotine contient cette cigarette \u00e9lectronique ?<\/strong><\/p>\n<p data-start=\"6457\" data-end=\"6568\">La\u00a0<strong data-start=\"6461\" data-end=\"6505\">Arymi IFun 28000 Z\u00fcge Einweg E Zigarette \n\n becomes \n\nArymi IFun 28000 tirages cigarette \u00e9lectronique jetable<\/strong>\u00a0contient\u00a0<strong data-start=\"6514\" data-end=\"6529\">2 % Nicotine<\/strong>qui assure une dose \u00e9quilibr\u00e9e.<\/p>\n<p data-start=\"6570\" data-end=\"6645\"><strong data-start=\"6570\" data-end=\"6645\">O\u00f9 puis-je acheter la cigarette \u00e9lectronique jetable Arymi IFun 28000 tirages ?<\/strong><\/p>\n<p data-start=\"6647\" data-end=\"6809\">La\u00a0<strong data-start=\"6651\" data-end=\"6695\">Arymi IFun 28000 Z\u00fcge Einweg E Zigarette \n\n becomes \n\nArymi IFun 28000 tirages cigarette \u00e9lectronique jetable<\/strong> est exclusivement disponible sur alfakher24h.de, le plus grand magasin en ligne pour\u00a0<strong data-start=\"6773\" data-end=\"6793\">Vapes jetables<\/strong>\u00a0en Allemagne.<\/p>\n<h3 data-start=\"6811\" data-end=\"6820\">Conclusion<\/h3>\n<p data-start=\"6822\" data-end=\"7266\">La\u00a0<strong data-start=\"6826\" data-end=\"6870\">Arymi IFun 28000 Z\u00fcge Einweg E Zigarette \n\n becomes \n\nArymi IFun 28000 tirages cigarette \u00e9lectronique jetable<\/strong>\u00a0est le choix id\u00e9al pour les amateurs de vape\u00a0<strong data-start=\"6906\" data-end=\"6921\">Allemagne<\/strong>qui recherchent une cigarette \u00e9lectronique de haute qualit\u00e9, offrant une longue dur\u00e9e de vie et une vari\u00e9t\u00e9 de saveurs. Avec une capacit\u00e9 de\u00a0<strong data-start=\"7043\" data-end=\"7061\">28 ml E-Liquid<\/strong>d'un nombre impressionnant de\u00a0<strong data-start=\"7094\" data-end=\"7109\">28 000 trains \nor \n28 000 rames \nis not necessary \n28 000 Z\u00fcgen =  28000 Z\u00fcgen \n\n becomes \n\n28000 Z\u00fcgen<\/strong>\u00a0et une s\u00e9lection de saveurs d\u00e9licieuses comme\u00a0<strong data-start=\"7167\" data-end=\"7180\">Pomme rouge<\/strong>\u00a0et\u00a0<strong data-start=\"7185\" data-end=\"7200\">Vimto Crush<\/strong>\u00a0offre tout ce que le c\u0153ur d'un vapoteur d\u00e9sire.<\/p>\n<p data-start=\"7268\" data-end=\"7413\" data-is-last-node=\"\">Achetez-les\u00a0<strong data-start=\"7283\" data-end=\"7327\">Arymi IFun 28000 Z\u00fcge Einweg E Zigarette \n\n becomes \n\nArymi IFun 28000 tirages cigarette \u00e9lectronique jetable<\/strong> encore aujourd'hui sur alfakher24h.de et vivez la vape \u00e0 un nouveau niveau !<\/p>","protected":false},"excerpt":{"rendered":"<p><strong data-start=\"6826\" data-end=\"6870\">Arymi IFun 28000 Z\u00fcge Einweg E Zigarette \n\n becomes \n\nArymi IFun 28000 tirages cigarette \u00e9lectronique jetable<\/strong>\u00a0est le choix id\u00e9al pour les amateurs de vape\u00a0<strong data-start=\"6906\" data-end=\"6921\">Allemagne<\/strong>qui recherchent une cigarette \u00e9lectronique de haute qualit\u00e9, offrant une longue dur\u00e9e de vie et une vari\u00e9t\u00e9 de saveurs. Avec une capacit\u00e9 de\u00a0<strong data-start=\"7043\" data-end=\"7061\">28 ml E-Liquid<\/strong><\/p>","protected":false},"featured_media":1759,"comment_status":"open","ping_status":"closed","template":"","meta":{"om_disable_all_campaigns":false},"product_brand":[],"product_cat":[45],"product_tag":[],"class_list":{"0":"post-1758","1":"product","2":"type-product","3":"status-publish","4":"has-post-thumbnail","6":"product_cat-arymi-ifun-28000","8":"first","9":"outofstock","10":"shipping-taxable","11":"purchasable","12":"product-type-simple"},"_links":{"self":[{"href":"https:\/\/alfakher24h.de\/fr\/wp-json\/wp\/v2\/product\/1758","targetHints":{"allow":["GET"]}}],"collection":[{"href":"https:\/\/alfakher24h.de\/fr\/wp-json\/wp\/v2\/product"}],"about":[{"href":"https:\/\/alfakher24h.de\/fr\/wp-json\/wp\/v2\/types\/product"}],"replies":[{"embeddable":true,"href":"https:\/\/alfakher24h.de\/fr\/wp-json\/wp\/v2\/comments?post=1758"}],"wp:featuredmedia":[{"embeddable":true,"href":"https:\/\/alfakher24h.de\/fr\/wp-json\/wp\/v2\/media\/1759"}],"wp:attachment":[{"href":"https:\/\/alfakher24h.de\/fr\/wp-json\/wp\/v2\/media?parent=1758"}],"wp:term":[{"taxonomy":"product_brand","embeddable":true,"href":"https:\/\/alfakher24h.de\/fr\/wp-json\/wp\/v2\/product_brand?post=1758"},{"taxonomy":"product_cat","embeddable":true,"href":"https:\/\/alfakher24h.de\/fr\/wp-json\/wp\/v2\/product_cat?post=1758"},{"taxonomy":"product_tag","embeddable":true,"href":"https:\/\/alfakher24h.de\/fr\/wp-json\/wp\/v2\/product_tag?post=1758"}],"curies":[{"name":"wp","href":"https:\/\/api.w.org\/{rel}","templated":true}]}}