{"id":1756,"date":"2025-03-11T05:07:49","date_gmt":"2025-03-11T05:07:49","guid":{"rendered":"https:\/\/alfakher24h.de\/?post_type=product&#038;p=1756"},"modified":"2025-07-12T13:27:56","modified_gmt":"2025-07-12T13:27:56","slug":"httperror-response-code-429-too-many-requests-23","status":"publish","type":"product","link":"https:\/\/alfakher24h.de\/fr\/produit\/httperror-response-code-429-too-many-requests-23\/","title":{"rendered":"Arymi IFun 28000 Z\u00fcge Einweg E Zigarette \u2013 Cherry Cola \u2013 Strawberry Ice Cream \n\n devient \n\nArymi IFun 28000 tirages cigarette \u00e9lectronique jetable - Cherry Cola - Strawberry Ice Cream"},"content":{"rendered":"<h2 data-start=\"439\" data-end=\"528\">Arymi IFun 28000 Z\u00fcge\u00a0Einweg E-Zigarette \u2013 Le plaisir ultime de la vape pour l'Allemagne<\/h2>\n<div style=\"width: 848px;\" class=\"wp-video\"><video class=\"wp-video-shortcode\" id=\"video-1756-1\" width=\"848\" height=\"478\" preload=\"metadata\" controls=\"controls\"><source type=\"video\/mp4\" src=\"https:\/\/alfakher24h.de\/wp-content\/uploads\/2025\/03\/VID-20241031-WA0010.mp4?_=1\" \/><a href=\"https:\/\/alfakher24h.de\/wp-content\/uploads\/2025\/03\/VID-20241031-WA0010.mp4\">https:\/\/alfakher24h.de\/wp-content\/uploads\/2025\/03\/VID-20241031-WA0010.mp4<\/a><\/video><\/div>\n<p data-start=\"530\" data-end=\"1270\">La\u00a0<strong data-start=\"534\" data-end=\"578\">Arymi IFun 28000 Z\u00fcge Einweg E-Zigarette \n\n becomes \n\nArymi IFun 28000 tirages cigarette \u00e9lectronique jetable<\/strong>\u00a0est le choix parfait pour les amateurs de vape en Allemagne qui recherchent une cigarette \u00e9lectronique de haute qualit\u00e9, puissante et facile \u00e0 utiliser. Avec son design impressionnant, ses performances exceptionnelles et une vari\u00e9t\u00e9 de saveurs d\u00e9licieuses, la\u00a0<strong data-start=\"869\" data-end=\"883\">IFun 28000<\/strong>\u00a0tout ce que vous souhaitez d'un vapoteur jetable est disponible. Gr\u00e2ce \u00e0 une capacit\u00e9 allant jusqu'\u00e0\u00a0<strong data-start=\"983\" data-end=\"999\">28 000 trains<\/strong>\u00a0et\u00a0<strong data-start=\"1004\" data-end=\"1021\">30ml E-Liquid<\/strong>combin\u00e9 avec une\u00a0<strong data-start=\"1044\" data-end=\"1066\">2 % Nicotine\u0e40\u0e02\u0e49\u0e21it\u00e9<\/strong>offre une exp\u00e9rience de vapotage de haut niveau. Achetez votre\u00a0<strong data-start=\"1146\" data-end=\"1168\">Cigarette \u00e9lectronique jetable<\/strong> directement sur alfakher24h.de, la plus grande plateforme de vente en ligne de vapes jetables en Allemagne !<\/p>\n<h3 data-start=\"1272\" data-end=\"1339\">Description du produit de la cigarette \u00e9lectronique jetable Arymi IFun 28000 tirages<\/h3>\n<p data-start=\"1341\" data-end=\"1982\">La\u00a0<strong data-start=\"1345\" data-end=\"1389\">Arymi IFun 28000 Z\u00fcge Einweg E-Zigarette \n\n becomes \n\nArymi IFun 28000 tirages cigarette \u00e9lectronique jetable<\/strong>\u00a0est un chef-d'\u0153uvre technologique qui vous g\u00e2te \u00e0 chaque tirage avec une diversit\u00e9 d'ar\u00f4mes exquise et une odeur de nicotine incroyablement intense. Avec une\u00a0<strong data-start=\"1554\" data-end=\"1587\">Capacit\u00e9 de la batterie de 600 mAh<\/strong>\u00a0et un\u00a0<strong data-start=\"1598\" data-end=\"1630\">Capacit\u00e9 de 28 ml de liquide \u00e9lectronique<\/strong>qui peut accueillir jusqu'\u00e0 28 000 trains, offre une dur\u00e9e de vie exceptionnellement longue et permet une utilisation agr\u00e9able et sans stress pendant de nombreux jours.\u00a0<strong data-start=\"1794\" data-end=\"1815\">2 x % Nicotine strength<\/strong>\u00a0offre une exp\u00e9rience de vapotage agr\u00e9able et satisfaisante, sp\u00e9cialement con\u00e7ue pour les fumeurs et les vapoteurs exp\u00e9riment\u00e9s qui recherchent l'exp\u00e9rience nicotiniques habituelle.<\/p>\n<h3 data-start=\"1984\" data-end=\"2001\">Fonctionnalit\u00e9s cl\u00e9s :<\/h3>\n<ul data-start=\"2003\" data-end=\"2863\">\n<li data-start=\"2003\" data-end=\"2103\"><strong data-start=\"2005\" data-end=\"2028\">Jusqu'\u00e0 28 000 trains :<\/strong>\u00a0Profitez d'une dur\u00e9e de vie incomparablement longue pour votre exp\u00e9rience de vape.<\/li>\n<li data-start=\"2104\" data-end=\"2186\"><strong data-start=\"2106\" data-end=\"2135\">28 ml de capacit\u00e9 de liquide \u00e9lectronique :<\/strong>\u00a0Plus de liquide pour des p\u00e9riodes plus longues sans rechargement.<\/li>\n<li data-start=\"2187\" data-end=\"2277\"><strong data-start=\"2189\" data-end=\"2205\">2 % Nicotine:<\/strong>\u00a0Un rapport \u00e9quilibr\u00e9 de nicotine pour un vapotage satisfaisant.<\/li>\n<li data-start=\"2278\" data-end=\"2370\"><strong data-start=\"2280\" data-end=\"2308\">Batterie au cobalt de 600 mAh :<\/strong>\u00a0Haute performance et temps de chargement rapides pour une performance constante.<\/li>\n<li data-start=\"2371\" data-end=\"2478\"><strong data-start=\"2373\" data-end=\"2410\">Mesh Coil (1,0 \u03a9 Dual Mesh Coil) :<\/strong>\u00a0Bobine Mesh Premium pour une production de vapeur uniforme et riche.<\/li>\n<li data-start=\"2479\" data-end=\"2593\"><strong data-start=\"2481\" data-end=\"2509\">D\u00e9bit d'air r\u00e9glable :<\/strong>\u00a0Ajustez le d\u00e9bit d'air selon vos pr\u00e9f\u00e9rences pour personnaliser votre vapotage.<\/li>\n<li data-start=\"2594\" data-end=\"2714\"><strong data-start=\"2596\" data-end=\"2631\">Indicateur de liquide \u00e9lectronique et de batterie :<\/strong>\u00a0Les \u00e9crans pratiques affichent l'\u00e9tat actuel de la batterie et de l'e-liquide.<\/li>\n<li data-start=\"2715\" data-end=\"2863\"><strong data-start=\"2717\" data-end=\"2735\">Syst\u00e8me \u00e0 usage unique<\/strong>\u00a0Aucun rechargement ou remplissage n\u00e9cessaire - profitez simplement de son utilisation et jetez l'appareil apr\u00e8s usage.<\/li>\n<\/ul>\n<h3>Pourquoi l'Arymi IFun 28000 Z\u00fcge Einweg E-Zigarette est le meilleur choix :<\/h3>\n<p data-start=\"2941\" data-end=\"3656\">La\u00a0<strong data-start=\"2945\" data-end=\"2989\">Arymi IFun 28000 Z\u00fcge Einweg E-Zigarette \n\n becomes \n\nArymi IFun 28000 tirages cigarette \u00e9lectronique jetable<\/strong>\u00a0offre non seulement des performances \u00e9lev\u00e9es, mais \u00e9galement des fonctions conviviales qui en font le choix pr\u00e9f\u00e9r\u00e9 des vapoteurs en Allemagne. Les\u00a0<strong data-start=\"3135\" data-end=\"3170\">Contr\u00f4le de flux d'air r\u00e9glable<\/strong>\u00a0permet de personnaliser la r\u00e9sistance et la quantit\u00e9 de vapeur - id\u00e9al pour les d\u00e9butants comme pour les vapoteurs exp\u00e9riment\u00e9s. De plus, le\u00a0<strong data-start=\"3328\" data-end=\"3341\">Mesh Coil<\/strong>\u00a0un excellent choix pour maximiser le go\u00fbt et la production de vapeur, ce qui conduit \u00e0 une exp\u00e9rience de vape plus intense et plus douce. Avec une capacit\u00e9 de\u00a0<strong data-start=\"3509\" data-end=\"3527\">28 ml E-Liquid<\/strong>\u00a0et un\u00a0<strong data-start=\"3538\" data-end=\"3571\">Capacit\u00e9 de la batterie de 600 mAh<\/strong>\u00a0vous pourrez profiter de l'appareil pendant de nombreux jours avant de devoir le jeter.<\/p>\n<h3 data-start=\"3658\" data-end=\"3718\">Cigarette \u00e9lectronique jetable avec diff\u00e9rentes saveurs<\/h3>\n<p data-start=\"3720\" data-end=\"4019\">Le particulier \u00e0 la\u00a0<strong data-start=\"3741\" data-end=\"3785\">Arymi IFun 28000 Z\u00fcge Einweg E-Zigarette \n\n becomes \n\nArymi IFun 28000 tirages cigarette \u00e9lectronique jetable<\/strong>\u00a0n'est pas seulement la performance exceptionnelle, mais aussi la diversit\u00e9 des\u00a0<strong data-start=\"3858\" data-end=\"3868\">Aromas<\/strong>Avec les options d\u00e9licieuses\u00a0<strong data-start=\"3898\" data-end=\"3913\">Cherry Cola<\/strong>\u00a0et\u00a0<strong data-start=\"3918\" data-end=\"3942\">Cr\u00e8me Glac\u00e9e aux Fraises<\/strong>\u00a0Vous pouvez vous attendre \u00e0 une exp\u00e9rience de vape unique et savoureuse.<\/p>\n<h4 data-start=\"4021\" data-end=\"4036\">Cherry Cola<\/h4>\n<p data-start=\"4038\" data-end=\"4491\">D\u00e9couvrez le go\u00fbt rafra\u00eechissant de\u00a0<strong data-start=\"4082\" data-end=\"4097\">Cherry Cola<\/strong>qui combine la douceur p\u00e9tillante de la cola avec la note fruit\u00e9es et sucr\u00e9e des cerises. Cette saveur g\u00e2tera vos papilles avec un m\u00e9lange parfait d'acidit\u00e9 et de douceur. La cola vous donne une fra\u00eecheur p\u00e9tillante, tandis que la saveur de cerise fruit\u00e9e compl\u00e8te l'exp\u00e9rience de vapotage - id\u00e9al pour ceux qui pr\u00e9f\u00e8rent les saveurs fruit\u00e9e et rafra\u00eechissantes.<\/p>\n<h4 data-start=\"4493\" data-end=\"4517\">Cr\u00e8me Glac\u00e9e aux Fraises<\/h4>\n<p data-start=\"4519\" data-end=\"4952\">Pour les amateurs d'ar\u00f4mes cr\u00e9meux et sucr\u00e9s\u00a0<strong data-start=\"4562\" data-end=\"4586\">Cr\u00e8me Glac\u00e9e aux Fraises<\/strong>\u00a0Le choix parfait. Cette saveur offre le go\u00fbt d\u00e9licieux de fraises fra\u00eeches associ\u00e9es \u00e0 une glace \u00e0 la vanille soyeuse. C'est comme si vous savouriez une cuill\u00e8re de glace cr\u00e9meuse tout en vapotant. La combinaison de la fraise sucr\u00e9e et de la vanille fra\u00eeche et cr\u00e9meuse procure une v\u00e9ritable exp\u00e9rience de plaisir que vous pouvez appr\u00e9cier \u00e0 chaque bouff\u00e9e.<\/p>\n<h2 data-start=\"0\" data-end=\"107\"><img loading=\"lazy\" decoding=\"async\" class=\"alignnone wp-image-2299 size-full\" title=\"Arymi IFun 28000 Z\u00fcge Einweg E Zigarette - Cherry Cola - Strawberry Ice Cream 2  devient Arymi IFun 28000 tirages cigarette \u00e9lectronique jetable - Cherry Cola - Cr\u00e8me Glac\u00e9e Fraise 2\" src=\"https:\/\/alfakher24h.de\/wp-content\/uploads\/2025\/03\/arymi-hookalit-2.webp\" sizes=\"auto, (max-width: 1077px) 100vw, 1077px\" srcset=\"https:\/\/alfakher24h.de\/wp-content\/uploads\/2025\/03\/arymi-hookalit-2.webp 1077w, https:\/\/alfakher24h.de\/wp-content\/uploads\/2025\/03\/arymi-hookalit-2-300x284.webp 300w, https:\/\/alfakher24h.de\/wp-content\/uploads\/2025\/03\/arymi-hookalit-2-1024x970.webp 1024w, https:\/\/alfakher24h.de\/wp-content\/uploads\/2025\/03\/arymi-hookalit-2-768x727.webp 768w, https:\/\/alfakher24h.de\/wp-content\/uploads\/2025\/03\/arymi-hookalit-2-13x12.webp 13w, https:\/\/alfakher24h.de\/wp-content\/uploads\/2025\/03\/arymi-hookalit-2-600x568.webp 600w\" alt=\"Arymi IFun 28000 Z\u00fcge Einweg E Zigarette - Cherry Cola - Strawberry Ice Cream  devient Arymi IFun 28000 tirages cigarette \u00e9lectronique jetable - Cherry Cola - Cr\u00e8me Glac\u00e9e Fraise\" width=\"1077\" height=\"1020\" \/><\/h2>\n<h3 data-start=\"4954\" data-end=\"5014\">Autres propri\u00e9t\u00e9s remarquables de l'Arymi IFun 28000<\/h3>\n<ul data-start=\"5016\" data-end=\"5584\">\n<li data-start=\"5016\" data-end=\"5155\"><strong data-start=\"5018\" data-end=\"5041\">L\u00e9ger et portable :<\/strong>\u00a0La\u00a0<strong data-start=\"5046\" data-end=\"5090\">Arymi IFun 28000 Z\u00fcge Einweg E-Zigarette \n\n becomes \n\nArymi IFun 28000 tirages cigarette \u00e9lectronique jetable<\/strong>\u00a0est compact et rentre facilement dans votre poche ou votre sac \u00e0 main.<\/li>\n<li data-start=\"5156\" data-end=\"5311\"><strong data-start=\"5158\" data-end=\"5189\">Aucune maintenance requise :<\/strong>\u00a0Aucune n\u00e9cessit\u00e9 de recharger ou de pi\u00e8ces suppl\u00e9mentaires - utiliser et jeter lorsque les tirages sont \u00e9puis\u00e9s.<\/li>\n<li data-start=\"5312\" data-end=\"5444\"><strong data-start=\"5314\" data-end=\"5338\">Manipulation facile :<\/strong>\u00a0Avec une\u00a0<strong data-start=\"5349\" data-end=\"5372\">une utilisation simple<\/strong>\u00a0et un\u00a0<strong data-start=\"5383\" data-end=\"5407\">conception ergonomique<\/strong>\u00a0est-ce que vapoter est intuitif et pratique. \n corrected to : \nVapoter est intuitif et pratique.<\/li>\n<li data-start=\"5445\" data-end=\"5584\"><strong data-start=\"5447\" data-end=\"5474\">S\u00fbr et fiable :<\/strong>\u00a0Le\u00a0<strong data-start=\"5479\" data-end=\"5497\">Protection de la batterie<\/strong>\u00a0et les\u00a0<strong data-start=\"5506\" data-end=\"5536\">\u00c9viter la surchauffe<\/strong>\u00a0offrent la s\u00e9curit\u00e9 que vous m\u00e9ritez.<\/li>\n<\/ul>\n<h3 data-start=\"5586\" data-end=\"5619\">Foire aux questions (FAQ)<\/h3>\n<h4 data-start=\"5621\" data-end=\"5688\">1. Quelle est la dur\u00e9e de vie de la cigarette \u00e9lectronique jetable Arymi IFun 28000 tirages ?<\/h4>\n<p data-start=\"5689\" data-end=\"5849\">Avec une\u00a0<strong data-start=\"5699\" data-end=\"5731\">Capacit\u00e9 de 28 ml de liquide \u00e9lectronique<\/strong>\u00a0et\u00a0<strong data-start=\"5736\" data-end=\"5752\">28 000 trains<\/strong>\u00a0Vous pouvez utiliser cette cigarette \u00e9lectronique pendant plusieurs jours, en fonction de la fr\u00e9quence de la vape.<\/p>\n<h4 data-start=\"5851\" data-end=\"5915\">2. La cigarette \u00e9lectronique Arymi IFun 28000 peut-elle \u00eatre recharg\u00e9e ?<\/h4>\n<p data-start=\"5916\" data-end=\"6051\">Non, les\u00a0<strong data-start=\"5926\" data-end=\"5970\">Arymi IFun 28000 Z\u00fcge Einweg E-Zigarette \n\n becomes \n\nArymi IFun 28000 tirages cigarette \u00e9lectronique jetable<\/strong>\u00a0est un\u00a0<strong data-start=\"5979\" data-end=\"5996\">produit \u00e0 usage unique<\/strong>qui est jet\u00e9 apr\u00e8s avoir utilis\u00e9 le liquide \u00e9lectronique.<\/p>\n<h4 data-start=\"6053\" data-end=\"6106\">3. Quelle est la concentration en nicotine de l'Arymi IFun 28000 ?<\/h4>\n<p data-start=\"6107\" data-end=\"6242\">La\u00a0<strong data-start=\"6111\" data-end=\"6155\">Arymi IFun 28000 Z\u00fcge Einweg E-Zigarette \n\n becomes \n\nArymi IFun 28000 tirages cigarette \u00e9lectronique jetable<\/strong>\u00a0contient\u00a0<strong data-start=\"6164\" data-end=\"6179\">2 % Nicotine<\/strong>qui offre une exp\u00e9rience de vapotage agr\u00e9able et satisfaisante.<\/p>\n<h4 data-start=\"6244\" data-end=\"6287\">4. Comment puis-je ajuster le d\u00e9bit d'air ?<\/h4>\n<p data-start=\"6288\" data-end=\"6483\">La\u00a0<strong data-start=\"6292\" data-end=\"6336\">Arymi IFun 28000 Z\u00fcge Einweg E-Zigarette \n\n becomes \n\nArymi IFun 28000 tirages cigarette \u00e9lectronique jetable<\/strong>\u00a0dispose d'une\u00a0<strong data-start=\"6355\" data-end=\"6390\">Contr\u00f4le de flux d'air r\u00e9glable<\/strong>qui vous permet de contr\u00f4ler la r\u00e9sistance et la quantit\u00e9 de vapeur selon vos pr\u00e9f\u00e9rences.<\/p>\n<h4 data-start=\"6485\" data-end=\"6535\">Quelles saveurs sont disponibles ?<\/h4>\n<p data-start=\"6536\" data-end=\"6678\">Actuellement, les\u00a0<strong data-start=\"6553\" data-end=\"6568\">Cherry Cola<\/strong>\u00a0et\u00a0<strong data-start=\"6573\" data-end=\"6597\">Cr\u00e8me Glac\u00e9e aux Fraises<\/strong>\u00a0Ar\u00f4mes disponibles. Les deux offrent une exp\u00e9rience de vapotage d\u00e9licieuse et rafra\u00eechissante.<\/p>\n<h3 data-start=\"6680\" data-end=\"6716\">Pourquoi acheter sur alfakher24h.de ?<\/h3>\n<p data-start=\"6718\" data-end=\"7103\"><strong data-start=\"6718\" data-end=\"6737\">alfakher24h.de \nalfakher24h.de<\/strong>\u00a0est le\u00a0<strong data-start=\"6746\" data-end=\"6768\">plus grand magasin en ligne<\/strong>\u00a0pour\u00a0<strong data-start=\"6773\" data-end=\"6796\">Cigarettes \u00e9lectroniques jetables<\/strong>\u00a0en Allemagne. Nous offrons non seulement les derniers mod\u00e8les et saveurs, mais \u00e9galement les meilleurs prix et une livraison rapide directement chez vous. Achetez vos\u00a0<strong data-start=\"6984\" data-end=\"7028\">Arymi IFun 28000 Z\u00fcge Einweg E-Zigarette \n\n becomes \n\nArymi IFun 28000 tirages cigarette \u00e9lectronique jetable<\/strong>\u00a0Aujourd'hui encore chez nous et vivez la meilleure exp\u00e9rience de vapotage d'Allemagne !<\/p>","protected":false},"excerpt":{"rendered":"<p><strong data-start=\"6718\" data-end=\"6737\">alfakher24h.de alfakherwelt.de<\/strong>\u00a0est le\u00a0<strong data-start=\"6746\" data-end=\"6768\">plus grand magasin en ligne<\/strong>\u00a0pour\u00a0<strong data-start=\"6773\" data-end=\"6796\">Cigarettes \u00e9lectroniques jetables<\/strong>\u00a0en Allemagne. Nous offrons non seulement les derniers mod\u00e8les et saveurs, mais \u00e9galement les meilleurs prix et une livraison rapide directement chez vous<\/p>","protected":false},"featured_media":1757,"comment_status":"open","ping_status":"closed","template":"","meta":{"om_disable_all_campaigns":false},"product_brand":[],"product_cat":[45],"product_tag":[],"class_list":{"0":"post-1756","1":"product","2":"type-product","3":"status-publish","4":"has-post-thumbnail","6":"product_cat-arymi-ifun-28000","8":"first","9":"outofstock","10":"shipping-taxable","11":"purchasable","12":"product-type-simple"},"_links":{"self":[{"href":"https:\/\/alfakher24h.de\/fr\/wp-json\/wp\/v2\/product\/1756","targetHints":{"allow":["GET"]}}],"collection":[{"href":"https:\/\/alfakher24h.de\/fr\/wp-json\/wp\/v2\/product"}],"about":[{"href":"https:\/\/alfakher24h.de\/fr\/wp-json\/wp\/v2\/types\/product"}],"replies":[{"embeddable":true,"href":"https:\/\/alfakher24h.de\/fr\/wp-json\/wp\/v2\/comments?post=1756"}],"wp:featuredmedia":[{"embeddable":true,"href":"https:\/\/alfakher24h.de\/fr\/wp-json\/wp\/v2\/media\/1757"}],"wp:attachment":[{"href":"https:\/\/alfakher24h.de\/fr\/wp-json\/wp\/v2\/media?parent=1756"}],"wp:term":[{"taxonomy":"product_brand","embeddable":true,"href":"https:\/\/alfakher24h.de\/fr\/wp-json\/wp\/v2\/product_brand?post=1756"},{"taxonomy":"product_cat","embeddable":true,"href":"https:\/\/alfakher24h.de\/fr\/wp-json\/wp\/v2\/product_cat?post=1756"},{"taxonomy":"product_tag","embeddable":true,"href":"https:\/\/alfakher24h.de\/fr\/wp-json\/wp\/v2\/product_tag?post=1756"}],"curies":[{"name":"wp","href":"https:\/\/api.w.org\/{rel}","templated":true}]}}