{"id":1744,"date":"2025-03-10T10:27:38","date_gmt":"2025-03-10T10:27:38","guid":{"rendered":"https:\/\/alfakher24h.de\/?post_type=product&#038;p=1744"},"modified":"2025-07-12T13:27:57","modified_gmt":"2025-07-12T13:27:57","slug":"httperror-response-code-429-too-many-requests-25","status":"publish","type":"product","link":"https:\/\/alfakher24h.de\/fr\/produit\/httperror-response-code-429-too-many-requests-25\/","title":{"rendered":"Arymi IFun 28000 Z\u00fcge Einweg E Zigarette \u2013 Fizzy Cherry \u2013 Blue Razz Lemonade \n\n devient \n\nArymi IFun 28000 tirages cigarette \u00e9lectronique jetable \u2013 Fizzy Cherry \u2013 Blue Razz Lemonade"},"content":{"rendered":"<div class=\"wp-video\"><\/div>\n<h3 data-start=\"492\" data-end=\"601\"><strong data-start=\"496\" data-end=\"601\">Arymi IFun 28000 Z\u00fcge Einweg E Zigarette : L'exp\u00e9rience ultime pour les amateurs de vapotage en Allemagne<\/strong><\/h3>\n<div style=\"width: 848px;\" class=\"wp-video\"><video class=\"wp-video-shortcode\" id=\"video-1744-1\" width=\"848\" height=\"478\" preload=\"metadata\" controls=\"controls\"><source type=\"video\/mp4\" src=\"https:\/\/alfakher24h.de\/wp-content\/uploads\/2025\/03\/VID-20241031-WA0010.mp4?_=1\" \/><a href=\"https:\/\/alfakher24h.de\/wp-content\/uploads\/2025\/03\/VID-20241031-WA0010.mp4\">https:\/\/alfakher24h.de\/wp-content\/uploads\/2025\/03\/VID-20241031-WA0010.mp4<\/a><\/video><\/div>\n<p data-start=\"603\" data-end=\"1191\">Si vous cherchez une cigarette \u00e9lectronique jetable puissante et confortable qui convainc \u00e0 la fois en termes de go\u00fbt et de fonctionnalit\u00e9, alors la\u00a0<strong data-start=\"765\" data-end=\"809\">Arymi IFun 28000 Z\u00fcge Einweg E Zigarette \n\n becomes \n\nArymi IFun 28000 tirages cigarette \u00e9lectronique jetable<\/strong>\u00a0exactement ce qu'il vous faut. Avec un nombre exceptionnel de 28 000 tirages, une capacit\u00e9 g\u00e9n\u00e9reuse de e-liquide de 28 ml et une teneur parfaite en nicotine, ce Vape jetable offre une exp\u00e9rience utilisateur exceptionnelle. Ce Vape de haute qualit\u00e9 est id\u00e9al pour les d\u00e9butants et les vapoteurs exp\u00e9riment\u00e9s et se distingue par sa facilit\u00e9 d'utilisation et sa fiabilit\u00e9.<\/p>\n<h3 data-start=\"1193\" data-end=\"1268\"><strong data-start=\"1197\" data-end=\"1268\">Description du produit : Le meilleur de la technologie de vapotage et du go\u00fbt<\/strong><\/h3>\n<p data-start=\"1270\" data-end=\"1733\">La\u00a0<strong data-start=\"1274\" data-end=\"1318\">Arymi IFun 28000 Z\u00fcge Einweg E-Zigarette \n\n becomes \n\nArymi IFun 28000 tirages cigarette \u00e9lectronique jetable<\/strong>\u00a0a \u00e9t\u00e9 d\u00e9velopp\u00e9e en vue de la facilit\u00e9 d'utilisation et des performances, offrant une excellente alternative aux e-cigarettes traditionnelles. Cette e-cigarette jetable est pr\u00eate \u00e0 l'emploi imm\u00e9diatement et ne n\u00e9cessite pas de configuration compliqu\u00e9e. Avec une capacit\u00e9 impressionnante de 28 000 bouff\u00e9es, l'IFun offre une exp\u00e9rience de vapotage durable qui peut durer plusieurs semaines, selon l'intensit\u00e9 de votre utilisation.<\/p>\n<p data-start=\"1735\" data-end=\"2195\">La batterie de 600 mAh permet de vapoter longtemps sans interruption, sans avoir \u00e0 se soucier de recharger constamment. Si la batterie venait \u00e0 s'\u00e9puiser, elle peut \u00eatre recharg\u00e9e rapidement via un chargeur moderne\u00a0<strong data-start=\"1956\" data-end=\"1979\">prise USB de type C<\/strong>\u00a0\u00eatre recharg\u00e9es, ce qui rend leur utilisation encore plus pratique. Les\u00a0<strong data-start=\"2040\" data-end=\"2064\">1,0 \u03a9 Double Bobine Maille<\/strong>\u00a0assure une vaporisation uniforme et continue de l'e-liquide et permet un vapotage intense et r\u00e9gulier.<\/p>\n<h3 data-start=\"2197\" data-end=\"2260\"><strong data-start=\"2201\" data-end=\"2260\">Fonctions des trains Arymi IFun 28000 jetables E Zigarette<\/strong><\/h3>\n<ul data-start=\"2262\" data-end=\"3386\">\n<li data-start=\"2262\" data-end=\"2454\"><strong data-start=\"2264\" data-end=\"2306\">Premier nombre de puffs (28 000 tir\u00e9es) :<\/strong>\u00a0Profitez d'une exp\u00e9rience de vape in\u00e9gal\u00e9e sur une longue p\u00e9riode sans avoir \u00e0 vous soucier d'achats de remplacement fr\u00e9quents.<\/li>\n<li data-start=\"2455\" data-end=\"2620\"><strong data-start=\"2457\" data-end=\"2499\">Batterie rechargeable avec connecteur Type-C :<\/strong>\u00a0Gr\u00e2ce au connecteur de charge moderne de type C, vous pouvez recharger rapidement et facilement l'IFun lorsque la batterie est faible.<\/li>\n<li data-start=\"2621\" data-end=\"2797\"><strong data-start=\"2623\" data-end=\"2660\">Grande capacit\u00e9 de e-liquide (28 ml) :<\/strong>\u00a0Le g\u00e9n\u00e9reux r\u00e9servoir de 28 ml de e-liquide suffit pour de nombreuses bouff\u00e9es et vous permet de vapoter longtemps sans recharger constamment.<\/li>\n<li data-start=\"2798\" data-end=\"2987\"><strong data-start=\"2800\" data-end=\"2845\">Bobine Mesh Premium (1,0 \u03a9 Bobine Double Mesh)<\/strong>\u00a0Cette bobine de maillage de haute qualit\u00e9 assure une excellente formation de vapeur et une saveur intense, qui font de la vape une v\u00e9ritable jouissance.<\/li>\n<li data-start=\"2988\" data-end=\"3118\"><strong data-start=\"2990\" data-end=\"3015\">D\u00e9bit d'air r\u00e9glable :<\/strong>\u00a0Ajustez l'alimentation en air selon vos pr\u00e9f\u00e9rences pour personnaliser l'exp\u00e9rience de vape.<\/li>\n<li data-start=\"3119\" data-end=\"3271\"><strong data-start=\"3121\" data-end=\"3152\">Affichage de E-Liquid et de batterie :<\/strong>\u00a0Les indicateurs int\u00e9gr\u00e9s vous informent \u00e0 tout moment sur l'\u00e9tat de charge de la batterie et le niveau de liquide \u00e9lectronique.<\/li>\n<li data-start=\"3272\" data-end=\"3386\"><strong data-start=\"3274\" data-end=\"3301\">Vape jetable pratique :<\/strong>\u00a0Pas de remplissage compliqu\u00e9 ni de r\u00e9organisation n\u00e9cessaire - simplement d\u00e9baller et profiter.<\/li>\n<\/ul>\n<h3 data-start=\"3388\" data-end=\"3465\"><strong data-start=\"3392\" data-end=\"3465\">Pourquoi vous les<a href=\"https:\/\/alfakherwelt.de\/product-category\/arymi-ifun-28000\/\" target=\"_blank\" rel=\"noopener\">\u00a0Arymi IFun 28000 Z\u00fcge \n\nbecomes \n\nArymi IFun 28000 trains<\/a>\u00a0Cigarette \u00e9lectronique jetable acheter devrait<\/strong><\/h3>\n<ul data-start=\"3467\" data-end=\"4206\">\n<li data-start=\"3467\" data-end=\"3624\"><strong data-start=\"3469\" data-end=\"3487\">Durabilit\u00e9<\/strong>\u00a0Avec jusqu'\u00e0 28 000 bouff\u00e9es, cette cigarette \u00e9lectronique jetable offre une long\u00e9vit\u00e9 sans pr\u00e9c\u00e9dent et assure une exp\u00e9rience de vapotage durable.<\/li>\n<li data-start=\"3625\" data-end=\"3843\"><strong data-start=\"3627\" data-end=\"3664\">Pratique et convivial :<\/strong>\u00a0L'utilisation unique et la possibilit\u00e9 de recharger rapidement la cigarette \u00e9lectronique via le port de type C en font un excellent choix pour les vapoteurs de tous niveaux d'exp\u00e9rience.<\/li>\n<li data-start=\"3844\" data-end=\"4021\"><strong data-start=\"3846\" data-end=\"3881\">Options gustatives vari\u00e9es :<\/strong>\u00a0L'Arymi IFun offre une vari\u00e9t\u00e9 de saveurs qui feront battre le c\u0153ur de tous les amateurs de vape. Parfait pour tous ceux qui appr\u00e9cient la vari\u00e9t\u00e9.<\/li>\n<li data-start=\"4022\" data-end=\"4206\"><strong data-start=\"4024\" data-end=\"4052\">Technologie de haute qualit\u00e9:<\/strong>\u00a0La bobine Mesh Premium assure une saveur intense, tandis que le d\u00e9bit d'air r\u00e9glable adapte le vapotage \u00e0 votre go\u00fbt individuel.<\/li>\n<\/ul>\n<p><img loading=\"lazy\" decoding=\"async\" class=\"alignnone wp-image-2299 size-full\" title=\"Arymi IFun 28000 Z\u00fcge Einweg E Zigarette - Fizzy Cherry - Blue Razz Lemonade 2 devenu Arymi IFun 28000 tirages cigarette \u00e9lectronique jetable - Fizzy Cherry - Blue Razz Lemonade 2\" src=\"https:\/\/alfakher24h.de\/wp-content\/uploads\/2025\/03\/arymi-hookalit-2.webp\" sizes=\"auto, (max-width: 1077px) 100vw, 1077px\" srcset=\"https:\/\/alfakher24h.de\/wp-content\/uploads\/2025\/03\/arymi-hookalit-2.webp 1077w, https:\/\/alfakher24h.de\/wp-content\/uploads\/2025\/03\/arymi-hookalit-2-300x284.webp 300w, https:\/\/alfakher24h.de\/wp-content\/uploads\/2025\/03\/arymi-hookalit-2-1024x970.webp 1024w, https:\/\/alfakher24h.de\/wp-content\/uploads\/2025\/03\/arymi-hookalit-2-768x727.webp 768w, https:\/\/alfakher24h.de\/wp-content\/uploads\/2025\/03\/arymi-hookalit-2-13x12.webp 13w, https:\/\/alfakher24h.de\/wp-content\/uploads\/2025\/03\/arymi-hookalit-2-600x568.webp 600w\" alt=\"Arymi IFun 28000 Z\u00fcge Einweg E Zigarette - Fizzy Cherry - Blue Razz Lemonade  devient Arymi IFun 28000 tirages cigarette \u00e9lectronique jetable - Fizzy Cherry - Blue Razz Lemonade\" width=\"1077\" height=\"1020\" \/><\/p>\n<h3 data-start=\"4208\" data-end=\"4279\"><strong data-start=\"4212\" data-end=\"4279\">Description d\u00e9taill\u00e9e des ar\u00f4mes : Un plaisir pour tous les sens<\/strong><\/h3>\n<p data-start=\"4281\" data-end=\"4442\">La\u00a0<strong data-start=\"4285\" data-end=\"4329\">Arymi IFun 28000 Z\u00fcge Einweg E Zigarette \n\n becomes \n\nArymi IFun 28000 tirages cigarette \u00e9lectronique jetable<\/strong>\u00a0vient avec deux saveurs exquises qui font de la vape un v\u00e9ritable plaisir unique.<\/p>\n<h4 data-start=\"4444\" data-end=\"4485\"><strong data-start=\"4449\" data-end=\"4485\">Fizzy Cherry (Spritzige Kirsche)\n\n becomes \n\n Fizzy Cherry (Cerise p\u00e9tillante)<\/strong><\/h4>\n<p data-start=\"4487\" data-end=\"5065\">Le\u00a0<strong data-start=\"4491\" data-end=\"4507\">Fizzy Cherry<\/strong>Le go\u00fbt est un v\u00e9ritable chef-d'\u0153uvre de diversit\u00e9 d'ar\u00f4mes. D\u00e8s la premi\u00e8re aspiration, vous ressentez une explosion imm\u00e9diate de cerises sucr\u00e9es et juteuses, parfaitement combin\u00e9es \u00e0 une p\u00e9tillance picotante. Cette combinaison cr\u00e9e un effet rafra\u00eechissant et revigorant qui vous donne l'impression de d\u00e9guster une boisson aux cerises p\u00e9tillante. Le go\u00fbt est riche et authentique, et persiste agr\u00e9ablement en bouche sans \u00eatre \u00e9crasant. Id\u00e9al pour tous ceux qui aiment les ar\u00f4mes sucr\u00e9s et rafra\u00eechissants, mais qui recherchent n\u00e9anmoins quelque chose de nouveau et d'excitant.<\/p>\n<h4 data-start=\"5067\" data-end=\"5119\"><strong data-start=\"5072\" data-end=\"5119\">Blue Razz Lemonade \n(Blaue Himbeer-Limonade) \ndevient \n Blue Razz Lemonade (Blaue Himbeer-Limonade) \n\nCorrect translation \n Blue Razz Lemonade  is \n Blue Razz Lemonade \n\nThe translation result \nis \n Blue Razz Lemonade<\/strong><\/h4>\n<p data-start=\"5121\" data-end=\"5601\"><strong data-start=\"5121\" data-end=\"5143\">Blue Razz Lemonade \n becomes \n\nBlue Razz Lemonade<\/strong>\u00a0est un autre favori pour tous ceux qui aiment les exp\u00e9riences gustatives complexes et polyvalentes. Cette saveur combine la douceur fruit\u00e9e des myrtilles avec la fra\u00eecheur p\u00e9tillante de la limonade citronn\u00e9e. Les myrtilles offrent une douceur agr\u00e9able, tandis que le citron ajoute un coup de fouet rafra\u00eechissant qui compl\u00e8te harmonieusement l'ensemble de la saveur. La finale est rafra\u00eechissante et longue, ce qui rend cette saveur parfaite pour toute la journ\u00e9e.<\/p>\n<p data-start=\"5603\" data-end=\"5875\">Les deux saveurs sont parfaitement accord\u00e9es et offrent un m\u00e9lange \u00e9quilibr\u00e9 de fruit\u00e9, de douceur et de p\u00e9tillance. Que vous choisissiez\u00a0<strong data-start=\"5752\" data-end=\"5768\">Fizzy Cherry<\/strong>\u00a0ou\u00a0<strong data-start=\"5774\" data-end=\"5796\">Blue Razz Lemonade \n becomes \n\nBlue Razz Lemonade<\/strong>\u00a0d\u00e9cider, vous pouvez \u00eatre s\u00fbr que chaque vapeur est un v\u00e9ritable plaisir.<\/p>\n<h3 data-start=\"5877\" data-end=\"5915\"><strong data-start=\"5881\" data-end=\"5915\">Foire aux questions (FAQ)<\/strong><\/h3>\n<p data-start=\"5917\" data-end=\"6174\"><strong data-start=\"5917\" data-end=\"5985\">1. L'Arymi IFun 28000 est-elle une cigarette \u00e9lectronique jetable avec nicotine ?<\/strong><br data-start=\"5985\" data-end=\"5988\" \/>Oui, la Arymi IFun 28000 bouff\u00e9es E-cigarette jetable contient\u00a0<strong data-start=\"6045\" data-end=\"6060\">2 % Nicotine<\/strong>qui permet un apport nicotinique mod\u00e9r\u00e9, id\u00e9al pour les fumeurs et les vapoteurs qui recherchent un effet nicotinique clair.<\/p>\n<p data-start=\"6176\" data-end=\"6344\"><strong data-start=\"6176\" data-end=\"6220\">Combien de trains l'Arymi IFun propose-t-elle ?<\/strong><br data-start=\"6220\" data-end=\"6223\" \/>Les Arymi IFun offrent jusqu'\u00e0\u00a0<strong data-start=\"6252\" data-end=\"6267\">28 000 trains<\/strong>, ce qui en fait l'une des cigarettes \u00e9lectroniques jetables les plus durables du march\u00e9.<\/p>\n<p data-start=\"6346\" data-end=\"6523\"><strong data-start=\"6346\" data-end=\"6390\">3. Comment puis-je charger l'Arymi IFun ?<\/strong><br data-start=\"6390\" data-end=\"6393\" \/>L'Arymi IFun est \u00e9quip\u00e9 d'un\u00a0<strong data-start=\"6422\" data-end=\"6442\">Connecteur de type C<\/strong>\u00a0\u00e9quip\u00e9, avec lequel vous pouvez charger rapidement et efficacement la cigarette \u00e9lectronique.<\/p>\n<p data-start=\"6525\" data-end=\"6731\"><strong data-start=\"6525\" data-end=\"6580\">4. Quelle est la dur\u00e9e de vie de la capacit\u00e9 de e-liquide de 28 ml ?<\/strong><br data-start=\"6580\" data-end=\"6583\" \/>La\u00a0<strong data-start=\"6587\" data-end=\"6605\">28 ml E-Liquid<\/strong>\u00a0suffisent pour jusqu'\u00e0 28 000 trains, selon la fr\u00e9quence d'utilisation. Vous pouvez ainsi profiter longtemps sans avoir \u00e0 recharger.<\/p>\n<p data-start=\"6733\" data-end=\"6979\"><strong data-start=\"6733\" data-end=\"6777\">Quels sont les avantages des coils mesh ?<\/strong><br data-start=\"6777\" data-end=\"6780\" \/>La\u00a0<strong data-start=\"6784\" data-end=\"6808\">1,0 \u03a9 Double Bobine Maille<\/strong>\u00a0assure une vaporisation uniforme et offre une saveur intense et riche. Cela am\u00e9liore l'exp\u00e9rience de vapotage et garantit une performance \u00e9lev\u00e9e constante.<\/p>\n<p data-start=\"6981\" data-end=\"7250\"><strong data-start=\"6981\" data-end=\"7020\">Puis-je r\u00e9gler l'airflow ?<\/strong><br data-start=\"7020\" data-end=\"7023\" \/>Oui, les\u00a0<strong data-start=\"7031\" data-end=\"7075\">Arymi IFun 28000 Z\u00fcge Einweg E Zigarette \n\n becomes \n\nArymi IFun 28000 tirages cigarette \u00e9lectronique jetable<\/strong>\u00a0a une\u00a0<strong data-start=\"7085\" data-end=\"7109\">d\u00e9bit d'air r\u00e9glable<\/strong>qui vous permet d'ajuster l'alimentation en air selon vos pr\u00e9f\u00e9rences personnelles pour profiter d'une exp\u00e9rience de vape personnalis\u00e9e.<\/p>\n<h3 data-start=\"7252\" data-end=\"7293\"><strong data-start=\"7256\" data-end=\"7293\">Pourquoi acheter sur alfakher24h.de ?<\/strong><\/h3>\n<p data-start=\"7295\" data-end=\"7768\">Sur alfakher24h.de, la plus grande plateforme en ligne pour les cigarettes \u00e9lectroniques jetables en Allemagne, vous trouverez les\u00a0<strong data-start=\"7404\" data-end=\"7448\">Arymi IFun 28000 Z\u00fcge Einweg E Zigarette \n\n becomes \n\nArymi IFun 28000 tirages cigarette \u00e9lectronique jetable<\/strong>\u00a0\u00e0 des prix exceptionnels. Notre site Web convivial vous permet de passer commande rapidement et facilement, et nous garantissons une livraison rapide et un service client de premi\u00e8re qualit\u00e9. Faites confiance \u00e0 notre expertise pour les produits de haute qualit\u00e9\u00a0<strong data-start=\"7685\" data-end=\"7720\">Cigarettes \u00e9lectroniques jetables avec nicotine<\/strong>\u00a0va -\u00a0<strong data-start=\"7728\" data-end=\"7743\">Acheter un vaporisateur<\/strong>\u00a0C'\u00e9tait encore jamais aussi simple !<\/p>","protected":false},"excerpt":{"rendered":"<p>alfakher24h.de, la plus grande plateforme en ligne pour les cigarettes \u00e9lectroniques jetables en Allemagne, retrouvez les\u00a0<strong data-start=\"7404\" data-end=\"7448\">Arymi IFun 28000 Z\u00fcge Einweg E Zigarette \n\n becomes \n\nArymi IFun 28000 tirages cigarette \u00e9lectronique jetable<\/strong>\u00a0\u00e0 des prix exceptionnels. Notre site Web convivial vous permet de passer commande rapidement et facilement,<\/p>","protected":false},"featured_media":1747,"comment_status":"open","ping_status":"closed","template":"","meta":{"om_disable_all_campaigns":false},"product_brand":[],"product_cat":[45],"product_tag":[],"class_list":{"0":"post-1744","1":"product","2":"type-product","3":"status-publish","4":"has-post-thumbnail","6":"product_cat-arymi-ifun-28000","8":"first","9":"outofstock","10":"shipping-taxable","11":"purchasable","12":"product-type-simple"},"_links":{"self":[{"href":"https:\/\/alfakher24h.de\/fr\/wp-json\/wp\/v2\/product\/1744","targetHints":{"allow":["GET"]}}],"collection":[{"href":"https:\/\/alfakher24h.de\/fr\/wp-json\/wp\/v2\/product"}],"about":[{"href":"https:\/\/alfakher24h.de\/fr\/wp-json\/wp\/v2\/types\/product"}],"replies":[{"embeddable":true,"href":"https:\/\/alfakher24h.de\/fr\/wp-json\/wp\/v2\/comments?post=1744"}],"wp:featuredmedia":[{"embeddable":true,"href":"https:\/\/alfakher24h.de\/fr\/wp-json\/wp\/v2\/media\/1747"}],"wp:attachment":[{"href":"https:\/\/alfakher24h.de\/fr\/wp-json\/wp\/v2\/media?parent=1744"}],"wp:term":[{"taxonomy":"product_brand","embeddable":true,"href":"https:\/\/alfakher24h.de\/fr\/wp-json\/wp\/v2\/product_brand?post=1744"},{"taxonomy":"product_cat","embeddable":true,"href":"https:\/\/alfakher24h.de\/fr\/wp-json\/wp\/v2\/product_cat?post=1744"},{"taxonomy":"product_tag","embeddable":true,"href":"https:\/\/alfakher24h.de\/fr\/wp-json\/wp\/v2\/product_tag?post=1744"}],"curies":[{"name":"wp","href":"https:\/\/api.w.org\/{rel}","templated":true}]}}