{"id":1714,"date":"2025-03-07T06:34:45","date_gmt":"2025-03-07T06:34:45","guid":{"rendered":"https:\/\/alfakher24h.de\/?post_type=product&#038;p=1714"},"modified":"2025-05-21T04:35:18","modified_gmt":"2025-05-21T04:35:18","slug":"httperror-response-code-429-too-many-requests-38","status":"publish","type":"product","link":"https:\/\/alfakher24h.de\/fr\/produit\/httperror-response-code-429-too-many-requests-38\/","title":{"rendered":"AI Fakher Crown Bar 15000 tirages cigarette \u00e9lectronique jetable - Gum Mint"},"content":{"rendered":"<h2>Al Fakher Crown Bar 15000 PRO : E-cigarette jetable avec une vari\u00e9t\u00e9 d'ar\u00f4mes intense et une puissance maximale<\/h2>\n<p>La\u00a0<strong>Al Fakher Crown Bar 15000 PRO<\/strong>\u00a0offre un plaisir de vape in\u00e9gal\u00e9 et est con\u00e7u pour tous ceux qui appr\u00e9cient la qualit\u00e9, l'ar\u00f4me et la durabilit\u00e9. Cet appareil de vape innovant dispose d'une batterie rechargeable USB-C puissante de 600mAh, d'une capacit\u00e9 impressionnante de 22ml de e-liquide et jusqu'\u00e0 15 000 bouff\u00e9es. Avec ce nouveau design, Al Fakher \u00e9l\u00e8ve la vape \u00e0 un nouveau niveau, en particulier pour tous ceux qui recherchent en Allemagne une cigarette \u00e9lectronique jetable fiable et puissante.<\/p>\n<h3>Caract\u00e9ristiques uniques de l'Al Fakher Crown Bar 15000 PRO<\/h3>\n<ul>\n<li><strong>Imposants convois :<\/strong>\u00a0Profitez de jusqu'\u00e0 15 000 bouff\u00e9es - id\u00e9al pour un plaisir de vapeur durable.<\/li>\n<li><strong>Autonomie de la batterie :<\/strong>\u00a0La batterie de 600mAh assure que l'appareil dure jusqu'\u00e0 ce que tout le liquide \u00e9lectronique soit \u00e9puis\u00e9 - pratique et fiable.<\/li>\n<li><strong>Capacit\u00e9 de e-liquide de 22 ml :<\/strong>\u00a0Profitez d'une grande quantit\u00e9 de liquide sans avoir besoin de recharger constamment.<\/li>\n<li><strong>Teneur en nicotine de 5% (50mg) :<\/strong>\u00a0Parfaitement adapt\u00e9 aux besoins de nombreux vapoteurs.<\/li>\n<li><strong>Design moderne :<\/strong>\u00a0Avec un \u00e9cran LED pour le niveau de la batterie et le niveau de liquide, vous \u00eates toujours inform\u00e9.<\/li>\n<li><strong>Manipulation facile et rechargeabilit\u00e9 :<\/strong>\u00a0La prise USB de type C (c\u00e2ble non inclus) permet une charge facile et rapide.<\/li>\n<\/ul>\n<p>Visitez notre site Web alfakher24h.de et d\u00e9couvrez notre large gamme de cigarettes \u00e9lectroniques jetables.<\/p>\n<hr \/>\n<h2>Un aper\u00e7u d\u00e9taill\u00e9 dans le monde des saveurs de  Al Fakher Crown Bar 15000 PRO<\/h2>\n<p>Al Fakher a transf\u00e9r\u00e9 son expertise du domaine traditionnel du narguil\u00e9 de mani\u00e8re transparente sur le march\u00e9 de la vape. Avec une vari\u00e9t\u00e9 impressionnante d'ar\u00f4mes authentiques et intenses, chaque exp\u00e9rience de vapotage devient un v\u00e9ritable moment de plaisir.<\/p>\n<h3>Exp\u00e9rience gustative : Gum Mint<\/h3>\n<p><strong>Gomme Menthe<\/strong>\u00a0est un m\u00e9lange rafra\u00eechissant qui combine la menthe fra\u00eeche avec une touche de chewing-gum sucr\u00e9. \u00c0 chaque bouff\u00e9e, vous d\u00e9couvrez la fra\u00eecheur vivifiante de la menthe, adoucie par la douceur d'une saveur de chewing-gum famili\u00e8re. C'est un choix parfait pour ceux qui appr\u00e9cient une pointe de fra\u00eecheur avec une saveur sucr\u00e9e et famili\u00e8re. La combinaison de saveurs offre un ar\u00f4me durable que vous aurez envie de savourer \u00e0 nouveau et \u00e0 nouveau.<\/p>\n<p><img loading=\"lazy\" decoding=\"async\" class=\"alignnone wp-image-824 size-full\" title=\"AI Fakher Crown Bar 15000 bouff\u00e9es cigarette \u00e9lectronique jetable - Gum Mint 2\" src=\"https:\/\/alfakher24h.de\/wp-content\/uploads\/2025\/03\/1AI-Fakher-Crown-Bar-15000.webp\" sizes=\"auto, (max-width: 1080px) 100vw, 1080px\" srcset=\"https:\/\/alfakher24h.de\/wp-content\/uploads\/2025\/03\/1AI-Fakher-Crown-Bar-15000.webp 1080w, https:\/\/alfakher24h.de\/wp-content\/uploads\/2025\/03\/1AI-Fakher-Crown-Bar-15000-225x300.webp 225w, https:\/\/alfakher24h.de\/wp-content\/uploads\/2025\/03\/1AI-Fakher-Crown-Bar-15000-768x1024.webp 768w, https:\/\/alfakher24h.de\/wp-content\/uploads\/2025\/03\/1AI-Fakher-Crown-Bar-15000-600x800.webp 600w\" alt=\"AI Fakher Crown Bar 15000 bouff\u00e9es cigarette \u00e9lectronique jetable - Gum Mint \" width=\"1080\" height=\"1440\" \/><\/p>\n<hr \/>\n<h2>Pourquoi l'Al Fakher Crown Bar 15000 PRO est le meilleur choix pour les vapoteurs<\/h2>\n<ol>\n<li><strong>Qualit\u00e9 et fiabilit\u00e9 :<\/strong>\u00a0La haute qualit\u00e9 de fabrication d'Al Fakher garantit un appareil durable qui ne vous laissera pas tomber.<\/li>\n<li><strong>Exp\u00e9rience de vapeur intensive :<\/strong>\u00a0Avec jusqu'\u00e0 15 000 bouff\u00e9es, vous vivez un plaisir de vapeur durable et intense.<\/li>\n<li><strong>Chargement simple :<\/strong>\u00a0La prise de charge USB-C permet une recharge simple et rapide.<\/li>\n<li><strong>Taux \u00e9lev\u00e9 de nicotine :<\/strong>\u00a0Le taux de nicotine de 5% s'adresse particuli\u00e8rement aux vapoteurs exp\u00e9riment\u00e9s qui recherchent une exp\u00e9rience plus intense.<\/li>\n<li><strong>Vari\u00e9t\u00e9 aromatique :<\/strong>\u00a0Gr\u00e2ce \u00e0 la large s\u00e9lection d'ar\u00f4mes, il y a quelque chose pour tous les go\u00fbts.<\/li>\n<\/ol>\n<p>&nbsp;<\/p>\n<p>La\u00a0<strong>Al Fakher Crown Bar 15000 PRO<\/strong> C'est plus qu'une simple cigarette \u00e9lectronique jetable - c'est une d\u00e9claration en mati\u00e8re de qualit\u00e9 et de performance. Que vous soyez un vapoteur exp\u00e9riment\u00e9 ou un d\u00e9butant, cet appareil vous offre tout ce dont vous avez besoin pour passer votre plaisir de vapoter au niveau sup\u00e9rieur. Visitez-nous sur alfakher24h.de et s\u00e9curisez votre appareil d\u00e8s aujourd'hui !<\/p>\n<p><img loading=\"lazy\" decoding=\"async\" class=\"alignnone size-full wp-image-855\" title=\"AI Fakher Crown Bar 15000 bouff\u00e9es cigarette \u00e9lectronique jetable - Gum Mint 3\" src=\"https:\/\/alfakher24h.de\/wp-content\/uploads\/2025\/03\/2AI-Fakher-Crown-Bar-15000-1.webp\" sizes=\"auto, (max-width: 1920px) 100vw, 1920px\" srcset=\"https:\/\/alfakher24h.de\/wp-content\/uploads\/2025\/03\/2AI-Fakher-Crown-Bar-15000-1.webp 1920w, https:\/\/alfakher24h.de\/wp-content\/uploads\/2025\/03\/2AI-Fakher-Crown-Bar-15000-1-300x169.webp 300w, https:\/\/alfakher24h.de\/wp-content\/uploads\/2025\/03\/2AI-Fakher-Crown-Bar-15000-1-1024x576.webp 1024w, https:\/\/alfakher24h.de\/wp-content\/uploads\/2025\/03\/2AI-Fakher-Crown-Bar-15000-1-768x432.webp 768w, https:\/\/alfakher24h.de\/wp-content\/uploads\/2025\/03\/2AI-Fakher-Crown-Bar-15000-1-1536x864.webp 1536w, https:\/\/alfakher24h.de\/wp-content\/uploads\/2025\/03\/2AI-Fakher-Crown-Bar-15000-1-600x338.webp 600w\" alt=\"AI Fakher Crown Bar 15000 bouff\u00e9es cigarette \u00e9lectronique jetable - Gum Mint \" width=\"1920\" height=\"1080\" \/><\/p>","protected":false},"excerpt":{"rendered":"<p><strong>Al Fakher Crown Bar 15000 PRO<\/strong> C'est plus qu'une simple cigarette \u00e9lectronique jetable - c'est une d\u00e9claration en termes de qualit\u00e9 et de performance. Que vous soyez un vapoteur exp\u00e9riment\u00e9 ou un d\u00e9butant, cet appareil vous offre tout ce dont vous avez besoin<\/p>","protected":false},"featured_media":1715,"comment_status":"open","ping_status":"closed","template":"","meta":{"om_disable_all_campaigns":false},"product_brand":[],"product_cat":[43],"product_tag":[],"class_list":{"0":"post-1714","1":"product","2":"type-product","3":"status-publish","4":"has-post-thumbnail","6":"product_cat-al-fakher-crown-bar-15000","8":"first","9":"outofstock","10":"shipping-taxable","11":"purchasable","12":"product-type-simple"},"_links":{"self":[{"href":"https:\/\/alfakher24h.de\/fr\/wp-json\/wp\/v2\/product\/1714","targetHints":{"allow":["GET"]}}],"collection":[{"href":"https:\/\/alfakher24h.de\/fr\/wp-json\/wp\/v2\/product"}],"about":[{"href":"https:\/\/alfakher24h.de\/fr\/wp-json\/wp\/v2\/types\/product"}],"replies":[{"embeddable":true,"href":"https:\/\/alfakher24h.de\/fr\/wp-json\/wp\/v2\/comments?post=1714"}],"wp:featuredmedia":[{"embeddable":true,"href":"https:\/\/alfakher24h.de\/fr\/wp-json\/wp\/v2\/media\/1715"}],"wp:attachment":[{"href":"https:\/\/alfakher24h.de\/fr\/wp-json\/wp\/v2\/media?parent=1714"}],"wp:term":[{"taxonomy":"product_brand","embeddable":true,"href":"https:\/\/alfakher24h.de\/fr\/wp-json\/wp\/v2\/product_brand?post=1714"},{"taxonomy":"product_cat","embeddable":true,"href":"https:\/\/alfakher24h.de\/fr\/wp-json\/wp\/v2\/product_cat?post=1714"},{"taxonomy":"product_tag","embeddable":true,"href":"https:\/\/alfakher24h.de\/fr\/wp-json\/wp\/v2\/product_tag?post=1714"}],"curies":[{"name":"wp","href":"https:\/\/api.w.org\/{rel}","templated":true}]}}