{"id":1706,"date":"2025-03-06T09:04:23","date_gmt":"2025-03-06T09:04:23","guid":{"rendered":"https:\/\/alfakher24h.de\/?post_type=product&#038;p=1706"},"modified":"2025-05-21T04:35:19","modified_gmt":"2025-05-21T04:35:19","slug":"httperror-response-code-429-too-many-requests-2","status":"publish","type":"product","link":"https:\/\/alfakher24h.de\/fr\/produit\/httperror-response-code-429-too-many-requests-2\/","title":{"rendered":"AI Fakher Crown Bar 15000 tirages cigarette \u00e9lectronique jetable - Berry Ice"},"content":{"rendered":"<h2><a href=\"https:\/\/alfakher24h.de\/fr\/\">Al Fakher<\/a> Crown Bar 15000 PRO : La version ultime <a href=\"https:\/\/alfakher24h.de\/fr\/\">Cigarette \u00e9lectronique jetable<\/a> pour l'Allemagne<\/h2>\n<p><img loading=\"lazy\" decoding=\"async\" class=\"alignnone size-full wp-image-1703\" src=\"https:\/\/alfakher24h.de\/wp-content\/uploads\/2025\/03\/5AI-Fakher-Crown-Bar-15000.webp\" alt=\"\" width=\"800\" height=\"800\" title=\"\" srcset=\"https:\/\/alfakher24h.de\/wp-content\/uploads\/2025\/03\/5AI-Fakher-Crown-Bar-15000.webp 800w, https:\/\/alfakher24h.de\/wp-content\/uploads\/2025\/03\/5AI-Fakher-Crown-Bar-15000-300x300.webp 300w, https:\/\/alfakher24h.de\/wp-content\/uploads\/2025\/03\/5AI-Fakher-Crown-Bar-15000-150x150.webp 150w, https:\/\/alfakher24h.de\/wp-content\/uploads\/2025\/03\/5AI-Fakher-Crown-Bar-15000-768x768.webp 768w, https:\/\/alfakher24h.de\/wp-content\/uploads\/2025\/03\/5AI-Fakher-Crown-Bar-15000-12x12.webp 12w, https:\/\/alfakher24h.de\/wp-content\/uploads\/2025\/03\/5AI-Fakher-Crown-Bar-15000-600x600.webp 600w, https:\/\/alfakher24h.de\/wp-content\/uploads\/2025\/03\/5AI-Fakher-Crown-Bar-15000-100x100.webp 100w\" sizes=\"auto, (max-width: 800px) 100vw, 800px\" \/><\/p>\n<p>La\u00a0<strong>Al Fakher Crown Bar 15000 PRO<\/strong>\u00a0est la derni\u00e8re innovation dans le monde de la\u00a0<strong>E-cigarettes jetables<\/strong>Avec pas moins de 15 000 mouvements, un \u00e9cran LED avanc\u00e9 et un\u00a0<strong>batterie rechargeable de 600mAh USB-C<\/strong>offre la solution parfaite pour les amateurs de vape en Allemagne. Cette e-cigarette combine design moderne, technologie et les bien connus\u00a0<strong>Al Fakher Aromen<\/strong>\u00a0dans un appareil pratique. Que ce soit pour les nouveaux venus ou les vapoteurs exp\u00e9riment\u00e9s, cet appareil offre une exp\u00e9rience unique.<\/p>\n<hr \/>\n<h3>Description du produit<\/h3>\n<p>La\u00a0<strong>Al Fakher Crown Bar 15000 PRO<\/strong>\u00a0est l'une des plus puissantes\u00a0<a href=\"https:\/\/alfakher24h.de\/fr\/\"><strong>E-cigarettes jetables<\/strong><\/a>\u00a0sur le march\u00e9. \u00c9quip\u00e9 d'une impressionnante contenance de 22 ml de e-liquide de haute qualit\u00e9 et d'une batterie de 600 mAh\u00a0<strong>Batterie rechargeable USB-C<\/strong>permet \u00e0 cet appareil jusqu'\u00e0\u00a0<strong>15 000 trains<\/strong>. Gr\u00e2ce \u00e0 l'\u00e9cran LED int\u00e9gr\u00e9, les utilisateurs ont toujours une vue d'ensemble sur le\u00a0<strong>E-Liquid-Stand<\/strong>\u00a0et le\u00a0<strong>\u00c9tat de la batterie<\/strong>Le design \u00e9l\u00e9gant et ergonomique avec le logo int\u00e9gr\u00e9 fait de cet appareil un v\u00e9ritable objet de convoitise.<\/p>\n<p>Cette\u00a0<strong>Cigarette \u00e9lectronique jetable<\/strong>\u00a0est particuli\u00e8rement adapt\u00e9 pour ceux qui accordent de l'importance \u00e0\u00a0<strong>grande formation de nuages<\/strong>une utilisation \u00e0 long terme et une manipulation simple. Un autre avantage est la grande\u00a0<strong>Vari\u00e9t\u00e9 d'ar\u00f4mes<\/strong>les Al Fakher de ses traditions\u00a0<strong>Ar\u00f4mes de tabac pour narguil\u00e9<\/strong>\u00a0a repris et qu'il a maintenant parfaitement adapt\u00e9es \u00e0\u00a0<strong>Vapotage<\/strong>\u00a0a vot\u00e9.<\/p>\n<hr \/>\n<h3>D\u00e9tails techniques et particularit\u00e9s<\/h3>\n<ul>\n<li><strong>Nombre de bouff\u00e9es<\/strong>: Plus de 15 000 trains<\/li>\n<li><strong>Contenance<\/strong>: 22ml E-Liquid<\/li>\n<li><strong>Teneur en nicotine<\/strong>: 5% (50mg)<\/li>\n<li><strong>Capacit\u00e9 de la batterie<\/strong>: Batterie rechargeable 600mAh USB-C<\/li>\n<li><strong>Temps de chargement<\/strong>: Prise USB-C pour une charge rapide (c\u00e2ble non inclus)<\/li>\n<li><strong>Affichage LED<\/strong>: Affichage du niveau de e-liquide et de l'\u00e9tat de la batterie<\/li>\n<li><strong>Conception<\/strong>: Ergonomique avec logo int\u00e9gr\u00e9<\/li>\n<li><strong>Compatibilit\u00e9<\/strong>Parfait pour \u00eatre emport\u00e9 partout et pour une utilisation quotidienne<\/li>\n<li><strong>Particularit\u00e9<\/strong>: Long\u00e9vit\u00e9 gr\u00e2ce au nombre \u00e9lev\u00e9 de voyages<\/li>\n<\/ul>\n<p>Ces d\u00e9tails font les\u00a0<strong>Crown Bar 15000 PRO<\/strong>\u00a0le choix optimal pour tous ceux qui recherchent un produit fiable et puissant\u00a0<strong>Dispositif de vapotage<\/strong>\u00a0chercher.<\/p>\n<hr \/>\n<h3>Vari\u00e9t\u00e9 des saveurs - Plus qu'un simple plaisir<\/h3>\n<p>Al Fakher est connu pour ses produits distinctifs\u00a0<strong>Aromas<\/strong>qui ont une longue tradition dans le domaine du Shisha. Cette expertise a maintenant \u00e9t\u00e9 \u00e9tendue au monde de\u00a0<strong>Vapes jetables<\/strong>\u00a0transf\u00e9rer pour obtenir un premier plan\u00a0<strong>Exp\u00e9rience de vapeur<\/strong>\u00a0garantir. Les\u00a0<strong>Crown Bar 15000 PRO<\/strong>\u00a0offre une grande vari\u00e9t\u00e9 de saveurs d\u00e9licieuses, toutes soigneusement d\u00e9velopp\u00e9es pour fournir une saveur authentique et intense. Une saveur particuli\u00e8rement populaire est\u00a0<strong>Berry Ice<\/strong>.<\/p>\n<h4><strong>Berry Ice<\/strong>: Jouissance fruit\u00e9e avec un kick glacial<\/h4>\n<p>Le\u00a0<strong>Berry Ice<\/strong>\u00a0ar\u00f4me de\u00a0<strong>Al Fakher Crown Bar 15000 PRO<\/strong>\u00a0combine le go\u00fbt intense de baies sucr\u00e9es avec une fra\u00eecheur rafra\u00eechissante. D\u00e8s la premi\u00e8re bouff\u00e9e, il d\u00e9ploie toute sa saveur\u00a0<strong>go\u00fbt de bi\u00e8re<\/strong>qui rappelle des fruits m\u00fbrs et juteux. C'est un m\u00e9lange harmonieux de diff\u00e9rentes vari\u00e9t\u00e9s de baies qui se distinguent par leur douceur, mais offrent \u00e9galement une acidit\u00e9 naturelle qui assure la vari\u00e9t\u00e9.<\/p>\n<p>La composante fruit\u00e9 est donn\u00e9e par une subtile\u00a0<strong>Note de glace<\/strong>\u00a0compl\u00e8te, qui donne \u00e0 chaque trajet une fra\u00eecheur agr\u00e9able. Cette effet rafra\u00eechissant rend le\u00a0<strong>Aroma de glace aux baies<\/strong>\u00a0pour un choix parfait pour les journ\u00e9es chaudes d'\u00e9t\u00e9 ou les moments o\u00f9 l'on a simplement besoin d'un coup de fouet frais et revitalisant. L'ar\u00f4me reste constant sur l'ensemble des 15 000 bouff\u00e9es et ne perd pas d'intensit\u00e9 m\u00eame apr\u00e8s une utilisation prolong\u00e9e.<\/p>\n<p>Chaque ar\u00f4me de la\u00a0<strong>Crown Bar 15000 PRO<\/strong>\u00a0a \u00e9t\u00e9 con\u00e7u pour convenir aussi bien aux nouveaux venus qu'aux vapoteurs exp\u00e9riment\u00e9s. Les ar\u00f4mes sont pleins, intenses et offrent une exp\u00e9rience globalement satisfaisante.<\/p>\n<hr \/>\n<h3>Pourquoi l'Al Fakher Crown Bar 15000 PRO est le meilleur choix<\/h3>\n<ol>\n<li><strong>Durabilit\u00e9<\/strong>: Avec\u00a0<strong>15 000 trains<\/strong>\u00a0ce dispositif dure nettement plus longtemps que beaucoup d'autres\u00a0<strong>E-cigarettes jetables<\/strong>\u00a0sur le march\u00e9.<\/li>\n<li><strong>Vari\u00e9t\u00e9 d'ar\u00f4mes<\/strong>: Le choix des ar\u00f4mes, tels que\u00a0<strong>Berry Ice<\/strong>offre une exp\u00e9rience adapt\u00e9e \u00e0 chaque go\u00fbt.<\/li>\n<li><strong>Confort<\/strong>: Gr\u00e2ce \u00e0 la\u00a0<strong>batterie rechargeable<\/strong>\u00a0et la manipulation simple est la\u00a0<strong>Crown Bar 15000 PRO<\/strong>\u00a0id\u00e9al pour unterwegs.<\/li>\n<li><strong>Design innovant<\/strong>: La conception ergonomique et les\u00a0<strong>Affichage \u00e0 LED<\/strong>\u00a0offrent non seulement du confort, mais \u00e9galement une apparence moderne et \u00e9l\u00e9gante.<\/li>\n<li><strong>Fiabilit\u00e9<\/strong>Al Fakher est synonyme de qualit\u00e9 et de go\u00fbt depuis des d\u00e9cennies - une marque \u00e0 laquelle on peut faire confiance.<\/li>\n<li><strong>Achat simple<\/strong>Visitez notre site Web alfakher24h.de et d\u00e9couvrez notre large s\u00e9lection de\u00a0<a href=\"https:\/\/alfakher24h.de\/fr\/\"><strong>E-cigarettes jetables<\/strong>.<\/a><\/li>\n<\/ol>\n<hr \/>\n<h3>Al Fakher Crown Bar 15000 PRO \u2013 \u00c9levez votre exp\u00e9rience de vapotage \u00e0 un niveau sup\u00e9rieur<\/h3>\n<p>Avec la\u00a0<strong>Al Fakher Crown Bar 15000 PRO<\/strong>\u00a0ont la solution parfaite pour vos\u00a0<strong>Vape-Bed\u00fcrfnisse \nLes besoins en mati\u00e8re de vape<\/strong>\u00a0retrouv\u00e9. Que vous cherchiez un appareil qui dure longtemps ou qui offre des performances intensives,\u00a0<strong>Saveurs<\/strong>qui font de chaque trajet un \u00e9v\u00e9nement - ce produit offre tout ce que le c\u0153ur d'un fumeur de vapeur d\u00e9sire.<\/p>\n<p>Ne manquez pas l'occasion de\u00a0<strong>produit de haute qualit\u00e9<\/strong> \u00e0 tester. Visitez-nous sur <a href=\"https:\/\/alfakher24h.de\/fr\/\">alfakher24h.de<\/a>\u00a0et d\u00e9couvrez le monde de la vape dans une nouvelle dimension. Avec la\u00a0<strong>Al Fakher Crown Bar 15000 PRO<\/strong>\u00a0vous serez certainement satisfait !<\/p>","protected":false},"excerpt":{"rendered":"<p><strong>Al Fakher Crown Bar 15000 PRO<\/strong>\u00a0ont la solution parfaite pour vos\u00a0<strong>Vape-Bed\u00fcrfnisse \nLes besoins en mati\u00e8re de vape<\/strong>\u00a0retrouv\u00e9. Que vous cherchiez un appareil qui dure longtemps ou qui offre des performances intensives,\u00a0<strong>Saveurs<\/strong><\/p>","protected":false},"featured_media":1707,"comment_status":"open","ping_status":"closed","template":"","meta":{"om_disable_all_campaigns":false},"product_brand":[],"product_cat":[43],"product_tag":[],"class_list":{"0":"post-1706","1":"product","2":"type-product","3":"status-publish","4":"has-post-thumbnail","6":"product_cat-al-fakher-crown-bar-15000","8":"first","9":"outofstock","10":"shipping-taxable","11":"purchasable","12":"product-type-simple"},"_links":{"self":[{"href":"https:\/\/alfakher24h.de\/fr\/wp-json\/wp\/v2\/product\/1706","targetHints":{"allow":["GET"]}}],"collection":[{"href":"https:\/\/alfakher24h.de\/fr\/wp-json\/wp\/v2\/product"}],"about":[{"href":"https:\/\/alfakher24h.de\/fr\/wp-json\/wp\/v2\/types\/product"}],"replies":[{"embeddable":true,"href":"https:\/\/alfakher24h.de\/fr\/wp-json\/wp\/v2\/comments?post=1706"}],"wp:featuredmedia":[{"embeddable":true,"href":"https:\/\/alfakher24h.de\/fr\/wp-json\/wp\/v2\/media\/1707"}],"wp:attachment":[{"href":"https:\/\/alfakher24h.de\/fr\/wp-json\/wp\/v2\/media?parent=1706"}],"wp:term":[{"taxonomy":"product_brand","embeddable":true,"href":"https:\/\/alfakher24h.de\/fr\/wp-json\/wp\/v2\/product_brand?post=1706"},{"taxonomy":"product_cat","embeddable":true,"href":"https:\/\/alfakher24h.de\/fr\/wp-json\/wp\/v2\/product_cat?post=1706"},{"taxonomy":"product_tag","embeddable":true,"href":"https:\/\/alfakher24h.de\/fr\/wp-json\/wp\/v2\/product_tag?post=1706"}],"curies":[{"name":"wp","href":"https:\/\/api.w.org\/{rel}","templated":true}]}}