{"id":1704,"date":"2025-03-06T08:55:36","date_gmt":"2025-03-06T08:55:36","guid":{"rendered":"https:\/\/alfakher24h.de\/?post_type=product&#038;p=1704"},"modified":"2025-05-21T04:35:19","modified_gmt":"2025-05-21T04:35:19","slug":"httperror-response-code-429-too-many-requests-6","status":"publish","type":"product","link":"https:\/\/alfakher24h.de\/fr\/produit\/httperror-response-code-429-too-many-requests-6\/","title":{"rendered":"AI Fakher Crown Bar 15000 tirages cigarette \u00e9lectronique jetable - White Flash"},"content":{"rendered":"<h2 data-start=\"0\" data-end=\"125\"><strong data-start=\"0\" data-end=\"125\">Al Fakher Crown Bar 15000 Vape jetable - Cigarette \u00e9lectronique \u00e0 usage unique avec 15 000 bouff\u00e9es pour une exp\u00e9rience de vapotage inoubliable<\/strong><\/h2>\n<p><img loading=\"lazy\" decoding=\"async\" class=\"alignnone size-full wp-image-1703\" src=\"https:\/\/alfakher24h.de\/wp-content\/uploads\/2025\/03\/5AI-Fakher-Crown-Bar-15000.webp\" alt=\"\" width=\"800\" height=\"800\" title=\"\" srcset=\"https:\/\/alfakher24h.de\/wp-content\/uploads\/2025\/03\/5AI-Fakher-Crown-Bar-15000.webp 800w, https:\/\/alfakher24h.de\/wp-content\/uploads\/2025\/03\/5AI-Fakher-Crown-Bar-15000-300x300.webp 300w, https:\/\/alfakher24h.de\/wp-content\/uploads\/2025\/03\/5AI-Fakher-Crown-Bar-15000-150x150.webp 150w, https:\/\/alfakher24h.de\/wp-content\/uploads\/2025\/03\/5AI-Fakher-Crown-Bar-15000-768x768.webp 768w, https:\/\/alfakher24h.de\/wp-content\/uploads\/2025\/03\/5AI-Fakher-Crown-Bar-15000-12x12.webp 12w, https:\/\/alfakher24h.de\/wp-content\/uploads\/2025\/03\/5AI-Fakher-Crown-Bar-15000-600x600.webp 600w, https:\/\/alfakher24h.de\/wp-content\/uploads\/2025\/03\/5AI-Fakher-Crown-Bar-15000-100x100.webp 100w\" sizes=\"auto, (max-width: 800px) 100vw, 800px\" \/><\/p>\n<h3 data-start=\"127\" data-end=\"157\">Vue d'ensemble du produit<\/h3>\n<p data-start=\"158\" data-end=\"778\">La\u00a0<strong data-start=\"162\" data-end=\"214\">Al Fakher Crown Bar 15000 PRO cigarette \u00e9lectronique jetable<\/strong>\u00a0est un choix exceptionnel pour les vapoteurs qui misent sur la qualit\u00e9, le go\u00fbt et la durabilit\u00e9. Avec une capacit\u00e9 impressionnante de 22 ml de e-liquide et une autonomie de la batterie qui garantit une utilisation prolong\u00e9e, cette cigarette \u00e9lectronique jetable est le compagnon id\u00e9al pour de nombreux jours. Elle offre pas moins de 15 000 bouff\u00e9es et est \u00e9quip\u00e9e d'une batterie rechargeable\u00a0<strong data-start=\"571\" data-end=\"593\">Batterie 600 mAh USB-C<\/strong>\u00a0(C\u00e2ble non inclus). De plus, l'appareil est \u00e9quip\u00e9 d'un \u00e9cran LED pratique qui affiche \u00e0 tout moment le niveau de la batterie ainsi que la quantit\u00e9 de e-liquide restante - id\u00e9al pour \u00eatre emport\u00e9 en d\u00e9placement.<\/p>\n<h3 data-start=\"780\" data-end=\"802\">Points forts du produit<\/h3>\n<ul data-start=\"803\" data-end=\"1562\">\n<li data-start=\"803\" data-end=\"925\"><strong data-start=\"805\" data-end=\"830\">15 000 trains de capacit\u00e9<\/strong>: Garantit une longue dur\u00e9e de plaisir avec un go\u00fbt uniforme et aromatique \u00e0 chaque bouff\u00e9e.<\/li>\n<li data-start=\"926\" data-end=\"1021\"><strong data-start=\"928\" data-end=\"946\">22 ml E-Liquid<\/strong>Offre une exp\u00e9rience gustative intense, id\u00e9ale pour tous les vapoteurs.<\/li>\n<li data-start=\"1022\" data-end=\"1246\"><strong data-start=\"1024\" data-end=\"1064\">Batterie rechargeable 600 mAh USB-C<\/strong>: La batterie assure une utilisation continue jusqu'\u00e0 la derni\u00e8re goutte de e-liquide. Elle peut \u00eatre recharg\u00e9e facilement avec un c\u00e2ble USB-C (c\u00e2ble non inclus dans la livraison).<\/li>\n<li data-start=\"1247\" data-end=\"1398\"><strong data-start=\"1249\" data-end=\"1274\">5%<\/strong>Avec 50 mg de nicotine, cette cigarette \u00e9lectronique jetable offre une satisfaction agr\u00e9able pour les anciens fumeurs et les vapoteurs exp\u00e9riment\u00e9s.<\/li>\n<li data-start=\"1399\" data-end=\"1562\"><strong data-start=\"1401\" data-end=\"1436\">Design moderne avec \u00e9cran LED<\/strong>: L'\u00e9cran LED avanc\u00e9 affiche le niveau de la batterie et le niveau de liquide \u00e9lectronique, afin que vous soyez toujours parfaitement inform\u00e9.<\/li>\n<\/ul>\n<h3 data-start=\"1564\" data-end=\"1607\">Pourquoi choisir Al Fakher Crown Bar 15000 ?<\/h3>\n<ul data-start=\"1608\" data-end=\"2370\">\n<li data-start=\"1608\" data-end=\"1791\"><strong data-start=\"1610\" data-end=\"1640\">Long\u00e9vit\u00e9 unique<\/strong>Avec 15 000 bouff\u00e9es, cette cigarette \u00e9lectronique jetable offre l'une des capacit\u00e9s de puff les plus \u00e9lev\u00e9es du march\u00e9 et r\u00e9duit les achats r\u00e9p\u00e9t\u00e9s ou les recharges.<\/li>\n<li data-start=\"1792\" data-end=\"1950\"><strong data-start=\"1794\" data-end=\"1815\">Joie imm\u00e9diate<\/strong>Gr\u00e2ce \u00e0 la capacit\u00e9 de e-liquide pr\u00e9-rempli et \u00e0 la batterie rechargeable, l'utilisation est extr\u00eamement simple - charger, vapoter, profiter.<\/li>\n<li data-start=\"1951\" data-end=\"2106\"><strong data-start=\"1953\" data-end=\"1997\">Qualit\u00e9 premium et ar\u00f4mes authentiques<\/strong>Al Fakher est connu pour ses e-liquides de haute qualit\u00e9 qui procurent une saveur intense \u00e0 chaque bouff\u00e9e.<\/li>\n<li data-start=\"2107\" data-end=\"2260\"><strong data-start=\"2109\" data-end=\"2131\">Mobilit\u00e9 maximale<\/strong>: La batterie rechargeable rend cette e-cigarette id\u00e9ale pour \u00eatre emport\u00e9e en d\u00e9placement, sans faire de compromis sur la qualit\u00e9 de la vapeur.<\/li>\n<li data-start=\"2261\" data-end=\"2370\"><strong data-start=\"2263\" data-end=\"2285\">Application simple<\/strong>: Aucune installation ou nettoyage compliqu\u00e9 - simplement charger et profiter imm\u00e9diatement.<\/li>\n<\/ul>\n<h3 data-start=\"2372\" data-end=\"2400\">Une vari\u00e9t\u00e9 exclusive d'ar\u00f4mes<\/h3>\n<p data-start=\"2402\" data-end=\"2668\">Al Fakher propose une large gamme d'ar\u00f4mes d\u00e9licieux pour les\u00a0<strong data-start=\"2468\" data-end=\"2487\">Crown Bar 15000<\/strong>qui r\u00e9pondent aux r\u00eaves gustatifs de tous les vapoteurs. Avec un m\u00e9lange \u00e9quilibr\u00e9 d'ar\u00f4mes traditionnels et modernes, Al Fakher assure une exp\u00e9rience de vapotage unique.<\/p>\n<p data-start=\"2670\" data-end=\"3120\"><strong data-start=\"2670\" data-end=\"2685\">White Flash<\/strong>\u00a0D\u00e9couvrez le go\u00fbt rafra\u00eechissant et frais de l'ar\u00f4me \"White Flash\". Cette saveur combine le go\u00fbt intense et frais de la menthe avec une l\u00e9g\u00e8re douceur. Id\u00e9al pour les vapoteurs qui recherchent le kick frais et croquant qui raviv\u00e9 les sens et rafra\u00eechit la respiration. Parfait pour tous ceux qui appr\u00e9cient une saveur fra\u00eeche et l\u00e9g\u00e8rement sucr\u00e9e qui n'est jamais trop envahissante, mais qui offre n\u00e9anmoins une fra\u00eecheur impressionnante.<\/p>\n<h3 data-start=\"3122\" data-end=\"3165\">Le choix parfait pour une jouissance intense<\/h3>\n<p data-start=\"3166\" data-end=\"3563\">La\u00a0<strong data-start=\"3170\" data-end=\"3199\">Al Fakher Crown Bar 15000<\/strong>\u00a0Les cigarettes \u00e9lectroniques jetables Al Fakher offrent un \u00e9quilibre imbattable entre puissance, saveur et mobilit\u00e9. Chaque bouff\u00e9e est une exp\u00e9rience unique qui ravit les vapoteurs et les invite \u00e0 revenir \u00e0 nouveau. D\u00e9couvrez la qualit\u00e9 et la saveur d'Al Fakher et convainquez-vous vous-m\u00eame de cette exp\u00e9rience de vapotage durable et facile \u00e0 utiliser.<\/p>\n<p data-start=\"3565\" data-end=\"3692\">Commandez maintenant les\u00a0<strong data-start=\"3589\" data-end=\"3618\">Al Fakher Crown Bar 15000<\/strong>\u00a0sur \/alfakher24h.de et vivez la nouvelle dimension de la vape !<\/p>","protected":false},"excerpt":{"rendered":"<p><strong data-start=\"3170\" data-end=\"3199\">Al Fakher Crown Bar 15000<\/strong>\u00a0Les cigarettes \u00e9lectroniques jetables Al Fakher offrent un \u00e9quilibre imbattable entre puissance, saveur et mobilit\u00e9. Chaque bouff\u00e9e est une exp\u00e9rience unique qui ravit les vapoteurs et les invite \u00e0 revenir \u00e0 nouveau. D\u00e9couvrez la qualit\u00e9 et la saveur d'Al Fakher et convainquez-vous vous-m\u00eame de cette exp\u00e9rience de vapotage durable et facile \u00e0 utiliser.<\/p>","protected":false},"featured_media":1705,"comment_status":"open","ping_status":"closed","template":"","meta":{"om_disable_all_campaigns":false},"product_brand":[],"product_cat":[43],"product_tag":[],"class_list":{"0":"post-1704","1":"product","2":"type-product","3":"status-publish","4":"has-post-thumbnail","6":"product_cat-al-fakher-crown-bar-15000","8":"first","9":"outofstock","10":"shipping-taxable","11":"purchasable","12":"product-type-simple"},"_links":{"self":[{"href":"https:\/\/alfakher24h.de\/fr\/wp-json\/wp\/v2\/product\/1704","targetHints":{"allow":["GET"]}}],"collection":[{"href":"https:\/\/alfakher24h.de\/fr\/wp-json\/wp\/v2\/product"}],"about":[{"href":"https:\/\/alfakher24h.de\/fr\/wp-json\/wp\/v2\/types\/product"}],"replies":[{"embeddable":true,"href":"https:\/\/alfakher24h.de\/fr\/wp-json\/wp\/v2\/comments?post=1704"}],"wp:featuredmedia":[{"embeddable":true,"href":"https:\/\/alfakher24h.de\/fr\/wp-json\/wp\/v2\/media\/1705"}],"wp:attachment":[{"href":"https:\/\/alfakher24h.de\/fr\/wp-json\/wp\/v2\/media?parent=1704"}],"wp:term":[{"taxonomy":"product_brand","embeddable":true,"href":"https:\/\/alfakher24h.de\/fr\/wp-json\/wp\/v2\/product_brand?post=1704"},{"taxonomy":"product_cat","embeddable":true,"href":"https:\/\/alfakher24h.de\/fr\/wp-json\/wp\/v2\/product_cat?post=1704"},{"taxonomy":"product_tag","embeddable":true,"href":"https:\/\/alfakher24h.de\/fr\/wp-json\/wp\/v2\/product_tag?post=1704"}],"curies":[{"name":"wp","href":"https:\/\/api.w.org\/{rel}","templated":true}]}}