{"id":1671,"date":"2025-02-15T02:04:33","date_gmt":"2025-02-15T02:04:33","guid":{"rendered":"https:\/\/alfakher24h.de\/?post_type=product&#038;p=1671"},"modified":"2025-05-21T04:35:19","modified_gmt":"2025-05-21T04:35:19","slug":"ai-fakher-crown-bar-15000-zuege-einweg-e-cigarette-cherry-fiesta","status":"publish","type":"product","link":"https:\/\/alfakher24h.de\/fr\/produit\/ai-fakher-crown-bar-15000-zuege-einweg-e-cigarette-cherry-fiesta\/","title":{"rendered":"AI Fakher Crown Bar 15000 tirages cigarette \u00e9lectronique jetable - Cherry Fiesta"},"content":{"rendered":"<h2><strong>Al Fakher Crown Bar 15000 PRO Disposable Vape \u2013 Jetable E-Zigarette mit 15.000 Z\u00fcgen f\u00fcr ein unvergessliches Dampferlebnis \n\n becomes \n\nAl Fakher Crown Bar 15000 PRO Disposable Vape \u2013 Jetable E-Zigarette avec 15 000 bouff\u00e9es pour une exp\u00e9rience de vapotage inoubliable \n\n corrected to \n\nAl Fakher Crown Bar 15000 PRO Disposable Vape \u2013 Jetable E-cigarette avec 15 000 bouff\u00e9es pour une exp\u00e9rience de vapotage inoubliable<\/strong><\/h2>\n<h3><strong>Vue d'ensemble du produit<\/strong><\/h3>\n<p>La Al Fakher Crown Bar 15000 PRO cigarette \u00e9lectronique jetable est la derni\u00e8re innovation pour les vapoteurs exigeants qui veulent miser sur la qualit\u00e9, le go\u00fbt et la durabilit\u00e9. Avec une capacit\u00e9 impressionnante de 22 ml d'e-liquide, une autonomie de la batterie qui garantit une utilisation continue et pas moins de 15 000 bouff\u00e9es, cette cigarette \u00e9lectronique sera votre compagnon de route pour de nombreux jours. \u00c9quip\u00e9 d'une batterie rechargeable de 600 mAh USB-C (c\u00e2ble non inclus), l'appareil combine une exp\u00e9rience de vape exceptionnelle avec l'avantage pratique de la durabilit\u00e9. Gr\u00e2ce \u00e0 un \u00e9cran LED avanc\u00e9, vous garderez toujours un \u0153il sur le niveau de la batterie et la quantit\u00e9 d'e-liquide - id\u00e9al pour \u00eatre en d\u00e9placement.<\/p>\n<h3><strong>Points forts du produit<\/strong><\/h3>\n<ul>\n<li><strong>15 000 trains de capacit\u00e9<\/strong>La Al Fakher Crown Bar 15000 fournit avec chaque tirage un go\u00fbt uniforme et aromatique et garantit une utilisation prolong\u00e9e sans recharges.<\/li>\n<li><strong>Capacit\u00e9 de 22 ml de liquide \u00e9lectronique<\/strong>Rempli d'un e-liquide riche, cet appareil permet une exp\u00e9rience gustative intense adapt\u00e9e aux amateurs de toutes les saveurs.<\/li>\n<li><strong>Batterie rechargeable 600 mAh USB-C<\/strong>La batterie de cet appareil offre une utilisation continue jusqu'\u00e0 la derni\u00e8re goutte de e-liquide. Il peut \u00eatre recharg\u00e9 facilement avec un c\u00e2ble USB-C, id\u00e9al pour \u00eatre utilis\u00e9 en d\u00e9placement.<\/li>\n<li><strong>5%<\/strong>Avec une teneur en nicotine de 50 mg, cet appareil offre une satisfaction agr\u00e9able pour les anciens fumeurs et les vapoteurs exp\u00e9riment\u00e9s.<\/li>\n<li><strong>Design moderne avec \u00e9cran LED<\/strong>: L'affichage LED unique permet une v\u00e9rification facile du niveau de la batterie et du niveau de e-liquide.<\/li>\n<\/ul>\n<h3><strong>Pourquoi choisir Al Fakher Crown Bar 15000 ?<\/strong><\/h3>\n<ol>\n<li><strong>Long\u00e9vit\u00e9 unique<\/strong>: Avec 15 000 bouff\u00e9es, la Al Fakher Crown Bar 15000 offre l'une des plus grandes capacit\u00e9s de puff du march\u00e9, ce qui r\u00e9duit les achats ou les recharges fr\u00e9quents.<\/li>\n<li><strong>Joie imm\u00e9diate<\/strong>Gr\u00e2ce \u00e0 la capacit\u00e9 de e-liquide pr\u00e9-remplie et \u00e0 la batterie rechargeable, vous \u00eates pr\u00eat \u00e0 d\u00e9marrer imm\u00e9diatement - il suffit de recharger la batterie et de profiter.<\/li>\n<li><strong>Qualit\u00e9 premium et ar\u00f4mes authentiques<\/strong>Al Fakher est connu pour ses e-liquides de haute qualit\u00e9 et offre \u00e0 chaque tirage le m\u00eame go\u00fbt intense.<\/li>\n<li><strong>Mobilit\u00e9 maximale<\/strong>: La fonction rechargeable fait de l'appareil un compagnon id\u00e9al pour les d\u00e9placements, sans compromettre la qualit\u00e9 de la vapeur.<\/li>\n<li><strong>Application simple<\/strong>: Aucune installation ou nettoyage compliqu\u00e9 - simplement charger et vapoter.<\/li>\n<\/ol>\n<h3><strong>Une vari\u00e9t\u00e9 exclusive d'ar\u00f4mes<\/strong><\/h3>\n<p>Al Fakher a cr\u00e9\u00e9 une large gamme de saveurs dans le monde des cigarettes \u00e9lectroniques jetables, offrant quelque chose pour tous les go\u00fbts. Les ar\u00f4mes sont soigneusement d\u00e9velopp\u00e9s pour fournir le go\u00fbt authentique que l'on conna\u00eet de la culture traditionnelle du tabac, associ\u00e9e \u00e0 une touche moderne pour l'exp\u00e9rience de vapotage.<\/p>\n<h4><strong>Cherry Fiesta<\/strong><\/h4>\n<p>Un ar\u00f4me de cerise exceptionnellement intense, qui enchante avec une douceur fruit\u00e9e. Cherry Fiesta donne vie au go\u00fbt de cerises m\u00fbres et offre une exp\u00e9rience \u00e0 la fois douce et intense. \u00c0 chaque bouff\u00e9e, se d\u00e9ploie une douceur profonde et naturelle qui rappelle les cerises fra\u00eeches et juteuses. Cette saveur est id\u00e9ale pour ceux qui appr\u00e9cient une saveur fruit\u00e9e classique et pourtant intense, qui n'est jamais envahissante.<\/p>\n<h3><strong>Le choix parfait pour une saveur intense<\/strong><\/h3>\n<p>La Al Fakher Crown Bar 15000, cigarette \u00e9lectronique jetable, offre un \u00e9quilibre unique entre puissance, saveur et mobilit\u00e9. Chaque bouff\u00e9e est une exp\u00e9rience en soi qui ravit les vapoteurs et les fait revenir. Essayez cette cigarette \u00e9lectronique jetable durable et facile \u00e0 utiliser sur alfakher24h.de et d\u00e9couvrez pourquoi elle est le premier choix des vapoteurs en Allemagne.<\/p>","protected":false},"excerpt":{"rendered":"<p>La Al Fakher Crown Bar 15000 jetable E-cigarette offre un \u00e9quilibre unique entre puissance, saveur et mobilit\u00e9. Chaque tirage est une exp\u00e9rience en soi qui ravit les vapoteurs et les<\/p>","protected":false},"featured_media":1672,"comment_status":"open","ping_status":"closed","template":"","meta":{"om_disable_all_campaigns":false},"product_brand":[],"product_cat":[43],"product_tag":[],"class_list":{"0":"post-1671","1":"product","2":"type-product","3":"status-publish","4":"has-post-thumbnail","6":"product_cat-al-fakher-crown-bar-15000","8":"first","9":"outofstock","10":"shipping-taxable","11":"purchasable","12":"product-type-simple"},"_links":{"self":[{"href":"https:\/\/alfakher24h.de\/fr\/wp-json\/wp\/v2\/product\/1671","targetHints":{"allow":["GET"]}}],"collection":[{"href":"https:\/\/alfakher24h.de\/fr\/wp-json\/wp\/v2\/product"}],"about":[{"href":"https:\/\/alfakher24h.de\/fr\/wp-json\/wp\/v2\/types\/product"}],"replies":[{"embeddable":true,"href":"https:\/\/alfakher24h.de\/fr\/wp-json\/wp\/v2\/comments?post=1671"}],"wp:featuredmedia":[{"embeddable":true,"href":"https:\/\/alfakher24h.de\/fr\/wp-json\/wp\/v2\/media\/1672"}],"wp:attachment":[{"href":"https:\/\/alfakher24h.de\/fr\/wp-json\/wp\/v2\/media?parent=1671"}],"wp:term":[{"taxonomy":"product_brand","embeddable":true,"href":"https:\/\/alfakher24h.de\/fr\/wp-json\/wp\/v2\/product_brand?post=1671"},{"taxonomy":"product_cat","embeddable":true,"href":"https:\/\/alfakher24h.de\/fr\/wp-json\/wp\/v2\/product_cat?post=1671"},{"taxonomy":"product_tag","embeddable":true,"href":"https:\/\/alfakher24h.de\/fr\/wp-json\/wp\/v2\/product_tag?post=1671"}],"curies":[{"name":"wp","href":"https:\/\/api.w.org\/{rel}","templated":true}]}}