{"id":1669,"date":"2025-02-15T01:56:01","date_gmt":"2025-02-15T01:56:01","guid":{"rendered":"https:\/\/alfakher24h.de\/?post_type=product&#038;p=1669"},"modified":"2025-05-21T04:35:19","modified_gmt":"2025-05-21T04:35:19","slug":"ai-fakher-crown-bar-15000-zuege-einweg-e-cigarette-grape-mint","status":"publish","type":"product","link":"https:\/\/alfakher24h.de\/fr\/produit\/ai-fakher-crown-bar-15000-zuege-einweg-e-cigarette-grape-mint\/","title":{"rendered":"AI Fakher Crown Bar 15000 bouff\u00e9es cigarette \u00e9lectronique jetable - Grape Mint"},"content":{"rendered":"<h2><a href=\"https:\/\/alfakher24h.de\/fr\/\">Al Fakher Crown Bar 15000 PRO<\/a>: La r\u00e9volution des cigarettes \u00e9lectroniques jetables<\/h2>\n<p>La\u00a0<strong>Al Fakher Crown Bar 15000 PRO<\/strong>\u00a0est la derni\u00e8re innovation parmi les cigarettes \u00e9lectroniques jetables, parfaitement adapt\u00e9e au march\u00e9 allemand et offrant une exp\u00e9rience de vapotage exceptionnelle. Avec une combinaison unique de design de haute qualit\u00e9, de performances impressionnantes et de fonctionnalit\u00e9s conviviales, cette cigarette \u00e9lectronique \u00e9tablit de nouvelles normes dans le monde du vapotage. D\u00e9couvrez des saveurs intenses et une jouissance prolong\u00e9e avec 15 000 bouff\u00e9es - une v\u00e9ritable r\u00e9volution pour les amateurs de vapotage.<\/p>\n<p>Visitez alfakher24h.de, la plus grande plateforme de vente en ligne de cigarettes \u00e9lectroniques jetables en Allemagne, et d\u00e9couvrez la Al Fakher Crown Bar 15000 PRO.<\/p>\n<p>&nbsp;<\/p>\n<h3>Design unique et fabrication de haute qualit\u00e9<\/h3>\n<p>Le design de la Al Fakher Crown Bar 15000 PRO est aussi fascinant que fonctionnel. La construction robuste et le bo\u00eetier moderne donnent \u00e0 la cigarette \u00e9lectronique non seulement une apparence \u00e9l\u00e9gante, mais la rendent \u00e9galement durable et pratique pour une utilisation quotidienne. L'\u00e9cran LED innovant affiche \u00e0 tout moment le niveau de charge de la batterie et la quantit\u00e9 restante de liquide \u00e9lectronique, vous permettant ainsi de garder un \u0153il sur votre cigarette \u00e9lectronique.<\/p>\n<h3><strong>Al Fakher Crown Bar 15000 PRO<\/strong>\u00a0Fonctionnalit\u00e9s en un coup d'\u0153il<\/h3>\n<ul>\n<li><strong>Longue dur\u00e9e de vie<\/strong>: Jusqu'\u00e0\u00a0<strong>15 000 trains<\/strong>Cela signifie une exp\u00e9rience agr\u00e9able sur plusieurs jours sans recharger fr\u00e9quemment.<\/li>\n<li><strong>Grande capacit\u00e9 de e-liquide<\/strong>:\u00a0<strong>22ml de liquide pr\u00e9rempli<\/strong>\u00a0provoque une explosion gustative durable.<\/li>\n<li><strong>Capacit\u00e9 de la batterie<\/strong>:\u00a0<strong>600mAh<\/strong>\u00a0Batterie rechargeable USB-C, rapide et facile \u00e0 recharger.<\/li>\n<li><strong>Affichage LED<\/strong>: Informe sur le niveau de liquide et l'\u00e9tat de la batterie - un v\u00e9ritable plus pour le confort et la s\u00e9curit\u00e9.<\/li>\n<li><strong>Forte concentration de nicotine<\/strong>:\u00a0<strong>5% Nicotine<\/strong>\u00a0pour une satisfaction intensive, particuli\u00e8rement adapt\u00e9e aux fumeurs et vapoteurs qui osent faire le changement.<\/li>\n<\/ul>\n<h3>Pourquoi acheter l'Al Fakher Crown Bar 15000 PRO ?<\/h3>\n<p>La Al Fakher Crown Bar 15000 PRO a \u00e9t\u00e9 d\u00e9velopp\u00e9e pour tirer le meilleur parti de l'exp\u00e9rience de vapotage. Elle offre des bouff\u00e9es de nicotine intenses, une production de vapeur durable et un large choix d'ar\u00f4mes intenses qui refl\u00e8tent parfaitement l'expertise d'Al Fakher en mati\u00e8re de d\u00e9veloppement de saveurs. La cigarette \u00e9lectronique est parfaite pour tous ceux qui recherchent une exp\u00e9rience de vapotage de haute qualit\u00e9, sans complications, sans n\u00e9cessit\u00e9 de remplissage ou de recharge r\u00e9guli\u00e8re.<\/p>\n<ol>\n<li><strong>Puissance vapeur voluptueuse<\/strong>\u00a0\u2013 Jusqu'\u00e0 15 000 trains offrent un plaisir \u00e0 la vapeur pendant des heures, id\u00e9al pour les longues journ\u00e9es et les nuits.<\/li>\n<li><strong>Batterie rechargeable<\/strong>\u00a0\u2013 La batterie durable de 600mAh garantit que la vapeur ne s'arr\u00eate pas avant que le liquide ne soit \u00e9puis\u00e9.<\/li>\n<li><strong>Conception conviviale<\/strong>\u00a0\u2013 Avec l\u2019\u00e9cran LED, vous avez toujours une vue d\u2019ensemble de votre e-cigarette.<\/li>\n<li><strong>La qualit\u00e9 \u00e9prouv\u00e9e d'Al Fakhers<\/strong>\u00a0\u2013 Des d\u00e9cennies d'exp\u00e9rience dans le d\u00e9veloppement de saveurs pour une exp\u00e9rience de vapotage incomparable.<\/li>\n<li><strong>Concentration \u00e9lev\u00e9e de nicotine<\/strong>\u00a0\u2013 Id\u00e9al pour tous ceux qui appr\u00e9cient une exp\u00e9rience nicotiniques de haute qualit\u00e9.<\/li>\n<\/ol>\n<h3>Saveur intense - Vari\u00e9t\u00e9 et authenticit\u00e9<\/h3>\n<p>Les saveurs de l'Al Fakher Crown Bar 15000 PRO sont non seulement vari\u00e9es, mais offrent \u00e9galement une exp\u00e9rience authentique et intense que les amateurs d'Al Fakher vont adorer. Voici un aper\u00e7u d\u00e9taill\u00e9 des ar\u00f4mes :<\/p>\n<h4>Grape Mint - Le m\u00e9lange parfait de fra\u00eecheur et de douceur<\/h4>\n<p>Un go\u00fbt reconnaissable entre autres, qui combine la fra\u00eecheur sucr\u00e9e et juteuse des raisins avec une pointe de menthe rafra\u00eechissante. L'\u00e9quilibre parfait entre le sucr\u00e9 et la fra\u00eecheur qui \u00e9veille les papilles et est agr\u00e9able \u00e0 tout moment de la journ\u00e9e.<\/p>\n<ul>\n<li><strong>exp\u00e9rience gustative<\/strong>La note sucr\u00e9e et pleine du raisin est parfaitement compl\u00e9t\u00e9e par une fine note de menthe et procure une finition agr\u00e9ablement rafra\u00eechissante.<\/li>\n<li><strong>Authenticit\u00e9<\/strong>Al Fakher a accord\u00e9 une grande importance \u00e0 l'authenticit\u00e9 lors du d\u00e9veloppement de cette saveur, afin que chaque bouff\u00e9e capture le go\u00fbt des raisins frais.<\/li>\n<li><strong>Application<\/strong>Id\u00e9al pour les amateurs d'ar\u00f4mes frais et fruit\u00e9s qui recherchent une saveur claire et intense.<\/li>\n<\/ul>\n<h4>Large vari\u00e9t\u00e9 d'ar\u00f4mes de <a href=\"https:\/\/alfakher24h.de\/fr\/\">Al Fakher<\/a><\/h4>\n<p>En plus de Grape Mint, la Al Fakher Crown Bar 15000 PRO offre une large gamme de saveurs. Chaque ar\u00f4me est soigneusement cr\u00e9\u00e9 pour offrir un plaisir de vape unique et refl\u00e9ter parfaitement le monde des saveurs des e-cigarettes Al Fakher. Que vous pr\u00e9f\u00e9riez des notes fruit\u00e9es, sucr\u00e9es ou plus am\u00e8res, la Crown Bar 15000 a quelque chose pour chaque go\u00fbt.<\/p>\n<h3>Wie Sie die Al Fakher Crown Bar 15000 PRO auf<a href=\"https:\/\/alfakher24h.de\/fr\/\"> alfakher24h.de<\/a>\u00a0acheter<\/h3>\n<p>Visitez alfakher24h.de et parcourez notre large s\u00e9lection de <a href=\"https:\/\/alfakher24h.de\/fr\/\">E-cigarettes jetables<\/a>En tant que plus grande plateforme pour les vapes jetables en Allemagne, nous vous proposons une s\u00e9lection exclusive de produits Al Fakher, qui convainquent par leur qualit\u00e9 exceptionnelle et leurs fonctionnalit\u00e9s innovantes.<\/p>\n<p>Choisissez la Al Fakher Crown Bar 15000 PRO et vivez une exp\u00e9rience de vape incomparable.<\/p>","protected":false},"excerpt":{"rendered":"<p>Visitez alfakher24h.de et parcourez notre large s\u00e9lection de <a href=\"https:\/\/alfakher24h.de\/fr\/\">E-cigarettes jetables<\/a>En tant que plus grande plateforme pour les vapes jetables en Allemagne, nous vous proposons une s\u00e9lection exclusive de produits Al Fakher, qui convainquent par leur qualit\u00e9 exceptionnelle et leurs fonctionnalit\u00e9s innovantes.<\/p>","protected":false},"featured_media":1670,"comment_status":"open","ping_status":"closed","template":"","meta":{"om_disable_all_campaigns":false},"product_brand":[],"product_cat":[43],"product_tag":[],"class_list":{"0":"post-1669","1":"product","2":"type-product","3":"status-publish","4":"has-post-thumbnail","6":"product_cat-al-fakher-crown-bar-15000","8":"first","9":"outofstock","10":"shipping-taxable","11":"purchasable","12":"product-type-simple"},"_links":{"self":[{"href":"https:\/\/alfakher24h.de\/fr\/wp-json\/wp\/v2\/product\/1669","targetHints":{"allow":["GET"]}}],"collection":[{"href":"https:\/\/alfakher24h.de\/fr\/wp-json\/wp\/v2\/product"}],"about":[{"href":"https:\/\/alfakher24h.de\/fr\/wp-json\/wp\/v2\/types\/product"}],"replies":[{"embeddable":true,"href":"https:\/\/alfakher24h.de\/fr\/wp-json\/wp\/v2\/comments?post=1669"}],"wp:featuredmedia":[{"embeddable":true,"href":"https:\/\/alfakher24h.de\/fr\/wp-json\/wp\/v2\/media\/1670"}],"wp:attachment":[{"href":"https:\/\/alfakher24h.de\/fr\/wp-json\/wp\/v2\/media?parent=1669"}],"wp:term":[{"taxonomy":"product_brand","embeddable":true,"href":"https:\/\/alfakher24h.de\/fr\/wp-json\/wp\/v2\/product_brand?post=1669"},{"taxonomy":"product_cat","embeddable":true,"href":"https:\/\/alfakher24h.de\/fr\/wp-json\/wp\/v2\/product_cat?post=1669"},{"taxonomy":"product_tag","embeddable":true,"href":"https:\/\/alfakher24h.de\/fr\/wp-json\/wp\/v2\/product_tag?post=1669"}],"curies":[{"name":"wp","href":"https:\/\/api.w.org\/{rel}","templated":true}]}}