{"id":1631,"date":"2025-02-08T15:05:32","date_gmt":"2025-02-08T15:05:32","guid":{"rendered":"https:\/\/alfakher24h.de\/?post_type=product&#038;p=1631"},"modified":"2025-05-21T05:11:13","modified_gmt":"2025-05-21T05:11:13","slug":"solobar-solo-30000-zuege-einweg-e-zigarette-raspberry-cherry-ice","status":"publish","type":"product","link":"https:\/\/alfakher24h.de\/fr\/produit\/solobar-solo-30000-zuege-einweg-e-zigarette-raspberry-cherry-ice\/","title":{"rendered":"Solobar Solo 30000 Z\u00fcge Einweg E Zigarette \u2013 Framboise Cerise Glac\u00e9"},"content":{"rendered":"<div style=\"width: 1020px;\" class=\"wp-video\"><video class=\"wp-video-shortcode\" id=\"video-1631-1\" width=\"1020\" height=\"574\" preload=\"metadata\" controls=\"controls\"><source type=\"video\/mp4\" src=\"https:\/\/alfakher24h.de\/wp-content\/uploads\/2025\/02\/solobar-solo-30000-2.mp4?_=1\" \/><a href=\"https:\/\/alfakher24h.de\/wp-content\/uploads\/2025\/02\/solobar-solo-30000-2.mp4\">https:\/\/alfakher24h.de\/wp-content\/uploads\/2025\/02\/solobar-solo-30000-2.mp4<\/a><\/video><\/div>\n<h2><strong>Solobar Solo 30000 Z\u00fcge Einweg E Zigarette \u2013 Le choix parfait pour des exp\u00e9riences de vapotage exceptionnelles<\/strong><\/h2>\n<p>La\u00a0<strong>Solobar Solo 30000 Z\u00fcge Einweg E Zigarette \n Solobar Solo 30000 tirages cigarette \u00e9lectronique jetable<\/strong> est le choix id\u00e9al pour tous ceux qui recherchent une exp\u00e9rience de vapotage de haute qualit\u00e9 et durable. Connue en Allemagne pour sa fabrication de haute qualit\u00e9 et sa technologie innovante, cette cigarette \u00e9lectronique jetable offre la combinaison parfaite de puissance, de saveur et de facilit\u00e9 d'utilisation. Si vous cherchez une cigarette \u00e9lectronique fiable, facile \u00e0 utiliser et \u00e0 saveur intense, la cigarette \u00e9lectronique jetable Solobar Solo 30000 bouffs est exactement ce qu'il vous faut. Sur \/alfakher24h.de, le plus grand revendeur en ligne de cigarettes \u00e9lectroniques jetables en Allemagne, vous pouvez acheter et profiter de ce produit innovant en toute commodit\u00e9.<\/p>\n<h3><strong>Principales caract\u00e9ristiques de la cigarette \u00e9lectronique jetable Solobar Solo 30000 tirs<\/strong><\/h3>\n<p>La\u00a0<strong>Solobar Solo 30000 Z\u00fcge Einweg E Zigarette \n Solobar Solo 30000 tirages cigarette \u00e9lectronique jetable<\/strong>\u00a0impressionne par son \u00e9quipement ultramoderne et sa conception conviviale. Elle a \u00e9t\u00e9 d\u00e9velopp\u00e9e pour vous offrir l'exp\u00e9rience de vapeur la plus agr\u00e9able possible. Voici quelques-unes des caract\u00e9ristiques exceptionnelles :<\/p>\n<p><strong>Affichage LED pour une surveillance simple<\/strong><\/p>\n<p>L'\u00e9cran LED vous indique \u00e0 tout moment le statut actuel de votre e-cigarette. Il fournit des informations claires sur l'\u00e9tat de charge et sur l'utilisation de la e-cigarette, de sorte que vous sachiez toujours exactement quand il est temps de profiter de la prochaine bouff\u00e9e.<\/p>\n<p><strong>30 000 bouff\u00e9es pour un plaisir durable<\/strong><\/p>\n<p>Avec un nombre impressionnant de jusqu'\u00e0 30 000 bouff\u00e9es, la cigarette \u00e9lectronique jetable Solobar Solo 30000 bouff\u00e9es est particuli\u00e8rement durable. Vous pouvez profiter pleinement de votre exp\u00e9rience pendant une p\u00e9riode prolong\u00e9e, sans avoir \u00e0 vous soucier de r\u00e9approvisionnements fr\u00e9quents ou de probl\u00e8mes de charge. Parfait pour \u00eatre emport\u00e9 en d\u00e9placement et pour une utilisation quotidienne !<\/p>\n<h4><strong>Contr\u00f4le du flux d'air pour des exp\u00e9riences de vape personnalis\u00e9es<\/strong><\/h4>\n<p>La Solobar Solo vous offre un contr\u00f4le pr\u00e9cis du flux d'air, vous permettant d'adapter l'exp\u00e9rience de vapeur \u00e0 vos pr\u00e9f\u00e9rences personnelles. Ajustez le flux d'air pour obtenir soit une production de vapeur plus intense, soit une aspiration plus calme et douce.<\/p>\n<h4><strong>Puissance robuste avec une sortie de 10-30W<\/strong><\/h4>\n<p>Avec une puissance de 10-30W, la Solobar Solo garantit que vous \u00e9prouvez toujours une production de vapeur constante et puissante. Vous n'avez pas \u00e0 vous soucier des tirages faibles - chaque tirage se sent puissant et plein.<\/p>\n<h4><strong>Batterie 880 mAh pour un plaisir ininterrompu<\/strong><\/h4>\n<p>La batterie de 880 mAh assure une longue dur\u00e9e de vie de la cigarette \u00e9lectronique. Elle est rechargeable, ce qui vous permet de recharger rapidement la Solobar Solo en cas de besoin, sans avoir \u00e0 renoncer \u00e0 l'exp\u00e9rience de vape exceptionnelle.<\/p>\n<h4><strong>Lumi\u00e8re ambiante pour un \u00e9clairage suppl\u00e9mentaire<\/strong><\/h4>\n<p>La Solobar Solo est \u00e9quip\u00e9e d'un \u00e9clairage ambiant qui compl\u00e8te parfaitement le design de la cigarette \u00e9lectronique. Il peut \u00eatre allum\u00e9 ou \u00e9teint en fonction des besoins, vous permettant d'activer la lumi\u00e8re en fonction de votre humeur ou de vos besoins.<\/p>\n<h4><strong>Double bobine de maille pour un go\u00fbt intense<\/strong><\/h4>\n<p>La bobine \u00e0 double maille assure une vaporisation encore plus uniforme et intense. Cela signifie que chaque tirage est plein de saveur et de vapeur. Vous sentirez l'ar\u00f4me fum\u00e9 et sucr\u00e9 de votre saveur pr\u00e9f\u00e9r\u00e9e dans chaque nuage de vapeur.<\/p>\n<h4><strong>Convivial pour les d\u00e9butants<\/strong><\/h4>\n<p>La Solobar Solo a \u00e9t\u00e9 con\u00e7ue pour convenir aux vapoteurs de tous les niveaux d'exp\u00e9rience. Elle est facile \u00e0 utiliser et ne n\u00e9cessite pas de configuration compliqu\u00e9e. Que vous soyez d\u00e9butant ou vapoteur exp\u00e9riment\u00e9, cette e-cigarette vous offre une exp\u00e9rience fluide et agr\u00e9able.<\/p>\n<h3><strong>Contenu du produit et contenu de la livraison<\/strong><\/h3>\n<p>Si vous vous inscrivez pour la\u00a0<strong>Solobar Solo 30000 Z\u00fcge Einweg E-Zigarette \n\n becomes \n\nSolobar Solo 30000 tirages E-cigarette jetable<\/strong>\u00a0d\u00e9cidez, vous obtenez un ensemble complet qui vous offre tout ce dont vous avez besoin pour une exp\u00e9rience de vapotage fantastique :<\/p>\n<ul>\n<li>1 x\u00a0<strong>SOLOBAR Solo 30K 30000 Vape -&gt; SOLOBAR Solo 30K 30000 Vape<\/strong>\u00a0E-cigarette<\/li>\n<\/ul>\n<p>Tout ce que vous avez \u00e0 faire, c'est de sortir l'appareil de l'emballage et de commencer imm\u00e9diatement \u00e0 vapoter. Rien de plus simple !<\/p>\n<h3><strong>Ar\u00f4mes intenses et inoubliables \u2013 Raspberry Cherry Ice<\/strong><\/h3>\n<p>Le go\u00fbt est un facteur d\u00e9cisif lors de la vape, et les\u00a0<strong>Solobar Solo 30000 Z\u00fcge Einweg E Zigarette \n Solobar Solo 30000 tirages cigarette \u00e9lectronique jetable<\/strong>\u00a0laisse \u00e0 cet \u00e9gard sans aucun v\u0153u. Il convient de souligner particuli\u00e8rement la popularit\u00e9\u00a0<strong>Raspberry Cherry Ice -&gt; Glace aux Framboises et Cerises<\/strong>Une saveur qui offre une v\u00e9ritable explosion de go\u00fbt dans cette cigarette \u00e9lectronique.<\/p>\n<h4><strong>Raspberry Cherry Ice - Une exp\u00e9rience gustative pour les sens<\/strong><\/h4>\n<p>La\u00a0<strong>Raspberry Cherry Ice -&gt; Glace aux Framboises et Cerises<\/strong>Ce go\u00fbt combine la douceur des framboises m\u00fbres avec la note fruit\u00e9e des cerises et une fra\u00eecheur rafra\u00eechissante qui donne une fra\u00eecheur glac\u00e9e \u00e0 la vapeur. Imaginez que vous mordez dans une framboise juteuse et une cerise fra\u00eeche, tandis qu'une brise rafra\u00eechissante de glace caresse vos sens - c'est exactement ce que procure chaque bouff\u00e9e de cette cigarette \u00e9lectronique.<\/p>\n<p>Le go\u00fbt de la\u00a0<strong>Raspberry Cherry Ice -&gt; Glace aux Framboises et Cerises<\/strong>La cigarette \u00e9lectronique jetable est parfaitement \u00e9quilibr\u00e9e. La douceur des fruits est compl\u00e9t\u00e9e par la fra\u00eecheur glac\u00e9e, sans que l'un ou l'autre aspect ne soit \u00e9crasant. Chaque bouff\u00e9e apporte un m\u00e9lange harmonieux de douceur fruit\u00e9e et de fra\u00eecheur rafra\u00eechissante, particuli\u00e8rement agr\u00e9able par les chaudes journ\u00e9es d'\u00e9t\u00e9 ou \u00e0 chaque occasion pour une exp\u00e9rience rafra\u00eechissante.<\/p>\n<p>Ces ar\u00f4mes sont non seulement particuli\u00e8rement agr\u00e9ables, mais \u00e9galement durables. Tout au long de l'exp\u00e9rience de vapotage, le go\u00fbt reste frais et d\u00e9licieux - id\u00e9al pour tous ceux qui recherchent une exp\u00e9rience gustative unique et durable.<\/p>\n<h3><strong>Pourquoi devriez-vous acheter la cigarette \u00e9lectronique jetable Solobar Solo 30000 bouff\u00e9es ?<\/strong><\/h3>\n<h4><strong>1. Durabilit\u00e9 et confort<\/strong><\/h4>\n<p>Avec 30 000 bouff\u00e9es, vous n'avez pas \u00e0 vous soucier du remplissage constant ou du remplacement de la cigarette \u00e9lectronique. Cela signifie moins de stress et plus de temps pour profiter pleinement de la vape.<\/p>\n<h4><strong>2. Utilisation simple pour tout le monde<\/strong><\/h4>\n<p>La cigarette \u00e9lectronique jetable Solobar Solo 30000 bouff\u00e9es est particuli\u00e8rement conviviale. Elle est pr\u00eate \u00e0 l'emploi imm\u00e9diatement, ne n\u00e9cessite pas de configuration compliqu\u00e9e et convient parfaitement aux d\u00e9butants ainsi qu'aux vapoteurs exp\u00e9riment\u00e9s.<\/p>\n<h4><strong>3. Parfums parfaits<\/strong><\/h4>\n<p>La\u00a0<strong>Raspberry Cherry Ice -&gt; Glace aux Framboises et Cerises<\/strong>- saveur offre une exp\u00e9rience gustative incomparable. Le m\u00e9lange de fruits sucr\u00e9s et de glace rafra\u00eechissante procure un plaisir que vous ne voudrez plus manquer.<\/p>\n<h4><strong>4. La technologie la plus moderne<\/strong><\/h4>\n<p>Avec des fonctionnalit\u00e9s telles qu'un \u00e9cran LED, Airflow Control, Dual Mesh Coil et une batterie puissante, la Solobar Solo 30000 bouff\u00e9es de cigarette \u00e9lectronique jetable offre des performances exceptionnelles et une exp\u00e9rience de vapotage unique.<\/p>\n<h4><strong>5. Id\u00e9al pour \u00eatre emport\u00e9 partout<\/strong><\/h4>\n<p>Gr\u00e2ce \u00e0 sa conception compacte et sa longue dur\u00e9e de conservation, la Solobar Solo est le choix id\u00e9al pour \u00eatre emport\u00e9 partout. Vous pouvez facilement la transporter dans votre sac et la d\u00e9guster \u00e0 tout moment.<\/p>\n<p><img loading=\"lazy\" decoding=\"async\" class=\"alignnone wp-image-1855 size-full\" title=\"Solobar Solo 30000 Z\u00fcge Einweg E Zigarette - Framboise Cerise Glac\u00e9 2\" src=\"https:\/\/alfakher24h.de\/wp-content\/uploads\/2025\/02\/solobar-solo-30000-4.webp\" sizes=\"auto, (max-width: 1024px) 100vw, 1024px\" srcset=\"https:\/\/alfakher24h.de\/wp-content\/uploads\/2025\/02\/solobar-solo-30000-4.webp 1024w, https:\/\/alfakher24h.de\/wp-content\/uploads\/2025\/02\/solobar-solo-30000-4-300x174.webp 300w, https:\/\/alfakher24h.de\/wp-content\/uploads\/2025\/02\/solobar-solo-30000-4-768x446.webp 768w, https:\/\/alfakher24h.de\/wp-content\/uploads\/2025\/02\/solobar-solo-30000-4-18x10.webp 18w, https:\/\/alfakher24h.de\/wp-content\/uploads\/2025\/02\/solobar-solo-30000-4-600x348.webp 600w\" alt=\"Solobar Solo 30000 Z\u00fcge Einweg E Zigarette - Framboise Cerise Glac\u00e9\" width=\"1024\" height=\"594\" \/><\/p>\n<div class=\"flex-1 overflow-hidden @container\/thread\">\n<div class=\"h-full\">\n<div class=\"react-scroll-to-bottom--css-kyafg-79elbk h-full\">\n<div class=\"react-scroll-to-bottom--css-kyafg-1n7m0yu\">\n<div class=\"flex flex-col text-sm md:pb-9\">\n<article class=\"w-full scroll-mb-[var(--thread-trailing-height,150px)] text-token-text-primary focus-visible:outline-2 focus-visible:outline-offset-[-4px]\" dir=\"auto\" data-testid=\"conversation-turn-3\" data-scroll-anchor=\"true\">\n<div class=\"m-auto text-base py-[18px] px-3 md:px-4 w-full md:px-5 lg:px-4 xl:px-5\">\n<div class=\"mx-auto flex flex-1 gap-4 text-base md:gap-5 lg:gap-6 md:max-w-3xl lg:max-w-[40rem] xl:max-w-[48rem]\">\n<div class=\"group\/conversation-turn relative flex w-full min-w-0 flex-col agent-turn\">\n<div class=\"flex-col gap-1 md:gap-3\">\n<div class=\"flex max-w-full flex-col flex-grow\">\n<div class=\"min-h-8 text-message flex w-full flex-col items-end gap-2 whitespace-normal break-words text-start [.text-message+&amp;]:mt-5\" dir=\"auto\" data-message-author-role=\"assistant\" data-message-id=\"fda66e34-14d2-41e7-8c3d-231a0be2fd20\" data-message-model-slug=\"gpt-4o\">\n<div class=\"flex w-full flex-col gap-1 empty:hidden first:pt-[3px]\">\n<div class=\"markdown prose w-full break-words dark:prose-invert light\">\n<div class=\"flex-1 overflow-hidden @container\/thread\">\n<div class=\"h-full\">\n<div class=\"react-scroll-to-bottom--css-uwpvj-79elbk h-full\">\n<div class=\"react-scroll-to-bottom--css-uwpvj-1n7m0yu\">\n<div class=\"flex flex-col text-sm md:pb-9\">\n<article class=\"w-full scroll-mb-[var(--thread-trailing-height,150px)] text-token-text-primary focus-visible:outline-2 focus-visible:outline-offset-[-4px]\" dir=\"auto\" data-testid=\"conversation-turn-3\" data-scroll-anchor=\"true\">\n<div class=\"m-auto text-base py-[18px] px-3 md:px-4 w-full md:px-5 lg:px-4 xl:px-5\">\n<div class=\"mx-auto flex flex-1 gap-4 text-base md:gap-5 lg:gap-6 md:max-w-3xl lg:max-w-[40rem] xl:max-w-[48rem]\">\n<div class=\"group\/conversation-turn relative flex w-full min-w-0 flex-col agent-turn\">\n<div class=\"flex-col gap-1 md:gap-3\">\n<div class=\"flex max-w-full flex-col flex-grow\">\n<div class=\"min-h-8 text-message flex w-full flex-col items-end gap-2 whitespace-normal break-words text-start [.text-message+&amp;]:mt-5\" dir=\"auto\" data-message-author-role=\"assistant\" data-message-id=\"6f1c4ac8-ea94-4f09-b7d1-13a9a5054a86\" data-message-model-slug=\"gpt-4o\">\n<div class=\"flex w-full flex-col gap-1 empty:hidden first:pt-[3px]\">\n<div class=\"markdown prose w-full break-words dark:prose-invert light\">\n<h3>**6. Achetez sur \/alfakher24h.de<\/h3>\n<p>Si vous \u00eates \u00e0 la recherche d'une haute qualit\u00e9\u00a0<strong>Cigarette \u00e9lectronique jetable<\/strong> En Allemagne, \/alfakher24h.de est le premier choix. Nous sommes le plus grand d\u00e9taillant en ligne pour\u00a0<strong>Cigarettes \u00e9lectroniques jetables avec nicotine<\/strong>\u00a0et vous offrons un large choix de produits de haute qualit\u00e9. Achetez maintenant la Solobar Solo 30000 tirs E-cigarette jetable et profitez d'une exp\u00e9rience de vapotage incomparable !<\/p>\n<h2><strong>Conclusion<\/strong><\/h2>\n<p>La\u00a0<strong>Solobar Solo 30000 Z\u00fcge Einweg E Zigarette \n Solobar Solo 30000 tirages cigarette \u00e9lectronique jetable<\/strong>\u00a0est plus qu'un simple produit de vape - c'est une solution personnalis\u00e9e pour tous ceux qui recherchent une exp\u00e9rience de vapotage longue dur\u00e9e, savoureuse et facile \u00e0 utiliser. Avec la\u00a0<strong>Raspberry Cherry Ice -&gt; Glace aux Framboises et Cerises<\/strong>- Chaque saveur transforme la vape en un v\u00e9ritable plaisir. Achetez d\u00e8s aujourd'hui sur \/alfakher24h.de et d\u00e9couvrez la vape \u00e0 un nouveau niveau !<\/p>\n<\/div>\n<\/div>\n<\/div>\n<\/div>\n<\/div>\n<\/div>\n<\/div>\n<\/div>\n<\/article>\n<\/div>\n<\/div>\n<\/div>\n<\/div>\n<\/div>\n<\/div>\n<\/div>\n<\/div>\n<\/div>\n<\/div>\n<\/div>\n<\/div>\n<\/div>\n<\/article>\n<\/div>\n<\/div>\n<\/div>\n<\/div>\n<\/div>","protected":false},"excerpt":{"rendered":"<p><strong>Solobar Solo 30000 Z\u00fcge Einweg E Zigarette \n Solobar Solo 30000 tirages cigarette \u00e9lectronique jetable<\/strong>\u00a0est plus qu'un simple produit de vape - c'est une solution personnalis\u00e9e pour tous ceux qui recherchent une exp\u00e9rience prolong\u00e9e<\/p>","protected":false},"featured_media":1630,"comment_status":"open","ping_status":"closed","template":"","meta":{"om_disable_all_campaigns":false},"product_brand":[],"product_cat":[41],"product_tag":[],"class_list":{"0":"post-1631","1":"product","2":"type-product","3":"status-publish","4":"has-post-thumbnail","6":"product_cat-solobar-solo-30000","8":"first","9":"outofstock","10":"shipping-taxable","11":"purchasable","12":"product-type-simple"},"_links":{"self":[{"href":"https:\/\/alfakher24h.de\/fr\/wp-json\/wp\/v2\/product\/1631","targetHints":{"allow":["GET"]}}],"collection":[{"href":"https:\/\/alfakher24h.de\/fr\/wp-json\/wp\/v2\/product"}],"about":[{"href":"https:\/\/alfakher24h.de\/fr\/wp-json\/wp\/v2\/types\/product"}],"replies":[{"embeddable":true,"href":"https:\/\/alfakher24h.de\/fr\/wp-json\/wp\/v2\/comments?post=1631"}],"wp:featuredmedia":[{"embeddable":true,"href":"https:\/\/alfakher24h.de\/fr\/wp-json\/wp\/v2\/media\/1630"}],"wp:attachment":[{"href":"https:\/\/alfakher24h.de\/fr\/wp-json\/wp\/v2\/media?parent=1631"}],"wp:term":[{"taxonomy":"product_brand","embeddable":true,"href":"https:\/\/alfakher24h.de\/fr\/wp-json\/wp\/v2\/product_brand?post=1631"},{"taxonomy":"product_cat","embeddable":true,"href":"https:\/\/alfakher24h.de\/fr\/wp-json\/wp\/v2\/product_cat?post=1631"},{"taxonomy":"product_tag","embeddable":true,"href":"https:\/\/alfakher24h.de\/fr\/wp-json\/wp\/v2\/product_tag?post=1631"}],"curies":[{"name":"wp","href":"https:\/\/api.w.org\/{rel}","templated":true}]}}