{"id":1629,"date":"2025-02-08T15:01:09","date_gmt":"2025-02-08T15:01:09","guid":{"rendered":"https:\/\/alfakher24h.de\/?post_type=product&#038;p=1629"},"modified":"2025-05-21T05:11:13","modified_gmt":"2025-05-21T05:11:13","slug":"solobar-solo-30000-zuege-einweg-e-zigarette-sour-apple","status":"publish","type":"product","link":"https:\/\/alfakher24h.de\/fr\/produit\/solobar-solo-30000-zuege-einweg-e-zigarette-sour-apple\/","title":{"rendered":"Solobar Solo 30000 Z\u00fcge Einweg E Zigarette \u2013 Sour Apple \n Solobar Solo 30000 tirages cigarette \u00e9lectronique jetable - Sour Apple"},"content":{"rendered":"<div style=\"width: 1020px;\" class=\"wp-video\"><video class=\"wp-video-shortcode\" id=\"video-1629-1\" width=\"1020\" height=\"574\" preload=\"metadata\" controls=\"controls\"><source type=\"video\/mp4\" src=\"https:\/\/alfakher24h.de\/wp-content\/uploads\/2025\/02\/solobar-solo-30000-2.mp4?_=1\" \/><a href=\"https:\/\/alfakher24h.de\/wp-content\/uploads\/2025\/02\/solobar-solo-30000-2.mp4\">https:\/\/alfakher24h.de\/wp-content\/uploads\/2025\/02\/solobar-solo-30000-2.mp4<\/a><\/video><\/div>\n<h2><strong>Solobar Solo 30000 Z\u00fcge\u00a0Einweg E-Zigarette: L'exp\u00e9rience de vapotage ultime en Allemagne<\/strong><\/h2>\n<p>La\u00a0<strong>Solobar Solo 30000 Z\u00fcge Einweg E-Zigarette \n\n devient \n\nSolobar Solo 30000 tirages cigarette \u00e9lectronique jetable<\/strong>\u00a0r\u00e9volutionne le monde de la vapeur et offre une exp\u00e9rience in\u00e9gal\u00e9e pour tous ceux qui recherchent un vape jetable de haute qualit\u00e9, facile \u00e0 utiliser. Avec un design impressionnant\u00a0<strong>Dur\u00e9e de vie de 30 000 cycles<\/strong>\u00a0cette e-cigarette est non seulement durable, mais \u00e9galement \u00e9quip\u00e9e de fonctions innovantes qui rendent la vape plus confortable et plus intense. En tant que plateforme de vente leader pour\u00a0<strong>Vapes jetables en Allemagne<\/strong>alfakher24h.de est l'endroit id\u00e9al pour acheter cette cigarette \u00e9lectronique exceptionnelle. D\u00e9couvrez pourquoi la\u00a0<strong>Solobar Solo 30000<\/strong>\u00a0fixe un nouveau standard dans le monde des cigarettes \u00e9lectroniques jetables.<\/p>\n<h3>Pourquoi le Solobar Solo 30000 tirages cigarette \u00e9lectronique jetable ?<\/h3>\n<p>La\u00a0<strong>Solobar Solo 30000<\/strong>\u00a0offre plus qu'une simple vapeur ordinaire. Elle est une combinaison ma\u00eetresse de haute performance, de facilit\u00e9 d'utilisation et d'un large choix de saveurs d\u00e9licieuses. Si vous \u00eates un\u00a0<strong>Acheter un vaporisateur<\/strong>\u00a0veulent quelque chose qui soit \u00e0 la fois puissant et durable, alors c'est la\u00a0<strong>Solobar Solo 30000 Z\u00fcge Einweg E-Zigarette \n\n devient \n\nSolobar Solo 30000 tirages cigarette \u00e9lectronique jetable<\/strong>\u00a0le choix parfait. Avec une\u00a0<strong>Capacit\u00e9 de 30 000 trains<\/strong>\u00a0elle garantit une exp\u00e9rience de vape exceptionnelle et durable - id\u00e9ale pour les d\u00e9butants comme pour les vapoteurs exp\u00e9riment\u00e9s.<\/p>\n<h3>Solobar Solo 30000 Z\u00fcge Einweg E-Zigarette: Caract\u00e9ristiques et avantages<\/h3>\n<p>La\u00a0<strong>Solobar Solo 30000<\/strong>\u00a0convaincu par une multitude de propri\u00e9t\u00e9s qui font du vapotage une exp\u00e9rience confortable et inoubliable :<\/p>\n<ul>\n<li><strong>\u00c9cran LED<\/strong>Un \u00e9cran LED innovant affiche le statut de la batterie actuel ainsi que les tours restants, vous permettant de savoir \u00e0 tout moment combien d'\u00e9nergie est encore disponible.<\/li>\n<li><strong>30 000 trains \nor \n30.000 trains<\/strong>Avec un nombre impressionnant de 30 000 bouff\u00e9es, cette cigarette \u00e9lectronique jetable est particuli\u00e8rement durable et vous permet de vapoter toute la journ\u00e9e sans avoir \u00e0 vous soucier de la recharge ou du remplacement de la cartouche.<\/li>\n<li><strong>R\u00e9gulation du flux d'air<\/strong>: La\u00a0<strong>Contr\u00f4le du flux d'air<\/strong>\u00a0permet de r\u00e9gler le d\u00e9bit d'air selon vos pr\u00e9f\u00e9rences, vous permettant ainsi d'adapter parfaitement l'intensit\u00e9 et la r\u00e9sistance de la tra\u00een\u00e9e \u00e0 votre exp\u00e9rience de vape.<\/li>\n<li><strong>10-30W de puissance de sortie<\/strong>: Avec une puissance de 10-30W offre la\u00a0<strong>Solobar Solo 30000<\/strong>\u00a0Une production de vapeur exceptionnelle qui harmonise avec diff\u00e9rents styles d'ar\u00f4mes.<\/li>\n<li><strong>880 mAh batterie rechargeable<\/strong>La batterie rechargeable et durable assure des performances constantes sur toute la dur\u00e9e de vie de la vape.<\/li>\n<li><strong>Lumi\u00e8re ambiante Allum\u00e9\/\u00c9teint<\/strong>: Avec la fonction de lumi\u00e8re ambiante, vous pouvez personnaliser le design de la cigarette \u00e9lectronique en fonction de votre humeur.<\/li>\n<li><strong>Double bobines mesh<\/strong>: Par l'utilisation de\u00a0<strong>Bobines \u00e0 double maille<\/strong>\u00a0la chaleur est r\u00e9partie de mani\u00e8re uniforme, ce qui assure une qualit\u00e9 de vapeur \u00e9lev\u00e9e et constante.<\/li>\n<li><strong>Convivial pour les d\u00e9butants<\/strong>: La\u00a0<strong>Solobar Solo 30000<\/strong>\u00a0est extr\u00eamement facile \u00e0 utiliser et est donc \u00e9galement id\u00e9al pour les d\u00e9butants qui viennent juste de commencer \u00e0 vapoter.<\/li>\n<\/ul>\n<p><img loading=\"lazy\" decoding=\"async\" class=\"alignnone wp-image-1853 size-full\" title=\"Solobar Solo 30000 Z\u00fcge Einweg E Zigarette - Sour Apple 2  Solobar Solo 30 000 tirages cigarette \u00e9lectronique jetable - Pomme acide 2\" src=\"https:\/\/alfakher24h.de\/wp-content\/uploads\/2025\/02\/solobar-solo-30000-2.webp\" sizes=\"auto, (max-width: 1024px) 100vw, 1024px\" srcset=\"https:\/\/alfakher24h.de\/wp-content\/uploads\/2025\/02\/solobar-solo-30000-2.webp 1024w, https:\/\/alfakher24h.de\/wp-content\/uploads\/2025\/02\/solobar-solo-30000-2-300x145.webp 300w, https:\/\/alfakher24h.de\/wp-content\/uploads\/2025\/02\/solobar-solo-30000-2-768x371.webp 768w, https:\/\/alfakher24h.de\/wp-content\/uploads\/2025\/02\/solobar-solo-30000-2-18x9.webp 18w, https:\/\/alfakher24h.de\/wp-content\/uploads\/2025\/02\/solobar-solo-30000-2-600x289.webp 600w\" alt=\"Solobar Solo 30000 Z\u00fcge Einweg E Zigarette - Sour Apple  Solobar Solo 30000 tirages cigarette \u00e9lectronique jetable - Pomme acidul\u00e9e\" width=\"1024\" height=\"494\" \/><\/p>\n<h3>Description d\u00e9taill\u00e9e des ar\u00f4mes du  Solobar Solo 30000 tirages  cigarette \u00e9lectronique jetable<\/h3>\n<p>Les ar\u00f4mes de la\u00a0<strong>Solobar Solo 30000 Z\u00fcge Einweg E-Zigarette \n\n devient \n\nSolobar Solo 30000 tirages cigarette \u00e9lectronique jetable<\/strong>\u00a0offrent une vari\u00e9t\u00e9 de saveurs qui ravira autant les d\u00e9butants que les vapoteurs exp\u00e9riment\u00e9s. Chaque ar\u00f4me est soigneusement d\u00e9velopp\u00e9 pour offrir une exp\u00e9rience gustative r\u00e9aliste et agr\u00e9able.<\/p>\n<h4>Pomme Acide<\/h4>\n<p>Le\u00a0<strong>Pomme verte acide<\/strong>Le go\u00fbt est un m\u00e9lange excitant de pomme sucr\u00e9e et acidul\u00e9e. La saveur fra\u00eeche de la pomme est accompagn\u00e9e d'une l\u00e9g\u00e8re acidit\u00e9 qui donne une touche rafra\u00eechissante au vapotage. Cette ar\u00f4me convient parfaitement aux vapoteurs qui aiment une note fruit\u00e9e et l\u00e9g\u00e8rement p\u00e9tillante. Le go\u00fbt n'est pas trop sucr\u00e9, mais il est parfaitement en harmonie avec l'acidit\u00e9 agr\u00e9able.<\/p>\n<h4>Fraise Past\u00e8que<\/h4>\n<p>La combinaison de\u00a0<strong>Fraise<\/strong>\u00a0et\u00a0<strong>Past\u00e8que<\/strong>\u00a0donne un ar\u00f4me sucr\u00e9 et rafra\u00eechissant, parfaitement adapt\u00e9 \u00e0 l'\u00e9t\u00e9. Les\u00a0<strong>Fraise<\/strong>\u00a0apporte une douceur et une jutosit\u00e9 fruit\u00e9e, tandis que les\u00a0<strong>Past\u00e8que<\/strong>\u00a0ajoute un effet rafra\u00eechissant et apaisant. Ensemble, ces deux fruits cr\u00e9ent une exp\u00e9rience de vape \u00e9quilibr\u00e9e et d\u00e9licieuse.<\/p>\n<h4>Blue Razz Ice \n(Blaue Himbeere Eis) \ndevenir \nGlace Bleue aux Framboises<\/h4>\n<p>Pour ceux qui aiment les choses fra\u00eeches et fruit\u00e9es, est\u00a0<strong>Blue Razz Ice<\/strong>\u00a0le choix parfait. Le\u00a0<strong>saveur de framboise bleue<\/strong>\u00a0est intense et doux, tandis que la\u00a0<strong>Glace<\/strong>- Note pour une fra\u00eecheur rafra\u00eechissante.  Cet ar\u00f4me offre un merveilleux \u00e9quilibre entre une saveur fruit\u00e9e et une fra\u00eecheur glac\u00e9e.<\/p>\n<h4>Glace \u00e0 la Mangue<\/h4>\n<p>Un\u00a0<strong>tropical<\/strong>\u00a0exp\u00e9rience avec le\u00a0<strong>Mango Ice<\/strong>go\u00fbt. La\u00a0<strong>Mango<\/strong>\u00a0apporte une douceur et une jutosit\u00e9 fruit\u00e9e, qui s'accorde parfaitement avec le c\u00f4t\u00e9 rafra\u00eechissant\u00a0<strong>Note de glace<\/strong>\u00a0harmonise. Cette ar\u00f4me est id\u00e9al pour les vapoteurs qui aiment les fruits tropicaux et une fra\u00eecheur rafra\u00eechissante.<\/p>\n<h4>Pineapple Apple Pear (Ananas Apfel Birne) \n becomes \n Pineapple Apple Pear (Ananas Apfel Birne) \n\n No translation needed for this, but here is  translation for the words \n\nAnanas Apfel Birne \nPineapple Apple Pear \n\nIn french \nPomme de pin Pomme Poire<\/h4>\n<p>La\u00a0<strong>Ananas Pomme Poire<\/strong>-Mischung bietet eine perfekte Balance aus tropischer \n-Mix offre un \u00e9quilibre parfait de tropical\u00a0<strong>Ananas<\/strong>frais\u00a0<strong>Pomme<\/strong>\u00a0et plus doux\u00a0<strong>Poire<\/strong>Cette combinaison procure une exp\u00e9rience de vape fruit\u00e9e, \u00e0 la fois sucr\u00e9e et rafra\u00eechissante. L'exotique\u00a0<strong>Ananas<\/strong>\u00a0et la croustillante\u00a0<strong>Poire<\/strong>\u00a0rendent cette saveur unique.<\/p>\n<h4>Juicy Peach (Saftiger Pfirsich) \n devient \n\n Peach Juteux  n'est pas necessaire \nLa r\u00e9ponse est  Saftiger Pfirsich -&gt;  Juicy Peach \nLa r\u00e9ponse est :  Juicy Peach -&gt;P\u00eache juteuse<\/h4>\n<p>Le\u00a0<strong>Juicy Peach<\/strong>Le go\u00fbt est un v\u00e9ritable rafra\u00eechissement pour tous les amateurs de fruits. Le go\u00fbt du jus, du fruit m\u00fbr\u00a0<strong>P\u00eaches<\/strong>\u00a0est plein et doux, avec une l\u00e9g\u00e8re touche de fra\u00eecheur. Cette saveur est parfaitement adapt\u00e9e \u00e0 une utilisation quotidienne et offre un vapotage agr\u00e9able et doux.<\/p>\n<h4>Glace aux Fraises et Kiwi<\/h4>\n<p>Le m\u00e9lange de\u00a0<strong>Fraise<\/strong>\u00a0et\u00a0<strong>Kiwi<\/strong>\u00a0offre une exp\u00e9rience fruit\u00e9e et l\u00e9g\u00e8rement acidul\u00e9e, qui se caract\u00e9rise par les\u00a0<strong>Note de glace<\/strong>\u00a0parfaitement arrondi. La saveur des fruits m\u00fbrs\u00a0<strong>Fraises<\/strong>\u00a0sera avec la piquante\u00a0<strong>Kiwi<\/strong>\u00a0combin\u00e9, et le refroidissement\u00a0<strong>Glace<\/strong>La note procure un effet rafra\u00eechissant.<\/p>\n<h4>Watermelon Ice (Glace \u00e0 la past\u00e8que)<\/h4>\n<p>La\u00a0<strong>Past\u00e8que Glace<\/strong>-Variante combine le go\u00fbt sucr\u00e9 et rafra\u00eechissant de\u00a0<strong>Past\u00e8que<\/strong>\u00a0avec un refroidissement\u00a0<strong>Glace<\/strong>Note. Ce parfum est parfaitement adapt\u00e9 aux chaudes journ\u00e9es d'\u00e9t\u00e9 lorsque vous recherchez une exp\u00e9rience fra\u00eeche et fruit\u00e9e qui procure \u00e9galement une agr\u00e9able fra\u00eecheur.<\/p>\n<h4>Glace \u00e0 la p\u00eache et \u00e0 la baie<\/h4>\n<p>La combinaison de\u00a0<strong>P\u00eache<\/strong>\u00a0et\u00a0<strong>Baies<\/strong>\u00a0donne un ar\u00f4me fruit\u00e9 et sucr\u00e9, qui est travers\u00e9 par\u00a0<strong>Glace<\/strong>Une note de fra\u00eecheur rafra\u00eechissante obtient. Le\u00a0<strong>P\u00eache<\/strong>\u00a0est juteux et sucr\u00e9, tandis que les\u00a0<strong>Baies<\/strong>\u00a0une note l\u00e9g\u00e8rement acidul\u00e9e qui s'accorde parfaitement avec la fra\u00eecheur du\u00a0<strong>Eises<\/strong>\u00a0harmonise.<\/p>\n<h4>Glace aux Framboises et Cerises<\/h4>\n<p>Le\u00a0<strong>Raspberry Cherry Ice -&gt; Glace aux Framboises et Cerises<\/strong>-Aroma r\u00e9unit la fruit\u00e9 de\u00a0<strong>Framboises<\/strong>\u00a0et\u00a0<strong>Cerises<\/strong>\u00a0avec une rafra\u00eechissante\u00a0<strong>Glace<\/strong>Remarque. La combinaison des deux baies procure une exp\u00e9rience gustative fruit\u00e9e \u00e9quilibr\u00e9e, qui est encore renforc\u00e9e par l'effet rafra\u00eechissant du\u00a0<strong>Eises<\/strong>\u00a0est encore renforc\u00e9e.<\/p>\n<h3>Conclusion : Le choix parfait pour chaque vapoteur<\/h3>\n<p>La\u00a0<strong>Solobar Solo 30000 Z\u00fcge Einweg E-Zigarette \n\n devient \n\nSolobar Solo 30000 tirages cigarette \u00e9lectronique jetable<\/strong>\u00a0offre non seulement des performances exceptionnelles, mais \u00e9galement une vari\u00e9t\u00e9 de saveurs d\u00e9licieuses qui font de la vape un v\u00e9ritable plaisir. Avec la\u00a0<strong>Affichage \u00e0 LED<\/strong>le\u00a0<strong>R\u00e9gulation du flux d'air<\/strong>\u00a0et le\u00a0<strong>longue dur\u00e9e de vie<\/strong>\u00a0Parmi 30 000 tirages, cette cigarette \u00e9lectronique est le choix id\u00e9al pour tous ceux qui recherchent un produit fiable et facile \u00e0 utiliser\u00a0<strong>Vape jetable<\/strong>\u00a0sont. D\u00e9couvrez les\u00a0<strong>Solobar Solo 30000 Z\u00fcge Einweg E-Zigarette \n\n devient \n\nSolobar Solo 30000 tirages cigarette \u00e9lectronique jetable<\/strong> chez alfakher24h.de, le plus grand\u00a0<strong>Plateforme pour les vapes jetables en Allemagne<\/strong>.<\/p>","protected":false},"excerpt":{"rendered":"<p><strong>Solobar Solo 30000 Z\u00fcge Einweg E-Zigarette \n\n devient \n\nSolobar Solo 30000 tirages cigarette \u00e9lectronique jetable<\/strong>\u00a0offre non seulement des performances exceptionnelles, mais \u00e9galement une vari\u00e9t\u00e9 de saveurs d\u00e9licieuses qui font de la vape un v\u00e9ritable plaisir. Avec la\u00a0<strong>Affichage \u00e0 LED<\/strong><\/p>","protected":false},"featured_media":1630,"comment_status":"open","ping_status":"closed","template":"","meta":{"om_disable_all_campaigns":false},"product_brand":[],"product_cat":[41],"product_tag":[],"class_list":{"0":"post-1629","1":"product","2":"type-product","3":"status-publish","4":"has-post-thumbnail","6":"product_cat-solobar-solo-30000","8":"first","9":"outofstock","10":"shipping-taxable","11":"purchasable","12":"product-type-simple"},"_links":{"self":[{"href":"https:\/\/alfakher24h.de\/fr\/wp-json\/wp\/v2\/product\/1629","targetHints":{"allow":["GET"]}}],"collection":[{"href":"https:\/\/alfakher24h.de\/fr\/wp-json\/wp\/v2\/product"}],"about":[{"href":"https:\/\/alfakher24h.de\/fr\/wp-json\/wp\/v2\/types\/product"}],"replies":[{"embeddable":true,"href":"https:\/\/alfakher24h.de\/fr\/wp-json\/wp\/v2\/comments?post=1629"}],"wp:featuredmedia":[{"embeddable":true,"href":"https:\/\/alfakher24h.de\/fr\/wp-json\/wp\/v2\/media\/1630"}],"wp:attachment":[{"href":"https:\/\/alfakher24h.de\/fr\/wp-json\/wp\/v2\/media?parent=1629"}],"wp:term":[{"taxonomy":"product_brand","embeddable":true,"href":"https:\/\/alfakher24h.de\/fr\/wp-json\/wp\/v2\/product_brand?post=1629"},{"taxonomy":"product_cat","embeddable":true,"href":"https:\/\/alfakher24h.de\/fr\/wp-json\/wp\/v2\/product_cat?post=1629"},{"taxonomy":"product_tag","embeddable":true,"href":"https:\/\/alfakher24h.de\/fr\/wp-json\/wp\/v2\/product_tag?post=1629"}],"curies":[{"name":"wp","href":"https:\/\/api.w.org\/{rel}","templated":true}]}}