{"id":1627,"date":"2025-02-08T14:56:05","date_gmt":"2025-02-08T14:56:05","guid":{"rendered":"https:\/\/alfakher24h.de\/?post_type=product&#038;p=1627"},"modified":"2025-05-21T05:11:14","modified_gmt":"2025-05-21T05:11:14","slug":"solobar-solo-30000-zuege-einweg-e-zigarette-pineapple-apple-pear","status":"publish","type":"product","link":"https:\/\/alfakher24h.de\/fr\/produit\/solobar-solo-30000-zuege-einweg-e-zigarette-pineapple-apple-pear\/","title":{"rendered":"Solobar Solo 30000 Z\u00fcge Einweg E Zigarette \u2013 Pineapple Apple Pear \n Solobar Solo 30000 tirages cigarette \u00e9lectronique jetable - Pineapple Apple Pear"},"content":{"rendered":"<h2><strong><a href=\"https:\/\/alfakher24h.de\/fr\/\">Solobar Solo 30000 Z\u00fcge Einweg E-Zigarette \n\n becomes \n\nSolobar Solo 30000 tirages E-cigarette jetable<\/a> La r\u00e9volution dans le vapotage<\/strong><\/h2>\n<p>Si vous \u00eates \u00e0 la recherche d'un produit de haute qualit\u00e9 et fiable\u00a0<strong>Cigarette \u00e9lectronique jetable<\/strong>\u00a0sont, tant en termes de performances que de go\u00fbt, la\u00a0<strong>Solobar Solo 30000 Z\u00fcge Einweg E Zigarette \n Solobar Solo 30000 tirages cigarette \u00e9lectronique jetable<\/strong>\u00a0Le choix parfait. Cette cigarette \u00e9lectronique jetable combine une technologie avanc\u00e9e avec une exp\u00e9rience de saveur unique. Elle est id\u00e9ale pour tous ceux qui recherchent une solution de vapotage conviviale et puissante, sans vouloir renoncer au confort et \u00e0 la facilit\u00e9 d'utilisation.<\/p>\n<h3>Caract\u00e9ristiques uniques de la cigarette \u00e9lectronique jetable Solobar Solo 30000 tirs<\/h3>\n<p>La\u00a0<strong>Solobar Solo 30000 Z\u00fcge Einweg E Zigarette \n Solobar Solo 30000 tirages cigarette \u00e9lectronique jetable<\/strong>\u00a0se distingue par sa fonctionnalit\u00e9 et son design exceptionnels. Elle offre non seulement une longue dur\u00e9e de vie, mais \u00e9galement une exp\u00e9rience de vapotage personnalis\u00e9e, adapt\u00e9e aussi bien aux d\u00e9butants qu'aux vapoteurs exp\u00e9riment\u00e9s. Voici les caract\u00e9ristiques exceptionnelles de cette cigarette \u00e9lectronique jetable avanc\u00e9e :<\/p>\n<h4><strong>\u00c9cran LED d'affichage<\/strong><\/h4>\n<p>Un point fort de\u00a0<strong>Solobar Solo 30000 Z\u00fcge \n\nbecomes \n\nSolobar Solo 30 000 Z\u00fcge \n\nno translation needed for numbers \n Solobar Solo 30000 trains <a href=\"https:\/\/alfakher24h.de\/fr\/\">Cigarette \u00e9lectronique jetable<\/a><\/strong><a href=\"https:\/\/alfakher24h.de\/fr\/\">\u00a0<\/a>C'est l'\u00e9cran LED innovant qui fournit les informations cl\u00e9s en un coup d'\u0153il. Vous pouvez lire facilement l'\u00e9tat de la batterie et l'\u00e9tat actuel de l'appareil \u00e0 tout moment. L'\u00e9cran assure non seulement une exp\u00e9rience utilisateur am\u00e9lior\u00e9e, mais conf\u00e8re \u00e9galement \u00e0 la cigarette \u00e9lectronique un toucher moderne et \u00e9l\u00e9gant.<\/p>\n<h4><strong>30 000 trains - Profitez plus longtemps<\/strong><\/h4>\n<p>Avec une incroyable\u00a0<strong>Dur\u00e9e de vie de 30 000 cycles<\/strong>\u00a0Cette cigarette \u00e9lectronique fait partie des plus durables du march\u00e9. Vous pouvez donc compter sur une utilisation prolong\u00e9e sans avoir besoin de la remplacer ou de la recharger. Id\u00e9ale pour les d\u00e9placements, les voyages ou les applications quotidiennes.<\/p>\n<h4><strong>Contr\u00f4le du flux d'air pour un plaisir individuel<\/strong><\/h4>\n<p>La\u00a0<strong>Solobar Solo 30000 Z\u00fcge Einweg E Zigarette \n Solobar Solo 30000 tirages cigarette \u00e9lectronique jetable<\/strong>\u00a0offre la possibilit\u00e9 de contr\u00f4ler le flux d'air, vous permettant ainsi de r\u00e9gler le comportement de tirage parfait. Cette adaptabilit\u00e9 assure une exp\u00e9rience de vapotage encore plus intense et agr\u00e9able. Que vous pr\u00e9f\u00e9riez une inhalation intense et directe ou un tirage doux, le contr\u00f4le du flux d'air le permet.<\/p>\n<h4><strong>Puissante batterie et double bobine Mesh<\/strong><\/h4>\n<p>La e-cigarette est \u00e9quip\u00e9e d'un\u00a0<strong>880 mAh batterie rechargeable<\/strong>\u00a0\u00e9quip\u00e9 pour assurer une utilisation durable. Combin\u00e9 avec le\u00a0<strong>Technologie de bobine \u00e0 double maille<\/strong>qui assure une saveur am\u00e9lior\u00e9e et des nuages de vapeur denses, le Solobar Solo offre des performances in\u00e9gal\u00e9es. La batterie garantit une utilisation fiable sur une longue p\u00e9riode et peut \u00eatre recharg\u00e9e facilement sans avoir \u00e0 remplacer toute la cigarette \u00e9lectronique.<\/p>\n<h4><strong>Lumi\u00e8re ambiante On\/Off pour une atmosph\u00e8re individuelle<\/strong><\/h4>\n<p>La\u00a0<strong>Solobar Solo 30000 Z\u00fcge Einweg E Zigarette \n Solobar Solo 30000 tirages cigarette \u00e9lectronique jetable<\/strong>\u00a0dispose d'un\u00a0<strong>Lumi\u00e8re ambiante<\/strong>qui am\u00e9liore encore l'apparence de la cigarette \u00e9lectronique. Vous pouvez allumer ou \u00e9teindre cette lumi\u00e8re selon vos besoins et ainsi adapter l'ambiance lors du vapotage \u00e0 vos pr\u00e9f\u00e9rences.<\/p>\n<h4><strong>Utilisation simple - Parfait pour les d\u00e9butants<\/strong><\/h4>\n<p>L'ergonomie des\u00a0<strong>Solobar Solo 30000 Z\u00fcge Einweg E Zigarette \n Solobar Solo 30000 tirages cigarette \u00e9lectronique jetable<\/strong>\u00a0rend elle particuli\u00e8rement attrayante pour les d\u00e9butants dans le monde de la vape. Avec son design simple et sa manipulation facile, elle est parfaite pour tous ceux qui souhaitent commencer \u00e0 vapoter. Gr\u00e2ce \u00e0 sa conception pratique,\u00a0<strong>Fonction \u00e0 sens unique<\/strong>\u00a0n'est pas n\u00e9cessaire de recharger ou d'embobiner de mani\u00e8re compliqu\u00e9e - simplement utiliser et profiter de la cigarette \u00e9lectronique.<\/p>\n<h3>Qu'est-ce qui est inclus dans la livraison ?<\/h3>\n<p>Si vous vous inscrivez pour la\u00a0<strong>Solobar Solo 30000 Z\u00fcge Einweg E Zigarette \n Solobar Solo 30000 tirages cigarette \u00e9lectronique jetable<\/strong>\u00a0d\u00e9cider, vous recevez ce qui suit dans la livraison :<\/p>\n<ul>\n<li><strong>1 x SOLOBAR Solo 30K 30000 Vape \ndevient \n\n1 x SOLOBAR Solo 30K 30000 Vape<\/strong><br \/>\nCette cigarette \u00e9lectronique jetable est pr\u00eate \u00e0 l'emploi imm\u00e9diatement et peut \u00eatre utilis\u00e9e sans accessoire suppl\u00e9mentaire.<\/li>\n<\/ul>\n<h3>exp\u00e9rience gustative de classe exceptionnelle - saveurs de\u00a0<a href=\"https:\/\/alfakher24h.de\/fr\/\">Solobar Solo 30000<\/a> Cigarettes \u00e9lectroniques jetables<\/h3>\n<p>Un aspect particuli\u00e8rement important lors de l'achat d'une cigarette \u00e9lectronique est le go\u00fbt, qui influence l'ensemble de l'exp\u00e9rience de vapotage. Les\u00a0<strong>Solobar Solo 30000 Z\u00fcge Einweg E Zigarette \n Solobar Solo 30000 tirages cigarette \u00e9lectronique jetable<\/strong>\u00a0offre avec le\u00a0<strong>Ananas Pomme Poire<\/strong>Une composition de saveurs pour une exp\u00e9rience gustative vraiment unique. D\u00e9crivons cette combinaison de saveurs en d\u00e9tail :<\/p>\n<h4><strong>Pineapple Apple Pear (Ananas Apfel Birne) \n becomes \n Pineapple Apple Pear (Ananas Apfel Birne) \n\n No translation needed for this, but here is  translation for the words \n\nAnanas Apfel Birne \nPineapple Apple Pear \n\nIn french \nPomme de pin Pomme Poire<\/strong><\/h4>\n<p>Le m\u00e9lange de\u00a0<strong>Ananas, pomme et poire<\/strong>\u00a0est une combinaison harmonieuse qui convient parfaitement \u00e0 tous les amateurs de fruits. La saveur fra\u00eeche et tropicale de la\u00a0<strong>Ananas<\/strong>\u00a0apporte une note sucr\u00e9e, l\u00e9g\u00e8rement acide, qui rafra\u00eechit imm\u00e9diatement le palais. Celle-ci est habilement travers\u00e9e par les\u00a0<strong>douce fra\u00eecheur de la pomme<\/strong>\u00a0compl\u00e9t\u00e9, qui fournit une douceur agr\u00e9able sans surcharger.\u00a0<strong>Poire<\/strong>\u00a0ajoute une note fruit\u00e9e subtile et plus douce, qui compl\u00e8te l'exp\u00e9rience gustative et offre une saveur ronde et pleine.<\/p>\n<p>Chaque bouff\u00e9e de cette cigarette \u00e9lectronique vous transporte dans une journ\u00e9e ensoleill\u00e9e sous des palmiers tropicaux, tandis que les saveurs fruit\u00e9es se fondent harmonieusement les unes dans les autres. C'est une saveur non seulement rafra\u00eechissante, mais qui laisse \u00e9galement une sensation durable et satisfaisante. La\u00a0<strong>Ananas Pomme Poire<\/strong>Cette combinaison est parfaitement adapt\u00e9e \u00e0 une utilisation quotidienne et constitue un excellent choix pour tous ceux qui pr\u00e9f\u00e8rent des ar\u00f4mes fruit\u00e9s et sucr\u00e9s sans \u00eatre trop intenses ou artificiels.<\/p>\n<p>vari\u00e9t\u00e9 de saveurs fra\u00eeches et naturelles procure une exp\u00e9rience gustative unique, qui rend chaque bouff\u00e9e agr\u00e9able. Si vous cherchez donc une cigarette \u00e9lectronique qui convainc non seulement par sa performance, mais aussi par son go\u00fbt, la\u00a0<strong>Solobar Solo 30000 Z\u00fcge Einweg E Zigarette \n Solobar Solo 30000 tirages cigarette \u00e9lectronique jetable<\/strong>\u00a0avec\u00a0<strong>Ananas Pomme Poire<\/strong>\u00a0Elle garantit d'enthousiasmer.<\/p>\n<h2><img loading=\"lazy\" decoding=\"async\" class=\"alignnone wp-image-1853 size-full\" title=\"Solobar Solo 30000 Z\u00fcge Einweg E Zigarette - Ananas Apfel Birne 2\" src=\"https:\/\/alfakher24h.de\/wp-content\/uploads\/2025\/02\/solobar-solo-30000-2.webp\" sizes=\"auto, (max-width: 1024px) 100vw, 1024px\" srcset=\"https:\/\/alfakher24h.de\/wp-content\/uploads\/2025\/02\/solobar-solo-30000-2.webp 1024w, https:\/\/alfakher24h.de\/wp-content\/uploads\/2025\/02\/solobar-solo-30000-2-300x145.webp 300w, https:\/\/alfakher24h.de\/wp-content\/uploads\/2025\/02\/solobar-solo-30000-2-768x371.webp 768w, https:\/\/alfakher24h.de\/wp-content\/uploads\/2025\/02\/solobar-solo-30000-2-18x9.webp 18w, https:\/\/alfakher24h.de\/wp-content\/uploads\/2025\/02\/solobar-solo-30000-2-600x289.webp 600w\" alt=\"Solobar Solo 30000 Z\u00fcge Einweg E Zigarette - Ananas Apfel Birne \" width=\"1024\" height=\"494\" \/><\/h2>\n<h3>Pourquoi devriez-vous acheter la cigarette \u00e9lectronique jetable Solobar Solo 30000 tirages ?<\/h3>\n<p>La\u00a0<strong>Solobar Solo 30000 Z\u00fcge Einweg E Zigarette \n Solobar Solo 30000 tirages cigarette \u00e9lectronique jetable<\/strong>\u00a0est le choix id\u00e9al pour tous ceux qui recherchent une qualit\u00e9 exceptionnelle\u00a0<strong>Cigarette \u00e9lectronique jetable<\/strong>\u00a0avec des performances impressionnantes et un go\u00fbt recherch\u00e9. Voici les raisons pour lesquelles vous devriez acheter ce produit chez nous :<\/p>\n<ul>\n<li><strong>Longue dur\u00e9e de conservation<\/strong>: Avec\u00a0<strong>30 000 trains \nor \n30.000 trains \nor \n30.000 Z\u00fcgen is translated as  30,000 trains<\/strong>\u00a0Vous pouvez vous fier \u00e0 une utilisation prolong\u00e9e - id\u00e9al pour une utilisation quotidienne et en d\u00e9placement.<\/li>\n<li><strong>Go\u00fbt de premi\u00e8re classe<\/strong>: La\u00a0<strong>Ananas Pomme Poire<\/strong>Les ar\u00f4mes offrent une fra\u00eecheur fruit\u00e9e unique qui ne vous d\u00e9cevra pas.<\/li>\n<li><strong>Convivial<\/strong>Cette cigarette \u00e9lectronique est parfaite pour les d\u00e9butants, car elle ne n\u00e9cessite pas de manipulation compliqu\u00e9e et est pr\u00eate \u00e0 l'emploi imm\u00e9diatement.<\/li>\n<li><strong>Technologiquement avanc\u00e9<\/strong>: Avec des fonctionnalit\u00e9s telles que\u00a0<strong>Contr\u00f4le du flux d'air<\/strong>,\u00a0<strong>Affichage LED<\/strong>, et\u00a0<strong>Double Bobine Maille<\/strong>\u00a0Vivez une performance exceptionnelle et une exp\u00e9rience de vapotage incomparable.<\/li>\n<\/ul>\n<p>Si vous cherchez la meilleure\u00a0<strong>Cigarette \u00e9lectronique jetable<\/strong>\u00a0dans\u00a0<strong>Allemagne<\/strong>\u00a0sont, qui vous offrent une manipulation facile et une exp\u00e9rience gustative exceptionnelle, alors vous devriez essayer les\u00a0<strong>Solobar Solo 30000 Z\u00fcge Einweg E Zigarette \n Solobar Solo 30000 tirages cigarette \u00e9lectronique jetable<\/strong> ne pas laisser \u00e9chapper. Visitez alfakher24h.de, votre plus grande plateforme en ligne pour\u00a0<strong>Vapes jetables<\/strong>\u00a0En Allemagne, et vivez l'avenir de la vape.<\/p>","protected":false},"excerpt":{"rendered":"<p><strong>Cigarette \u00e9lectronique jetable<\/strong>\u00a0dans\u00a0<strong>Allemagne<\/strong>\u00a0sont, qui vous offrent une manipulation facile et une exp\u00e9rience gustative exceptionnelle, alors vous devriez essayer les\u00a0<strong>Solobar Solo 30000 Z\u00fcge Einweg E Zigarette \n Solobar Solo 30000 tirages cigarette \u00e9lectronique jetable<\/strong> ne pas manquer. Visitez alfakher24h.de<\/p>","protected":false},"featured_media":1628,"comment_status":"open","ping_status":"closed","template":"","meta":{"om_disable_all_campaigns":false},"product_brand":[],"product_cat":[41],"product_tag":[],"class_list":{"0":"post-1627","1":"product","2":"type-product","3":"status-publish","4":"has-post-thumbnail","6":"product_cat-solobar-solo-30000","8":"first","9":"outofstock","10":"shipping-taxable","11":"purchasable","12":"product-type-simple"},"_links":{"self":[{"href":"https:\/\/alfakher24h.de\/fr\/wp-json\/wp\/v2\/product\/1627","targetHints":{"allow":["GET"]}}],"collection":[{"href":"https:\/\/alfakher24h.de\/fr\/wp-json\/wp\/v2\/product"}],"about":[{"href":"https:\/\/alfakher24h.de\/fr\/wp-json\/wp\/v2\/types\/product"}],"replies":[{"embeddable":true,"href":"https:\/\/alfakher24h.de\/fr\/wp-json\/wp\/v2\/comments?post=1627"}],"wp:featuredmedia":[{"embeddable":true,"href":"https:\/\/alfakher24h.de\/fr\/wp-json\/wp\/v2\/media\/1628"}],"wp:attachment":[{"href":"https:\/\/alfakher24h.de\/fr\/wp-json\/wp\/v2\/media?parent=1627"}],"wp:term":[{"taxonomy":"product_brand","embeddable":true,"href":"https:\/\/alfakher24h.de\/fr\/wp-json\/wp\/v2\/product_brand?post=1627"},{"taxonomy":"product_cat","embeddable":true,"href":"https:\/\/alfakher24h.de\/fr\/wp-json\/wp\/v2\/product_cat?post=1627"},{"taxonomy":"product_tag","embeddable":true,"href":"https:\/\/alfakher24h.de\/fr\/wp-json\/wp\/v2\/product_tag?post=1627"}],"curies":[{"name":"wp","href":"https:\/\/api.w.org\/{rel}","templated":true}]}}