{"id":1625,"date":"2025-02-08T14:47:31","date_gmt":"2025-02-08T14:47:31","guid":{"rendered":"https:\/\/alfakher24h.de\/?post_type=product&#038;p=1625"},"modified":"2025-05-21T05:11:14","modified_gmt":"2025-05-21T05:11:14","slug":"solobar-solo-30000-zuege-einweg-e-zigarette-juicy-peach","status":"publish","type":"product","link":"https:\/\/alfakher24h.de\/fr\/produit\/solobar-solo-30000-zuege-einweg-e-zigarette-juicy-peach\/","title":{"rendered":"Solobar Solo 30000 Z\u00fcge Einweg E Zigarette \u2013 Juicy Peach \n\n Solobar Solo 30000 tirages cigarette \u00e9lectronique jetable - Juicy Peach"},"content":{"rendered":"<div style=\"width: 1020px;\" class=\"wp-video\"><video class=\"wp-video-shortcode\" id=\"video-1625-1\" width=\"1020\" height=\"574\" preload=\"metadata\" controls=\"controls\"><source type=\"video\/mp4\" src=\"https:\/\/alfakher24h.de\/wp-content\/uploads\/2025\/02\/solobar-solo-30000-2.mp4?_=1\" \/><a href=\"https:\/\/alfakher24h.de\/wp-content\/uploads\/2025\/02\/solobar-solo-30000-2.mp4\">https:\/\/alfakher24h.de\/wp-content\/uploads\/2025\/02\/solobar-solo-30000-2.mp4<\/a><\/video><\/div>\n<h2><strong><a href=\"https:\/\/alfakher24h.de\/fr\/\">Solobar Solo 30000 Z\u00fcge Einweg E-Zigarette \n\n becomes \n\nSolobar Solo 30000 tirages E-cigarette jetable<\/a> L'avenir du vapotage en Allemagne<\/strong><\/h2>\n<p>La\u00a0<strong>Solobar Solo 30000 Z\u00fcge Einweg E Zigarette \n Solobar Solo 30000 tirages cigarette \u00e9lectronique jetable<\/strong>\u00a0fixe de nouvelles normes dans le monde des vapes jetables et offre une exp\u00e9rience de vapotage inoubliable avec une technologie de pointe et une facilit\u00e9 d'utilisation exceptionnelle. Si vous cherchez en Allemagne une cigarette \u00e9lectronique puissante, durable et au go\u00fbt unique, alors ce produit est le choix parfait pour vous.<\/p>\n<p>Dans cet article, nous vous offrirons tout ce que vous devez savoir sur\u00a0<strong>Solobar Solo 30000 Z\u00fcge Einweg E Zigarette \n Solobar Solo 30000 tirages cigarette \u00e9lectronique jetable<\/strong>\u00a0savoir. Nous allons examiner les fonctionnalit\u00e9s exceptionnelles, les performances, les saveurs et de nombreux autres d\u00e9tails. De plus, vous d\u00e9couvrirez pourquoi la cigarette \u00e9lectronique Solobar Solo est le choix id\u00e9al pour les vapoteurs en Allemagne.<\/p>\n<h3><strong>Les caract\u00e9ristiques de la cigarette \u00e9lectronique jetable Solobar Solo 30000 tirs<\/strong><\/h3>\n<p>La\u00a0<strong>Solobar Solo 30000 Z\u00fcge Einweg E Zigarette \n Solobar Solo 30000 tirages cigarette \u00e9lectronique jetable<\/strong>\u00a0est le compagnon id\u00e9al pour tous ceux qui recherchent une exp\u00e9rience de vapotage exceptionnelle. Elle combine une technologie avanc\u00e9e avec une manipulation conviviale. Voici quelques-unes des principales fonctionnalit\u00e9s :<\/p>\n<ul>\n<li><strong>\u00c9cran LED<\/strong>Le'\u00e9cran LED int\u00e9gr\u00e9 vous permet de surveiller l'\u00e9tat de charge et l'utilisation de la cigarette \u00e9lectronique. Il vous offre un affichage clair et veille \u00e0 ce que vous soyez toujours inform\u00e9.<\/li>\n<li><strong>30 000 trains \nor \n30.000 trains<\/strong>Avec une capacit\u00e9 remarquable de\u00a0<strong>30 000 trains \nor \n30.000 trains \nor \n30.000 Z\u00fcgen is translated as  30,000 trains<\/strong>\u00a0Vous pouvez profiter du Solobar Solo pendant une longue p\u00e9riode sans avoir \u00e0 vous soucier de le remplacer.<\/li>\n<li><strong>Contr\u00f4le du flux d'air<\/strong>: La\u00a0<strong>Contr\u00f4le du flux d'air<\/strong>\u00a0offre un contr\u00f4le de d\u00e9bit d'air personnalisable, vous permettant d'ajuster la r\u00e9sistance \u00e0 l'aspiration selon vos pr\u00e9f\u00e9rences. Id\u00e9al pour les d\u00e9butants et les vapoteurs exp\u00e9riment\u00e9s.<\/li>\n<li><strong>10-30W plage de puissance<\/strong>: Le r\u00e9glage de puissance flexible (10-30W) vous permet de contr\u00f4ler l'intensit\u00e9 de la vapeur, selon que vous pr\u00e9f\u00e9rez une exp\u00e9rience douce ou intense.<\/li>\n<li><strong>880 mAh batterie<\/strong>: La batterie puissante avec\u00a0<strong>880 mAh<\/strong>\u00a0assure une longue dur\u00e9e de fonctionnement, afin que vous puissiez tirer le meilleur parti de votre cigarette \u00e9lectronique sans avoir \u00e0 la recharger constamment.<\/li>\n<li><strong>Lumi\u00e8re ambiante Allum\u00e9\/\u00c9teint<\/strong>: La lumi\u00e8re ambiante int\u00e9gr\u00e9e cr\u00e9e une atmosph\u00e8re agr\u00e9able pendant la vaporisation et peut \u00eatre allum\u00e9e ou \u00e9teinte \u00e0 volont\u00e9.<\/li>\n<li><strong>Double Bobine Maille<\/strong>: Avec la\u00a0<strong>Double Bobine Maille<\/strong>\u00a0obtenez un go\u00fbt plus intense et uniforme, ce qui augmente consid\u00e9rablement le plaisir de vapoter.<\/li>\n<li><strong>Convivial pour les d\u00e9butants<\/strong>La Solobar Solo est particuli\u00e8rement conviviale pour les d\u00e9butants. Avec une manipulation conviviale et un design clair, elle est id\u00e9ale pour ceux qui sont nouveaux dans le vapotage.<\/li>\n<\/ul>\n<h3><strong>Qu'est-ce qui est inclus dans la livraison ?<\/strong><\/h3>\n<p>La\u00a0<strong>Solobar Solo 30000 Z\u00fcge Einweg E Zigarette \n Solobar Solo 30000 tirages cigarette \u00e9lectronique jetable<\/strong>\u00a0est livr\u00e9 dans un emballage pratique qui contient tout ce dont vous avez besoin pour une d\u00e9gustation imm\u00e9diate :<\/p>\n<ul>\n<li>1 x\u00a0<strong>Solobar Solo 30K 30000 Vape -&gt; Solobar Solo 30K 30000 Vape<\/strong><\/li>\n<\/ul>\n<p>Gr\u00e2ce \u00e0\u00a0<strong>Jetable<\/strong>-Technologie, vous n'avez pas \u00e0 vous soucier du r\u00e9approvisionnement ou de l'entretien. Les\u00a0<strong>Solobar Solo 30000 Z\u00fcge \n\nbecomes \n\nSolobar Solo 30 000 Z\u00fcge \n\nno translation needed for numbers \n Solobar Solo 30000 trains <a href=\"https:\/\/alfakher24h.de\/fr\/\">Cigarette \u00e9lectronique jetable<\/a><\/strong>\u00a0est pr\u00eat \u00e0 l'emploi et vous offre l'exp\u00e9rience de vape ultime.<\/p>\n<p><img loading=\"lazy\" decoding=\"async\" class=\"alignnone wp-image-1855 size-full\" title=\"Solobar Solo 30000 Z\u00fcge Einweg E Zigarette - Juicy Peach 2 devient Solobar Solo 30000 tirages cigarette \u00e9lectronique jetable - Juicy Peach 2\" src=\"https:\/\/alfakher24h.de\/wp-content\/uploads\/2025\/02\/solobar-solo-30000-4.webp\" sizes=\"auto, (max-width: 1024px) 100vw, 1024px\" srcset=\"https:\/\/alfakher24h.de\/wp-content\/uploads\/2025\/02\/solobar-solo-30000-4.webp 1024w, https:\/\/alfakher24h.de\/wp-content\/uploads\/2025\/02\/solobar-solo-30000-4-300x174.webp 300w, https:\/\/alfakher24h.de\/wp-content\/uploads\/2025\/02\/solobar-solo-30000-4-768x446.webp 768w, https:\/\/alfakher24h.de\/wp-content\/uploads\/2025\/02\/solobar-solo-30000-4-18x10.webp 18w, https:\/\/alfakher24h.de\/wp-content\/uploads\/2025\/02\/solobar-solo-30000-4-600x348.webp 600w\" alt=\"Solobar Solo 30000 Z\u00fcge Einweg E Zigarette - Juicy Peach  Solobar Solo 30000 tirages cigarette \u00e9lectronique jetable - Juicy Peach \" width=\"1024\" height=\"594\" \/><\/p>\n<div class=\"flex-1 overflow-hidden @container\/thread\">\n<div class=\"h-full\">\n<div class=\"react-scroll-to-bottom--css-kyafg-79elbk h-full\">\n<div class=\"react-scroll-to-bottom--css-kyafg-1n7m0yu\">\n<div class=\"flex flex-col text-sm md:pb-9\">\n<article class=\"w-full scroll-mb-[var(--thread-trailing-height,150px)] text-token-text-primary focus-visible:outline-2 focus-visible:outline-offset-[-4px]\" dir=\"auto\" data-testid=\"conversation-turn-3\" data-scroll-anchor=\"true\">\n<div class=\"m-auto text-base py-[18px] px-3 md:px-4 w-full md:px-5 lg:px-4 xl:px-5\">\n<div class=\"mx-auto flex flex-1 gap-4 text-base md:gap-5 lg:gap-6 md:max-w-3xl lg:max-w-[40rem] xl:max-w-[48rem]\">\n<div class=\"group\/conversation-turn relative flex w-full min-w-0 flex-col agent-turn\">\n<div class=\"flex-col gap-1 md:gap-3\">\n<div class=\"flex max-w-full flex-col flex-grow\">\n<div class=\"min-h-8 text-message flex w-full flex-col items-end gap-2 whitespace-normal break-words text-start [.text-message+&amp;]:mt-5\" dir=\"auto\" data-message-author-role=\"assistant\" data-message-id=\"fda66e34-14d2-41e7-8c3d-231a0be2fd20\" data-message-model-slug=\"gpt-4o\">\n<div class=\"flex w-full flex-col gap-1 empty:hidden first:pt-[3px]\">\n<div class=\"markdown prose w-full break-words dark:prose-invert light\">\n<h3><strong>Exp\u00e9rience gustative du Solobar Solo - Juicy Peach<\/strong><\/h3>\n<p>Le\u00a0<strong>Juicy Peach<\/strong>\u00a0go\u00fbt de la\u00a0<strong>Solobar Solo 30000 Z\u00fcge Einweg E Zigarette \n Solobar Solo 30000 tirages cigarette \u00e9lectronique jetable<\/strong>\u00a0n'est pas seulement un ar\u00f4me simple, mais une exp\u00e9rience intense, fra\u00eeche et sucr\u00e9e qui ravira vos papilles. Imaginez que vous mordiez dans une moiti\u00e9 de p\u00eache juteuse et m\u00fbre qui lib\u00e8re son go\u00fbt naturel et sucr\u00e9. Ce go\u00fbt est si vivant et authentique qu'il semble presque que vous mangiez la p\u00eache directement - mais sans les mains collantes !<\/p>\n<p>\u00c0 chaque bouff\u00e9e, vous appr\u00e9cierez l'\u00e9quilibre parfait entre douceur et fra\u00eecheur, sans que le go\u00fbt ne soit trop \u00e9crasant ou artificiel.\u00a0<strong>Solobar Solo 30000 Z\u00fcge Einweg E Zigarette \n Solobar Solo 30000 tirages cigarette \u00e9lectronique jetable<\/strong>\u00a0veille \u00e0 ce que le\u00a0<strong>Juicy Peach<\/strong>\u00a0Le go\u00fbt reste tout au long de la dur\u00e9e de vie de la cigarette \u00e9lectronique d'une intensit\u00e9 constante.<\/p>\n<p>Le go\u00fbt est d\u00e9termin\u00e9 par les\u00a0<strong>Double Bobine Maille<\/strong>\u00a0encore intensifi\u00e9, ce qui conduit \u00e0 une exp\u00e9rience de vape r\u00e9guli\u00e8re et intense. Que vous soyez d\u00e9butant ou vapoteur exp\u00e9riment\u00e9, le\u00a0<strong>Juicy Peach<\/strong>\u00a0Le go\u00fbt ravira vos sens et vous incitera \u00e0 vapoter encore et encore.<\/p>\n<h3><strong>Pourquoi devriez-vous acheter la cigarette \u00e9lectronique jetable Solobar Solo 30000 tirages ?<\/strong><\/h3>\n<p>Il existe de nombreuses raisons pour lesquelles les\u00a0<strong>Solobar Solo 30000 Z\u00fcge Einweg E Zigarette \n Solobar Solo 30000 tirages cigarette \u00e9lectronique jetable<\/strong>\u00a0Le choix parfait pour vous est. Voici les principaux :<\/p>\n<h4><strong>1. Long\u00e9vit\u00e9 et nombre \u00e9lev\u00e9 de voyages<\/strong><\/h4>\n<p>d'une capacit\u00e9 de\u00a0<strong>30 000 trains \nor \n30.000 trains \nor \n30.000 Z\u00fcgen is translated as  30,000 trains<\/strong>\u00a0est-ce que cette cigarette \u00e9lectronique jetable est l'une des plus durables sur le march\u00e9 ? Vous n'avez pas \u00e0 vous soucier de son remplacement et pouvez profiter du produit sur une p\u00e9riode prolong\u00e9e.<\/p>\n<h4><strong>2. Convivialit\u00e9 utilisateur<\/strong><\/h4>\n<p>Gr\u00e2ce \u00e0\u00a0<strong>Contr\u00f4le du flux d'air<\/strong>\u00a0et la manipulation simple convient \u00e0 la\u00a0<strong>Solobar Solo 30000 Z\u00fcge Einweg E Zigarette \n Solobar Solo 30000 tirages cigarette \u00e9lectronique jetable<\/strong>\u00a0aussi bien pour les d\u00e9butants que pour les vapoteurs exp\u00e9riment\u00e9s. Aucun r\u00e9glage compliqu\u00e9 n'est n\u00e9cessaire et vous pouvez vous lancer imm\u00e9diatement.<\/p>\n<h4><strong>3. Haute performance et vape intensive<\/strong><\/h4>\n<p>Avec une puissance de\u00a0<strong>10-30W<\/strong>\u00a0peuvent adapter le processus de g\u00e9n\u00e9ration de vapeur selon vos souhaits. Le\u00a0<strong>880 mAh batterie<\/strong>\u00a0assure des performances durables, tandis que les\u00a0<strong>Double Bobine Maille<\/strong>\u00a0assure un go\u00fbt intense et une vapeur uniforme.<\/p>\n<h4><strong>4. Design \u00e9l\u00e9gant et \u00e9clairage d'ambiance<\/strong><\/h4>\n<p>La cigarette \u00e9lectronique offre non seulement des performances exceptionnelles, mais \u00e9galement un design moderne.\u00a0<strong>Lumi\u00e8re ambiante<\/strong>\u00a0cr\u00e9e une atmosph\u00e8re relaxante et ajoute un accent particulier \u00e0 votre exp\u00e9rience de vapotage.<\/p>\n<h4><strong>5. Achat facile et livraison rapide sur <a href=\"https:\/\/alfakher24h.de\/fr\/\">alfakher24h.de<\/a><\/strong><\/h4>\n<p>La\u00a0<strong>Solobar Solo 30000 Z\u00fcge Einweg E Zigarette \n Solobar Solo 30000 tirages cigarette \u00e9lectronique jetable<\/strong> est disponible sur alfakher24h.de , la plus grande plateforme de vente en ligne de vapes jetables en Allemagne. Nous vous offrons un processus de commande simple, une livraison rapide et un service client exceptionnel. Achetez maintenant vos\u00a0<a href=\"https:\/\/alfakher24h.de\/fr\/\"><strong>Solobar Solo<\/strong><\/a>\u00a0chez nous et vivez la meilleure exp\u00e9rience de vapotage en Allemagne !<\/p>\n<h3><strong>Conclusion<\/strong><\/h3>\n<p>La\u00a0<strong>Solobar Solo 30000 Z\u00fcge Einweg E Zigarette \n Solobar Solo 30000 tirages cigarette \u00e9lectronique jetable<\/strong>\u00a0est un excellent choix pour tous ceux qui recherchent une cigarette \u00e9lectronique puissante, durable et facile \u00e0 utiliser. Avec son design moderne, son utilisation conviviale et la saveur intense qu'elle offre, c'est l'une des meilleures options pour les vapes jetables en Allemagne. Que vous commenciez \u00e0 peine \u00e0 vapoter ou que vous soyez un vapoteur exp\u00e9riment\u00e9, la Solobar Solo vous offre une exp\u00e9rience exceptionnelle.<\/p>\n<p><strong>Achetez maintenant sur alfakher24h.de - Votre meilleure boutique en ligne pour les cigarettes \u00e9lectroniques jetables en Allemagne !<\/strong><\/p>\n<\/div>\n<\/div>\n<\/div>\n<\/div>\n<\/div>\n<\/div>\n<\/div>\n<\/div>\n<\/article>\n<\/div>\n<\/div>\n<\/div>\n<\/div>\n<\/div>","protected":false},"excerpt":{"rendered":"<p><strong>Solobar Solo 30000 Z\u00fcge Einweg E Zigarette \n Solobar Solo 30000 tirages cigarette \u00e9lectronique jetable<\/strong>\u00a0est un excellent choix pour tous ceux qui recherchent une cigarette \u00e9lectronique puissante, durable et facile \u00e0 utiliser, avec son design moderne<\/p>","protected":false},"featured_media":1626,"comment_status":"open","ping_status":"closed","template":"","meta":{"om_disable_all_campaigns":false},"product_brand":[],"product_cat":[41],"product_tag":[],"class_list":{"0":"post-1625","1":"product","2":"type-product","3":"status-publish","4":"has-post-thumbnail","6":"product_cat-solobar-solo-30000","8":"first","9":"outofstock","10":"shipping-taxable","11":"purchasable","12":"product-type-simple"},"_links":{"self":[{"href":"https:\/\/alfakher24h.de\/fr\/wp-json\/wp\/v2\/product\/1625","targetHints":{"allow":["GET"]}}],"collection":[{"href":"https:\/\/alfakher24h.de\/fr\/wp-json\/wp\/v2\/product"}],"about":[{"href":"https:\/\/alfakher24h.de\/fr\/wp-json\/wp\/v2\/types\/product"}],"replies":[{"embeddable":true,"href":"https:\/\/alfakher24h.de\/fr\/wp-json\/wp\/v2\/comments?post=1625"}],"wp:featuredmedia":[{"embeddable":true,"href":"https:\/\/alfakher24h.de\/fr\/wp-json\/wp\/v2\/media\/1626"}],"wp:attachment":[{"href":"https:\/\/alfakher24h.de\/fr\/wp-json\/wp\/v2\/media?parent=1625"}],"wp:term":[{"taxonomy":"product_brand","embeddable":true,"href":"https:\/\/alfakher24h.de\/fr\/wp-json\/wp\/v2\/product_brand?post=1625"},{"taxonomy":"product_cat","embeddable":true,"href":"https:\/\/alfakher24h.de\/fr\/wp-json\/wp\/v2\/product_cat?post=1625"},{"taxonomy":"product_tag","embeddable":true,"href":"https:\/\/alfakher24h.de\/fr\/wp-json\/wp\/v2\/product_tag?post=1625"}],"curies":[{"name":"wp","href":"https:\/\/api.w.org\/{rel}","templated":true}]}}