{"id":1623,"date":"2025-02-08T14:41:57","date_gmt":"2025-02-08T14:41:57","guid":{"rendered":"https:\/\/alfakher24h.de\/?post_type=product&#038;p=1623"},"modified":"2025-05-21T05:11:14","modified_gmt":"2025-05-21T05:11:14","slug":"solobar-solo-30000-zuege-einweg-e-zigarette-strawberry-kiwi-ice","status":"publish","type":"product","link":"https:\/\/alfakher24h.de\/fr\/produit\/solobar-solo-30000-zuege-einweg-e-zigarette-strawberry-kiwi-ice\/","title":{"rendered":"Solobar Solo 30000 Z\u00fcge Einweg E Zigarette \u2013 Strawberry Kiwi Ice \n Solobar Solo 30000 tirages cigarette \u00e9lectronique jetable - Strawberry Kiwi Ice"},"content":{"rendered":"<div style=\"width: 1020px;\" class=\"wp-video\"><video class=\"wp-video-shortcode\" id=\"video-1623-1\" width=\"1020\" height=\"574\" preload=\"metadata\" controls=\"controls\"><source type=\"video\/mp4\" src=\"https:\/\/alfakher24h.de\/wp-content\/uploads\/2025\/02\/solobar-solo-30000-2.mp4?_=1\" \/><a href=\"https:\/\/alfakher24h.de\/wp-content\/uploads\/2025\/02\/solobar-solo-30000-2.mp4\">https:\/\/alfakher24h.de\/wp-content\/uploads\/2025\/02\/solobar-solo-30000-2.mp4<\/a><\/video><\/div>\n<h2><strong>Solobar Solo 30000 Z\u00fcge Einweg E Zigarette \u2013 Das ultimative Vape-Erlebnis\n\nSolobar Solo 30000 tirages cigarette \u00e9lectronique jetable - L'exp\u00e9rience de vape ultime<\/strong><\/h2>\n<p>La\u00a0<em>Solobar Solo 30000 Z\u00fcge Einweg E Zigarette \n Solobar Solo 30000 tirages cigarette \u00e9lectronique jetable<\/em>\u00a0fixe de nouvelles normes dans le monde de la vapeur et offre une exp\u00e9rience exceptionnelle pour tous ceux qui recherchent une cigarette \u00e9lectronique puissante, conviviale et offrant une grande vari\u00e9t\u00e9 de saveurs. Avec ses 30 000 bouff\u00e9es impressionnantes, ses fonctions innovantes et son exp\u00e9rience de saveur fra\u00eeche, ce Vape jetable est le choix id\u00e9al pour les vapoteurs en Allemagne.<\/p>\n<p><strong>Pourquoi le Solobar Solo 30000 tirages cigarette \u00e9lectronique jetable est le meilleur choix pour vous<\/strong><\/p>\n<p>Dans un monde o\u00f9 les e-cigarettes sont de plus en plus populaires, il est important de choisir un produit qui non seulement est de haute qualit\u00e9, mais qui convainc \u00e9galement en termes de fonctionnalit\u00e9, de design et de go\u00fbt. La cigarette \u00e9lectronique jetable Solobar Solo 30000 bouffs est exactement ce produit. Avec une vari\u00e9t\u00e9 de fonctionnalit\u00e9s innovantes et un nombre impressionnant de bouffs, elle garantit que votre exp\u00e9rience de vapotage soit toujours agr\u00e9able et satisfaisante.<\/p>\n<p>La Solobar Solo est plus qu'un simple vape - c'est un compagnon fiable pour chaque vapoteur. Elle a \u00e9t\u00e9 con\u00e7ue en pensant \u00e0 la facilit\u00e9 d'utilisation et \u00e0 la performance, et offre une multitude d'avantages qui la d\u00e9marquent des autres produits sur le march\u00e9.<\/p>\n<hr \/>\n<h3><strong>Principales caract\u00e9ristiques du Solobar Solo 30000 tirages cigarette \u00e9lectronique jetable<\/strong><\/h3>\n<ul>\n<li><strong>Affichage \u00e9cran LED :<\/strong>\u00a0L'\u00e9cran LED moderne de la Solobar Solo offre un affichage clair et pr\u00e9cis qui indique toutes les informations importantes telles que le nombre de tirages restants et l'\u00e9tat de la batterie en un seul coup d'\u0153il. Vous gardez ainsi toujours une vue d'ensemble et pouvez adapter votre exp\u00e9rience de vape en cons\u00e9quence.<\/li>\n<li><strong>30 000 trains :<\/strong>\u00a0Avec une incroyable 30 000 bouff\u00e9es, la Solobar Solo garantit une dur\u00e9e de vie extr\u00eamement longue. Cela signifie que vous pouvez profiter d'une exp\u00e9rience de vapeur de haute qualit\u00e9 et inchang\u00e9e pendant une p\u00e9riode prolong\u00e9e, sans avoir \u00e0 vous soucier du r\u00e9approvisionnement ou du remplacement.<\/li>\n<li><strong>Contr\u00f4le du flux d'air :<\/strong>\u00a0Ajustez l'alimentation en air selon vos pr\u00e9f\u00e9rences individuelles. La technologie de contr\u00f4le du d\u00e9bit d'air vous permet de r\u00e9guler le flux d'air selon vos besoins pour obtenir l'exp\u00e9rience de vape parfaite - que vous pr\u00e9f\u00e9riez une vape relaxante et douce ou une bouff\u00e9e intense et puissante.<\/li>\n<li><strong>Puissance de sortie : 10-30W<\/strong>\u00a0La plage de puissance de 10-30W assure une production de vapeur optimale. Quelle que soit la puissance choisie, vous obtenez toujours une vapeur r\u00e9guli\u00e8re et puissante.<\/li>\n<li><strong>Pile rechargeable 880 mAh :<\/strong>\u00a0\u00c9quip\u00e9 d'une batterie rechargeable de 880 mAh, le Solobar Solo offre une performance stable pendant une longue p\u00e9riode. La capacit\u00e9 g\u00e9n\u00e9reuse garantit que vous n'avez pas besoin de recharger constamment, ce qui rend la vape encore plus confortable.<\/li>\n<li><strong>Lumi\u00e8re ambiante Allum\u00e9\/\u00c9teint :<\/strong>\u00a0La Solobar Solo offre une fonction de lumi\u00e8re ambiante qui cr\u00e9e une atmosph\u00e8re visuelle agr\u00e9able. Vous pouvez allumer ou \u00e9teindre la lumi\u00e8re selon vos pr\u00e9f\u00e9rences pour personnaliser votre exp\u00e9rience de vapotage.<\/li>\n<li><strong>Double Bobine Maille :<\/strong>\u00a0La bobine de maille double garantit une vaporisation uniforme et constante, qui assure un excellent d\u00e9veloppement de la saveur et une vapeur dense. Ceci est particuli\u00e8rement important pour la diversit\u00e9 des ar\u00f4mes et garantit que chaque tirage est un plaisir.<\/li>\n<li><strong>Convivial pour les d\u00e9butants<\/strong>\u00a0La Solobar Solo a \u00e9t\u00e9 d\u00e9velopp\u00e9e en se concentrant sur les d\u00e9butants. Son utilisation conviviale et sa manipulation simple en font l'entr\u00e9e id\u00e9ale dans le monde de la vape. Vous n'avez pas \u00e0 vous soucier des r\u00e9glages compliqu\u00e9s ou des ajustements - il suffit de d\u00e9baller et de commencer \u00e0 vapoter !<\/li>\n<\/ul>\n<hr \/>\n<h3><strong>Solobar Solo 30000 Z\u00fcge Einweg E-Zigarette \u2013 Flavors im Detail \n\nbecomes \n\nSolobar Solo 30000 tirages cigarette \u00e9lectronique jetable - Saveurs en d\u00e9tail<\/strong><\/h3>\n<p>Le choix de la saveur appropri\u00e9e est crucial pour l'exp\u00e9rience de vapotage. La cigarette \u00e9lectronique jetable Solobar Solo 30000 bouff\u00e9es vient avec une vari\u00e9t\u00e9 de saveurs qui seront toutes \u00e0 m\u00eame de ravir vos papilles. Le\u00a0<em>Glace Fraise Kiwi<\/em>\u00a0Le go\u00fbt est particuli\u00e8rement populaire et offre une combinaison rafra\u00eechissante d'ar\u00f4mes sucr\u00e9s et fruitiers avec un m\u00e9lange de glace rafra\u00eechissant.<\/p>\n<p><strong>Glace aux fraises et kiwi - Une rafra\u00eechissante fruit\u00e9e<\/strong><\/p>\n<p>Le\u00a0<em>Glace Fraise Kiwi<\/em>\u00a0Le go\u00fbt de Solobar Solo est une combinaison harmonieuse de fraises m\u00fbres et juteuses et de la douceur exotique du kiwi. La saveur fruit\u00e9e est accompagn\u00e9e d'une note de glace rafra\u00eechissante qui procure un effet agr\u00e9able et rafra\u00eechissant. Cette saveur convient parfaitement \u00e0 tous ceux qui recherchent une exp\u00e9rience de vape fruit\u00e9e et rafra\u00eechissante, qui procure une pause rafra\u00eechissante autant aux jours chauds d'\u00e9t\u00e9 qu'\u00e0 tout autre moment de l'ann\u00e9e.<\/p>\n<ul>\n<li><strong>Fraise<\/strong>\u00a0la saveur de la fraise dans\u00a0<em>Glace Fraise Kiwi<\/em>\u00a0Le m\u00e9lange est sucr\u00e9 et juteux, avec une fruitabilit\u00e9 naturelle qui rend la vape une v\u00e9ritable jouissance. Elle a un go\u00fbt frais et vivant et offre une saveur de fraise naturelle et pure qui n'est jamais trop sucr\u00e9e.<\/li>\n<li><strong>Kiwi<\/strong>\u00a0La kiwi apporte une note exotique au m\u00e9lange. Son composant gustatif l\u00e9g\u00e8rement acide et en m\u00eame temps sucr\u00e9 se fond parfaitement avec la fraise et procure une exp\u00e9rience gustative \u00e9quilibr\u00e9e et complexe. La kiwi apporte une touche de fra\u00eecheur et une pointe de fruit tropical qui ravit vos papilles.<\/li>\n<li><strong>Glace<\/strong>\u00a0L'effet rafra\u00eechissant de la glace compl\u00e8te l'exp\u00e9rience gustative. La fra\u00eecheur glac\u00e9e fait en sorte que la vapeur reste agr\u00e9ablement fra\u00eeche et rafra\u00eechissante, sans couvrir les ar\u00f4mes fruit\u00e9s. L'effet \u00ab glace \u00bb n'est pas trop fort, mais offre exactement la bonne quantit\u00e9 de fra\u00eecheur pour intensifier le go\u00fbt et rendre le vapotage encore plus agr\u00e9able.<\/li>\n<\/ul>\n<p>Le\u00a0<em>Glace Fraise Kiwi<\/em>\u00a0Le go\u00fbt est le choix parfait pour les vapoteurs qui recherchent une exp\u00e9rience fra\u00eeche et fruit\u00e9e qui peut \u00eatre appr\u00e9ci\u00e9e toute l'ann\u00e9e. Que vous soyez un vapoteur exp\u00e9riment\u00e9 ou que vous commenciez tout juste, ce go\u00fbt va vous enthousiasmer !<\/p>\n<hr \/>\n<h3><strong>Pourquoi vous devriez acheter la cigarette \u00e9lectronique jetable Solobar Solo 30000 bouff\u00e9es<\/strong><\/h3>\n<ul>\n<li><strong>Longue dur\u00e9e de conservation :<\/strong>\u00a0Avec 30 000 tirages, la Solobar Solo offre une dur\u00e9e de vie exceptionnellement longue, ce qui en fait un choix rentable pour tous les vapoteurs.<\/li>\n<li><strong>Ar\u00f4mes exceptionnels :<\/strong>\u00a0La Solobar Solo procure une exp\u00e9rience gustative intense et unique, qui est encore renforc\u00e9e par la technologie \u00e0 double grille Mesh et le contr\u00f4le de flux d'air.<\/li>\n<li><strong>Confort et commodit\u00e9 :<\/strong>\u00a0La simplicit\u00e9 d'utilisation et la batterie rechargeable font que vous n'avez pas \u00e0 vous soucier du r\u00e9approvisionnement ou de la recharge constante.<\/li>\n<li><strong>Parfait pour les d\u00e9butants :<\/strong>\u00a0Avec sa manipulation conviviale, la Solobar Solo est \u00e9galement id\u00e9ale pour les d\u00e9butants. Vous n'avez pas besoin d'effectuer des r\u00e9glages compliqu\u00e9s - il suffit de la mettre et de profiter.<\/li>\n<li><strong>Design \u00e9l\u00e9gant :<\/strong>\u00a0Le design moderne et l'affichage LED font du Solobar Solo un gadget \u00e9l\u00e9gant et pratique qui non seulement a une belle apparence, mais fonctionne \u00e9galement de mani\u00e8re exceptionnelle.<\/li>\n<\/ul>\n<p><img loading=\"lazy\" decoding=\"async\" class=\"alignnone wp-image-1855 size-full\" title=\"Solobar Solo 30 000 tirages E-cigarette jetable - Fraise Kiwi Glace 2\" src=\"https:\/\/alfakher24h.de\/wp-content\/uploads\/2025\/02\/solobar-solo-30000-4.webp\" sizes=\"auto, (max-width: 1024px) 100vw, 1024px\" srcset=\"https:\/\/alfakher24h.de\/wp-content\/uploads\/2025\/02\/solobar-solo-30000-4.webp 1024w, https:\/\/alfakher24h.de\/wp-content\/uploads\/2025\/02\/solobar-solo-30000-4-300x174.webp 300w, https:\/\/alfakher24h.de\/wp-content\/uploads\/2025\/02\/solobar-solo-30000-4-768x446.webp 768w, https:\/\/alfakher24h.de\/wp-content\/uploads\/2025\/02\/solobar-solo-30000-4-18x10.webp 18w, https:\/\/alfakher24h.de\/wp-content\/uploads\/2025\/02\/solobar-solo-30000-4-600x348.webp 600w\" alt=\"Solobar Solo 30000 Z\u00fcge Einweg E Zigarette - Strawberry Kiwi Ice  Solobar Solo 30000 tirages cigarette \u00e9lectronique jetable - Strawberry Kiwi Ice \" width=\"1024\" height=\"594\" \/><\/p>\n<div class=\"flex-1 overflow-hidden @container\/thread\">\n<div class=\"h-full\">\n<div class=\"react-scroll-to-bottom--css-kyafg-79elbk h-full\">\n<div class=\"react-scroll-to-bottom--css-kyafg-1n7m0yu\">\n<div class=\"flex flex-col text-sm md:pb-9\">\n<article class=\"w-full scroll-mb-[var(--thread-trailing-height,150px)] text-token-text-primary focus-visible:outline-2 focus-visible:outline-offset-[-4px]\" dir=\"auto\" data-testid=\"conversation-turn-3\" data-scroll-anchor=\"true\">\n<div class=\"m-auto text-base py-[18px] px-3 md:px-4 w-full md:px-5 lg:px-4 xl:px-5\">\n<div class=\"mx-auto flex flex-1 gap-4 text-base md:gap-5 lg:gap-6 md:max-w-3xl lg:max-w-[40rem] xl:max-w-[48rem]\">\n<div class=\"group\/conversation-turn relative flex w-full min-w-0 flex-col agent-turn\">\n<div class=\"flex-col gap-1 md:gap-3\">\n<div class=\"flex max-w-full flex-col flex-grow\">\n<div class=\"min-h-8 text-message flex w-full flex-col items-end gap-2 whitespace-normal break-words text-start [.text-message+&amp;]:mt-5\" dir=\"auto\" data-message-author-role=\"assistant\" data-message-id=\"fda66e34-14d2-41e7-8c3d-231a0be2fd20\" data-message-model-slug=\"gpt-4o\">\n<div class=\"flex w-full flex-col gap-1 empty:hidden first:pt-[3px]\">\n<div class=\"markdown prose w-full break-words dark:prose-invert light\">\n<h4><strong>Conclusion :<\/strong><br \/>\nLa\u00a0<em>Solobar Solo 30000 Z\u00fcge Einweg E-Zigarette \n\n becomes \n\nSolobar Solo 30000 tirages E-cigarette jetable<\/em> est un excellent choix pour tous ceux qui recherchent une exp\u00e9rience de vapotage fiable, puissante et exceptionnelle en termes de go\u00fbt. Elle offre non seulement une longue dur\u00e9e d'utilisation, mais \u00e9galement une vari\u00e9t\u00e9 de fonctions qui rendent le vapotage encore plus agr\u00e9able. Visitez alfakher24h.de pour acheter votre\u00a0<em>Solobar Solo<\/em>\u00a0Achetez et d\u00e9couvrez le meilleur vape que l'Allemagne a \u00e0 offrir !<\/h4>\n<\/div>\n<\/div>\n<\/div>\n<\/div>\n<\/div>\n<\/div>\n<\/div>\n<\/div>\n<\/article>\n<\/div>\n<\/div>\n<\/div>\n<\/div>\n<\/div>","protected":false},"excerpt":{"rendered":"<h4><em>Solobar Solo 30000 Z\u00fcge Einweg E-Zigarette \n\n becomes \n\nSolobar Solo 30000 tirages E-cigarette jetable<\/em> est un excellent choix pour tous ceux qui recherchent un produit fiable,<\/h4>","protected":false},"featured_media":1624,"comment_status":"open","ping_status":"closed","template":"","meta":{"om_disable_all_campaigns":false},"product_brand":[],"product_cat":[41],"product_tag":[],"class_list":{"0":"post-1623","1":"product","2":"type-product","3":"status-publish","4":"has-post-thumbnail","6":"product_cat-solobar-solo-30000","8":"first","9":"outofstock","10":"shipping-taxable","11":"purchasable","12":"product-type-simple"},"_links":{"self":[{"href":"https:\/\/alfakher24h.de\/fr\/wp-json\/wp\/v2\/product\/1623","targetHints":{"allow":["GET"]}}],"collection":[{"href":"https:\/\/alfakher24h.de\/fr\/wp-json\/wp\/v2\/product"}],"about":[{"href":"https:\/\/alfakher24h.de\/fr\/wp-json\/wp\/v2\/types\/product"}],"replies":[{"embeddable":true,"href":"https:\/\/alfakher24h.de\/fr\/wp-json\/wp\/v2\/comments?post=1623"}],"wp:featuredmedia":[{"embeddable":true,"href":"https:\/\/alfakher24h.de\/fr\/wp-json\/wp\/v2\/media\/1624"}],"wp:attachment":[{"href":"https:\/\/alfakher24h.de\/fr\/wp-json\/wp\/v2\/media?parent=1623"}],"wp:term":[{"taxonomy":"product_brand","embeddable":true,"href":"https:\/\/alfakher24h.de\/fr\/wp-json\/wp\/v2\/product_brand?post=1623"},{"taxonomy":"product_cat","embeddable":true,"href":"https:\/\/alfakher24h.de\/fr\/wp-json\/wp\/v2\/product_cat?post=1623"},{"taxonomy":"product_tag","embeddable":true,"href":"https:\/\/alfakher24h.de\/fr\/wp-json\/wp\/v2\/product_tag?post=1623"}],"curies":[{"name":"wp","href":"https:\/\/api.w.org\/{rel}","templated":true}]}}