{"id":1621,"date":"2025-02-08T14:37:20","date_gmt":"2025-02-08T14:37:20","guid":{"rendered":"https:\/\/alfakher24h.de\/?post_type=product&#038;p=1621"},"modified":"2025-05-21T05:11:14","modified_gmt":"2025-05-21T05:11:14","slug":"solobar-solo-30000-zuege-einweg-e-zigarette-blue-razz-ice","status":"publish","type":"product","link":"https:\/\/alfakher24h.de\/fr\/produit\/solobar-solo-30000-zuege-einweg-e-zigarette-blue-razz-ice\/","title":{"rendered":"Solobar Solo 30000 Z\u00fcge Einweg E Zigarette \u2013 Blue Razz Ice \n devient \n\nSolobar Solo 30000 tirages cigarette \u00e9lectronique jetable - Blue Razz Ice"},"content":{"rendered":"<div style=\"width: 1020px;\" class=\"wp-video\"><video class=\"wp-video-shortcode\" id=\"video-1621-1\" width=\"1020\" height=\"574\" preload=\"metadata\" controls=\"controls\"><source type=\"video\/mp4\" src=\"https:\/\/alfakher24h.de\/wp-content\/uploads\/2025\/02\/solobar-solo-30000-2.mp4?_=1\" \/><a href=\"https:\/\/alfakher24h.de\/wp-content\/uploads\/2025\/02\/solobar-solo-30000-2.mp4\">https:\/\/alfakher24h.de\/wp-content\/uploads\/2025\/02\/solobar-solo-30000-2.mp4<\/a><\/video><\/div>\n<h2><strong>Solobar Solo 30000 Z\u00fcge Einweg E Zigarette \u2013 Deine perfekte Wahl f\u00fcr den modernen Vaping-Genuss\n\nSolobar Solo 30000 tirages cigarette \u00e9lectronique jetable - Ton choix parfait pour la jouissance de vapotage moderne<\/strong><\/h2>\n<p>La\u00a0<strong>Solobar Solo 30000 Z\u00fcge Einweg E Zigarette \n Solobar Solo 30000 tirages cigarette \u00e9lectronique jetable<\/strong>\u00a0est la solution id\u00e9ale pour tous ceux qui recherchent une exp\u00e9rience de vapotage puissante, conviviale et exceptionnelle en termes de saveur. Avec une capacit\u00e9 impressionnante de\u00a0<strong>30 000 trains \nor \n30.000 trains \nor \n30.000 Z\u00fcgen is translated as  30,000 trains<\/strong>\u00a0et une multitude de fonctionnalit\u00e9s innovantes, ce produit offre non seulement des performances exceptionnelles, mais \u00e9galement un design exceptionnel qui ravira tant les d\u00e9butants que les vapoteurs exp\u00e9riment\u00e9s. En tant que l'un des principaux fournisseurs de\u00a0<strong>E-Zigarettes jetables en Allemagne<\/strong>a <strong>alfakherwelt.de<\/strong> Ce produit exclusivement dans notre gamme pour vous offrir la meilleure exp\u00e9rience de vapotage.<\/p>\n<h3><strong>Description du produit - Puissant et convivial<\/strong><\/h3>\n<p>La\u00a0<strong>Solobar Solo 30000 Z\u00fcge Einweg E Zigarette \n Solobar Solo 30000 tirages cigarette \u00e9lectronique jetable<\/strong>\u00a0offre tout ce dont vous avez besoin pour une exp\u00e9rience de vapeur impressionnante. Avec une \u00e9norme\u00a0<strong>Capacit\u00e9 de puff<\/strong>\u00a0Avec 30 000 bouff\u00e9es, vous appr\u00e9cierez votre plaisir de vapoter plus longtemps, sans avoir \u00e0 chercher constamment des recharges ou une nouvelle cigarette \u00e9lectronique. Cette longue dur\u00e9e de vie\u00a0<strong>Cigarette \u00e9lectronique jetable<\/strong>\u00a0est le choix parfait pour les d\u00e9placements, lorsque vous recherchez une alternative pratique et fiable aux cigarettes \u00e9lectroniques traditionnelles. La batterie int\u00e9gr\u00e9e d'une capacit\u00e9 de\u00a0<strong>880 mAh<\/strong>\u00a0assure que tes\u00a0<strong>Solobar Solo 30000 Z\u00fcge Einweg E Zigarette \n Solobar Solo 30000 tirages cigarette \u00e9lectronique jetable<\/strong>\u00a0fonctionne de mani\u00e8re fiable sur toute la dur\u00e9e d'utilisation.<\/p>\n<p>Avec un\u00a0<strong>Affichage LED<\/strong>\u00a0est enfantin de reconna\u00eetre d'un coup d'\u0153il l'\u00e9tat de charge de votre cigarette \u00e9lectronique. Le\u00a0<strong>Syst\u00e8me de contr\u00f4le de flux d'air<\/strong>\u00a0permet de r\u00e9gler le flux d'air \u00e0 votre convenance et ainsi obtenir l'exp\u00e9rience de vape parfaite. Vous avez le choix de r\u00e9gler le\u00a0<strong>Fonction de lumi\u00e8re ambiante On\/Off<\/strong>\u00a0selon ton d\u00e9sir, pour activer et personnaliser l'apparence de ta cigarette \u00e9lectronique. La conception conviviale est particuli\u00e8rement adapt\u00e9e aux d\u00e9butants, afin que tu puisses commencer \u00e0 vapoter imm\u00e9diatement, sans effectuer une configuration compliqu\u00e9e.<\/p>\n<h3><strong>Caract\u00e9ristiques du produit de la cigarette \u00e9lectronique jetable Solobar Solo 30000 tirages<\/strong><\/h3>\n<ul>\n<li><strong>Affichage \u00e9cran LED<\/strong>\u00a0\u2013 Voir en un coup d'\u0153il l'\u00e9tat de charge de ta\u00a0<strong>Cigarette \u00e9lectronique jetable<\/strong>.<\/li>\n<li><strong>30 000 trains \nor \n30.000 trains<\/strong>\u00a0\u2013 Offre une dur\u00e9e de vie extr\u00eamement longue, vous permettant de profiter plus longtemps sans avoir \u00e0 chercher une nouvelle cigarette \u00e9lectronique.<\/li>\n<li><strong>Contr\u00f4le du flux d'air<\/strong>\u00a0\u2013 Ajustement individuel du flux d'air pour une exp\u00e9rience de vape parfaite.<\/li>\n<li><strong>Puissance 10-30W<\/strong>\u00a0\u2013 Offre la vapeur n\u00e9cessaire pour r\u00e9pondre \u00e0 vos besoins personnels de vapotage.<\/li>\n<li><strong>880 mAh batterie rechargeable<\/strong>\u00a0\u2013 assure une utilisation fiable et durable.<\/li>\n<li><strong>Lumi\u00e8re ambiante Allum\u00e9\/\u00c9teint<\/strong>\u00a0\u2013 Donnez une touche de style \u00e0 votre e-cigarette, selon votre humeur.<\/li>\n<li><strong>Double Bobine Maille<\/strong>\u00a0Pour une saveur intense et une vapeur uniforme.<\/li>\n<li><strong>Convivial pour les d\u00e9butants<\/strong>\u00a0\u2013 Structure simple, pr\u00eat \u00e0 l'emploi imm\u00e9diatement.<\/li>\n<\/ul>\n<h3><strong>Les saveurs les plus populaires de la cigarette \u00e9lectronique jetable Solobar Solo 30000 tirs<\/strong><\/h3>\n<p>Une des propri\u00e9t\u00e9s les plus remarquables des\u00a0<strong>Solobar Solo 30000 Z\u00fcge Einweg E Zigarette \n Solobar Solo 30000 tirages cigarette \u00e9lectronique jetable<\/strong>\u00a0est la possibilit\u00e9 de choisir la saveur parfaite qui correspond \u00e0 vos pr\u00e9f\u00e9rences personnelles. L'un des profils de saveur les plus populaires et rafra\u00eechissants que vous pouvez appr\u00e9cier est le\u00a0<strong>Blue Razz Ice<\/strong>.<\/p>\n<h4><strong>Blue Razz Ice : Une saveur fruit\u00e9e rafra\u00eechissante<\/strong><\/h4>\n<p>La\u00a0<strong>Blue Razz Ice<\/strong>Saveur de la barre Solo 30000 tirages de la cigarette \u00e9lectronique jetable Solo offre une combinaison harmonieuse de saveurs fruit\u00e9es\u00a0<strong>Myrtille<\/strong>\u00a0et rafra\u00eechissant\u00a0<strong>Framboise<\/strong>\u00a0framboise), parfaitement \u00e9quilibr\u00e9 avec une note rafra\u00eechissante\u00a0<strong>Glace<\/strong>Effet. D\u00e8s le premier tirage, vous serez submerg\u00e9 par l'intensit\u00e9 et la fra\u00eecheur du go\u00fbt. Le m\u00e9lange de la myrtille sucr\u00e9e et fruit\u00e9es avec la framboise acidul\u00e9e procure une exp\u00e9rience gustative intense qui est agr\u00e9ablement compl\u00e9t\u00e9e par le m\u00e9lange de glace rafra\u00eechissant. Le\u00a0<strong>Blue Razz Ice<\/strong>\u00a0Le go\u00fbt est le choix id\u00e9al pour tous ceux qui recherchent une exp\u00e9rience de vape rafra\u00eechissante et en m\u00eame temps sucr\u00e9e et fruit\u00e9es. L'\u00e9quilibre subtil entre le fruit et la fra\u00eecheur fait de ce go\u00fbt un favori parmi de nombreux vapoteurs.<\/p>\n<p>Pour\u00a0<strong>Vape acheteurs<\/strong>\u00a0in Allemagne, qui recherchent un produit durable et puissant, est la\u00a0<strong>Solobar Solo 30000 Z\u00fcge Einweg E Zigarette \n Solobar Solo 30000 tirages cigarette \u00e9lectronique jetable<\/strong>\u00a0dans la\u00a0<strong>Blue Razz Ice<\/strong>Une vari\u00e9t\u00e9 de saveurs est absolument indispensable. La combinaison d'une technologie de premier ordre et d'une excellente diversit\u00e9 de saveurs assure une exp\u00e9rience de vapotage inoubliable. Le toucher rafra\u00eechissant du\u00a0<strong>Glace<\/strong>L'effet est id\u00e9al pour vous apporter une sensation agr\u00e9able et rafra\u00eechissante m\u00eame les jours de chaleur.<\/p>\n<h4><strong>D'autres exp\u00e9riences gustatives<\/strong><\/h4>\n<p>Bien que le\u00a0<strong>Blue Razz Ice<\/strong>\u00a0particuli\u00e8rement populaire, propose la\u00a0<strong>Solobar Solo 30000 Z\u00fcge Einweg E-Zigarette \n\n becomes \n\nSolobar Solo 30000 tirages E-cigarette jetable<\/strong>\u00a0et de nombreuses autres options d\u00e9licieuses. Vous pouvez choisir parmi une vari\u00e9t\u00e9 de saveurs, y compris des ar\u00f4mes fruit\u00e9es, des saveurs de desserts sucr\u00e9s et des variantes de menthol rafra\u00eechissantes, qui rendent chaque exp\u00e9rience de vapotage \u00e0 un plaisir unique.<\/p>\n<p><img loading=\"lazy\" decoding=\"async\" class=\"alignnone wp-image-1855 size-full\" title=\"Solobar Solo 30000 Z\u00fcge Einweg E Zigarette - Blue Razz Ice 2 devient Solobar Solo 30000 tirages cigarette \u00e9lectronique jetable - Blue Razz Ice 2\" src=\"https:\/\/alfakher24h.de\/wp-content\/uploads\/2025\/02\/solobar-solo-30000-4.webp\" sizes=\"auto, (max-width: 1024px) 100vw, 1024px\" srcset=\"https:\/\/alfakher24h.de\/wp-content\/uploads\/2025\/02\/solobar-solo-30000-4.webp 1024w, https:\/\/alfakher24h.de\/wp-content\/uploads\/2025\/02\/solobar-solo-30000-4-300x174.webp 300w, https:\/\/alfakher24h.de\/wp-content\/uploads\/2025\/02\/solobar-solo-30000-4-768x446.webp 768w, https:\/\/alfakher24h.de\/wp-content\/uploads\/2025\/02\/solobar-solo-30000-4-18x10.webp 18w, https:\/\/alfakher24h.de\/wp-content\/uploads\/2025\/02\/solobar-solo-30000-4-600x348.webp 600w\" alt=\"Solobar Solo 30000 Z\u00fcge Einweg E Zigarette - Blue Razz Ice  Solobar Solo 30 000 tirages cigarette \u00e9lectronique jetable - Blue Razz Ice \" width=\"1024\" height=\"594\" \/><\/p>\n<div class=\"flex-1 overflow-hidden @container\/thread\">\n<div class=\"h-full\">\n<div class=\"react-scroll-to-bottom--css-kyafg-79elbk h-full\">\n<div class=\"react-scroll-to-bottom--css-kyafg-1n7m0yu\">\n<div class=\"flex flex-col text-sm md:pb-9\">\n<article class=\"w-full scroll-mb-[var(--thread-trailing-height,150px)] text-token-text-primary focus-visible:outline-2 focus-visible:outline-offset-[-4px]\" dir=\"auto\" data-testid=\"conversation-turn-3\" data-scroll-anchor=\"true\">\n<div class=\"m-auto text-base py-[18px] px-3 md:px-4 w-full md:px-5 lg:px-4 xl:px-5\">\n<div class=\"mx-auto flex flex-1 gap-4 text-base md:gap-5 lg:gap-6 md:max-w-3xl lg:max-w-[40rem] xl:max-w-[48rem]\">\n<div class=\"group\/conversation-turn relative flex w-full min-w-0 flex-col agent-turn\">\n<div class=\"flex-col gap-1 md:gap-3\">\n<div class=\"flex max-w-full flex-col flex-grow\">\n<div class=\"min-h-8 text-message flex w-full flex-col items-end gap-2 whitespace-normal break-words text-start [.text-message+&amp;]:mt-5\" dir=\"auto\" data-message-author-role=\"assistant\" data-message-id=\"fda66e34-14d2-41e7-8c3d-231a0be2fd20\" data-message-model-slug=\"gpt-4o\">\n<div class=\"flex w-full flex-col gap-1 empty:hidden first:pt-[3px]\">\n<div class=\"markdown prose w-full break-words dark:prose-invert light\">\n<h3><strong>Pourquoi devriez-vous choisir la cigarette \u00e9lectronique jetable Solobar Solo 30000 tirages ?<\/strong><\/h3>\n<ul>\n<li><strong>Longue dur\u00e9e de vie<\/strong>: Avec\u00a0<strong>30 000 trains \nor \n30.000 trains \nor \n30.000 Z\u00fcgen is translated as  30,000 trains<\/strong>\u00a0avez une longue dur\u00e9e de vie de votre produit, ce qui r\u00e9duit la n\u00e9cessit\u00e9 d'achats fr\u00e9quents et vous fait \u00e9conomiser du temps et de l'argent.<\/li>\n<li><strong>Convivial<\/strong>: La\u00a0<strong>Solobar Solo 30000 Z\u00fcge Einweg E Zigarette \n Solobar Solo 30000 tirages cigarette \u00e9lectronique jetable<\/strong>\u00a0est id\u00e9al pour les d\u00e9butants. Facile \u00e0 utiliser, sans r\u00e9glages compliqu\u00e9s.<\/li>\n<li><strong>Vari\u00e9t\u00e9s de saveurs<\/strong>Avec un large choix de saveurs, y compris les populaires\u00a0<strong>Blue Razz Ice<\/strong>Vous pouvez trouver le go\u00fbt parfait pour vous.<\/li>\n<li><strong>Fonctions innovantes<\/strong>: Le\u00a0<strong>Affichage LED<\/strong>,\u00a0<strong>Contr\u00f4le du flux d'air<\/strong>\u00a0et le\u00a0<strong>Double Bobine Maille<\/strong>\u00a0offrent une exp\u00e9rience de vape exceptionnelle que vous ne pouvez comparer \u00e0 aucun autre produit.<\/li>\n<li><strong>Compact et stylis\u00e9<\/strong>: Cette\u00a0<strong>Cigarette \u00e9lectronique jetable<\/strong>\u00a0n'est pas seulement puissant, mais aussi un v\u00e9ritable accroche-regard visuel avec la possibilit\u00e9 de\u00a0<strong>Lumi\u00e8re ambiante<\/strong>\u00a0adapter<\/li>\n<li><strong>Disponible sur alfakherwelt.de<\/strong>: T\u00e9l\u00e9charge-le\u00a0<strong>Solobar Solo 30000 Z\u00fcge Einweg E Zigarette \n Solobar Solo 30000 tirages cigarette \u00e9lectronique jetable<\/strong>\u00a0et beaucoup d'autres\u00a0<strong>Vapes jetables<\/strong> exclusivement sur <strong>alfakherwelt.de<\/strong>la plus grande plateforme en ligne pour\u00a0<strong>Vapes jetables en Allemagne<\/strong>.<\/li>\n<\/ul>\n<h3><strong>Conclusion - Votre compagnon id\u00e9al pour l'exp\u00e9rience de vapotage parfaite<\/strong><\/h3>\n<p>La\u00a0<strong>Solobar Solo 30000 Z\u00fcge Einweg E Zigarette \n Solobar Solo 30000 tirages cigarette \u00e9lectronique jetable<\/strong>\u00a0est le choix parfait pour tous ceux qui recherchent une exp\u00e9rience de vapotage durable, puissante et exceptionnellement savoureuse. Avec une capacit\u00e9 de\u00a0<strong>30 000 trains \nor \n30.000 trains \nor \n30.000 Z\u00fcgen is translated as  30,000 trains<\/strong>de la pratique\u00a0<strong>Contr\u00f4le du flux d'air<\/strong>\u00a0et une vari\u00e9t\u00e9 de saveurs, y compris la saveur rafra\u00eechissante\u00a0<strong>Blue Razz Ice<\/strong>est-ce que cette cigarette \u00e9lectronique est la solution id\u00e9ale pour les vapoteurs de tous les niveaux d'exp\u00e9rience.<\/p>\n<p>Obtiens maintenant ton\u00a0<strong>Solobar Solo 30000 Z\u00fcge Einweg E Zigarette \n Solobar Solo 30000 tirages cigarette \u00e9lectronique jetable<\/strong> et vis la diff\u00e9rence chez <strong>alfakherwelt.de<\/strong>\u00a0Votre premi\u00e8re adresse pour l'achat de\u00a0<strong>Vapes jetables<\/strong>\u00a0En Allemagne !<\/p>\n<\/div>\n<\/div>\n<\/div>\n<\/div>\n<\/div>\n<\/div>\n<\/div>\n<\/div>\n<\/article>\n<\/div>\n<\/div>\n<\/div>\n<\/div>\n<\/div>","protected":false},"excerpt":{"rendered":"<p><strong>Solobar Solo 30000 Z\u00fcge Einweg E Zigarette \n Solobar Solo 30000 tirages cigarette \u00e9lectronique jetable<\/strong>\u00a0est le choix parfait pour tous ceux qui recherchent une exp\u00e9rience de vapotage durable, puissante et exceptionnellement savoureuse. Avec une capacit\u00e9 de\u00a0<strong>30 000 trains \nor \n30.000 trains \nor \n30.000 Z\u00fcgen is translated as  30,000 trains<\/strong><\/p>","protected":false},"featured_media":1622,"comment_status":"open","ping_status":"closed","template":"","meta":{"om_disable_all_campaigns":false},"product_brand":[],"product_cat":[41],"product_tag":[],"class_list":{"0":"post-1621","1":"product","2":"type-product","3":"status-publish","4":"has-post-thumbnail","6":"product_cat-solobar-solo-30000","8":"first","9":"outofstock","10":"shipping-taxable","11":"purchasable","12":"product-type-simple"},"_links":{"self":[{"href":"https:\/\/alfakher24h.de\/fr\/wp-json\/wp\/v2\/product\/1621","targetHints":{"allow":["GET"]}}],"collection":[{"href":"https:\/\/alfakher24h.de\/fr\/wp-json\/wp\/v2\/product"}],"about":[{"href":"https:\/\/alfakher24h.de\/fr\/wp-json\/wp\/v2\/types\/product"}],"replies":[{"embeddable":true,"href":"https:\/\/alfakher24h.de\/fr\/wp-json\/wp\/v2\/comments?post=1621"}],"wp:featuredmedia":[{"embeddable":true,"href":"https:\/\/alfakher24h.de\/fr\/wp-json\/wp\/v2\/media\/1622"}],"wp:attachment":[{"href":"https:\/\/alfakher24h.de\/fr\/wp-json\/wp\/v2\/media?parent=1621"}],"wp:term":[{"taxonomy":"product_brand","embeddable":true,"href":"https:\/\/alfakher24h.de\/fr\/wp-json\/wp\/v2\/product_brand?post=1621"},{"taxonomy":"product_cat","embeddable":true,"href":"https:\/\/alfakher24h.de\/fr\/wp-json\/wp\/v2\/product_cat?post=1621"},{"taxonomy":"product_tag","embeddable":true,"href":"https:\/\/alfakher24h.de\/fr\/wp-json\/wp\/v2\/product_tag?post=1621"}],"curies":[{"name":"wp","href":"https:\/\/api.w.org\/{rel}","templated":true}]}}