{"id":1600,"date":"2025-02-05T05:10:39","date_gmt":"2025-02-05T05:10:39","guid":{"rendered":"https:\/\/alfakher24h.de\/?post_type=product&#038;p=1600"},"modified":"2025-05-21T05:11:14","modified_gmt":"2025-05-21T05:11:14","slug":"1600","status":"publish","type":"product","link":"https:\/\/alfakher24h.de\/fr\/produit\/1600\/","title":{"rendered":"Solobar Solo 30000 Z\u00fcge Einweg E Zigarette \u2013 Mango Ice \n\n devient \n\nSolobar Solo 30000 tirages cigarette \u00e9lectronique jetable - Glace \u00e0 la mangue"},"content":{"rendered":"<h2>Solobar Solo 30000 Z\u00fcge Einweg E-Zigarette \u2013 Perfekte Wahl f\u00fcr Einsteiger und Profis \n\nbecomes \n\nSolobar Solo 30000 tirages cigarette \u00e9lectronique jetable - Choix parfait pour les d\u00e9butants et les professionnels<\/h2>\n<p>La\u00a0<a href=\"https:\/\/alfakher24h.de\/fr\/\"><strong>Solobar Solo 30000 Z\u00fcge Einweg E Zigarette \n Solobar Solo 30000 tirages cigarette \u00e9lectronique jetable<\/strong><\/a>\u00a0est l'appareil id\u00e9al pour tous ceux qui recherchent un\u00a0<strong>puissants, durables<\/strong>\u00a0et\u00a0<strong>faciles \u00e0 utiliser<\/strong>\u00a0sont des vape. Avec une exceptionnelle\u00a0<strong>Capacit\u00e9 de 30 000 trains<\/strong>\u00a0offre ce mod\u00e8le une incomparable\u00a0<strong>Dur\u00e9e de vie<\/strong>qui en fait le choix id\u00e9al pour les utilisateurs qui appr\u00e9cient la continuit\u00e9 du plaisir et du confort. Dans cet article, vous apprendrez tout sur les\u00a0<strong>Solobar Solo 30000 Z\u00fcge Einweg E Zigarette \n Solobar Solo 30000 tirages cigarette \u00e9lectronique jetable<\/strong>leurs\u00a0<strong>Fonctionnalit\u00e9s<\/strong>qui\u00a0<strong>description d\u00e9taill\u00e9e du go\u00fbt<\/strong> et pourquoi vous devriez les acheter sur notre plateforme alfakher24h.de - la plus grande plateforme de vente en ligne pour\u00a0<strong>Vapes jetables en Allemagne<\/strong>.<\/p>\n<h3>Pourquoi la cigarette \u00e9lectronique jetable Solobar Solo 30000 tirages ?<\/h3>\n<p>Dans un monde o\u00f9 le march\u00e9 pour\u00a0<a href=\"https:\/\/alfakher24h.de\/fr\/\"><strong>Cigarettes \u00e9lectroniques jetables<\/strong>\u00a0<\/a>constamment cro\u00eet, a la\u00a0<strong>Solobar Solo 30000 Z\u00fcge \n\nbecomes \n\nSolobar Solo 30 000 Z\u00fcge \n\nno translation needed for numbers \n Solobar Solo 30000 trains<\/strong>\u00a0une position remarquable acquise. Cette\u00a0<strong>avec de la nicotine<\/strong>\u00a0\u00e9quip\u00e9e\u00a0<strong>Vape<\/strong>\u00a0offre non seulement une impressionnante\u00a0<strong>Production de vapeur<\/strong>\u00a0et un\u00a0<strong>exp\u00e9rience gustative riche<\/strong>mais \u00e9galement de nombreuses fonctionnalit\u00e9s pratiques qui rendent la vape un plaisir. Elle est parfaite pour les d\u00e9butants et les vapoteurs exp\u00e9riment\u00e9s qui recherchent un appareil simple qui est pr\u00eat \u00e0 l'emploi imm\u00e9diatement. Que vous soyez les\u00a0<strong>Solobar Solo<\/strong>\u00a0Que vous essayiez pour la premi\u00e8re fois ou que vous soyez d\u00e9j\u00e0 un vapoteur exp\u00e9riment\u00e9, ce mod\u00e8le d\u00e9passera d\u00e9finitivement vos attentes.<\/p>\n<h3>Caract\u00e9ristiques exceptionnelles de la cigarette \u00e9lectronique jetable Solobar Solo 30000 tirs<\/h3>\n<p>La\u00a0<strong>Solobar Solo 30000 Z\u00fcge Einweg E Zigarette \n Solobar Solo 30000 tirages cigarette \u00e9lectronique jetable<\/strong>\u00a0offre de nombreuses fonctions qui rendent la vape plus agr\u00e9able et conviviale. Voici les principales caract\u00e9ristiques :<\/p>\n<ul>\n<li><strong>\u00c9cran LED d'affichage<\/strong>Un pratique\u00a0<strong>Affichage LED<\/strong>\u00a0affiche l'\u00e9tat actuel et la dur\u00e9e de vie restante, afin que vous sachiez toujours exactement combien de temps l'appareil durera encore.<\/li>\n<li><strong>30 000 trains \nor \n30.000 trains<\/strong>Avec une extr\u00e8mement haute\u00a0<strong>Capacit\u00e9 du train<\/strong>\u00a0Ce dispositif est particuli\u00e8rement durable et id\u00e9al pour des exp\u00e9riences de vape prolong\u00e9es. 30 000 bouff\u00e9es signifient que vous pouvez profiter longtemps sans vous soucier du r\u00e9approvisionnement ou du remplacement de la cigarette \u00e9lectronique.<\/li>\n<li><strong>Contr\u00f4le du flux d'air<\/strong>: Ajustez le d\u00e9bit d'air selon vos pr\u00e9f\u00e9rences. Cela vous permet de r\u00e9guler individuellement la r\u00e9sistance et l'intensit\u00e9 de la vapeur et de cr\u00e9er ainsi l'exp\u00e9rience de vape parfaite.<\/li>\n<li><strong>Puissance de sortie 10-30W<\/strong>: Une\u00a0<strong>Puissance variable<\/strong>\u00a0permet de r\u00e9guler la puissance en fonction de l'intensit\u00e9 de vapeur souhait\u00e9e, ce qui permet un contr\u00f4le plus pr\u00e9cis de l'exp\u00e9rience de vapeur.<\/li>\n<li><strong>880 mAh batterie<\/strong>La batterie est\u00a0<strong>rechargeable<\/strong>Cela signifie que vous pouvez utiliser l'appareil pendant une longue p\u00e9riode sans avoir besoin de le recharger fr\u00e9quemment. Une capacit\u00e9 \u00e9lev\u00e9e garantit que la vapeur reste constante sur de nombreuses bouff\u00e9es.<\/li>\n<li><strong>Lumi\u00e8re ambiante Allum\u00e9\/\u00c9teint<\/strong>Un fascinant\u00a0<strong>Lumi\u00e8re ambiante<\/strong>\u00a0rend le vapotage non seulement fonctionnel, mais \u00e9galement visuellement attrayant. Il donne \u00e0 votre appareil une apparence \u00e9l\u00e9gante et moderne.<\/li>\n<li><strong>Double Bobine Maille<\/strong>: La\u00a0<strong>Technologie de bobine \u00e0 double maille<\/strong>\u00a0assure un chauffage uniforme et une meilleure expression des saveurs, ce qui rend chaque bouff\u00e9e plus intense et plus satisfaisante.<\/li>\n<li><strong>Convivial<\/strong>La cigarette \u00e9lectronique jetable Solobar Solo 30000 bouff\u00e9es est particuli\u00e8rement\u00a0<strong>convivial pour les d\u00e9butants<\/strong>\u00a0et ne n\u00e9cessite pas d'utilisation compliqu\u00e9e. Simple\u00a0<strong>enlever les v\u00eatements, s'habiller<\/strong>\u00a0et profitez - aucune configuration technique ou recharge n'est n\u00e9cessaire.<\/li>\n<\/ul>\n<h2><img loading=\"lazy\" decoding=\"async\" class=\"alignnone wp-image-1853 size-full\" title=\"Solobar Solo 30000 Z\u00fcge Einweg E Zigarette - Mango Ice 2 devient Solobar Solo 30 000 tirages cigarette \u00e9lectronique jetable - Mango Ice 2\" src=\"https:\/\/alfakher24h.de\/wp-content\/uploads\/2025\/02\/solobar-solo-30000-2.webp\" sizes=\"auto, (max-width: 1024px) 100vw, 1024px\" srcset=\"https:\/\/alfakher24h.de\/wp-content\/uploads\/2025\/02\/solobar-solo-30000-2.webp 1024w, https:\/\/alfakher24h.de\/wp-content\/uploads\/2025\/02\/solobar-solo-30000-2-300x145.webp 300w, https:\/\/alfakher24h.de\/wp-content\/uploads\/2025\/02\/solobar-solo-30000-2-768x371.webp 768w, https:\/\/alfakher24h.de\/wp-content\/uploads\/2025\/02\/solobar-solo-30000-2-18x9.webp 18w, https:\/\/alfakher24h.de\/wp-content\/uploads\/2025\/02\/solobar-solo-30000-2-600x289.webp 600w\" alt=\"Solobar Solo 30000 Z\u00fcge Einweg E Zigarette - Mango Ice  Solobar Solo 30000 tirages cigarette \u00e9lectronique jetable - Mango Ice \" width=\"1024\" height=\"494\" \/><\/h2>\n<h3>Description d\u00e9taill\u00e9e de la saveur de Mango Ice<\/h3>\n<p>Un des remarquables\u00a0<strong>Saveurs<\/strong>\u00a0le\u00a0<a href=\"https:\/\/alfakher24h.de\/fr\/\"><strong>Solobar Solo 30000 Z\u00fcge Einweg E-Zigarette \n\n becomes \n\nSolobar Solo 30000 tirages E-cigarette jetable<\/strong><\/a>\u00a0est\u00a0<strong>Mango Ice<\/strong>Cette composition de saveur combine la douceur tropicale de la\u00a0<strong>Mango<\/strong>\u00a0avec un rafra\u00eechissant\u00a0<strong>go\u00fbt de glace<\/strong>qui conduit \u00e0 un particuli\u00e8rement\u00a0<strong>refroidir<\/strong>, mais\u00a0<strong>sucr\u00e9-fruit\u00e9<\/strong>\u00a0Exp\u00e9rience de vapeur.<\/p>\n<h4>Mango : Une explosion fruit\u00e9es<\/h4>\n<p>La\u00a0<strong>Mango<\/strong>\u00a0est connu pour son intensit\u00e9 sucr\u00e9e et sa saveur exotique. Chaque bouff\u00e9e de\u00a0<strong>Mango Ice<\/strong>\u00a0E-cigarette apporte la pleine saveur d'une\u00a0<strong>mangue m\u00fbre r\u00e9colt\u00e9e<\/strong>\u00a0qui r\u00e9v\u00e8le ses saveurs fra\u00eeches et sucr\u00e9es, rafra\u00eechissant les sens. Le go\u00fbt naturel de la mangue demeure authentique et intact, conf\u00e9rant \u00e0 l'exp\u00e9rience de vapotage une dimension rafra\u00eechissante et riche.<\/p>\n<h4>Glace : Le kick rafra\u00eechissant<\/h4>\n<p>La\u00a0<strong>Glace<\/strong>La note conf\u00e8re au go\u00fbt une agr\u00e9able fra\u00eecheur, particuli\u00e8rement appr\u00e9ciable les jours d'\u00e9t\u00e9 chauds ou pour ceux qui aiment les\u00a0<strong>effet de refroidissement<\/strong>\u00a0offre une rafra\u00eechissante agr\u00e9able. Cet effet rafra\u00eechissant compl\u00e8te parfaitement l'exp\u00e9rience gustative et garantit un\u00a0<strong>\u00e9quilibr\u00e9<\/strong>mais en m\u00eame temps une vapeur intense. L'interaction de\u00a0<strong>sucr\u00e9 de mangue<\/strong>\u00a0et\u00a0<strong>glace rafra\u00eechissante<\/strong>\u00a0cr\u00e9e un \u00e9quilibre harmonieux entre fra\u00eecheur et fruit\u00e9, qui satisfait l'envie de plaisir toute la journ\u00e9e.<\/p>\n<h4>Parfaite combinaison pour tous les go\u00fbts<\/h4>\n<p>La\u00a0<strong>Mango Ice<\/strong>Cette combinaison de saveurs convient \u00e0 tous ceux qui recherchent une exp\u00e9rience de vapotage fruit\u00e9e et rafra\u00eechissante. Que vous soyez un vapoteur exp\u00e9riment\u00e9 ou que vous commenciez tout juste, cette saveur vous offre l'\u00e9quilibre parfait entre fra\u00eecheur et douceur. La combinaison de la mangue et de la glace fait que vous n'aurez plus jamais besoin de rechercher une autre saveur. Chaque bouff\u00e9e est une petite aventure pour les sens !<\/p>\n<h3>Pourquoi devriez-vous acheter la cigarette \u00e9lectronique jetable Solobar Solo 30000 bouff\u00e9es sur alfakher24h.de ?<\/h3>\n<p>alfakher24h.de est le principal march\u00e9 en ligne pour <strong>Cigarettes \u00e9lectroniques jetables en Allemagne<\/strong>.Si vous cherchez une\u00a0<strong>cigarette \u00e9lectronique de haute qualit\u00e9<\/strong>\u00a0sont que vous avez dans\u00a0<strong>Allemagne<\/strong>\u00a0acheter rapidement et en toute s\u00e9curit\u00e9, notre plateforme est le choix id\u00e9al. Nous offrons non seulement des produits de premi\u00e8re qualit\u00e9\u00a0<strong>Vapes<\/strong>mais \u00e9galement un excellent service client et un processus de commande convivial.<\/p>\n<h3>Avantages lors de l'achat sur <a href=\"https:\/\/alfakher24h.de\/fr\/\">alfakher24h.de<\/a><\/h3>\n<ul>\n<li><strong>Livraison rapide<\/strong>Votre commande sera livr\u00e9e rapidement et de mani\u00e8re fiable.<\/li>\n<li><strong>Grand choix<\/strong>Trouvez une vaste s\u00e9lection de\u00a0<strong>Vapes jetables<\/strong>\u00a0et accessoires.<\/li>\n<li><strong>Paiement s\u00e9curis\u00e9<\/strong>Nous offrons des m\u00e9thodes de paiement s\u00e9curis\u00e9es pour vos commandes.<\/li>\n<li><strong>Support client<\/strong>Notre \u00e9quipe de support amicale est l\u00e0 pour vous aider avec toutes vos questions concernant votre commande.<\/li>\n<\/ul>\n<h3>Conclusion : Solobar Solo 30000 tirages E-cigarette jetable \u2013 Le choix pour les vapoteurs exigeants<\/h3>\n<p>La\u00a0<strong>Solobar Solo 30000 Z\u00fcge Einweg E Zigarette \n Solobar Solo 30000 tirages cigarette \u00e9lectronique jetable<\/strong>\u00a0est l'une des\u00a0<strong>meilleures e-cigarettes sur le march\u00e9<\/strong>longue dur\u00e9e de vie, un\u00a0<strong>saveur riche<\/strong>\u00a0et des fonctionnalit\u00e9s innovantes, ce mod\u00e8le est un excellent choix pour tous ceux qui souhaitent passer au niveau sup\u00e9rieur de la vape. Si vous recherchez un produit fiable et offrant une saveur exceptionnelle,\u00a0<strong>Cigarette \u00e9lectronique jetable<\/strong>\u00a0chercher, vous devriez les\u00a0<strong>Solobar Solo 30000 Z\u00fcge \n\nbecomes \n\nSolobar Solo 30 000 Z\u00fcge \n\nno translation needed for numbers \n Solobar Solo 30000 trains<\/strong>\u00a0essayer absolument. Visitez encore aujourd'hui alfakher24h.de et achetez-les\u00a0<strong>meilleure cigarette \u00e9lectronique jetable<\/strong>\u00a0en Allemagne.<\/p>","protected":false},"excerpt":{"rendered":"<p><strong>Solobar Solo 30000 Z\u00fcge Einweg E Zigarette \n Solobar Solo 30000 tirages cigarette \u00e9lectronique jetable<\/strong>\u00a0est l'une des\u00a0<strong>meilleures e-cigarettes sur le march\u00e9<\/strong>longue dur\u00e9e de vie, un\u00a0<strong>saveur riche<\/strong>\u00a0Et avec ses fonctionnalit\u00e9s innovantes, ce mod\u00e8le est un excellent choix pour tous ceux qui veulent passer au niveau sup\u00e9rieur de la vape.<\/p>","protected":false},"featured_media":1601,"comment_status":"open","ping_status":"closed","template":"","meta":{"om_disable_all_campaigns":false},"product_brand":[],"product_cat":[41],"product_tag":[],"class_list":{"0":"post-1600","1":"product","2":"type-product","3":"status-publish","4":"has-post-thumbnail","6":"product_cat-solobar-solo-30000","8":"first","9":"outofstock","10":"shipping-taxable","11":"purchasable","12":"product-type-simple"},"_links":{"self":[{"href":"https:\/\/alfakher24h.de\/fr\/wp-json\/wp\/v2\/product\/1600","targetHints":{"allow":["GET"]}}],"collection":[{"href":"https:\/\/alfakher24h.de\/fr\/wp-json\/wp\/v2\/product"}],"about":[{"href":"https:\/\/alfakher24h.de\/fr\/wp-json\/wp\/v2\/types\/product"}],"replies":[{"embeddable":true,"href":"https:\/\/alfakher24h.de\/fr\/wp-json\/wp\/v2\/comments?post=1600"}],"wp:featuredmedia":[{"embeddable":true,"href":"https:\/\/alfakher24h.de\/fr\/wp-json\/wp\/v2\/media\/1601"}],"wp:attachment":[{"href":"https:\/\/alfakher24h.de\/fr\/wp-json\/wp\/v2\/media?parent=1600"}],"wp:term":[{"taxonomy":"product_brand","embeddable":true,"href":"https:\/\/alfakher24h.de\/fr\/wp-json\/wp\/v2\/product_brand?post=1600"},{"taxonomy":"product_cat","embeddable":true,"href":"https:\/\/alfakher24h.de\/fr\/wp-json\/wp\/v2\/product_cat?post=1600"},{"taxonomy":"product_tag","embeddable":true,"href":"https:\/\/alfakher24h.de\/fr\/wp-json\/wp\/v2\/product_tag?post=1600"}],"curies":[{"name":"wp","href":"https:\/\/api.w.org\/{rel}","templated":true}]}}