{"id":1596,"date":"2025-02-05T05:04:03","date_gmt":"2025-02-05T05:04:03","guid":{"rendered":"https:\/\/alfakher24h.de\/?post_type=product&#038;p=1596"},"modified":"2025-05-21T05:11:14","modified_gmt":"2025-05-21T05:11:14","slug":"solobar-solo-30000-zuege-einweg-e-cigarette-de-la-pasteque-ice","status":"publish","type":"product","link":"https:\/\/alfakher24h.de\/fr\/produit\/solobar-solo-30000-zuege-einweg-e-cigarette-de-la-pasteque-ice\/","title":{"rendered":"Solobar Solo 30000 Z\u00fcge Einweg E Zigarette \u2013 Watermelon Ice \n Solobar Solo 30 000 tirages cigarette \u00e9lectronique jetable - Glace past\u00e8que"},"content":{"rendered":"<div style=\"width: 1020px;\" class=\"wp-video\"><video class=\"wp-video-shortcode\" id=\"video-1596-1\" width=\"1020\" height=\"574\" preload=\"metadata\" controls=\"controls\"><source type=\"video\/mp4\" src=\"https:\/\/alfakher24h.de\/wp-content\/uploads\/2025\/02\/solobar-solo-30000-2.mp4?_=1\" \/><a href=\"https:\/\/alfakher24h.de\/wp-content\/uploads\/2025\/02\/solobar-solo-30000-2.mp4\">https:\/\/alfakher24h.de\/wp-content\/uploads\/2025\/02\/solobar-solo-30000-2.mp4<\/a><\/video><\/div>\n<h2><strong>Solobar Solo 30000 Z\u00fcge Einweg E Zigarette \u2013 Le choix ultime pour les vapoteurs en Allemagne<\/strong><\/h2>\n<p>La\u00a0<a href=\"https:\/\/alfakher24h.de\/fr\/\"><strong>Solobar Solo 30000 Z\u00fcge Einweg E Zigarette \n Solobar Solo 30000 tirages cigarette \u00e9lectronique jetable<\/strong><\/a>\u00a0est un v\u00e9ritable chef-d'\u0153uvre du monde de la vape. Pour les vapoteurs \u00e0 la recherche d'un produit innovant, convivial et puissant, cette cigarette \u00e9lectronique jetable offre une exp\u00e9rience de vapotage incomparable. Avec 30 000 bouff\u00e9es, un contr\u00f4le pr\u00e9cis du d\u00e9bit d'air et une technologie avanc\u00e9e de double grille \u00e0 mailles, la Solobar Solo 30000 se distingue des autres cigarettes \u00e9lectroniques jetables sur le march\u00e9. D\u00e9couvrons en d\u00e9tail les nombreuses fonctionnalit\u00e9s et les avantages de ce produit.<\/p>\n<hr \/>\n<h3><strong>Description du produit<\/strong><\/h3>\n<p>La\u00a0<strong>Solobar Solo 30000 Z\u00fcge Einweg E Zigarette \n Solobar Solo 30000 tirages cigarette \u00e9lectronique jetable<\/strong>\u00a0est plus qu'une simple cigarette \u00e9lectronique jetable classique. Elle a \u00e9t\u00e9 sp\u00e9cialement con\u00e7ue pour les vapoteurs qui recherchent une durabilit\u00e9 \u00e9lev\u00e9e, des performances exceptionnelles et une exp\u00e9rience gustative incomparable. Avec son impressionnant d\u00e9compte de\u00a0<strong>30 000 trains \nor \n30.000 trains \nor \n30.000 Z\u00fcgen is translated as  30,000 trains<\/strong>\u00a0et un\u00a0<strong>880 mAh batterie rechargeable<\/strong>\u00a0Elle est id\u00e9ale pour ceux qui vapotent r\u00e9guli\u00e8rement mais qui souhaitent b\u00e9n\u00e9ficier de la simplicit\u00e9 d'utilisation d'un vape jetable.<\/p>\n<p><strong>Qu'est-ce qui rend la Solobar Solo si sp\u00e9ciale ?<\/strong><\/p>\n<p>La\u00a0<strong>Solobar Solo 30000 Z\u00fcge Einweg E Zigarette \n Solobar Solo 30000 tirages cigarette \u00e9lectronique jetable<\/strong>\u00a0offre une vari\u00e9t\u00e9 de fonctions qui en font un produit de pointe sur le march\u00e9 pour\u00a0<strong>Cigarettes \u00e9lectroniques jetables en Allemagne<\/strong>\u00a0faire<\/p>\n<ul>\n<li><strong>\u00c9cran LED<\/strong>\u00a0L'\u00e9cran LED affiche les trains restants et l'\u00e9tat de la batterie, vous permettant de savoir exactement quand il est temps de recharger ou de remplacer l'appareil.<\/li>\n<li><strong>30 000 trains :<\/strong>\u00a0Avec une quantit\u00e9 remarquable de 30 000 bouff\u00e9es, cette cigarette \u00e9lectronique jetable est con\u00e7ue pour durer longtemps et couvrir les besoins quotidiens en vapeur.<\/li>\n<li><strong>R\u00e9gulation du flux d'air :<\/strong>\u00a0Le contr\u00f4le pr\u00e9cis du d\u00e9bit d'air permet d'ajuster la r\u00e9sistance du d\u00e9bit d'air \u00e0 volont\u00e9 et ainsi personnaliser l'exp\u00e9rience de vapotage.<\/li>\n<li><strong>Sortie de puissance 10-30W :<\/strong>\u00a0Une sortie de puissance variable permet d'adapter l'appareil selon les pr\u00e9f\u00e9rences pour un vapotage plus intense ou plus doux.<\/li>\n<li><strong>Batterie rechargeable de 880 mAh :<\/strong>\u00a0La batterie puissante garantit une longue dur\u00e9e de vie, tandis que la possibilit\u00e9 de recharger l'appareil assure que le plaisir n'est jamais interrompu.<\/li>\n<li><strong>Lumi\u00e8re ambiante Allum\u00e9\/\u00c9teint :<\/strong>\u00a0La possibilit\u00e9 d'allumer ou d'\u00e9teindre la lumi\u00e8re ambiante ajoute une touche suppl\u00e9mentaire \u00e0 l'exp\u00e9rience de vapotage et rend la Solobar Solo particuli\u00e8rement styl\u00e9e.<\/li>\n<li><strong>Technologie \u00e0 double bobine de maillage :<\/strong>\u00a0Cette technologie assure une vaporisation uniforme et intensive, ce qui intensifie le go\u00fbt et rend la vape plus agr\u00e9able.<\/li>\n<li><strong>Convivial pour les d\u00e9butants<\/strong>\u00a0La Solobar Solo est parfaitement adapt\u00e9e aux d\u00e9butants. Elle est facile \u00e0 utiliser, ne n\u00e9cessite pas de r\u00e9glages compliqu\u00e9s et offre n\u00e9anmoins une exp\u00e9rience de vapotage exceptionnelle.<\/li>\n<\/ul>\n<p>Avec la\u00a0<strong>Solobar Solo 30000 Z\u00fcge Einweg E-Zigarette \n\n becomes \n\nSolobar Solo 30000 tirages E-cigarette jetable<\/strong>\u00a0Vous avez l'appareil id\u00e9al pour une exp\u00e9rience de vape confortable et durable en Allemagne. Profitez du sentiment unique que cette cigarette \u00e9lectronique jetable offre et laissez-vous convaincre par sa qualit\u00e9 exceptionnelle.<\/p>\n<h2><img loading=\"lazy\" decoding=\"async\" class=\"alignnone wp-image-1853 size-full\" title=\"Solobar Solo 30 000 tirages E-cigarette jetable - Past\u00e8que Glac\u00e9e 2\" src=\"https:\/\/alfakher24h.de\/wp-content\/uploads\/2025\/02\/solobar-solo-30000-2.webp\" sizes=\"auto, (max-width: 1024px) 100vw, 1024px\" srcset=\"https:\/\/alfakher24h.de\/wp-content\/uploads\/2025\/02\/solobar-solo-30000-2.webp 1024w, https:\/\/alfakher24h.de\/wp-content\/uploads\/2025\/02\/solobar-solo-30000-2-300x145.webp 300w, https:\/\/alfakher24h.de\/wp-content\/uploads\/2025\/02\/solobar-solo-30000-2-768x371.webp 768w, https:\/\/alfakher24h.de\/wp-content\/uploads\/2025\/02\/solobar-solo-30000-2-18x9.webp 18w, https:\/\/alfakher24h.de\/wp-content\/uploads\/2025\/02\/solobar-solo-30000-2-600x289.webp 600w\" alt=\"Solobar Solo 30000 Z\u00fcge Einweg E Zigarette - Watermelon Ice  Solobar Solo 30000 tirages cigarette \u00e9lectronique jetable - Glace Past\u00e8que \" width=\"1024\" height=\"494\" \/><\/h2>\n<h3><strong>Caract\u00e9ristiques du produit en d\u00e9tail<\/strong><\/h3>\n<p>La\u00a0<strong>Solobar Solo 30000 Z\u00fcge Einweg E-Zigarette \n\n becomes \n\nSolobar Solo 30000 tirages E-cigarette jetable<\/strong>\u00a0convaincu par une s\u00e9rie de fonctions pens\u00e9es sp\u00e9cifiquement pour am\u00e9liorer vos exp\u00e9riences de vape :<\/p>\n<h4>1.\u00a0<strong>\u00c9cran LED<\/strong><\/h4>\n<p>L'\u00e9cran LED int\u00e9gr\u00e9 vous affiche les mouvements restants ainsi que l'\u00e9tat de la batterie. Vous gardez ainsi toujours une vue d'ensemble et pouvez utiliser l'appareil de mani\u00e8re efficace sans mauvaises surprises.<\/p>\n<h4>2.\u00a0<strong>30 000 trains \nor \n30.000 trains<\/strong><\/h4>\n<p>Avec un nombre de trains de\u00a0<strong>30 000 trains \nor \n30.000 trains \nor \n30.000 Z\u00fcgen is translated as  30,000 trains<\/strong>\u00a0offre une dur\u00e9e de vie exceptionnellement longue pour cette cigarette \u00e9lectronique jetable. C'est le choix id\u00e9al pour tous ceux qui vapotent fr\u00e9quemment et recherchent un compagnon fiable.<\/p>\n<h4>3.\u00a0<strong>R\u00e9gulation du flux d'air<\/strong><\/h4>\n<p>Avec le contr\u00f4le du flux d'air, vous pouvez adapter le vapotage \u00e0 votre mani\u00e8re pr\u00e9f\u00e9r\u00e9e. Souhaitez-vous un d\u00e9veloppement de vapeur plus intense ou une aspiration plus calme ? Cette cigarette \u00e9lectronique jetable vous offre toutes les libert\u00e9s pour fa\u00e7onner votre exp\u00e9rience de vapotage selon vos souhaits.<\/p>\n<h4>4.\u00a0<strong>Batterie puissante (880 mAh)<\/strong><\/h4>\n<p>Rechargeable\u00a0<strong>Batterie 880 mAh<\/strong>\u00a0permet de vapoter longtemps avec votre appareil. M\u00eame lorsque la batterie atteint presque la fin de sa charge, vous pouvez simplement la recharger et continuer \u00e0 vapoter.<\/p>\n<h4>5.\u00a0<strong>Bobine double maillage<\/strong><\/h4>\n<p>Gr\u00e2ce \u00e0\u00a0<strong>Technologie \u00e0 double bobine<\/strong>\u00a0D\u00e9couvrez une vaporisation encore plus uniforme et une saveur plus intense. Les coils en maille garantissent que la saveur est r\u00e9partie de mani\u00e8re uniforme, ce qui augmente consid\u00e9rablement le plaisir de chaque tirage.<\/p>\n<h4>6.\u00a0<strong>Fonction de lumi\u00e8re ambiante<\/strong><\/h4>\n<p>La\u00a0<strong>Fonction de lumi\u00e8re ambiante<\/strong>\u00a0Apportez une exp\u00e9rience visuelle suppl\u00e9mentaire \u00e0 votre vape. Ajustez l'ambiance avec une fonction de commutation simple et profitez d'une exp\u00e9rience de vapotage stylis\u00e9e.<\/p>\n<h4>7.\u00a0<strong>Convivial pour les d\u00e9butants<\/strong><\/h4>\n<p>La\u00a0<strong>Solobar Solo 30000 Z\u00fcge Einweg E Zigarette \n Solobar Solo 30000 tirages cigarette \u00e9lectronique jetable<\/strong>\u00a0est particuli\u00e8rement adapt\u00e9 aux d\u00e9butants. Il offre toutes les fonctions n\u00e9cessaires pour une manipulation simple et en m\u00eame temps des performances exceptionnelles.<\/p>\n<hr \/>\n<h3><strong>Exp\u00e9rience gustative - Solobar Solo 30 000 bouff\u00e9es E-cigarette jetable : Past\u00e8que Glac\u00e9e<\/strong><\/h3>\n<p>Un point culminant d\u00e9cisif de la<a href=\"https:\/\/alfakher24h.de\/fr\/\">\u00a0<strong>Solobar Solo 30000 Z\u00fcge Einweg E Zigarette \n Solobar Solo 30000 tirages cigarette \u00e9lectronique jetable<\/strong>\u00a0<\/a>est l'exp\u00e9rience gustative. La e-cigarette vient avec l'unique\u00a0<strong>Watermelon Ice<\/strong>Une saveur qui ravit vos papilles avec un m\u00e9lange rafra\u00eechissant de past\u00e8que sucr\u00e9e et une touche froide de glace.<\/p>\n<h4><strong>Past\u00e8que<\/strong><\/h4>\n<p>Le go\u00fbt de la past\u00e8que fra\u00eeche est particuli\u00e8rement aromatique et sucr\u00e9 par rapport \u00e0 de nombreux autres fruits. Chaque bouff\u00e9e rappelle le go\u00fbt plein et juteux des past\u00e8ques les plus m\u00fbres r\u00e9colt\u00e9es en \u00e9t\u00e9. Cette douceur naturelle s'harmonise parfaitement avec la fra\u00eecheur que l'\u00e9l\u00e9ment glace ajoute.<\/p>\n<h3><strong>Glace<\/strong><\/h3>\n<p>Le\u00a0<strong>Glace<\/strong>-Effet procure une sensation de fra\u00eecheur et de rafra\u00eechissement dans la bouche. La combinaison de la past\u00e8que sucr\u00e9e et de la fra\u00eecheur glac\u00e9e fait du vapotage une exp\u00e9rience sp\u00e9ciale qui non seulement \u00e9tanche la soif, mais procure \u00e9galement un rafra\u00eechissement revitalisant. C'est le go\u00fbt parfait pour tous ceux qui recherchent un \u00e9quilibre entre fra\u00eecheur et fruit\u00e9.<\/p>\n<p><strong>Watermelon Ice<\/strong>\u00a0est une saveur qui procure imm\u00e9diatement des \u00e9motions positives. L'effet rafra\u00eechissant et frais associ\u00e9 \u00e0 la douceur fruit\u00e9e rend chaque bouff\u00e9e un plaisir. Cette saveur convient id\u00e9alement pour toute la journ\u00e9e - que vous vous d\u00e9tendiez ou que vous soyez actif.<\/p>\n<hr \/>\n<h3><strong>Pourquoi devriez-vous acheter la cigarette \u00e9lectronique jetable Solobar Solo 30000 tirages ?<\/strong><\/h3>\n<p>Il existe de nombreuses raisons pour lesquelles les\u00a0<strong>Solobar Solo 30000 Z\u00fcge \n\nbecomes \n\nSolobar Solo 30 000 Z\u00fcge \n\nno translation needed for numbers \n Solobar Solo 30000 trains <a href=\"https:\/\/alfakher24h.de\/fr\/\">Cigarette \u00e9lectronique jetable<\/a><\/strong><a href=\"https:\/\/alfakher24h.de\/fr\/\">\u00a0<\/a>Le meilleur choix pour vous est :<\/p>\n<ol>\n<li><strong>Durabilit\u00e9<\/strong>\u00a0Avec 30 000 bouff\u00e9es, cette cigarette \u00e9lectronique jetable est l'une des plus durables du march\u00e9 et offre une longue dur\u00e9e de vie qui couvre les besoins quotidiens.<\/li>\n<li><strong>Puissance:<\/strong>\u00a0La\u00a0<strong>880 mAh batterie rechargeable<\/strong>\u00a0et les\u00a0<strong>Technologie \u00e0 double bobine<\/strong>\u00a0assurer une performance de premier plan et une exp\u00e9rience gustative intense.<\/li>\n<li><strong>Convivialit\u00e9 :<\/strong>\u00a0La\u00a0<strong>Solobar Solo<\/strong>\u00a0est parfaitement adapt\u00e9 aux d\u00e9butants et offre en m\u00eame temps des fonctions avanc\u00e9es pour les vapoteurs exp\u00e9riment\u00e9s.<\/li>\n<li><strong>Polyvalence :<\/strong>\u00a0Avec des fonctions telles que\u00a0<strong>R\u00e9gulation du flux d'air<\/strong>\u00a0et\u00a0<strong>Lumi\u00e8re ambiante<\/strong>\u00a0Vous pouvez personnaliser votre exp\u00e9rience de vapeur en fonction de vos pr\u00e9f\u00e9rences.<\/li>\n<li><strong>Fra\u00eecheur Rafra\u00eechissante :<\/strong>\u00a0La\u00a0<strong>Watermelon Ice<\/strong>-Sa saveur procure une exp\u00e9rience de vapotage rafra\u00eechissante que vous pouvez appr\u00e9cier toute la journ\u00e9e.<\/li>\n<\/ol>\n<p>Si vous \u00eates \u00e0 la recherche d'un produit de haute qualit\u00e9 et durable\u00a0<strong>Cigarette \u00e9lectronique jetable avec nicotine<\/strong>\u00a0alors est la\u00a0<strong>Solobar Solo 30000 Z\u00fcge Einweg E Zigarette \n Solobar Solo 30000 tirages cigarette \u00e9lectronique jetable<\/strong>\u00a0le choix parfait. Achetez votre\u00a0<a href=\"https:\/\/alfakher24h.de\/fr\/\"><strong>Cigarette \u00e9lectronique jetable<\/strong><\/a> confortablement sur alfakher24h.de, votre fournisseur de confiance pour\u00a0<strong>Vapes jetables en Allemagne<\/strong>.<\/p>","protected":false},"excerpt":{"rendered":"<p>Recherchez un produit de haute qualit\u00e9 et durable\u00a0<strong>Cigarette \u00e9lectronique jetable avec nicotine<\/strong>\u00a0alors est la\u00a0<strong>Solobar Solo 30000 Z\u00fcge Einweg E Zigarette \n Solobar Solo 30000 tirages cigarette \u00e9lectronique jetable<\/strong>\u00a0le choix parfait. Achetez votre\u00a0<a href=\"https:\/\/alfakher24h.de\/fr\/\"><strong>Cigarette \u00e9lectronique jetable<\/strong><\/a> sur alfakher24h.de, commod\u00e9ment<\/p>","protected":false},"featured_media":1597,"comment_status":"open","ping_status":"closed","template":"","meta":{"om_disable_all_campaigns":false},"product_brand":[],"product_cat":[41],"product_tag":[],"class_list":{"0":"post-1596","1":"product","2":"type-product","3":"status-publish","4":"has-post-thumbnail","6":"product_cat-solobar-solo-30000","8":"first","9":"outofstock","10":"shipping-taxable","11":"purchasable","12":"product-type-simple"},"_links":{"self":[{"href":"https:\/\/alfakher24h.de\/fr\/wp-json\/wp\/v2\/product\/1596","targetHints":{"allow":["GET"]}}],"collection":[{"href":"https:\/\/alfakher24h.de\/fr\/wp-json\/wp\/v2\/product"}],"about":[{"href":"https:\/\/alfakher24h.de\/fr\/wp-json\/wp\/v2\/types\/product"}],"replies":[{"embeddable":true,"href":"https:\/\/alfakher24h.de\/fr\/wp-json\/wp\/v2\/comments?post=1596"}],"wp:featuredmedia":[{"embeddable":true,"href":"https:\/\/alfakher24h.de\/fr\/wp-json\/wp\/v2\/media\/1597"}],"wp:attachment":[{"href":"https:\/\/alfakher24h.de\/fr\/wp-json\/wp\/v2\/media?parent=1596"}],"wp:term":[{"taxonomy":"product_brand","embeddable":true,"href":"https:\/\/alfakher24h.de\/fr\/wp-json\/wp\/v2\/product_brand?post=1596"},{"taxonomy":"product_cat","embeddable":true,"href":"https:\/\/alfakher24h.de\/fr\/wp-json\/wp\/v2\/product_cat?post=1596"},{"taxonomy":"product_tag","embeddable":true,"href":"https:\/\/alfakher24h.de\/fr\/wp-json\/wp\/v2\/product_tag?post=1596"}],"curies":[{"name":"wp","href":"https:\/\/api.w.org\/{rel}","templated":true}]}}