{"id":158,"date":"2024-09-12T12:02:10","date_gmt":"2024-09-12T12:02:10","guid":{"rendered":"https:\/\/alfakher24h.de\/?post_type=product&#038;p=158"},"modified":"2025-07-23T04:17:28","modified_gmt":"2025-07-23T04:17:28","slug":"al-fakher-crown-bar-8000-bouffees-cigarette-electronique-jetable-avec-nicotine-deux-pommes","status":"publish","type":"product","link":"https:\/\/alfakher24h.de\/fr\/produit\/al-fakher-crown-bar-8000-bouffees-cigarette-electronique-jetable-avec-nicotine-deux-pommes\/","title":{"rendered":"AL Fakher Crown Bar 8000 tirages cigarette \u00e9lectronique jetable avec nicotine - Deux pommes"},"content":{"rendered":"<h2><a href=\"https:\/\/alfakher24h.de\/fr\/categorie-de-produit\/barre-de-couronne-al-fakher-8000\/\">AL Fakher Crown Bar 8000 Z\u00fcge \n\nbecomes \n\nAL Fakher Crown Bar 8000 tir\u00e9es<\/a> <a href=\"https:\/\/alfakher24h.de\/fr\/\">Cigarette \u00e9lectronique jetable avec nicotine<\/a> \u2013 Deux pommes<\/h2>\n<p>The <strong>AL Fakher Crown Bar 8000 tirages cigarette \u00e9lectronique jetable<\/strong> offre une exp\u00e9rience de vapotage exceptionnelle, alliant commodit\u00e9, saveur et performance. Cette vape jetable est con\u00e7ue pour ceux qui veulent un produit de haute qualit\u00e9 sans les tracas de l'entretien. Avec un nombre impressionnant de bouff\u00e9es pouvant atteindre jusqu'\u00e0 8000, cette vape est parfaite pour les vapoteurs d\u00e9butants et exp\u00e9riment\u00e9s qui recherchent la satisfaction \u00e0 chaque inspiration. Pr\u00e9rempli avec 18 ml de e-liquide et dot\u00e9 d'un design \u00e9l\u00e9gant et compact, le AL Fakher Crown Bar 8000 est une option pratique pour les utilisateurs en d\u00e9placement.<\/p>\n<div style=\"width: 362px;\" class=\"wp-video\"><video class=\"wp-video-shortcode\" id=\"video-158-1\" width=\"362\" height=\"640\" preload=\"metadata\" controls=\"controls\"><source type=\"video\/mp4\" src=\"https:\/\/alfakher24h.de\/wp-content\/uploads\/2024\/09\/AL-Fakher-Crown-Bar-8000-Zuege-Einweg-E-Zigarette-Mit-Nikotin-Two-Apple.mp4?_=1\" \/><a href=\"https:\/\/alfakher24h.de\/wp-content\/uploads\/2024\/09\/AL-Fakher-Crown-Bar-8000-Zuege-Einweg-E-Zigarette-Mit-Nikotin-Two-Apple.mp4\">https:\/\/alfakher24h.de\/wp-content\/uploads\/2024\/09\/AL-Fakher-Crown-Bar-8000-Zuege-Einweg-E-Zigarette-Mit-Nikotin-Two-Apple.mp4<\/a><\/video><\/div>\n<h2>AL Fakher Crown Bar 8000 Z\u00fcge \n\n(Translation not needed for product names and codes) \nAL Fakher Crown Bar 8000 Z\u00fcge<\/h2>\n<p>Avec une capacit\u00e9 de 18 ml de e-liquide pr\u00e9rempli et une teneur en nicotine de 5 %, la AL Fakher Crown Bar 8000 puffs cigarette \u00e9lectronique jetable est disponible dans les saveurs <strong>Deux pommes<\/strong> Un v\u00e9ritable point fort. La conception compacte et portable ainsi que la fonction pratique \u00e0 usage unique font de cet appareil de vapeur le choix id\u00e9al pour tous ceux qui pr\u00e9f\u00e8rent une vape sans complications. Pas besoin de recharger ou de remplacer les pods - il suffit d'ouvrir et de commencer \u00e0 vapoter.<\/p>\n<p>D\u00e8s que la batterie ou le liquide \u00e9lectronique est vide, l'appareil peut simplement \u00eatre remplac\u00e9 par un nouveau. La batterie int\u00e9gr\u00e9e est rechargeable, ce qui signifie que vous n'avez pas besoin de transporter un chargeur avec vous pendant son utilisation. La Crown Bar 8000 est particuli\u00e8rement populaire aupr\u00e8s des personnes qui passent \u00e0 la vape et offre en outre une vari\u00e9t\u00e9 de saveurs qui conviennent \u00e0 tous les go\u00fbts.<\/p>\n<hr \/>\n<h2>AL Fakher Crown Bar 8000 tirages Caract\u00e9ristiques de la AL Fakher Crown Bar Two Apple 8000 tirages E-cigarette jetable<\/h2>\n<ul>\n<li><strong>Performance durable<\/strong>: Avec jusqu'\u00e0 8000 bouff\u00e9es, cet appareil dure nettement plus longtemps que la plupart des autres cigarettes \u00e9lectroniques jetables.<\/li>\n<li><strong>E-liquide pr\u00e9rempli<\/strong>Contient 18 ml de liquide \u00e9lectronique avec une teneur en nicotine de 5 %(20 mg\/ml), id\u00e9al pour les amateurs de nicotine.<\/li>\n<li><strong>Saveur unique<\/strong>La combinaison parfaite de pommes rouges et vertes assure une exp\u00e9rience de vapotage fruit\u00e9e et rafra\u00eechissante.<\/li>\n<li><strong>Accumulateur rechargeable<\/strong>: La batterie int\u00e9gr\u00e9e de 600mAh peut \u00eatre facilement recharg\u00e9e avant que l'appareil ne soit compl\u00e8tement \u00e9puis\u00e9.<\/li>\n<li><strong>Aucun remplissage n\u00e9cessaire<\/strong>: En tant qu'appareil \u00e0 usage unique, il n'est pas n\u00e9cessaire de recharger ou de remplacer les cartouches.<\/li>\n<li><strong>Conception compacte<\/strong>Tient dans n'importe quelle poche et est l\u00e9ger, id\u00e9al pour \u00eatre emport\u00e9.<\/li>\n<li><strong>Technologie de bobine maill\u00e9e<\/strong>: Assure une production de vapeur uniforme et une saveur plus intense.<\/li>\n<li><strong>Parfait pour les convertis<\/strong>: Id\u00e9al pour tous ceux qui veulent passer des cigarettes traditionnelles \u00e0 la vape.<\/li>\n<\/ul>\n<hr \/>\n<h2>AL Fakher Crown Bar 8000 tirages Pourquoi tu devrais acheter AL Fakher Crown Bar 8000 tirages<\/h2>\n<p>La <strong>AL Fakher Crown Bar 8000 Z\u00fcge \n\nbecomes \n\nAL Fakher Crown Bar 8000 tir\u00e9es <a href=\"https:\/\/alfakher24h.de\/fr\/\">Cigarette \u00e9lectronique jetable<\/a><\/strong> offre non seulement des performances exceptionnelles, mais \u00e9galement une exp\u00e9rience gustative de premier ordre. La saveur populaire <strong>Deux pommes<\/strong> allie la douceur des pommes rouges avec la fra\u00eecheur des pommes vertes et procure une sensation fra\u00eeche et revitalisante \u00e0 chaque inhalation. Ce produit est sp\u00e9cialement con\u00e7u pour le march\u00e9 allemand et r\u00e9pond aux normes de qualit\u00e9 \u00e9lev\u00e9es.<\/p>\n<p>Gr\u00e2ce au e-liquide pr\u00e9rempli et \u00e0 la batterie puissante, vous pouvez vous concentrer enti\u00e8rement sur votre exp\u00e9rience de vapotage, sans avoir \u00e0 vous soucier du remplissage ou du remplacement de pi\u00e8ces. Que vous soyez un vapoteur exp\u00e9riment\u00e9 ou que vous veniez juste de commencer, la Crown Bar 8000 est le choix id\u00e9al.<\/p>\n<p>&nbsp;<\/p>\n<p><img loading=\"lazy\" decoding=\"async\" class=\"alignnone size-full wp-image-160\" src=\"https:\/\/alfakher24h.de\/wp-content\/uploads\/2024\/09\/AL-Fakher-Crown-Bar-8000-Zuege-Einweg-E-Zigarette-Mit-Nikotin-Two-Apple-2.webp\" alt=\"D\u00e9tails de l&#039;annexe AL-Fakher-Crown-Bar-8000-Tirage-Jetables-E-Cigarette-Avec-Nicotine-Two-Apple\" width=\"1080\" height=\"1080\" title=\"\" srcset=\"https:\/\/alfakher24h.de\/wp-content\/uploads\/2024\/09\/AL-Fakher-Crown-Bar-8000-Zuege-Einweg-E-Zigarette-Mit-Nikotin-Two-Apple-2.webp 1080w, https:\/\/alfakher24h.de\/wp-content\/uploads\/2024\/09\/AL-Fakher-Crown-Bar-8000-Zuege-Einweg-E-Zigarette-Mit-Nikotin-Two-Apple-2-300x300.webp 300w, https:\/\/alfakher24h.de\/wp-content\/uploads\/2024\/09\/AL-Fakher-Crown-Bar-8000-Zuege-Einweg-E-Zigarette-Mit-Nikotin-Two-Apple-2-1024x1024.webp 1024w, https:\/\/alfakher24h.de\/wp-content\/uploads\/2024\/09\/AL-Fakher-Crown-Bar-8000-Zuege-Einweg-E-Zigarette-Mit-Nikotin-Two-Apple-2-150x150.webp 150w, https:\/\/alfakher24h.de\/wp-content\/uploads\/2024\/09\/AL-Fakher-Crown-Bar-8000-Zuege-Einweg-E-Zigarette-Mit-Nikotin-Two-Apple-2-768x768.webp 768w, https:\/\/alfakher24h.de\/wp-content\/uploads\/2024\/09\/AL-Fakher-Crown-Bar-8000-Zuege-Einweg-E-Zigarette-Mit-Nikotin-Two-Apple-2-600x600.webp 600w, https:\/\/alfakher24h.de\/wp-content\/uploads\/2024\/09\/AL-Fakher-Crown-Bar-8000-Zuege-Einweg-E-Zigarette-Mit-Nikotin-Two-Apple-2-100x100.webp 100w\" sizes=\"auto, (max-width: 1080px) 100vw, 1080px\" \/><\/p>\n<hr \/>\n<h2>AL Fakher Crown Bar 8000 Z\u00fcge Geschmackserlebnis \u2013 Two Apple \ndevient \n\nAL Fakher Crown Bar 8000 tirs exp\u00e9rience gustative - Two Apple<\/h2>\n<p>La saveur <strong>Deux pommes<\/strong> Le bar AL Fakher Crown est un m\u00e9lange harmonieux de pommes rouges et vertes. Le go\u00fbt sucr\u00e9 et juteux des pommes rouges rencontre la note l\u00e9g\u00e8rement acide des pommes vertes, ce qui donne lieu \u00e0 un ar\u00f4me \u00e9quilibr\u00e9 et d\u00e9licieux. Chaque bouff\u00e9e se ressent comme une bouch\u00e9e dans une pomme fra\u00eeche, \u00e0 la fois rafra\u00eechissante et fruit\u00e9e.<\/p>\n<p>Pour les amateurs de pomme, cette saveur offre un \u00e9quilibre parfait entre douceur et fra\u00eecheur. La Crown Bar Two Apple est particuli\u00e8rement populaire aupr\u00e8s des vapoteurs qui pr\u00e9f\u00e8rent les ar\u00f4mes fruit\u00e9es et authentiques. Gr\u00e2ce aux ingr\u00e9dients de haute qualit\u00e9 et \u00e0 la technologie avanc\u00e9e de la bobine Mesh, la saveur reste constamment intense et agr\u00e9able pendant toute la dur\u00e9e de vie de l'appareil.<\/p>\n<p>L'appareil garantit que chaque tirage offre une exp\u00e9rience constante et agr\u00e9able. La combinaison des deux vari\u00e9t\u00e9s de pommes offre une diversit\u00e9 et transforme la vape en une exp\u00e9rience particuli\u00e8re sans para\u00eetre artificielle. La Crown Bar 8000 Two Apple est un compagnon id\u00e9al pour \u00eatre emport\u00e9 en d\u00e9placement ou pour les moments o\u00f9 vous souhaitez simplement vous asseoir et vous d\u00e9tendre.<\/p>\n<hr \/>\n<h2>AL Fakher Crown Bar 8000 tirages cigarette \u00e9lectronique jetable acheter sur Alfakher24h.de<\/h2>\n<p>Si vous cherchez une cigarette \u00e9lectronique jetable fiable et puissante, alors vous \u00eates chez <strong>alfakher24h.de<\/strong> Exactement. Nous sommes la plus grande plateforme de vente en ligne de vapes jetables en Allemagne. Chez nous, vous trouverez un large choix de saveurs et de mod\u00e8les qui r\u00e9pondent \u00e0 tous les go\u00fbts. Tr\u00e8s populaire est l'AL Fakher Crown Bar 8000 tirages cigarette \u00e9lectronique jetable, qui convainc par sa haute qualit\u00e9 et son exp\u00e9rience de saveur incomparable.<\/p>\n<p>Ne manquez pas l'occasion d'essayer cette cigarette \u00e9lectronique jetable de haute qualit\u00e9. Commandez maintenant sur <strong>alfakher24h.de<\/strong> et d\u00e9couvrez par vous-m\u00eame pourquoi tant de vapoteurs font confiance \u00e0 l'AL Fakher Crown Bar. Simple, pratique et intense en saveur - c'est vapoter \u00e0 un niveau sup\u00e9rieur !<\/p>\n<hr \/>\n<h2>AL Fakher Crown Bar 8000 Z\u00fcge \n devient \n\nAL Fakher Crown Bar 8000 tirages \n pas de changement, mais voici une traduction \nAL Fakher Crown Bar 8000 traites  est incorrect \nLa traduction est \nAL Fakher Crown Bar 8000 tirages<\/h2>\n<p>La <strong><a href=\"https:\/\/alfakher24h.de\/fr\/\">AL Fakher<\/a> Barre Crown 8000 bouff\u00e9es cigarette \u00e9lectronique jetable<\/strong> dans la saveur <strong>Deux pommes<\/strong> est le choix parfait pour tous ceux qui recherchent une exp\u00e9rience de vapotage longue dur\u00e9e, fruit\u00e9e et rafra\u00eechissante. Avec jusqu'\u00e0 8000 bouff\u00e9es, un e-liquide pr\u00e9-rempli \u00e0 20 mg\/ml de nicotine et une batterie rechargeable, elle offre tout ce dont vous avez besoin pour un vapotage sans complication et agr\u00e9able.<\/p>\n<p>Visite maintenant <a href=\"https:\/\/alfakher24h.de\/fr\/\"><strong>alfakher24h.de<\/strong><\/a>pour commander votre cigarette \u00e9lectronique jetable et vous convaincre de la qualit\u00e9 de l'AL Fakher Crown Bar !<\/p>\n<p>&nbsp;<\/p>","protected":false},"excerpt":{"rendered":"<p>La <strong>AL Fakher Crown Bar 8000 tirages cigarette \u00e9lectronique jetable avec nicotine<\/strong> offre jusqu'\u00e0 8000 bouff\u00e9es d'un ar\u00f4me de pomme rafra\u00eechissant et convainc avec une batterie rechargeable et un e-liquide pr\u00e9rempli de 18 ml pour une exp\u00e9rience de vapotage longue dur\u00e9e et savoureuse.<\/p>","protected":false},"featured_media":159,"comment_status":"open","ping_status":"closed","template":"","meta":{"om_disable_all_campaigns":false},"product_brand":[],"product_cat":[19],"product_tag":[],"class_list":{"0":"post-158","1":"product","2":"type-product","3":"status-publish","4":"has-post-thumbnail","6":"product_cat-al-fakher-crown-bar-8000","8":"first","9":"instock","10":"shipping-taxable","11":"purchasable","12":"product-type-simple"},"_links":{"self":[{"href":"https:\/\/alfakher24h.de\/fr\/wp-json\/wp\/v2\/product\/158","targetHints":{"allow":["GET"]}}],"collection":[{"href":"https:\/\/alfakher24h.de\/fr\/wp-json\/wp\/v2\/product"}],"about":[{"href":"https:\/\/alfakher24h.de\/fr\/wp-json\/wp\/v2\/types\/product"}],"replies":[{"embeddable":true,"href":"https:\/\/alfakher24h.de\/fr\/wp-json\/wp\/v2\/comments?post=158"}],"wp:featuredmedia":[{"embeddable":true,"href":"https:\/\/alfakher24h.de\/fr\/wp-json\/wp\/v2\/media\/159"}],"wp:attachment":[{"href":"https:\/\/alfakher24h.de\/fr\/wp-json\/wp\/v2\/media?parent=158"}],"wp:term":[{"taxonomy":"product_brand","embeddable":true,"href":"https:\/\/alfakher24h.de\/fr\/wp-json\/wp\/v2\/product_brand?post=158"},{"taxonomy":"product_cat","embeddable":true,"href":"https:\/\/alfakher24h.de\/fr\/wp-json\/wp\/v2\/product_cat?post=158"},{"taxonomy":"product_tag","embeddable":true,"href":"https:\/\/alfakher24h.de\/fr\/wp-json\/wp\/v2\/product_tag?post=158"}],"curies":[{"name":"wp","href":"https:\/\/api.w.org\/{rel}","templated":true}]}}