{"id":1436,"date":"2025-01-07T06:31:07","date_gmt":"2025-01-07T06:31:07","guid":{"rendered":"https:\/\/alfakher24h.de\/?post_type=product&#038;p=1436"},"modified":"2025-01-07T06:32:03","modified_gmt":"2025-01-07T06:32:03","slug":"fizzy-great-10000-bouffees-cigarette-electronique-jetable-ananas-peche-fruit-de-la-passion","status":"publish","type":"product","link":"https:\/\/alfakher24h.de\/fr\/produit\/fizzy-great-10000-bouffees-cigarette-electronique-jetable-ananas-peche-fruit-de-la-passion\/","title":{"rendered":"Fizzy GREAT 10000 Z\u00fcge Einweg E Zigarette \u2013 Pineapple Peach Passion Fruit \ndevient \n\nFizzy GREAT 10000 tirages cigarette \u00e9lectronique jetable - Ananas P\u00eache Fruit de la Passion"},"content":{"rendered":"<h2><strong>Fizzy GREAT 10000 Z\u00fcge Einweg E Zigarette \u2013 Der ultimative Vape-Genuss\n\n translates to \n\nFizzy GREAT 10000 tirages cigarette \u00e9lectronique jetable - Le plaisir ultime de la vape <\/strong>P\u00eache Passion Fruit \nor  P\u00eache Fruit de la Passion remain the same as it could also be translated that way depending on context however, standard translation will be  P\u00eache Fruit de la Passion<\/h2>\n<p>D\u00e9couvrez le nouveau\u00a0<a href=\"https:\/\/alfakher24h.de\/fr\/\"><em>Fizzy GREAT 10 000 tirages cigarette \u00e9lectronique jetable<\/em><\/a>le compagnon id\u00e9al pour tous ceux qui recherchent une exp\u00e9rience de vapotage intense et durable. Avec sa capacit\u00e9 impressionnante de jusqu'\u00e0 10 000 bouff\u00e9es, ce vape jetable offre non seulement une dur\u00e9e de vie \u00e9norme, mais \u00e9galement une vari\u00e9t\u00e9 de saveurs excitantes qui font du vapotage un v\u00e9ritable plaisir. Que vous soyez \u00e0 la recherche d'une solution pratique pour \u00eatre emport\u00e9 en d\u00e9placement ou que vous cherchiez simplement une exp\u00e9rience de vapotage de haute qualit\u00e9, le<a href=\"https:\/\/alfakher24h.de\/fr\/\">\u00a0<em>Fizzy GREAT<\/em>\u00a0i<\/a>C'est exactement ce qu'il vous faut.<\/p>\n<h3><strong>Caract\u00e9ristiques du produit de la cigarette \u00e9lectronique jetable Fizzy GREAT 10000 tirages :<\/strong><\/h3>\n<ul>\n<li><strong>Marque:<\/strong>\u00a0FIZZY<\/li>\n<li><strong>Mod\u00e8le:<\/strong>\u00a0FIZZY GREAT<\/li>\n<li><strong>Taille:<\/strong>\u00a085,3mm x 53mm<\/li>\n<li><strong>Capacit\u00e9 de la batterie :<\/strong>\u00a0650mAh (rechargeable avec Type-C)<\/li>\n<li><strong>Capacit\u00e9 du pod :<\/strong>\u00a018ml<\/li>\n<li><strong>Taux de nicotine :<\/strong>\u00a02% ou 5% Salt Nic<\/li>\n<li><strong>Trains:<\/strong>\u00a0Jusqu'\u00e0 10 000 trains<\/li>\n<\/ul>\n<h3><strong>Pourquoi vous devriez acheter la cigarette \u00e9lectronique jetable Fizzy GREAT 10000 tirs<\/strong><\/h3>\n<p>Le\u00a0<a href=\"https:\/\/alfakher24h.de\/fr\/\"><em>Fizzy GREAT 10 000 tirages cigarette \u00e9lectronique jetable<\/em><\/a>\u00a0offre non seulement une grande capacit\u00e9 et une longue dur\u00e9e de vie, mais \u00e9galement une manipulation particuli\u00e8rement conviviale. La technologie de charge Type-C assure une charge rapide et efficace, tandis que la batterie de 650mAh vous offre une alimentation \u00e9lectrique fiable. Vous n'avez pas \u00e0 vous soucier des recharges fr\u00e9quentes - profitez de plus de temps avec votre Vape.<\/p>\n<p>La conception est compacte et portable, de sorte que le Fizzy GREAT rentre dans n'importe quelle poche ou sac \u00e0 main. Il est le compagnon id\u00e9al pour \u00eatre emport\u00e9 partout et garantit une vapeur agr\u00e9able, o\u00f9 que vous soyez.<\/p>\n<p>Une autre caract\u00e9ristique exceptionnelle est la technologie de bobine en maille avanc\u00e9e, qui optimise la production de vapeur et la saveur. Cette technologie garantit que le\u00a0<em>Fizzy GREAT<\/em>\u00a0non seulement une sortie de vapeur uniforme, mais \u00e9galement un go\u00fbt intense et une qualit\u00e9 \u00e9lev\u00e9e constante sur toute la dur\u00e9e de vie de la vape.<\/p>\n<h3><strong>Les meilleures exp\u00e9riences gustatives avec Fizzy GREAT :<\/strong><\/h3>\n<p>Le\u00a0<em>Fizzy GREAT 10 000 tirages cigarette \u00e9lectronique jetable<\/em>\u00a0est disponible dans une vari\u00e9t\u00e9 de saveurs excitantes qui embarquent vos papilles gustatives pour un voyage. Chacune de ces saveurs a \u00e9t\u00e9 soigneusement d\u00e9velopp\u00e9e pour garantir une exp\u00e9rience de vapotage inoubliable. Les options suivantes vous offrent une exp\u00e9rience gustative intense et durable :<\/p>\n<h4><strong>1. Past\u00e8que : Un plaisir rafra\u00eechissant<\/strong><\/h4>\n<p>La saveur de past\u00e8que est le compagnon id\u00e9al pour tous ceux qui aiment le go\u00fbt sucr\u00e9 et juteux d'une past\u00e8que fra\u00eechement coup\u00e9e. Cette e-cigarette procure le sentiment de savourer une bouch\u00e9e juteuse de past\u00e8que m\u00fbre - rafra\u00eechissant et revigorant. La douceur naturelle de la past\u00e8que est compl\u00e9t\u00e9e par une l\u00e9g\u00e8re fra\u00eecheur qui rend toute l'exp\u00e9rience de vapotage \u00e0 un plaisir harmonieux.<\/p>\n<h4><strong>2. Ananas-P\u00eache-Fruit de la Passion : Une explosion de saveurs tropicales<\/strong><\/h4>\n<p>Pour ceux qui veulent vivre un paradis tropical dans un train, la combinaison d'ananas, de p\u00eache et de fruit de la passion est tout simplement incomparable. Ce m\u00e9lange offre une explosion de saveurs sucr\u00e9es et fruit\u00e9es qui rappelle un cocktail frais sur la plage. La saveur sucr\u00e9e et juteuse de l'ananas rencontre la douceur douce de la p\u00eache et est accompagn\u00e9e du fruit de la passion l\u00e9g\u00e8rement exotique. Cet \u00e9quilibre parfait assure une exp\u00e9rience de vapotage tropical que vous voudrez appr\u00e9cier encore et encore.<\/p>\n<p><img loading=\"lazy\" decoding=\"async\" class=\"alignnone wp-image-1326 size-full\" title=\"Fizzy GREAT 10 000 tirages cigarette \u00e9lectronique jetable - Ananas P\u00eache Fruit de la Passion 2\" src=\"https:\/\/alfakher24h.de\/wp-content\/uploads\/2025\/01\/Fizzy-GREAT-10000-2.webp\" sizes=\"auto, (max-width: 1280px) 100vw, 1280px\" srcset=\"https:\/\/alfakher24h.de\/wp-content\/uploads\/2025\/01\/Fizzy-GREAT-10000-2.webp 1280w, https:\/\/alfakher24h.de\/wp-content\/uploads\/2025\/01\/Fizzy-GREAT-10000-2-300x197.webp 300w, https:\/\/alfakher24h.de\/wp-content\/uploads\/2025\/01\/Fizzy-GREAT-10000-2-1024x671.webp 1024w, https:\/\/alfakher24h.de\/wp-content\/uploads\/2025\/01\/Fizzy-GREAT-10000-2-768x503.webp 768w, https:\/\/alfakher24h.de\/wp-content\/uploads\/2025\/01\/Fizzy-GREAT-10000-2-18x12.webp 18w, https:\/\/alfakher24h.de\/wp-content\/uploads\/2025\/01\/Fizzy-GREAT-10000-2-600x393.webp 600w\" alt=\"Fizzy GREAT 10000 Z\u00fcge Einweg E Zigarette - Ananas Pfirsich Passionsfrucht becomes Fizzy GREAT 10000 tirages cigarette \u00e9lectronique jetable - Ananas P\u00eache Fruit de la Passion\" width=\"1280\" height=\"839\" \/><\/p>\n<h3><strong>Avantages de la cigarette \u00e9lectronique jetable Fizzy GREAT 10000 bouff\u00e9es :<\/strong><\/h3>\n<ul>\n<li><strong>Longue dur\u00e9e de conservation :<\/strong>\u00a0Avec jusqu'\u00e0 10 000 bouff\u00e9es, vous pouvez profiter d'une vapeur longue dur\u00e9e sans avoir \u00e0 vous soucier de recharger ou d'acheter un nouvel appareil.<\/li>\n<li><strong>Mat\u00e9riaux de haute qualit\u00e9 :<\/strong>\u00a0La technologie Mesh Coil assure une production de vapeur uniforme et constante, qui garantit une saveur intense.<\/li>\n<li><strong>Manipulation pratique :<\/strong>\u00a0La conception compacte rend la cigarette \u00e9lectronique portable et facile \u00e0 transporter, id\u00e9ale pour \u00eatre utilis\u00e9e en d\u00e9placement.<\/li>\n<li><strong>Batterie rechargeable<\/strong>\u00a0Avec la prise de type C, vous pouvez charger rapidement et efficacement la batterie de 650mAh.<\/li>\n<li><strong>Vari\u00e9t\u00e9s de forces de nicotine :<\/strong>\u00a0Choisissez entre 2% et 5% de nicotine, selon vos pr\u00e9f\u00e9rences personnelles.<\/li>\n<\/ul>\n<h3><strong>Conclusion - Pourquoi la cigarette \u00e9lectronique jetable Fizzy GREAT 10000 bouff\u00e9es est le meilleur choix pour vous :<\/strong><\/h3>\n<p>Le\u00a0<em>Fizzy GREAT 10 000 tirages cigarette \u00e9lectronique jetable<\/em>\u00a0combine tout ce qu'un vaper moderne souhaite : une longue dur\u00e9e de vie, des saveurs exceptionnelles et une solution confortable et portable. Avec une capacit\u00e9 impressionnante de 10 000 bouff\u00e9es et la possibilit\u00e9 de choisir entre 2% et 5% de nicotine, ce Vape convient \u00e0 chaque situation et \u00e0 chaque vaper.<\/p>\n<p>Outre sa performance exceptionnelle, il se distingue \u00e9galement par son\u00a0<em>Fizzy GREAT<\/em>\u00a0gr\u00e2ce \u00e0 sa manipulation conviviale. La batterie rechargeable, les temps de charge rapides et la technologie avanc\u00e9e garantissent que vous profitez toujours d'une exp\u00e9rience de vape intense et constante. Que vous soyez en d\u00e9placement ou que vous vous d\u00e9tendiez simplement chez vous - le\u00a0<em>Fizzy GREAT<\/em>\u00a0est le vape id\u00e9al pour chaque moment.<\/p>\n<p><strong>Commandez maintenant sur<a href=\"https:\/\/alfakher24h.de\/fr\/\"> alfakher24h.de<\/a> - Votre fournisseur de confiance pour les cigarettes \u00e9lectroniques jetables en Allemagne !<\/strong><\/p>\n<p>D\u00e9couvrez encore aujourd'hui le monde de\u00a0<em>Fizzy GREAT 10 000 tirages cigarette \u00e9lectronique jetable<\/em> et am\u00e9liorez votre exp\u00e9rience de vape. Achetez maintenant sur alfakher24h.de, la plus grande plateforme en ligne pour les vapes jetables en Allemagne !<\/p>","protected":false},"excerpt":{"rendered":"<p><em>Fizzy GREAT 10 000 tirages cigarette \u00e9lectronique jetable<\/em> et am\u00e9liorez votre exp\u00e9rience de vape. Achetez maintenant sur alfakher24h.de, la plus grande plateforme en ligne pour les vapes jetables en Allemagne !<\/p>","protected":false},"featured_media":1437,"comment_status":"open","ping_status":"closed","template":"","meta":{"om_disable_all_campaigns":false},"product_brand":[],"product_cat":[38],"product_tag":[],"class_list":{"0":"post-1436","1":"product","2":"type-product","3":"status-publish","4":"has-post-thumbnail","6":"product_cat-fizzy-great-10000","8":"first","9":"instock","10":"shipping-taxable","11":"purchasable","12":"product-type-simple"},"_links":{"self":[{"href":"https:\/\/alfakher24h.de\/fr\/wp-json\/wp\/v2\/product\/1436","targetHints":{"allow":["GET"]}}],"collection":[{"href":"https:\/\/alfakher24h.de\/fr\/wp-json\/wp\/v2\/product"}],"about":[{"href":"https:\/\/alfakher24h.de\/fr\/wp-json\/wp\/v2\/types\/product"}],"replies":[{"embeddable":true,"href":"https:\/\/alfakher24h.de\/fr\/wp-json\/wp\/v2\/comments?post=1436"}],"wp:featuredmedia":[{"embeddable":true,"href":"https:\/\/alfakher24h.de\/fr\/wp-json\/wp\/v2\/media\/1437"}],"wp:attachment":[{"href":"https:\/\/alfakher24h.de\/fr\/wp-json\/wp\/v2\/media?parent=1436"}],"wp:term":[{"taxonomy":"product_brand","embeddable":true,"href":"https:\/\/alfakher24h.de\/fr\/wp-json\/wp\/v2\/product_brand?post=1436"},{"taxonomy":"product_cat","embeddable":true,"href":"https:\/\/alfakher24h.de\/fr\/wp-json\/wp\/v2\/product_cat?post=1436"},{"taxonomy":"product_tag","embeddable":true,"href":"https:\/\/alfakher24h.de\/fr\/wp-json\/wp\/v2\/product_tag?post=1436"}],"curies":[{"name":"wp","href":"https:\/\/api.w.org\/{rel}","templated":true}]}}