{"id":1408,"date":"2025-01-06T05:58:18","date_gmt":"2025-01-06T05:58:18","guid":{"rendered":"https:\/\/alfakher24h.de\/?post_type=product&#038;p=1408"},"modified":"2025-01-06T06:10:45","modified_gmt":"2025-01-06T06:10:45","slug":"dernier-amour-20000-bouffees-dtl-cigarette-electronique-jetable-gomme-menthe","status":"publish","type":"product","link":"https:\/\/alfakher24h.de\/fr\/produit\/dernier-amour-20000-bouffees-dtl-cigarette-electronique-jetable-gomme-menthe\/","title":{"rendered":"Derni\u00e8re Amour 20000 bouff\u00e9es DTL Cigarette \u00e9lectronique jetable - Gomme Menthe"},"content":{"rendered":"<h2><strong>Derni\u00e8re Amour 20000 bouff\u00e9es E-cigarette jetable - Votre plaisir de vape ultime<\/strong><\/h2>\n<p>La<a href=\"https:\/\/alfakher24h.de\/fr\/\">\u00a0<strong>Derni\u00e8re Love 20000 bouff\u00e9es cigarette \u00e9lectronique jetable<\/strong><\/a>\u00a0est un appareil de vape jetable innovant et puissant qui offre une exp\u00e9rience de vape de premi\u00e8re classe en Allemagne. Avec un nombre remarquable de 20 000 bouff\u00e9es et une vari\u00e9t\u00e9 d'exp\u00e9riences gustatives, cette cigarette \u00e9lectronique \u00e9tablit de nouvelles normes dans le monde des vape jetables. Elle est parfaite pour les vapoteurs qui recherchent une utilisation longue dur\u00e9e et agr\u00e9able avec une manipulation conviviale.<\/p>\n<p>La\u00a0<strong>Derni\u00e8re Love 20000 bouff\u00e9es cigarette \u00e9lectronique jetable<\/strong>\u00a0est id\u00e9al pour tous ceux qui recherchent un moyen pratique et sans complication de profiter de leur exp\u00e9rience de vapotage. Avec un\u00a0<strong>batterie int\u00e9gr\u00e9e de 800mAh<\/strong>\u00a0et un\u00a0<strong>rechargeable \n\n becomes \n\nrechargeable<\/strong>\u00a0Fonction  vous pouvez recharger votre e-cigarette en cas de besoin \u00e0 tout moment, afin que vous ayez toujours tout le potentiel des 22 ml\u00a0<strong>E-liquide de nicotine<\/strong>\u00a0peuvent appr\u00e9cier. Avec une\u00a0<strong>Nikotinforce de 2% (20mg) \n\n becomes \n\n Nicotine force de 2% (20mg)<\/strong>\u00a0Ce dispositif est particuli\u00e8rement adapt\u00e9 aux vapoteurs recherchant une d\u00e9livrance de nicotine forte mais n\u00e9anmoins \u00e9quilibr\u00e9e.<\/p>\n<h3><strong>Les principales caract\u00e9ristiques du Last Love 20000 tirages\u00a0<a href=\"https:\/\/alfakher24h.de\/fr\/\">Cigarette \u00e9lectronique jetable<\/a><\/strong><\/h3>\n<ul>\n<li><strong>20 000 trains \nor \n20.000 trains \nor \n20.000 voyages \n No, I rewrite : \n20 000 trains<\/strong>\u00a0\u2013 Profitez d'une vapeur durable avec jusqu'\u00e0 20 000 bouff\u00e9es par appareil.<\/li>\n<li><strong>Riche en nicotine<\/strong>\u00a0\u2013 Avec une proportion de nicotine de 2% (20mg), l'appareil offre une lib\u00e9ration de nicotine intensive mais agr\u00e9able.<\/li>\n<li><strong>22ml de capacit\u00e9 de e-liquide<\/strong>\u00a0Offre suffisamment de liquide pour utiliser l'appareil sans avoir besoin de le remplir fr\u00e9quemment.<\/li>\n<li><strong>Batterie rechargeable<\/strong>\u00a0\u2013 Avec la batterie int\u00e9gr\u00e9e rechargeable de 800mAh, vous n'avez pas \u00e0 vous soucier de l'alimentation \u00e9lectrique.<\/li>\n<li><strong>12 saveurs diff\u00e9rentes<\/strong>\u00a0\u2013 Il existe une multitude d'ar\u00f4mes qui offrent l'exp\u00e9rience appropri\u00e9e pour chaque humeur et pr\u00e9f\u00e9rence.<\/li>\n<li><strong>0,6 Mesh Coil<\/strong>\u00a0\u2013 Cette bobine garantit une production de vapeur am\u00e9lior\u00e9e et une exp\u00e9rience gustative intense.<\/li>\n<li><strong>Indicateur int\u00e9gr\u00e9 de niveau de batterie et de liquide<\/strong>\u00a0\u2013 Vous avez toujours une vue d'ensemble de la quantit\u00e9 d'\u00e9nergie et d'e-liquide restant dans l'appareil, de sorte que vous n'\u00eates jamais pris au d\u00e9pourvu.<\/li>\n<li><strong>\u00c9dition exclusive de football<\/strong>\u00a0\u2013 Cette \u00e9dition limit\u00e9e rend l'appareil particuli\u00e8rement int\u00e9ressant pour les fans de football et les collectionneurs.<\/li>\n<\/ul>\n<h3><strong>Pourquoi devriez-vous acheter la cigarette \u00e9lectronique jetable Last Love 20000 tirages ?<\/strong><\/h3>\n<p>Il existe de nombreuses raisons pour lesquelles les\u00a0<strong>Derni\u00e8re Love 20000 bouff\u00e9es cigarette \u00e9lectronique jetable<\/strong>\u00a0Le choix parfait pour vous est. Voici quelques-uns des avantages exceptionnels :<\/p>\n<ol>\n<li><strong>Utilisation \u00e0 long terme<\/strong>\u00a0\u2013 Avec une dur\u00e9e de vie impressionnante pouvant aller jusqu'\u00e0 20 000 bouff\u00e9es, vous pouvez profiter de cette e-cigarette nettement plus longtemps que les vapes jetables classiques.<\/li>\n<li><strong>Exquise diversit\u00e9 de saveurs<\/strong>\u00a0\u2013 Avec 12 saveurs diff\u00e9rentes, dont des ar\u00f4mes excitants et rafra\u00eechissants, tels que le\u00a0<strong>Gomme Menthe<\/strong>Vous pouvez fa\u00e7onner votre exp\u00e9rience de vape selon vos go\u00fbts.<\/li>\n<li><strong>Convivial et confortable<\/strong>\u00a0\u2013 Gr\u00e2ce \u00e0 la batterie rechargeable et \u00e0 l'affichage du niveau de liquide, l'appareil est particuli\u00e8rement facile \u00e0 utiliser et permet une utilisation sans probl\u00e8me.<\/li>\n<li><strong>Force nicotinique parfaite<\/strong>\u00a0- Avec une\u00a0<strong>2% Nicotine-Puissance<\/strong>\u00a0Le dispositif assure une exp\u00e9rience de vape \u00e9quilibr\u00e9e et agr\u00e9able qui ravira autant les d\u00e9butants que les vapoteurs exp\u00e9riment\u00e9s.<\/li>\n<li><strong>Exclusivit\u00e9 et design<\/strong>\u00a0\u2013 Cette \u00e9dition limit\u00e9e de football fait de l'appareil un v\u00e9ritable objet de collection pour les amateurs de football et offre simultan\u00e9ment un design de haute qualit\u00e9 qui s'adapte parfaitement \u00e0 la main.<\/li>\n<\/ol>\n<h3><strong>Description d\u00e9taill\u00e9e des ar\u00f4mes<\/strong><\/h3>\n<p>Un des facteurs les plus importants qui influence\u00a0<strong>Derni\u00e8re Love 20000 bouff\u00e9es cigarette \u00e9lectronique jetable<\/strong>\u00a0qui en fait un produit exceptionnel est le large choix de d\u00e9lices\u00a0<strong>Aromas<\/strong>Chaque bouch\u00e9e que vous prenez est une v\u00e9ritable exp\u00e9rience gustative qui sollicite vos sens de multiples fa\u00e7ons. Il convient de souligner particuli\u00e8rement le\u00a0<strong>Gomme Menthe<\/strong>\u00a0Une saveur qui combine une note rafra\u00eechissante et sucr\u00e9e avec une explosion de menthol frais. Cette saveur est id\u00e9ale pour ceux qui aiment les ar\u00f4mes \u00e0 la fois sucr\u00e9s et frais.<\/p>\n<p>Voici d'autres saveurs populaires de la cigarette \u00e9lectronique jetable Last Love 20000 tirages :<\/p>\n<ul>\n<li><strong>Saveur de menthe fra\u00eeche<\/strong>Le go\u00fbt rafra\u00eechissant de menthe procure une exp\u00e9rience de vapotage rafra\u00eechissante, id\u00e9ale pour les chaudes journ\u00e9es d'\u00e9t\u00e9.<\/li>\n<li><strong>M\u00e9lange de fruits<\/strong>Un m\u00e9lange de diff\u00e9rents fruits frais qui permet une production de vapeur sucr\u00e9e et pourtant rafra\u00eechissante.<\/li>\n<li><strong>Rafra\u00eechissement tropical<\/strong>Un m\u00e9lange exotique de fruits tropicaux qui vous transporte dans une atmosph\u00e8re chaude et ensoleill\u00e9e.<\/li>\n<li><strong>Citrus Rush<\/strong>Une exp\u00e9rience gustative rafra\u00eechissante qui capture parfaitement l'acidit\u00e9 et la fra\u00eecheur des fruits citriques.<\/li>\n<\/ul>\n<p>Chaque saveur a \u00e9t\u00e9 d\u00e9velopp\u00e9e avec une pr\u00e9cision extr\u00eame pour garantir une qualit\u00e9 constamment \u00e9lev\u00e9e et une exp\u00e9rience de vape exceptionnelle. Vous pouvez compter sur une saveur claire et intense qui se r\u00e9partit uniform\u00e9ment dans tout le dispositif et vous donne le sentiment de d\u00e9couvrir toujours quelque chose de nouveau.<\/p>\n<h3><strong>Conclusion - Pourquoi vous devriez absolument acheter la cigarette \u00e9lectronique jetable Last Love 20000 bouffs<\/strong><\/h3>\n<p>La\u00a0<strong>Derni\u00e8re Love 20000 bouff\u00e9es cigarette \u00e9lectronique jetable<\/strong>\u00a0est le choix parfait pour tous ceux qui recherchent une exp\u00e9rience de vapotage pratique, longue dur\u00e9e et vari\u00e9e en termes de saveur. Avec une multitude d'ar\u00f4mes, une batterie puissante et une manipulation conviviale, cette cigarette \u00e9lectronique offre tout ce que le c\u0153ur d'un vapoteur d\u00e9sire. Que ce soit pour une utilisation quotidienne ou comme moyen de plaisir occasionnel, cet appareil ne laisse aucun d\u00e9sir insatisfait.<\/p>\n<p><strong>Achetez maintenant et vivez l'exp\u00e9rience de vapotage ultime !<\/strong> Visitez alfakher24h.de - le premier magasin en ligne pour\u00a0<a href=\"https:\/\/alfakher24h.de\/fr\/\"><strong>E-cigarettes jetables<\/strong><\/a>\u00a0dans\u00a0<strong>Allemagne<\/strong>\u00a0\u2013 et s\u00e9curisez votre Last Love 20000 bouff\u00e9es cigarette \u00e9lectronique jetable. Profitez de notre exp\u00e9dition rapide et de notre service client de premier ordre, et laissez-vous s\u00e9duire par la qualit\u00e9 et la diversit\u00e9 de nos produits !<\/p>\n<hr \/>\n<p><strong>Principales caract\u00e9ristiques du Last Love 20000 bouff\u00e9es E-cigarette jetable en aper\u00e7u :<\/strong><\/p>\n<ul>\n<li>20 000 trains \nor \n20.000 trains \nor \n20.000 voyages \n No, I rewrite : \n20 000 trains<\/li>\n<li>22ml E-Liquid<\/li>\n<li>2% Nicotine (20mg)<\/li>\n<li>12 saveurs<\/li>\n<li>Accumulateur rechargeable<\/li>\n<li>Batterie int\u00e9gr\u00e9e de 800mAh<\/li>\n<li>0,6 Mesh Coil<\/li>\n<li>\u00c9dition exclusive de football<\/li>\n<\/ul>\n<p><strong>Pour les meilleures offres et un large choix de cigarettes \u00e9lectroniques jetables made in Allemagne, visitez <a href=\"https:\/\/alfakher24h.de\/fr\/\">alfakher24h.de<\/a>.<\/strong><\/p>","protected":false},"excerpt":{"rendered":"<p>Last Love 20000 Z\u00fcge\u00a0Einweg E-Zigarette \u2013 Ihr ultimativer Vape-Genuss Die\u00a0Last Love 20000 Z\u00fcge Einweg E-Zigarette\u00a0ist ein innovatives und leistungsstarkes Einweg-Vape-Ger\u00e4t, das eine erstklassige Dampferfahrung in Deutschland bietet. Mit einer bemerkenswerten Anzahl von 20.000 Z\u00fcgen und einer Vielzahl an Geschmackserlebnissen setzt diese E-Zigarette neue Ma\u00dfst\u00e4be in der Welt der Einweg-Vapes. Sie ist perfekt f\u00fcr Dampfer, die [\u2026]","protected":false},"featured_media":1409,"comment_status":"open","ping_status":"closed","template":"","meta":{"om_disable_all_campaigns":false},"product_brand":[],"product_cat":[36],"product_tag":[],"class_list":{"0":"post-1408","1":"product","2":"type-product","3":"status-publish","4":"has-post-thumbnail","6":"product_cat-last-love-20000","8":"first","9":"instock","10":"shipping-taxable","11":"purchasable","12":"product-type-simple"},"_links":{"self":[{"href":"https:\/\/alfakher24h.de\/fr\/wp-json\/wp\/v2\/product\/1408","targetHints":{"allow":["GET"]}}],"collection":[{"href":"https:\/\/alfakher24h.de\/fr\/wp-json\/wp\/v2\/product"}],"about":[{"href":"https:\/\/alfakher24h.de\/fr\/wp-json\/wp\/v2\/types\/product"}],"replies":[{"embeddable":true,"href":"https:\/\/alfakher24h.de\/fr\/wp-json\/wp\/v2\/comments?post=1408"}],"wp:featuredmedia":[{"embeddable":true,"href":"https:\/\/alfakher24h.de\/fr\/wp-json\/wp\/v2\/media\/1409"}],"wp:attachment":[{"href":"https:\/\/alfakher24h.de\/fr\/wp-json\/wp\/v2\/media?parent=1408"}],"wp:term":[{"taxonomy":"product_brand","embeddable":true,"href":"https:\/\/alfakher24h.de\/fr\/wp-json\/wp\/v2\/product_brand?post=1408"},{"taxonomy":"product_cat","embeddable":true,"href":"https:\/\/alfakher24h.de\/fr\/wp-json\/wp\/v2\/product_cat?post=1408"},{"taxonomy":"product_tag","embeddable":true,"href":"https:\/\/alfakher24h.de\/fr\/wp-json\/wp\/v2\/product_tag?post=1408"}],"curies":[{"name":"wp","href":"https:\/\/api.w.org\/{rel}","templated":true}]}}