{"id":1399,"date":"2025-01-06T05:38:35","date_gmt":"2025-01-06T05:38:35","guid":{"rendered":"https:\/\/alfakher24h.de\/?post_type=product&#038;p=1399"},"modified":"2025-01-06T05:38:35","modified_gmt":"2025-01-06T05:38:35","slug":"dernier-amour-20000-bouffees-dtl-cigarette-electronique-jetable-amour-magique","status":"publish","type":"product","link":"https:\/\/alfakher24h.de\/fr\/produit\/dernier-amour-20000-bouffees-dtl-cigarette-electronique-jetable-amour-magique\/","title":{"rendered":"Dernier Amour 20000 bouff\u00e9es DTL Cigarette \u00e9lectronique jetable - Magic Love"},"content":{"rendered":"<h2>Derni\u00e8re Love 20000 bouff\u00e9es E-cigarette jetable - Le choix ultime pour les vapoteurs exigeants en Allemagne<\/h2>\n<p>La\u00a0<a href=\"https:\/\/alfakher24h.de\/fr\/\"><strong>Derni\u00e8re Amour 20000 bouff\u00e9es Cigarette \u00e9lectronique jetable<\/strong><\/a>\u00a0est la solution parfaite pour tous ceux qui recherchent le plaisir d'une vape de haute qualit\u00e9 avec des performances exceptionnelles et des ar\u00f4mes de premi\u00e8re classe. Cette \u00e9dition limit\u00e9e est con\u00e7ue pour offrir une exp\u00e9rience de vape unique.\u00a0<strong>EURO2024<\/strong>-Design n'est pas seulement un chef-d'\u0153uvre technique, mais aussi un v\u00e9ritable aimant pour chaque communaut\u00e9 de vapoteurs. Avec une\u00a0<strong>une capacit\u00e9 consid\u00e9rable de 20 000 trains<\/strong>\u00e0 un\u00a0<strong>batterie charg\u00e9e<\/strong>\u00a0et un\u00a0<strong>affichage pratique du liquide<\/strong>\u00a0cette cigarette \u00e9lectronique jetable se distingue de toutes les autres. Elle offre le confort et la jouissance ultimes dans un format pratique.<\/p>\n<h3>Pourquoi le Last Love 20000 Z\u00fcge Einweg E Zigarette est le premier choix en Allemagne :<\/h3>\n<p>En tant que plateforme leader pour le\u00a0<strong>Achat de cigarettes \u00e9lectroniques jetables en Allemagne<\/strong>, offre alfakher24h.de exclusivement les\u00a0<strong>Derni\u00e8re Amour 20000 bouff\u00e9es Cigarette \u00e9lectronique jetable<\/strong>\u00a0Peu importe que vous soyez d\u00e9butant ou vapoteur exp\u00e9riment\u00e9, ces\u00a0<strong>cigarette \u00e9lectronique contenant de la nicotine<\/strong>\u00a0convaincra avec son haut niveau de finition et ses fonctions innovantes.<\/p>\n<h4><strong>Caract\u00e9ristiques du produit Last Love 20000 tirs<a href=\"https:\/\/alfakher24h.de\/fr\/\"> Cigarette \u00e9lectronique jetable :<\/a><\/strong><\/h4>\n<ul>\n<li><strong>Construction de haute qualit\u00e9<\/strong>: Le\u00a0<strong>Kit jetable rechargeable<\/strong>\u00a0est compos\u00e9 de mat\u00e9riaux durables qui garantissent une exp\u00e9rience de vape confortable et fiable.<\/li>\n<li><strong>Batterie avec indicateur d'\u00e9tat de charge<\/strong>Cette e-cigarette a une\u00a0<strong>batterie int\u00e9gr\u00e9e de 800mAh<\/strong>qui s'\u00e9tendent sur un\u00a0<strong>Port USB-C<\/strong>\u00a0qui se recharge rapidement et vous permet de savourer la derni\u00e8re goutte du liquide sans interrompre le plaisir.<\/li>\n<li><strong>Trains jusqu'\u00e0 20000<\/strong>: Avec une\u00a0<strong>22 ml de capacit\u00e9 de liquide \u00e9lectronique<\/strong>\u00a0et un\u00a0<strong>2% (20 mg) Nicotine force<\/strong>\u00a0offre la\u00a0<strong>Derni\u00e8re Love Cigarette \u00e9lectronique jetable<\/strong>\u00a0une longue dur\u00e9e de conservation, de sorte que vous n'avez pas \u00e0 vous soucier d'un r\u00e9approvisionnement fr\u00e9quent.<\/li>\n<li><strong>12 saveurs diff\u00e9rentes<\/strong>Il y en a pour tous les go\u00fbts - des notes fruit\u00e9es et rafra\u00eechissantes aux m\u00e9langes intenses et aromatiques. Laissez-vous inspirer par la diversit\u00e9 des ar\u00f4mes !<\/li>\n<li><strong>Technologie de bobine maill\u00e9e<\/strong>: La\u00a0<strong>0,6 Mesh Coil<\/strong>\u00a0assure un go\u00fbt optimal et une production de vapeur, vous permettant de profiter de l'exp\u00e9rience de vapotage ultime.<\/li>\n<\/ul>\n<h4><strong>D\u00e9tails techniques de la Last Love 20000 bouff\u00e9es cigarette \u00e9lectronique jetable :<\/strong><\/h4>\n<ul>\n<li><strong>Taux de nicotine<\/strong>: 2% (20 mg)<\/li>\n<li><strong>Quantit\u00e9 de liquide \u00e9lectronique<\/strong>: 22 ml<\/li>\n<li><strong>Type de bobine<\/strong>: 0,6 Mesh Coil pour une vapeur uniforme et un go\u00fbt intense<\/li>\n<li><strong>Akku<\/strong>: 800 mAh, rechargeable<\/li>\n<li><strong>Dur\u00e9e de vie<\/strong>: Jusqu'\u00e0 20 000 trains<\/li>\n<li><strong>S\u00e9lection de saveurs<\/strong>: 12 ar\u00f4mes diff\u00e9rents au choix<\/li>\n<li><strong>aptitude<\/strong>: Id\u00e9al pour le march\u00e9 allemand<\/li>\n<\/ul>\n<h3><strong>Saveurs de la derni\u00e8re cigarette \u00e9lectronique jetable Love 20000 bouff\u00e9es :<\/strong><\/h3>\n<p>La<a href=\"https:\/\/alfakher24h.de\/fr\/\">\u00a0<strong>Derni\u00e8re Amour 20000 bouff\u00e9es Cigarette \u00e9lectronique jetable<\/strong>\u00a0<\/a>est propos\u00e9 avec une incroyable vari\u00e9t\u00e9 de saveurs. Chacune des\u00a0<strong>12 saveurs disponibles<\/strong>\u00a0a \u00e9t\u00e9 soigneusement d\u00e9velopp\u00e9 pour offrir une large gamme d'exp\u00e9riences gustatives adapt\u00e9es \u00e0 tous les amateurs de vape. Il convient de souligner particuli\u00e8rement le\u00a0<strong>Magic Love<\/strong>\u00a0Saveur qui pr\u00e9sente un m\u00e9lange unique d'ar\u00f4mes fruit\u00e9s et sucr\u00e9s.<\/p>\n<h4><strong>\"Magic Love\" saveur - Unique et s\u00e9duisant<\/strong><\/h4>\n<p>Le\u00a0<strong>Magic Love<\/strong>\u00a0Le go\u00fbt est une ma\u00eetrise de la composition des ar\u00f4mes. Il commence par une douce, mais sucr\u00e9e\u00a0<strong>note de p\u00eache<\/strong>qui s'accorde parfaitement avec une l\u00e9g\u00e8re\u00a0<strong>Citron frais<\/strong>\u00a0est combin\u00e9. La\u00a0<strong>douceur fruit\u00e9e<\/strong>\u00a0conf\u00e8re au m\u00e9lange une note l\u00e9g\u00e8re et rafra\u00eechissante, tandis que les\u00a0<strong>Ar\u00f4mes de fruits tropicaux<\/strong>\u00a0comme le mango et l'ananas compl\u00e8tent le profil g\u00e9n\u00e9ral.\u00a0<strong>des accents l\u00e9g\u00e8rement \u00e9pic\u00e9s<\/strong>\u00a0dans le m\u00e9lange assurent une\u00a0<strong>\u00e9quilibre harmonieux<\/strong>qui rendent la saveur \"Magic Love\" une v\u00e9ritable exp\u00e9rience. Chaque inhalation apporte une nouvelle dimension de plaisir, vous invitant \u00e0 continuer \u00e0 vapoter encore et encore.<\/p>\n<hr \/>\n<h3><strong>Pourquoi devriez-vous acheter le Last Love 20000 Z\u00fcge Einweg E Zigarette ?<\/strong><\/h3>\n<p>La\u00a0<strong>Derni\u00e8re Amour 20000 bouff\u00e9es Cigarette \u00e9lectronique jetable<\/strong>\u00a0est le choix parfait pour les vapoteurs qui recherchent une\u00a0<strong>fr\u00e9quence \u00e9lev\u00e9e des trains<\/strong>,\u00a0<strong>saveurs riches<\/strong>\u00a0et\u00a0<strong>manipulation ais\u00e9e<\/strong>\u00a0appr\u00e9cier. Avec la\u00a0<strong>Nikotinst\u00e4rke von 2% (20 mg)\n\n Strength de nicotine de 2% (20 mg)<\/strong>\u00a0est-elle particuli\u00e8rement adapt\u00e9e pour\u00a0<strong>Convient aux vapeurs<\/strong>qui recherchent un apport mod\u00e9r\u00e9 en nicotine sans avoir \u00e0 renoncer au go\u00fbt et \u00e0 la performance de la vapeur. Gr\u00e2ce \u00e0 la\u00a0<strong>batterie rechargeable<\/strong>\u00a0vous n'avez pas \u00e0 vous soucier d'une d\u00e9charge rapide et pouvez utiliser l'appareil \u00e0 nouveau et \u00e0 nouveau jusqu'\u00e0 ce que la derni\u00e8re goutte de liquide soit vaporis\u00e9e.<\/p>\n<h4><strong>Faites confiance \u00e0 alfakher24h.de<\/strong>\u00a0pour votre achat<\/h4>\n<p>Lorsque le\u00a0<strong>plus grand magasin en ligne pour les cigarettes \u00e9lectroniques jetables en Allemagne<\/strong>\u00a0offre alfakher24h.de non seulement \u00e0 vous\u00a0<strong>Derni\u00e8re Amour 20000 bouff\u00e9es Cigarette \u00e9lectronique jetable<\/strong>mais aussi les d\u00e9lais de livraison les plus rapides, des offres exclusives et une\u00a0<strong>excellente satisfaction client<\/strong>exp\u00e9rience d'achat s\u00fbre et fiable, vous permettant de vous concentrer pleinement sur le plaisir de la d\u00e9gustation. Si vous recherchez les meilleures\u00a0<strong>Cigarette \u00e9lectronique jetable avec nicotine<\/strong>\u00a0cherchez, alors vous \u00eates exactement chez nous !<\/p>\n<hr \/>\n<h3><strong>Conclusion :<\/strong><\/h3>\n<p>La\u00a0<strong>Derni\u00e8re Amour 20000 bouff\u00e9es Cigarette \u00e9lectronique jetable<\/strong>\u00a0offre tout ce que vous pouvez souhaiter d'un appareil de vape moderne :\u00a0<strong>un plaisir durable<\/strong>,\u00a0<strong>saveurs vari\u00e9es<\/strong>,\u00a0<strong>technologie moderne<\/strong>\u00a0et une\u00a0<strong>traitement de haute qualit\u00e9<\/strong>Si vous \u00eates \u00e0 la recherche d'un produit fiable et puissant\u00a0<strong>E-cigarettes jetables<\/strong> sont, alors ce mod\u00e8le est un excellent choix. Commandez d\u00e8s aujourd'hui sur alfakher24h.de et vivez la vapeur dans sa meilleure forme !<\/p>\n<hr \/>\n<p><strong>Caract\u00e9ristiques du produit en aper\u00e7u :<\/strong><\/p>\n<ul>\n<li><strong>Trains<\/strong>: Jusqu'\u00e0 20 000 trains<\/li>\n<li><strong>Liquide<\/strong>22 ml E-Liquid avec 21% de nicotine<\/li>\n<li><strong>Akku<\/strong>: Rechargeable (800mAh)<\/li>\n<li><strong>Bobine<\/strong>: 0,6 Mesh Coil pour une vapeur intense<\/li>\n<li><strong>Saveurs<\/strong>: 12 ar\u00f4mes diff\u00e9rents, y compris Magic Love<\/li>\n<li><strong>Particularit\u00e9<\/strong>: \u00c9dition limit\u00e9e EURO2024<\/li>\n<\/ul>\n<p>Vivez la vape \u00e0 son niveau le plus \u00e9lev\u00e9 avec le\u00a0<strong>Derni\u00e8re Amour 20000 bouff\u00e9es Cigarette \u00e9lectronique jetable<\/strong> \u2013 exclusivement chez <a href=\"https:\/\/alfakher24h.de\/fr\/\">alfakher24h.de<\/a>!<\/p>","protected":false},"excerpt":{"rendered":"<p><strong>Derni\u00e8re Amour 20000 bouff\u00e9es Cigarette \u00e9lectronique jetable<\/strong>\u00a0offre tout ce que vous pouvez souhaiter d'un appareil de vape moderne<\/p>","protected":false},"featured_media":1381,"comment_status":"open","ping_status":"closed","template":"","meta":{"om_disable_all_campaigns":false},"product_brand":[],"product_cat":[36],"product_tag":[],"class_list":{"0":"post-1399","1":"product","2":"type-product","3":"status-publish","4":"has-post-thumbnail","6":"product_cat-last-love-20000","8":"first","9":"instock","10":"shipping-taxable","11":"purchasable","12":"product-type-simple"},"_links":{"self":[{"href":"https:\/\/alfakher24h.de\/fr\/wp-json\/wp\/v2\/product\/1399","targetHints":{"allow":["GET"]}}],"collection":[{"href":"https:\/\/alfakher24h.de\/fr\/wp-json\/wp\/v2\/product"}],"about":[{"href":"https:\/\/alfakher24h.de\/fr\/wp-json\/wp\/v2\/types\/product"}],"replies":[{"embeddable":true,"href":"https:\/\/alfakher24h.de\/fr\/wp-json\/wp\/v2\/comments?post=1399"}],"wp:featuredmedia":[{"embeddable":true,"href":"https:\/\/alfakher24h.de\/fr\/wp-json\/wp\/v2\/media\/1381"}],"wp:attachment":[{"href":"https:\/\/alfakher24h.de\/fr\/wp-json\/wp\/v2\/media?parent=1399"}],"wp:term":[{"taxonomy":"product_brand","embeddable":true,"href":"https:\/\/alfakher24h.de\/fr\/wp-json\/wp\/v2\/product_brand?post=1399"},{"taxonomy":"product_cat","embeddable":true,"href":"https:\/\/alfakher24h.de\/fr\/wp-json\/wp\/v2\/product_cat?post=1399"},{"taxonomy":"product_tag","embeddable":true,"href":"https:\/\/alfakher24h.de\/fr\/wp-json\/wp\/v2\/product_tag?post=1399"}],"curies":[{"name":"wp","href":"https:\/\/api.w.org\/{rel}","templated":true}]}}