{"id":1367,"date":"2025-01-03T05:22:14","date_gmt":"2025-01-03T05:22:14","guid":{"rendered":"https:\/\/alfakher24h.de\/?post_type=product&#038;p=1367"},"modified":"2025-07-16T07:13:08","modified_gmt":"2025-07-16T07:13:08","slug":"smpo-dl02-10000-bouffees-cigarette-electronique-jetable-fraise-kiwi","status":"publish","type":"product","link":"https:\/\/alfakher24h.de\/fr\/produit\/smpo-dl02-10000-bouffees-cigarette-electronique-jetable-fraise-kiwi\/","title":{"rendered":"SMPO DL02 10000 Z\u00fcge Einweg E Zigarette \u2013Strawberry kiwi \n\nSMPO DL02 10000 tirs de cigarette \u00e9lectronique jetable - Fraise kiwi"},"content":{"rendered":"<h2><strong>SMPO DL02 10000 Z\u00fcge Einweg E Zigarette \u2013 Le choix ultime pour les vapoteurs en Allemagne<\/strong><\/h2>\n<p>Le train SMPO DL02 10000, cigarette \u00e9lectronique jetable, \u00e9tablit de nouvelles normes dans le domaine des cigarettes \u00e9lectroniques jetables. Avec une capacit\u00e9 impressionnante de 10 000 bouff\u00e9es et une technologie de pointe, elle offre l'exp\u00e9rience de vapotage ultime pour les d\u00e9placements ou comme remplacement fiable. Que vous soyez un vapoteur exp\u00e9riment\u00e9 ou que vous veniez de d\u00e9couvrir le monde du vapotage, le SMPO DL02 est le choix id\u00e9al. En tant que plus grand d\u00e9taillant en ligne de cigarettes \u00e9lectroniques jetables en Allemagne, nous vous proposons ce vapoteur exceptionnel sur alfakher24h.de, afin de vous garantir le meilleur service et les meilleurs prix.<\/p>\n<h3>Pourquoi choisir SMPO DL02 10000 zigarettes \u00e9lectroniques jetables ?<\/h3>\n<p>Le SMPO DL02 n'est pas qu'un produit jetable de plus. Il offre une combinaison exceptionnelle de technologie, de saveur et de confort qui vous convaincra. Avec un design \u00e9l\u00e9gant et ergonomique qui permet une manipulation confortable, et une technologie de protection par chauffage sec CRUX avanc\u00e9e, chaque tirage est un plaisir. Laissez-vous s\u00e9duire par les avantages de cette cigarette \u00e9lectronique jetable de haute qualit\u00e9.<\/p>\n<h3><strong>Caract\u00e9ristiques techniques et avantages<\/strong><\/h3>\n<p><strong>1. Performance sup\u00e9rieure avec 10 000 tirages :<\/strong><br \/>\nAvec une capacit\u00e9 incroyable de 10 000 bouff\u00e9es, le SMPO DL02 offre des performances durables et fiables. Vous pouvez profiter de ce vapoteur jetable pendant une longue p\u00e9riode sans avoir \u00e0 vous soucier de le recharger ou de remplacer la batterie.<\/p>\n<p><strong>2. Options de vapeur personnalisables :<\/strong><br \/>\nLe SMPO DL02 offre \u00e0 la fois des options de vapeur MTL (Mouth-to-Lung) et DL (Direct-Lung), vous permettant d'adapter l'exp\u00e9rience de vapeur \u00e0 votre go\u00fbt personnel. Que vous pr\u00e9f\u00e9riez la vapeur intense et directe dans les poumons ou une aspiration douce de style MTL, ce Vape est flexible et personnalisable.<\/p>\n<p><strong>3. Technologie de protection contre le s\u00e9chage avanc\u00e9e CRUX :<\/strong><br \/>\nCette technologie innovante prot\u00e8ge la bobine chauffante contre la surchauffe, ce qui garantit un go\u00fbt pur et authentique \u00e0 chaque tirage. \u00c0 chaque tirage, vous sentez la qualit\u00e9 et le go\u00fbt intense des ar\u00f4mes.<\/p>\n<p><strong>4. Design parfait pour le confort :<\/strong><br \/>\nLa conception ergonomique du SMPO DL02 assure une prise ferme et confortable, qui rend la vape plus agr\u00e9able. Le format pratique et compact s'adapte parfaitement dans chaque poche et est ainsi id\u00e9al pour une utilisation quotidienne.<\/p>\n<p><strong>5. Concentration \u00e9lev\u00e9e de nicotine pour le kick parfait :<\/strong><br \/>\nAvec une teneur en nicotine de 2 % (20 mg), le SMPO DL02 offre une exp\u00e9rience de vape satisfaisante, adapt\u00e9e aussi bien aux d\u00e9butants qu'aux vapoteurs exp\u00e9riment\u00e9s. Vous b\u00e9n\u00e9ficiez d'une absorption agr\u00e9able de la nicotine sans compromis.<\/p>\n<p><strong>6. Puissance de vapeur optimis\u00e9e avec une r\u00e9sistance de 0,6 Ohm :<\/strong><br \/>\nLe SMPO DL02 offre une r\u00e9sistance de 0,6 Ohm, ce qui assure une production de vapeur optimale. Cette r\u00e9sistance est parfaitement adapt\u00e9e \u00e0 la puissance de vapeur, vous permettant ainsi de profiter pleinement du go\u00fbt des ar\u00f4mes.<\/p>\n<p><strong>7. Taille compacte et haute capacit\u00e9 :<\/strong><br \/>\nAvec une capacit\u00e9 de 20 ml et une batterie de 750 mAh, le SMPO DL02 est un v\u00e9ritable paquet de puissance dans un format compact. Vous pouvez facilement le transporter partout sans avoir \u00e0 renoncer \u00e0 la puissance.<\/p>\n<p><img loading=\"lazy\" decoding=\"async\" class=\"alignnone wp-image-1565 size-full\" title=\"SMPO DL02 10000 Z\u00fcge Einweg E Zigarette - Strawberry kiwi 3 becomes SMPO DL02 10000 Z\u00fcge Einweg E Zigarette - Fraise kiwi 3\" src=\"https:\/\/alfakher24h.de\/wp-content\/uploads\/2025\/01\/SMPO-DL02-product-profile_03.webp\" sizes=\"auto, (max-width: 2133px) 100vw, 2133px\" srcset=\"https:\/\/alfakher24h.de\/wp-content\/uploads\/2025\/01\/SMPO-DL02-product-profile_03.webp 2133w, https:\/\/alfakher24h.de\/wp-content\/uploads\/2025\/01\/SMPO-DL02-product-profile_03-300x169.webp 300w, https:\/\/alfakher24h.de\/wp-content\/uploads\/2025\/01\/SMPO-DL02-product-profile_03-1024x576.webp 1024w, https:\/\/alfakher24h.de\/wp-content\/uploads\/2025\/01\/SMPO-DL02-product-profile_03-768x432.webp 768w, https:\/\/alfakher24h.de\/wp-content\/uploads\/2025\/01\/SMPO-DL02-product-profile_03-1536x864.webp 1536w, https:\/\/alfakher24h.de\/wp-content\/uploads\/2025\/01\/SMPO-DL02-product-profile_03-2048x1152.webp 2048w, https:\/\/alfakher24h.de\/wp-content\/uploads\/2025\/01\/SMPO-DL02-product-profile_03-18x10.webp 18w, https:\/\/alfakher24h.de\/wp-content\/uploads\/2025\/01\/SMPO-DL02-product-profile_03-600x338.webp 600w\" alt=\"SMPO DL02 10000 Z\u00fcge Einweg E Zigarette - Strawberry kiwi becomes SMPO DL02 10000 Z\u00fcge Einweg E Zigarette - Fraise kiwi\" width=\"2133\" height=\"1200\" \/><\/p>\n<hr \/>\n<h3><strong>Ar\u00f4mes du SMPO DL02 10000 tirs  E-cigarette jetable<\/strong><\/h3>\n<p>La cigarette \u00e9lectronique jetable SMPO DL02 est disponible dans une vari\u00e9t\u00e9 de saveurs attrayantes. La saveur est ce qui attire le plus de vapoteurs, et la SMPO DL02 ne d\u00e9\u00e7oit pas \u00e0 cet \u00e9gard. L'une des saveurs les plus populaires que vous pouvez appr\u00e9cier avec ce produit est\u00a0<strong>Fraise Kiwi<\/strong>.<\/p>\n<h4><strong>Strawberry Kiwi - Un plaisir rafra\u00eechissant !<\/strong><\/h4>\n<p><strong>Des douceurs fruit\u00e9es rencontrent une fra\u00eecheur p\u00e9tillante<\/strong>\u00a0- Cela\u00a0<strong>Fraise Kiwi<\/strong>L'ar\u00f4me est un m\u00e9lange harmonieux de fraises m\u00fbres et de la fra\u00eecheur tropicale du kiwi. Chaque bouff\u00e9e offre une combinaison \u00e9quilibr\u00e9e de la fraise sucr\u00e9e et juteuse et du kiwi l\u00e9g\u00e8rement acidul\u00e9 et rafra\u00eechissant. Ce duo est l'incarnation du go\u00fbt estival et procure une explosion de saveur d\u00e9licieuse sur la langue.<\/p>\n<p>Le go\u00fbt fruit\u00e9 de la fraise est doux et doux, ce qui en fait un choix populaire parmi les vapoteurs qui pr\u00e9f\u00e8rent une douceur fruit\u00e9e et douce. Cependant, la kiwi apporte une fra\u00eecheur unique et une l\u00e9g\u00e8re acidit\u00e9 \u00e0 l'ar\u00f4me, ce qui \u00e9quilibre l'ensemble des saveurs.<\/p>\n<p>Chaque train du\u00a0<strong>Fraise Kiwi<\/strong>-Aromas donne l'impression de d\u00e9guster une salade de fruits frais et juteux, qui rafra\u00eechit le palais et procure une exp\u00e9rience de vape unique. Cet ar\u00f4me est parfaitement adapt\u00e9 \u00e0 une utilisation quotidienne et offre une agr\u00e9able alternative aux ar\u00f4mes de tabac classiques.<\/p>\n<p><strong>Exp\u00e9rience gustative :<\/strong><br \/>\nAvec chaque tirage, vous sentez une fra\u00eecheur qui rafra\u00eechit l'air et \u00e9l\u00e8ve simultan\u00e9ment l'intensit\u00e9 de la fraise \u00e0 un nouveau niveau. Le m\u00e9lange de notes sucr\u00e9es et l\u00e9g\u00e8rement acides reste agr\u00e9able et satisfaisant toute la journ\u00e9e.<\/p>\n<h3><strong>Pourquoi acheter le vapoteuse jetable SMPO DL02 10000 \u00e0 alfakher24h.de ?<\/strong><\/h3>\n<p>En tant que plus grand fournisseur de\u00a0<strong>Cigarettes \u00e9lectroniques jetables<\/strong> En Allemagne, nous comprenons les besoins de nos clients et vous offrons non seulement les produits les plus r\u00e9cents et les meilleurs, mais \u00e9galement un service exceptionnel. alfakher24h.de est le premier choix lorsqu'il s'agit d'acheter des vapes de haute qualit\u00e9.<\/p>\n<p><strong>1. S\u00e9lection extensive de produits :<\/strong><br \/>\nOutre la SMPO DL02, nous proposons une vari\u00e9t\u00e9 de cigarettes \u00e9lectroniques jetables et d'accessoires pour que vous puissiez faire le choix parfait pour vous.<\/p>\n<p><strong>2. Livraison rapide :<\/strong><br \/>\nProfitez de notre livraison rapide et recevez votre commande dans les plus brefs d\u00e9lais - directement chez vous.<\/p>\n<p><strong>3. Achats s\u00e9curis\u00e9s :<\/strong><br \/>\nNotre plateforme vous offre une possibilit\u00e9 s\u00fbre et conviviale d'acheter des vapes jetables et d'autres produits sans avoir \u00e0 vous soucier de vos donn\u00e9es.<\/p>\n<p><strong>4. Service client :<\/strong><br \/>\nNotre service client\u00e8le engag\u00e9 est \u00e0 votre disposition \u00e0 tout moment pour r\u00e9pondre \u00e0 toutes vos questions et vous aider \u00e0 trouver le produit parfait.<\/p>\n<h3><strong>Fazit: SMPO DL02 10000 Z\u00fcge Einweg E Zigarette \n\nR\u00e9sultat : SMPO DL02 10000 tirages cigarette \u00e9lectronique jetable<\/strong><\/h3>\n<p>La\u00a0<strong>SMPO DL02 10000 Z\u00fcge Einweg E Zigarette \n\nbecomes \n\nSMPO DL02 10000 trajets cigarette \u00e9lectronique jetable<\/strong>\u00a0est le choix parfait pour tous ceux qui recherchent une exp\u00e9rience de vapotage de haute qualit\u00e9, durable et savoureuse. Avec sa technologie innovante, sa capacit\u00e9 impressionnante et ses saveurs d\u00e9licieuses, elle est un compagnon indispensable pour les vapoteurs en Allemagne. Commandez d\u00e8s aujourd'hui sur alfakher24h.de et vivez l'exp\u00e9rience de vapotage ultime.<\/p>","protected":false},"excerpt":{"rendered":"<p><strong>SMPO DL02 10000 Z\u00fcge Einweg E Zigarette \n\nbecomes \n\nSMPO DL02 10000 trajets cigarette \u00e9lectronique jetable<\/strong>\u00a0est le choix parfait pour tous ceux qui recherchent un produit de haute qualit\u00e9,<\/p>","protected":false},"featured_media":1368,"comment_status":"open","ping_status":"closed","template":"","meta":{"om_disable_all_campaigns":false},"product_brand":[],"product_cat":[34],"product_tag":[],"class_list":{"0":"post-1367","1":"product","2":"type-product","3":"status-publish","4":"has-post-thumbnail","6":"product_cat-smpo-dl02-10000","8":"first","9":"outofstock","10":"shipping-taxable","11":"purchasable","12":"product-type-simple"},"_links":{"self":[{"href":"https:\/\/alfakher24h.de\/fr\/wp-json\/wp\/v2\/product\/1367","targetHints":{"allow":["GET"]}}],"collection":[{"href":"https:\/\/alfakher24h.de\/fr\/wp-json\/wp\/v2\/product"}],"about":[{"href":"https:\/\/alfakher24h.de\/fr\/wp-json\/wp\/v2\/types\/product"}],"replies":[{"embeddable":true,"href":"https:\/\/alfakher24h.de\/fr\/wp-json\/wp\/v2\/comments?post=1367"}],"wp:featuredmedia":[{"embeddable":true,"href":"https:\/\/alfakher24h.de\/fr\/wp-json\/wp\/v2\/media\/1368"}],"wp:attachment":[{"href":"https:\/\/alfakher24h.de\/fr\/wp-json\/wp\/v2\/media?parent=1367"}],"wp:term":[{"taxonomy":"product_brand","embeddable":true,"href":"https:\/\/alfakher24h.de\/fr\/wp-json\/wp\/v2\/product_brand?post=1367"},{"taxonomy":"product_cat","embeddable":true,"href":"https:\/\/alfakher24h.de\/fr\/wp-json\/wp\/v2\/product_cat?post=1367"},{"taxonomy":"product_tag","embeddable":true,"href":"https:\/\/alfakher24h.de\/fr\/wp-json\/wp\/v2\/product_tag?post=1367"}],"curies":[{"name":"wp","href":"https:\/\/api.w.org\/{rel}","templated":true}]}}