{"id":1339,"date":"2024-12-30T05:50:39","date_gmt":"2024-12-30T05:50:39","guid":{"rendered":"https:\/\/alfakher24h.de\/?post_type=product&#038;p=1339"},"modified":"2025-07-16T07:13:09","modified_gmt":"2025-07-16T07:13:09","slug":"smpo-dl02-10000-bouffees-de-jus-de-mangue-cigarette-electronique-jetable","status":"publish","type":"product","link":"https:\/\/alfakher24h.de\/fr\/produit\/smpo-dl02-10000-bouffees-de-jus-de-mangue-cigarette-electronique-jetable\/","title":{"rendered":"SMPO DL02 10000 Z\u00fcge Einweg E Zigarette \u2013 Mango juice\n\n becomes \n\nSMPO DL02 10000 Z\u00fcge Einweg E Zigarette \u2013 Mango juice"},"content":{"rendered":"<h2><strong>SMPO DL02 10000 Z\u00fcge Einweg E Zigarette \u2013 Ultimativer Dampfgenuss f\u00fcr Unterwegs\n\n devient \n\nSMPO DL02 10000 tirages cigarette \u00e9lectronique jetable - plaisir de vape ultime pour unterwegs<\/strong><\/h2>\n<p>La\u00a0<a href=\"https:\/\/alfakher24h.de\/fr\/\"><strong>SMPO DL02 10000 Z\u00fcge Einweg E Zigarette \n\nbecomes \n\nSMPO DL02 10000 trajets cigarette \u00e9lectronique jetable<\/strong><\/a> offre une exp\u00e9rience de vapotage exceptionnelle pour les vapoteurs qui recherchent \u00e0 la fois la performance et le confort. Avec une capacit\u00e9 impressionnante de 10 000 bouff\u00e9es et une multitude de fonctionnalit\u00e9s pratiques, ce vapoteur jetable est parfait pour tous ceux qui recherchent un appareil fiable, de haute qualit\u00e9 et facile \u00e0 utiliser. Que ce soit pour la vie quotidienne ou comme alternative aux cigarettes traditionnelles, le SMPO DL02 est le choix id\u00e9al. <a href=\"https:\/\/alfakher24h.de\/fr\/\"><strong>alfakher24h.de<\/strong><\/a>Sur , la plus grande plateforme en ligne pour les cigarettes \u00e9lectroniques jetables en Allemagne, vous pouvez acheter et profiter de votre Vape SMPO DL02 en toute commodit\u00e9.<\/p>\n<h3><strong>Caract\u00e9ristiques exceptionnelles des trains SMPO DL02 10000  cigarettes \u00e9lectroniques jetables<\/strong><\/h3>\n<ul>\n<li><strong>10 000+ trains de capacit\u00e9<\/strong>: Avec un nombre impressionnant de plus de 10 000 bouff\u00e9es, vous n'avez plus \u00e0 vous soucier des recharges fr\u00e9quentes ou de la mise au rebut. Cette longue dur\u00e9e de vie garantit une exp\u00e9rience de vapotage exceptionnelle sur une p\u00e9riode prolong\u00e9e.<\/li>\n<li><strong>Options de vapeur personnalisables (MTL\/DL)<\/strong>Que vous pr\u00e9f\u00e9riez l'exp\u00e9rience \u00e9troite et ressemblant \u00e0 une cigarette MTL (de la bouche aux poumons) ou l'inhalation DL (directe aux poumons) plus ouverte, le SMPO DL02 vous offre la libert\u00e9 de passer de l'une \u00e0 l'autre en fonction de votre humeur ou de vos pr\u00e9f\u00e9rences.<\/li>\n<li><strong>Conception ergonomique<\/strong>Le SMPO DL02 se distingue par une conception conviviale qui se tient agr\u00e9ablement dans la main. La poign\u00e9e am\u00e9lior\u00e9e garantit que l'appareil reste confortable \u00e0 utiliser m\u00eame lors de longues sessions.<\/li>\n<li><strong>Technologie de protection contre la surchauffe intelligente pour s\u00e8che-linge CRUX<\/strong>Cette technologie innovante garantit que l'\u00e9vaporation se produit toujours \u00e0 la temp\u00e9rature optimale, ce qui fait que le go\u00fbt de chaque bouff\u00e9e reste pur et authentique.<\/li>\n<li><strong>20 ml de capacit\u00e9 liquide<\/strong>Avec une quantit\u00e9 g\u00e9n\u00e9reuse de 20 ml, vous avez suffisamment de liquide pour une exp\u00e9rience de vape intensive sans avoir \u00e0 recharger fr\u00e9quemment.<\/li>\n<li><strong>Batterie 750 mAh<\/strong>La batterie puissante offre une longue dur\u00e9e de vie et prend en charge l'appareil jusqu'\u00e0 10 000 bouff\u00e9es, vous n'avez donc pas \u00e0 vous soucier d'une recharge fr\u00e9quente.<\/li>\n<li><strong>Teneur en nicotine<\/strong>Avec 2 % de nicotine (20 mg\/ml), le SMPO DL02 est id\u00e9al pour les vapoteurs qui souhaitent profiter de la bonne balance entre saveur et nicotine.<\/li>\n<\/ul>\n<h3><strong>D\u00e9tails sur le go\u00fbt : Jus de mangue<\/strong><\/h3>\n<p>Le\u00a0<strong>Jus de mangue<\/strong>\u00a0Le go\u00fbt du SMPO DL02 est une v\u00e9ritable explosion de saveur qui ravit le palais avec une note fruit\u00e9es et sucr\u00e9es. Cette e-cigarette offre un go\u00fbt d'authentique mangue qui rappelle un jus de mangue fra\u00eechement press\u00e9. La fruit\u00e9 tropicale de la mangue se manifeste clairement \u00e0 chaque tirage, o\u00f9 la douceur est parfaitement harmonis\u00e9e avec une subtile acidit\u00e9.<\/p>\n<p><strong>Description d\u00e9taill\u00e9e des ar\u00f4mes :<\/strong><\/p>\n<ul>\n<li><strong>Fra\u00eecheur sucr\u00e9e<\/strong>Le go\u00fbt de la mangue est vivant et naturellement sucr\u00e9, sans \u00eatre trop \u00e9crasant ou artificiel. Cette fine douceur fait que le go\u00fbt est agr\u00e9able et pas trop intense, ce qui conduit \u00e0 une longue et agr\u00e9able exp\u00e9rience de vapotage.<\/li>\n<li><strong>Fra\u00eecheur tropicale<\/strong>Le go\u00fbt frais de mangue apporte le go\u00fbt des fruits tropicaux directement dans votre bouche, tandis que des notes l\u00e9g\u00e8res et acides compl\u00e8tent l'ensemble. Cela donne \u00e0 chaque bouff\u00e9e une dimension rafra\u00eechissante \u00e0 la fois revigorante et satisfaisante.<\/li>\n<li><strong>\u00c9quilibre parfait<\/strong>Le go\u00fbt de Mango Juice du SMPO DL02 offre l'\u00e9quilibre id\u00e9al entre le sucr\u00e9 et l'acidit\u00e9, ce qui en fait un go\u00fbt excellent pour tous ceux qui pr\u00e9f\u00e8rent les ar\u00f4mes fruit\u00e9s. Que ce soit comme compagnon quotidien ou comme point fort particulier - le go\u00fbt de la mangue est une v\u00e9ritable exp\u00e9rience gustative.<\/li>\n<li><strong>Sans arri\u00e8re-go\u00fbt artificiel<\/strong>Une autre caract\u00e9ristique exceptionnelle de cette vapeur est que la saveur de mangue ne semble pas d\u00e9sagr\u00e9able ou trop artificielle, m\u00eame apr\u00e8s avoir expir\u00e9. Au lieu de cela, un ar\u00f4me agr\u00e9able et l\u00e9g\u00e8rement sucr\u00e9 persiste, pouvant \u00eatre appr\u00e9ci\u00e9 toute la journ\u00e9e.<\/li>\n<\/ul>\n<p><img loading=\"lazy\" decoding=\"async\" class=\"alignnone wp-image-1560 size-full\" title=\"SMPO DL02 10000 Z\u00fcge Einweg E Zigarette - Jus de mangue 3\" src=\"https:\/\/alfakher24h.de\/wp-content\/uploads\/2024\/12\/SMPO-DL02-product-profile_01.webp\" sizes=\"auto, (max-width: 2133px) 100vw, 2133px\" srcset=\"https:\/\/alfakher24h.de\/wp-content\/uploads\/2024\/12\/SMPO-DL02-product-profile_01.webp 2133w, https:\/\/alfakher24h.de\/wp-content\/uploads\/2024\/12\/SMPO-DL02-product-profile_01-300x169.webp 300w, https:\/\/alfakher24h.de\/wp-content\/uploads\/2024\/12\/SMPO-DL02-product-profile_01-1024x576.webp 1024w, https:\/\/alfakher24h.de\/wp-content\/uploads\/2024\/12\/SMPO-DL02-product-profile_01-768x432.webp 768w, https:\/\/alfakher24h.de\/wp-content\/uploads\/2024\/12\/SMPO-DL02-product-profile_01-1536x864.webp 1536w, https:\/\/alfakher24h.de\/wp-content\/uploads\/2024\/12\/SMPO-DL02-product-profile_01-2048x1152.webp 2048w, https:\/\/alfakher24h.de\/wp-content\/uploads\/2024\/12\/SMPO-DL02-product-profile_01-18x10.webp 18w, https:\/\/alfakher24h.de\/wp-content\/uploads\/2024\/12\/SMPO-DL02-product-profile_01-600x338.webp 600w\" alt=\"SMPO DL02 10000 Z\u00fcge Einweg E Zigarette - Mango juice becomes SMPO DL02 10000 Z\u00fcge Einweg E Zigarette - Jus de mangue\" width=\"2133\" height=\"1200\" \/><\/p>\n<h3><strong>Pourquoi vous devriez acheter les cigarettes \u00e9lectroniques jetables SMPO DL02 10000<\/strong><\/h3>\n<ol>\n<li><strong>Unparalleled comfort<\/strong>Le SMPO DL02 est un\u00a0<strong>Vape jetable<\/strong>Cela signifie que vous n'avez pas \u00e0 vous soucier du remplissage ou du nettoyage. Une fois que le liquide est \u00e9puis\u00e9, jetez simplement l'appareil et prenez-en un nouveau pour une exp\u00e9rience sans effort.<\/li>\n<li><strong>Longue dur\u00e9e de conservation<\/strong>Avec 10 000 tirages, cet appareil est id\u00e9al pour les personnes qui appr\u00e9cient la durabilit\u00e9 et les faibles co\u00fbts d'exploitation. Vous pouvez utiliser l'appareil pendant plusieurs semaines ou m\u00eame des mois sans avoir \u00e0 vous soucier de le recharger ou de le remplacer.<\/li>\n<li><strong>Polyvalence<\/strong>Le SMPO DL02 offre \u00e0 la fois des options MTL (Mouth-to-Lung) et DL (Direct-Lung). Que vous pr\u00e9f\u00e9riez une vapeur douce et ressemblant \u00e0 une cigarette ou que vous aimiez le tirage direct intense pour les poumons, cet appareil s'adapte \u00e0 vos pr\u00e9f\u00e9rences.<\/li>\n<li><strong>Manipulation confortable<\/strong>La conception ergonomique permet de maintenir l'appareil confortablement m\u00eame lors de longues s\u00e9ances de vape. La poign\u00e9e am\u00e9lior\u00e9e et l'option de vape facile \u00e0 utiliser rendent la vape simple et agr\u00e9able.<\/li>\n<li><strong>La nicotine avec la bonne concentration<\/strong>Le SMPO DL02 contient 2 % (20 mg\/ml) de nicotine, id\u00e9al pour les vapoteurs qui souhaitent vivre la m\u00eame exp\u00e9rience que avec une cigarette normale. La teneur en nicotine procure une exp\u00e9rience de vapotage satisfaisante et est particuli\u00e8rement adapt\u00e9e aux personnes qui cherchent \u00e0 arr\u00eater.<\/li>\n<li><strong>Parfait pour \u00eatre emport\u00e9 partout<\/strong>La conception compacte et le nombre \u00e9lev\u00e9 de prises font du SMPO DL02 un compagnon id\u00e9al pour \u00eatre emport\u00e9 partout. Que ce soit pour les trajets quotidiens, les voyages ou simplement pour une utilisation quotidienne, vous pouvez \u00eatre certain d'\u00eatre toujours parfaitement \u00e9quip\u00e9 avec cet appareil.<\/li>\n<\/ol>\n<h3><strong>Conclusion<\/strong><\/h3>\n<p>La\u00a0<strong>SMPO DL02 10000 Z\u00fcge Einweg E Zigarette \n\nbecomes \n\nSMPO DL02 10000 trajets cigarette \u00e9lectronique jetable<\/strong> est un excellent choix pour les vapoteurs qui recherchent une cigarette \u00e9lectronique durable, fiable et facile \u00e0 utiliser. Avec une multitude de fonctionnalit\u00e9s, une grande vari\u00e9t\u00e9 de saveurs et un nombre \u00e9lev\u00e9 de bouff\u00e9es, cet appareil offre tout ce dont vous avez besoin pour une exp\u00e9rience de vapotage de premier plan. Commandez votre SMPO DL02 maintenant sur alfakher24h.de, la plus grande plateforme de vente pour\u00a0<strong>E-Zigarettes jetables en Allemagne<\/strong>et profitez des avantages d'un vapotage plus facile et plus confortable !<\/p>\n<hr \/>\n<p><strong>Important :<\/strong>\u00a0Assurez-vous que vous lors de l'achat de\u00a0<a href=\"https:\/\/alfakher24h.de\/fr\/\"><strong>E-cigarettes jetables<\/strong><\/a> acc\u00e9der \u00e0 une plate-forme s\u00e9rieuse et fiable comme alfakher24h.de. De cette fa\u00e7on, vous pouvez \u00eatre s\u00fbr de recevoir des produits de haute qualit\u00e9 qui r\u00e9pondent \u00e0 vos exigences et vous offrent une exp\u00e9rience de vapotage durable et satisfaisante.<\/p>","protected":false},"excerpt":{"rendered":"<p><strong>SMPO DL02 10000 Z\u00fcge Einweg E Zigarette \n\nbecomes \n\nSMPO DL02 10000 trajets cigarette \u00e9lectronique jetable<\/strong> est un excellent choix pour les vapoteurs qui recherchent une cigarette \u00e9lectronique durable, fiable et facile \u00e0 utiliser. Avec une multitude de fonctionnalit\u00e9s, une grande vari\u00e9t\u00e9 de saveurs et un nombre \u00e9lev\u00e9 de bouff\u00e9es, cet appareil offre tout ce dont vous avez besoin,<\/p>","protected":false},"featured_media":1340,"comment_status":"open","ping_status":"closed","template":"","meta":{"om_disable_all_campaigns":false},"product_brand":[],"product_cat":[34],"product_tag":[],"class_list":{"0":"post-1339","1":"product","2":"type-product","3":"status-publish","4":"has-post-thumbnail","6":"product_cat-smpo-dl02-10000","8":"first","9":"outofstock","10":"shipping-taxable","11":"purchasable","12":"product-type-simple"},"_links":{"self":[{"href":"https:\/\/alfakher24h.de\/fr\/wp-json\/wp\/v2\/product\/1339","targetHints":{"allow":["GET"]}}],"collection":[{"href":"https:\/\/alfakher24h.de\/fr\/wp-json\/wp\/v2\/product"}],"about":[{"href":"https:\/\/alfakher24h.de\/fr\/wp-json\/wp\/v2\/types\/product"}],"replies":[{"embeddable":true,"href":"https:\/\/alfakher24h.de\/fr\/wp-json\/wp\/v2\/comments?post=1339"}],"wp:featuredmedia":[{"embeddable":true,"href":"https:\/\/alfakher24h.de\/fr\/wp-json\/wp\/v2\/media\/1340"}],"wp:attachment":[{"href":"https:\/\/alfakher24h.de\/fr\/wp-json\/wp\/v2\/media?parent=1339"}],"wp:term":[{"taxonomy":"product_brand","embeddable":true,"href":"https:\/\/alfakher24h.de\/fr\/wp-json\/wp\/v2\/product_brand?post=1339"},{"taxonomy":"product_cat","embeddable":true,"href":"https:\/\/alfakher24h.de\/fr\/wp-json\/wp\/v2\/product_cat?post=1339"},{"taxonomy":"product_tag","embeddable":true,"href":"https:\/\/alfakher24h.de\/fr\/wp-json\/wp\/v2\/product_tag?post=1339"}],"curies":[{"name":"wp","href":"https:\/\/api.w.org\/{rel}","templated":true}]}}