{"id":1287,"date":"2024-12-29T01:56:03","date_gmt":"2024-12-29T01:56:03","guid":{"rendered":"https:\/\/alfakher24h.de\/?post_type=product&#038;p=1287"},"modified":"2025-05-21T05:10:21","modified_gmt":"2025-05-21T05:10:21","slug":"fumot-randm-tornado-20000-bouffees-cigarette-electronique-jetable-glace-a-la-fraise","status":"publish","type":"product","link":"https:\/\/alfakher24h.de\/fr\/produit\/fumot-randm-tornado-20000-bouffees-cigarette-electronique-jetable-glace-a-la-fraise\/","title":{"rendered":"Fumot RandM 20000 tirages cigarette \u00e9lectronique jetable - Fraise Glac\u00e9e"},"content":{"rendered":"<h2><strong>Fumot RandM 20000 tirages cigarette \u00e9lectronique jetable - Strawberry Ice : L'exp\u00e9rience de vapotage ultime<\/strong><\/h2>\n<p>La <strong><a href=\"https:\/\/alfakher24h.de\/fr\/?post_type=product&amp;p=1287&amp;preview=true\">Fumot RandM 20000 tirages cigarette \u00e9lectronique jetable<\/a> \u2013 Strawberry Ice<\/strong> n'est pas seulement un autre appareil de vapotage, mais un v\u00e9ritable chef-d'\u0153uvre de la technologie de la vapeur. Cette vape jetable vous offre une exp\u00e9rience de vapotage incomparable avec une gamme de fonctionnalit\u00e9s premium et une durabilit\u00e9 impressionnante. Si vous cherchez un produit de vapotage qui allie style et performances, alors le RandM Tornado 20000 avec sa saveur d\u00e9licieuse est <strong>Glace \u00e0 la fraise<\/strong> Le go\u00fbt est exactement ce qu'il vous faut.<\/p>\n<p><img loading=\"lazy\" decoding=\"async\" class=\"alignnone size-full wp-image-1274\" src=\"https:\/\/alfakher24h.de\/wp-content\/uploads\/2024\/12\/Fumot-RandM-Tornado-20000-3-2048x1313.jpg.webp\" alt=\"\" width=\"2048\" height=\"1313\" title=\"\" srcset=\"https:\/\/alfakher24h.de\/wp-content\/uploads\/2024\/12\/Fumot-RandM-Tornado-20000-3-2048x1313.jpg.webp 2048w, https:\/\/alfakher24h.de\/wp-content\/uploads\/2024\/12\/Fumot-RandM-Tornado-20000-3-2048x1313.jpg-300x192.webp 300w, https:\/\/alfakher24h.de\/wp-content\/uploads\/2024\/12\/Fumot-RandM-Tornado-20000-3-2048x1313.jpg-1024x657.webp 1024w, https:\/\/alfakher24h.de\/wp-content\/uploads\/2024\/12\/Fumot-RandM-Tornado-20000-3-2048x1313.jpg-768x492.webp 768w, https:\/\/alfakher24h.de\/wp-content\/uploads\/2024\/12\/Fumot-RandM-Tornado-20000-3-2048x1313.jpg-1536x985.webp 1536w, https:\/\/alfakher24h.de\/wp-content\/uploads\/2024\/12\/Fumot-RandM-Tornado-20000-3-2048x1313.jpg-18x12.webp 18w, https:\/\/alfakher24h.de\/wp-content\/uploads\/2024\/12\/Fumot-RandM-Tornado-20000-3-2048x1313.jpg-600x385.webp 600w\" sizes=\"auto, (max-width: 2048px) 100vw, 2048px\" \/><\/p>\n<h3>Description du produit : Fumot RandM 20000 bouff\u00e9es cigarette \u00e9lectronique jetable<\/h3>\n<p>Le <strong>Fumot RandM 20000 tirages cigarette \u00e9lectronique jetable - Fraise Glac\u00e9e<\/strong> a \u00e9t\u00e9 sp\u00e9cialement con\u00e7u pour vous offrir une exp\u00e9rience de vapotage de premi\u00e8re classe. Avec une capacit\u00e9 de 20 000 bouff\u00e9es, cet appareil est parfait pour les vapoteurs intensifs qui recherchent un appareil durable et fiable. Le design ergonomique et la taille compacte permettent une manipulation facile, tandis que l'apparence \u00e9l\u00e9gante et moderne garantit que vous ferez toujours une impression styl\u00e9e avec cet appareil.<\/p>\n<p>Le <a href=\"https:\/\/alfakher24h.de\/fr\/?post_type=product&amp;p=1287&amp;preview=true\"><strong>Fumot RandM 20000<\/strong>\u00a0<\/a>est travers\u00e9e par la <strong>Technologie \u00e0 double bobine<\/strong> qui prend en charge une saveur exceptionnelle et de plus grandes nuages de vapeur. Chaque bouff\u00e9e est plus lisse, plus intense et offre une remarquable explosion de saveur. Le r\u00e9servoir offre une capacit\u00e9 g\u00e9n\u00e9reuse <strong>20 ml E-Liquid<\/strong>ainsi vous n'avez pas \u00e0 vous soucier de recharger r\u00e9guli\u00e8rement l'appareil. La <strong>900 mAh batterie<\/strong> offre suffisamment d'\u00e9nergie pour toute la journ\u00e9e sans n\u00e9cessiter de recharge - gr\u00e2ce au <strong>prise de charge rapide de type C<\/strong> Vous pouvez recharger l'appareil en temps voulu si cela est n\u00e9cessaire.<\/p>\n<p>unique <strong>Affichage intelligent<\/strong>La fonction affiche toujours la quantit\u00e9 restante de e-liquide et l'\u00e9tat de la batterie. Vous saurez ainsi toujours combien vous pouvez encore utiliser avant qu'une recharge ne soit n\u00e9cessaire. Le <strong>Glace \u00e0 la fraise<\/strong> Le go\u00fbt procure une combinaison rafra\u00eechissante de fraises sucr\u00e9es et de menthol rafra\u00eechissant - un plaisir qui non seulement enchante vos papilles, mais procure \u00e9galement une exp\u00e9rience de vape longue et intense.<\/p>\n<h3>Caract\u00e9ristiques importantes de la cigarette \u00e9lectronique jetable Fumot RandM 20000<\/h3>\n<ul>\n<li><strong>Trains<\/strong>: Jusqu'\u00e0 <strong>20 000 trains \nor \n20 000 tirs \nis translated to \n20 000 trains \nas \"Z\u00fcge\" in this context most likely means \"trains\".<\/strong> pour un plaisir durable.<\/li>\n<li><strong>Bobine double maillage<\/strong>Pour un meilleur d\u00e9veloppement de la saveur et des nuages de vapeur plus importants.<\/li>\n<li><strong>Capacit\u00e9 de liquide \u00e9lectronique<\/strong>: <strong>20 ml<\/strong> \u2013 Pas besoin de recharger l'appareil.<\/li>\n<li><strong>Batterie<\/strong>: <strong>900 mAh<\/strong> pour toute la journ\u00e9e sans recharge.<\/li>\n<li><strong>Charge rapide<\/strong>: <strong>Type C<\/strong> Connecteur de charge pour une charge rapide en un temps record.<\/li>\n<li><strong>Affichage intelligent<\/strong>: Affiche l'\u00e9tat du liquide \u00e9lectronique et de la batterie, vous permettant de garder un \u0153il en permanence.<\/li>\n<li><strong>Diff\u00e9rentes saveurs<\/strong>: Des saveurs vari\u00e9es pour tous les go\u00fbts - de fruit\u00e9 \u00e0 glacial.<\/li>\n<li><strong>Manipulation confortable<\/strong>: Compact et convivial pour un vapotage sans stress.<\/li>\n<\/ul>\n<h3>Exp\u00e9rience gustative : Strawberry Ice<\/h3>\n<p>La <strong>Glace \u00e0 la fraise<\/strong>saveur du <strong>Fumot RandM 20000 tirages cigarette \u00e9lectronique jetable<\/strong> est une v\u00e9ritable r\u00e9v\u00e9lation pour tous les amateurs d'ar\u00f4mes fruit\u00e9s et rafra\u00eechissants. La saveur commence avec la douceur naturelle de fraises juteuses, associ\u00e9es \u00e0 une brise fra\u00eeche de menthol. Chaque bouff\u00e9e r\u00e9v\u00e8le la saveur de fraises m\u00fbres qui se d\u00e9ploie sur la langue et se termine par une finale fra\u00eeche et glac\u00e9e. Le <strong>Menthol<\/strong> assure une fra\u00eecheur agr\u00e9able, particuli\u00e8rement ressentie les jours chauds pour procurer une sensation rafra\u00eechissante, sans masquer le go\u00fbt des fraises fruit\u00e9es.<\/p>\n<p><strong>Glace \u00e0 la fraise<\/strong> offre l'\u00e9quilibre parfait entre la douceur fruit\u00e9e et la fra\u00eecheur froide et glac\u00e9e. Cette combinaison fait du vapotage non seulement un plaisir pour les sens, mais aussi une exp\u00e9rience relaxante que vous voudrez appr\u00e9cier \u00e0 nouveau et \u00e0 nouveau. La saveur reste constamment intense et ne se dissipe pas apr\u00e8s quelques bouff\u00e9es - le <strong>Fumot RandM Tornado 20000<\/strong> veille \u00e0 ce que le <strong>Glace \u00e0 la fraise<\/strong>Le go\u00fbt reste puissant de d\u00e9but \u00e0 fin. Que vous soyez un vapoteur exp\u00e9riment\u00e9 ou un novice, ce go\u00fbt vous ravira \u00e0 chaque bouff\u00e9e.<\/p>\n<h4>Pourquoi devriez-vous vous choisir pour <strong>Fumot RandM 20000 bouff\u00e9es cigarette \u00e9lectronique jetable - Fraise Glac\u00e9e<\/strong> d\u00e9cider<\/h4>\n<ul>\n<li><strong>Durabilit\u00e9<\/strong>: Avec une capacit\u00e9 de 20 000 tirages, vous n'avez pas \u00e0 vous soucier de recharger ou de recharger l'appareil en permanence.<\/li>\n<li><strong>Saveur rafra\u00eechissante<\/strong>La combinaison parfaite de la fraise fruit\u00e9e et du menthol rafra\u00eechissant assure une exp\u00e9rience de vapotage inoubliable.<\/li>\n<li><strong>Convivialit\u00e9<\/strong>: Facile \u00e0 utiliser, avec un m\u00e9canisme activ\u00e9 par tirage et sans r\u00e9glages compliqu\u00e9s.<\/li>\n<li><strong>Manipulation confortable<\/strong>: Le design compact s'adapte parfaitement dans votre main et la conception ergonomique assure un vapotage confortable.<\/li>\n<li><strong>Technologie avanc\u00e9e<\/strong>: La bobine double maillage et l'\u00e9cran intelligent am\u00e9liorent le vapotage et le contr\u00f4le sur l'e-liquide et la batterie.<\/li>\n<\/ul>\n<h3>Achetez le <strong>Fumot RandM 20000 bouff\u00e9es cigarette \u00e9lectronique jetable - Fraise Glac\u00e9e<\/strong> sur Alfakher24h.de<\/h3>\n<p>Chez <strong>Alfakher24h.de<\/strong> Nous vous offrons le plus grand choix de <strong>E-cigarettes jetables<\/strong> pour le march\u00e9 allemand. Nous sommes fiers de figurer parmi les premi\u00e8res plateformes de vente pour <strong>Vapes jetables<\/strong> \u00eatre connu en Allemagne. Notre <strong>Fumot RandM 20k tirages cigarette \u00e9lectronique jetable - Fraise Glac\u00e9e<\/strong> offre la parfaite combinaison de puissance, de saveur et de confort - \u00e0 un prix imbattable.<\/p>\n<p>Pourquoi devriez-vous acheter chez nous ? Tr\u00e8s simple : nous vous offrons non seulement des produits de haute qualit\u00e9, mais \u00e9galement un excellent service client et les meilleurs prix. Achetez maintenant en ligne chez nous et profitez de nos d\u00e9lais de livraison rapides et d'un support de premier ordre.<\/p>\n<h3>Foire aux questions fr\u00e9quentes sur <strong>Fumot RandM 20000 tirages cigarette \u00e9lectronique jetable<\/strong><\/h3>\n<h4>Combien de temps dure la <strong>Fumot RandM 20000 tirages cigarette \u00e9lectronique jetable<\/strong>?<\/h4>\n<p>La <strong>Fumot RandM Tornado 20000<\/strong> Une cigarette \u00e9lectronique jetable dure jusqu'\u00e0 <strong>20 000 trains \nor \n20 000 tirs \nis translated to \n20 000 trains \nas \"Z\u00fcge\" in this context most likely means \"trains\".<\/strong>, ce qui en fait l'un des appareils les plus durables du march\u00e9. Vous pouvez vapoter toute la journ\u00e9e sans avoir besoin de recharger ou de remplir l'appareil.<\/p>\n<h4>2. Comment fonctionne la <strong>Bobine double maillage<\/strong>Technologie<\/h4>\n<p>La <strong>Technologie \u00e0 double bobine<\/strong> assure une vaporisation uniforme du e-liquide, ce qui conduit \u00e0 des exp\u00e9riences de vapeur et de saveur plus intenses. Cette technologie augmente l'efficacit\u00e9 de l'appareil et assure une puissance constante \u00e0 chaque tirage.<\/p>\n<h4>3. Puis-je les <strong>Cigarette \u00e9lectronique jetable Fumot RandM 20k tirs<\/strong> Recharger ?<\/h4>\n<p>Non, les <strong>Fumot RandM Tornado 20000<\/strong> est une cigarette \u00e9lectronique jetable et ne peut pas \u00eatre recharg\u00e9e ou remplie une fois que les 20 000 bouff\u00e9es ont \u00e9t\u00e9 consomm\u00e9es. Une fois que le liquide \u00e9lectronique est \u00e9puis\u00e9, vous devez jeter l'appareil et en acheter un nouveau.<\/p>\n<h4>Quelles saveurs sont disponibles pour le <strong>Fumot RandM Tornado 20000<\/strong>?<\/h4>\n<p>\u00c0 c\u00f4t\u00e9 de cela <strong>Glace \u00e0 la fraise<\/strong> offre la <strong>Fumot RandM Tornado 20000<\/strong> encore de nombreuses autres saveurs d\u00e9licieuses comme <strong>Blue Razz<\/strong>, <strong>Pina Colada<\/strong>, <strong>Glace \u00e0 la past\u00e8que<\/strong>, <strong>Kiwi Passion Fruit Guava<\/strong> et beaucoup plus encore. Chaque saveur offre une exp\u00e9rience de vape unique.<\/p>\n<hr \/>\n<p>Visitez maintenant <strong><a href=\"https:\/\/alfakher24h.de\/fr\/\" target=\"_new\" rel=\"noopener\">alfakher24h.de<\/a><\/strong> et r\u00e9cup\u00e9rez votre <strong>Fumot RandM 20k tirages cigarette \u00e9lectronique jetable - Fraise Glac\u00e9e<\/strong> pour l'exp\u00e9rience de vapotage ultime !<\/p>","protected":false},"excerpt":{"rendered":"<p>Recherchez maintenant <strong><a href=\"https:\/\/alfakher24h.de\/fr\/\" target=\"_new\" rel=\"noopener\">alfakher24h.de<\/a><\/strong> et r\u00e9cup\u00e9rez votre <strong>Fumot RandM 20000 bouff\u00e9es cigarette \u00e9lectronique jetable - Fraise Glac\u00e9e<\/strong> pour l'exp\u00e9rience de vapotage ultime !<\/p>","protected":false},"featured_media":1288,"comment_status":"open","ping_status":"closed","template":"","meta":{"om_disable_all_campaigns":false},"product_brand":[],"product_cat":[33],"product_tag":[],"class_list":{"0":"post-1287","1":"product","2":"type-product","3":"status-publish","4":"has-post-thumbnail","6":"product_cat-randm-fumot-20000","8":"first","9":"outofstock","10":"shipping-taxable","11":"purchasable","12":"product-type-simple"},"_links":{"self":[{"href":"https:\/\/alfakher24h.de\/fr\/wp-json\/wp\/v2\/product\/1287","targetHints":{"allow":["GET"]}}],"collection":[{"href":"https:\/\/alfakher24h.de\/fr\/wp-json\/wp\/v2\/product"}],"about":[{"href":"https:\/\/alfakher24h.de\/fr\/wp-json\/wp\/v2\/types\/product"}],"replies":[{"embeddable":true,"href":"https:\/\/alfakher24h.de\/fr\/wp-json\/wp\/v2\/comments?post=1287"}],"wp:featuredmedia":[{"embeddable":true,"href":"https:\/\/alfakher24h.de\/fr\/wp-json\/wp\/v2\/media\/1288"}],"wp:attachment":[{"href":"https:\/\/alfakher24h.de\/fr\/wp-json\/wp\/v2\/media?parent=1287"}],"wp:term":[{"taxonomy":"product_brand","embeddable":true,"href":"https:\/\/alfakher24h.de\/fr\/wp-json\/wp\/v2\/product_brand?post=1287"},{"taxonomy":"product_cat","embeddable":true,"href":"https:\/\/alfakher24h.de\/fr\/wp-json\/wp\/v2\/product_cat?post=1287"},{"taxonomy":"product_tag","embeddable":true,"href":"https:\/\/alfakher24h.de\/fr\/wp-json\/wp\/v2\/product_tag?post=1287"}],"curies":[{"name":"wp","href":"https:\/\/api.w.org\/{rel}","templated":true}]}}