{"id":1263,"date":"2024-12-27T07:03:40","date_gmt":"2024-12-27T07:03:40","guid":{"rendered":"https:\/\/alfakher24h.de\/?post_type=product&#038;p=1263"},"modified":"2025-05-21T05:10:21","modified_gmt":"2025-05-21T05:10:21","slug":"fumot-randm-tornado-20000-bouffees-cigarette-electronique-jetable-fraise-pasteque","status":"publish","type":"product","link":"https:\/\/alfakher24h.de\/fr\/produit\/fumot-randm-tornado-20000-bouffees-cigarette-electronique-jetable-fraise-pasteque\/","title":{"rendered":"Fumot RandM 20000 bouff\u00e9es cigarette \u00e9lectronique jetable - Fraise Past\u00e8que"},"content":{"rendered":"<h2>Fumot RandM 20000 bouff\u00e9es cigarette \u00e9lectronique jetable - Fraise Past\u00e8que<img loading=\"lazy\" decoding=\"async\" class=\"alignnone size-full wp-image-1274\" style=\"color: #555555; font-size: 14.4px;\" src=\"https:\/\/alfakher24h.de\/wp-content\/uploads\/2024\/12\/Fumot-RandM-Tornado-20000-3-2048x1313.jpg.webp\" alt=\"\" width=\"2048\" height=\"1313\" title=\"\" srcset=\"https:\/\/alfakher24h.de\/wp-content\/uploads\/2024\/12\/Fumot-RandM-Tornado-20000-3-2048x1313.jpg.webp 2048w, https:\/\/alfakher24h.de\/wp-content\/uploads\/2024\/12\/Fumot-RandM-Tornado-20000-3-2048x1313.jpg-300x192.webp 300w, https:\/\/alfakher24h.de\/wp-content\/uploads\/2024\/12\/Fumot-RandM-Tornado-20000-3-2048x1313.jpg-1024x657.webp 1024w, https:\/\/alfakher24h.de\/wp-content\/uploads\/2024\/12\/Fumot-RandM-Tornado-20000-3-2048x1313.jpg-768x492.webp 768w, https:\/\/alfakher24h.de\/wp-content\/uploads\/2024\/12\/Fumot-RandM-Tornado-20000-3-2048x1313.jpg-1536x985.webp 1536w, https:\/\/alfakher24h.de\/wp-content\/uploads\/2024\/12\/Fumot-RandM-Tornado-20000-3-2048x1313.jpg-18x12.webp 18w, https:\/\/alfakher24h.de\/wp-content\/uploads\/2024\/12\/Fumot-RandM-Tornado-20000-3-2048x1313.jpg-600x385.webp 600w\" sizes=\"auto, (max-width: 2048px) 100vw, 2048px\" \/><\/h2>\n<p>&nbsp;<\/p>\n<p>La<a href=\"https:\/\/alfakher24h.de\/fr\/?post_type=product&amp;p=1263&amp;preview=true\"> Cigarette \u00e9lectronique jetable Fumot RandM 20000 tirs<\/a> est un appareil puissant et fiable pour tous ceux qui recherchent une exp\u00e9rience de vape intense et durable. Avec des fonctionnalit\u00e9s innovantes, un design \u00e9l\u00e9gant et un large choix de saveurs, elle est le choix id\u00e9al pour les d\u00e9butants et les vapoteurs exp\u00e9riment\u00e9s. Beialf <a href=\"https:\/\/alfakher24h.de\/fr\/\">alfakher24h..de.<\/a> Le principal fournisseur allemand de cigarettes \u00e9lectroniques jetables, vous pouvez acheter ce produit de haute qualit\u00e9.<\/p>\n<hr \/>\n<h3><strong>Description du produit<\/strong><\/h3>\n<p>La cigarette \u00e9lectronique jetable Fumot RandM 20000 offre une exp\u00e9rience de vapotage exceptionnelle gr\u00e2ce \u00e0 sa technologie \u00e0 double maille. Elle combine la technologie moderne avec une utilisation conviviale, qui assure une utilisation individuelle et coh\u00e9rente. Le design \u00e9l\u00e9gant et robuste la rend id\u00e9ale pour une utilisation en d\u00e9placement, tandis que sa capacit\u00e9 impressionnante de jusqu'\u00e0 20 000 bouff\u00e9es assure une utilisation durable.<\/p>\n<hr \/>\n<h3><strong>Principales caract\u00e9ristiques de la\u00a0<a href=\"https:\/\/alfakher24h.de\/fr\/\">Fumot RandM 20000 tirages cigarette \u00e9lectronique jetable - Fraise Past\u00e8que\nFumot RandM Tornado 20000<\/a><\/strong><\/h3>\n<h4><strong>Mode dual pour une utilisation personnalis\u00e9e<\/strong><\/h4>\n<ul>\n<li><strong>Mode de maillage individuel<\/strong>: Activez une seule bobine de maille pour une vapeur douce et constante, permettant jusqu'\u00e0 20 000 tirages.<\/li>\n<li><strong>Mode double maillage<\/strong>Pour une exp\u00e9rience plus intense, vous pouvez activer les deux bobines Mesh, ce qui offre un vapotage puissant avec jusqu'\u00e0 10 000 bouff\u00e9es.<\/li>\n<\/ul>\n<h4><strong>2. Indicateurs pratiques<\/strong><\/h4>\n<p>Avec les \u00e9crans int\u00e9gr\u00e9s pour le niveau de la batterie et du liquide \u00e9lectronique, vous gardez toujours un \u0153il dessus. Cela garantit que votre appareil est toujours pr\u00eat \u00e0 l'emploi.<\/p>\n<h4><strong>3. R\u00e9gulation de d\u00e9bit d'air adaptable<\/strong><\/h4>\n<p>Adaptez le comportement de traction \u00e0 votre go\u00fbt personnel - que ce soit serr\u00e9 ou ample, le choix vous appartient.<\/p>\n<h4><strong>4. Batterie puissante<\/strong><\/h4>\n<p>Le Fumot Tornado est \u00e9quip\u00e9 d'une batterie durable de 850 mAh qui fournit une puissance fiable tout au long de la journ\u00e9e.<\/p>\n<h4><strong>5. Utilisation simple<\/strong><\/h4>\n<p>Sans r\u00e9glages compliqu\u00e9s ni entretien, cet appareil est parfait pour ceux qui recherchent une exp\u00e9rience de vapotage simple.<\/p>\n<hr \/>\n<h3><strong>Pourquoi choisir Fumot RandM ?<\/strong><\/h3>\n<ul>\n<li><strong>Dur\u00e9e de conservation maximale<\/strong>Le nombre extr\u00eamement \u00e9lev\u00e9 de trains rend l'appareil id\u00e9al pour une utilisation \u00e0 long terme.<\/li>\n<li><strong>Praticabilit\u00e9<\/strong>: Aucun rechargement ou remplissage n\u00e9cessaire - simplement utiliser et profiter.<\/li>\n<li><strong>Vari\u00e9t\u00e9 de saveurs<\/strong>Avec de nombreuses options, il y a quelque chose pour tous les go\u00fbts.<\/li>\n<li><strong>Qualit\u00e9 de premi\u00e8re classe<\/strong>Fabriqu\u00e9 \u00e0 partir de mat\u00e9riaux de haute qualit\u00e9 pour une sensation agr\u00e9able et une robustesse.<\/li>\n<li><strong>\u00c9cologique<\/strong>R\u00e9duction de la quantit\u00e9 de d\u00e9chets gr\u00e2ce \u00e0 la grande capacit\u00e9.<\/li>\n<\/ul>\n<hr \/>\n<h3><strong>Saveurs en d\u00e9tail<\/strong><\/h3>\n<p>Un point culminant particulier du Fumot RandM Tornado 20000 est la s\u00e9lection soigneusement organis\u00e9e de saveurs. Chaque variante a \u00e9t\u00e9 d\u00e9velopp\u00e9e pour offrir une exp\u00e9rience de vapotage inoubliable :<\/p>\n<h4><strong>1. Past\u00e8que \u00e0 la fraise<\/strong><\/h4>\n<p>Un m\u00e9lange fruit\u00e9 et rafra\u00eechissant de fraises juteuses et de past\u00e8que sucr\u00e9e. La saveur rappelle les journ\u00e9es ensoleill\u00e9es de l'\u00e9t\u00e9 et procure un moment de plaisir agr\u00e9able.<\/p>\n<h3><\/h3>\n<h3><strong>Commande simple sur <a href=\"https:\/\/alfakher24h.de\/fr\/\">alfakher24h.de<\/a>.<\/strong><\/h3>\n<p>Sur notre plateforme, vous pouvez commander rapidement et facilement la cigarette \u00e9lectronique jetable Fumot RandM Tornado 20000 tirs. Nous vous garantissons un large choix, des prix \u00e9quitables et une exp\u00e9dition rapide. Faites confiance \u00e0 alfakher24h.de - le fournisseur leader allemand pour <a href=\"https:\/\/alfakher24h.de\/fr\/\">Cigarettes \u00e9lectroniques jetables.<\/a><\/p>\n<hr \/>\n<h3><strong>Donn\u00e9es techniques<\/strong><\/h3>\n<ul>\n<li><strong>Modi<\/strong>: Mode Mesh simple et double<\/li>\n<li><strong>Capacit\u00e9 de la batterie<\/strong>: 850 mAh<\/li>\n<li><strong>Nombre de trains<\/strong>: Jusqu'\u00e0 20 000 trains<\/li>\n<li><strong>Particularit\u00e9s<\/strong>: R\u00e9gulation du flux d'air, Affichage du niveau de la batterie et du liquide<\/li>\n<\/ul>\n<hr \/>\n<p>Achetez maintenant la cigarette \u00e9lectronique jetable Fumot RandM 20K tirs \u2013 Strawberry Watermelon sur alfakher24h.de et profitez d'une exp\u00e9rience de vapotage de classe exceptionnelle !<\/p>","protected":false},"excerpt":{"rendered":"<p><strong>Fumot RandM 20000<\/strong>\u00a0Commandez rapidement et facilement des cigarettes \u00e9lectroniques jetables Z\u00fcge - Strawberry Watermelon.<\/p>","protected":false},"featured_media":1273,"comment_status":"open","ping_status":"closed","template":"","meta":{"om_disable_all_campaigns":false},"product_brand":[],"product_cat":[33],"product_tag":[],"class_list":{"0":"post-1263","1":"product","2":"type-product","3":"status-publish","4":"has-post-thumbnail","6":"product_cat-randm-fumot-20000","8":"first","9":"outofstock","10":"shipping-taxable","11":"purchasable","12":"product-type-simple"},"_links":{"self":[{"href":"https:\/\/alfakher24h.de\/fr\/wp-json\/wp\/v2\/product\/1263","targetHints":{"allow":["GET"]}}],"collection":[{"href":"https:\/\/alfakher24h.de\/fr\/wp-json\/wp\/v2\/product"}],"about":[{"href":"https:\/\/alfakher24h.de\/fr\/wp-json\/wp\/v2\/types\/product"}],"replies":[{"embeddable":true,"href":"https:\/\/alfakher24h.de\/fr\/wp-json\/wp\/v2\/comments?post=1263"}],"wp:featuredmedia":[{"embeddable":true,"href":"https:\/\/alfakher24h.de\/fr\/wp-json\/wp\/v2\/media\/1273"}],"wp:attachment":[{"href":"https:\/\/alfakher24h.de\/fr\/wp-json\/wp\/v2\/media?parent=1263"}],"wp:term":[{"taxonomy":"product_brand","embeddable":true,"href":"https:\/\/alfakher24h.de\/fr\/wp-json\/wp\/v2\/product_brand?post=1263"},{"taxonomy":"product_cat","embeddable":true,"href":"https:\/\/alfakher24h.de\/fr\/wp-json\/wp\/v2\/product_cat?post=1263"},{"taxonomy":"product_tag","embeddable":true,"href":"https:\/\/alfakher24h.de\/fr\/wp-json\/wp\/v2\/product_tag?post=1263"}],"curies":[{"name":"wp","href":"https:\/\/api.w.org\/{rel}","templated":true}]}}