{"id":1195,"date":"2024-12-19T05:42:33","date_gmt":"2024-12-19T05:42:33","guid":{"rendered":"https:\/\/alfakher24h.de\/?post_type=product&#038;p=1195"},"modified":"2025-07-16T07:25:09","modified_gmt":"2025-07-16T07:25:09","slug":"1195","status":"publish","type":"product","link":"https:\/\/alfakher24h.de\/fr\/produit\/1195\/","title":{"rendered":"Random Tornado 12000 Z\u00fcge Einweg E Zigarette \u2013 Strawberry Donut \n\n devient \n\nRandom Tornado 12000 tirages cigarette \u00e9lectronique jetable - Strawberry Donut"},"content":{"rendered":"<div class=\"flex max-w-full flex-col flex-grow\">\n<div class=\"min-h-8 text-message flex w-full flex-col items-end gap-2 whitespace-normal break-words text-start [.text-message+&amp;]:mt-5\" dir=\"auto\" data-message-author-role=\"assistant\" data-message-id=\"bc7fac78-dfe4-4c8d-9252-6e00a0e9794c\" data-message-model-slug=\"gpt-4o\">\n<div class=\"flex w-full flex-col gap-1 empty:hidden first:pt-[3px]\">\n<div class=\"markdown prose w-full break-words dark:prose-invert light\">\n<h2><strong>Random Tornado 12000 Z\u00fcge Einweg E Zigarette \u2013 Strawberry Donut: Votre nouvelle exp\u00e9rience de vapotage<\/strong><\/h2>\n<p><img loading=\"lazy\" decoding=\"async\" class=\"alignnone size-full wp-image-1176\" src=\"https:\/\/alfakher24h.de\/wp-content\/uploads\/2024\/12\/Fumot-RandM-Digital-Box-12000-Puffs.webp\" alt=\"Fumot-RandM-Digital-Box-12000\" width=\"1280\" height=\"1810\" title=\"\" srcset=\"https:\/\/alfakher24h.de\/wp-content\/uploads\/2024\/12\/Fumot-RandM-Digital-Box-12000-Puffs.webp 1280w, https:\/\/alfakher24h.de\/wp-content\/uploads\/2024\/12\/Fumot-RandM-Digital-Box-12000-Puffs-212x300.webp 212w, https:\/\/alfakher24h.de\/wp-content\/uploads\/2024\/12\/Fumot-RandM-Digital-Box-12000-Puffs-724x1024.webp 724w, https:\/\/alfakher24h.de\/wp-content\/uploads\/2024\/12\/Fumot-RandM-Digital-Box-12000-Puffs-768x1086.webp 768w, https:\/\/alfakher24h.de\/wp-content\/uploads\/2024\/12\/Fumot-RandM-Digital-Box-12000-Puffs-1086x1536.webp 1086w, https:\/\/alfakher24h.de\/wp-content\/uploads\/2024\/12\/Fumot-RandM-Digital-Box-12000-Puffs-8x12.webp 8w, https:\/\/alfakher24h.de\/wp-content\/uploads\/2024\/12\/Fumot-RandM-Digital-Box-12000-Puffs-600x848.webp 600w\" sizes=\"auto, (max-width: 1280px) 100vw, 1280px\" \/><\/p>\n<p>La <a href=\"https:\/\/alfakher24h.de\/fr\/produit\/1195\/\"><em>Random Tornado 12000 Z\u00fcge Einweg E Zigarette \u2013 Strawberry Donut \n\n devient \n\nRandom Tornado 12000 tirages cigarette \u00e9lectronique jetable - Strawberry Donut<\/em><\/a> est le choix parfait pour tous ceux qui recherchent une exp\u00e9rience de vapotage unique et pratique. Avec une conception innovante et une saveur distinctive, ce produit convainc non seulement par sa performance, mais \u00e9galement par son style \u00e9l\u00e9gant. Que vous soyez un vapoteur exp\u00e9riment\u00e9 ou que vous veniez de d\u00e9couvrir le monde du vapotage, le Random Tornado vous offre tout ce dont vous avez besoin - et bien plus encore.<\/p>\n<p>Visitez<a href=\"https:\/\/alfakher24h.de\/fr\/\"> <strong>alfakher24h.de<\/strong><\/a> \u2013 La plus grande plateforme en ligne d'Allemagne pour les cigarettes \u00e9lectroniques jetables \u2013 et d\u00e9couvrez comme il est facile de commander des produits de haute qualit\u00e9 en ligne en toute commodit\u00e9. Dans notre boutique, vous trouverez non seulement la Random Tornado, mais \u00e9galement une vari\u00e9t\u00e9 d'autres produits de pointe pour l'exp\u00e9rience de vapotage ultime.<\/p>\n<h3>Description du produit : La long\u00e9vit\u00e9 rencontre le confort<\/h3>\n<p>Le Random Tornado 12000 Z\u00fcge Einweg E Zigarette se d\u00e9marque nettement des autres appareils. Elle est con\u00e7ue pour une utilisation quotidienne et offre, avec son g\u00e9n\u00e9reux r\u00e9servoir de 20 ml de e-liquide et sa batterie rechargeable puissante de 850 mAh, jusqu'\u00e0 12 000 bouff\u00e9es - une performance exceptionnelle pour un produit jetable.<\/p>\n<p><strong>Utilisation prolong\u00e9e, recharge moins fr\u00e9quente<\/strong><br \/>\nGr\u00e2ce \u00e0 la prise de charge de type C, vous pouvez recharger la batterie rapidement et sans probl\u00e8me, de sorte que vous n'avez pas \u00e0 penser constamment au remplacement des piles jetables. Cette technologie efficace contribue non seulement \u00e0 une exp\u00e9rience de vapotage durable, mais garantit \u00e9galement que vous pouvez profiter plus longtemps sans interruption.<\/p>\n<p><strong>Exp\u00e9rience de vape personnalisable<\/strong><br \/>\nUn point culminant particulier de cette cigarette \u00e9lectronique est le r\u00e9gulateur de d\u00e9bit d'air r\u00e9glable. Que vous pr\u00e9f\u00e9riez une vapeur plus dense et plus intense ou que vous aimiez mieux des bouff\u00e9es l\u00e9g\u00e8res et plus a\u00e9riennes, vous avez le choix. Vous pouvez ainsi adapter votre exp\u00e9rience de vapotage \u00e0 vos besoins individuels.<\/p>\n<p><strong>Un point fort optique<\/strong><br \/>\nGr\u00e2ce aux lumi\u00e8res LED RGB int\u00e9gr\u00e9es, la vape ne devient pas seulement un plaisir gustatif, mais aussi un spectacle visuel. \u00c0 chaque bouff\u00e9e, les LED s'allument dans diff\u00e9rentes couleurs et conf\u00e8rent \u00e0 la cigarette \u00e9lectronique un toucher moderne et styl\u00e9. Parfait si vous souhaitez faire une d\u00e9claration.<\/p>\n<h3>Principales caract\u00e9ristiques en un coup d'\u0153il<\/h3>\n<ul>\n<li><strong>Longue dur\u00e9e de vie :<\/strong> Jusqu'\u00e0 12 000 bouff\u00e9es \u00e0 travers le r\u00e9servoir de 20 ml et la puissante batterie de 850 mAh.<\/li>\n<li><strong>Batterie rechargeable<\/strong> Avec la prise de charge de type C, vous pouvez charger rapidement et efficacement.<\/li>\n<li><strong>D\u00e9bit d'air r\u00e9glable :<\/strong> Ajustez le d\u00e9bit d'air selon vos pr\u00e9f\u00e9rences \u2013 de restrictif \u00e0 a\u00e9r\u00e9.<\/li>\n<li><strong>Lumi\u00e8res RGB \u00e0 LED :<\/strong> Des lumi\u00e8res color\u00e9es \u00e9l\u00e9gantes qui donnent \u00e0 chaque train une touche sp\u00e9ciale.<\/li>\n<li><strong>2 x % Nicotine strength:<\/strong> D\u00e9bit de nicotine doux, mais satisfaisant pour une exp\u00e9rience de vape agr\u00e9able.<\/li>\n<li><strong>Design ergonomique:<\/strong> Pratique et confortable, id\u00e9al pour \u00eatre emport\u00e9.<\/li>\n<\/ul>\n<h3>Le go\u00fbt : Donut aux fraises - Une v\u00e9ritable exp\u00e9rience gustative<\/h3>\n<p>La <em>Donut aux fraises<\/em> La saveur du Random Tornado 12000 tirs de la cigarette \u00e9lectronique jetable est une fusion r\u00e9ussie de deux classiques - des fraises m\u00fbres et juteuses et un donut fra\u00eechement cuit. Cette saveur unique offre un \u00e9quilibre parfait entre le fruit\u00e9 et une touche de p\u00e2tisserie, qui fait de la vape un v\u00e9ritable plaisir.<\/p>\n<p><strong>Fraises fra\u00eeches - Un plaisir fruit\u00e9<\/strong><br \/>\nLe go\u00fbt de fraises fra\u00eeches et m\u00fbres se d\u00e9ploie \u00e0 chaque tirage. C'est un ar\u00f4me sucr\u00e9, mais pas \u00e9crasant, qui capture la fra\u00eecheur naturelle du fruit. Les notes fruit\u00e9es offrent un contraste rafra\u00eechissant aux ar\u00f4mes cr\u00e9meux et l\u00e9g\u00e8rement sucr\u00e9s qui suivent plus tard dans le m\u00e9lange.<\/p>\n<p><strong>Frisch gebackener Donut - Un d\u00e9part chaud et p\u00e2tissier<\/strong><br \/>\nApr\u00e8s les fraises fruit\u00e9es, vient la saveur d'un donut fra\u00eechement cuit, qui compl\u00e8te parfaitement la note sucr\u00e9e fra\u00eeche. La texture douce du donut est merveilleusement accompagn\u00e9e d'une l\u00e9g\u00e8re note de sucre, qui arrondit la saveur globale et offre une exp\u00e9rience de vapotage sucr\u00e9e, mais pas trop lourde. C'est comme si vous savouriez \u00e0 chaque bouff\u00e9e une petite bouch\u00e9e d'un donut chaud et d\u00e9licatement glac\u00e9.<\/p>\n<p><strong>Un m\u00e9lange inoubliable<\/strong><br \/>\nLa combinaison de ces deux ar\u00f4mes - la douceur des fraises et le go\u00fbt riche et l\u00e9g\u00e8rement sucr\u00e9 du donut - cr\u00e9e une exp\u00e9rience vapable unique et satisfaisante. Ce m\u00e9lange de saveurs convient aussi bien aux amateurs de saveurs fruit\u00e9es qu'\u00e0 ceux qui appr\u00e9cient les ar\u00f4mes sucr\u00e9s et ressemblant \u00e0 des p\u00e2tisseries. Elle offre un jeu harmonieux d'ar\u00f4mes qui vous transporte dans un monde de plaisir intense \u00e0 chaque inhalation.<\/p>\n<h3>Pourquoi devriez-vous acheter sur Alfakher24h.de ?<\/h3>\n<p><strong>La plus grande plateforme d'Allemagne pour<a href=\"https:\/\/alfakher24h.de\/fr\/\"> E-cigarettes jetables<\/a><\/strong><br \/>\nAlfakher24h.de est la principale plateforme en ligne en Allemagne pour les cigarettes \u00e9lectroniques jetables. Nous proposons une vaste s\u00e9lection de produits qui se distinguent par leur qualit\u00e9 et leur saveur. En tant que leader du march\u00e9, nous nous engageons \u00e0 vous offrir uniquement les meilleurs produits afin que vous puissiez profiter pleinement de la vape.<\/p>\n<p><strong>Vraie qualit\u00e9 pour une v\u00e9ritable exp\u00e9rience de vapeur<\/strong><br \/>\nChaque article que vous achetez chez nous est garanti authentique et de la plus haute qualit\u00e9. Vous pouvez \u00eatre s\u00fbr de recevoir un produit qui r\u00e9pond aux normes les plus \u00e9lev\u00e9es et qui garantit une exp\u00e9rience de vapotage s\u00fbre.<\/p>\n<p><strong>Achat pratique et exp\u00e9dition rapide<\/strong><br \/>\nAvec une boutique en ligne conviviale et une exp\u00e9dition rapide, faire des achats chez nous est \u00e0 la fois simple et confortable. Notre service client est \u00e0 votre disposition \u00e0 tout moment pour r\u00e9pondre \u00e0 vos questions et prendre en charge vos commandes.<\/p>\n<p><strong>Commandez maintenant et red\u00e9couvrez le vapotage<\/strong><br \/>\nNe manquez pas l'occasion de <em>Random Tornado 12000 Z\u00fcge Einweg E Zigarette \u2013 Strawberry Donut \n\n devient \n\nRandom Tornado 12000 tirages cigarette \u00e9lectronique jetable - Strawberry Donut<\/em> et de nombreux autres produits formidables \u00e0 d\u00e9couvrir. Visitez-nous d\u00e8s aujourd'hui <strong>alfakher24h.de<\/strong> et d\u00e9couvrez combien de plaisir peut apporter le vapotage.<\/p>\n<h3>Fazit: Parfait pour chaque vapoteur<\/h3>\n<p>La <em>Random Tornado 12000 Z\u00fcge Einweg E Zigarette \u2013 Strawberry Donut \n\n devient \n\nRandom Tornado 12000 tirages cigarette \u00e9lectronique jetable - Strawberry Donut<\/em> n'est pas seulement un chef-d'\u0153uvre pratique, mais aussi un chef-d'\u0153uvre gustatif. Avec une capacit\u00e9 d'aspiration impressionnante de 12 000 bouff\u00e9es, une batterie rechargeable et une saveur unique de donuts aux fraises, ce produit est le choix id\u00e9al pour tous ceux qui veulent profiter pleinement de la vape. Si vous recherchez en Allemagne un produit de haute qualit\u00e9 et durable <a href=\"https:\/\/alfakher24h.de\/fr\/\">Cigarette \u00e9lectronique jetable<\/a> Recherchez, alors le Random Tornado est exactement ce qu'il vous faut.<\/p>\n<p>Commandez encore aujourd'hui sur <a href=\"https:\/\/alfakher24h.de\/fr\/\"><strong>alfakher24h.de<\/strong><\/a> et vivez la vape comme jamais auparavant !<\/p>\n<\/div>\n<\/div>\n<\/div>\n<\/div>\n<div class=\"mb-2 flex gap-3 empty:hidden -ml-2\">\n<div class=\"items-center justify-start rounded-xl p-1 flex\">\n<div class=\"flex items-center\"><\/div>\n<\/div>\n<\/div>","protected":false},"excerpt":{"rendered":"<p>La <strong>Random Tornado 12000 Z\u00fcge Einweg E Zigarette \n\n becomes \n\nRandom Tornado 12000 tirages cigarette \u00e9lectronique jetable<\/strong> \u2013 Strawberry Donut offre une exp\u00e9rience de vapotage longue dur\u00e9e avec jusqu'\u00e0 12 000 bouff\u00e9es et une saveur unique de fraises fra\u00eeches et de donuts sucr\u00e9s, fra\u00eechement cuits.<\/p>","protected":false},"featured_media":1196,"comment_status":"open","ping_status":"closed","template":"","meta":{"om_disable_all_campaigns":false},"product_brand":[],"product_cat":[32],"product_tag":[],"class_list":{"0":"post-1195","1":"product","2":"type-product","3":"status-publish","4":"has-post-thumbnail","6":"product_cat-random-tornado-12000","8":"first","9":"outofstock","10":"shipping-taxable","11":"purchasable","12":"product-type-simple"},"_links":{"self":[{"href":"https:\/\/alfakher24h.de\/fr\/wp-json\/wp\/v2\/product\/1195","targetHints":{"allow":["GET"]}}],"collection":[{"href":"https:\/\/alfakher24h.de\/fr\/wp-json\/wp\/v2\/product"}],"about":[{"href":"https:\/\/alfakher24h.de\/fr\/wp-json\/wp\/v2\/types\/product"}],"replies":[{"embeddable":true,"href":"https:\/\/alfakher24h.de\/fr\/wp-json\/wp\/v2\/comments?post=1195"}],"wp:featuredmedia":[{"embeddable":true,"href":"https:\/\/alfakher24h.de\/fr\/wp-json\/wp\/v2\/media\/1196"}],"wp:attachment":[{"href":"https:\/\/alfakher24h.de\/fr\/wp-json\/wp\/v2\/media?parent=1195"}],"wp:term":[{"taxonomy":"product_brand","embeddable":true,"href":"https:\/\/alfakher24h.de\/fr\/wp-json\/wp\/v2\/product_brand?post=1195"},{"taxonomy":"product_cat","embeddable":true,"href":"https:\/\/alfakher24h.de\/fr\/wp-json\/wp\/v2\/product_cat?post=1195"},{"taxonomy":"product_tag","embeddable":true,"href":"https:\/\/alfakher24h.de\/fr\/wp-json\/wp\/v2\/product_tag?post=1195"}],"curies":[{"name":"wp","href":"https:\/\/api.w.org\/{rel}","templated":true}]}}