{"id":116,"date":"2024-09-07T04:40:16","date_gmt":"2024-09-07T04:40:16","guid":{"rendered":"https:\/\/alfakher24h.de\/?post_type=product&#038;p=116"},"modified":"2025-07-23T04:17:28","modified_gmt":"2025-07-23T04:17:28","slug":"al-fakher-crown-bar-8000-bouffees-cigarette-electronique-jetable-avec-glace-au-cassis-a-la-nicotine","status":"publish","type":"product","link":"https:\/\/alfakher24h.de\/fr\/produit\/al-fakher-crown-bar-8000-bouffees-cigarette-electronique-jetable-avec-glace-au-cassis-a-la-nicotine\/","title":{"rendered":"AL Fakher Crown Bar 8000 tirages cigarette \u00e9lectronique jetable avec nicotine - Cassis Glac\u00e9"},"content":{"rendered":"<p>&nbsp;<\/p>\n<h2><a href=\"https:\/\/alfakher24h.de\/fr\/categorie-de-produit\/barre-de-couronne-al-fakher-8000\/\">AL Fakher Crown Bar 8000 Z\u00fcge \n\nbecomes \n\nAL Fakher Crown Bar 8000 tir\u00e9es<\/a> <a href=\"https:\/\/alfakher24h.de\/fr\/\">Cigarette \u00e9lectronique jetable avec nicotine<\/a> \u2013 Gla\u00e7on \u00e0 la cassis<\/h2>\n<p>D\u00e9couvrez le go\u00fbt intense de Black Currant Ice avec la AL Fakher Crown Bar 8000 tirages cigarette \u00e9lectronique jetable. Cette cigarette \u00e9lectronique est un v\u00e9ritable point fort pour tout amateur de vape qui appr\u00e9cie la saveur exceptionnelle et la facilit\u00e9 d'utilisation. Avec une capacit\u00e9 incroyable de 8000 tirages et une batterie rechargeable de 600mAh tr\u00e8s puissante, elle offre un plaisir durable. Que vous soyez chez vous ou en d\u00e9placement, cette vape est toujours pr\u00eate \u00e0 vous offrir un moment de vape agr\u00e9able et rafra\u00eechissant.<\/p>\n<p>&nbsp;<\/p>\n<div style=\"width: 360px;\" class=\"wp-video\"><video class=\"wp-video-shortcode\" id=\"video-116-1\" width=\"360\" height=\"640\" preload=\"metadata\" controls=\"controls\"><source type=\"video\/mp4\" src=\"https:\/\/alfakher24h.de\/wp-content\/uploads\/2024\/09\/AL-Fakher-Crown-Bar-8000-Zuege-Einweg-E-Zigarette-Mit-Nikotin-Black-CurrantIce-Ice.mp4?_=1\" \/><a href=\"https:\/\/alfakher24h.de\/wp-content\/uploads\/2024\/09\/AL-Fakher-Crown-Bar-8000-Zuege-Einweg-E-Zigarette-Mit-Nikotin-Black-CurrantIce-Ice.mp4\">https:\/\/alfakher24h.de\/wp-content\/uploads\/2024\/09\/AL-Fakher-Crown-Bar-8000-Zuege-Einweg-E-Zigarette-Mit-Nikotin-Black-CurrantIce-Ice.mp4<\/a><\/video><\/div>\n<h2>AL Fakher Crown Bar 8000 tirages Pourquoi choisir la AL Fakher Crown Bar 8000 ?<\/h2>\n<p>La AL Fakher Crown Bar 8000 n'est pas juste une cigarette \u00e9lectronique jetable - elle repr\u00e9sente une exp\u00e9rience de style de vie. Le nombre impressionnant de bouff\u00e9es de plus de 8000 bouff\u00e9es la rend un compagnon fiable pour la vie quotidienne. Le design est \u00e9l\u00e9gant et pratique, parfait pour \u00eatre emport\u00e9 partout. Avec une prise USB-C, l'appareil se recharge sans difficult\u00e9, de sorte que vous ne manquerez jamais de vapeur. Gr\u00e2ce au e-liquide pr\u00e9rempli de 18 ml, vous profitez d'ar\u00f4mes intenses et durables sans avoir besoin de recharger constamment.<\/p>\n<hr \/>\n<h2>AL Fakher Crown Bar 8000 Z\u00fcge \n\nBeschreibung du produit :<\/h2>\n<ul>\n<li><strong>Capacit\u00e9:<\/strong> 18ml E-Liquid<\/li>\n<li><strong>Taux de nicotine :<\/strong> 5% (50mg) pour une exp\u00e9rience forte et satisfaisante<\/li>\n<li><strong>Capacit\u00e9 de la batterie :<\/strong> 600mAh, rechargeable via USB-C (cable non inclus)<\/li>\n<li><strong>Nombre de trains :<\/strong> Plus de 8000 trains<\/li>\n<li><strong>Disponible saveurs :<\/strong> 21 variantes, dont Blackcurrant Ice, Mango Freeze, Lush Ice et bien d'autres encore<\/li>\n<\/ul>\n<p>Avec une taille pratique et une facilit\u00e9 d'utilisation, la AL Fakher Crown Bar 8000 est parfaite pour les d\u00e9butants et les vapoteurs exp\u00e9riment\u00e9s. Vous n'avez pas besoin de changer les pods ni de recharger l'appareil - profitez simplement de la pleine saveur jusqu'\u00e0 la derni\u00e8re bouff\u00e9e.<\/p>\n<p><img loading=\"lazy\" decoding=\"async\" class=\"alignnone size-full wp-image-120\" src=\"https:\/\/alfakher24h.de\/wp-content\/uploads\/2024\/09\/AL-Fakher-Crown-Bar-8000-Zuege-Einweg-E-Zigarette-Mit-Nikotin-Black-CurrantIce-Ice.webp\" alt=\"AL Fakher Crown Bar 8000 tirages cigarette \u00e9lectronique jetable avec nicotine - Cassis Glac\u00e9 Glace\" width=\"800\" height=\"800\" title=\"\" srcset=\"https:\/\/alfakher24h.de\/wp-content\/uploads\/2024\/09\/AL-Fakher-Crown-Bar-8000-Zuege-Einweg-E-Zigarette-Mit-Nikotin-Black-CurrantIce-Ice.webp 800w, https:\/\/alfakher24h.de\/wp-content\/uploads\/2024\/09\/AL-Fakher-Crown-Bar-8000-Zuege-Einweg-E-Zigarette-Mit-Nikotin-Black-CurrantIce-Ice-300x300.webp 300w, https:\/\/alfakher24h.de\/wp-content\/uploads\/2024\/09\/AL-Fakher-Crown-Bar-8000-Zuege-Einweg-E-Zigarette-Mit-Nikotin-Black-CurrantIce-Ice-150x150.webp 150w, https:\/\/alfakher24h.de\/wp-content\/uploads\/2024\/09\/AL-Fakher-Crown-Bar-8000-Zuege-Einweg-E-Zigarette-Mit-Nikotin-Black-CurrantIce-Ice-768x768.webp 768w, https:\/\/alfakher24h.de\/wp-content\/uploads\/2024\/09\/AL-Fakher-Crown-Bar-8000-Zuege-Einweg-E-Zigarette-Mit-Nikotin-Black-CurrantIce-Ice-600x600.webp 600w, https:\/\/alfakher24h.de\/wp-content\/uploads\/2024\/09\/AL-Fakher-Crown-Bar-8000-Zuege-Einweg-E-Zigarette-Mit-Nikotin-Black-CurrantIce-Ice-100x100.webp 100w\" sizes=\"auto, (max-width: 800px) 100vw, 800px\" \/><\/p>\n<hr \/>\n<h2>AL Fakher Crown Bar 8000 Z\u00fcge Black Currant Ice: Une Exp\u00e9rience de Vape Inoubliable<\/h2>\n<p>La saveur Black Currant Ice est un point fort que tout amateur de saveurs fruit\u00e9es et rafra\u00eechissantes devrait absolument essayer. Cette variante combine l'intensit\u00e9 sucr\u00e9e et acidul\u00e9e des cassises noires avec une finition froide et glac\u00e9e. Le r\u00e9sultat est une exp\u00e9rience de vape particuli\u00e8rement savoureuse qui rafra\u00eechit \u00e0 tout moment de la journ\u00e9e.<\/p>\n<p>La combinaison de la fra\u00eecheur des baies et de la note de glace fra\u00eeche procure une saveur longue dur\u00e9e, \u00e0 la fois fruit\u00e9e et rafra\u00eechissante. Black Currant Ice est parfait pour ceux qui recherchent une vapeur vive et aromatique qui ne perd pas en intensit\u00e9 m\u00eame apr\u00e8s de nombreuses bouff\u00e9es. Les 8000 bouff\u00e9es garantissent un plaisir prolong\u00e9 sans que la saveur ne perde de son intensit\u00e9.<\/p>\n<hr \/>\n<h2>AL Fakher Crown Bar 8000 tirages  Pourquoi acheter chez nous?<\/h2>\n<p>Chez <strong>alfakher24h.de<\/strong>le plus grand magasin en ligne pour <a href=\"https:\/\/alfakher24h.de\/fr\/\">E-cigarettes jetables<\/a> En Allemagne, nous vous proposons un large choix des meilleures vapeurs sur le march\u00e9. Nos cigarettes \u00e9lectroniques jetables AL Fakher Crown Bar 8000 tirs sont connues pour leur qualit\u00e9, leur facilit\u00e9 d'utilisation et leur saveur exceptionnelle. Achetez chez nous et profitez :<\/p>\n<ul>\n<li><strong>Livraison rapide en Allemagne<\/strong><\/li>\n<li><strong>Produits authentiques avec sceau de qualit\u00e9<\/strong><\/li>\n<li><strong>Des saveurs vari\u00e9es pour tous les go\u00fbts<\/strong><\/li>\n<li><strong>Processus d'achat simple et service client de premier ordre<\/strong><\/li>\n<\/ul>\n<hr \/>\n<h3>Pourquoi les <a href=\"https:\/\/alfakher24h.de\/fr\/\">AL Fakher<\/a> Crown Bar 8000 Black Currant Ice choisir ?<\/h3>\n<ol>\n<li><strong>Saveur unique :<\/strong> La combinaison de la cassis et de la glace est un v\u00e9ritable go\u00fbt incomparable qui rafra\u00eechit et enchante.<\/li>\n<li><strong>Haute capacit\u00e9 de puff<\/strong> Avec plus de 8000 trajets, vous n'avez pas \u00e0 vous soucier de la sortie trop rapide de la vapeur.<\/li>\n<li><strong>Convivialit\u00e9 :<\/strong> Pas de remplissage compliqu\u00e9 ni de changement de cartouches - simplement charger et profiter.<\/li>\n<li><strong>Excellente performance :<\/strong> 5% Nicotine pour une sensation de vape intense.<\/li>\n<li><strong>Conception portable :<\/strong> Compact et l\u00e9ger - id\u00e9al pour \u00eatre emport\u00e9 partout.<\/li>\n<\/ol>\n<hr \/>\n<h3>Des saveurs vari\u00e9es pour chaque amateur de vape<\/h3>\n<p>En plus de Black Currant Ice, l'AL Fakher Crown Bar 8000 est \u00e9galement disponible dans de nombreuses autres saveurs d\u00e9licieuses. Que vous pr\u00e9f\u00e9riez la fra\u00eecheur fruit\u00e9e de Mango Ice ou la rafra\u00eechissante coolitude de Mint, il y a quelque chose pour tous les go\u00fbts. D'autres vari\u00e9t\u00e9s disponibles incluent :<\/p>\n<ul>\n<li><strong>D\u00e9lice de pomme:<\/strong> Un ar\u00f4me de pomme frais et croquant, parfait pour les amateurs de notes fruit\u00e9es.<\/li>\n<li><strong>Blue Razz Lemonade: \n bleibt  -&gt;  Blue Razz Lemonade<\/strong> Un m\u00e9lange p\u00e9tillant de baies sucr\u00e9es et de citron.<\/li>\n<li><strong>Citron Menthe<\/strong> L'\u00e9quilibre parfait entre l'acidit\u00e9 fra\u00eeche des agrumes et la menthe rafra\u00eechissante.<\/li>\n<li><strong>R\u00eave lucide :<\/strong> Un go\u00fbt myst\u00e9rieux, qui est \u00e0 la fois sucr\u00e9 et rafra\u00eechissant.<\/li>\n<\/ul>\n<p>&nbsp;<\/p>\n<hr \/>\n<h3>Conclusion : Vapoter agr\u00e9ablement avec l'AL Fakher Crown Bar 8000<\/h3>\n<p>Si vous cherchez une cigarette \u00e9lectronique jetable de haute qualit\u00e9, durable et au go\u00fbt intense, alors la cigarette \u00e9lectronique jetable AL Fakher Crown Bar 8000 bouff\u00e9es avec nicotine est le choix id\u00e9al. Elle offre non seulement un go\u00fbt incomparable, mais \u00e9galement une grande facilit\u00e9 d'utilisation et une puissance de performance. Visitez notre site Web <a href=\"https:\/\/alfakher24h.de\/fr\/\"><strong>alfakher24h.de<\/strong><\/a>afin d'acheter votre exemplaire encore aujourd'hui et de plonger dans l'exp\u00e9rience de vapotage ultime.<\/p>\n<p>&nbsp;<\/p>","protected":false},"excerpt":{"rendered":"<div class=\"flex-shrink-0 flex flex-col relative items-end\">\n<div>\n<div class=\"pt-0\">\n<div class=\"gizmo-shadow-stroke flex h-8 w-8 items-center justify-center overflow-hidden rounded-full\">\n<div class=\"h-full w-full\">\n<div class=\"gizmo-shadow-stroke overflow-hidden rounded-full\"><\/div>\n<\/div>\n<\/div>\n<\/div>\n<\/div>\n<\/div>\n<div class=\"group\/conversation-turn relative flex w-full min-w-0 flex-col agent-turn\">\n<div class=\"flex-col gap-1 md:gap-3\">\n<div class=\"flex max-w-full flex-col flex-grow\">\n<div class=\"min-h-[20px] text-message flex w-full flex-col items-end gap-2 whitespace-normal break-words [.text-message+&amp;]:mt-5\" dir=\"auto\" data-message-author-role=\"assistant\" data-message-id=\"9287faa4-1f93-4a78-bc82-0c68a21066ba\">\n<div class=\"flex w-full flex-col gap-1 empty:hidden first:pt-[3px]\">\n<div class=\"markdown prose w-full break-words dark:prose-invert light\">\n<p>La AL Fakher Crown Bar 8000 Z\u00fcge Einweg E-Zigarette avec nicotine dans la saveur Black Currant Ice offre plus de 8000 bouff\u00e9es avec des ar\u00f4mes intenses, fruit\u00e9es et rafra\u00eechissants, combin\u00e9s \u00e0 une batterie rechargeable de 600mAh pour une exp\u00e9rience de vapotage agr\u00e9able et durable.<\/p>\n<\/div>\n<\/div>\n<\/div>\n<\/div>\n<\/div>\n<\/div>","protected":false},"featured_media":117,"comment_status":"open","ping_status":"closed","template":"","meta":{"om_disable_all_campaigns":false},"product_brand":[],"product_cat":[19],"product_tag":[],"class_list":{"0":"post-116","1":"product","2":"type-product","3":"status-publish","4":"has-post-thumbnail","6":"product_cat-al-fakher-crown-bar-8000","8":"first","9":"instock","10":"shipping-taxable","11":"purchasable","12":"product-type-simple"},"_links":{"self":[{"href":"https:\/\/alfakher24h.de\/fr\/wp-json\/wp\/v2\/product\/116","targetHints":{"allow":["GET"]}}],"collection":[{"href":"https:\/\/alfakher24h.de\/fr\/wp-json\/wp\/v2\/product"}],"about":[{"href":"https:\/\/alfakher24h.de\/fr\/wp-json\/wp\/v2\/types\/product"}],"replies":[{"embeddable":true,"href":"https:\/\/alfakher24h.de\/fr\/wp-json\/wp\/v2\/comments?post=116"}],"wp:featuredmedia":[{"embeddable":true,"href":"https:\/\/alfakher24h.de\/fr\/wp-json\/wp\/v2\/media\/117"}],"wp:attachment":[{"href":"https:\/\/alfakher24h.de\/fr\/wp-json\/wp\/v2\/media?parent=116"}],"wp:term":[{"taxonomy":"product_brand","embeddable":true,"href":"https:\/\/alfakher24h.de\/fr\/wp-json\/wp\/v2\/product_brand?post=116"},{"taxonomy":"product_cat","embeddable":true,"href":"https:\/\/alfakher24h.de\/fr\/wp-json\/wp\/v2\/product_cat?post=116"},{"taxonomy":"product_tag","embeddable":true,"href":"https:\/\/alfakher24h.de\/fr\/wp-json\/wp\/v2\/product_tag?post=116"}],"curies":[{"name":"wp","href":"https:\/\/api.w.org\/{rel}","templated":true}]}}