{"id":1130,"date":"2024-12-11T10:58:13","date_gmt":"2024-12-11T10:58:13","guid":{"rendered":"https:\/\/alfakher24h.de\/?post_type=product&#038;p=1130"},"modified":"2024-12-17T06:17:48","modified_gmt":"2024-12-17T06:17:48","slug":"airmez-matrice-25000-bouffees-cigarette-electronique-jetable-nuit-chenille","status":"publish","type":"product","link":"https:\/\/alfakher24h.de\/fr\/produit\/airmez-matrice-25000-bouffees-cigarette-electronique-jetable-nuit-chenille\/","title":{"rendered":"Airmez Matrix 25000 Z\u00fcge Einweg E Zigarette \u2013 Night Crawler \n Airmez Matrix 25000 tirages cigarette \u00e9lectronique jetable - Night Crawler"},"content":{"rendered":"<h2 data-pm-slice=\"1 1 []\"><strong>Airmez Matrix 25000 Z\u00fcge Einweg E-Zigarette \u2013 Night Crawler \n Airmez Matrix 25000 tirages cigarette \u00e9lectronique jetable - Night Crawler<\/strong><\/h2>\n<div style=\"width: 1020px;\" class=\"wp-video\"><video class=\"wp-video-shortcode\" id=\"video-1130-1\" width=\"1020\" height=\"1020\" preload=\"metadata\" controls=\"controls\"><source type=\"video\/mp4\" src=\"https:\/\/alfakher24h.de\/wp-content\/uploads\/2024\/12\/Airmez-Matrix-25000-3.mp4?_=1\" \/><a href=\"https:\/\/alfakher24h.de\/wp-content\/uploads\/2024\/12\/Airmez-Matrix-25000-3.mp4\">https:\/\/alfakher24h.de\/wp-content\/uploads\/2024\/12\/Airmez-Matrix-25000-3.mp4<\/a><\/video><\/div>\n<p>La <a href=\"https:\/\/alfakher24h.de\/fr\/?post_type=product&amp;p=1130&amp;preview=true\">Airmez Matrix 25000 tirages cigarette \u00e9lectronique jetable<\/a> Red\u00e9finit l'exp\u00e9rience de vapotage en Allemagne. Avec son design impressionnant, ses technologies innovantes et une saveur exceptionnelle, c'est l'appareil id\u00e9al pour les vapoteurs \u00e0 la recherche de qualit\u00e9 et de confort. Sur alfakher24h.de, vous trouverez l'Airmez Matrix 25000 dans le cadre de notre large gamme de cigarettes \u00e9lectroniques jetables de haute qualit\u00e9.<\/p>\n<h3>Design unique et performances exceptionnelles<\/h3>\n<p>La <a href=\"https:\/\/alfakher24h.de\/fr\/\">Airmez Matrix 25000<\/a> combine les technologies les plus avanc\u00e9es avec une convivialit\u00e9 intuitive. Elle est non seulement un chef-d'\u0153uvre technique, mais \u00e9galement un appareil pratique qui offre une exp\u00e9rience de vapotage incomparable.<\/p>\n<p><strong>Principales caract\u00e9ristiques :<\/strong><\/p>\n<ul data-spread=\"false\">\n<li><strong>Bobines double maillage<\/strong> Ces bobines avanc\u00e9es assurent une saveur intense et une vaporisation uniforme. Le r\u00e9sultat : des nuages denses et des ar\u00f4mes authentiques.<\/li>\n<li><strong>D\u00e9bit d'air r\u00e9glable :<\/strong> Individualisez votre exp\u00e9rience de vape - d'une bouff\u00e9e \u00e9troite et intense \u00e0 une vapeur a\u00e9rienne et l\u00e2che.<\/li>\n<li><strong>Deux modes de feu :<\/strong> Le mode normal permet jusqu'\u00e0 25 000 pas, tandis que le mode boost offre une exp\u00e9rience plus intense, mais avec un nombre de pas l\u00e9g\u00e8rement r\u00e9duit \u00e0 15 000.<\/li>\n<li><strong>\u00c9cran tactile :<\/strong> Un \u00e9cran tactile de 2,1 pouces affiche le statut de la batterie, le niveau de e-liquide et d'autres informations utiles.<\/li>\n<li><strong>Prise de charge de type C :<\/strong> Un chargement rapide et efficace garantit des interruptions minimales.<\/li>\n<\/ul>\n<h3>Pourquoi l'Airmez Matrix 25000 devrait \u00eatre votre premier choix<\/h3>\n<p>La combinaison de la technologie, de la facilit\u00e9 d'utilisation et des performances fait de l'Airmez Matrix 25000 l'une des meilleures cigarettes \u00e9lectroniques jetables du march\u00e9.<\/p>\n<p><strong>Avantages en aper\u00e7u :<\/strong><\/p>\n<ol start=\"1\" data-spread=\"false\">\n<li><strong>Longue dur\u00e9e de vie :<\/strong> Avec jusqu'\u00e0 25 000 tirages, elle est id\u00e9ale pour les vapoteurs qui recherchent un appareil avec une durabilit\u00e9 maximale.<\/li>\n<li><strong>Taux \u00e9lev\u00e9 de nicotine :<\/strong> Avec 5 % (50 mg) de nicotine, elle procure une forte et satisfaisante mont\u00e9e de nicotine.<\/li>\n<li><strong>Design innovant :<\/strong> L'\u00e9l\u00e9gant design et la structure compacte font de lui un compagnon styl\u00e9.<\/li>\n<li><strong>Manipulation facile :<\/strong> Activation par train sans r\u00e9glages compliqu\u00e9s.<\/li>\n<li><strong>Saveur intense :<\/strong> Bobines double maillage et d\u00e9bit d'air r\u00e9glable optimisent l'ar\u00f4me et la production de vapeur.<\/li>\n<\/ol>\n<h3>Exp\u00e9rience gustative : Night Crawler au centre de l'attention<\/h3>\n<p>Le go\u00fbt \u00ab Night Crawler \u00bb repr\u00e9sente une combinaison unique d'ar\u00f4mes qui rend chaque bouff\u00e9e inoubliable. Il r\u00e9unit l'\u00e9quilibre parfait entre douceur, fra\u00eecheur et profondeur, ne laissant aucune envie insatisfaite.<\/p>\n<h4>Une analyse d\u00e9taill\u00e9e des saveurs :<\/h4>\n<ul data-spread=\"false\">\n<li><strong>Notes fruit\u00e9es :<\/strong> La saveur s'ouvre avec une explosion de baies m\u00fbres qui rappellent un jardin fruitier d'\u00e9t\u00e9. Les fruits tropicaux ajoutent une note exotique.<\/li>\n<li><strong>Des accents rafra\u00eechissants :<\/strong> Une fra\u00eecheur subtile et rafra\u00eechissante traverse le go\u00fbt et procure une exp\u00e9rience de vape agr\u00e9able et revigorante.<\/li>\n<li><strong>Complexit\u00e9:<\/strong> Avec chaque gorg\u00e9e, vous d\u00e9couvrez de nouvelles nuances qui rendent le go\u00fbt riche et int\u00e9ressant. Cette harmonie entre simplicit\u00e9 et complexit\u00e9 rend \"Night Crawler\" si sp\u00e9cial.<\/li>\n<\/ul>\n<h3>Parfait pour toutes les occasions<\/h3>\n<p>Que vous utilisiez l'Airmez Matrix 25000 lors d'une soir\u00e9e, au travail ou chez vous, elle offre toujours une exp\u00e9rience de vape de haute qualit\u00e9 constante. La facilit\u00e9 d'utilisation, la dur\u00e9e de vie prolong\u00e9e et la vari\u00e9t\u00e9 aromatique raffin\u00e9e la rendent id\u00e9ale pour les vapoteurs ayant des exigences \u00e9lev\u00e9es.<\/p>\n<h3>Pourquoi acheter sur alfakher24h.de ?<\/h3>\n<p>En tant que plus grand magasin en ligne allemand pour les cigarettes \u00e9lectroniques jetables, nous vous garantissons non seulement le meilleur choix, mais \u00e9galement des avantages exclusifs :<\/p>\n<ul data-spread=\"false\">\n<li><strong>Authenticit\u00e9:<\/strong> Nous garantissons que tous les produits sont originaux et de la plus haute qualit\u00e9.<\/li>\n<li><strong>Livraison rapide :<\/strong> Avec notre syst\u00e8me logistique efficace, vous recevez votre commande rapidement et en toute s\u00e9curit\u00e9.<\/li>\n<li><strong>Vari\u00e9t\u00e9 de produits :<\/strong> Outre la Airmez Matrix 25000, vous trouverez chez nous de nombreuses autres marques et saveurs.<\/li>\n<li><strong>Service client :<\/strong> Notre \u00e9quipe comp\u00e9tente est \u00e0 votre disposition pour r\u00e9pondre \u00e0 vos questions ou pr\u00e9occupations \u00e0 tout moment.<\/li>\n<\/ul>\n<h3>Conclusion<\/h3>\n<p>La<a href=\"https:\/\/alfakher24h.de\/fr\/\"> Airmez Matrix 25000 tirages cigarette \u00e9lectronique jetable<\/a> \u2013 Night Crawler est le choix id\u00e9al pour les vapoteurs qui appr\u00e9cient la qualit\u00e9, la durabilit\u00e9 et une exp\u00e9rience gustative incomparable. Commandez maintenant chez <a href=\"https:\/\/alfakher24h.de\/fr\/\">alfakher24h.de<\/a> et vivez la perfection de la technologie de vapeur moderne.<\/p>\n<p>&nbsp;<\/p>","protected":false},"excerpt":{"rendered":"<p>La <strong>Airmez Matrix 25000 tirages cigarette \u00e9lectronique jetable<\/strong> offre avec une technique innovante, jusqu'\u00e0 25 000 tirages et la saveur exceptionnelle de \"Night Crawler\" une exp\u00e9rience de vapotage incomparable.<\/p>","protected":false},"featured_media":1131,"comment_status":"open","ping_status":"closed","template":"","meta":{"om_disable_all_campaigns":false},"product_brand":[],"product_cat":[30],"product_tag":[],"class_list":{"0":"post-1130","1":"product","2":"type-product","3":"status-publish","4":"has-post-thumbnail","6":"product_cat-airmez-matrix-25000","8":"first","9":"instock","10":"shipping-taxable","11":"purchasable","12":"product-type-simple"},"_links":{"self":[{"href":"https:\/\/alfakher24h.de\/fr\/wp-json\/wp\/v2\/product\/1130","targetHints":{"allow":["GET"]}}],"collection":[{"href":"https:\/\/alfakher24h.de\/fr\/wp-json\/wp\/v2\/product"}],"about":[{"href":"https:\/\/alfakher24h.de\/fr\/wp-json\/wp\/v2\/types\/product"}],"replies":[{"embeddable":true,"href":"https:\/\/alfakher24h.de\/fr\/wp-json\/wp\/v2\/comments?post=1130"}],"wp:featuredmedia":[{"embeddable":true,"href":"https:\/\/alfakher24h.de\/fr\/wp-json\/wp\/v2\/media\/1131"}],"wp:attachment":[{"href":"https:\/\/alfakher24h.de\/fr\/wp-json\/wp\/v2\/media?parent=1130"}],"wp:term":[{"taxonomy":"product_brand","embeddable":true,"href":"https:\/\/alfakher24h.de\/fr\/wp-json\/wp\/v2\/product_brand?post=1130"},{"taxonomy":"product_cat","embeddable":true,"href":"https:\/\/alfakher24h.de\/fr\/wp-json\/wp\/v2\/product_cat?post=1130"},{"taxonomy":"product_tag","embeddable":true,"href":"https:\/\/alfakher24h.de\/fr\/wp-json\/wp\/v2\/product_tag?post=1130"}],"curies":[{"name":"wp","href":"https:\/\/api.w.org\/{rel}","templated":true}]}}