{"id":104,"date":"2024-09-06T13:46:25","date_gmt":"2024-09-06T13:46:25","guid":{"rendered":"https:\/\/alfakher24h.de\/?post_type=product&#038;p=104"},"modified":"2025-07-23T04:17:28","modified_gmt":"2025-07-23T04:17:28","slug":"al-fakher-crown-bar-8000-bouffees-cigarette-electronique-jetable-avec-glace-aux-baies-de-nicotine","status":"publish","type":"product","link":"https:\/\/alfakher24h.de\/fr\/produit\/al-fakher-crown-bar-8000-bouffees-cigarette-electronique-jetable-avec-glace-aux-baies-de-nicotine\/","title":{"rendered":"AL Fakher Crown Bar 8000 tirages cigarette \u00e9lectronique jetable avec nicotine - Berry Ice"},"content":{"rendered":"<h2><strong><a href=\"https:\/\/alfakher24h.de\/fr\/boutique\/\">AL Fakher Crown Bar 8000 Z\u00fcge \n\nbecomes \n\nAL Fakher Crown Bar 8000 tir\u00e9es<\/a> Cigarette \u00e9lectronique jetable avec nicotine - Berry Ice<\/strong><\/h2>\n<h3><strong>Description d\u00e9taill\u00e9e du produit<\/strong><\/h3>\n<p>La <strong>AL Fakher Crown Bar 8000 Z\u00fcge \n\nbecomes \n\nAL Fakher Crown Bar 8000 tir\u00e9es<a href=\"https:\/\/alfakher24h.de\/fr\/\"> Cigarette \u00e9lectronique jetable<\/a><\/strong><a href=\"https:\/\/alfakher24h.de\/fr\/\"> avec <strong>La nicotine<\/strong> <\/a>est le choix parfait pour tous ceux qui recherchent une exp\u00e9rience de vape savoureuse et sans complication. Avec <strong>8 000 trains \nor \n8000 trains<\/strong> Ce dispositif \u00e0 usage unique offre une dur\u00e9e de vie exceptionnelle, sans que l'utilisateur ait \u00e0 se soucier du r\u00e9approvisionnement ou du remplacement de composants. Il combine une technologie de pointe avec un go\u00fbt exquis pour cr\u00e9er une exp\u00e9rience de vapotage incomparable.<\/p>\n<p>Le design \u00e9l\u00e9gant et compact du <strong>AL Fakher Crown Bar<\/strong> n'est pas seulement \u00e9l\u00e9gant, mais \u00e9galement pratique. Il s'adapte parfaitement dans la main et est facile \u00e0 transporter, ce qui le rend id\u00e9al pour \u00eatre emport\u00e9 partout. La qualit\u00e9 sup\u00e9rieure de sa fabrication garantit en outre une longue dur\u00e9e de vie et une robustesse, m\u00eame en cas de chocs ou de chutes occasionnels.<\/p>\n<p>Un point fort de cette vape est la <strong>Berry Ice<\/strong>Une saveur qui offre un m\u00e9lange rafra\u00eechissant de baies sucr\u00e9es et de menthol rafra\u00eechissant. Parfaitement \u00e9quilibr\u00e9e, cette saveur combine la douceur des fraises, des bleuets et des framboises avec une note rafra\u00eechissante et glac\u00e9e qui donne une fra\u00eecheur particuli\u00e8re \u00e0 chaque bouff\u00e9e.<\/p>\n<div style=\"width: 360px;\" class=\"wp-video\"><video class=\"wp-video-shortcode\" id=\"video-104-1\" width=\"360\" height=\"640\" preload=\"metadata\" controls=\"controls\"><source type=\"video\/mp4\" src=\"https:\/\/alfakher24h.de\/wp-content\/uploads\/2024\/09\/AL-Fakher-Crown-Bar-8000-Zuege-Einweg-E-Zigarette-Mit-Nikotin-Berry-Ice.mp4?_=1\" \/><a href=\"https:\/\/alfakher24h.de\/wp-content\/uploads\/2024\/09\/AL-Fakher-Crown-Bar-8000-Zuege-Einweg-E-Zigarette-Mit-Nikotin-Berry-Ice.mp4\">https:\/\/alfakher24h.de\/wp-content\/uploads\/2024\/09\/AL-Fakher-Crown-Bar-8000-Zuege-Einweg-E-Zigarette-Mit-Nikotin-Berry-Ice.mp4<\/a><\/video><\/div>\n<h2><strong>AL Fakher Crown Bar 8000 Z\u00fcge \n\nbecomes \n\nAL Fakher Crown Bar 8000 tir\u00e9es <\/strong><strong>Caract\u00e9ristiques du produit<\/strong><\/h2>\n<ul>\n<li><strong>8 000 tirages par appareil<\/strong>: Offre une dur\u00e9e d'utilisation exceptionnellement longue pour un dispositif \u00e0 usage unique.<\/li>\n<li><strong>La nicotine avec 5 mg\/ml<\/strong>Pour une exp\u00e9rience de vape intense et satisfaisante.<\/li>\n<li><strong>18 ml de e-liquide pr\u00e9rempli<\/strong>: Grande capacit\u00e9 pour une utilisation continue sans interruptions.<\/li>\n<li><strong>600 mAh batterie rechargeable<\/strong>: Avec une prise Type-C pour un chargement rapide et pratique.<\/li>\n<li><strong>Bobine Mesh avec 0,6 Ohm<\/strong>: Cr\u00e9e des nuages de vapeur denses et aromatiques et une inhalation directe dans les poumons (DTL).<\/li>\n<li><strong>Conception ergonomique<\/strong>L\u00e9ger, compact et robuste, parfait pour une utilisation quotidienne.<\/li>\n<li><strong>Syst\u00e8me activ\u00e9 par dessin<\/strong>: Aucun bouton - simplement tirer et profiter.<\/li>\n<\/ul>\n<p><img loading=\"lazy\" decoding=\"async\" class=\"alignnone size-full wp-image-108\" src=\"https:\/\/alfakher24h.de\/wp-content\/uploads\/2024\/09\/AL-Fakher-Crown-Bar-8000-Zuege-Einweg-E-Zigarette-Mit-Nikotin-Berry-Ice-2.webp\" alt=\"\" width=\"750\" height=\"645\" title=\"\" srcset=\"https:\/\/alfakher24h.de\/wp-content\/uploads\/2024\/09\/AL-Fakher-Crown-Bar-8000-Zuege-Einweg-E-Zigarette-Mit-Nikotin-Berry-Ice-2.webp 750w, https:\/\/alfakher24h.de\/wp-content\/uploads\/2024\/09\/AL-Fakher-Crown-Bar-8000-Zuege-Einweg-E-Zigarette-Mit-Nikotin-Berry-Ice-2-300x258.webp 300w, https:\/\/alfakher24h.de\/wp-content\/uploads\/2024\/09\/AL-Fakher-Crown-Bar-8000-Zuege-Einweg-E-Zigarette-Mit-Nikotin-Berry-Ice-2-600x516.webp 600w\" sizes=\"auto, (max-width: 750px) 100vw, 750px\" \/><\/p>\n<p>&nbsp;<\/p>\n<h2><strong>AL Fakher Crown Bar 8000 Z\u00fcge \n\nbecomes \n\nAL Fakher Crown Bar 8000 tir\u00e9es <\/strong><strong>Pourquoi vous devriez acheter la AL Fakher Crown Bar<\/strong><\/h2>\n<p>L'achat de la <strong>AL Fakher Crown Bar 8000 Z\u00fcge \n\nbecomes \n\nAL Fakher Crown Bar 8000 tir\u00e9es <a href=\"https:\/\/alfakher24h.de\/fr\/\">Cigarette \u00e9lectronique jetable<\/a><\/strong> cela signifie que vous choisissez un produit d\u00e9velopp\u00e9 par l'un des principaux fabricants de narguil\u00e9s au monde. <strong>Al Fakher<\/strong> offre des exp\u00e9riences de shisha de premi\u00e8re classe depuis des d\u00e9cennies, et cette expertise est d\u00e9sormais \u00e9galement utilis\u00e9e dans le domaine du vapotage.<\/p>\n<ul>\n<li><strong>Simplicit\u00e9<\/strong>: Pas de configuration compliqu\u00e9e, pas de recharge - simplement charger et vapoter.<\/li>\n<li><strong>Utilisation prolong\u00e9e<\/strong>: Avec 8000 tirages par appareil, vous avez longtemps plaisir \u00e0 chaque appareil jetable.<\/li>\n<li><strong>Saveur exceptionnelle<\/strong>La combinaison de baies et de menthol offre une exp\u00e9rience gustative intense et rafra\u00eechissante.<\/li>\n<li><strong>Traitement de haute qualit\u00e9<\/strong>Des mat\u00e9riaux robustes garantissent que l'appareil r\u00e9siste m\u00eame \u00e0 une utilisation quotidienne.<\/li>\n<li><strong>Pas de stress<\/strong>: Aucune pi\u00e8ce de rechange, aucun entretien - juste vapoter et appr\u00e9cier.<\/li>\n<\/ul>\n<p>Visitez maintenant notre site Web <a href=\"https:\/\/alfakher24h.de\/fr\/\" target=\"_new\" rel=\"noopener\">alfakher24h.de<\/a> et s\u00e9curisez votre vape jetable !<\/p>\n<hr \/>\n<h2><strong>AL Fakher Crown Bar 8000 Z\u00fcge \n\nbecomes \n\nAL Fakher Crown Bar 8000 tir\u00e9es <\/strong><strong>Description gustative individuelle : Berry Ice<\/strong><\/h2>\n<p>La saveur <strong>Berry Ice<\/strong> allie la douceur des baies \u00e0 une fra\u00eecheur glac\u00e9e qui procure une exp\u00e9rience intense et rafra\u00eechissante \u00e0 chaque bouff\u00e9e. Cette saveur est parfaite pour les amateurs d'ar\u00f4mes fruit\u00e9s et frais qui souhaitent \u00e9galement profiter d'une note de menthol rafra\u00eechissante.<\/p>\n<h4><strong>Le m\u00e9lange de baies<\/strong><\/h4>\n<p>Le <strong>Berry Ice<\/strong> go\u00fbt consiste en un m\u00e9lange soigneusement s\u00e9lectionn\u00e9 de <strong>Fraises<\/strong>, <strong>Myrtilles<\/strong> et <strong>Framboises<\/strong>Cette base fruit\u00e9e donne au vape une douceur naturelle, mais qui n'est pas \u00e9crasante. Chaque baie apporte sa propre nuance :<\/p>\n<ul>\n<li><strong>Fraise<\/strong>: Conf\u00e8re une fra\u00eecheur agr\u00e9able et sucr\u00e9e.<\/li>\n<li><strong>Myrtille<\/strong>: Apporte une note l\u00e9g\u00e8rement am\u00e8re, mais n\u00e9anmoins fruit\u00e9.<\/li>\n<li><strong>Framboise<\/strong>: Compl\u00e8te le go\u00fbt avec une touche d'acidit\u00e9 et un ar\u00f4me intense.<\/li>\n<\/ul>\n<h4><strong>Le compl\u00e9ment de menthol<\/strong><\/h4>\n<p>Ce qui concerne <strong>Berry Ice<\/strong>ce qui rend le go\u00fbt particuli\u00e8rement sp\u00e9cial, c'est la combinaison des baies sucr\u00e9es avec une <strong>note de menthol rafra\u00eechissante<\/strong>Cette composante rafra\u00eechissante fait en sorte que chaque train apporte une fra\u00eecheur particuli\u00e8re, qui rend l'exp\u00e9rience de vapotage inoubliable.<\/p>\n<p>L'\u00e9quilibre entre la fruit\u00e9it\u00e9 et la fra\u00eecheur est parfaitement r\u00e9gl\u00e9, de sorte que le go\u00fbt ne soit pas trop sucr\u00e9 et que le menthol ne soit pas trop dominant. Cette saveur est id\u00e9ale pour tous ceux qui veulent profiter \u00e0 la fois de la douceur naturelle des baies et de l'effet rafra\u00eechissant du menthol en une seule bouff\u00e9e.<\/p>\n<hr \/>\n<h2><strong>AL Fakher Crown Bar 8000 Z\u00fcge \n\nbecomes \n\nAL Fakher Crown Bar 8000 tir\u00e9es <\/strong><strong>Construction et technologie de haute qualit\u00e9<\/strong><\/h2>\n<p>La <strong><a href=\"https:\/\/alfakher24h.de\/fr\/\">AL Fakher<\/a> Crown Bar<\/strong> n'est pas seulement convaincant en termes de go\u00fbt, mais \u00e9galement sur le plan technologique avec une <strong>0,6 Ohm grille bobine<\/strong> \u00c9quip\u00e9 de cela, l'appareil fournit des nuages de vapeur intenses et un syst\u00e8me d'inhalation directe (Direct-to-Lung, DTL) qui offre une exp\u00e9rience de vape plus intense.<\/p>\n<p>Le int\u00e9gr\u00e9 <strong>600 mAh batterie<\/strong> est rechargeable et avec un <strong>Connecteur de type C<\/strong> \u00e9quip\u00e9, qui permet une charge rapide. Gr\u00e2ce au <strong>Syst\u00e8mes activ\u00e9s par tirage<\/strong> n'avez pas \u00e0 vous soucier des boutons ou des param\u00e8tres compliqu\u00e9s - il suffit de tirer et de profiter. La grande <strong>Capacit\u00e9 de liquide \u00e9lectronique<\/strong> De 18 ml garantit en outre que l'appareil dure longtemps sans que vous ayez \u00e0 vous soucier d'un remplissage fr\u00e9quent.<\/p>\n<hr \/>\n<h2><strong>AL Fakher Crown Bar 8000 Z\u00fcge \n\nbecomes \n\nAL Fakher Crown Bar 8000 tir\u00e9es <\/strong><strong>Conclusion<\/strong><\/h2>\n<p>La <strong>AL Fakher Crown Bar 8000 Z\u00fcge \n\nbecomes \n\nAL Fakher Crown Bar 8000 tir\u00e9es <a href=\"https:\/\/alfakher24h.de\/fr\/\">Cigarette \u00e9lectronique jetable<\/a><\/strong> avec <strong>Berry Ice<\/strong> Go\u00fbt offre une exp\u00e9rience de vapotage inoubliable pour tous ceux qui appr\u00e9cient la qualit\u00e9, la simplicit\u00e9 et la saveur intense. Avec sa batterie longue dur\u00e9e, son grand volume de liquide et son m\u00e9lange rafra\u00eechissant de baies et de menthol, elle est le choix id\u00e9al pour les vapoteurs exigeants.<\/p>\n<p>Ne manquez pas l'occasion de tester ce produit premium. Commandez maintenant sur <a href=\"https:\/\/alfakher24h.de\/fr\/\" target=\"_new\" rel=\"noopener\">alfakher24h.de<\/a> et d\u00e9couvrez le meilleur que le monde des vapes jetables a \u00e0 offrir !<\/p>","protected":false},"excerpt":{"rendered":"<p>La <strong>AL Fakher Crown Bar 8000 tirages cigarette \u00e9lectronique jetable<\/strong> avec <strong>Berry Ice<\/strong>Le go\u00fbt combine des ar\u00f4mes de baies sucr\u00e9es avec une note rafra\u00eechissante de menthol et offre, gr\u00e2ce \u00e0 sa batterie longue dur\u00e9e et \u00e0 sa construction de haute qualit\u00e9, une exp\u00e9rience de vapotage intense et sans complication.<\/p>","protected":false},"featured_media":107,"comment_status":"open","ping_status":"closed","template":"","meta":{"om_disable_all_campaigns":false},"product_brand":[],"product_cat":[19],"product_tag":[],"class_list":{"0":"post-104","1":"product","2":"type-product","3":"status-publish","4":"has-post-thumbnail","6":"product_cat-al-fakher-crown-bar-8000","8":"first","9":"instock","10":"shipping-taxable","11":"purchasable","12":"product-type-simple"},"_links":{"self":[{"href":"https:\/\/alfakher24h.de\/fr\/wp-json\/wp\/v2\/product\/104","targetHints":{"allow":["GET"]}}],"collection":[{"href":"https:\/\/alfakher24h.de\/fr\/wp-json\/wp\/v2\/product"}],"about":[{"href":"https:\/\/alfakher24h.de\/fr\/wp-json\/wp\/v2\/types\/product"}],"replies":[{"embeddable":true,"href":"https:\/\/alfakher24h.de\/fr\/wp-json\/wp\/v2\/comments?post=104"}],"wp:featuredmedia":[{"embeddable":true,"href":"https:\/\/alfakher24h.de\/fr\/wp-json\/wp\/v2\/media\/107"}],"wp:attachment":[{"href":"https:\/\/alfakher24h.de\/fr\/wp-json\/wp\/v2\/media?parent=104"}],"wp:term":[{"taxonomy":"product_brand","embeddable":true,"href":"https:\/\/alfakher24h.de\/fr\/wp-json\/wp\/v2\/product_brand?post=104"},{"taxonomy":"product_cat","embeddable":true,"href":"https:\/\/alfakher24h.de\/fr\/wp-json\/wp\/v2\/product_cat?post=104"},{"taxonomy":"product_tag","embeddable":true,"href":"https:\/\/alfakher24h.de\/fr\/wp-json\/wp\/v2\/product_tag?post=104"}],"curies":[{"name":"wp","href":"https:\/\/api.w.org\/{rel}","templated":true}]}}