{"id":568,"date":"2024-10-11T13:49:10","date_gmt":"2024-10-11T13:49:10","guid":{"rendered":"https:\/\/alfakher24h.de\/?page_id=568"},"modified":"2024-10-20T13:06:53","modified_gmt":"2024-10-20T13:06:53","slug":"acheter-des-e-cigarettes-avec-le-code-qr-sepa","status":"publish","type":"page","link":"https:\/\/alfakher24h.de\/fr\/acheter-des-e-cigarettes-avec-le-code-qr-sepa\/","title":{"rendered":"E-Zigaretten mit SEPA-QR-Code kaufen \ndevient \n\nAcheter des e-cigarettes avec code QR SEPA"},"content":{"rendered":"<p><strong>Al Fakher 24h<\/strong> Nous offrons non seulement des cigarettes \u00e9lectroniques jetables de haute qualit\u00e9 d'Al Fakher, mais \u00e9galement une exp\u00e9rience d'achat simple et s\u00e9curis\u00e9e. Notre objectif est de vous fournir les meilleurs produits d'Europe avec des m\u00e9thodes de paiement pratiques et modernes, afin que vous puissiez obtenir votre vapeur pr\u00e9f\u00e9r\u00e9e en quelques \u00e9tapes seulement.<\/p>\n<h4>Pourquoi choisir le code QR SEPA comme option de paiement ?<\/h4>\n<p>Le code QR SEPA offre un moyen simple et s\u00fbr de traiter vos paiements rapidement et sans erreur. Au lieu de saisir manuellement les donn\u00e9es bancaires, il suffit de scanner un code QR avec votre application bancaire et les informations de paiement sont automatiquement remplies. Cela permet de gagner du temps, de minimiser les erreurs et de proposer un traitement de transaction s\u00e9curis\u00e9, pris en charge par les banques de toute l'Europe.<\/p>\n<p>Les paiements via le code QR SEPA sont largement r\u00e9pandus dans tous les grands pays europ\u00e9ens, notamment en Allemagne, en France, en Italie, en Espagne, en Belgique et aux Pays-Bas. Voici quelques avantages de cette m\u00e9thode de paiement :<\/p>\n<ul>\n<li><strong>Vitesse et confort<\/strong>: Avec un simple scan, vous pouvez finaliser votre commande en quelques secondes.<\/li>\n<li><strong>S\u00e9curit\u00e9<\/strong>: Le cryptage des codes QR SEPA permet de r\u00e9gler votre paiement en toute s\u00e9curit\u00e9 et vos donn\u00e9es restent prot\u00e9g\u00e9es.<\/li>\n<li><strong>Transactions sans erreur<\/strong>: Aucune saisie manuelle des donn\u00e9es bancaires, ce qui \u00e9limine les sources d'erreurs possibles.<\/li>\n<li><strong>Large acceptance \n becomes \nLarge \u00e9mis \/ Grande acceptation \n corrected \nLarge acceptance -&gt;  Grande acceptation \nBreite Akzeptanz -&gt; Grande acceptation<\/strong>Le code QR SEPA est pris en charge par toutes les grandes banques europ\u00e9ennes.<\/li>\n<\/ul>\n<h4>Comment utilisez-vous le code QR SEPA chez Al Fakher 24h ?<\/h4>\n<ol>\n<li><strong>Ajoutez vos cigarettes \u00e9lectroniques Al Fakher au panier<\/strong><br \/>\nParcourez notre large s\u00e9lection de cigarettes \u00e9lectroniques jetables, y compris des produits populaires tels que <strong>Al Fakher Crown Bar 12000<\/strong>, <strong>Crown Bar 8000<\/strong> et les <strong>Crown Bar Big Cloud 8000 PRO<\/strong>Une fois votre s\u00e9lection effectu\u00e9e, placez les articles dans le panier.<\/li>\n<li><strong>Aller \u00e0 la caisse<\/strong><br \/>\nSi vous \u00eates pr\u00eat \u00e0 finaliser votre commande, veuillez passer \u00e0 la caisse et s\u00e9lectionner \u00ab Code QR SEPA \u00bb comme m\u00e9thode de paiement pr\u00e9f\u00e9r\u00e9e.<\/li>\n<li><strong>Scannez le code QR avec votre application bancaire<\/strong><br \/>\nOuvrez votre application bancaire qui prend en charge les paiements SEPA-QR. Scannez le code QR affich\u00e9, et les informations de paiement seront automatiquement remplies.<\/li>\n<li><strong>Confirmer le paiement<\/strong><br \/>\nV\u00e9rifiez les informations de paiement pr\u00e9remplies et confirmez le paiement avec votre m\u00e9thode d'authentification (code PIN ou v\u00e9rification biom\u00e9trique).<\/li>\n<li><strong>Confirmation re\u00e7ue<\/strong><br \/>\nD\u00e8s que le paiement sera effectu\u00e9, vous recevrez un e-mail de confirmation avec les d\u00e9tails de votre commande. Vos e-cigarettes seront exp\u00e9di\u00e9es le plus rapidement possible depuis notre entrep\u00f4t en Europe, afin que vous receviez votre commande dans un d\u00e9lai de 3 \u00e0 7 jours ouvr\u00e9s.<\/li>\n<\/ol>\n<h4>Avantages de l'achat chez Al Fakher 24h<\/h4>\n<ul>\n<li><strong>Produits premium d'Europe<\/strong>Nous proposons une s\u00e9lection exclusive de cigarettes \u00e9lectroniques Al Fakher, connues pour leur excellent go\u00fbt et leur qualit\u00e9.<\/li>\n<li><strong>Livraison gratuite \u00e0 partir de 49,99 \u20ac<\/strong>: \u00c0 partir d'une commande de 49,99 \u20ac, nous exp\u00e9dions en Allemagne sans frais de port.<\/li>\n<li><strong>Options de paiement s\u00fbres et flexibles<\/strong>: En outre, nous acceptons \u00e9galement PayPal, les cartes de cr\u00e9dit, les crypto-monnaies ainsi que des m\u00e9thodes de paiement locales populaires telles que iDEAL (Pays-Bas) et Bancontact (Belgique).<\/li>\n<li><strong>Livraison rapide depuis l'Europe<\/strong>Tous les commandes sont livr\u00e9es \u00e0 votre adresse dans un d\u00e9lai de 3 \u00e0 7 jours.<\/li>\n<\/ul>\n<h4>Achetez maintenant et vapotez avec style !<\/h4>\n<p>D\u00e9couvrez notre s\u00e9lection de <strong>Al Fakher<\/strong> Les cigarettes \u00e9lectroniques jetables et profitez de notre option de paiement rapide et s\u00e9curis\u00e9e par code QR SEPA. Que vous achetiez pour un usage personnel ou en d\u00e9tail chez <strong>Al Fakher 24h<\/strong> Trouvez les meilleures offres et une exp\u00e9rience de vape in\u00e9gal\u00e9e.<\/p>\n<p>Si vous avez des questions ou avez besoin d'aide, notre \u00e9quipe de service client est \u00e0 votre disposition par e-mail \u00e0 tout moment : <strong><a rel=\"noopener\">info@alfakher24h.de<\/a><\/strong>.<\/p>","protected":false},"excerpt":{"rendered":"<p>Al Fakher 24h vous offre non seulement des cigarettes \u00e9lectroniques jetables de haute qualit\u00e9 d'Al Fakher, mais \u00e9galement une exp\u00e9rience d'achat simple et s\u00e9curis\u00e9e. Notre objectif est de vous fournir les meilleurs produits d'Europe avec des m\u00e9thodes de paiement pratiques et modernes, afin que vous puissiez obtenir votre vapeur pr\u00e9f\u00e9r\u00e9e en quelques \u00e9tapes. Pourquoi choisir le code QR SEPA comme option de paiement ? Le code QR SEPA offre une simplicit\u00e9 [\u2026]","protected":false},"author":1,"featured_media":0,"parent":0,"menu_order":0,"comment_status":"closed","ping_status":"closed","template":"page-blank-title-center.php","meta":{"om_disable_all_campaigns":false,"footnotes":""},"class_list":["post-568","page","type-page","status-publish","hentry"],"_links":{"self":[{"href":"https:\/\/alfakher24h.de\/fr\/wp-json\/wp\/v2\/pages\/568","targetHints":{"allow":["GET"]}}],"collection":[{"href":"https:\/\/alfakher24h.de\/fr\/wp-json\/wp\/v2\/pages"}],"about":[{"href":"https:\/\/alfakher24h.de\/fr\/wp-json\/wp\/v2\/types\/page"}],"author":[{"embeddable":true,"href":"https:\/\/alfakher24h.de\/fr\/wp-json\/wp\/v2\/users\/1"}],"replies":[{"embeddable":true,"href":"https:\/\/alfakher24h.de\/fr\/wp-json\/wp\/v2\/comments?post=568"}],"version-history":[{"count":2,"href":"https:\/\/alfakher24h.de\/fr\/wp-json\/wp\/v2\/pages\/568\/revisions"}],"predecessor-version":[{"id":612,"href":"https:\/\/alfakher24h.de\/fr\/wp-json\/wp\/v2\/pages\/568\/revisions\/612"}],"wp:attachment":[{"href":"https:\/\/alfakher24h.de\/fr\/wp-json\/wp\/v2\/media?parent=568"}],"curies":[{"name":"wp","href":"https:\/\/api.w.org\/{rel}","templated":true}]}}